{"id":117542,"date":"2018-02-10T20:00:11","date_gmt":"2018-02-10T19:00:11","guid":{"rendered":"https:\/\/dutchhealthstore.com\/product\/cedar-white-essential-oil\/"},"modified":"2025-09-23T15:20:32","modified_gmt":"2025-09-23T13:20:32","slug":"cedar-white-essential-oil","status":"publish","type":"product","link":"https:\/\/dutchhealthstore.com\/de\/product\/cedar-white-essential-oil\/","title":{"rendered":"Cedar White Essential Oil"},"content":{"rendered":"<p><img decoding=\"async\" class=\"alignright size-full wp-image-37041\" src=\"https:\/\/dutchhealthstore.com\/wp-content\/uploads\/2018\/04\/Living_Libations-1.png\" alt=\"Organic &amp; Natural Beautyproducts - Living Libations\" width=\"175\" height=\"82\">Wild hergestellt und dampfdestilliert aus den Nadeln des kanadischen Wei\u00dfzederbaums. Dieses kl\u00e4rende \u00d6l mit seinem scharfen, s\u00fc\u00dfen, holzigen Duft f\u00f6rdert die Konzentration auf das Wesentliche und wird traditionell zur Reinigung und Desodorierung, zur Verbesserung der Meditation und zur F\u00f6rderung der Tiefenatmung verwendet.<\/p>\n<p>Wei\u00dfes Zedernholz ist eine wunderbare Erg\u00e4nzung f\u00fcr ein hei\u00dfes, dampfendes Bad und herrlich in Diffusoren.<\/p>\n<p><strong>Botanischer Name:<\/strong> Thuja occidentalis<br \/>\n<strong>Botanische Familie:<\/strong> Cupressaceae<br \/>\n<strong>Extraktionsverfahren:<\/strong> Dampfdestilliert<br \/>\n<strong>Teil der Pflanze Destilliert:<\/strong> Nadeln<br \/>\n<strong>Herkunftsland:<\/strong> Kanada<br \/>\n<strong>Anbaumethode:<\/strong> Wild geerntet<br \/>\n<strong>Zusammensetzung:<\/strong> 100% Thuja occidentalis<br \/>\n<strong>Konsistenz:<\/strong> D\u00fcnn<\/p>\n<h3>Beschreibung des Duftes<\/h3>\n<p>Scharf und holzig mit s\u00fc\u00dfen, waldig-blumigen Untert\u00f6nen, die an Zedern-Saunen erinnern.<\/p>\n<h3>In Living Libations<\/h3>\n<p>Sacred Sage Smudge<\/p>\n<h3>Gut mischbar mit<\/h3>\n<p>Blutorange, Nelke, Lavendel, Schwarzfichte, Wei\u00dftanne, Wei\u00dftanne, Douglasie und Bergamotte.<\/p>\n<h3>Verwendet<\/h3>\n<p>Deodorant f\u00fcr Haus und K\u00f6rper. Reinigungsseifen f\u00fcr den Haushalt. Diffundiert, um die Yoga- und Meditationspraxis zu verbessern. \u00c4u\u00dferliche Anwendung und haupts\u00e4chlich f\u00fcr die Luftpflege verwendet. Verwendung als Akzent mit anderen \u00e4therischen \u00d6len f\u00fcr K\u00f6lnischwasser und Mischungen.<\/p>\n<p><strong>Gr\u00f6\u00dfe: 5 ml und 15 ml<\/strong><\/p>\n<h3>Organic Ingredients<\/h3>\n<p>100% \u00e4therisches \u00d6l der wei\u00dfen Zeder (Thuja occidentalis).<\/p>\n<p style=\"text-align: center;\"><em>&#8222;Auf den schuppigen Bl\u00e4ttern und kleinen Zweigen befinden sich tr\u00e4nenf\u00f6rmige Dr\u00fcsen, die mit blo\u00dfem Auge zu erkennen sind.<br \/>\nDiese zeichnen die Ober- und Unterseite der Wedel wie winzige Fu\u00dfabdr\u00fccke nach.<br \/>\nMit Hilfe einer Handlinse lassen sich die Dr\u00fcsen deutlich erkennen.<br \/>\nSie scheinen ein kleines Tr\u00f6pfchen hellgelben \u00e4therischen \u00d6ls zu enthalten, das undurchsichtig aussieht.<br \/>\nDie Verletzung dieser Dr\u00fcse mit dem Daumennagel setzt einen starken und angenehmen Geruch von Salbei mit Kampfer und einem Hauch von Lavendel frei.<br \/>\nDies ist das \u00e4therische \u00d6l der wei\u00dfen Zeder. Es ist ein Teil des lebenden Arzneibuches des Baumes, aber nicht alles.&#8220; <\/em><\/p>\n<p style=\"text-align: center;\">\u223c Diana Beresford-Kroeger, <strong>Arboretum America: A Philosophy of the Forest<\/strong><\/p>\n<p><img fetchpriority=\"high\" decoding=\"async\" class=\"aligncenter size-full wp-image-31577\" src=\"https:\/\/dutchhealthstore.com\/wp-content\/uploads\/2018\/03\/organic_big.png\" alt=\"Organic and Natural - Living Libations\" width=\"623\" height=\"103\" srcset=\"https:\/\/dutchhealthstore.com\/wp-content\/uploads\/2018\/03\/organic_big.png 623w, https:\/\/dutchhealthstore.com\/wp-content\/uploads\/2018\/03\/organic_big-510x84.png 510w, https:\/\/dutchhealthstore.com\/wp-content\/uploads\/2018\/03\/organic_big-600x99.png 600w, https:\/\/dutchhealthstore.com\/wp-content\/uploads\/2018\/03\/organic_big-350x58.png 350w\" sizes=\"(max-width: 623px) 100vw, 623px\" \/><\/p>\n","protected":false},"excerpt":{"rendered":"<p>Das <strong>White Cedar Essential Oil<\/strong> \u00f6ffnet das Herz wie ein stiller Spaziergang durch den Wald. White Cedar hilft, gest\u00e4rktes, konzentriertes Denken zu f\u00f6rdern. Sie wurde traditionell von den amerikanischen Ureinwohnern bei heiligen Zeremonien und zur Selbstpflege verwendet, weshalb sie auch als <em>&#8222;Gro\u00dfmutterzeder<\/em>&#8220; bekannt ist.<\/p>\n","protected":false},"featured_media":58758,"comment_status":"open","ping_status":"closed","template":"","meta":[],"product_brand":[],"product_cat":[1546,6737,1508,1493,1210,511,6736],"product_tag":[1547],"class_list":{"0":"post-117542","1":"product","2":"type-product","3":"status-publish","4":"has-post-thumbnail","6":"product_cat-essential-oils-living-libations-de","7":"product_cat-essential-oils-de-2","8":"product_cat-aetherische-oele-living-libations","9":"product_cat-living-libations-deutschland","10":"product_cat-marken","11":"product_cat-produkte","12":"product_cat-wellness-de","13":"product_tag-essential-oil-de","14":"pa_brand-livinglibations-de","15":"pa_essential-oils-product-type-essential-oils-de","16":"pa_size-15-ml-de-2","17":"pa_size-5-ml-de","19":"first","20":"instock","21":"taxable","22":"shipping-taxable","23":"purchasable","24":"product-type-variable"},"bundled_by":[],"bundle_stock_status":"instock","bundle_stock_quantity":null,"bundle_virtual":false,"bundle_layout":"","bundle_add_to_cart_form_location":"","bundle_editable_in_cart":false,"bundle_sold_individually_context":"","bundle_item_grouping":"","bundle_min_size":"","bundle_max_size":"","bundle_price":[],"bundled_items":[],"bundle_sell_ids":[],"atum_controlled":true,"out_stock_date":null,"out_stock_threshold":null,"inheritable":true,"stock_on_hold":1,"sold_today":0,"sales_last_days":0,"out_stock_days":0,"lost_sales":0,"update_date":"2026-04-24T00:11:58","atum_locations":[],"atum_stock_status":"instock","restock_status":false,"low_stock_amount":"","sales_update_date":"2026-04-24T00:11:58","calc_backorders":null,"group_of_quantity":0,"min_quantity":0,"max_quantity":"","exclude_order_quantity_value_rules":"no","exclude_category_quantity_rules":"no","combine_variations":"no","yoast_head":"<!-- This site is optimized with the Yoast SEO Premium plugin v26.5 (Yoast SEO v26.5) - https:\/\/yoast.com\/wordpress\/plugins\/seo\/ -->\n<title>Cedar White Essential Oil | Organic &amp; Natural | Living Libations<\/title>\n<meta name=\"description\" content=\"Living Libations White Cedar Essential Oil \u00f6ffnet das Herz wie ein stiller Spaziergang durch den Wald.\" \/>\n<meta name=\"robots\" content=\"index, follow, max-snippet:-1, max-image-preview:large, max-video-preview:-1\" \/>\n<link rel=\"canonical\" href=\"https:\/\/dutchhealthstore.com\/de\/product\/cedar-white-essential-oil\/\" \/>\n<meta property=\"og:locale\" content=\"de_DE\" \/>\n<meta property=\"og:type\" content=\"article\" \/>\n<meta property=\"og:title\" content=\"Cedar White Essential Oil - Dutch Health Store\" \/>\n<meta property=\"og:description\" content=\"Living Libations White Cedar Essential Oil \u00f6ffnet das Herz wie ein stiller Spaziergang durch den Wald.\" \/>\n<meta property=\"og:url\" content=\"https:\/\/dutchhealthstore.com\/de\/product\/cedar-white-essential-oil\/\" \/>\n<meta property=\"og:site_name\" content=\"Dutch Health Store\" \/>\n<meta property=\"article:publisher\" content=\"https:\/\/www.instagram.com\/dutchhealthstore\/\" \/>\n<meta property=\"article:modified_time\" content=\"2025-09-23T13:20:32+00:00\" \/>\n<meta property=\"og:image\" content=\"https:\/\/dutchhealthstore.com\/wp-content\/uploads\/2018\/02\/Living-Libations-Cedar-White-Essential-Oil.jpg\" \/>\n\t<meta property=\"og:image:width\" content=\"1200\" \/>\n\t<meta property=\"og:image:height\" content=\"1200\" \/>\n\t<meta property=\"og:image:type\" content=\"image\/jpeg\" \/>\n<meta name=\"twitter:card\" content=\"summary_large_image\" \/>\n<meta name=\"twitter:label1\" content=\"Verf\u00fcgbarkeit\" \/>\n\t<meta name=\"twitter:data1\" content=\"Auf Lager\" \/>\n<script type=\"application\/ld+json\" class=\"yoast-schema-graph\">{\"@context\":\"https:\/\/schema.org\",\"@graph\":[{\"@type\":\"WebPage\",\"@id\":\"https:\/\/dutchhealthstore.com\/de\/product\/cedar-white-essential-oil\/\",\"url\":\"https:\/\/dutchhealthstore.com\/de\/product\/cedar-white-essential-oil\/\",\"name\":\"Cedar White Essential Oil | Organic & Natural | Living Libations\",\"isPartOf\":{\"@id\":\"https:\/\/dutchhealthstore.com\/de\/#website\"},\"primaryImageOfPage\":{\"@id\":\"https:\/\/dutchhealthstore.com\/de\/product\/cedar-white-essential-oil\/#primaryimage\"},\"image\":{\"@id\":\"https:\/\/dutchhealthstore.com\/de\/product\/cedar-white-essential-oil\/#primaryimage\"},\"thumbnailUrl\":\"https:\/\/dutchhealthstore.com\/wp-content\/uploads\/2018\/02\/Living-Libations-Cedar-White-Essential-Oil.jpg\",\"datePublished\":\"2018-02-10T19:00:11+00:00\",\"dateModified\":\"2025-09-23T13:20:32+00:00\",\"description\":\"Living Libations White Cedar Essential Oil \u00f6ffnet das Herz wie ein stiller Spaziergang durch den Wald.\",\"breadcrumb\":{\"@id\":\"https:\/\/dutchhealthstore.com\/de\/product\/cedar-white-essential-oil\/#breadcrumb\"},\"inLanguage\":\"de\",\"potentialAction\":[{\"@type\":\"ReadAction\",\"target\":[\"https:\/\/dutchhealthstore.com\/de\/product\/cedar-white-essential-oil\/\"]}]},{\"@type\":\"ImageObject\",\"inLanguage\":\"de\",\"@id\":\"https:\/\/dutchhealthstore.com\/de\/product\/cedar-white-essential-oil\/#primaryimage\",\"url\":\"https:\/\/dutchhealthstore.com\/wp-content\/uploads\/2018\/02\/Living-Libations-Cedar-White-Essential-Oil.jpg\",\"contentUrl\":\"https:\/\/dutchhealthstore.com\/wp-content\/uploads\/2018\/02\/Living-Libations-Cedar-White-Essential-Oil.jpg\",\"width\":1200,\"height\":1200,\"caption\":\"Living Libations - Cedar White Essential Oil\"},{\"@type\":\"BreadcrumbList\",\"@id\":\"https:\/\/dutchhealthstore.com\/de\/product\/cedar-white-essential-oil\/#breadcrumb\",\"itemListElement\":[{\"@type\":\"ListItem\",\"position\":1,\"name\":\"Home\",\"item\":\"https:\/\/dutchhealthstore.com\/de\/\"},{\"@type\":\"ListItem\",\"position\":2,\"name\":\"Shop\",\"item\":\"https:\/\/dutchhealthstore.com\/de\/shop-2\/\"},{\"@type\":\"ListItem\",\"position\":3,\"name\":\"Cedar White Essential Oil\"}]},{\"@type\":\"WebSite\",\"@id\":\"https:\/\/dutchhealthstore.com\/de\/#website\",\"url\":\"https:\/\/dutchhealthstore.com\/de\/\",\"name\":\"Dutch Health Store\",\"description\":\"Enhance Your Beauty with Organic &amp; Natural Skincare\",\"publisher\":{\"@id\":\"https:\/\/dutchhealthstore.com\/de\/#organization\"},\"potentialAction\":[{\"@type\":\"SearchAction\",\"target\":{\"@type\":\"EntryPoint\",\"urlTemplate\":\"https:\/\/dutchhealthstore.com\/de\/?s={search_term_string}\"},\"query-input\":{\"@type\":\"PropertyValueSpecification\",\"valueRequired\":true,\"valueName\":\"search_term_string\"}}],\"inLanguage\":\"de\"},{\"@type\":\"Organization\",\"@id\":\"https:\/\/dutchhealthstore.com\/de\/#organization\",\"name\":\"Dutch Health Store\",\"url\":\"https:\/\/dutchhealthstore.com\/de\/\",\"logo\":{\"@type\":\"ImageObject\",\"inLanguage\":\"de\",\"@id\":\"https:\/\/dutchhealthstore.com\/de\/#\/schema\/logo\/image\/\",\"url\":\"https:\/\/dutchhealthstore.com\/wp-content\/uploads\/2020\/08\/logo-dutchhealthstore-jpg-e1599484957574.jpg\",\"contentUrl\":\"https:\/\/dutchhealthstore.com\/wp-content\/uploads\/2020\/08\/logo-dutchhealthstore-jpg-e1599484957574.jpg\",\"width\":400,\"height\":62,\"caption\":\"Dutch Health Store\"},\"image\":{\"@id\":\"https:\/\/dutchhealthstore.com\/de\/#\/schema\/logo\/image\/\"},\"sameAs\":[\"https:\/\/www.instagram.com\/dutchhealthstore\/\",\"https:\/\/www.facebook.com\/dutchhealthstore\"]}]}<\/script>\n<meta property=\"product:brand\" content=\"Living Libations\" \/>\n<meta property=\"og:availability\" content=\"instock\" \/>\n<meta property=\"product:availability\" content=\"instock\" \/>\n<meta property=\"product:condition\" content=\"new\" \/>\n<!-- \/ Yoast SEO Premium plugin. -->","yoast_head_json":{"title":"Cedar White Essential Oil | Organic & Natural | Living Libations","description":"Living Libations White Cedar Essential Oil \u00f6ffnet das Herz wie ein stiller Spaziergang durch den Wald.","robots":{"index":"index","follow":"follow","max-snippet":"max-snippet:-1","max-image-preview":"max-image-preview:large","max-video-preview":"max-video-preview:-1"},"canonical":"https:\/\/dutchhealthstore.com\/de\/product\/cedar-white-essential-oil\/","og_locale":"de_DE","og_type":"article","og_title":"Cedar White Essential Oil - Dutch Health Store","og_description":"Living Libations White Cedar Essential Oil \u00f6ffnet das Herz wie ein stiller Spaziergang durch den Wald.","og_url":"https:\/\/dutchhealthstore.com\/de\/product\/cedar-white-essential-oil\/","og_site_name":"Dutch Health Store","article_publisher":"https:\/\/www.instagram.com\/dutchhealthstore\/","article_modified_time":"2025-09-23T13:20:32+00:00","og_image":[{"width":1200,"height":1200,"url":"https:\/\/dutchhealthstore.com\/wp-content\/uploads\/2018\/02\/Living-Libations-Cedar-White-Essential-Oil.jpg","type":"image\/jpeg"}],"twitter_card":"summary_large_image","twitter_misc":{"Verf\u00fcgbarkeit":"Auf Lager"},"schema":{"@context":"https:\/\/schema.org","@graph":[{"@type":"WebPage","@id":"https:\/\/dutchhealthstore.com\/de\/product\/cedar-white-essential-oil\/","url":"https:\/\/dutchhealthstore.com\/de\/product\/cedar-white-essential-oil\/","name":"Cedar White Essential Oil | Organic & Natural | Living Libations","isPartOf":{"@id":"https:\/\/dutchhealthstore.com\/de\/#website"},"primaryImageOfPage":{"@id":"https:\/\/dutchhealthstore.com\/de\/product\/cedar-white-essential-oil\/#primaryimage"},"image":{"@id":"https:\/\/dutchhealthstore.com\/de\/product\/cedar-white-essential-oil\/#primaryimage"},"thumbnailUrl":"https:\/\/dutchhealthstore.com\/wp-content\/uploads\/2018\/02\/Living-Libations-Cedar-White-Essential-Oil.jpg","datePublished":"2018-02-10T19:00:11+00:00","dateModified":"2025-09-23T13:20:32+00:00","description":"Living Libations White Cedar Essential Oil \u00f6ffnet das Herz wie ein stiller Spaziergang durch den Wald.","breadcrumb":{"@id":"https:\/\/dutchhealthstore.com\/de\/product\/cedar-white-essential-oil\/#breadcrumb"},"inLanguage":"de","potentialAction":[{"@type":"ReadAction","target":["https:\/\/dutchhealthstore.com\/de\/product\/cedar-white-essential-oil\/"]}]},{"@type":"ImageObject","inLanguage":"de","@id":"https:\/\/dutchhealthstore.com\/de\/product\/cedar-white-essential-oil\/#primaryimage","url":"https:\/\/dutchhealthstore.com\/wp-content\/uploads\/2018\/02\/Living-Libations-Cedar-White-Essential-Oil.jpg","contentUrl":"https:\/\/dutchhealthstore.com\/wp-content\/uploads\/2018\/02\/Living-Libations-Cedar-White-Essential-Oil.jpg","width":1200,"height":1200,"caption":"Living Libations - Cedar White Essential Oil"},{"@type":"BreadcrumbList","@id":"https:\/\/dutchhealthstore.com\/de\/product\/cedar-white-essential-oil\/#breadcrumb","itemListElement":[{"@type":"ListItem","position":1,"name":"Home","item":"https:\/\/dutchhealthstore.com\/de\/"},{"@type":"ListItem","position":2,"name":"Shop","item":"https:\/\/dutchhealthstore.com\/de\/shop-2\/"},{"@type":"ListItem","position":3,"name":"Cedar White Essential Oil"}]},{"@type":"WebSite","@id":"https:\/\/dutchhealthstore.com\/de\/#website","url":"https:\/\/dutchhealthstore.com\/de\/","name":"Dutch Health Store","description":"Enhance Your Beauty with Organic &amp; Natural Skincare","publisher":{"@id":"https:\/\/dutchhealthstore.com\/de\/#organization"},"potentialAction":[{"@type":"SearchAction","target":{"@type":"EntryPoint","urlTemplate":"https:\/\/dutchhealthstore.com\/de\/?s={search_term_string}"},"query-input":{"@type":"PropertyValueSpecification","valueRequired":true,"valueName":"search_term_string"}}],"inLanguage":"de"},{"@type":"Organization","@id":"https:\/\/dutchhealthstore.com\/de\/#organization","name":"Dutch Health Store","url":"https:\/\/dutchhealthstore.com\/de\/","logo":{"@type":"ImageObject","inLanguage":"de","@id":"https:\/\/dutchhealthstore.com\/de\/#\/schema\/logo\/image\/","url":"https:\/\/dutchhealthstore.com\/wp-content\/uploads\/2020\/08\/logo-dutchhealthstore-jpg-e1599484957574.jpg","contentUrl":"https:\/\/dutchhealthstore.com\/wp-content\/uploads\/2020\/08\/logo-dutchhealthstore-jpg-e1599484957574.jpg","width":400,"height":62,"caption":"Dutch Health Store"},"image":{"@id":"https:\/\/dutchhealthstore.com\/de\/#\/schema\/logo\/image\/"},"sameAs":["https:\/\/www.instagram.com\/dutchhealthstore\/","https:\/\/www.facebook.com\/dutchhealthstore"]}]},"product_brand":"Living Libations","og_availability":"instock","product_availability":"instock","product_condition":"new"},"_links":{"self":[{"href":"https:\/\/dutchhealthstore.com\/de\/wp-json\/wp\/v2\/product\/117542","targetHints":{"allow":["GET"]}}],"collection":[{"href":"https:\/\/dutchhealthstore.com\/de\/wp-json\/wp\/v2\/product"}],"about":[{"href":"https:\/\/dutchhealthstore.com\/de\/wp-json\/wp\/v2\/types\/product"}],"replies":[{"embeddable":true,"href":"https:\/\/dutchhealthstore.com\/de\/wp-json\/wp\/v2\/comments?post=117542"}],"wp:featuredmedia":[{"embeddable":true,"href":"https:\/\/dutchhealthstore.com\/de\/wp-json\/wp\/v2\/media\/58758"}],"wp:attachment":[{"href":"https:\/\/dutchhealthstore.com\/de\/wp-json\/wp\/v2\/media?parent=117542"}],"wp:term":[{"taxonomy":"product_brand","embeddable":true,"href":"https:\/\/dutchhealthstore.com\/de\/wp-json\/wp\/v2\/product_brand?post=117542"},{"taxonomy":"product_cat","embeddable":true,"href":"https:\/\/dutchhealthstore.com\/de\/wp-json\/wp\/v2\/product_cat?post=117542"},{"taxonomy":"product_tag","embeddable":true,"href":"https:\/\/dutchhealthstore.com\/de\/wp-json\/wp\/v2\/product_tag?post=117542"}],"curies":[{"name":"wp","href":"https:\/\/api.w.org\/{rel}","templated":true}]}}