{"id":116760,"date":"2018-02-10T19:30:22","date_gmt":"2018-02-10T18:30:22","guid":{"rendered":"https:\/\/dutchhealthstore.com\/product\/digest-the-best\/"},"modified":"2025-12-11T09:43:28","modified_gmt":"2025-12-11T08:43:28","slug":"digest-the-best","status":"publish","type":"product","link":"https:\/\/dutchhealthstore.com\/de\/product\/digest-the-best\/","title":{"rendered":"Zest the Best"},"content":{"rendered":"<p><strong><img decoding=\"async\" class=\"size-full wp-image-37041 alignright\" src=\"https:\/\/dutchhealthstore.com\/wp-content\/uploads\/2018\/04\/Living_Libations-1.png\" alt=\"Organic &amp; Natural Beautyproducts - Living Libations\" width=\"175\" height=\"82\">Zest<\/strong><strong>the<\/strong> <strong>Best<\/strong> ist eine kaleidoskopisch-kulinarische Formel, die als Aperitif f\u00fcr den besten Atem aller Zeiten kreiert wurde.<br \/>\nEine wohlschmeckende Synergie von Kr\u00e4uteressenzen, die traditionell zur sanften Stimulierung verwendet werden, damit Sie das, was auf Ihrem Teller liegt, auch genie\u00dfen k\u00f6nnen.<br \/>\nDiverse Aperitif-Essenzen verleihen Ihren Lieblingsgerichten einen Hauch von fl\u00fcssigem Pflanzengl\u00fcck.<br \/>\nErleben Sie einen ganzen Garten in jedem Tropfen, denn Zest the Best kann den Atem vor oder nach den Mahlzeiten erfrischen, zu schmackhaften Suppen und Salatdressings hinzugef\u00fcgt werden, inhaliert werden, um die S\u00e4fte zum Flie\u00dfen zu bringen, und auf den Solarplexus massiert werden.<\/p>\n<p>Bringen Sie Ihre S\u00e4fte zum Flie\u00dfen, Ihre Geschmacksknospen zum Kribbeln und weihen Sie Ihre Mahlzeiten mit k\u00f6stlichen Tropfen dieses Kr\u00e4utergartens in einer Flasche.<br \/>\n<em>Fr\u00fcher <strong>Digest the Best<\/strong> &#8211; neuer Name, aber die Formel bleibt dieselbe.<\/em><\/p>\n<h3>Use<\/h3>\n<p>Verwenden Sie 1-2 Tropfen anstelle von frischen oder getrockneten Kr\u00e4utern und Gew\u00fcrzen in Ihren Lieblingssuppen, -eint\u00f6pfen und -br\u00fchen, um Ihren Atem zu erfrischen und Ihren Gaumen zu erfreuen. K\u00f6stlich als Zusatz zum Salatdressing. Ein Tropfen in Tee oder Oliven\u00f6l vor oder nach den Mahlzeiten. Oder \u00f6ffnen Sie einfach die Flasche und inhalieren Sie. Alle \u00d6le in Zest the Best sind von der FDA als GRAS gelistet. *<\/p>\n<h3>*Gras<\/h3>\n<p>\u00c4therische \u00d6le fallen als Lebensmittel in den Zust\u00e4ndigkeitsbereich der FDA, die eine F\u00fclle von Vorschriften f\u00fcr die Verwendung von \u00d6len zur Mundpflege erlassen hat. Im Rahmen dieser Vorschriften f\u00fchrt die FDA eine Liste der \u00e4therischen \u00d6le, die als allgemein anerkannt und sicher (GRAS) gelten. Das GRAS-Siegel wird einem \u00e4therischen \u00d6l von der FDA verliehen, wenn es &#8222;unter qualifizierten Fachleuten allgemein anerkannt ist und seine Sicherheit unter den Bedingungen seines Verwendungszwecks hinreichend nachgewiesen wurde&#8230;&#8220;. Die Lebensmittel- und Aromenindustrie setzt \u00e4therische \u00d6le wie Bergamotte, Pfefferminze und Vanille ein, um den Geschmack und das Aroma vieler Produkte wie S\u00e4fte, Lik\u00f6re und Tees zu verbessern.<\/p>\n<h3 class=\"yikes-custom-woo-tab-title yikes-custom-woo-tab-title-natural-organic-ingredients\">Nat\u00fcrliche\/Organische Inhaltsstoffe<\/h3>\n<p><strong>\u00c4therisches Kardamom\u00f6l<\/strong><em> (Elettaria cardamomum) &#8211; <\/em>Das charismatische, s\u00fc\u00dfe und w\u00fcrzige Aroma von Kardamom befl\u00fcgelt die Sinne. Es wird in der indischen K\u00fcche und in der ayurvedischen Pflege ausgiebig verwendet.<\/p>\n<p><strong>\u00c4therisches Estragon\u00f6l <\/strong><em>(Artemisia dracunculus<\/em>) &#8211; Duftender Estragon wird aus den Bl\u00e4ttern und Bl\u00fcten der Pflanze Artemisia dracunculus destilliert, die wegen ihrer drachen\u00e4hnlichen Wurzeln auch Herbe au dragon genannt wird. Als beliebtes K\u00fcchenkraut ist Estragon ein wunderbarer Aperitif, der den Appetit anregen und die Gem\u00fcter beruhigen kann. Das Aroma, ein Favorit der K\u00f6che, ist s\u00fc\u00df und w\u00fcrzig, mit spannenden Noten von holzigem Anis.<\/p>\n<p><strong>\u00c4therisches \u00d6l aus Zimtrinde <\/strong>(Cinnamomum zeylanicum) &#8211; Dieses uralte Gew\u00fcrz ist so s\u00fc\u00df und angenehm und besitzt gleichzeitig starke botanisch-biotische Vorteile.<\/p>\n<p><strong>Oregano<\/strong> (Essential <em>(Origanum vulgare)<\/em> &#8211; Opulenter Oregano ist ein klassisches botanisch-biotisches Mittel, das die k\u00f6rpereigene Kraft st\u00e4rkt.<\/p>\n<p><strong>\u00c4therisches Mastix\u00f6l<\/strong> <em>(Pistacia lentiscus)<\/em> &#8211; Dieses uralte, aromatische Harz \u00e4hnelt dem Weihrauch und wird aus dem inneren Saft des Mastixbaums gewonnen. Dieses Gew\u00fcrz wird h\u00e4ufig in der griechischen K\u00fcche verwendet; es duftet nach gr\u00fcner Kiefer mit einem Hauch von Myrrhe.<\/p>\n<p><strong>Lemon Essential <\/strong><em>(Citrus limonum)<\/em> &#8211; Die lebendige Zitrone ist eine klassische Schale, die die Geschmacksknospen kribbeln l\u00e4sst und eine Quelle sonniger Zitrusfreude ist.<\/p>\n<p><strong>\u00c4therisches Bohnenkraut\u00f6l<\/strong> <em>(Satureja montana)<\/em> &#8211; Unser herrliches Bergbohnenkraut st\u00e4rkt den K\u00f6rper und verleiht ihm eine strahlende Aura, die in der winterlichen Bergsonne gl\u00e4nzt. Es ist ein energetisierendes Elixier, das Menschen mit Motivationsmangel hilft.<\/p>\n<p><strong>\u00c4therisches \u00d6l aus Karottensamen<\/strong> <em>(Daucus carota)<\/em>&#8211; Die beruhigende Essenz aus Karottensamen ist ein mildes, s\u00fc\u00dfes, anregendes, holziges Aroma, das aus den Samen franz\u00f6sischer Biopflanzen destilliert wird. Traditionell werden Karottensamen als Digestif der Extraklasse verwendet.<\/p>\n<p><strong>\u00c4therisches \u00d6l aus der Ingwerwurzel<\/strong> <em>(Zingiber officinale)<\/em> &#8211; Scharf und belebend, unsere herrliche Ingwerwurzel-Essenz hat eine krautige Wirkung! Ein superkritischer Extrakt aus Bio-Ingwer, der in Madagaskar angebaut wird, verleiht unserem saftigen Ingwer eine w\u00e4rmende Note! Als eines der beliebtesten Gew\u00fcrze der Welt wurden die wohltuenden Eigenschaften des Ingwers in den alten indischen und chinesischen Kulturen ausgiebig genutzt.<\/p>\n<p><strong>\u00c4therisches Kurkuma-\u00d6l<\/strong> <em>(Curcuma longa)<\/em> &#8211; Unser hochwirksamer, verlockender Kurkuma-Extrakt ist ein pflanzlicher Held der goldenen K\u00f6stlichkeit.<\/p>\n<p><strong>\u00c4therisches Koriander\u00f6l<\/strong> <em>(Coriander sativum)<\/em> &#8211; Kulinarischer Koriander ist eine k\u00f6stliche Essenz, die sich als pflanzlicher Aperitif bew\u00e4hrt hat. Koriander, einer der gr\u00f6\u00dften Kr\u00e4uterstars des Alten Testaments, wurde zum Pessachfest gegessen und als Geschenk Gottes gefeiert. Die alten R\u00f6mer tranken Korianderwein, und die \u00c4gypter begruben ihre Toten mit den aromatischen Samen. Wenn Koriandersamen zersto\u00dfen werden, geben sie dieses wunderbare, duftende Aroma ab, das gemeinhin als Koriander bezeichnet wird.<\/p>\n<p><strong>\u00c4therisches \u00d6l der Schizandra-Beere<\/strong> <em>(Schizandra spenanthera)<\/em> &#8211; Unsere Schizandra-Beere wird aus den Beeren des indonesischen Schizandra-Strauches destilliert. Diese Beeren sind ein Grundnahrungsmittel in der traditionellen chinesischen Kultur und werden seit Tausenden von Jahren verwendet, um das Chi des K\u00f6rpers zu st\u00e4rken. Im Chinesischen als &#8222;wu wei zi&#8220; bekannt, enth\u00e4lt diese &#8222;F\u00fcnf-Aromen-Frucht&#8220; eine komplexe Palette von Aromen, die bitter, salzig, w\u00fcrzig, s\u00fc\u00df und sauer sind. Unser Schizandra-\u00d6l ist eine superkritische Extraktion und enth\u00e4lt alle lipophilen Komponenten f\u00fcr noch mehr aromatische Vorteile als es Geschmacksstoffe hat!<\/p>\n<p><strong>\u00c4therisches Rosmarin-Eisenkraut\u00f6l <\/strong><em>(Rosemarinus verbenone)<\/em> &#8211; Diese besondere Rosmarinsorte ist eine hervorragend kl\u00e4rende Essenz f\u00fcr Geist und K\u00f6rper. Die wahre Kraft der &#8222;Rose des Meeres&#8220; liegt in ihrer geheimnisvollen F\u00e4higkeit, den Geist und die Seele zu beleben.<\/p>\n<p><img fetchpriority=\"high\" decoding=\"async\" class=\"aligncenter size-full wp-image-31577\" src=\"https:\/\/dutchhealthstore.com\/wp-content\/uploads\/2018\/03\/organic_big.png\" alt=\"Organic and Natural - Living Libations\" width=\"623\" height=\"103\" srcset=\"https:\/\/dutchhealthstore.com\/wp-content\/uploads\/2018\/03\/organic_big.png 623w, https:\/\/dutchhealthstore.com\/wp-content\/uploads\/2018\/03\/organic_big-510x84.png 510w, https:\/\/dutchhealthstore.com\/wp-content\/uploads\/2018\/03\/organic_big-600x99.png 600w, https:\/\/dutchhealthstore.com\/wp-content\/uploads\/2018\/03\/organic_big-350x58.png 350w\" sizes=\"(max-width: 623px) 100vw, 623px\" \/><\/p>\n","protected":false},"excerpt":{"rendered":"<p><strong>Zest <\/strong><strong>the<\/strong> <strong>Best<\/strong> ist eine kaleidoskopisch-kulinarische Formel, die als Aperitif f\u00fcr den besten Atem aller Zeiten kreiert wurde.<br \/>\nEine wohlschmeckende Synergie von Kr\u00e4uteressenzen, die traditionell zur sanften Stimulierung verwendet werden, damit Sie das, was auf Ihrem Teller liegt, auch genie\u00dfen k\u00f6nnen.<br \/>\nDiverse Aperitif-Essenzen verleihen Ihren Lieblingsgerichten einen Hauch von fl\u00fcssigem Pflanzengl\u00fcck.<br \/>\nErleben Sie einen ganzen Garten in jedem Tropfen, denn Zest the Best kann den Atem vor oder nach den Mahlzeiten erfrischen, zu schmackhaften Suppen und Salatdressings hinzugef\u00fcgt werden, inhaliert werden, um die S\u00e4fte zum Flie\u00dfen zu bringen, und auf den Solarplexus massiert werden.<\/p>\n<p>Bringen Sie Ihre S\u00e4fte zum Flie\u00dfen, Ihre Geschmacksknospen zum Kribbeln und weihen Sie Ihre Mahlzeiten mit k\u00f6stlichen Tropfen dieses Kr\u00e4utergartens in einer Flasche.<\/p>\n<div><em>Fr\u00fcher <strong>Digest the Best<\/strong> &#8211; neuer Name, aber die Formel bleibt dieselbe.<\/em><\/div>\n","protected":false},"featured_media":87953,"comment_status":"open","ping_status":"closed","template":"","meta":[],"product_brand":[],"product_cat":[1962,6737,6749,1493,1210,511,6736],"product_tag":[6218,4623],"class_list":{"0":"post-116760","1":"product","2":"type-product","3":"status-publish","4":"has-post-thumbnail","6":"product_cat-elixir-blends","7":"product_cat-essential-oils-de-2","8":"product_cat-essential-oil-blends-de-2","9":"product_cat-living-libations-deutschland","10":"product_cat-marken","11":"product_cat-produkte","12":"product_cat-wellness-de","13":"product_tag-blend-de","14":"product_tag-elixir-de","15":"pa_brand-livinglibations-de","16":"pa_essential-oils-product-type-essential-oil-blends-de","17":"pa_size-15-ml-de-2","18":"pa_size-5-ml-de","20":"first","21":"instock","22":"taxable","23":"shipping-taxable","24":"purchasable","25":"product-type-variable"},"bundled_by":[],"bundle_stock_status":"instock","bundle_stock_quantity":null,"bundle_virtual":false,"bundle_layout":"","bundle_add_to_cart_form_location":"","bundle_editable_in_cart":false,"bundle_sold_individually_context":"","bundle_item_grouping":"","bundle_min_size":"","bundle_max_size":"","bundle_price":[],"bundled_items":[],"bundle_sell_ids":[232309],"atum_controlled":true,"out_stock_date":null,"out_stock_threshold":null,"inheritable":true,"stock_on_hold":1,"sold_today":0,"sales_last_days":0,"out_stock_days":0,"lost_sales":0,"update_date":"2026-04-09T08:00:49","atum_locations":[],"atum_stock_status":"instock","restock_status":false,"low_stock_amount":"","sales_update_date":"2026-04-09T08:00:49","calc_backorders":null,"group_of_quantity":0,"min_quantity":0,"max_quantity":"","exclude_order_quantity_value_rules":"no","exclude_category_quantity_rules":"no","combine_variations":"no","yoast_head":"<!-- This site is optimized with the Yoast SEO Premium plugin v26.5 (Yoast SEO v26.5) - https:\/\/yoast.com\/wordpress\/plugins\/seo\/ -->\n<title>Zest the Best | Organic &amp; Natural | Living libations<\/title>\n<meta name=\"description\" content=\"Zest the Best ist eine kaleidoskopisch-kulinarische Formel, die als Aperitif f\u00fcr den besten Atem aller Zeiten kreiert wurde.\" \/>\n<meta name=\"robots\" content=\"index, follow, max-snippet:-1, max-image-preview:large, max-video-preview:-1\" \/>\n<link rel=\"canonical\" href=\"https:\/\/dutchhealthstore.com\/de\/product\/digest-the-best\/\" \/>\n<meta property=\"og:locale\" content=\"de_DE\" \/>\n<meta property=\"og:type\" content=\"article\" \/>\n<meta property=\"og:title\" content=\"Zest the Best - Dutch Health Store\" \/>\n<meta property=\"og:description\" content=\"Zest the Best ist eine kaleidoskopisch-kulinarische Formel, die als Aperitif f\u00fcr den besten Atem aller Zeiten kreiert wurde.\" \/>\n<meta property=\"og:url\" content=\"https:\/\/dutchhealthstore.com\/de\/product\/digest-the-best\/\" \/>\n<meta property=\"og:site_name\" content=\"Dutch Health Store\" \/>\n<meta property=\"article:publisher\" content=\"https:\/\/www.instagram.com\/dutchhealthstore\/\" \/>\n<meta property=\"article:modified_time\" content=\"2025-12-11T08:43:28+00:00\" \/>\n<meta property=\"og:image\" content=\"https:\/\/dutchhealthstore.com\/wp-content\/uploads\/2018\/02\/Zest-The-Best-Living-Libations-e1598263866873.jpg\" \/>\n\t<meta property=\"og:image:width\" content=\"500\" \/>\n\t<meta property=\"og:image:height\" content=\"500\" \/>\n\t<meta property=\"og:image:type\" content=\"image\/jpeg\" \/>\n<meta name=\"twitter:card\" content=\"summary_large_image\" \/>\n<meta name=\"twitter:label1\" content=\"Verf\u00fcgbarkeit\" \/>\n\t<meta name=\"twitter:data1\" content=\"Auf Lager\" \/>\n<script type=\"application\/ld+json\" class=\"yoast-schema-graph\">{\"@context\":\"https:\/\/schema.org\",\"@graph\":[{\"@type\":\"WebPage\",\"@id\":\"https:\/\/dutchhealthstore.com\/de\/product\/digest-the-best\/\",\"url\":\"https:\/\/dutchhealthstore.com\/de\/product\/digest-the-best\/\",\"name\":\"Zest the Best | Organic & Natural | Living libations\",\"isPartOf\":{\"@id\":\"https:\/\/dutchhealthstore.com\/de\/#website\"},\"primaryImageOfPage\":{\"@id\":\"https:\/\/dutchhealthstore.com\/de\/product\/digest-the-best\/#primaryimage\"},\"image\":{\"@id\":\"https:\/\/dutchhealthstore.com\/de\/product\/digest-the-best\/#primaryimage\"},\"thumbnailUrl\":\"https:\/\/dutchhealthstore.com\/wp-content\/uploads\/2018\/02\/Zest-The-Best-Living-Libations-e1598263866873.jpg\",\"datePublished\":\"2018-02-10T18:30:22+00:00\",\"dateModified\":\"2025-12-11T08:43:28+00:00\",\"description\":\"Zest the Best ist eine kaleidoskopisch-kulinarische Formel, die als Aperitif f\u00fcr den besten Atem aller Zeiten kreiert wurde.\",\"breadcrumb\":{\"@id\":\"https:\/\/dutchhealthstore.com\/de\/product\/digest-the-best\/#breadcrumb\"},\"inLanguage\":\"de\",\"potentialAction\":[{\"@type\":\"ReadAction\",\"target\":[\"https:\/\/dutchhealthstore.com\/de\/product\/digest-the-best\/\"]}]},{\"@type\":\"ImageObject\",\"inLanguage\":\"de\",\"@id\":\"https:\/\/dutchhealthstore.com\/de\/product\/digest-the-best\/#primaryimage\",\"url\":\"https:\/\/dutchhealthstore.com\/wp-content\/uploads\/2018\/02\/Zest-The-Best-Living-Libations-e1598263866873.jpg\",\"contentUrl\":\"https:\/\/dutchhealthstore.com\/wp-content\/uploads\/2018\/02\/Zest-The-Best-Living-Libations-e1598263866873.jpg\",\"width\":500,\"height\":500,\"caption\":\"Zest The Best - Living Libations\"},{\"@type\":\"BreadcrumbList\",\"@id\":\"https:\/\/dutchhealthstore.com\/de\/product\/digest-the-best\/#breadcrumb\",\"itemListElement\":[{\"@type\":\"ListItem\",\"position\":1,\"name\":\"Home\",\"item\":\"https:\/\/dutchhealthstore.com\/de\/\"},{\"@type\":\"ListItem\",\"position\":2,\"name\":\"Shop\",\"item\":\"https:\/\/dutchhealthstore.com\/de\/shop-2\/\"},{\"@type\":\"ListItem\",\"position\":3,\"name\":\"Zest the Best\"}]},{\"@type\":\"WebSite\",\"@id\":\"https:\/\/dutchhealthstore.com\/de\/#website\",\"url\":\"https:\/\/dutchhealthstore.com\/de\/\",\"name\":\"Dutch Health Store\",\"description\":\"Enhance Your Beauty with Organic &amp; Natural Skincare\",\"publisher\":{\"@id\":\"https:\/\/dutchhealthstore.com\/de\/#organization\"},\"potentialAction\":[{\"@type\":\"SearchAction\",\"target\":{\"@type\":\"EntryPoint\",\"urlTemplate\":\"https:\/\/dutchhealthstore.com\/de\/?s={search_term_string}\"},\"query-input\":{\"@type\":\"PropertyValueSpecification\",\"valueRequired\":true,\"valueName\":\"search_term_string\"}}],\"inLanguage\":\"de\"},{\"@type\":\"Organization\",\"@id\":\"https:\/\/dutchhealthstore.com\/de\/#organization\",\"name\":\"Dutch Health Store\",\"url\":\"https:\/\/dutchhealthstore.com\/de\/\",\"logo\":{\"@type\":\"ImageObject\",\"inLanguage\":\"de\",\"@id\":\"https:\/\/dutchhealthstore.com\/de\/#\/schema\/logo\/image\/\",\"url\":\"https:\/\/dutchhealthstore.com\/wp-content\/uploads\/2020\/08\/logo-dutchhealthstore-jpg-e1599484957574.jpg\",\"contentUrl\":\"https:\/\/dutchhealthstore.com\/wp-content\/uploads\/2020\/08\/logo-dutchhealthstore-jpg-e1599484957574.jpg\",\"width\":400,\"height\":62,\"caption\":\"Dutch Health Store\"},\"image\":{\"@id\":\"https:\/\/dutchhealthstore.com\/de\/#\/schema\/logo\/image\/\"},\"sameAs\":[\"https:\/\/www.instagram.com\/dutchhealthstore\/\",\"https:\/\/www.facebook.com\/dutchhealthstore\"]}]}<\/script>\n<meta property=\"product:brand\" content=\"Living Libations\" \/>\n<meta property=\"og:availability\" content=\"instock\" \/>\n<meta property=\"product:availability\" content=\"instock\" \/>\n<meta property=\"product:condition\" content=\"new\" \/>\n<!-- \/ Yoast SEO Premium plugin. -->","yoast_head_json":{"title":"Zest the Best | Organic & Natural | Living libations","description":"Zest the Best ist eine kaleidoskopisch-kulinarische Formel, die als Aperitif f\u00fcr den besten Atem aller Zeiten kreiert wurde.","robots":{"index":"index","follow":"follow","max-snippet":"max-snippet:-1","max-image-preview":"max-image-preview:large","max-video-preview":"max-video-preview:-1"},"canonical":"https:\/\/dutchhealthstore.com\/de\/product\/digest-the-best\/","og_locale":"de_DE","og_type":"article","og_title":"Zest the Best - Dutch Health Store","og_description":"Zest the Best ist eine kaleidoskopisch-kulinarische Formel, die als Aperitif f\u00fcr den besten Atem aller Zeiten kreiert wurde.","og_url":"https:\/\/dutchhealthstore.com\/de\/product\/digest-the-best\/","og_site_name":"Dutch Health Store","article_publisher":"https:\/\/www.instagram.com\/dutchhealthstore\/","article_modified_time":"2025-12-11T08:43:28+00:00","og_image":[{"width":500,"height":500,"url":"https:\/\/dutchhealthstore.com\/wp-content\/uploads\/2018\/02\/Zest-The-Best-Living-Libations-e1598263866873.jpg","type":"image\/jpeg"}],"twitter_card":"summary_large_image","twitter_misc":{"Verf\u00fcgbarkeit":"Auf Lager"},"schema":{"@context":"https:\/\/schema.org","@graph":[{"@type":"WebPage","@id":"https:\/\/dutchhealthstore.com\/de\/product\/digest-the-best\/","url":"https:\/\/dutchhealthstore.com\/de\/product\/digest-the-best\/","name":"Zest the Best | Organic & Natural | Living libations","isPartOf":{"@id":"https:\/\/dutchhealthstore.com\/de\/#website"},"primaryImageOfPage":{"@id":"https:\/\/dutchhealthstore.com\/de\/product\/digest-the-best\/#primaryimage"},"image":{"@id":"https:\/\/dutchhealthstore.com\/de\/product\/digest-the-best\/#primaryimage"},"thumbnailUrl":"https:\/\/dutchhealthstore.com\/wp-content\/uploads\/2018\/02\/Zest-The-Best-Living-Libations-e1598263866873.jpg","datePublished":"2018-02-10T18:30:22+00:00","dateModified":"2025-12-11T08:43:28+00:00","description":"Zest the Best ist eine kaleidoskopisch-kulinarische Formel, die als Aperitif f\u00fcr den besten Atem aller Zeiten kreiert wurde.","breadcrumb":{"@id":"https:\/\/dutchhealthstore.com\/de\/product\/digest-the-best\/#breadcrumb"},"inLanguage":"de","potentialAction":[{"@type":"ReadAction","target":["https:\/\/dutchhealthstore.com\/de\/product\/digest-the-best\/"]}]},{"@type":"ImageObject","inLanguage":"de","@id":"https:\/\/dutchhealthstore.com\/de\/product\/digest-the-best\/#primaryimage","url":"https:\/\/dutchhealthstore.com\/wp-content\/uploads\/2018\/02\/Zest-The-Best-Living-Libations-e1598263866873.jpg","contentUrl":"https:\/\/dutchhealthstore.com\/wp-content\/uploads\/2018\/02\/Zest-The-Best-Living-Libations-e1598263866873.jpg","width":500,"height":500,"caption":"Zest The Best - Living Libations"},{"@type":"BreadcrumbList","@id":"https:\/\/dutchhealthstore.com\/de\/product\/digest-the-best\/#breadcrumb","itemListElement":[{"@type":"ListItem","position":1,"name":"Home","item":"https:\/\/dutchhealthstore.com\/de\/"},{"@type":"ListItem","position":2,"name":"Shop","item":"https:\/\/dutchhealthstore.com\/de\/shop-2\/"},{"@type":"ListItem","position":3,"name":"Zest the Best"}]},{"@type":"WebSite","@id":"https:\/\/dutchhealthstore.com\/de\/#website","url":"https:\/\/dutchhealthstore.com\/de\/","name":"Dutch Health Store","description":"Enhance Your Beauty with Organic &amp; Natural Skincare","publisher":{"@id":"https:\/\/dutchhealthstore.com\/de\/#organization"},"potentialAction":[{"@type":"SearchAction","target":{"@type":"EntryPoint","urlTemplate":"https:\/\/dutchhealthstore.com\/de\/?s={search_term_string}"},"query-input":{"@type":"PropertyValueSpecification","valueRequired":true,"valueName":"search_term_string"}}],"inLanguage":"de"},{"@type":"Organization","@id":"https:\/\/dutchhealthstore.com\/de\/#organization","name":"Dutch Health Store","url":"https:\/\/dutchhealthstore.com\/de\/","logo":{"@type":"ImageObject","inLanguage":"de","@id":"https:\/\/dutchhealthstore.com\/de\/#\/schema\/logo\/image\/","url":"https:\/\/dutchhealthstore.com\/wp-content\/uploads\/2020\/08\/logo-dutchhealthstore-jpg-e1599484957574.jpg","contentUrl":"https:\/\/dutchhealthstore.com\/wp-content\/uploads\/2020\/08\/logo-dutchhealthstore-jpg-e1599484957574.jpg","width":400,"height":62,"caption":"Dutch Health Store"},"image":{"@id":"https:\/\/dutchhealthstore.com\/de\/#\/schema\/logo\/image\/"},"sameAs":["https:\/\/www.instagram.com\/dutchhealthstore\/","https:\/\/www.facebook.com\/dutchhealthstore"]}]},"product_brand":"Living Libations","og_availability":"instock","product_availability":"instock","product_condition":"new"},"_links":{"self":[{"href":"https:\/\/dutchhealthstore.com\/de\/wp-json\/wp\/v2\/product\/116760","targetHints":{"allow":["GET"]}}],"collection":[{"href":"https:\/\/dutchhealthstore.com\/de\/wp-json\/wp\/v2\/product"}],"about":[{"href":"https:\/\/dutchhealthstore.com\/de\/wp-json\/wp\/v2\/types\/product"}],"replies":[{"embeddable":true,"href":"https:\/\/dutchhealthstore.com\/de\/wp-json\/wp\/v2\/comments?post=116760"}],"wp:featuredmedia":[{"embeddable":true,"href":"https:\/\/dutchhealthstore.com\/de\/wp-json\/wp\/v2\/media\/87953"}],"wp:attachment":[{"href":"https:\/\/dutchhealthstore.com\/de\/wp-json\/wp\/v2\/media?parent=116760"}],"wp:term":[{"taxonomy":"product_brand","embeddable":true,"href":"https:\/\/dutchhealthstore.com\/de\/wp-json\/wp\/v2\/product_brand?post=116760"},{"taxonomy":"product_cat","embeddable":true,"href":"https:\/\/dutchhealthstore.com\/de\/wp-json\/wp\/v2\/product_cat?post=116760"},{"taxonomy":"product_tag","embeddable":true,"href":"https:\/\/dutchhealthstore.com\/de\/wp-json\/wp\/v2\/product_tag?post=116760"}],"curies":[{"name":"wp","href":"https:\/\/api.w.org\/{rel}","templated":true}]}}