{"id":116752,"date":"2018-02-10T19:31:54","date_gmt":"2018-02-10T18:31:54","guid":{"rendered":"https:\/\/dutchhealthstore.com\/product\/verve-tonic\/"},"modified":"2025-11-17T22:52:25","modified_gmt":"2025-11-17T21:52:25","slug":"verve-tonic","status":"publish","type":"product","link":"https:\/\/dutchhealthstore.com\/de\/product\/verve-tonic\/","title":{"rendered":"Verve Tonic"},"content":{"rendered":"<p><img decoding=\"async\" class=\"size-full wp-image-37041 alignright\" src=\"https:\/\/dutchhealthstore.com\/wp-content\/uploads\/2018\/04\/Living_Libations-1.png\" alt=\"Organic &amp; Natural Beautyproducts - Living Libations\" width=\"175\" height=\"82\"><\/p>\n<p>Bewegung, bewusste Atmung, hei\u00dfe\/kalte B\u00e4der und eine ausreichende Fl\u00fcssigkeitszufuhr tragen dazu bei, dass Ihre lebenswichtigen S\u00e4fte weiter flie\u00dfen und Ihr inneres Feuer brennt. Trockenes B\u00fcrsten ist eine bew\u00e4hrte Technik, um den K\u00f6rperhumor bei Laune zu halten, und es kann die beste Verteidigung gegen Tr\u00e4gheit und Verlangsamung sein.<\/p>\n<p>Um das volle Potenzial des Trockenb\u00fcrstens zu entfalten, geben Sie 1-2 Tropfen Verve Tonic in Ihre Handfl\u00e4che. Gleiten Sie mit den Borsten einer trockenen B\u00fcrste \u00fcber Ihre Handfl\u00e4che und s\u00e4ttigen Sie jede einzelne Borste mit unserer \u00e4therischen Mischung. Beginnen Sie mit dem Trockenb\u00fcrsten Ihres gesamten K\u00f6rpers, indem Sie mit den F\u00fc\u00dfen beginnen und sich nach oben vorarbeiten. Denken Sie daran, immer in Richtung Ihres Herzens zu b\u00fcrsten.<\/p>\n<h3>Instruktion<\/h3>\n<p>F\u00fcgen Sie ein paar Tropfen zu Ihrer Trockenb\u00fcrstroutine hinzu. Verwendung in B\u00e4dern, Salzpfeifen und als Diffusor. \u00d6ffnen Sie die Flasche und inhalieren Sie. Einem kr\u00e4ftigen Massage\u00f6l hinzuf\u00fcgen. Geben Sie ein oder zwei Tropfen auf Ihren Waschlappen, gemischt mit Best Skin Ever, als belebende K\u00f6rperreinigung\/Feuchtigkeitsspender.<\/p>\n<h3 class=\"yikes-custom-woo-tab-title yikes-custom-woo-tab-title-natural-organic-ingredients\">Nat\u00fcrliche\/Organische Inhaltsstoffe<\/h3>\n<p><strong>\u00c4therisches Zypressen\u00f6l<\/strong> <em>(Cypress sempervirens)<\/em> &#8211; Die kr\u00e4ftige Zypresse sorgt f\u00fcr Struktur und Klarheit. Die Zypresse ermutigt zur Vorw\u00e4rtsbewegung, erdet den Geist in der Sachlichkeit und l\u00e4sst die S\u00e4fte flie\u00dfen.<\/p>\n<p><strong>\u00c4therisches Rosmarin\u00f6l<\/strong> <em>(Rosmarinus officinalis)<\/em> &#8211; Rosmarin stimuliert, kl\u00e4rt und erfrischt. Er ist kein Mauerbl\u00fcmchen; Rosmarin trotzt der Tr\u00e4gheit von K\u00f6rper und Geist.<\/p>\n<p><strong>\u00c4therisches \u00d6l aus Lorbeerbl\u00e4ttern<\/strong> <em>(Laurus nobilis) &#8211; <\/em>Dieses f\u00fcr seinen Schwung und seine Kraft verehrte Tonikum hat schon viele Weisen gesalbt, denn sein Aroma strahlt Zuversicht, Noblesse und Sieg durch die Jahrhunderte aus. Die regenerierenden und wiederherstellenden Tugenden des Lorbeers werden deutlich, wenn man das Symbol der Wiederauferstehung betrachtet, denn der Baum regeneriert sich sofort, nachdem er Schaden genommen hat.<\/p>\n<p><strong>\u00c4therisches Eukalyptus\u00f6l<\/strong> <em>(Eucalyptus globulus)<\/em> &#8211; Eukalyptus bringt die Fl\u00fcssigkeiten zum Flie\u00dfen. \u00dcber Jahrzehnte hinweg hat diese Essenz Wege freigelegt und Inhalationen inspiriert, indem sie R\u00e4ume, Orte und Gesichter gereinigt und gekl\u00e4rt hat.<\/p>\n<p><strong>\u00c4therisches Schafgarben\u00f6l<\/strong> <em>(Achillea millefolium) &#8211; <\/em>Die Schafgarbe liefert saphirblaue \u00d6ltropfen, die opulentes Azulen enthalten, das k\u00fchlt und revitalisiert. In der traditionellen chinesischen Kultur verk\u00f6rpert die Schafgarbe das perfekte Gleichgewicht zwischen Yin und Yang.<\/p>\n<p><img fetchpriority=\"high\" decoding=\"async\" class=\"aligncenter size-full wp-image-31577\" src=\"https:\/\/dutchhealthstore.com\/wp-content\/uploads\/2018\/03\/organic_big.png\" alt=\"Organic and Natural - Living Libations\" width=\"623\" height=\"103\" srcset=\"https:\/\/dutchhealthstore.com\/wp-content\/uploads\/2018\/03\/organic_big.png 623w, https:\/\/dutchhealthstore.com\/wp-content\/uploads\/2018\/03\/organic_big-510x84.png 510w, https:\/\/dutchhealthstore.com\/wp-content\/uploads\/2018\/03\/organic_big-600x99.png 600w, https:\/\/dutchhealthstore.com\/wp-content\/uploads\/2018\/03\/organic_big-350x58.png 350w\" sizes=\"(max-width: 623px) 100vw, 623px\" \/><\/p>\n","protected":false},"excerpt":{"rendered":"<p>Dein K\u00f6rper brennt hell mit einer Million Lichtern! Living Libations <strong>Verve Tonic<\/strong> st\u00e4rkt Ihren Fluss und verehrt Ihre Vitalit\u00e4t. Die belebenden \u00e4therischen \u00d6le in diesem mitrei\u00dfenden Elixier beleben und kl\u00e4ren, damit Sie sich in das Spiel des Tages st\u00fcrzen k\u00f6nnen.<\/p>\n<p>Trotzen Sie Ihrer DNA und rebellieren Sie gegen sitzende Tr\u00e4gheit; Verve Tonic bringt Sie mit Schwung und Elan in Schwung.<\/p>\n","protected":false},"featured_media":26529,"comment_status":"open","ping_status":"closed","template":"","meta":[],"product_brand":[],"product_cat":[1962,6737,6749,1493,1210,511,6736],"product_tag":[4623],"class_list":{"0":"post-116752","1":"product","2":"type-product","3":"status-publish","4":"has-post-thumbnail","6":"product_cat-elixir-blends","7":"product_cat-essential-oils-de-2","8":"product_cat-essential-oil-blends-de-2","9":"product_cat-living-libations-deutschland","10":"product_cat-marken","11":"product_cat-produkte","12":"product_cat-wellness-de","13":"product_tag-elixir-de","14":"pa_bestsellers-goed-de","15":"pa_brand-livinglibations-de","16":"pa_essential-oils-product-type-essential-oil-blends-de","17":"pa_gtin-7439657336393-de","18":"pa_size-5-ml-de","19":"pa_size-15-ml-de-2","21":"first","22":"instock","23":"taxable","24":"shipping-taxable","25":"purchasable","26":"product-type-variable"},"bundled_by":[],"bundle_stock_status":"instock","bundle_stock_quantity":null,"bundle_virtual":false,"bundle_layout":"","bundle_add_to_cart_form_location":"","bundle_editable_in_cart":false,"bundle_sold_individually_context":"","bundle_item_grouping":"","bundle_min_size":"","bundle_max_size":"","bundle_price":[],"bundled_items":[],"bundle_sell_ids":[247526],"atum_controlled":true,"out_stock_date":null,"out_stock_threshold":null,"inheritable":true,"stock_on_hold":3,"sold_today":0,"sales_last_days":0,"out_stock_days":0,"lost_sales":0,"update_date":"2026-04-09T11:36:43","atum_locations":[],"atum_stock_status":"instock","restock_status":false,"low_stock_amount":"","sales_update_date":"2026-04-09T11:36:43","calc_backorders":null,"group_of_quantity":0,"min_quantity":0,"max_quantity":"","exclude_order_quantity_value_rules":"no","exclude_category_quantity_rules":"no","combine_variations":"no","yoast_head":"<!-- This site is optimized with the Yoast SEO Premium plugin v26.5 (Yoast SEO v26.5) - https:\/\/yoast.com\/wordpress\/plugins\/seo\/ -->\n<title>Verve Tonic | Living Libations<\/title>\n<meta name=\"description\" content=\"Living Libations Verve Tonic st\u00e4rkt Ihren Fluss und verehrt Ihre Vitalit\u00e4t. Die belebenden \u00e4therischen \u00d6le in diesem mitrei\u00dfenden Elixier beleben und kl\u00e4ren, damit Sie sich in das Spiel des Tages st\u00fcrzen k\u00f6nnen.\" \/>\n<meta name=\"robots\" content=\"index, follow, max-snippet:-1, max-image-preview:large, max-video-preview:-1\" \/>\n<link rel=\"canonical\" href=\"https:\/\/dutchhealthstore.com\/de\/product\/verve-tonic\/\" \/>\n<meta property=\"og:locale\" content=\"de_DE\" \/>\n<meta property=\"og:type\" content=\"article\" \/>\n<meta property=\"og:title\" content=\"Verve Tonic - Dutch Health Store\" \/>\n<meta property=\"og:description\" content=\"Living Libations Verve Tonic st\u00e4rkt Ihren Fluss und verehrt Ihre Vitalit\u00e4t. Die belebenden \u00e4therischen \u00d6le in diesem mitrei\u00dfenden Elixier beleben und kl\u00e4ren, damit Sie sich in das Spiel des Tages st\u00fcrzen k\u00f6nnen.\" \/>\n<meta property=\"og:url\" content=\"https:\/\/dutchhealthstore.com\/de\/product\/verve-tonic\/\" \/>\n<meta property=\"og:site_name\" content=\"Dutch Health Store\" \/>\n<meta property=\"article:publisher\" content=\"https:\/\/www.instagram.com\/dutchhealthstore\/\" \/>\n<meta property=\"article:modified_time\" content=\"2025-11-17T21:52:25+00:00\" \/>\n<meta property=\"og:image\" content=\"https:\/\/dutchhealthstore.com\/wp-content\/uploads\/2018\/02\/Living_Libations_Verve_Tonic.jpg\" \/>\n\t<meta property=\"og:image:width\" content=\"500\" \/>\n\t<meta property=\"og:image:height\" content=\"500\" \/>\n\t<meta property=\"og:image:type\" content=\"image\/jpeg\" \/>\n<meta name=\"twitter:card\" content=\"summary_large_image\" \/>\n<meta name=\"twitter:label1\" content=\"Verf\u00fcgbarkeit\" \/>\n\t<meta name=\"twitter:data1\" content=\"Auf Lager\" \/>\n<script type=\"application\/ld+json\" class=\"yoast-schema-graph\">{\"@context\":\"https:\/\/schema.org\",\"@graph\":[{\"@type\":\"WebPage\",\"@id\":\"https:\/\/dutchhealthstore.com\/de\/product\/verve-tonic\/\",\"url\":\"https:\/\/dutchhealthstore.com\/de\/product\/verve-tonic\/\",\"name\":\"Verve Tonic | Living Libations\",\"isPartOf\":{\"@id\":\"https:\/\/dutchhealthstore.com\/de\/#website\"},\"primaryImageOfPage\":{\"@id\":\"https:\/\/dutchhealthstore.com\/de\/product\/verve-tonic\/#primaryimage\"},\"image\":{\"@id\":\"https:\/\/dutchhealthstore.com\/de\/product\/verve-tonic\/#primaryimage\"},\"thumbnailUrl\":\"https:\/\/dutchhealthstore.com\/wp-content\/uploads\/2018\/02\/Living_Libations_Verve_Tonic.jpg\",\"datePublished\":\"2018-02-10T18:31:54+00:00\",\"dateModified\":\"2025-11-17T21:52:25+00:00\",\"description\":\"Living Libations Verve Tonic st\u00e4rkt Ihren Fluss und verehrt Ihre Vitalit\u00e4t. Die belebenden \u00e4therischen \u00d6le in diesem mitrei\u00dfenden Elixier beleben und kl\u00e4ren, damit Sie sich in das Spiel des Tages st\u00fcrzen k\u00f6nnen.\",\"breadcrumb\":{\"@id\":\"https:\/\/dutchhealthstore.com\/de\/product\/verve-tonic\/#breadcrumb\"},\"inLanguage\":\"de\",\"potentialAction\":[{\"@type\":\"ReadAction\",\"target\":[\"https:\/\/dutchhealthstore.com\/de\/product\/verve-tonic\/\"]}]},{\"@type\":\"ImageObject\",\"inLanguage\":\"de\",\"@id\":\"https:\/\/dutchhealthstore.com\/de\/product\/verve-tonic\/#primaryimage\",\"url\":\"https:\/\/dutchhealthstore.com\/wp-content\/uploads\/2018\/02\/Living_Libations_Verve_Tonic.jpg\",\"contentUrl\":\"https:\/\/dutchhealthstore.com\/wp-content\/uploads\/2018\/02\/Living_Libations_Verve_Tonic.jpg\",\"width\":500,\"height\":500},{\"@type\":\"BreadcrumbList\",\"@id\":\"https:\/\/dutchhealthstore.com\/de\/product\/verve-tonic\/#breadcrumb\",\"itemListElement\":[{\"@type\":\"ListItem\",\"position\":1,\"name\":\"Home\",\"item\":\"https:\/\/dutchhealthstore.com\/de\/\"},{\"@type\":\"ListItem\",\"position\":2,\"name\":\"Shop\",\"item\":\"https:\/\/dutchhealthstore.com\/de\/shop-2\/\"},{\"@type\":\"ListItem\",\"position\":3,\"name\":\"Verve Tonic\"}]},{\"@type\":\"WebSite\",\"@id\":\"https:\/\/dutchhealthstore.com\/de\/#website\",\"url\":\"https:\/\/dutchhealthstore.com\/de\/\",\"name\":\"Dutch Health Store\",\"description\":\"Enhance Your Beauty with Organic &amp; Natural Skincare\",\"publisher\":{\"@id\":\"https:\/\/dutchhealthstore.com\/de\/#organization\"},\"potentialAction\":[{\"@type\":\"SearchAction\",\"target\":{\"@type\":\"EntryPoint\",\"urlTemplate\":\"https:\/\/dutchhealthstore.com\/de\/?s={search_term_string}\"},\"query-input\":{\"@type\":\"PropertyValueSpecification\",\"valueRequired\":true,\"valueName\":\"search_term_string\"}}],\"inLanguage\":\"de\"},{\"@type\":\"Organization\",\"@id\":\"https:\/\/dutchhealthstore.com\/de\/#organization\",\"name\":\"Dutch Health Store\",\"url\":\"https:\/\/dutchhealthstore.com\/de\/\",\"logo\":{\"@type\":\"ImageObject\",\"inLanguage\":\"de\",\"@id\":\"https:\/\/dutchhealthstore.com\/de\/#\/schema\/logo\/image\/\",\"url\":\"https:\/\/dutchhealthstore.com\/wp-content\/uploads\/2020\/08\/logo-dutchhealthstore-jpg-e1599484957574.jpg\",\"contentUrl\":\"https:\/\/dutchhealthstore.com\/wp-content\/uploads\/2020\/08\/logo-dutchhealthstore-jpg-e1599484957574.jpg\",\"width\":400,\"height\":62,\"caption\":\"Dutch Health Store\"},\"image\":{\"@id\":\"https:\/\/dutchhealthstore.com\/de\/#\/schema\/logo\/image\/\"},\"sameAs\":[\"https:\/\/www.instagram.com\/dutchhealthstore\/\",\"https:\/\/www.facebook.com\/dutchhealthstore\"]}]}<\/script>\n<meta property=\"product:brand\" content=\"Living Libations\" \/>\n<meta property=\"og:availability\" content=\"instock\" \/>\n<meta property=\"product:availability\" content=\"instock\" \/>\n<meta property=\"product:condition\" content=\"new\" \/>\n<!-- \/ Yoast SEO Premium plugin. -->","yoast_head_json":{"title":"Verve Tonic | Living Libations","description":"Living Libations Verve Tonic st\u00e4rkt Ihren Fluss und verehrt Ihre Vitalit\u00e4t. Die belebenden \u00e4therischen \u00d6le in diesem mitrei\u00dfenden Elixier beleben und kl\u00e4ren, damit Sie sich in das Spiel des Tages st\u00fcrzen k\u00f6nnen.","robots":{"index":"index","follow":"follow","max-snippet":"max-snippet:-1","max-image-preview":"max-image-preview:large","max-video-preview":"max-video-preview:-1"},"canonical":"https:\/\/dutchhealthstore.com\/de\/product\/verve-tonic\/","og_locale":"de_DE","og_type":"article","og_title":"Verve Tonic - Dutch Health Store","og_description":"Living Libations Verve Tonic st\u00e4rkt Ihren Fluss und verehrt Ihre Vitalit\u00e4t. Die belebenden \u00e4therischen \u00d6le in diesem mitrei\u00dfenden Elixier beleben und kl\u00e4ren, damit Sie sich in das Spiel des Tages st\u00fcrzen k\u00f6nnen.","og_url":"https:\/\/dutchhealthstore.com\/de\/product\/verve-tonic\/","og_site_name":"Dutch Health Store","article_publisher":"https:\/\/www.instagram.com\/dutchhealthstore\/","article_modified_time":"2025-11-17T21:52:25+00:00","og_image":[{"width":500,"height":500,"url":"https:\/\/dutchhealthstore.com\/wp-content\/uploads\/2018\/02\/Living_Libations_Verve_Tonic.jpg","type":"image\/jpeg"}],"twitter_card":"summary_large_image","twitter_misc":{"Verf\u00fcgbarkeit":"Auf Lager"},"schema":{"@context":"https:\/\/schema.org","@graph":[{"@type":"WebPage","@id":"https:\/\/dutchhealthstore.com\/de\/product\/verve-tonic\/","url":"https:\/\/dutchhealthstore.com\/de\/product\/verve-tonic\/","name":"Verve Tonic | Living Libations","isPartOf":{"@id":"https:\/\/dutchhealthstore.com\/de\/#website"},"primaryImageOfPage":{"@id":"https:\/\/dutchhealthstore.com\/de\/product\/verve-tonic\/#primaryimage"},"image":{"@id":"https:\/\/dutchhealthstore.com\/de\/product\/verve-tonic\/#primaryimage"},"thumbnailUrl":"https:\/\/dutchhealthstore.com\/wp-content\/uploads\/2018\/02\/Living_Libations_Verve_Tonic.jpg","datePublished":"2018-02-10T18:31:54+00:00","dateModified":"2025-11-17T21:52:25+00:00","description":"Living Libations Verve Tonic st\u00e4rkt Ihren Fluss und verehrt Ihre Vitalit\u00e4t. Die belebenden \u00e4therischen \u00d6le in diesem mitrei\u00dfenden Elixier beleben und kl\u00e4ren, damit Sie sich in das Spiel des Tages st\u00fcrzen k\u00f6nnen.","breadcrumb":{"@id":"https:\/\/dutchhealthstore.com\/de\/product\/verve-tonic\/#breadcrumb"},"inLanguage":"de","potentialAction":[{"@type":"ReadAction","target":["https:\/\/dutchhealthstore.com\/de\/product\/verve-tonic\/"]}]},{"@type":"ImageObject","inLanguage":"de","@id":"https:\/\/dutchhealthstore.com\/de\/product\/verve-tonic\/#primaryimage","url":"https:\/\/dutchhealthstore.com\/wp-content\/uploads\/2018\/02\/Living_Libations_Verve_Tonic.jpg","contentUrl":"https:\/\/dutchhealthstore.com\/wp-content\/uploads\/2018\/02\/Living_Libations_Verve_Tonic.jpg","width":500,"height":500},{"@type":"BreadcrumbList","@id":"https:\/\/dutchhealthstore.com\/de\/product\/verve-tonic\/#breadcrumb","itemListElement":[{"@type":"ListItem","position":1,"name":"Home","item":"https:\/\/dutchhealthstore.com\/de\/"},{"@type":"ListItem","position":2,"name":"Shop","item":"https:\/\/dutchhealthstore.com\/de\/shop-2\/"},{"@type":"ListItem","position":3,"name":"Verve Tonic"}]},{"@type":"WebSite","@id":"https:\/\/dutchhealthstore.com\/de\/#website","url":"https:\/\/dutchhealthstore.com\/de\/","name":"Dutch Health Store","description":"Enhance Your Beauty with Organic &amp; Natural Skincare","publisher":{"@id":"https:\/\/dutchhealthstore.com\/de\/#organization"},"potentialAction":[{"@type":"SearchAction","target":{"@type":"EntryPoint","urlTemplate":"https:\/\/dutchhealthstore.com\/de\/?s={search_term_string}"},"query-input":{"@type":"PropertyValueSpecification","valueRequired":true,"valueName":"search_term_string"}}],"inLanguage":"de"},{"@type":"Organization","@id":"https:\/\/dutchhealthstore.com\/de\/#organization","name":"Dutch Health Store","url":"https:\/\/dutchhealthstore.com\/de\/","logo":{"@type":"ImageObject","inLanguage":"de","@id":"https:\/\/dutchhealthstore.com\/de\/#\/schema\/logo\/image\/","url":"https:\/\/dutchhealthstore.com\/wp-content\/uploads\/2020\/08\/logo-dutchhealthstore-jpg-e1599484957574.jpg","contentUrl":"https:\/\/dutchhealthstore.com\/wp-content\/uploads\/2020\/08\/logo-dutchhealthstore-jpg-e1599484957574.jpg","width":400,"height":62,"caption":"Dutch Health Store"},"image":{"@id":"https:\/\/dutchhealthstore.com\/de\/#\/schema\/logo\/image\/"},"sameAs":["https:\/\/www.instagram.com\/dutchhealthstore\/","https:\/\/www.facebook.com\/dutchhealthstore"]}]},"product_brand":"Living Libations","og_availability":"instock","product_availability":"instock","product_condition":"new"},"_links":{"self":[{"href":"https:\/\/dutchhealthstore.com\/de\/wp-json\/wp\/v2\/product\/116752","targetHints":{"allow":["GET"]}}],"collection":[{"href":"https:\/\/dutchhealthstore.com\/de\/wp-json\/wp\/v2\/product"}],"about":[{"href":"https:\/\/dutchhealthstore.com\/de\/wp-json\/wp\/v2\/types\/product"}],"replies":[{"embeddable":true,"href":"https:\/\/dutchhealthstore.com\/de\/wp-json\/wp\/v2\/comments?post=116752"}],"wp:featuredmedia":[{"embeddable":true,"href":"https:\/\/dutchhealthstore.com\/de\/wp-json\/wp\/v2\/media\/26529"}],"wp:attachment":[{"href":"https:\/\/dutchhealthstore.com\/de\/wp-json\/wp\/v2\/media?parent=116752"}],"wp:term":[{"taxonomy":"product_brand","embeddable":true,"href":"https:\/\/dutchhealthstore.com\/de\/wp-json\/wp\/v2\/product_brand?post=116752"},{"taxonomy":"product_cat","embeddable":true,"href":"https:\/\/dutchhealthstore.com\/de\/wp-json\/wp\/v2\/product_cat?post=116752"},{"taxonomy":"product_tag","embeddable":true,"href":"https:\/\/dutchhealthstore.com\/de\/wp-json\/wp\/v2\/product_tag?post=116752"}],"curies":[{"name":"wp","href":"https:\/\/api.w.org\/{rel}","templated":true}]}}