{"id":116695,"date":"2020-03-13T18:25:47","date_gmt":"2020-03-13T17:25:47","guid":{"rendered":"https:\/\/dutchhealthstore.com\/product\/carnation-absolute\/"},"modified":"2026-04-03T14:29:53","modified_gmt":"2026-04-03T12:29:53","slug":"carnation-absolute","status":"publish","type":"product","link":"https:\/\/dutchhealthstore.com\/de\/product\/carnation-absolute\/","title":{"rendered":"Carnation Absolute"},"content":{"rendered":"<p><img decoding=\"async\" class=\"alignright size-full wp-image-69549\" src=\"https:\/\/dutchhealthstore.com\/wp-content\/uploads\/2019\/08\/NEW-Living-Libations-Logo.jpg\" alt=\"NEW - Living Libations - Logo\" width=\"175\" height=\"82\"><\/p>\n<p><strong>Botanischer Name:<\/strong> Caryophyllales<br \/>\n<strong>Extraktionsverfahren:<\/strong> Absolute<br \/>\n<strong>Teil der Pflanze Destilliert:<\/strong> Bl\u00fcte<br \/>\n<strong>Herkunftsland:<\/strong> \u00c4gypten<br \/>\n<strong>Anbaumethode: <\/strong>Kultiviert, nicht gespritzt<br \/>\n<strong>Zusammensetzung:<\/strong> 100% Dianthus caryophyllus<br \/>\n<strong>Konsistenz:<\/strong> Dickfl\u00fcssig<\/p>\n<h3>Essential Oil Analysis<\/h3>\n<h3><a href=\"https:\/\/dutchhealthstore.com\/wp-content\/uploads\/2020\/03\/ANALYSIS-Rose-De-Mai-Absolute-Living-Libations-1-4.pdf\" target=\"_blank\" rel=\"noopener noreferrer\"><img decoding=\"async\" class=\"wp-image-56302 size-full alignnone\" src=\"https:\/\/dutchhealthstore.com\/wp-content\/uploads\/2019\/05\/logo-pdf-navi-organics.jpg\" alt=\"logo pdf navi organics\" width=\"100\" height=\"104\"><\/a><\/h3>\n<h3>Beschreibung des Duftes<\/h3>\n<p>Warmer, blumiger Duft mit Noten von Honig und euphorischer W\u00fcrze.<\/p>\n<h3>In Living Libations<\/h3>\n<p>Lei Lady Lei Perfume<\/p>\n<h3>Gut mischbar mit<\/h3>\n<p>Jasmin, Rose, Grapefruit, Lavendel, Patchouli und Ylang.<\/p>\n<h3>Verwendet<\/h3>\n<p>Entspannung. Liebestrank. F\u00fcr ein vorletztes Parf\u00fcm direkt aus der Flasche salben. Spannkraftheber.<\/p>\n<h3>Der Unterschied zwischen Jonquil absolute und Carnation absolute<\/h3>\n<p>Im Allgemeinen haben sie ein \u00e4hnliches Duft- und Pigmentprofil. Sie sind wie Duftschwestern. Sie harmonieren auch gut mit Vanille, Jasmin, Ylang, Narzisse, Nelke, Champagner, Benzoe, Neroli und Zitrusfr\u00fcchten.<\/p>\n<p>Jonquil Absolute ist eine olivbraune, schwere, honigartige, tiefs\u00fc\u00dfe, blumige Fl\u00fcssigkeit mit einem starken gr\u00fcnen Unterton, einem Hauch von Zimtgew\u00fcrz und einem z\u00e4hen Abgang. Erinnert an Hyazinthe.<\/p>\n<p>Nelke wird auch oft als Absolue beschrieben, das eine z\u00e4hfl\u00fcssige, olivgr\u00fcne bis olivbraune Fl\u00fcssigkeit mit honigartigen Kr\u00e4uternoten ist; ein s\u00fc\u00dfer, z\u00e4her Duft mit einem Hauch von balsamischer Nelke.<\/p>\n<p>Der Charakter des Aromas einer jeden Essenz wird durch die biochemischen Bestandteile des pflanzlichen \u00d6ls bestimmt. Nelken und Osterglocken riechen \u00e4hnlich, weil sie ihre Duftsignatur aus vielen gleichen Bestandteilen beziehen. Sie haben wichtige Komponenten gemeinsam. Einige von ihnen sind Benzylbenzoate (einschlie\u00dflich Methyl, Acetat und Salicylat), Linalool, Aldehyde und Linolate. Beide haben auch eine subtile W\u00fcrze gemeinsam, doch der Akzent der Nelke liegt in einer leichten Zimt-Indol-Komponente, w\u00e4hrend die Nelke in Richtung Eugenol (Gew\u00fcrznelke) tendiert, jedoch immer noch mit einem Hauch von Phenylethanol, das auch in diesem Absolue zu einem hyazinthenartigen Aroma beitr\u00e4gt.<\/p>\n<p>H\u00fcllen Sie sich in eine warme Decke aus tr\u00f6stlichem und zugleich euphorischem Luxus mit unserem<strong> Carnation Absolute<\/strong>.<\/p>\n<p>Es gibt keinen s\u00fc\u00dferen Duft als diesen sinnlichen Liebestrank, der zu einer k\u00f6stlich dekadenten Stimmung anregt. Inhalieren Sie Noten von Honig, Gew\u00fcrzen und allem, was sch\u00f6n ist, mit einem Hauch von Flieder, alles verpackt in blassrosa Poesie.<br \/>\nDie euphorisierende Wirkung der charismatischen Nelke verwandelt Ihren langweiligen Tag in eine angenehme, ruhige Tr\u00e4umerei.<\/p>\n<p>Nelken werden traditionell von K\u00fcnstlern, Schriftstellern und Dichtern verwendet, um die Kreativit\u00e4t anzuregen, die Motivation zu steigern und eine wahre Muse der Euphorie zu schaffen. Die Nelke, die bereits vor \u00fcber 2.000 Jahren im alten \u00c4gypten kultiviert wurde, ist eine der beliebtesten Blumen der Welt und soll die Lieblingsblume des r\u00f6mischen G\u00f6tterk\u00f6nigs Jove gewesen sein. Nelken stehen f\u00fcr Liebe, Reinheit, Gl\u00fcck, Anmut und Dankbarkeit.<\/p>\n<p>Nelken sind so s\u00fc\u00df! Sie sind sogar zur offiziellen Blume des Muttertags ernannt worden! Doch der Duft der gez\u00fcchteten Nelken, die die Blumenl\u00e4den \u00fcberschwemmen, ist nicht vergleichbar mit der \u00fcberschw\u00e4nglichen Gl\u00fcckseligkeit, die der reichhaltige, honigartige aromatische Kuss dieses Absoluts ausstrahlt.<\/p>\n<p>Nelken\u00f6l ist wegen seiner luststeigernden Eigenschaften und seines bezaubernden Duftes sehr begehrt. W\u00e4hrend es bei der Massage zum Schmelzen der Muskeln verwendet werden kann, genie\u00dfen die meisten Menschen unser Nelken-Absolue wegen seines schw\u00fclen Aromas und seiner kreativit\u00e4tssteigernden Wirkung. Verwenden Sie Carnation Absolute beim Schreiben, Malen, Musizieren und Tr\u00e4umen. Es kann helfen, sich zwischen zwei Dingen zu entscheiden, das Gef\u00fchl der Liebe zu wecken, die Stimmung eines Raumes aufzuhellen und eine romantische Atmosph\u00e4re f\u00fcr den Abend zu schaffen. Kr\u00f6nen Sie Ihren K\u00f6rper und Ihr Haar mit Nelken-Absolue, f\u00fcr ein exotisches, euphorisches Flair.<\/p>\n<p><strong>Gr\u00f6\u00dfe: 2,5 ml<\/strong><\/p>\n<h3>Bio-Zutaten<\/h3>\n<p>100% Nelke (Caryophyllales) absolut.<\/p>\n<p style=\"text-align: center;\"><em>&#8222;Das Jahr wird alt, noch ist der Sommer nicht gestorben, noch ist der Winter geboren,<\/em><br \/>\n<em>die sch\u00f6nsten Blumen der Saison sind unsere Nelken und gestreiften Gillyvors.&#8220;<\/em><\/p>\n<p style=\"text-align: center;\">~William Shakespeare<\/p>\n<p style=\"text-align: center;\"><em>&#8222;[Carnation Absolute] soll &#8230; aufmunternd, erfrischend und belebend wirken und die Kreativit\u00e4t f\u00f6rdern. Im antiken Griechenland wurde der Duft verwendet, um den Geist zu erfrischen, und die Dichter der Romantik wie Byron und Shelley genossen angeblich die euphorisierende Wirkung des Duftes.<\/em><\/p>\n<p style=\"text-align: center;\">~Jennifer Peace Rhind. <strong>Essential Oils: A Handbook for Aromatherapy Practice<\/strong><\/p>\n<p><img fetchpriority=\"high\" decoding=\"async\" class=\"size-medium wp-image-68103 aligncenter\" src=\"https:\/\/dutchhealthstore.com\/wp-content\/uploads\/2018\/02\/Living-Libations-Organic-Logo-800x89.png\" alt=\"Living Libations - Organic Logo\" width=\"800\" height=\"89\" srcset=\"https:\/\/dutchhealthstore.com\/wp-content\/uploads\/2018\/02\/Living-Libations-Organic-Logo-800x89.png 800w, https:\/\/dutchhealthstore.com\/wp-content\/uploads\/2018\/02\/Living-Libations-Organic-Logo-510x57.png 510w, https:\/\/dutchhealthstore.com\/wp-content\/uploads\/2018\/02\/Living-Libations-Organic-Logo-768x85.png 768w, https:\/\/dutchhealthstore.com\/wp-content\/uploads\/2018\/02\/Living-Libations-Organic-Logo.png 1400w\" sizes=\"(max-width: 800px) 100vw, 800px\" \/><\/p>\n","protected":false},"excerpt":{"rendered":"<p>H\u00fcllen Sie sich in eine warme Decke aus tr\u00f6stlichem und zugleich euphorischem Luxus mit unserem<strong> Carnation Absolute<\/strong>.<\/p>\n<p>Es gibt keinen s\u00fc\u00dferen Duft als diesen sinnlichen Liebestrank, der zu einer k\u00f6stlich dekadenten Stimmung anregt. Inhalieren Sie Noten von Honig, Gew\u00fcrzen und allem, was sch\u00f6n ist, mit einem Hauch von Flieder, alles verpackt in blassrosa Poesie.<br \/>\nDie euphorisierende Wirkung der charismatischen Nelke verwandelt Ihren langweiligen Tag in eine angenehme, ruhige Tr\u00e4umerei.<\/p>\n","protected":false},"featured_media":337461,"comment_status":"open","ping_status":"closed","template":"","meta":[],"product_brand":[],"product_cat":[1551,1508,6737,1493,1210,6736],"product_tag":[8681,1547],"class_list":{"0":"post-116695","1":"product","2":"type-product","3":"status-publish","4":"has-post-thumbnail","6":"product_cat-absolute-essenz-living-libations","7":"product_cat-aetherische-oele-living-libations","8":"product_cat-essential-oils-de-2","9":"product_cat-living-libations-deutschland","10":"product_cat-marken","11":"product_cat-wellness-de","12":"product_tag-absolute-de","13":"product_tag-essential-oil-de","14":"pa_brand-livinglibations-de","15":"pa_essential-oils-product-type-absolute-essences-de","16":"pa_essential-oils-product-type-essential-oils-de","17":"pa_gtin-7439657362316-de","18":"pa_size-2-5-ml-de","20":"first","21":"outofstock","22":"taxable","23":"shipping-taxable","24":"purchasable","25":"product-type-simple"},"bundled_by":[],"bundle_stock_status":"outofstock","bundle_stock_quantity":0,"bundle_virtual":false,"bundle_layout":"","bundle_add_to_cart_form_location":"","bundle_editable_in_cart":false,"bundle_sold_individually_context":"","bundle_item_grouping":"","bundle_min_size":"","bundle_max_size":"","bundle_price":[],"bundled_items":[],"bundle_sell_ids":[],"atum_controlled":true,"out_stock_date":"2026-04-03 14:29:54","out_stock_threshold":null,"inheritable":false,"stock_on_hold":1,"sold_today":0,"sales_last_days":1,"out_stock_days":3,"lost_sales":27,"update_date":"2026-04-09T11:40:11","atum_locations":[],"atum_stock_status":"outofstock","restock_status":false,"low_stock_amount":"","sales_update_date":"2026-04-09T11:40:11","calc_backorders":null,"group_of_quantity":0,"min_quantity":0,"max_quantity":"","exclude_order_quantity_value_rules":"no","exclude_category_quantity_rules":"no","combine_variations":"no","yoast_head":"<!-- This site is optimized with the Yoast SEO Premium plugin v26.5 (Yoast SEO v26.5) - https:\/\/yoast.com\/wordpress\/plugins\/seo\/ -->\n<title>Carnation Absolute | Living Libations<\/title>\n<meta name=\"description\" content=\"H\u00fcllen Sie sich in eine warme Decke aus tr\u00f6stlichem und zugleich euphorischem Luxus mit unserem Carnation Absolute.\" \/>\n<meta name=\"robots\" content=\"index, follow, max-snippet:-1, max-image-preview:large, max-video-preview:-1\" \/>\n<link rel=\"canonical\" href=\"https:\/\/dutchhealthstore.com\/de\/product\/carnation-absolute\/\" \/>\n<meta property=\"og:locale\" content=\"de_DE\" \/>\n<meta property=\"og:type\" content=\"article\" \/>\n<meta property=\"og:title\" content=\"Carnation Absolute - Dutch Health Store\" \/>\n<meta property=\"og:description\" content=\"H\u00fcllen Sie sich in eine warme Decke aus tr\u00f6stlichem und zugleich euphorischem Luxus mit unserem Carnation Absolute.\" \/>\n<meta property=\"og:url\" content=\"https:\/\/dutchhealthstore.com\/de\/product\/carnation-absolute\/\" \/>\n<meta property=\"og:site_name\" content=\"Dutch Health Store\" \/>\n<meta property=\"article:publisher\" content=\"https:\/\/www.instagram.com\/dutchhealthstore\/\" \/>\n<meta property=\"article:modified_time\" content=\"2026-04-03T12:29:53+00:00\" \/>\n<meta property=\"og:image\" content=\"https:\/\/dutchhealthstore.com\/wp-content\/uploads\/2020\/03\/Carnation-Absolute-Living-Libations.jpg\" \/>\n\t<meta property=\"og:image:width\" content=\"500\" \/>\n\t<meta property=\"og:image:height\" content=\"500\" \/>\n\t<meta property=\"og:image:type\" content=\"image\/jpeg\" \/>\n<meta name=\"twitter:card\" content=\"summary_large_image\" \/>\n<meta name=\"twitter:label1\" content=\"Preis\" \/>\n\t<meta name=\"twitter:data1\" content=\"&euro;64,00\" \/>\n\t<meta name=\"twitter:label2\" content=\"Verf\u00fcgbarkeit\" \/>\n\t<meta name=\"twitter:data2\" content=\"ausverkauft\" \/>\n<script type=\"application\/ld+json\" class=\"yoast-schema-graph\">{\"@context\":\"https:\/\/schema.org\",\"@graph\":[{\"@type\":\"WebPage\",\"@id\":\"https:\/\/dutchhealthstore.com\/de\/product\/carnation-absolute\/\",\"url\":\"https:\/\/dutchhealthstore.com\/de\/product\/carnation-absolute\/\",\"name\":\"Carnation Absolute | Living Libations\",\"isPartOf\":{\"@id\":\"https:\/\/dutchhealthstore.com\/de\/#website\"},\"primaryImageOfPage\":{\"@id\":\"https:\/\/dutchhealthstore.com\/de\/product\/carnation-absolute\/#primaryimage\"},\"image\":{\"@id\":\"https:\/\/dutchhealthstore.com\/de\/product\/carnation-absolute\/#primaryimage\"},\"thumbnailUrl\":\"https:\/\/dutchhealthstore.com\/wp-content\/uploads\/2020\/03\/2025-04-15-13_42_00-Carnation-Absolute-\u2013-Living-Libations-INT.jpg\",\"datePublished\":\"2020-03-13T17:25:47+00:00\",\"dateModified\":\"2026-04-03T12:29:53+00:00\",\"description\":\"H\u00fcllen Sie sich in eine warme Decke aus tr\u00f6stlichem und zugleich euphorischem Luxus mit unserem Carnation Absolute.\",\"breadcrumb\":{\"@id\":\"https:\/\/dutchhealthstore.com\/de\/product\/carnation-absolute\/#breadcrumb\"},\"inLanguage\":\"de\",\"potentialAction\":[{\"@type\":\"ReadAction\",\"target\":[\"https:\/\/dutchhealthstore.com\/de\/product\/carnation-absolute\/\"]}]},{\"@type\":\"ImageObject\",\"inLanguage\":\"de\",\"@id\":\"https:\/\/dutchhealthstore.com\/de\/product\/carnation-absolute\/#primaryimage\",\"url\":\"https:\/\/dutchhealthstore.com\/wp-content\/uploads\/2020\/03\/2025-04-15-13_42_00-Carnation-Absolute-\u2013-Living-Libations-INT.jpg\",\"contentUrl\":\"https:\/\/dutchhealthstore.com\/wp-content\/uploads\/2020\/03\/2025-04-15-13_42_00-Carnation-Absolute-\u2013-Living-Libations-INT.jpg\",\"width\":530,\"height\":530},{\"@type\":\"BreadcrumbList\",\"@id\":\"https:\/\/dutchhealthstore.com\/de\/product\/carnation-absolute\/#breadcrumb\",\"itemListElement\":[{\"@type\":\"ListItem\",\"position\":1,\"name\":\"Home\",\"item\":\"https:\/\/dutchhealthstore.com\/de\/\"},{\"@type\":\"ListItem\",\"position\":2,\"name\":\"Shop\",\"item\":\"https:\/\/dutchhealthstore.com\/de\/shop-2\/\"},{\"@type\":\"ListItem\",\"position\":3,\"name\":\"Carnation Absolute\"}]},{\"@type\":\"WebSite\",\"@id\":\"https:\/\/dutchhealthstore.com\/de\/#website\",\"url\":\"https:\/\/dutchhealthstore.com\/de\/\",\"name\":\"Dutch Health Store\",\"description\":\"Enhance Your Beauty with Organic &amp; Natural Skincare\",\"publisher\":{\"@id\":\"https:\/\/dutchhealthstore.com\/de\/#organization\"},\"potentialAction\":[{\"@type\":\"SearchAction\",\"target\":{\"@type\":\"EntryPoint\",\"urlTemplate\":\"https:\/\/dutchhealthstore.com\/de\/?s={search_term_string}\"},\"query-input\":{\"@type\":\"PropertyValueSpecification\",\"valueRequired\":true,\"valueName\":\"search_term_string\"}}],\"inLanguage\":\"de\"},{\"@type\":\"Organization\",\"@id\":\"https:\/\/dutchhealthstore.com\/de\/#organization\",\"name\":\"Dutch Health Store\",\"url\":\"https:\/\/dutchhealthstore.com\/de\/\",\"logo\":{\"@type\":\"ImageObject\",\"inLanguage\":\"de\",\"@id\":\"https:\/\/dutchhealthstore.com\/de\/#\/schema\/logo\/image\/\",\"url\":\"https:\/\/dutchhealthstore.com\/wp-content\/uploads\/2020\/08\/logo-dutchhealthstore-jpg-e1599484957574.jpg\",\"contentUrl\":\"https:\/\/dutchhealthstore.com\/wp-content\/uploads\/2020\/08\/logo-dutchhealthstore-jpg-e1599484957574.jpg\",\"width\":400,\"height\":62,\"caption\":\"Dutch Health Store\"},\"image\":{\"@id\":\"https:\/\/dutchhealthstore.com\/de\/#\/schema\/logo\/image\/\"},\"sameAs\":[\"https:\/\/www.instagram.com\/dutchhealthstore\/\",\"https:\/\/www.facebook.com\/dutchhealthstore\"]}]}<\/script>\n<meta property=\"product:brand\" content=\"Living Libations\" \/>\n<meta property=\"product:price:amount\" content=\"64.00\" \/>\n<meta property=\"product:price:currency\" content=\"EUR\" \/>\n<meta property=\"og:availability\" content=\"out of stock\" \/>\n<meta property=\"product:availability\" content=\"out of stock\" \/>\n<meta property=\"product:condition\" content=\"new\" \/>\n<!-- \/ Yoast SEO Premium plugin. -->","yoast_head_json":{"title":"Carnation Absolute | Living Libations","description":"H\u00fcllen Sie sich in eine warme Decke aus tr\u00f6stlichem und zugleich euphorischem Luxus mit unserem Carnation Absolute.","robots":{"index":"index","follow":"follow","max-snippet":"max-snippet:-1","max-image-preview":"max-image-preview:large","max-video-preview":"max-video-preview:-1"},"canonical":"https:\/\/dutchhealthstore.com\/de\/product\/carnation-absolute\/","og_locale":"de_DE","og_type":"article","og_title":"Carnation Absolute - Dutch Health Store","og_description":"H\u00fcllen Sie sich in eine warme Decke aus tr\u00f6stlichem und zugleich euphorischem Luxus mit unserem Carnation Absolute.","og_url":"https:\/\/dutchhealthstore.com\/de\/product\/carnation-absolute\/","og_site_name":"Dutch Health Store","article_publisher":"https:\/\/www.instagram.com\/dutchhealthstore\/","article_modified_time":"2026-04-03T12:29:53+00:00","og_image":[{"width":500,"height":500,"url":"https:\/\/dutchhealthstore.com\/wp-content\/uploads\/2020\/03\/Carnation-Absolute-Living-Libations.jpg","type":"image\/jpeg"}],"twitter_card":"summary_large_image","twitter_misc":{"Preis":"&euro;64,00","Verf\u00fcgbarkeit":"ausverkauft"},"schema":{"@context":"https:\/\/schema.org","@graph":[{"@type":"WebPage","@id":"https:\/\/dutchhealthstore.com\/de\/product\/carnation-absolute\/","url":"https:\/\/dutchhealthstore.com\/de\/product\/carnation-absolute\/","name":"Carnation Absolute | Living Libations","isPartOf":{"@id":"https:\/\/dutchhealthstore.com\/de\/#website"},"primaryImageOfPage":{"@id":"https:\/\/dutchhealthstore.com\/de\/product\/carnation-absolute\/#primaryimage"},"image":{"@id":"https:\/\/dutchhealthstore.com\/de\/product\/carnation-absolute\/#primaryimage"},"thumbnailUrl":"https:\/\/dutchhealthstore.com\/wp-content\/uploads\/2020\/03\/2025-04-15-13_42_00-Carnation-Absolute-\u2013-Living-Libations-INT.jpg","datePublished":"2020-03-13T17:25:47+00:00","dateModified":"2026-04-03T12:29:53+00:00","description":"H\u00fcllen Sie sich in eine warme Decke aus tr\u00f6stlichem und zugleich euphorischem Luxus mit unserem Carnation Absolute.","breadcrumb":{"@id":"https:\/\/dutchhealthstore.com\/de\/product\/carnation-absolute\/#breadcrumb"},"inLanguage":"de","potentialAction":[{"@type":"ReadAction","target":["https:\/\/dutchhealthstore.com\/de\/product\/carnation-absolute\/"]}]},{"@type":"ImageObject","inLanguage":"de","@id":"https:\/\/dutchhealthstore.com\/de\/product\/carnation-absolute\/#primaryimage","url":"https:\/\/dutchhealthstore.com\/wp-content\/uploads\/2020\/03\/2025-04-15-13_42_00-Carnation-Absolute-\u2013-Living-Libations-INT.jpg","contentUrl":"https:\/\/dutchhealthstore.com\/wp-content\/uploads\/2020\/03\/2025-04-15-13_42_00-Carnation-Absolute-\u2013-Living-Libations-INT.jpg","width":530,"height":530},{"@type":"BreadcrumbList","@id":"https:\/\/dutchhealthstore.com\/de\/product\/carnation-absolute\/#breadcrumb","itemListElement":[{"@type":"ListItem","position":1,"name":"Home","item":"https:\/\/dutchhealthstore.com\/de\/"},{"@type":"ListItem","position":2,"name":"Shop","item":"https:\/\/dutchhealthstore.com\/de\/shop-2\/"},{"@type":"ListItem","position":3,"name":"Carnation Absolute"}]},{"@type":"WebSite","@id":"https:\/\/dutchhealthstore.com\/de\/#website","url":"https:\/\/dutchhealthstore.com\/de\/","name":"Dutch Health Store","description":"Enhance Your Beauty with Organic &amp; Natural Skincare","publisher":{"@id":"https:\/\/dutchhealthstore.com\/de\/#organization"},"potentialAction":[{"@type":"SearchAction","target":{"@type":"EntryPoint","urlTemplate":"https:\/\/dutchhealthstore.com\/de\/?s={search_term_string}"},"query-input":{"@type":"PropertyValueSpecification","valueRequired":true,"valueName":"search_term_string"}}],"inLanguage":"de"},{"@type":"Organization","@id":"https:\/\/dutchhealthstore.com\/de\/#organization","name":"Dutch Health Store","url":"https:\/\/dutchhealthstore.com\/de\/","logo":{"@type":"ImageObject","inLanguage":"de","@id":"https:\/\/dutchhealthstore.com\/de\/#\/schema\/logo\/image\/","url":"https:\/\/dutchhealthstore.com\/wp-content\/uploads\/2020\/08\/logo-dutchhealthstore-jpg-e1599484957574.jpg","contentUrl":"https:\/\/dutchhealthstore.com\/wp-content\/uploads\/2020\/08\/logo-dutchhealthstore-jpg-e1599484957574.jpg","width":400,"height":62,"caption":"Dutch Health Store"},"image":{"@id":"https:\/\/dutchhealthstore.com\/de\/#\/schema\/logo\/image\/"},"sameAs":["https:\/\/www.instagram.com\/dutchhealthstore\/","https:\/\/www.facebook.com\/dutchhealthstore"]}]},"product_brand":"Living Libations","product_price_amount":"64.00","product_price_currency":"EUR","og_availability":"out of stock","product_availability":"out of stock","product_condition":"new"},"_links":{"self":[{"href":"https:\/\/dutchhealthstore.com\/de\/wp-json\/wp\/v2\/product\/116695","targetHints":{"allow":["GET"]}}],"collection":[{"href":"https:\/\/dutchhealthstore.com\/de\/wp-json\/wp\/v2\/product"}],"about":[{"href":"https:\/\/dutchhealthstore.com\/de\/wp-json\/wp\/v2\/types\/product"}],"replies":[{"embeddable":true,"href":"https:\/\/dutchhealthstore.com\/de\/wp-json\/wp\/v2\/comments?post=116695"}],"wp:featuredmedia":[{"embeddable":true,"href":"https:\/\/dutchhealthstore.com\/de\/wp-json\/wp\/v2\/media\/337461"}],"wp:attachment":[{"href":"https:\/\/dutchhealthstore.com\/de\/wp-json\/wp\/v2\/media?parent=116695"}],"wp:term":[{"taxonomy":"product_brand","embeddable":true,"href":"https:\/\/dutchhealthstore.com\/de\/wp-json\/wp\/v2\/product_brand?post=116695"},{"taxonomy":"product_cat","embeddable":true,"href":"https:\/\/dutchhealthstore.com\/de\/wp-json\/wp\/v2\/product_cat?post=116695"},{"taxonomy":"product_tag","embeddable":true,"href":"https:\/\/dutchhealthstore.com\/de\/wp-json\/wp\/v2\/product_tag?post=116695"}],"curies":[{"name":"wp","href":"https:\/\/api.w.org\/{rel}","templated":true}]}}