{"id":116528,"date":"2020-06-25T11:51:10","date_gmt":"2020-06-25T09:51:10","guid":{"rendered":"https:\/\/dutchhealthstore.com\/product\/cacao-absolute\/"},"modified":"2026-02-08T19:28:22","modified_gmt":"2026-02-08T18:28:22","slug":"cacao-absolute","status":"publish","type":"product","link":"https:\/\/dutchhealthstore.com\/de\/product\/cacao-absolute\/","title":{"rendered":"Cacao Absolute"},"content":{"rendered":"<h3><img decoding=\"async\" class=\"size-full wp-image-69549 alignright\" src=\"https:\/\/dutchhealthstore.com\/wp-content\/uploads\/2019\/08\/NEW-Living-Libations-Logo.jpg\" alt=\"NEW - Living Libations - Logo\" width=\"175\" height=\"82\"><\/h3>\n<p><strong>Botanischer Name:<\/strong> Theobroma cacao<br \/>\n<strong>Botanische Familie:<\/strong> Malvaceae<br \/>\n<strong>Extraktionsverfahren:<\/strong> Absolute<br \/>\n<strong>Teil der Pflanze Destilliert:<\/strong> Bohnen<br \/>\n<strong>Herkunftsland:<\/strong> Tansania und destilliert in Frankreich<br \/>\n<strong>Anbaumethode:<\/strong> Bio<br \/>\n<strong>Zusammensetzung:<\/strong> 50% Theobroma cacao 50% biologischer, biodynamischer Alkohol<br \/>\n<strong>Konsistenz Methode:<\/strong> Fest. Durch die Verd\u00fcnnung in Alkohol ist der Kakao absolut gie\u00dffertig. Dieses Absolue l\u00e4sst sich nicht in \u00d6l mischen, sondern nur in einem L\u00f6sungsmittel wie Alkohol oder anderen \u00e4therischen \u00d6len.<\/p>\n<h3>Beschreibung des Duftes<\/h3>\n<p>Tiefgr\u00fcndiger, reichhaltiger, schokoladiger Samt mit Noten von frisch gemahlenem Kaffee, Lik\u00f6r und Karamell.<\/p>\n<h3>Gut mischbar mit<\/h3>\n<p>Vanille, Jasmin, Ylang, Limette, Blutorange, Zitrone, Grapefruit, Sandelholz, Orriswurzel, Honigwabe, Rose, Tuberose, Nelke, Neroli, Mandarine, Petitgrain und Bergamotte.<\/p>\n<h3>Verwendet<\/h3>\n<p>Perfekt f\u00fcr Parfums, die Lust und Freude an der k\u00f6stlichen Erfahrung des Lebens wecken.<\/p>\n<p>Stimulieren Sie Ihre Sinne und befriedigen Sie die s\u00fc\u00dfen Gel\u00fcste Ihrer Seele! Cacao Absolute ist ein reichhaltiges, samtiges Elixier, das die Leidenschaft entfacht und den Appetit auf das Leben anregt. Der von den alten Mittelamerikanern verehrte Kakao ist als &#8222;Nahrung der G\u00f6tter&#8220; bekannt und wird seit langem wegen seines Wertes als Nahrungsmittel und seiner emotionalen und spirituellen Wirkung gesch\u00e4tzt. Dieses hochkonzentrierte Absolue vertreibt Zweifel und steigert das Verlangen. Es ist auch eine k\u00f6stliche, wohltuende Erg\u00e4nzung f\u00fcr K\u00f6rperbutter, individuelle \u00d6lmischungen und Parf\u00fcms.<\/p>\n<p>Schokolade wird seit Menschengedenken gefeiert und hat eine ebenso lange Geschichte wie ihr k\u00f6stlicher Geschmack und Duft. Er war ein beliebtes Nahrungsmittel und Getr\u00e4nk der Maya- und Azteken-Kulturen in Mittelamerika, die auf das Jahr 2600 v. Chr. bzw. das 12. Jahrhundert n. Chr. zur\u00fcckgehen.<\/p>\n<p>In der aztekischen Kultur wurden die Samen oder Bohnen der Kakaopflanze als Zahlungsmittel und zur Herstellung eines heiligen Getr\u00e4nks namens Xocoatl verwendet. Auf einer Steinplatte wurden ger\u00f6stete Mais- und Kakaosamen zusammen mit Zimt, Vanille, Salz, Maca und Chili gemahlen, um eine schmackhafte Mischung zu kreieren, die zu einem k\u00f6stlichen, belebenden Gebr\u00e4u verarbeitet wurde. Schokolade als Getr\u00e4nk zu konsumieren, war ein unglaubliches Privileg, das nur K\u00f6nigen und hohen Priestern vorbehalten war. Xocoatl war ein bekanntes Aphrodisiakum, das mit dem aztekischen Gott Xochipilli in Verbindung gebracht wurde, der der Gott der Musik, der Poesie und der Spiritualit\u00e4t war.<\/p>\n<p>Cacao Absolute enth\u00e4lt die gleichen Verbindungen, die auch in Schokolade enthalten sind und die das Gehirn nach einem Kuss freisetzt. Und nat\u00fcrlich ist Schokolade seit langem daf\u00fcr bekannt, dass sie uns gl\u00fccklich macht. Er bietet einen euphorischen Duft, der das Liebesbed\u00fcrfnis anregen und die Stimmung heben kann.<\/p>\n<p>Wenn Sie ein paar Tropfen dieses destillierten Schokoladennektars in ein Massage\u00f6l, ein Bad oder ein Parf\u00fcm geben, stellen Sie eine direkte olfaktorische Verbindung zur reinen Schokoladeng\u00f6ttlichkeit her; die Geister der alten Azteken und ihres Dichtergottes Xochipilli werden beschworen, um sich beim rituellen Verzehr der &#8222;Nahrung der G\u00f6tter&#8220; zu versammeln.<\/p>\n<p><strong>Gr\u00f6\u00dfe: 5 ml<\/strong><\/p>\n<h3>Bio-Zutaten<\/h3>\n<p>50 % Theobroma cacao und 50 % biologischer, biodynamischer Alkohol.<\/p>\n<p style=\"text-align: center;\"><em>&#8222;Cacao absolute (Theobroma cacao) ist ein dunkelbraunes, dickfl\u00fcssiges Absolue, das aus Kakaobohnen gewonnen wird. Manche Kakao-Absolues sind s\u00fc\u00dfer, manche reichhaltiger, manche bitterer, wie die Sorten dunkler Schokolade. Kakao-Absolue l\u00e4sst sich gut mit den offensichtlichen Schokoladenpartnern &#8211; Minze, Orange, Vanille &#8211; sowie mit Ylang Ylang, Safran und Jasmin kombinieren. Der Duft von Schokolade gilt seit jeher als Aphrodisiakum&#8220;.<\/em><br \/>\n~ Mandy Aftel,<strong> Scents and Sensibilities<\/strong><\/p>\n<p><img fetchpriority=\"high\" decoding=\"async\" class=\"size-medium wp-image-68103 aligncenter\" src=\"https:\/\/dutchhealthstore.com\/wp-content\/uploads\/2018\/02\/Living-Libations-Organic-Logo-800x89.png\" alt=\"Living Libations - Organic Logo\" width=\"800\" height=\"89\" srcset=\"https:\/\/dutchhealthstore.com\/wp-content\/uploads\/2018\/02\/Living-Libations-Organic-Logo-800x89.png 800w, https:\/\/dutchhealthstore.com\/wp-content\/uploads\/2018\/02\/Living-Libations-Organic-Logo-510x57.png 510w, https:\/\/dutchhealthstore.com\/wp-content\/uploads\/2018\/02\/Living-Libations-Organic-Logo-768x85.png 768w, https:\/\/dutchhealthstore.com\/wp-content\/uploads\/2018\/02\/Living-Libations-Organic-Logo.png 1400w\" sizes=\"(max-width: 800px) 100vw, 800px\" \/><\/p>\n","protected":false},"excerpt":{"rendered":"<p>Living Libations <strong>Cacao Absolute<\/strong> ist eine fl\u00fcssige Manifestation alter Schokoladenrituale, Elixiere und g\u00f6ttlicher Schokoladenverehrung.<br \/>\nDieses Absolue wird aus den Bohnen der sonnengetrockneten Kakaofrucht gewonnen und ist ein reichhaltiger, konzentrierter Ausdruck all dessen, was Schokolade zur &#8222;Speise der G\u00f6tter&#8220; macht.<\/p>\n","protected":false},"featured_media":109091,"comment_status":"open","ping_status":"closed","template":"","meta":[],"product_brand":[],"product_cat":[1508,1546,6737,1493,1210,6736],"product_tag":[8681,1547],"class_list":{"0":"post-116528","1":"product","2":"type-product","3":"status-publish","4":"has-post-thumbnail","6":"product_cat-aetherische-oele-living-libations","7":"product_cat-essential-oils-living-libations-de","8":"product_cat-essential-oils-de-2","9":"product_cat-living-libations-deutschland","10":"product_cat-marken","11":"product_cat-wellness-de","12":"product_tag-absolute-de","13":"product_tag-essential-oil-de","14":"pa_brand-livinglibations-de","15":"pa_essential-oils-product-type-essential-oils-de","16":"pa_size-5-ml-de","18":"first","19":"instock","20":"taxable","21":"shipping-taxable","22":"purchasable","23":"product-type-simple"},"bundled_by":[],"bundle_stock_status":"instock","bundle_stock_quantity":3,"bundle_virtual":false,"bundle_layout":"","bundle_add_to_cart_form_location":"","bundle_editable_in_cart":false,"bundle_sold_individually_context":"","bundle_item_grouping":"","bundle_min_size":"","bundle_max_size":"","bundle_price":[],"bundled_items":[],"bundle_sell_ids":[],"atum_controlled":true,"out_stock_date":null,"out_stock_threshold":null,"inheritable":false,"stock_on_hold":0,"sold_today":0,"sales_last_days":0,"out_stock_days":30,"lost_sales":394,"update_date":"2026-04-09T11:40:11","atum_locations":[],"atum_stock_status":"instock","restock_status":false,"low_stock_amount":"","sales_update_date":"2026-04-09T11:40:11","calc_backorders":null,"group_of_quantity":0,"min_quantity":0,"max_quantity":"","exclude_order_quantity_value_rules":"no","exclude_category_quantity_rules":"no","combine_variations":"no","yoast_head":"<!-- This site is optimized with the Yoast SEO Premium plugin v26.5 (Yoast SEO v26.5) - https:\/\/yoast.com\/wordpress\/plugins\/seo\/ -->\n<title>Cacao Absolute | Living Libations<\/title>\n<meta name=\"description\" content=\"Dieses Absolue wird aus den Bohnen der sonnengetrockneten Kakaofrucht gewonnen und ist ein reichhaltiger, konzentrierter Ausdruck all dessen, was Schokolade zur &quot;Speise der G\u00f6tter&quot; macht.\" \/>\n<meta name=\"robots\" content=\"index, follow, max-snippet:-1, max-image-preview:large, max-video-preview:-1\" \/>\n<link rel=\"canonical\" href=\"https:\/\/dutchhealthstore.com\/de\/product\/cacao-absolute\/\" \/>\n<meta property=\"og:locale\" content=\"de_DE\" \/>\n<meta property=\"og:type\" content=\"article\" \/>\n<meta property=\"og:title\" content=\"Cacao Absolute - Dutch Health Store\" \/>\n<meta property=\"og:description\" content=\"Dieses Absolue wird aus den Bohnen der sonnengetrockneten Kakaofrucht gewonnen und ist ein reichhaltiger, konzentrierter Ausdruck all dessen, was Schokolade zur &quot;Speise der G\u00f6tter&quot; macht.\" \/>\n<meta property=\"og:url\" content=\"https:\/\/dutchhealthstore.com\/de\/product\/cacao-absolute\/\" \/>\n<meta property=\"og:site_name\" content=\"Dutch Health Store\" \/>\n<meta property=\"article:publisher\" content=\"https:\/\/www.instagram.com\/dutchhealthstore\/\" \/>\n<meta property=\"article:modified_time\" content=\"2026-02-08T18:28:22+00:00\" \/>\n<meta property=\"og:image\" content=\"https:\/\/dutchhealthstore.com\/wp-content\/uploads\/2020\/06\/Living-Libations-Cacao-Absolute-e1593085069508.jpg\" \/>\n\t<meta property=\"og:image:width\" content=\"500\" \/>\n\t<meta property=\"og:image:height\" content=\"500\" \/>\n\t<meta property=\"og:image:type\" content=\"image\/jpeg\" \/>\n<meta name=\"twitter:card\" content=\"summary_large_image\" \/>\n<meta name=\"twitter:label1\" content=\"Preis\" \/>\n\t<meta name=\"twitter:data1\" content=\"&euro;46,00\" \/>\n\t<meta name=\"twitter:label2\" content=\"Verf\u00fcgbarkeit\" \/>\n\t<meta name=\"twitter:data2\" content=\"Auf Lager\" \/>\n<script type=\"application\/ld+json\" class=\"yoast-schema-graph\">{\"@context\":\"https:\/\/schema.org\",\"@graph\":[{\"@type\":\"WebPage\",\"@id\":\"https:\/\/dutchhealthstore.com\/de\/product\/cacao-absolute\/\",\"url\":\"https:\/\/dutchhealthstore.com\/de\/product\/cacao-absolute\/\",\"name\":\"Cacao Absolute | Living Libations\",\"isPartOf\":{\"@id\":\"https:\/\/dutchhealthstore.com\/de\/#website\"},\"primaryImageOfPage\":{\"@id\":\"https:\/\/dutchhealthstore.com\/de\/product\/cacao-absolute\/#primaryimage\"},\"image\":{\"@id\":\"https:\/\/dutchhealthstore.com\/de\/product\/cacao-absolute\/#primaryimage\"},\"thumbnailUrl\":\"https:\/\/dutchhealthstore.com\/wp-content\/uploads\/2020\/06\/Living-Libations-Cacao-Absolute-e1593085069508.jpg\",\"datePublished\":\"2020-06-25T09:51:10+00:00\",\"dateModified\":\"2026-02-08T18:28:22+00:00\",\"description\":\"Dieses Absolue wird aus den Bohnen der sonnengetrockneten Kakaofrucht gewonnen und ist ein reichhaltiger, konzentrierter Ausdruck all dessen, was Schokolade zur \\\"Speise der G\u00f6tter\\\" macht.\",\"breadcrumb\":{\"@id\":\"https:\/\/dutchhealthstore.com\/de\/product\/cacao-absolute\/#breadcrumb\"},\"inLanguage\":\"de\",\"potentialAction\":[{\"@type\":\"ReadAction\",\"target\":[\"https:\/\/dutchhealthstore.com\/de\/product\/cacao-absolute\/\"]}]},{\"@type\":\"ImageObject\",\"inLanguage\":\"de\",\"@id\":\"https:\/\/dutchhealthstore.com\/de\/product\/cacao-absolute\/#primaryimage\",\"url\":\"https:\/\/dutchhealthstore.com\/wp-content\/uploads\/2020\/06\/Living-Libations-Cacao-Absolute-e1593085069508.jpg\",\"contentUrl\":\"https:\/\/dutchhealthstore.com\/wp-content\/uploads\/2020\/06\/Living-Libations-Cacao-Absolute-e1593085069508.jpg\",\"width\":500,\"height\":500},{\"@type\":\"BreadcrumbList\",\"@id\":\"https:\/\/dutchhealthstore.com\/de\/product\/cacao-absolute\/#breadcrumb\",\"itemListElement\":[{\"@type\":\"ListItem\",\"position\":1,\"name\":\"Home\",\"item\":\"https:\/\/dutchhealthstore.com\/de\/\"},{\"@type\":\"ListItem\",\"position\":2,\"name\":\"Shop\",\"item\":\"https:\/\/dutchhealthstore.com\/de\/shop-2\/\"},{\"@type\":\"ListItem\",\"position\":3,\"name\":\"Cacao Absolute\"}]},{\"@type\":\"WebSite\",\"@id\":\"https:\/\/dutchhealthstore.com\/de\/#website\",\"url\":\"https:\/\/dutchhealthstore.com\/de\/\",\"name\":\"Dutch Health Store\",\"description\":\"Enhance Your Beauty with Organic &amp; Natural Skincare\",\"publisher\":{\"@id\":\"https:\/\/dutchhealthstore.com\/de\/#organization\"},\"potentialAction\":[{\"@type\":\"SearchAction\",\"target\":{\"@type\":\"EntryPoint\",\"urlTemplate\":\"https:\/\/dutchhealthstore.com\/de\/?s={search_term_string}\"},\"query-input\":{\"@type\":\"PropertyValueSpecification\",\"valueRequired\":true,\"valueName\":\"search_term_string\"}}],\"inLanguage\":\"de\"},{\"@type\":\"Organization\",\"@id\":\"https:\/\/dutchhealthstore.com\/de\/#organization\",\"name\":\"Dutch Health Store\",\"url\":\"https:\/\/dutchhealthstore.com\/de\/\",\"logo\":{\"@type\":\"ImageObject\",\"inLanguage\":\"de\",\"@id\":\"https:\/\/dutchhealthstore.com\/de\/#\/schema\/logo\/image\/\",\"url\":\"https:\/\/dutchhealthstore.com\/wp-content\/uploads\/2020\/08\/logo-dutchhealthstore-jpg-e1599484957574.jpg\",\"contentUrl\":\"https:\/\/dutchhealthstore.com\/wp-content\/uploads\/2020\/08\/logo-dutchhealthstore-jpg-e1599484957574.jpg\",\"width\":400,\"height\":62,\"caption\":\"Dutch Health Store\"},\"image\":{\"@id\":\"https:\/\/dutchhealthstore.com\/de\/#\/schema\/logo\/image\/\"},\"sameAs\":[\"https:\/\/www.instagram.com\/dutchhealthstore\/\",\"https:\/\/www.facebook.com\/dutchhealthstore\"]}]}<\/script>\n<meta property=\"product:brand\" content=\"Living Libations\" \/>\n<meta property=\"product:price:amount\" content=\"46.00\" \/>\n<meta property=\"product:price:currency\" content=\"EUR\" \/>\n<meta property=\"og:availability\" content=\"instock\" \/>\n<meta property=\"product:availability\" content=\"instock\" \/>\n<meta property=\"product:condition\" content=\"new\" \/>\n<!-- \/ Yoast SEO Premium plugin. -->","yoast_head_json":{"title":"Cacao Absolute | Living Libations","description":"Dieses Absolue wird aus den Bohnen der sonnengetrockneten Kakaofrucht gewonnen und ist ein reichhaltiger, konzentrierter Ausdruck all dessen, was Schokolade zur \"Speise der G\u00f6tter\" macht.","robots":{"index":"index","follow":"follow","max-snippet":"max-snippet:-1","max-image-preview":"max-image-preview:large","max-video-preview":"max-video-preview:-1"},"canonical":"https:\/\/dutchhealthstore.com\/de\/product\/cacao-absolute\/","og_locale":"de_DE","og_type":"article","og_title":"Cacao Absolute - Dutch Health Store","og_description":"Dieses Absolue wird aus den Bohnen der sonnengetrockneten Kakaofrucht gewonnen und ist ein reichhaltiger, konzentrierter Ausdruck all dessen, was Schokolade zur \"Speise der G\u00f6tter\" macht.","og_url":"https:\/\/dutchhealthstore.com\/de\/product\/cacao-absolute\/","og_site_name":"Dutch Health Store","article_publisher":"https:\/\/www.instagram.com\/dutchhealthstore\/","article_modified_time":"2026-02-08T18:28:22+00:00","og_image":[{"width":500,"height":500,"url":"https:\/\/dutchhealthstore.com\/wp-content\/uploads\/2020\/06\/Living-Libations-Cacao-Absolute-e1593085069508.jpg","type":"image\/jpeg"}],"twitter_card":"summary_large_image","twitter_misc":{"Preis":"&euro;46,00","Verf\u00fcgbarkeit":"Auf Lager"},"schema":{"@context":"https:\/\/schema.org","@graph":[{"@type":"WebPage","@id":"https:\/\/dutchhealthstore.com\/de\/product\/cacao-absolute\/","url":"https:\/\/dutchhealthstore.com\/de\/product\/cacao-absolute\/","name":"Cacao Absolute | Living Libations","isPartOf":{"@id":"https:\/\/dutchhealthstore.com\/de\/#website"},"primaryImageOfPage":{"@id":"https:\/\/dutchhealthstore.com\/de\/product\/cacao-absolute\/#primaryimage"},"image":{"@id":"https:\/\/dutchhealthstore.com\/de\/product\/cacao-absolute\/#primaryimage"},"thumbnailUrl":"https:\/\/dutchhealthstore.com\/wp-content\/uploads\/2020\/06\/Living-Libations-Cacao-Absolute-e1593085069508.jpg","datePublished":"2020-06-25T09:51:10+00:00","dateModified":"2026-02-08T18:28:22+00:00","description":"Dieses Absolue wird aus den Bohnen der sonnengetrockneten Kakaofrucht gewonnen und ist ein reichhaltiger, konzentrierter Ausdruck all dessen, was Schokolade zur \"Speise der G\u00f6tter\" macht.","breadcrumb":{"@id":"https:\/\/dutchhealthstore.com\/de\/product\/cacao-absolute\/#breadcrumb"},"inLanguage":"de","potentialAction":[{"@type":"ReadAction","target":["https:\/\/dutchhealthstore.com\/de\/product\/cacao-absolute\/"]}]},{"@type":"ImageObject","inLanguage":"de","@id":"https:\/\/dutchhealthstore.com\/de\/product\/cacao-absolute\/#primaryimage","url":"https:\/\/dutchhealthstore.com\/wp-content\/uploads\/2020\/06\/Living-Libations-Cacao-Absolute-e1593085069508.jpg","contentUrl":"https:\/\/dutchhealthstore.com\/wp-content\/uploads\/2020\/06\/Living-Libations-Cacao-Absolute-e1593085069508.jpg","width":500,"height":500},{"@type":"BreadcrumbList","@id":"https:\/\/dutchhealthstore.com\/de\/product\/cacao-absolute\/#breadcrumb","itemListElement":[{"@type":"ListItem","position":1,"name":"Home","item":"https:\/\/dutchhealthstore.com\/de\/"},{"@type":"ListItem","position":2,"name":"Shop","item":"https:\/\/dutchhealthstore.com\/de\/shop-2\/"},{"@type":"ListItem","position":3,"name":"Cacao Absolute"}]},{"@type":"WebSite","@id":"https:\/\/dutchhealthstore.com\/de\/#website","url":"https:\/\/dutchhealthstore.com\/de\/","name":"Dutch Health Store","description":"Enhance Your Beauty with Organic &amp; Natural Skincare","publisher":{"@id":"https:\/\/dutchhealthstore.com\/de\/#organization"},"potentialAction":[{"@type":"SearchAction","target":{"@type":"EntryPoint","urlTemplate":"https:\/\/dutchhealthstore.com\/de\/?s={search_term_string}"},"query-input":{"@type":"PropertyValueSpecification","valueRequired":true,"valueName":"search_term_string"}}],"inLanguage":"de"},{"@type":"Organization","@id":"https:\/\/dutchhealthstore.com\/de\/#organization","name":"Dutch Health Store","url":"https:\/\/dutchhealthstore.com\/de\/","logo":{"@type":"ImageObject","inLanguage":"de","@id":"https:\/\/dutchhealthstore.com\/de\/#\/schema\/logo\/image\/","url":"https:\/\/dutchhealthstore.com\/wp-content\/uploads\/2020\/08\/logo-dutchhealthstore-jpg-e1599484957574.jpg","contentUrl":"https:\/\/dutchhealthstore.com\/wp-content\/uploads\/2020\/08\/logo-dutchhealthstore-jpg-e1599484957574.jpg","width":400,"height":62,"caption":"Dutch Health Store"},"image":{"@id":"https:\/\/dutchhealthstore.com\/de\/#\/schema\/logo\/image\/"},"sameAs":["https:\/\/www.instagram.com\/dutchhealthstore\/","https:\/\/www.facebook.com\/dutchhealthstore"]}]},"product_brand":"Living Libations","product_price_amount":"46.00","product_price_currency":"EUR","og_availability":"instock","product_availability":"instock","product_condition":"new"},"_links":{"self":[{"href":"https:\/\/dutchhealthstore.com\/de\/wp-json\/wp\/v2\/product\/116528","targetHints":{"allow":["GET"]}}],"collection":[{"href":"https:\/\/dutchhealthstore.com\/de\/wp-json\/wp\/v2\/product"}],"about":[{"href":"https:\/\/dutchhealthstore.com\/de\/wp-json\/wp\/v2\/types\/product"}],"replies":[{"embeddable":true,"href":"https:\/\/dutchhealthstore.com\/de\/wp-json\/wp\/v2\/comments?post=116528"}],"wp:featuredmedia":[{"embeddable":true,"href":"https:\/\/dutchhealthstore.com\/de\/wp-json\/wp\/v2\/media\/109091"}],"wp:attachment":[{"href":"https:\/\/dutchhealthstore.com\/de\/wp-json\/wp\/v2\/media?parent=116528"}],"wp:term":[{"taxonomy":"product_brand","embeddable":true,"href":"https:\/\/dutchhealthstore.com\/de\/wp-json\/wp\/v2\/product_brand?post=116528"},{"taxonomy":"product_cat","embeddable":true,"href":"https:\/\/dutchhealthstore.com\/de\/wp-json\/wp\/v2\/product_cat?post=116528"},{"taxonomy":"product_tag","embeddable":true,"href":"https:\/\/dutchhealthstore.com\/de\/wp-json\/wp\/v2\/product_tag?post=116528"}],"curies":[{"name":"wp","href":"https:\/\/api.w.org\/{rel}","templated":true}]}}