{"id":116360,"date":"2020-05-13T12:36:28","date_gmt":"2020-05-13T10:36:28","guid":{"rendered":"https:\/\/dutchhealthstore.com\/product\/boronia-absolute\/"},"modified":"2024-08-27T09:18:04","modified_gmt":"2024-08-27T07:18:04","slug":"boronia-absolute","status":"publish","type":"product","link":"https:\/\/dutchhealthstore.com\/de\/product\/boronia-absolute\/","title":{"rendered":"Boronia Absolute"},"content":{"rendered":"<p><img decoding=\"async\" class=\"alignright size-full wp-image-69549\" src=\"https:\/\/dutchhealthstore.com\/wp-content\/uploads\/2019\/08\/NEW-Living-Libations-Logo.jpg\" alt=\"NEW - Living Libations - Logo\" width=\"175\" height=\"82\"><strong>Botanischer Name: <\/strong>Boronia megastigma<br \/>\n<strong>Botanische Familie:<\/strong> Rutaceae<br \/>\n<strong>Extraktionsverfahren:<\/strong> Absolute<br \/>\n<strong>Teil der Pflanze Destilliert:<\/strong> Bl\u00fcten und Bl\u00e4tter<br \/>\n<strong>Herkunftsland:<\/strong> Australien<br \/>\n<strong>Anbaumethode:<\/strong> Bio<br \/>\n<strong>Zusammensetzung:<\/strong> 100% Boronia megastigma<br \/>\n<strong>Konsistenz:<\/strong> Mittlere Viskosit\u00e4t<\/p>\n<p><a href=\"https:\/\/dutchhealthstore.com\/wp-content\/uploads\/2020\/05\/ANALYSIS-Boronia-Absolute-Living-Libations.pdf\"> Klicken Sie hier, um die Produktanalyse Boronia Absolute zu lesen<\/a><\/p>\n<p>Wohlwollendes <strong>Boronia<\/strong> Absolute ist ein k\u00f6stliches Dufterlebnis, das aus den winzigen Bl\u00fctenbl\u00e4ttern des australischen Boronia-Strauchs destilliert wird.<br \/>\nDieser bescheidene, nur einen Meter hohe Strauch strotzt nur so vor Bl\u00fcten im Art-Deco-Stil: au\u00dfen violettbraun, innen kr\u00e4ftig gelb.<br \/>\nDie Bl\u00fctenbl\u00e4tter bilden eine Schale, die die Best\u00e4uber willkommen hei\u00dfen soll, w\u00e4hrend das komplexe, fruchtige und blumige Aroma des Bl\u00fcten\u00f6ls den Bienen keine andere Wahl l\u00e4sst, als in die heiligen Bl\u00fctenfalten zu fliegen.<\/p>\n<h3>Beschreibung des Duftes<\/h3>\n<p>Ein duftender Fruchtcocktail aus Pfirsich, Himbeere und Aprikose, mit reichhaltigen, komplexen Untert\u00f6nen von Veilchen und Holz.<\/p>\n<h3>Gut mischbar mit<\/h3>\n<p>Rose, Jasmin, Tuberose, Sandelholz, Vetiver, Zedernholz, Zitronenmyrte und Ylang.<\/p>\n<h3>Verwendet<\/h3>\n<p>Verliebt aromatisch. Aromatherapie. vertreibt Sorgen. Stimmungsaufheller. Sch\u00f6n in den B\u00e4dern.<\/p>\n<p>Unser wohltuend duftendes Boronia Absolute ist eines der k\u00f6stlichsten und begehrtesten Parf\u00fcms der Welt. Es ist intensiv und begehrt. Dieses Elixier wird aus den s\u00fc\u00dfen \u00d6len der bl\u00fchenden australischen Boronia-Pflanze destilliert und genau in dem Moment eingefangen, in dem sich die Narbe der Bl\u00fcte \u00f6ffnet, um von den Bienen best\u00e4ubt zu werden. Der verst\u00e4rkte Duft lockt Best\u00e4uber an, die sich von diesem warmen, fruchtigen Blumenstrau\u00df angezogen f\u00fchlen.<\/p>\n<p>Boronia Absolute wird wegen seines unvergleichlichen Duftes vor allem in der Parf\u00fcmerie und Aromatherapie verwendet.<br \/>\nDas \u00d6l wurde nach Francesco Borone benannt, einem jungen Botaniker des 18. Jahrhunderts, der w\u00e4hrend seines Studiums bei Sir James Smith einen fr\u00fchen Tod erlitt. Smith hat den duftenden Strauch nach seinem verstorbenen Sch\u00fctzling benannt, um sein Andenken zu ehren.<\/p>\n<p>Der verlockende Duft von Boronia Absolute ist ein Geschenk, das die Stimmung hebt und das Interesse an der Liebe und dem Leben wieder weckt.<br \/>\nAus diesem Grund wird er oft als Liebesduft verwendet, der den nat\u00fcrlichen Tanz nachahmt, der in der Vereinigung von Best\u00e4uber und Bl\u00fcte gipfelt.<\/p>\n<p><strong>Gr\u00f6\u00dfe: 2,5 ml<\/strong><\/p>\n<h3>Bio-Zutaten<\/h3>\n<p>100% Boronia (Boronia megastigma) absolut.<\/p>\n<p style=\"text-align: center;\"><em>&#8222;Das Absolue [boronia] wird in der hochwertigen Parf\u00fcmerie verwendet, vor allem in der Floristik. Wird f\u00fcr spezielle Geschmacksarbeiten verwendet, insbesondere f\u00fcr reichhaltige Fruchtprodukte.&#8220;<\/em><br \/>\n~ Julia Lawless, <strong>The Encyclopedia of Essential Oils<\/strong><\/p>\n<p style=\"text-align: center;\"><em>&#8222;Die Wasserdampfdestillation von Boronia megastigma liefert nur einen \u00e4u\u00dferst geringen Teil des tats\u00e4chlich in den Bl\u00fcten enthaltenen \u00d6ls, und das wasserdampfdestillierte \u00d6l hat einen ganz anderen Geruch als die Bl\u00fcte selbst. Die am besten geeignete Methode zur Gewinnung des nat\u00fcrlichen Bl\u00fcten\u00f6ls von B. megastigma ist die absolute Extraktion&#8230;&#8220;<\/em><br \/>\n~ Niir Board, <strong>The Complete Technology Book of Essential Oils<\/strong><\/p>\n<p><img fetchpriority=\"high\" decoding=\"async\" class=\"size-medium wp-image-68103 aligncenter\" src=\"https:\/\/dutchhealthstore.com\/wp-content\/uploads\/2018\/02\/Living-Libations-Organic-Logo-800x89.png\" alt=\"Living Libations - Organic Logo\" width=\"800\" height=\"89\" srcset=\"https:\/\/dutchhealthstore.com\/wp-content\/uploads\/2018\/02\/Living-Libations-Organic-Logo-800x89.png 800w, https:\/\/dutchhealthstore.com\/wp-content\/uploads\/2018\/02\/Living-Libations-Organic-Logo-510x57.png 510w, https:\/\/dutchhealthstore.com\/wp-content\/uploads\/2018\/02\/Living-Libations-Organic-Logo-768x85.png 768w, https:\/\/dutchhealthstore.com\/wp-content\/uploads\/2018\/02\/Living-Libations-Organic-Logo.png 1400w\" sizes=\"(max-width: 800px) 100vw, 800px\" \/><\/p>\n","protected":false},"excerpt":{"rendered":"<p>|Wohlwollendes <strong>Boronia<\/strong> Absolute ist ein k\u00f6stliches Dufterlebnis, das aus den winzigen Bl\u00fctenbl\u00e4ttern des australischen Boronia-Strauchs destilliert wird.<br \/>\nDieser bescheidene, nur einen Meter hohe Strauch strotzt nur so vor Bl\u00fcten im Art-Deco-Stil: au\u00dfen violettbraun, innen kr\u00e4ftig gelb.<br \/>\nDie Bl\u00fctenbl\u00e4tter bilden eine Schale, die die Best\u00e4uber willkommen hei\u00dfen soll, w\u00e4hrend das komplexe, fruchtige und blumige Aroma des Bl\u00fcten\u00f6ls den Bienen keine andere Wahl l\u00e4sst, als in die heiligen Bl\u00fctenfalten zu fliegen.<\/p>\n","protected":false},"featured_media":101303,"comment_status":"open","ping_status":"closed","template":"","meta":[],"product_brand":[],"product_cat":[1551,1508,6737,1493,1210,6736],"product_tag":[8681,1547],"class_list":{"0":"post-116360","1":"product","2":"type-product","3":"status-publish","4":"has-post-thumbnail","6":"product_cat-absolute-essenz-living-libations","7":"product_cat-aetherische-oele-living-libations","8":"product_cat-essential-oils-de-2","9":"product_cat-living-libations-deutschland","10":"product_cat-marken","11":"product_cat-wellness-de","12":"product_tag-absolute-de","13":"product_tag-essential-oil-de","14":"pa_brand-livinglibations-de","15":"pa_essential-oils-product-type-absolute-essences-de","16":"pa_essential-oils-product-type-essential-oils-de","17":"pa_size-2-5-ml-de","19":"first","20":"instock","21":"taxable","22":"shipping-taxable","23":"purchasable","24":"product-type-simple"},"bundled_by":[],"bundle_stock_status":"instock","bundle_stock_quantity":3,"bundle_virtual":false,"bundle_layout":"","bundle_add_to_cart_form_location":"","bundle_editable_in_cart":false,"bundle_sold_individually_context":"","bundle_item_grouping":"","bundle_min_size":"","bundle_max_size":"","bundle_price":[],"bundled_items":[],"bundle_sell_ids":[],"atum_controlled":true,"out_stock_date":null,"out_stock_threshold":null,"inheritable":false,"stock_on_hold":0,"sold_today":0,"sales_last_days":0,"out_stock_days":0,"lost_sales":0,"update_date":"2026-04-16T00:05:14","atum_locations":[],"atum_stock_status":"instock","restock_status":false,"low_stock_amount":"","sales_update_date":"2026-04-16T00:05:14","calc_backorders":null,"group_of_quantity":0,"min_quantity":0,"max_quantity":"","exclude_order_quantity_value_rules":"no","exclude_category_quantity_rules":"no","combine_variations":"no","yoast_head":"<!-- This site is optimized with the Yoast SEO Premium plugin v26.5 (Yoast SEO v26.5) - https:\/\/yoast.com\/wordpress\/plugins\/seo\/ -->\n<title>Boronia Absolute | Living Libations<\/title>\n<meta name=\"description\" content=\"Wohlwollendes Boronia Absolute ist ein k\u00f6stliches Dufterlebnis, das aus den winzigen Bl\u00fctenbl\u00e4ttern des australischen Boronia-Strauchs destilliert wird.\" \/>\n<meta name=\"robots\" content=\"index, follow, max-snippet:-1, max-image-preview:large, max-video-preview:-1\" \/>\n<link rel=\"canonical\" href=\"https:\/\/dutchhealthstore.com\/de\/product\/boronia-absolute\/\" \/>\n<meta property=\"og:locale\" content=\"de_DE\" \/>\n<meta property=\"og:type\" content=\"article\" \/>\n<meta property=\"og:title\" content=\"Boronia Absolute - Dutch Health Store\" \/>\n<meta property=\"og:description\" content=\"Wohlwollendes Boronia Absolute ist ein k\u00f6stliches Dufterlebnis, das aus den winzigen Bl\u00fctenbl\u00e4ttern des australischen Boronia-Strauchs destilliert wird.\" \/>\n<meta property=\"og:url\" content=\"https:\/\/dutchhealthstore.com\/de\/product\/boronia-absolute\/\" \/>\n<meta property=\"og:site_name\" content=\"Dutch Health Store\" \/>\n<meta property=\"article:publisher\" content=\"https:\/\/www.instagram.com\/dutchhealthstore\/\" \/>\n<meta property=\"article:modified_time\" content=\"2024-08-27T07:18:04+00:00\" \/>\n<meta property=\"og:image\" content=\"https:\/\/dutchhealthstore.com\/wp-content\/uploads\/2020\/05\/Boronia-6-e1594299988960.jpg\" \/>\n\t<meta property=\"og:image:width\" content=\"500\" \/>\n\t<meta property=\"og:image:height\" content=\"500\" \/>\n\t<meta property=\"og:image:type\" content=\"image\/jpeg\" \/>\n<meta name=\"twitter:card\" content=\"summary_large_image\" \/>\n<meta name=\"twitter:label1\" content=\"Preis\" \/>\n\t<meta name=\"twitter:data1\" content=\"&euro;113,00\" \/>\n\t<meta name=\"twitter:label2\" content=\"Verf\u00fcgbarkeit\" \/>\n\t<meta name=\"twitter:data2\" content=\"Auf Lager\" \/>\n<script type=\"application\/ld+json\" class=\"yoast-schema-graph\">{\"@context\":\"https:\/\/schema.org\",\"@graph\":[{\"@type\":\"WebPage\",\"@id\":\"https:\/\/dutchhealthstore.com\/de\/product\/boronia-absolute\/\",\"url\":\"https:\/\/dutchhealthstore.com\/de\/product\/boronia-absolute\/\",\"name\":\"Boronia Absolute | Living Libations\",\"isPartOf\":{\"@id\":\"https:\/\/dutchhealthstore.com\/de\/#website\"},\"primaryImageOfPage\":{\"@id\":\"https:\/\/dutchhealthstore.com\/de\/product\/boronia-absolute\/#primaryimage\"},\"image\":{\"@id\":\"https:\/\/dutchhealthstore.com\/de\/product\/boronia-absolute\/#primaryimage\"},\"thumbnailUrl\":\"https:\/\/dutchhealthstore.com\/wp-content\/uploads\/2020\/05\/Boronia-6-e1594299988960.jpg\",\"datePublished\":\"2020-05-13T10:36:28+00:00\",\"dateModified\":\"2024-08-27T07:18:04+00:00\",\"description\":\"Wohlwollendes Boronia Absolute ist ein k\u00f6stliches Dufterlebnis, das aus den winzigen Bl\u00fctenbl\u00e4ttern des australischen Boronia-Strauchs destilliert wird.\",\"breadcrumb\":{\"@id\":\"https:\/\/dutchhealthstore.com\/de\/product\/boronia-absolute\/#breadcrumb\"},\"inLanguage\":\"de\",\"potentialAction\":[{\"@type\":\"ReadAction\",\"target\":[\"https:\/\/dutchhealthstore.com\/de\/product\/boronia-absolute\/\"]}]},{\"@type\":\"ImageObject\",\"inLanguage\":\"de\",\"@id\":\"https:\/\/dutchhealthstore.com\/de\/product\/boronia-absolute\/#primaryimage\",\"url\":\"https:\/\/dutchhealthstore.com\/wp-content\/uploads\/2020\/05\/Boronia-6-e1594299988960.jpg\",\"contentUrl\":\"https:\/\/dutchhealthstore.com\/wp-content\/uploads\/2020\/05\/Boronia-6-e1594299988960.jpg\",\"width\":500,\"height\":500,\"caption\":\"Boronia Absolute\"},{\"@type\":\"BreadcrumbList\",\"@id\":\"https:\/\/dutchhealthstore.com\/de\/product\/boronia-absolute\/#breadcrumb\",\"itemListElement\":[{\"@type\":\"ListItem\",\"position\":1,\"name\":\"Home\",\"item\":\"https:\/\/dutchhealthstore.com\/de\/\"},{\"@type\":\"ListItem\",\"position\":2,\"name\":\"Shop\",\"item\":\"https:\/\/dutchhealthstore.com\/de\/shop-2\/\"},{\"@type\":\"ListItem\",\"position\":3,\"name\":\"Boronia Absolute\"}]},{\"@type\":\"WebSite\",\"@id\":\"https:\/\/dutchhealthstore.com\/de\/#website\",\"url\":\"https:\/\/dutchhealthstore.com\/de\/\",\"name\":\"Dutch Health Store\",\"description\":\"Enhance Your Beauty with Organic &amp; Natural Skincare\",\"publisher\":{\"@id\":\"https:\/\/dutchhealthstore.com\/de\/#organization\"},\"potentialAction\":[{\"@type\":\"SearchAction\",\"target\":{\"@type\":\"EntryPoint\",\"urlTemplate\":\"https:\/\/dutchhealthstore.com\/de\/?s={search_term_string}\"},\"query-input\":{\"@type\":\"PropertyValueSpecification\",\"valueRequired\":true,\"valueName\":\"search_term_string\"}}],\"inLanguage\":\"de\"},{\"@type\":\"Organization\",\"@id\":\"https:\/\/dutchhealthstore.com\/de\/#organization\",\"name\":\"Dutch Health Store\",\"url\":\"https:\/\/dutchhealthstore.com\/de\/\",\"logo\":{\"@type\":\"ImageObject\",\"inLanguage\":\"de\",\"@id\":\"https:\/\/dutchhealthstore.com\/de\/#\/schema\/logo\/image\/\",\"url\":\"https:\/\/dutchhealthstore.com\/wp-content\/uploads\/2020\/08\/logo-dutchhealthstore-jpg-e1599484957574.jpg\",\"contentUrl\":\"https:\/\/dutchhealthstore.com\/wp-content\/uploads\/2020\/08\/logo-dutchhealthstore-jpg-e1599484957574.jpg\",\"width\":400,\"height\":62,\"caption\":\"Dutch Health Store\"},\"image\":{\"@id\":\"https:\/\/dutchhealthstore.com\/de\/#\/schema\/logo\/image\/\"},\"sameAs\":[\"https:\/\/www.instagram.com\/dutchhealthstore\/\",\"https:\/\/www.facebook.com\/dutchhealthstore\"]}]}<\/script>\n<meta property=\"product:brand\" content=\"Living Libations\" \/>\n<meta property=\"product:price:amount\" content=\"113.00\" \/>\n<meta property=\"product:price:currency\" content=\"EUR\" \/>\n<meta property=\"og:availability\" content=\"instock\" \/>\n<meta property=\"product:availability\" content=\"instock\" \/>\n<meta property=\"product:condition\" content=\"new\" \/>\n<!-- \/ Yoast SEO Premium plugin. -->","yoast_head_json":{"title":"Boronia Absolute | Living Libations","description":"Wohlwollendes Boronia Absolute ist ein k\u00f6stliches Dufterlebnis, das aus den winzigen Bl\u00fctenbl\u00e4ttern des australischen Boronia-Strauchs destilliert wird.","robots":{"index":"index","follow":"follow","max-snippet":"max-snippet:-1","max-image-preview":"max-image-preview:large","max-video-preview":"max-video-preview:-1"},"canonical":"https:\/\/dutchhealthstore.com\/de\/product\/boronia-absolute\/","og_locale":"de_DE","og_type":"article","og_title":"Boronia Absolute - Dutch Health Store","og_description":"Wohlwollendes Boronia Absolute ist ein k\u00f6stliches Dufterlebnis, das aus den winzigen Bl\u00fctenbl\u00e4ttern des australischen Boronia-Strauchs destilliert wird.","og_url":"https:\/\/dutchhealthstore.com\/de\/product\/boronia-absolute\/","og_site_name":"Dutch Health Store","article_publisher":"https:\/\/www.instagram.com\/dutchhealthstore\/","article_modified_time":"2024-08-27T07:18:04+00:00","og_image":[{"width":500,"height":500,"url":"https:\/\/dutchhealthstore.com\/wp-content\/uploads\/2020\/05\/Boronia-6-e1594299988960.jpg","type":"image\/jpeg"}],"twitter_card":"summary_large_image","twitter_misc":{"Preis":"&euro;113,00","Verf\u00fcgbarkeit":"Auf Lager"},"schema":{"@context":"https:\/\/schema.org","@graph":[{"@type":"WebPage","@id":"https:\/\/dutchhealthstore.com\/de\/product\/boronia-absolute\/","url":"https:\/\/dutchhealthstore.com\/de\/product\/boronia-absolute\/","name":"Boronia Absolute | Living Libations","isPartOf":{"@id":"https:\/\/dutchhealthstore.com\/de\/#website"},"primaryImageOfPage":{"@id":"https:\/\/dutchhealthstore.com\/de\/product\/boronia-absolute\/#primaryimage"},"image":{"@id":"https:\/\/dutchhealthstore.com\/de\/product\/boronia-absolute\/#primaryimage"},"thumbnailUrl":"https:\/\/dutchhealthstore.com\/wp-content\/uploads\/2020\/05\/Boronia-6-e1594299988960.jpg","datePublished":"2020-05-13T10:36:28+00:00","dateModified":"2024-08-27T07:18:04+00:00","description":"Wohlwollendes Boronia Absolute ist ein k\u00f6stliches Dufterlebnis, das aus den winzigen Bl\u00fctenbl\u00e4ttern des australischen Boronia-Strauchs destilliert wird.","breadcrumb":{"@id":"https:\/\/dutchhealthstore.com\/de\/product\/boronia-absolute\/#breadcrumb"},"inLanguage":"de","potentialAction":[{"@type":"ReadAction","target":["https:\/\/dutchhealthstore.com\/de\/product\/boronia-absolute\/"]}]},{"@type":"ImageObject","inLanguage":"de","@id":"https:\/\/dutchhealthstore.com\/de\/product\/boronia-absolute\/#primaryimage","url":"https:\/\/dutchhealthstore.com\/wp-content\/uploads\/2020\/05\/Boronia-6-e1594299988960.jpg","contentUrl":"https:\/\/dutchhealthstore.com\/wp-content\/uploads\/2020\/05\/Boronia-6-e1594299988960.jpg","width":500,"height":500,"caption":"Boronia Absolute"},{"@type":"BreadcrumbList","@id":"https:\/\/dutchhealthstore.com\/de\/product\/boronia-absolute\/#breadcrumb","itemListElement":[{"@type":"ListItem","position":1,"name":"Home","item":"https:\/\/dutchhealthstore.com\/de\/"},{"@type":"ListItem","position":2,"name":"Shop","item":"https:\/\/dutchhealthstore.com\/de\/shop-2\/"},{"@type":"ListItem","position":3,"name":"Boronia Absolute"}]},{"@type":"WebSite","@id":"https:\/\/dutchhealthstore.com\/de\/#website","url":"https:\/\/dutchhealthstore.com\/de\/","name":"Dutch Health Store","description":"Enhance Your Beauty with Organic &amp; Natural Skincare","publisher":{"@id":"https:\/\/dutchhealthstore.com\/de\/#organization"},"potentialAction":[{"@type":"SearchAction","target":{"@type":"EntryPoint","urlTemplate":"https:\/\/dutchhealthstore.com\/de\/?s={search_term_string}"},"query-input":{"@type":"PropertyValueSpecification","valueRequired":true,"valueName":"search_term_string"}}],"inLanguage":"de"},{"@type":"Organization","@id":"https:\/\/dutchhealthstore.com\/de\/#organization","name":"Dutch Health Store","url":"https:\/\/dutchhealthstore.com\/de\/","logo":{"@type":"ImageObject","inLanguage":"de","@id":"https:\/\/dutchhealthstore.com\/de\/#\/schema\/logo\/image\/","url":"https:\/\/dutchhealthstore.com\/wp-content\/uploads\/2020\/08\/logo-dutchhealthstore-jpg-e1599484957574.jpg","contentUrl":"https:\/\/dutchhealthstore.com\/wp-content\/uploads\/2020\/08\/logo-dutchhealthstore-jpg-e1599484957574.jpg","width":400,"height":62,"caption":"Dutch Health Store"},"image":{"@id":"https:\/\/dutchhealthstore.com\/de\/#\/schema\/logo\/image\/"},"sameAs":["https:\/\/www.instagram.com\/dutchhealthstore\/","https:\/\/www.facebook.com\/dutchhealthstore"]}]},"product_brand":"Living Libations","product_price_amount":"113.00","product_price_currency":"EUR","og_availability":"instock","product_availability":"instock","product_condition":"new"},"_links":{"self":[{"href":"https:\/\/dutchhealthstore.com\/de\/wp-json\/wp\/v2\/product\/116360","targetHints":{"allow":["GET"]}}],"collection":[{"href":"https:\/\/dutchhealthstore.com\/de\/wp-json\/wp\/v2\/product"}],"about":[{"href":"https:\/\/dutchhealthstore.com\/de\/wp-json\/wp\/v2\/types\/product"}],"replies":[{"embeddable":true,"href":"https:\/\/dutchhealthstore.com\/de\/wp-json\/wp\/v2\/comments?post=116360"}],"wp:featuredmedia":[{"embeddable":true,"href":"https:\/\/dutchhealthstore.com\/de\/wp-json\/wp\/v2\/media\/101303"}],"wp:attachment":[{"href":"https:\/\/dutchhealthstore.com\/de\/wp-json\/wp\/v2\/media?parent=116360"}],"wp:term":[{"taxonomy":"product_brand","embeddable":true,"href":"https:\/\/dutchhealthstore.com\/de\/wp-json\/wp\/v2\/product_brand?post=116360"},{"taxonomy":"product_cat","embeddable":true,"href":"https:\/\/dutchhealthstore.com\/de\/wp-json\/wp\/v2\/product_cat?post=116360"},{"taxonomy":"product_tag","embeddable":true,"href":"https:\/\/dutchhealthstore.com\/de\/wp-json\/wp\/v2\/product_tag?post=116360"}],"curies":[{"name":"wp","href":"https:\/\/api.w.org\/{rel}","templated":true}]}}