{"id":116226,"date":"2020-07-07T13:23:24","date_gmt":"2020-07-07T11:23:24","guid":{"rendered":"https:\/\/dutchhealthstore.com\/product\/black-pepper-essential-oil\/"},"modified":"2025-04-07T10:31:18","modified_gmt":"2025-04-07T08:31:18","slug":"black-pepper-essential-oil","status":"publish","type":"product","link":"https:\/\/dutchhealthstore.com\/de\/product\/black-pepper-essential-oil\/","title":{"rendered":"Black Pepper Essential Oil"},"content":{"rendered":"<p><strong><img decoding=\"async\" class=\"size-full wp-image-69549 alignright\" src=\"https:\/\/dutchhealthstore.com\/wp-content\/uploads\/2019\/08\/NEW-Living-Libations-Logo.jpg\" alt=\"NEW - Living Libations - Logo\" width=\"175\" height=\"82\">Botanischer Name:<\/strong> Piper nigrum<br \/>\n<strong>Botanische Familie:<\/strong> Piperaceae<br \/>\n<strong>Extraktionsverfahren:<\/strong> Dampfdestilliert<br \/>\n<strong>Teil der Pflanze Destilliert:<\/strong> Pfefferkornbeeren<br \/>\n<strong>Herkunftsland<\/strong>: Madagaskar<br \/>\n<strong>Anbaumethode:<\/strong> Bio<br \/>\n<strong>Zusammensetzung:<\/strong> 100% Piper nigrum<br \/>\n<strong>Konsistenz:<\/strong> D\u00fcnne Viskosit\u00e4t<\/p>\n<h3>Beschreibung des Duftes<\/h3>\n<p>Sinnliche, w\u00fcrzige, warme und holzige, pikante Noten mit gr\u00fcnlichen Ankl\u00e4ngen von Kr\u00e4utermoschus.<\/p>\n<h3>Gut mischbar mit<\/h3>\n<p>Ylang, Sandelholz, Kardamom, Zitrone, Orange, Vanille, Nelke, Zimt, Vetiver, Jasmin, Geranie, Majoran, Pfefferminze und Lavendel.<\/p>\n<a href=\"https:\/\/dutchhealthstore.com\/wp-content\/uploads\/2020\/07\/ANALYSIS-Black-Pepper-Essential-Oil-Living-Libations.pdf\" class=\"button primary is-primary is-small\"  >\n\t\t<span>ANALYSE DER \u00c4THERISCHEN \u00d6LE &gt;<\/span>\n\t<\/a>\n\n<h3>Kontraindikation<\/h3>\n<p>Dieses \u00d6l kann in h\u00f6heren Konzentrationen hautreizend sein; verd\u00fcnnen Sie es vor der Anwendung auf weniger als 1 %.<\/p>\n<h3>Verwendet<\/h3>\n<p>Bei tr\u00fcbem Kopf und \u00fcberm\u00e4\u00dfigem Essen geben Sie je zwei Tropfen Pfeffer, Fenchel und Zypresse in ein hei\u00dfes Bad und inhalieren Sie die D\u00e4mpfe. Mischen Sie ein muskelschmelzendes Massage\u00f6l mit Wacholder, Arnika und Majoran. Nutzen Sie das appetitliche Aroma des \u00d6ls. Eine Prise Pfeffer in Parf\u00fcms schafft eine w\u00fcrzige Verschiebung hin zu einem verf\u00fchrerischen, sinnlichen Aroma. Angenehm in Salzpfeifen oder einem Diffusor, um M\u00fcdigkeit zu bek\u00e4mpfen, die Atmung zu beleben und die geistige Konzentration zu maximieren.<\/p>\n<p>Scharfer Pfeffer enth\u00e4lt zahlreiche sekund\u00e4re Pflanzenstoffe wie Terpinoid-Kohlenwasserstoffe, Piperin, Pinen, Caryophyllen, Limonen, Sabinen, Phellandren, Oleoresine und Alkaloide. Diese kosmische Kombination erzeugt einen st\u00e4rkenden Duft, der ein warmes, durchdringendes Aroma verstr\u00f6mt, das den Geist belebt und die Konzentration f\u00f6rdert. Diese w\u00e4rmenden Eigenschaften machen den Pfeffer zu einem gesch\u00e4tzten Rubbelmittel, das bei Massagen zur Beruhigung und Energetisierung eingesetzt wird. Dar\u00fcber hinaus werden die w\u00fcrzigen Sekrete des Pfeffers in der Parf\u00fcmerie f\u00fcr die Herstellung feuriger, sinnlicher Akkorde und Moschusaromen gesch\u00e4tzt.<\/p>\n<p><strong>Gr\u00f6\u00dfe: 5 ml und 15 ml<\/strong><\/p>\n<h3>Bio-Zutaten<\/h3>\n<p>\u00c4therisches \u00d6l aus 100% M\u00f6nchspfeffer (Piper nigrum).<\/p>\n<p style=\"text-align: center;\"><em>&#8222;Schwarzer Pfeffer erm\u00f6glicht es uns, auf die innere Stimme der Inspiration zu h\u00f6ren und Risiken einzugehen, in dem Wissen, dass, was auch immer passiert, nur wir sie eingegangen sind.&#8220;<\/em><br \/>\n~ Valerie Ann Worwood, <strong>Aromatherapy for the Soul<\/strong><\/p>\n<p style=\"text-align: center;\"><em>&#8222;Pfeffer hat eine w\u00e4rmende und beruhigende Eigenschaft, die ihn bei K\u00e4ltegef\u00fchlen k\u00f6rperlicher oder emotionaler Art n\u00fctzlich macht. Er wird als Aphrodisiakum beschrieben, wahrscheinlich aufgrund seiner stark stimulierenden Wirkung.<\/em><br \/>\n~ Julia Lawless, <strong>Aromatherapy and the Mind<\/strong><\/p>\n<p style=\"text-align: center;\"><em>&#8222;Such epithets, like pepper,<\/em><br \/>\n<em>give zest to what you write;<\/em><br \/>\n<em>And, if you strew them sparely,<\/em><br \/>\n<em>they whet the appetite:<\/em><br \/>\n<em>But if you lay them on too thick,<\/em><br \/>\n<em>you spoil the matter quite!<\/em><br \/>\n~ Lewis Carroll, <strong>Poeta Fit, Non Nascitur<\/strong><\/p>\n<p style=\"text-align: center;\"><strong><img fetchpriority=\"high\" decoding=\"async\" class=\"size-medium wp-image-68103 aligncenter\" src=\"https:\/\/dutchhealthstore.com\/wp-content\/uploads\/2018\/02\/Living-Libations-Organic-Logo-800x89.png\" alt=\"Living Libations - Organic Logo\" width=\"800\" height=\"89\" srcset=\"https:\/\/dutchhealthstore.com\/wp-content\/uploads\/2018\/02\/Living-Libations-Organic-Logo-800x89.png 800w, https:\/\/dutchhealthstore.com\/wp-content\/uploads\/2018\/02\/Living-Libations-Organic-Logo-510x57.png 510w, https:\/\/dutchhealthstore.com\/wp-content\/uploads\/2018\/02\/Living-Libations-Organic-Logo-768x85.png 768w, https:\/\/dutchhealthstore.com\/wp-content\/uploads\/2018\/02\/Living-Libations-Organic-Logo.png 1400w\" sizes=\"(max-width: 800px) 100vw, 800px\" \/><\/strong><\/p>\n","protected":false},"excerpt":{"rendered":"<p>Pikantes <strong>Black Pepper Essential Oil<\/strong> ist eine sinnliche und w\u00fcrzige Essenz mit w\u00e4rmenden Eigenschaften. Dieses uralte aromatische Gew\u00fcrz wurde aus den unreifen Beeren des Pfefferstrauchs destilliert und \u00fcber Speisen gestreut, um sie zu w\u00fcrzen und zu konservieren, und es hat die Einbalsamierungsprozesse im alten \u00c4gypten unterst\u00fctzt.<br \/>\nAls eine der ersten Waren, die auf der Gew\u00fcrzroute transportiert wurden, galt Pfeffer als wertvoller als Gold und f\u00fchrte zu Kriegen zwischen den L\u00e4ndern, die den Anbau dieser potenten Pflanze kontrollieren wollten.<br \/>\nHeute wird Pfeffer als Partner des Salzes betrachtet, doch sein scharfer, w\u00fcrziger Geschmack verblasst im Vergleich zu seinen zahlreichen Vorz\u00fcgen. Die geheime Kraft des Schwarzen Pfeffers ist seine warme, anregende und entz\u00fcndende Liebesfl\u00fcssigkeit.<\/p>\n","protected":false},"featured_media":111893,"comment_status":"open","ping_status":"closed","template":"","meta":[],"product_brand":[],"product_cat":[1508,1546,6737,1493,1210,6736],"product_tag":[1547],"class_list":{"0":"post-116226","1":"product","2":"type-product","3":"status-publish","4":"has-post-thumbnail","6":"product_cat-aetherische-oele-living-libations","7":"product_cat-essential-oils-living-libations-de","8":"product_cat-essential-oils-de-2","9":"product_cat-living-libations-deutschland","10":"product_cat-marken","11":"product_cat-wellness-de","12":"product_tag-essential-oil-de","13":"pa_brand-livinglibations-de","14":"pa_essential-oils-product-type-essential-oils-de","15":"pa_size-5-ml-de","16":"pa_size-15-ml-de-2","18":"first","19":"instock","20":"taxable","21":"shipping-taxable","22":"purchasable","23":"product-type-variable"},"bundled_by":[],"bundle_stock_status":"instock","bundle_stock_quantity":null,"bundle_virtual":false,"bundle_layout":"","bundle_add_to_cart_form_location":"","bundle_editable_in_cart":false,"bundle_sold_individually_context":"","bundle_item_grouping":"","bundle_min_size":"","bundle_max_size":"","bundle_price":[],"bundled_items":[],"bundle_sell_ids":[],"atum_controlled":true,"out_stock_date":"2021-02-21 18:30:14","out_stock_threshold":null,"inheritable":true,"stock_on_hold":0,"sold_today":0,"sales_last_days":0,"out_stock_days":1870,"lost_sales":0,"update_date":"2026-04-07T01:46:31","atum_locations":[],"atum_stock_status":"instock","restock_status":false,"low_stock_amount":"","sales_update_date":"2026-04-07T01:46:31","calc_backorders":null,"group_of_quantity":0,"min_quantity":0,"max_quantity":"","exclude_order_quantity_value_rules":"no","exclude_category_quantity_rules":"no","combine_variations":"no","yoast_head":"<!-- This site is optimized with the Yoast SEO Premium plugin v26.5 (Yoast SEO v26.5) - https:\/\/yoast.com\/wordpress\/plugins\/seo\/ -->\n<title>Black Pepper Essential Oil | Living Libations<\/title>\n<meta name=\"description\" content=\"Pikantes Black Pepper Essential Oil ist eine sinnliche und w\u00fcrzige Essenz mit w\u00e4rmenden Eigenschaften.\" \/>\n<meta name=\"robots\" content=\"index, follow, max-snippet:-1, max-image-preview:large, max-video-preview:-1\" \/>\n<link rel=\"canonical\" href=\"https:\/\/dutchhealthstore.com\/de\/product\/black-pepper-essential-oil\/\" \/>\n<meta property=\"og:locale\" content=\"de_DE\" \/>\n<meta property=\"og:type\" content=\"article\" \/>\n<meta property=\"og:title\" content=\"Black Pepper Essential Oil - Dutch Health Store\" \/>\n<meta property=\"og:description\" content=\"Pikantes Black Pepper Essential Oil ist eine sinnliche und w\u00fcrzige Essenz mit w\u00e4rmenden Eigenschaften.\" \/>\n<meta property=\"og:url\" content=\"https:\/\/dutchhealthstore.com\/de\/product\/black-pepper-essential-oil\/\" \/>\n<meta property=\"og:site_name\" content=\"Dutch Health Store\" \/>\n<meta property=\"article:publisher\" content=\"https:\/\/www.instagram.com\/dutchhealthstore\/\" \/>\n<meta property=\"article:modified_time\" content=\"2025-04-07T08:31:18+00:00\" \/>\n<meta property=\"og:image\" content=\"https:\/\/dutchhealthstore.com\/wp-content\/uploads\/2020\/07\/Living-Libations-Black-Pepper-Essential-Oil-e1594127467592.jpg\" \/>\n\t<meta property=\"og:image:width\" content=\"500\" \/>\n\t<meta property=\"og:image:height\" content=\"500\" \/>\n\t<meta property=\"og:image:type\" content=\"image\/jpeg\" \/>\n<meta name=\"twitter:card\" content=\"summary_large_image\" \/>\n<meta name=\"twitter:label1\" content=\"Verf\u00fcgbarkeit\" \/>\n\t<meta name=\"twitter:data1\" content=\"Auf Lager\" \/>\n<script type=\"application\/ld+json\" class=\"yoast-schema-graph\">{\"@context\":\"https:\/\/schema.org\",\"@graph\":[{\"@type\":\"WebPage\",\"@id\":\"https:\/\/dutchhealthstore.com\/de\/product\/black-pepper-essential-oil\/\",\"url\":\"https:\/\/dutchhealthstore.com\/de\/product\/black-pepper-essential-oil\/\",\"name\":\"Black Pepper Essential Oil | Living Libations\",\"isPartOf\":{\"@id\":\"https:\/\/dutchhealthstore.com\/de\/#website\"},\"primaryImageOfPage\":{\"@id\":\"https:\/\/dutchhealthstore.com\/de\/product\/black-pepper-essential-oil\/#primaryimage\"},\"image\":{\"@id\":\"https:\/\/dutchhealthstore.com\/de\/product\/black-pepper-essential-oil\/#primaryimage\"},\"thumbnailUrl\":\"https:\/\/dutchhealthstore.com\/wp-content\/uploads\/2020\/07\/Living-Libations-Black-Pepper-Essential-Oil-e1594127467592.jpg\",\"datePublished\":\"2020-07-07T11:23:24+00:00\",\"dateModified\":\"2025-04-07T08:31:18+00:00\",\"description\":\"Pikantes Black Pepper Essential Oil ist eine sinnliche und w\u00fcrzige Essenz mit w\u00e4rmenden Eigenschaften.\",\"breadcrumb\":{\"@id\":\"https:\/\/dutchhealthstore.com\/de\/product\/black-pepper-essential-oil\/#breadcrumb\"},\"inLanguage\":\"de\",\"potentialAction\":[{\"@type\":\"ReadAction\",\"target\":[\"https:\/\/dutchhealthstore.com\/de\/product\/black-pepper-essential-oil\/\"]}]},{\"@type\":\"ImageObject\",\"inLanguage\":\"de\",\"@id\":\"https:\/\/dutchhealthstore.com\/de\/product\/black-pepper-essential-oil\/#primaryimage\",\"url\":\"https:\/\/dutchhealthstore.com\/wp-content\/uploads\/2020\/07\/Living-Libations-Black-Pepper-Essential-Oil-e1594127467592.jpg\",\"contentUrl\":\"https:\/\/dutchhealthstore.com\/wp-content\/uploads\/2020\/07\/Living-Libations-Black-Pepper-Essential-Oil-e1594127467592.jpg\",\"width\":500,\"height\":500,\"caption\":\"Living Libations Black Pepper Essential Oil\"},{\"@type\":\"BreadcrumbList\",\"@id\":\"https:\/\/dutchhealthstore.com\/de\/product\/black-pepper-essential-oil\/#breadcrumb\",\"itemListElement\":[{\"@type\":\"ListItem\",\"position\":1,\"name\":\"Home\",\"item\":\"https:\/\/dutchhealthstore.com\/de\/\"},{\"@type\":\"ListItem\",\"position\":2,\"name\":\"Shop\",\"item\":\"https:\/\/dutchhealthstore.com\/de\/shop-2\/\"},{\"@type\":\"ListItem\",\"position\":3,\"name\":\"Black Pepper Essential Oil\"}]},{\"@type\":\"WebSite\",\"@id\":\"https:\/\/dutchhealthstore.com\/de\/#website\",\"url\":\"https:\/\/dutchhealthstore.com\/de\/\",\"name\":\"Dutch Health Store\",\"description\":\"Enhance Your Beauty with Organic &amp; Natural Skincare\",\"publisher\":{\"@id\":\"https:\/\/dutchhealthstore.com\/de\/#organization\"},\"potentialAction\":[{\"@type\":\"SearchAction\",\"target\":{\"@type\":\"EntryPoint\",\"urlTemplate\":\"https:\/\/dutchhealthstore.com\/de\/?s={search_term_string}\"},\"query-input\":{\"@type\":\"PropertyValueSpecification\",\"valueRequired\":true,\"valueName\":\"search_term_string\"}}],\"inLanguage\":\"de\"},{\"@type\":\"Organization\",\"@id\":\"https:\/\/dutchhealthstore.com\/de\/#organization\",\"name\":\"Dutch Health Store\",\"url\":\"https:\/\/dutchhealthstore.com\/de\/\",\"logo\":{\"@type\":\"ImageObject\",\"inLanguage\":\"de\",\"@id\":\"https:\/\/dutchhealthstore.com\/de\/#\/schema\/logo\/image\/\",\"url\":\"https:\/\/dutchhealthstore.com\/wp-content\/uploads\/2020\/08\/logo-dutchhealthstore-jpg-e1599484957574.jpg\",\"contentUrl\":\"https:\/\/dutchhealthstore.com\/wp-content\/uploads\/2020\/08\/logo-dutchhealthstore-jpg-e1599484957574.jpg\",\"width\":400,\"height\":62,\"caption\":\"Dutch Health Store\"},\"image\":{\"@id\":\"https:\/\/dutchhealthstore.com\/de\/#\/schema\/logo\/image\/\"},\"sameAs\":[\"https:\/\/www.instagram.com\/dutchhealthstore\/\",\"https:\/\/www.facebook.com\/dutchhealthstore\"]}]}<\/script>\n<meta property=\"product:brand\" content=\"Living Libations\" \/>\n<meta property=\"og:availability\" content=\"instock\" \/>\n<meta property=\"product:availability\" content=\"instock\" \/>\n<meta property=\"product:condition\" content=\"new\" \/>\n<!-- \/ Yoast SEO Premium plugin. -->","yoast_head_json":{"title":"Black Pepper Essential Oil | Living Libations","description":"Pikantes Black Pepper Essential Oil ist eine sinnliche und w\u00fcrzige Essenz mit w\u00e4rmenden Eigenschaften.","robots":{"index":"index","follow":"follow","max-snippet":"max-snippet:-1","max-image-preview":"max-image-preview:large","max-video-preview":"max-video-preview:-1"},"canonical":"https:\/\/dutchhealthstore.com\/de\/product\/black-pepper-essential-oil\/","og_locale":"de_DE","og_type":"article","og_title":"Black Pepper Essential Oil - Dutch Health Store","og_description":"Pikantes Black Pepper Essential Oil ist eine sinnliche und w\u00fcrzige Essenz mit w\u00e4rmenden Eigenschaften.","og_url":"https:\/\/dutchhealthstore.com\/de\/product\/black-pepper-essential-oil\/","og_site_name":"Dutch Health Store","article_publisher":"https:\/\/www.instagram.com\/dutchhealthstore\/","article_modified_time":"2025-04-07T08:31:18+00:00","og_image":[{"width":500,"height":500,"url":"https:\/\/dutchhealthstore.com\/wp-content\/uploads\/2020\/07\/Living-Libations-Black-Pepper-Essential-Oil-e1594127467592.jpg","type":"image\/jpeg"}],"twitter_card":"summary_large_image","twitter_misc":{"Verf\u00fcgbarkeit":"Auf Lager"},"schema":{"@context":"https:\/\/schema.org","@graph":[{"@type":"WebPage","@id":"https:\/\/dutchhealthstore.com\/de\/product\/black-pepper-essential-oil\/","url":"https:\/\/dutchhealthstore.com\/de\/product\/black-pepper-essential-oil\/","name":"Black Pepper Essential Oil | Living Libations","isPartOf":{"@id":"https:\/\/dutchhealthstore.com\/de\/#website"},"primaryImageOfPage":{"@id":"https:\/\/dutchhealthstore.com\/de\/product\/black-pepper-essential-oil\/#primaryimage"},"image":{"@id":"https:\/\/dutchhealthstore.com\/de\/product\/black-pepper-essential-oil\/#primaryimage"},"thumbnailUrl":"https:\/\/dutchhealthstore.com\/wp-content\/uploads\/2020\/07\/Living-Libations-Black-Pepper-Essential-Oil-e1594127467592.jpg","datePublished":"2020-07-07T11:23:24+00:00","dateModified":"2025-04-07T08:31:18+00:00","description":"Pikantes Black Pepper Essential Oil ist eine sinnliche und w\u00fcrzige Essenz mit w\u00e4rmenden Eigenschaften.","breadcrumb":{"@id":"https:\/\/dutchhealthstore.com\/de\/product\/black-pepper-essential-oil\/#breadcrumb"},"inLanguage":"de","potentialAction":[{"@type":"ReadAction","target":["https:\/\/dutchhealthstore.com\/de\/product\/black-pepper-essential-oil\/"]}]},{"@type":"ImageObject","inLanguage":"de","@id":"https:\/\/dutchhealthstore.com\/de\/product\/black-pepper-essential-oil\/#primaryimage","url":"https:\/\/dutchhealthstore.com\/wp-content\/uploads\/2020\/07\/Living-Libations-Black-Pepper-Essential-Oil-e1594127467592.jpg","contentUrl":"https:\/\/dutchhealthstore.com\/wp-content\/uploads\/2020\/07\/Living-Libations-Black-Pepper-Essential-Oil-e1594127467592.jpg","width":500,"height":500,"caption":"Living Libations Black Pepper Essential Oil"},{"@type":"BreadcrumbList","@id":"https:\/\/dutchhealthstore.com\/de\/product\/black-pepper-essential-oil\/#breadcrumb","itemListElement":[{"@type":"ListItem","position":1,"name":"Home","item":"https:\/\/dutchhealthstore.com\/de\/"},{"@type":"ListItem","position":2,"name":"Shop","item":"https:\/\/dutchhealthstore.com\/de\/shop-2\/"},{"@type":"ListItem","position":3,"name":"Black Pepper Essential Oil"}]},{"@type":"WebSite","@id":"https:\/\/dutchhealthstore.com\/de\/#website","url":"https:\/\/dutchhealthstore.com\/de\/","name":"Dutch Health Store","description":"Enhance Your Beauty with Organic &amp; Natural Skincare","publisher":{"@id":"https:\/\/dutchhealthstore.com\/de\/#organization"},"potentialAction":[{"@type":"SearchAction","target":{"@type":"EntryPoint","urlTemplate":"https:\/\/dutchhealthstore.com\/de\/?s={search_term_string}"},"query-input":{"@type":"PropertyValueSpecification","valueRequired":true,"valueName":"search_term_string"}}],"inLanguage":"de"},{"@type":"Organization","@id":"https:\/\/dutchhealthstore.com\/de\/#organization","name":"Dutch Health Store","url":"https:\/\/dutchhealthstore.com\/de\/","logo":{"@type":"ImageObject","inLanguage":"de","@id":"https:\/\/dutchhealthstore.com\/de\/#\/schema\/logo\/image\/","url":"https:\/\/dutchhealthstore.com\/wp-content\/uploads\/2020\/08\/logo-dutchhealthstore-jpg-e1599484957574.jpg","contentUrl":"https:\/\/dutchhealthstore.com\/wp-content\/uploads\/2020\/08\/logo-dutchhealthstore-jpg-e1599484957574.jpg","width":400,"height":62,"caption":"Dutch Health Store"},"image":{"@id":"https:\/\/dutchhealthstore.com\/de\/#\/schema\/logo\/image\/"},"sameAs":["https:\/\/www.instagram.com\/dutchhealthstore\/","https:\/\/www.facebook.com\/dutchhealthstore"]}]},"product_brand":"Living Libations","og_availability":"instock","product_availability":"instock","product_condition":"new"},"_links":{"self":[{"href":"https:\/\/dutchhealthstore.com\/de\/wp-json\/wp\/v2\/product\/116226","targetHints":{"allow":["GET"]}}],"collection":[{"href":"https:\/\/dutchhealthstore.com\/de\/wp-json\/wp\/v2\/product"}],"about":[{"href":"https:\/\/dutchhealthstore.com\/de\/wp-json\/wp\/v2\/types\/product"}],"replies":[{"embeddable":true,"href":"https:\/\/dutchhealthstore.com\/de\/wp-json\/wp\/v2\/comments?post=116226"}],"wp:featuredmedia":[{"embeddable":true,"href":"https:\/\/dutchhealthstore.com\/de\/wp-json\/wp\/v2\/media\/111893"}],"wp:attachment":[{"href":"https:\/\/dutchhealthstore.com\/de\/wp-json\/wp\/v2\/media?parent=116226"}],"wp:term":[{"taxonomy":"product_brand","embeddable":true,"href":"https:\/\/dutchhealthstore.com\/de\/wp-json\/wp\/v2\/product_brand?post=116226"},{"taxonomy":"product_cat","embeddable":true,"href":"https:\/\/dutchhealthstore.com\/de\/wp-json\/wp\/v2\/product_cat?post=116226"},{"taxonomy":"product_tag","embeddable":true,"href":"https:\/\/dutchhealthstore.com\/de\/wp-json\/wp\/v2\/product_tag?post=116226"}],"curies":[{"name":"wp","href":"https:\/\/api.w.org\/{rel}","templated":true}]}}