{"id":116175,"date":"2020-01-15T08:03:47","date_gmt":"2020-01-15T07:03:47","guid":{"rendered":"https:\/\/dutchhealthstore.com\/product\/black-currant-absolute\/"},"modified":"2025-11-02T11:39:56","modified_gmt":"2025-11-02T10:39:56","slug":"black-currant-absolute","status":"publish","type":"product","link":"https:\/\/dutchhealthstore.com\/de\/product\/black-currant-absolute\/","title":{"rendered":"Black Currant Absolute"},"content":{"rendered":"<p><img decoding=\"async\" class=\"alignright wp-image-56011\" src=\"https:\/\/dutchhealthstore.com\/wp-content\/uploads\/2019\/04\/logo.png\" alt=\"Living libations logo\" width=\"200\" height=\"59\"><strong>Botanischer Name:<\/strong> Ribes nigrum<br \/>\n<strong>Botanische Familie:<\/strong> Grossulariaceae<br \/>\n<strong>Extraktionsverfahren:<\/strong> Absolute<br \/>\n<strong>Teil der Pflanze Destilliert:<\/strong> Knospen<br \/>\n<strong>Herkunftsland:<\/strong> Frankreich<br \/>\n<strong>Anbaumethode:<\/strong> Bio<br \/>\n<strong>Zusammensetzung:<\/strong> 80% Ribes nigrum 50% biologischer, biodynamischer Alkohol<br \/>\n<strong>Konsistenz:<\/strong> Mittlere Viskosit\u00e4t<\/p>\n<h3>Beschreibung des Duftes<\/h3>\n<p>S\u00fc\u00dfe Beeren, durchzogen von erdigen Tanninen, mit einem Hauch von feinem Rotwein.<\/p>\n<h3>Gut mischbar mit<\/h3>\n<p>Rose, Jasmin, Neroli, Sandelholz, Weihrauch, Vanille, Tuberose, Limette und Mandarine.<\/p>\n<a href=\"https:\/\/dutchhealthstore.com\/wp-content\/uploads\/2020\/01\/ESSENTIAL-OIL-ANALYSIS-Black-Currant-Absolute-Living-Libations.pdf\" class=\"button primary is-primary is-small\"  >\n\t\t<span>ANALYSE DER \u00c4THERISCHEN \u00d6LE &gt;<\/span>\n\t<\/a>\n\n<h3>Verwendet<\/h3>\n<p>Parf\u00fcmerie. Diffus. Duftmischung und Aromatherapie.<\/p>\n<p>Der s\u00fc\u00dfe, fruchtige und erdige Duft von Blackcurrant Absolute l\u00e4sst Sie in der Sekunde, in der Sie ihn einatmen, ins Staunen geraten. Jeder Zentimeter der schwarzen Johannisbeere birgt einen wundervollen Duft und eine therapeutische Wirkung. Die Samen werden seit jeher in Hautpflegetr\u00e4nken verwendet, die Bl\u00e4tter beleben ausgetrocknete Kehlen, die Beeren werden therapeutisch genutzt, und das Absolue ist ausschlie\u00dflich f\u00fcr die Herstellung berauschender Parf\u00fcms bestimmt. Blackcurrant ist eine unglaublich vielseitige Pflanze, deren Bl\u00e4tter, Samen, Bl\u00fcten und Fr\u00fcchte ein frisch duftendes Geruchserlebnis bieten.<\/p>\n<p>Blackcurrant Absolute ist eine dichte, reichhaltige Essenz, die in einem hinrei\u00dfenden, tiefen, dunklen Gr\u00fcn erscheint. Die richtige Verd\u00fcnnung ist der Schl\u00fcssel, um all die komplexen Feinheiten dieses einzigartigen Elixiers zu erschlie\u00dfen. Beim Verd\u00fcnnen erleben Sie die erwartete fruchtig-blumige S\u00fc\u00dfe, aber auch faszinierende Noten von gr\u00fcner Erde, Blumen, gr\u00fcnem Tee und Wein.<\/p>\n<p><strong>Gr\u00f6\u00dfe: 5 ml (50:50 Alkohol)<\/strong><\/p>\n<h3>Bio-Zutaten<\/h3>\n<p>80% Ribes nigrum und 50% biologischer, biodynamischer Alkohol<\/p>\n<p style=\"text-align: center;\"><em>&#8222;Blackcurrant absolute wird durch L\u00f6sungsmittelextraktion aus dem Beton der ruhenden Knospen des schwarzen Johannisbeerstrauchs Ribes nigrum L. gewonnen. Die typische &#8222;katzenartige&#8220; Note wird durch einen schwefelhaltigen Spurenbestandteil verursacht. Schwarzes Johannisbeer-Absolue wird in feinen Parf\u00fcms und in fruchtigen Lebensmittelaromen verwendet.<\/em><br \/>\n\u223c Horst Surburg and Johannes Panten, <strong>Common Fragrance and Flavor Materials: Preparation, Properties and Uses<\/strong><\/p>\n<p style=\"text-align: center;\"><em>&#8222;Die Engelsd\u00fcfte und ihre Eigenschaften&#8230; Black Current: Hilft in \u00e4ngstlichen Situationen, vielleicht hilft er uns, Elemente in uns zu erkennen, denen wir uns lieber nicht stellen w\u00fcrden. Um zu lernen, zu verzeihen und weniger zu urteilen.&#8220;<\/em><br \/>\n\u223c Valerie Ann Worwood, <strong>Aromatherapy for the Soul<\/strong><\/p>\n<p style=\"text-align: center;\"><em>&#8222;Ich knackte die kandierte Schale einer k\u00fcnstlichen Frucht zwischen den Z\u00e4hnen, und ein Lichtblitz erhellte meinen Gaumen mit dem Geschmack von schwarzer Johannisbeere oder Ananas: alle Farben, alle Lichter geh\u00f6rten mir, die hauchd\u00fcnnen T\u00fccher, die Diamanten, die Spitzen; ich hatte die ganze Party in meinem Mund&#8220;.<\/em><br \/>\n\u223c Simone de Beauvoir, <strong>Memoirs of a Dutiful Daughter<\/strong><\/p>\n<p>&nbsp;<\/p>\n<p><img fetchpriority=\"high\" decoding=\"async\" class=\"aligncenter wp-image-68099\" src=\"https:\/\/dutchhealthstore.com\/wp-content\/uploads\/2018\/02\/Logo-Living-Libations-New-2019.png\" alt=\"Logo Living Libations New 2019\" width=\"800\" height=\"88\" srcset=\"https:\/\/dutchhealthstore.com\/wp-content\/uploads\/2018\/02\/Logo-Living-Libations-New-2019.png 905w, https:\/\/dutchhealthstore.com\/wp-content\/uploads\/2018\/02\/Logo-Living-Libations-New-2019-510x56.png 510w, https:\/\/dutchhealthstore.com\/wp-content\/uploads\/2018\/02\/Logo-Living-Libations-New-2019-800x88.png 800w, https:\/\/dutchhealthstore.com\/wp-content\/uploads\/2018\/02\/Logo-Living-Libations-New-2019-768x85.png 768w\" sizes=\"(max-width: 800px) 100vw, 800px\" \/><\/p>\n<p style=\"text-align: center;\">\n","protected":false},"excerpt":{"rendered":"<p><b>Black Currant<\/b><strong> Absolute<\/strong> ist eine fruchtig-blumige Fantasie voller aromatischer Wunder. Das aus den Bl\u00fctenknospen der franz\u00f6sischen <i>Ribes nigrum-Pflanze <\/i>gewonnene Schwarze Johannisbeer-Absolue ist ein seltener und exquisiter Fund f\u00fcr Parf\u00fcmeure, Duft-Superfans und Meister der Duftmischung.<\/p>\n","protected":false},"featured_media":89797,"comment_status":"open","ping_status":"closed","template":"","meta":[],"product_brand":[],"product_cat":[1551,6737,1508,1493,1210,6736],"product_tag":[8681,1547],"class_list":{"0":"post-116175","1":"product","2":"type-product","3":"status-publish","4":"has-post-thumbnail","6":"product_cat-absolute-essenz-living-libations","7":"product_cat-essential-oils-de-2","8":"product_cat-aetherische-oele-living-libations","9":"product_cat-living-libations-deutschland","10":"product_cat-marken","11":"product_cat-wellness-de","12":"product_tag-absolute-de","13":"product_tag-essential-oil-de","14":"pa_brand-livinglibations-de","15":"pa_essential-oils-product-type-absolute-essences-de","16":"pa_essential-oils-product-type-essential-oils-de","17":"pa_gtin-7439657273278-de-2","18":"pa_size-5-ml-50-50-alcohol-de","20":"first","21":"instock","22":"taxable","23":"shipping-taxable","24":"purchasable","25":"product-type-simple"},"bundled_by":[],"bundle_stock_status":"instock","bundle_stock_quantity":3,"bundle_virtual":false,"bundle_layout":"","bundle_add_to_cart_form_location":"","bundle_editable_in_cart":false,"bundle_sold_individually_context":"","bundle_item_grouping":"","bundle_min_size":"","bundle_max_size":"","bundle_price":[],"bundled_items":[],"bundle_sell_ids":[],"atum_controlled":true,"out_stock_date":null,"out_stock_threshold":null,"inheritable":false,"stock_on_hold":0,"sold_today":0,"sales_last_days":0,"out_stock_days":0,"lost_sales":0,"update_date":"2026-04-09T11:40:11","atum_locations":[],"atum_stock_status":"instock","restock_status":false,"low_stock_amount":"","sales_update_date":"2026-04-09T11:40:11","calc_backorders":null,"group_of_quantity":0,"min_quantity":0,"max_quantity":"","exclude_order_quantity_value_rules":"no","exclude_category_quantity_rules":"no","combine_variations":"no","yoast_head":"<!-- This site is optimized with the Yoast SEO Premium plugin v26.5 (Yoast SEO v26.5) - https:\/\/yoast.com\/wordpress\/plugins\/seo\/ -->\n<title>Black Currant Absolute | Living Libations<\/title>\n<meta name=\"description\" content=\"Blackcurrant Absolute ist ein seltener und exquisiter Fund f\u00fcr Parf\u00fcmeure, Duft-Superfans und Meister der Duftmischung.\" \/>\n<meta name=\"robots\" content=\"index, follow, max-snippet:-1, max-image-preview:large, max-video-preview:-1\" \/>\n<link rel=\"canonical\" href=\"https:\/\/dutchhealthstore.com\/de\/product\/black-currant-absolute\/\" \/>\n<meta property=\"og:locale\" content=\"de_DE\" \/>\n<meta property=\"og:type\" content=\"article\" \/>\n<meta property=\"og:title\" content=\"Black Currant Absolute - Dutch Health Store\" \/>\n<meta property=\"og:description\" content=\"Blackcurrant Absolute ist ein seltener und exquisiter Fund f\u00fcr Parf\u00fcmeure, Duft-Superfans und Meister der Duftmischung.\" \/>\n<meta property=\"og:url\" content=\"https:\/\/dutchhealthstore.com\/de\/product\/black-currant-absolute\/\" \/>\n<meta property=\"og:site_name\" content=\"Dutch Health Store\" \/>\n<meta property=\"article:publisher\" content=\"https:\/\/www.instagram.com\/dutchhealthstore\/\" \/>\n<meta property=\"article:modified_time\" content=\"2025-11-02T10:39:56+00:00\" \/>\n<meta property=\"og:image\" content=\"https:\/\/dutchhealthstore.com\/wp-content\/uploads\/2020\/01\/Black-Currant-Absolute-Living-Libations-e1593585685243.jpg\" \/>\n\t<meta property=\"og:image:width\" content=\"500\" \/>\n\t<meta property=\"og:image:height\" content=\"500\" \/>\n\t<meta property=\"og:image:type\" content=\"image\/jpeg\" \/>\n<meta name=\"twitter:card\" content=\"summary_large_image\" \/>\n<meta name=\"twitter:label1\" content=\"Preis\" \/>\n\t<meta name=\"twitter:data1\" content=\"&euro;38,00\" \/>\n\t<meta name=\"twitter:label2\" content=\"Verf\u00fcgbarkeit\" \/>\n\t<meta name=\"twitter:data2\" content=\"Auf Lager\" \/>\n<script type=\"application\/ld+json\" class=\"yoast-schema-graph\">{\"@context\":\"https:\/\/schema.org\",\"@graph\":[{\"@type\":\"WebPage\",\"@id\":\"https:\/\/dutchhealthstore.com\/de\/product\/black-currant-absolute\/\",\"url\":\"https:\/\/dutchhealthstore.com\/de\/product\/black-currant-absolute\/\",\"name\":\"Black Currant Absolute | Living Libations\",\"isPartOf\":{\"@id\":\"https:\/\/dutchhealthstore.com\/de\/#website\"},\"primaryImageOfPage\":{\"@id\":\"https:\/\/dutchhealthstore.com\/de\/product\/black-currant-absolute\/#primaryimage\"},\"image\":{\"@id\":\"https:\/\/dutchhealthstore.com\/de\/product\/black-currant-absolute\/#primaryimage\"},\"thumbnailUrl\":\"https:\/\/dutchhealthstore.com\/wp-content\/uploads\/2020\/01\/Black-Currant-Absolute-Living-Libations-e1593585685243.jpg\",\"datePublished\":\"2020-01-15T07:03:47+00:00\",\"dateModified\":\"2025-11-02T10:39:56+00:00\",\"description\":\"Blackcurrant Absolute ist ein seltener und exquisiter Fund f\u00fcr Parf\u00fcmeure, Duft-Superfans und Meister der Duftmischung.\",\"breadcrumb\":{\"@id\":\"https:\/\/dutchhealthstore.com\/de\/product\/black-currant-absolute\/#breadcrumb\"},\"inLanguage\":\"de\",\"potentialAction\":[{\"@type\":\"ReadAction\",\"target\":[\"https:\/\/dutchhealthstore.com\/de\/product\/black-currant-absolute\/\"]}]},{\"@type\":\"ImageObject\",\"inLanguage\":\"de\",\"@id\":\"https:\/\/dutchhealthstore.com\/de\/product\/black-currant-absolute\/#primaryimage\",\"url\":\"https:\/\/dutchhealthstore.com\/wp-content\/uploads\/2020\/01\/Black-Currant-Absolute-Living-Libations-e1593585685243.jpg\",\"contentUrl\":\"https:\/\/dutchhealthstore.com\/wp-content\/uploads\/2020\/01\/Black-Currant-Absolute-Living-Libations-e1593585685243.jpg\",\"width\":500,\"height\":500,\"caption\":\"Black Currant Absolute - Living Libations\"},{\"@type\":\"BreadcrumbList\",\"@id\":\"https:\/\/dutchhealthstore.com\/de\/product\/black-currant-absolute\/#breadcrumb\",\"itemListElement\":[{\"@type\":\"ListItem\",\"position\":1,\"name\":\"Home\",\"item\":\"https:\/\/dutchhealthstore.com\/de\/\"},{\"@type\":\"ListItem\",\"position\":2,\"name\":\"Shop\",\"item\":\"https:\/\/dutchhealthstore.com\/de\/shop-2\/\"},{\"@type\":\"ListItem\",\"position\":3,\"name\":\"Black Currant Absolute\"}]},{\"@type\":\"WebSite\",\"@id\":\"https:\/\/dutchhealthstore.com\/de\/#website\",\"url\":\"https:\/\/dutchhealthstore.com\/de\/\",\"name\":\"Dutch Health Store\",\"description\":\"Enhance Your Beauty with Organic &amp; Natural Skincare\",\"publisher\":{\"@id\":\"https:\/\/dutchhealthstore.com\/de\/#organization\"},\"potentialAction\":[{\"@type\":\"SearchAction\",\"target\":{\"@type\":\"EntryPoint\",\"urlTemplate\":\"https:\/\/dutchhealthstore.com\/de\/?s={search_term_string}\"},\"query-input\":{\"@type\":\"PropertyValueSpecification\",\"valueRequired\":true,\"valueName\":\"search_term_string\"}}],\"inLanguage\":\"de\"},{\"@type\":\"Organization\",\"@id\":\"https:\/\/dutchhealthstore.com\/de\/#organization\",\"name\":\"Dutch Health Store\",\"url\":\"https:\/\/dutchhealthstore.com\/de\/\",\"logo\":{\"@type\":\"ImageObject\",\"inLanguage\":\"de\",\"@id\":\"https:\/\/dutchhealthstore.com\/de\/#\/schema\/logo\/image\/\",\"url\":\"https:\/\/dutchhealthstore.com\/wp-content\/uploads\/2020\/08\/logo-dutchhealthstore-jpg-e1599484957574.jpg\",\"contentUrl\":\"https:\/\/dutchhealthstore.com\/wp-content\/uploads\/2020\/08\/logo-dutchhealthstore-jpg-e1599484957574.jpg\",\"width\":400,\"height\":62,\"caption\":\"Dutch Health Store\"},\"image\":{\"@id\":\"https:\/\/dutchhealthstore.com\/de\/#\/schema\/logo\/image\/\"},\"sameAs\":[\"https:\/\/www.instagram.com\/dutchhealthstore\/\",\"https:\/\/www.facebook.com\/dutchhealthstore\"]}]}<\/script>\n<meta property=\"product:brand\" content=\"Living Libations\" \/>\n<meta property=\"product:price:amount\" content=\"38.00\" \/>\n<meta property=\"product:price:currency\" content=\"EUR\" \/>\n<meta property=\"og:availability\" content=\"instock\" \/>\n<meta property=\"product:availability\" content=\"instock\" \/>\n<meta property=\"product:condition\" content=\"new\" \/>\n<!-- \/ Yoast SEO Premium plugin. -->","yoast_head_json":{"title":"Black Currant Absolute | Living Libations","description":"Blackcurrant Absolute ist ein seltener und exquisiter Fund f\u00fcr Parf\u00fcmeure, Duft-Superfans und Meister der Duftmischung.","robots":{"index":"index","follow":"follow","max-snippet":"max-snippet:-1","max-image-preview":"max-image-preview:large","max-video-preview":"max-video-preview:-1"},"canonical":"https:\/\/dutchhealthstore.com\/de\/product\/black-currant-absolute\/","og_locale":"de_DE","og_type":"article","og_title":"Black Currant Absolute - Dutch Health Store","og_description":"Blackcurrant Absolute ist ein seltener und exquisiter Fund f\u00fcr Parf\u00fcmeure, Duft-Superfans und Meister der Duftmischung.","og_url":"https:\/\/dutchhealthstore.com\/de\/product\/black-currant-absolute\/","og_site_name":"Dutch Health Store","article_publisher":"https:\/\/www.instagram.com\/dutchhealthstore\/","article_modified_time":"2025-11-02T10:39:56+00:00","og_image":[{"width":500,"height":500,"url":"https:\/\/dutchhealthstore.com\/wp-content\/uploads\/2020\/01\/Black-Currant-Absolute-Living-Libations-e1593585685243.jpg","type":"image\/jpeg"}],"twitter_card":"summary_large_image","twitter_misc":{"Preis":"&euro;38,00","Verf\u00fcgbarkeit":"Auf Lager"},"schema":{"@context":"https:\/\/schema.org","@graph":[{"@type":"WebPage","@id":"https:\/\/dutchhealthstore.com\/de\/product\/black-currant-absolute\/","url":"https:\/\/dutchhealthstore.com\/de\/product\/black-currant-absolute\/","name":"Black Currant Absolute | Living Libations","isPartOf":{"@id":"https:\/\/dutchhealthstore.com\/de\/#website"},"primaryImageOfPage":{"@id":"https:\/\/dutchhealthstore.com\/de\/product\/black-currant-absolute\/#primaryimage"},"image":{"@id":"https:\/\/dutchhealthstore.com\/de\/product\/black-currant-absolute\/#primaryimage"},"thumbnailUrl":"https:\/\/dutchhealthstore.com\/wp-content\/uploads\/2020\/01\/Black-Currant-Absolute-Living-Libations-e1593585685243.jpg","datePublished":"2020-01-15T07:03:47+00:00","dateModified":"2025-11-02T10:39:56+00:00","description":"Blackcurrant Absolute ist ein seltener und exquisiter Fund f\u00fcr Parf\u00fcmeure, Duft-Superfans und Meister der Duftmischung.","breadcrumb":{"@id":"https:\/\/dutchhealthstore.com\/de\/product\/black-currant-absolute\/#breadcrumb"},"inLanguage":"de","potentialAction":[{"@type":"ReadAction","target":["https:\/\/dutchhealthstore.com\/de\/product\/black-currant-absolute\/"]}]},{"@type":"ImageObject","inLanguage":"de","@id":"https:\/\/dutchhealthstore.com\/de\/product\/black-currant-absolute\/#primaryimage","url":"https:\/\/dutchhealthstore.com\/wp-content\/uploads\/2020\/01\/Black-Currant-Absolute-Living-Libations-e1593585685243.jpg","contentUrl":"https:\/\/dutchhealthstore.com\/wp-content\/uploads\/2020\/01\/Black-Currant-Absolute-Living-Libations-e1593585685243.jpg","width":500,"height":500,"caption":"Black Currant Absolute - Living Libations"},{"@type":"BreadcrumbList","@id":"https:\/\/dutchhealthstore.com\/de\/product\/black-currant-absolute\/#breadcrumb","itemListElement":[{"@type":"ListItem","position":1,"name":"Home","item":"https:\/\/dutchhealthstore.com\/de\/"},{"@type":"ListItem","position":2,"name":"Shop","item":"https:\/\/dutchhealthstore.com\/de\/shop-2\/"},{"@type":"ListItem","position":3,"name":"Black Currant Absolute"}]},{"@type":"WebSite","@id":"https:\/\/dutchhealthstore.com\/de\/#website","url":"https:\/\/dutchhealthstore.com\/de\/","name":"Dutch Health Store","description":"Enhance Your Beauty with Organic &amp; Natural Skincare","publisher":{"@id":"https:\/\/dutchhealthstore.com\/de\/#organization"},"potentialAction":[{"@type":"SearchAction","target":{"@type":"EntryPoint","urlTemplate":"https:\/\/dutchhealthstore.com\/de\/?s={search_term_string}"},"query-input":{"@type":"PropertyValueSpecification","valueRequired":true,"valueName":"search_term_string"}}],"inLanguage":"de"},{"@type":"Organization","@id":"https:\/\/dutchhealthstore.com\/de\/#organization","name":"Dutch Health Store","url":"https:\/\/dutchhealthstore.com\/de\/","logo":{"@type":"ImageObject","inLanguage":"de","@id":"https:\/\/dutchhealthstore.com\/de\/#\/schema\/logo\/image\/","url":"https:\/\/dutchhealthstore.com\/wp-content\/uploads\/2020\/08\/logo-dutchhealthstore-jpg-e1599484957574.jpg","contentUrl":"https:\/\/dutchhealthstore.com\/wp-content\/uploads\/2020\/08\/logo-dutchhealthstore-jpg-e1599484957574.jpg","width":400,"height":62,"caption":"Dutch Health Store"},"image":{"@id":"https:\/\/dutchhealthstore.com\/de\/#\/schema\/logo\/image\/"},"sameAs":["https:\/\/www.instagram.com\/dutchhealthstore\/","https:\/\/www.facebook.com\/dutchhealthstore"]}]},"product_brand":"Living Libations","product_price_amount":"38.00","product_price_currency":"EUR","og_availability":"instock","product_availability":"instock","product_condition":"new"},"_links":{"self":[{"href":"https:\/\/dutchhealthstore.com\/de\/wp-json\/wp\/v2\/product\/116175","targetHints":{"allow":["GET"]}}],"collection":[{"href":"https:\/\/dutchhealthstore.com\/de\/wp-json\/wp\/v2\/product"}],"about":[{"href":"https:\/\/dutchhealthstore.com\/de\/wp-json\/wp\/v2\/types\/product"}],"replies":[{"embeddable":true,"href":"https:\/\/dutchhealthstore.com\/de\/wp-json\/wp\/v2\/comments?post=116175"}],"wp:featuredmedia":[{"embeddable":true,"href":"https:\/\/dutchhealthstore.com\/de\/wp-json\/wp\/v2\/media\/89797"}],"wp:attachment":[{"href":"https:\/\/dutchhealthstore.com\/de\/wp-json\/wp\/v2\/media?parent=116175"}],"wp:term":[{"taxonomy":"product_brand","embeddable":true,"href":"https:\/\/dutchhealthstore.com\/de\/wp-json\/wp\/v2\/product_brand?post=116175"},{"taxonomy":"product_cat","embeddable":true,"href":"https:\/\/dutchhealthstore.com\/de\/wp-json\/wp\/v2\/product_cat?post=116175"},{"taxonomy":"product_tag","embeddable":true,"href":"https:\/\/dutchhealthstore.com\/de\/wp-json\/wp\/v2\/product_tag?post=116175"}],"curies":[{"name":"wp","href":"https:\/\/api.w.org\/{rel}","templated":true}]}}