{"id":116129,"date":"2020-06-11T11:55:16","date_gmt":"2020-06-11T09:55:16","guid":{"rendered":"https:\/\/dutchhealthstore.com\/product\/black-cumin-seed\/"},"modified":"2025-10-11T16:19:50","modified_gmt":"2025-10-11T14:19:50","slug":"black-cumin-seed","status":"publish","type":"product","link":"https:\/\/dutchhealthstore.com\/de\/product\/black-cumin-seed\/","title":{"rendered":"Black Cumin Seed"},"content":{"rendered":"<p><img decoding=\"async\" class=\"size-full wp-image-69549 alignright\" src=\"https:\/\/dutchhealthstore.com\/wp-content\/uploads\/2019\/08\/NEW-Living-Libations-Logo.jpg\" alt=\"NEW - Living Libations - Logo\" width=\"175\" height=\"82\"><strong>Botanischer Name:<\/strong> Nigella sativa<br \/>\n<strong>Botanische Familie:<\/strong> Hahnenfu\u00dfgew\u00e4chse (Ranunculaceae)<br \/>\n<strong>Extraktionsverfahren:<\/strong> \u00dcberkritischer Extrakt<br \/>\n<strong>Teil der Pflanze Destilliert:<\/strong> Saatgut<br \/>\n<strong>Herkunftsland:<\/strong> Indien<br \/>\n<strong>Anbaumethode:<\/strong> Bio<br \/>\n<strong>Zusammensetzung:<\/strong> 100% Nigella sativa<br \/>\n<strong>Konsistenz:<\/strong> Mittlere Viskosit\u00e4t<\/p>\n<h3>Beschreibung des Duftes<\/h3>\n<p>Tief aromatisch; scharf w\u00fcrzig<\/p>\n<h3>Gut mischbar mit<\/h3>\n<p>Weihrauch, Kreuzk\u00fcmmel, Oregano, Lavendel, s\u00fc\u00dfer Thymian, Thymian, Pfefferminze, Mastix, Kopal, Koriander, Allspice, Ysop, Majoran, Kardamom und Fenchel.<\/p>\n<h3>Verwendet<\/h3>\n<p>Die Haut wird glatter und die Haare gl\u00e4nzender. W\u00fcrziger kulinarischer Duft. Verst\u00e4rkung.<\/p>\n<a href=\"https:\/\/dutchhealthstore.com\/wp-content\/uploads\/2020\/06\/ANALYSIS-Black-Cumin-Living-Libations-3-1.pdf\" class=\"button primary is-primary is-small\"  >\n\t\t<span>ANALYSE DER \u00c4THERISCHEN \u00d6LE &gt;<\/span>\n\t<\/a>\n\n<p>K\u00f6nige, K\u00f6niginnen und Propheten preisen Black Cumin seeds seit \u00fcber drei Jahrtausenden, und das aus gutem Grund. Wie zu jeder Jahreszeit wurden diese winzigen, tintenschwarzen Samen von alten Kulturen und modernen M\u00e4nnern und Frauen als belebendes Tonikum verwendet.<\/p>\n<p>Der superkritische Extrakt aus diesen Samen ist wirksamer als Tinkturen und Aufg\u00fcsse. Durch dieses spezielle Verfahren entsteht ein volles Lipid, das reich an Fetts\u00e4uren ist, darunter 45-65% Linols\u00e4ure und 1% der seltenen Eicosadiens\u00e4ure. Es besteht haupts\u00e4chlich aus den Pflanzenstoffen Thymochinon, Cymen und Thujen.<\/p>\n<p>Das w\u00fcrzige Aroma dieses &#8222;Saatkorns f\u00fcr alle Dinge&#8220; ist ein st\u00e4rkendes und ermutigendes Tonikum.<\/p>\n<p><strong>Gr\u00f6\u00dfe: 5 ml, 15 ml und 30 ml<\/strong><\/p>\n<h3>Bio-Zutaten<\/h3>\n<p>100% Schwarzk\u00fcmmelsamen<\/p>\n<p style=\"text-align: center;\"><em>&#8222;Die bescheidenen, aber ungemein wirkungsvollen Samen der einj\u00e4hrigen bl\u00fchenden Pflanze Nigella Sativa werden seit jeher f\u00fcr ihre Eigenschaften gesch\u00e4tzt. W\u00e4hrend sie in englischsprachigen Kulturen h\u00e4ufig als r\u00f6mischer Koriander, schwarzer Sesam, schwarzer Kreuzk\u00fcmmel, schwarzer K\u00fcmmel und Zwiebelsamen bezeichnet werden, ist sie heute vor allem als schwarzer Samen bekannt, was zumindest eine genaue Beschreibung ihres physischen Aussehens ist&#8230; Die fr\u00fchesten Aufzeichnungen \u00fcber seinen Anbau und seine Verwendung stammen aus dem alten \u00c4gypten. Schwarzk\u00fcmmel\u00f6l wurde im Grab des \u00e4gyptischen Pharaos Tutanchamun gefunden, das auf die Zeit vor etwa 3 300 Jahren zur\u00fcckgeht. Im arabischen Kulturkreis ist Schwarzk\u00fcmmel als Habbatul barakah bekannt, was soviel bedeutet wie &#8222;Samen des Segens&#8220;&#8230; Viele der dem Schwarzk\u00fcmmel traditionell zugeschriebenen gesundheitlichen Vorteile wurden in 458 ver\u00f6ffentlichten, von Fachleuten gepr\u00fcften Studien gr\u00fcndlich best\u00e4tigt&#8230; Manchmal kommt einem im Zusammenhang mit nat\u00fcrlichen Substanzen wie Schwarzk\u00fcmmel der biblische Satz in den Sinn, dass &#8222;der Glaube, der so gro\u00df ist wie ein Senfkorn, Berge versetzt&#8220;. Enthalten Samen nicht die Hoffnung auf den Fortbestand der gesamten Spezies, die sie hervorgebracht hat? Dieser \u00fcbers\u00e4ttigte Zustand des Samenkorns, in dem sich das Leben zu einem stark verkleinerten holografischen Fragment seiner selbst verdichtet und die Bildung k\u00fcnftiger Welten in sich verspricht, ist das eigentliche Sinnbild f\u00fcr die immense und unsterbliche Kraft des Lebens.&#8220;<\/em><br \/>\n~ Sayer Ji, <strong>GreenMedinfo<\/strong><\/p>\n<p><img fetchpriority=\"high\" decoding=\"async\" class=\"size-medium wp-image-68103 aligncenter\" src=\"https:\/\/dutchhealthstore.com\/wp-content\/uploads\/2018\/02\/Living-Libations-Organic-Logo-800x89.png\" alt=\"Living Libations - Organic Logo\" width=\"800\" height=\"89\" srcset=\"https:\/\/dutchhealthstore.com\/wp-content\/uploads\/2018\/02\/Living-Libations-Organic-Logo-800x89.png 800w, https:\/\/dutchhealthstore.com\/wp-content\/uploads\/2018\/02\/Living-Libations-Organic-Logo-510x57.png 510w, https:\/\/dutchhealthstore.com\/wp-content\/uploads\/2018\/02\/Living-Libations-Organic-Logo-768x85.png 768w, https:\/\/dutchhealthstore.com\/wp-content\/uploads\/2018\/02\/Living-Libations-Organic-Logo.png 1400w\" sizes=\"(max-width: 800px) 100vw, 800px\" \/><\/p>\n","protected":false},"excerpt":{"rendered":"<p><strong>Black Cumin Seed<\/strong> wird bis zu den alten \u00c4gyptern und Griechen zur\u00fcckverfolgt, die ihn als belebendes Tonikum verwendeten. Kleopatra z\u00e4hlte auf die Samen, um ihre Haut und ihr Haar sch\u00f6n zu halten, w\u00e4hrend K\u00f6nig Tut sicher war, mit einer Alabasterschachtel mit Black Cumin seeds begraben zu werden.<\/p>\n","protected":false},"featured_media":106090,"comment_status":"open","ping_status":"closed","template":"","meta":[],"product_brand":[],"product_cat":[1546,6737,1508,1493,1210,6736],"product_tag":[1547],"class_list":{"0":"post-116129","1":"product","2":"type-product","3":"status-publish","4":"has-post-thumbnail","6":"product_cat-essential-oils-living-libations-de","7":"product_cat-essential-oils-de-2","8":"product_cat-aetherische-oele-living-libations","9":"product_cat-living-libations-deutschland","10":"product_cat-marken","11":"product_cat-wellness-de","12":"product_tag-essential-oil-de","13":"pa_brand-livinglibations-de","14":"pa_essential-oils-product-type-essential-oils-de","15":"pa_size-15-ml-de-2","16":"pa_size-30-ml-de","17":"pa_size-5-ml-de","19":"first","20":"instock","21":"taxable","22":"shipping-taxable","23":"purchasable","24":"product-type-variable"},"bundled_by":[],"bundle_stock_status":"instock","bundle_stock_quantity":3,"bundle_virtual":false,"bundle_layout":"","bundle_add_to_cart_form_location":"","bundle_editable_in_cart":false,"bundle_sold_individually_context":"","bundle_item_grouping":"","bundle_min_size":"","bundle_max_size":"","bundle_price":[],"bundled_items":[],"bundle_sell_ids":[],"atum_controlled":true,"out_stock_date":null,"out_stock_threshold":null,"inheritable":true,"stock_on_hold":1,"sold_today":0,"sales_last_days":0,"out_stock_days":0,"lost_sales":0,"update_date":"2026-05-09T00:19:58","atum_locations":[],"atum_stock_status":"instock","restock_status":false,"low_stock_amount":"","sales_update_date":"2026-05-09T00:19:58","calc_backorders":null,"group_of_quantity":0,"min_quantity":0,"max_quantity":"","exclude_order_quantity_value_rules":"no","exclude_category_quantity_rules":"no","combine_variations":"no","yoast_head":"<!-- This site is optimized with the Yoast SEO Premium plugin v26.5 (Yoast SEO v26.5) - https:\/\/yoast.com\/wordpress\/plugins\/seo\/ -->\n<title>Black Cumin Seed | Living Libations<\/title>\n<meta name=\"description\" content=\"Black Cumin Seed wird bis zu den alten \u00c4gyptern und Griechen zur\u00fcckverfolgt, die ihn als belebendes Tonikum verwendeten.\" \/>\n<meta name=\"robots\" content=\"index, follow, max-snippet:-1, max-image-preview:large, max-video-preview:-1\" \/>\n<link rel=\"canonical\" href=\"https:\/\/dutchhealthstore.com\/de\/product\/black-cumin-seed\/\" \/>\n<meta property=\"og:locale\" content=\"de_DE\" \/>\n<meta property=\"og:type\" content=\"article\" \/>\n<meta property=\"og:title\" content=\"Black Cumin Seed - Dutch Health Store\" \/>\n<meta property=\"og:description\" content=\"Black Cumin Seed wird bis zu den alten \u00c4gyptern und Griechen zur\u00fcckverfolgt, die ihn als belebendes Tonikum verwendeten.\" \/>\n<meta property=\"og:url\" content=\"https:\/\/dutchhealthstore.com\/de\/product\/black-cumin-seed\/\" \/>\n<meta property=\"og:site_name\" content=\"Dutch Health Store\" \/>\n<meta property=\"article:publisher\" content=\"https:\/\/www.instagram.com\/dutchhealthstore\/\" \/>\n<meta property=\"article:modified_time\" content=\"2025-10-11T14:19:50+00:00\" \/>\n<meta property=\"og:image\" content=\"https:\/\/dutchhealthstore.com\/wp-content\/uploads\/2020\/06\/living-libations-black-cumin-seed-e1591875594709.jpg\" \/>\n\t<meta property=\"og:image:width\" content=\"500\" \/>\n\t<meta property=\"og:image:height\" content=\"500\" \/>\n\t<meta property=\"og:image:type\" content=\"image\/jpeg\" \/>\n<meta name=\"twitter:card\" content=\"summary_large_image\" \/>\n<meta name=\"twitter:label1\" content=\"Verf\u00fcgbarkeit\" \/>\n\t<meta name=\"twitter:data1\" content=\"Auf Lager\" \/>\n<script type=\"application\/ld+json\" class=\"yoast-schema-graph\">{\"@context\":\"https:\/\/schema.org\",\"@graph\":[{\"@type\":\"WebPage\",\"@id\":\"https:\/\/dutchhealthstore.com\/de\/product\/black-cumin-seed\/\",\"url\":\"https:\/\/dutchhealthstore.com\/de\/product\/black-cumin-seed\/\",\"name\":\"Black Cumin Seed | Living Libations\",\"isPartOf\":{\"@id\":\"https:\/\/dutchhealthstore.com\/de\/#website\"},\"primaryImageOfPage\":{\"@id\":\"https:\/\/dutchhealthstore.com\/de\/product\/black-cumin-seed\/#primaryimage\"},\"image\":{\"@id\":\"https:\/\/dutchhealthstore.com\/de\/product\/black-cumin-seed\/#primaryimage\"},\"thumbnailUrl\":\"https:\/\/dutchhealthstore.com\/wp-content\/uploads\/2020\/06\/living-libations-black-cumin-seed-e1591875594709.jpg\",\"datePublished\":\"2020-06-11T09:55:16+00:00\",\"dateModified\":\"2025-10-11T14:19:50+00:00\",\"description\":\"Black Cumin Seed wird bis zu den alten \u00c4gyptern und Griechen zur\u00fcckverfolgt, die ihn als belebendes Tonikum verwendeten.\",\"breadcrumb\":{\"@id\":\"https:\/\/dutchhealthstore.com\/de\/product\/black-cumin-seed\/#breadcrumb\"},\"inLanguage\":\"de\",\"potentialAction\":[{\"@type\":\"ReadAction\",\"target\":[\"https:\/\/dutchhealthstore.com\/de\/product\/black-cumin-seed\/\"]}]},{\"@type\":\"ImageObject\",\"inLanguage\":\"de\",\"@id\":\"https:\/\/dutchhealthstore.com\/de\/product\/black-cumin-seed\/#primaryimage\",\"url\":\"https:\/\/dutchhealthstore.com\/wp-content\/uploads\/2020\/06\/living-libations-black-cumin-seed-e1591875594709.jpg\",\"contentUrl\":\"https:\/\/dutchhealthstore.com\/wp-content\/uploads\/2020\/06\/living-libations-black-cumin-seed-e1591875594709.jpg\",\"width\":500,\"height\":500},{\"@type\":\"BreadcrumbList\",\"@id\":\"https:\/\/dutchhealthstore.com\/de\/product\/black-cumin-seed\/#breadcrumb\",\"itemListElement\":[{\"@type\":\"ListItem\",\"position\":1,\"name\":\"Home\",\"item\":\"https:\/\/dutchhealthstore.com\/de\/\"},{\"@type\":\"ListItem\",\"position\":2,\"name\":\"Shop\",\"item\":\"https:\/\/dutchhealthstore.com\/de\/shop-2\/\"},{\"@type\":\"ListItem\",\"position\":3,\"name\":\"Black Cumin Seed\"}]},{\"@type\":\"WebSite\",\"@id\":\"https:\/\/dutchhealthstore.com\/de\/#website\",\"url\":\"https:\/\/dutchhealthstore.com\/de\/\",\"name\":\"Dutch Health Store\",\"description\":\"Enhance Your Beauty with Organic &amp; Natural Skincare\",\"publisher\":{\"@id\":\"https:\/\/dutchhealthstore.com\/de\/#organization\"},\"potentialAction\":[{\"@type\":\"SearchAction\",\"target\":{\"@type\":\"EntryPoint\",\"urlTemplate\":\"https:\/\/dutchhealthstore.com\/de\/?s={search_term_string}\"},\"query-input\":{\"@type\":\"PropertyValueSpecification\",\"valueRequired\":true,\"valueName\":\"search_term_string\"}}],\"inLanguage\":\"de\"},{\"@type\":\"Organization\",\"@id\":\"https:\/\/dutchhealthstore.com\/de\/#organization\",\"name\":\"Dutch Health Store\",\"url\":\"https:\/\/dutchhealthstore.com\/de\/\",\"logo\":{\"@type\":\"ImageObject\",\"inLanguage\":\"de\",\"@id\":\"https:\/\/dutchhealthstore.com\/de\/#\/schema\/logo\/image\/\",\"url\":\"https:\/\/dutchhealthstore.com\/wp-content\/uploads\/2020\/08\/logo-dutchhealthstore-jpg-e1599484957574.jpg\",\"contentUrl\":\"https:\/\/dutchhealthstore.com\/wp-content\/uploads\/2020\/08\/logo-dutchhealthstore-jpg-e1599484957574.jpg\",\"width\":400,\"height\":62,\"caption\":\"Dutch Health Store\"},\"image\":{\"@id\":\"https:\/\/dutchhealthstore.com\/de\/#\/schema\/logo\/image\/\"},\"sameAs\":[\"https:\/\/www.instagram.com\/dutchhealthstore\/\",\"https:\/\/www.facebook.com\/dutchhealthstore\"]}]}<\/script>\n<meta property=\"product:brand\" content=\"Living Libations\" \/>\n<meta property=\"og:availability\" content=\"instock\" \/>\n<meta property=\"product:availability\" content=\"instock\" \/>\n<meta property=\"product:condition\" content=\"new\" \/>\n<!-- \/ Yoast SEO Premium plugin. -->","yoast_head_json":{"title":"Black Cumin Seed | Living Libations","description":"Black Cumin Seed wird bis zu den alten \u00c4gyptern und Griechen zur\u00fcckverfolgt, die ihn als belebendes Tonikum verwendeten.","robots":{"index":"index","follow":"follow","max-snippet":"max-snippet:-1","max-image-preview":"max-image-preview:large","max-video-preview":"max-video-preview:-1"},"canonical":"https:\/\/dutchhealthstore.com\/de\/product\/black-cumin-seed\/","og_locale":"de_DE","og_type":"article","og_title":"Black Cumin Seed - Dutch Health Store","og_description":"Black Cumin Seed wird bis zu den alten \u00c4gyptern und Griechen zur\u00fcckverfolgt, die ihn als belebendes Tonikum verwendeten.","og_url":"https:\/\/dutchhealthstore.com\/de\/product\/black-cumin-seed\/","og_site_name":"Dutch Health Store","article_publisher":"https:\/\/www.instagram.com\/dutchhealthstore\/","article_modified_time":"2025-10-11T14:19:50+00:00","og_image":[{"width":500,"height":500,"url":"https:\/\/dutchhealthstore.com\/wp-content\/uploads\/2020\/06\/living-libations-black-cumin-seed-e1591875594709.jpg","type":"image\/jpeg"}],"twitter_card":"summary_large_image","twitter_misc":{"Verf\u00fcgbarkeit":"Auf Lager"},"schema":{"@context":"https:\/\/schema.org","@graph":[{"@type":"WebPage","@id":"https:\/\/dutchhealthstore.com\/de\/product\/black-cumin-seed\/","url":"https:\/\/dutchhealthstore.com\/de\/product\/black-cumin-seed\/","name":"Black Cumin Seed | Living Libations","isPartOf":{"@id":"https:\/\/dutchhealthstore.com\/de\/#website"},"primaryImageOfPage":{"@id":"https:\/\/dutchhealthstore.com\/de\/product\/black-cumin-seed\/#primaryimage"},"image":{"@id":"https:\/\/dutchhealthstore.com\/de\/product\/black-cumin-seed\/#primaryimage"},"thumbnailUrl":"https:\/\/dutchhealthstore.com\/wp-content\/uploads\/2020\/06\/living-libations-black-cumin-seed-e1591875594709.jpg","datePublished":"2020-06-11T09:55:16+00:00","dateModified":"2025-10-11T14:19:50+00:00","description":"Black Cumin Seed wird bis zu den alten \u00c4gyptern und Griechen zur\u00fcckverfolgt, die ihn als belebendes Tonikum verwendeten.","breadcrumb":{"@id":"https:\/\/dutchhealthstore.com\/de\/product\/black-cumin-seed\/#breadcrumb"},"inLanguage":"de","potentialAction":[{"@type":"ReadAction","target":["https:\/\/dutchhealthstore.com\/de\/product\/black-cumin-seed\/"]}]},{"@type":"ImageObject","inLanguage":"de","@id":"https:\/\/dutchhealthstore.com\/de\/product\/black-cumin-seed\/#primaryimage","url":"https:\/\/dutchhealthstore.com\/wp-content\/uploads\/2020\/06\/living-libations-black-cumin-seed-e1591875594709.jpg","contentUrl":"https:\/\/dutchhealthstore.com\/wp-content\/uploads\/2020\/06\/living-libations-black-cumin-seed-e1591875594709.jpg","width":500,"height":500},{"@type":"BreadcrumbList","@id":"https:\/\/dutchhealthstore.com\/de\/product\/black-cumin-seed\/#breadcrumb","itemListElement":[{"@type":"ListItem","position":1,"name":"Home","item":"https:\/\/dutchhealthstore.com\/de\/"},{"@type":"ListItem","position":2,"name":"Shop","item":"https:\/\/dutchhealthstore.com\/de\/shop-2\/"},{"@type":"ListItem","position":3,"name":"Black Cumin Seed"}]},{"@type":"WebSite","@id":"https:\/\/dutchhealthstore.com\/de\/#website","url":"https:\/\/dutchhealthstore.com\/de\/","name":"Dutch Health Store","description":"Enhance Your Beauty with Organic &amp; Natural Skincare","publisher":{"@id":"https:\/\/dutchhealthstore.com\/de\/#organization"},"potentialAction":[{"@type":"SearchAction","target":{"@type":"EntryPoint","urlTemplate":"https:\/\/dutchhealthstore.com\/de\/?s={search_term_string}"},"query-input":{"@type":"PropertyValueSpecification","valueRequired":true,"valueName":"search_term_string"}}],"inLanguage":"de"},{"@type":"Organization","@id":"https:\/\/dutchhealthstore.com\/de\/#organization","name":"Dutch Health Store","url":"https:\/\/dutchhealthstore.com\/de\/","logo":{"@type":"ImageObject","inLanguage":"de","@id":"https:\/\/dutchhealthstore.com\/de\/#\/schema\/logo\/image\/","url":"https:\/\/dutchhealthstore.com\/wp-content\/uploads\/2020\/08\/logo-dutchhealthstore-jpg-e1599484957574.jpg","contentUrl":"https:\/\/dutchhealthstore.com\/wp-content\/uploads\/2020\/08\/logo-dutchhealthstore-jpg-e1599484957574.jpg","width":400,"height":62,"caption":"Dutch Health Store"},"image":{"@id":"https:\/\/dutchhealthstore.com\/de\/#\/schema\/logo\/image\/"},"sameAs":["https:\/\/www.instagram.com\/dutchhealthstore\/","https:\/\/www.facebook.com\/dutchhealthstore"]}]},"product_brand":"Living Libations","og_availability":"instock","product_availability":"instock","product_condition":"new"},"_links":{"self":[{"href":"https:\/\/dutchhealthstore.com\/de\/wp-json\/wp\/v2\/product\/116129","targetHints":{"allow":["GET"]}}],"collection":[{"href":"https:\/\/dutchhealthstore.com\/de\/wp-json\/wp\/v2\/product"}],"about":[{"href":"https:\/\/dutchhealthstore.com\/de\/wp-json\/wp\/v2\/types\/product"}],"replies":[{"embeddable":true,"href":"https:\/\/dutchhealthstore.com\/de\/wp-json\/wp\/v2\/comments?post=116129"}],"wp:featuredmedia":[{"embeddable":true,"href":"https:\/\/dutchhealthstore.com\/de\/wp-json\/wp\/v2\/media\/106090"}],"wp:attachment":[{"href":"https:\/\/dutchhealthstore.com\/de\/wp-json\/wp\/v2\/media?parent=116129"}],"wp:term":[{"taxonomy":"product_brand","embeddable":true,"href":"https:\/\/dutchhealthstore.com\/de\/wp-json\/wp\/v2\/product_brand?post=116129"},{"taxonomy":"product_cat","embeddable":true,"href":"https:\/\/dutchhealthstore.com\/de\/wp-json\/wp\/v2\/product_cat?post=116129"},{"taxonomy":"product_tag","embeddable":true,"href":"https:\/\/dutchhealthstore.com\/de\/wp-json\/wp\/v2\/product_tag?post=116129"}],"curies":[{"name":"wp","href":"https:\/\/api.w.org\/{rel}","templated":true}]}}