{"id":116053,"date":"2020-06-02T13:25:02","date_gmt":"2020-06-02T11:25:02","guid":{"rendered":"https:\/\/dutchhealthstore.com\/product\/benzoin-essential-oil\/"},"modified":"2025-07-25T15:33:29","modified_gmt":"2025-07-25T13:33:29","slug":"benzoin-essential-oil","status":"publish","type":"product","link":"https:\/\/dutchhealthstore.com\/de\/product\/benzoin-essential-oil\/","title":{"rendered":"Benzoin Essential Oil"},"content":{"rendered":"<p><img decoding=\"async\" class=\"size-full wp-image-69549 alignright\" src=\"https:\/\/dutchhealthstore.com\/wp-content\/uploads\/2019\/08\/NEW-Living-Libations-Logo.jpg\" alt=\"NEW - Living Libations - Logo\" width=\"175\" height=\"82\"><\/p>\n<p><strong>Botanischer Name:<\/strong> Styrax benzoin<br \/>\n<strong>Botanische Familie:<\/strong> Styracaceae<br \/>\n<strong>Extraktionsverfahren:<\/strong> Dampfdestilliert<br \/>\n<strong>Teil der Pflanze Destilliert:<\/strong> Harz<br \/>\n<strong>Herkunftsland:<\/strong> Indonesien<br \/>\n<strong>Anbaumethode:<\/strong> Bio<br \/>\n<strong>Zusammensetzung:<\/strong> 100% Styrax Benzoe<br \/>\n<strong>Konsistenz:<\/strong> Mittelstarke Viskosit\u00e4t<\/p>\n<h3 style=\"font-size: 20.16px;\"><span style=\"font-size: 20.16px; color: #333333;\">Beschreibung des Duftes<\/span><\/h3>\n<p>Balsamisch, vanilleartig, reichhaltig, harzig und beruhigend<\/p>\n<h3>Gut mischbar mit<\/h3>\n<p>Sandelholz, Patchouli, Weihrauch, Vetiver, Spikenard, Agarholz, Rose, Jasmin, Grapefruit, Bergamotte, Ysop, Majoran, Ylang, Zistrose, Orriswurzel, Pappelknospe und Thymian.<\/p>\n<h3>Verwendet<\/h3>\n<p>Ber\u00fchmt als Fixiermittel in Parf\u00fcms und K\u00f6lnisch Wasser; diffundiert, um eine warme und ermutigende aromatische Atmosph\u00e4re zu schaffen. Verwendung in B\u00e4dern, um die Stimmung zu heben und die Nerven zu entspannen; herrlich in Massage\u00f6len und Seren, um das Erscheinungsbild von Hautton und -struktur zu verbessern. Vor der Anwendung verd\u00fcnnen, da die Haut mancher Menschen empfindlich darauf reagieren kann.<\/p>\n<p>Balsamisches Benzoe hat seine Wurzeln im fr\u00fchen Arabien, wo der Name Benzoe &#8222;Weihrauch aus Sumatra&#8220; bedeutet. Dieses uralte Exsudat wurde Jahrtausende lang im gesamten Mittelmeerraum, auf Zypern, in Indien, Griechenland und Java als Apothekenartikel, Weihrauch und Parf\u00fcm verwendet. Sein beruhigendes Aroma diente als feines Fixiermittel in alten Parf\u00fcms.<\/p>\n<p style=\"font-size: 14.4px;\">Historisch gesehen galt dieses balsamische Harz als erhitzend, trocknend, w\u00e4rmend und anregend, w\u00e4hrend es die Emotionen in eine entspannte Euphorie versetzte. In Europa wurden s\u00fc\u00dfe Pastillen mit zusammengesetztem Benzoe hergestellt. Mit Benzoe wurden wundersame hautgl\u00e4ttende Seren hergestellt, da man glaubte, dass der Extrakt das Aussehen von Narben mildern, die Elastizit\u00e4t der Haut verbessern und trockene Haut versiegeln w\u00fcrde.<\/p>\n<p><strong>Gr\u00f6\u00dfe: 5 ml und 15 ml<\/strong><\/p>\n<h3>Bio-Zutaten<\/h3>\n<p>100% Benzoe (Styrax benzoin) \u00e4therisches \u00d6l.<\/p>\n<p style=\"text-align: center;\"><em>&#8222;Die Griechen und R\u00f6mer verwendeten das Harz nicht nur als Weihrauch, sondern auch in Parf\u00fcms und Kosmetika, und in sp\u00e4teren Zeiten wurde Benzoeharz pulverisiert und in Pomandern verwendet &#8211; es hei\u00dft, dass Elisabeth I. von England einen Pomander aus Benzoe und Ambra bei sich trug&#8220;.<\/em><br \/>\n~ Jennifer Peace Rhind, <strong>Fragrance and Wellbeing<\/strong><\/p>\n<p>&nbsp;<\/p>\n<p><img fetchpriority=\"high\" decoding=\"async\" class=\"size-medium wp-image-68103 aligncenter\" src=\"https:\/\/dutchhealthstore.com\/wp-content\/uploads\/2018\/02\/Living-Libations-Organic-Logo-800x89.png\" alt=\"Living Libations - Organic Logo\" width=\"800\" height=\"89\" srcset=\"https:\/\/dutchhealthstore.com\/wp-content\/uploads\/2018\/02\/Living-Libations-Organic-Logo-800x89.png 800w, https:\/\/dutchhealthstore.com\/wp-content\/uploads\/2018\/02\/Living-Libations-Organic-Logo-510x57.png 510w, https:\/\/dutchhealthstore.com\/wp-content\/uploads\/2018\/02\/Living-Libations-Organic-Logo-768x85.png 768w, https:\/\/dutchhealthstore.com\/wp-content\/uploads\/2018\/02\/Living-Libations-Organic-Logo.png 1400w\" sizes=\"(max-width: 800px) 100vw, 800px\" \/><\/p>\n<p>&nbsp;<\/p>\n","protected":false},"excerpt":{"rendered":"<p><strong>Benzoe<\/strong> ist ein balsamisches, vanilleartiges Harz, das aus den tropischen Str\u00e4uchern der Gattung Styrax destilliert wird. Sein beruhigendes Aroma dient als feines Fixiermittel in Parf\u00fcms und war in der Vergangenheit ein wichtiger Bestandteil von Parf\u00fcms.<\/p>\n<p>Diese dicke harzige Essenz wird dampfdestilliert, was eine Seltenheit ist, da sie oft nur als absolute Extraktion erh\u00e4ltlich ist. Das \u00d6l kann als beruhigender, euphorischer Duft durch die Wohnung wehen, als w\u00e4rmender Brustbalsam und als Hautserum zur Verbesserung des Hautbildes verwendet werden.<\/p>\n","protected":false},"featured_media":92995,"comment_status":"open","ping_status":"closed","template":"","meta":[],"product_brand":[],"product_cat":[1546,6737,1508,1493,1210,6736],"product_tag":[1547],"class_list":{"0":"post-116053","1":"product","2":"type-product","3":"status-publish","4":"has-post-thumbnail","6":"product_cat-essential-oils-living-libations-de","7":"product_cat-essential-oils-de-2","8":"product_cat-aetherische-oele-living-libations","9":"product_cat-living-libations-deutschland","10":"product_cat-marken","11":"product_cat-wellness-de","12":"product_tag-essential-oil-de","13":"pa_brand-livinglibations-de","14":"pa_essential-oils-product-type-essential-oils-de","15":"pa_size-5-ml-de","16":"pa_size-15-ml-de-2","18":"first","19":"instock","20":"taxable","21":"shipping-taxable","22":"purchasable","23":"product-type-variable"},"bundled_by":[],"bundle_stock_status":"instock","bundle_stock_quantity":null,"bundle_virtual":false,"bundle_layout":"","bundle_add_to_cart_form_location":"","bundle_editable_in_cart":false,"bundle_sold_individually_context":"","bundle_item_grouping":"","bundle_min_size":"","bundle_max_size":"","bundle_price":[],"bundled_items":[],"bundle_sell_ids":[],"atum_controlled":true,"out_stock_date":null,"out_stock_threshold":null,"inheritable":true,"stock_on_hold":1,"sold_today":0,"sales_last_days":0,"out_stock_days":0,"lost_sales":0,"update_date":"2026-04-08T01:47:32","atum_locations":[],"atum_stock_status":"instock","restock_status":false,"low_stock_amount":"","sales_update_date":"2026-04-08T01:47:32","calc_backorders":null,"group_of_quantity":0,"min_quantity":0,"max_quantity":"","exclude_order_quantity_value_rules":"no","exclude_category_quantity_rules":"no","combine_variations":"no","yoast_head":"<!-- This site is optimized with the Yoast SEO Premium plugin v26.5 (Yoast SEO v26.5) - https:\/\/yoast.com\/wordpress\/plugins\/seo\/ -->\n<title>Benzoin Essential Oil | Living Libations<\/title>\n<meta name=\"description\" content=\"Diese dicke harzige Essenz wird dampfdestilliert, was eine Seltenheit ist, da sie oft nur als absolute Extraktion erh\u00e4ltlich ist.\" \/>\n<meta name=\"robots\" content=\"index, follow, max-snippet:-1, max-image-preview:large, max-video-preview:-1\" \/>\n<link rel=\"canonical\" href=\"https:\/\/dutchhealthstore.com\/de\/product\/benzoin-essential-oil\/\" \/>\n<meta property=\"og:locale\" content=\"de_DE\" \/>\n<meta property=\"og:type\" content=\"article\" \/>\n<meta property=\"og:title\" content=\"Benzoin Essential Oil - Dutch Health Store\" \/>\n<meta property=\"og:description\" content=\"Diese dicke harzige Essenz wird dampfdestilliert, was eine Seltenheit ist, da sie oft nur als absolute Extraktion erh\u00e4ltlich ist.\" \/>\n<meta property=\"og:url\" content=\"https:\/\/dutchhealthstore.com\/de\/product\/benzoin-essential-oil\/\" \/>\n<meta property=\"og:site_name\" content=\"Dutch Health Store\" \/>\n<meta property=\"article:publisher\" content=\"https:\/\/www.instagram.com\/dutchhealthstore\/\" \/>\n<meta property=\"article:modified_time\" content=\"2025-07-25T13:33:29+00:00\" \/>\n<meta property=\"og:image\" content=\"https:\/\/dutchhealthstore.com\/wp-content\/uploads\/2018\/02\/Benzoin-Essential-Oil-Living-Libations.jpg\" \/>\n\t<meta property=\"og:image:width\" content=\"1200\" \/>\n\t<meta property=\"og:image:height\" content=\"1200\" \/>\n\t<meta property=\"og:image:type\" content=\"image\/jpeg\" \/>\n<meta name=\"twitter:card\" content=\"summary_large_image\" \/>\n<meta name=\"twitter:label1\" content=\"Verf\u00fcgbarkeit\" \/>\n\t<meta name=\"twitter:data1\" content=\"Auf Lager\" \/>\n<script type=\"application\/ld+json\" class=\"yoast-schema-graph\">{\"@context\":\"https:\/\/schema.org\",\"@graph\":[{\"@type\":\"WebPage\",\"@id\":\"https:\/\/dutchhealthstore.com\/de\/product\/benzoin-essential-oil\/\",\"url\":\"https:\/\/dutchhealthstore.com\/de\/product\/benzoin-essential-oil\/\",\"name\":\"Benzoin Essential Oil | Living Libations\",\"isPartOf\":{\"@id\":\"https:\/\/dutchhealthstore.com\/de\/#website\"},\"primaryImageOfPage\":{\"@id\":\"https:\/\/dutchhealthstore.com\/de\/product\/benzoin-essential-oil\/#primaryimage\"},\"image\":{\"@id\":\"https:\/\/dutchhealthstore.com\/de\/product\/benzoin-essential-oil\/#primaryimage\"},\"thumbnailUrl\":\"https:\/\/dutchhealthstore.com\/wp-content\/uploads\/2018\/02\/Benzoin-Essential-Oil-Living-Libations.jpg\",\"datePublished\":\"2020-06-02T11:25:02+00:00\",\"dateModified\":\"2025-07-25T13:33:29+00:00\",\"description\":\"Diese dicke harzige Essenz wird dampfdestilliert, was eine Seltenheit ist, da sie oft nur als absolute Extraktion erh\u00e4ltlich ist.\",\"breadcrumb\":{\"@id\":\"https:\/\/dutchhealthstore.com\/de\/product\/benzoin-essential-oil\/#breadcrumb\"},\"inLanguage\":\"de\",\"potentialAction\":[{\"@type\":\"ReadAction\",\"target\":[\"https:\/\/dutchhealthstore.com\/de\/product\/benzoin-essential-oil\/\"]}]},{\"@type\":\"ImageObject\",\"inLanguage\":\"de\",\"@id\":\"https:\/\/dutchhealthstore.com\/de\/product\/benzoin-essential-oil\/#primaryimage\",\"url\":\"https:\/\/dutchhealthstore.com\/wp-content\/uploads\/2018\/02\/Benzoin-Essential-Oil-Living-Libations.jpg\",\"contentUrl\":\"https:\/\/dutchhealthstore.com\/wp-content\/uploads\/2018\/02\/Benzoin-Essential-Oil-Living-Libations.jpg\",\"width\":1200,\"height\":1200,\"caption\":\"Benzoin Essential Oil - Living Libations\"},{\"@type\":\"BreadcrumbList\",\"@id\":\"https:\/\/dutchhealthstore.com\/de\/product\/benzoin-essential-oil\/#breadcrumb\",\"itemListElement\":[{\"@type\":\"ListItem\",\"position\":1,\"name\":\"Home\",\"item\":\"https:\/\/dutchhealthstore.com\/de\/\"},{\"@type\":\"ListItem\",\"position\":2,\"name\":\"Shop\",\"item\":\"https:\/\/dutchhealthstore.com\/de\/shop-2\/\"},{\"@type\":\"ListItem\",\"position\":3,\"name\":\"Benzoin Essential Oil\"}]},{\"@type\":\"WebSite\",\"@id\":\"https:\/\/dutchhealthstore.com\/de\/#website\",\"url\":\"https:\/\/dutchhealthstore.com\/de\/\",\"name\":\"Dutch Health Store\",\"description\":\"Enhance Your Beauty with Organic &amp; Natural Skincare\",\"publisher\":{\"@id\":\"https:\/\/dutchhealthstore.com\/de\/#organization\"},\"potentialAction\":[{\"@type\":\"SearchAction\",\"target\":{\"@type\":\"EntryPoint\",\"urlTemplate\":\"https:\/\/dutchhealthstore.com\/de\/?s={search_term_string}\"},\"query-input\":{\"@type\":\"PropertyValueSpecification\",\"valueRequired\":true,\"valueName\":\"search_term_string\"}}],\"inLanguage\":\"de\"},{\"@type\":\"Organization\",\"@id\":\"https:\/\/dutchhealthstore.com\/de\/#organization\",\"name\":\"Dutch Health Store\",\"url\":\"https:\/\/dutchhealthstore.com\/de\/\",\"logo\":{\"@type\":\"ImageObject\",\"inLanguage\":\"de\",\"@id\":\"https:\/\/dutchhealthstore.com\/de\/#\/schema\/logo\/image\/\",\"url\":\"https:\/\/dutchhealthstore.com\/wp-content\/uploads\/2020\/08\/logo-dutchhealthstore-jpg-e1599484957574.jpg\",\"contentUrl\":\"https:\/\/dutchhealthstore.com\/wp-content\/uploads\/2020\/08\/logo-dutchhealthstore-jpg-e1599484957574.jpg\",\"width\":400,\"height\":62,\"caption\":\"Dutch Health Store\"},\"image\":{\"@id\":\"https:\/\/dutchhealthstore.com\/de\/#\/schema\/logo\/image\/\"},\"sameAs\":[\"https:\/\/www.instagram.com\/dutchhealthstore\/\",\"https:\/\/www.facebook.com\/dutchhealthstore\"]}]}<\/script>\n<meta property=\"product:brand\" content=\"Living Libations\" \/>\n<meta property=\"og:availability\" content=\"instock\" \/>\n<meta property=\"product:availability\" content=\"instock\" \/>\n<meta property=\"product:condition\" content=\"new\" \/>\n<!-- \/ Yoast SEO Premium plugin. -->","yoast_head_json":{"title":"Benzoin Essential Oil | Living Libations","description":"Diese dicke harzige Essenz wird dampfdestilliert, was eine Seltenheit ist, da sie oft nur als absolute Extraktion erh\u00e4ltlich ist.","robots":{"index":"index","follow":"follow","max-snippet":"max-snippet:-1","max-image-preview":"max-image-preview:large","max-video-preview":"max-video-preview:-1"},"canonical":"https:\/\/dutchhealthstore.com\/de\/product\/benzoin-essential-oil\/","og_locale":"de_DE","og_type":"article","og_title":"Benzoin Essential Oil - Dutch Health Store","og_description":"Diese dicke harzige Essenz wird dampfdestilliert, was eine Seltenheit ist, da sie oft nur als absolute Extraktion erh\u00e4ltlich ist.","og_url":"https:\/\/dutchhealthstore.com\/de\/product\/benzoin-essential-oil\/","og_site_name":"Dutch Health Store","article_publisher":"https:\/\/www.instagram.com\/dutchhealthstore\/","article_modified_time":"2025-07-25T13:33:29+00:00","og_image":[{"width":1200,"height":1200,"url":"https:\/\/dutchhealthstore.com\/wp-content\/uploads\/2018\/02\/Benzoin-Essential-Oil-Living-Libations.jpg","type":"image\/jpeg"}],"twitter_card":"summary_large_image","twitter_misc":{"Verf\u00fcgbarkeit":"Auf Lager"},"schema":{"@context":"https:\/\/schema.org","@graph":[{"@type":"WebPage","@id":"https:\/\/dutchhealthstore.com\/de\/product\/benzoin-essential-oil\/","url":"https:\/\/dutchhealthstore.com\/de\/product\/benzoin-essential-oil\/","name":"Benzoin Essential Oil | Living Libations","isPartOf":{"@id":"https:\/\/dutchhealthstore.com\/de\/#website"},"primaryImageOfPage":{"@id":"https:\/\/dutchhealthstore.com\/de\/product\/benzoin-essential-oil\/#primaryimage"},"image":{"@id":"https:\/\/dutchhealthstore.com\/de\/product\/benzoin-essential-oil\/#primaryimage"},"thumbnailUrl":"https:\/\/dutchhealthstore.com\/wp-content\/uploads\/2018\/02\/Benzoin-Essential-Oil-Living-Libations.jpg","datePublished":"2020-06-02T11:25:02+00:00","dateModified":"2025-07-25T13:33:29+00:00","description":"Diese dicke harzige Essenz wird dampfdestilliert, was eine Seltenheit ist, da sie oft nur als absolute Extraktion erh\u00e4ltlich ist.","breadcrumb":{"@id":"https:\/\/dutchhealthstore.com\/de\/product\/benzoin-essential-oil\/#breadcrumb"},"inLanguage":"de","potentialAction":[{"@type":"ReadAction","target":["https:\/\/dutchhealthstore.com\/de\/product\/benzoin-essential-oil\/"]}]},{"@type":"ImageObject","inLanguage":"de","@id":"https:\/\/dutchhealthstore.com\/de\/product\/benzoin-essential-oil\/#primaryimage","url":"https:\/\/dutchhealthstore.com\/wp-content\/uploads\/2018\/02\/Benzoin-Essential-Oil-Living-Libations.jpg","contentUrl":"https:\/\/dutchhealthstore.com\/wp-content\/uploads\/2018\/02\/Benzoin-Essential-Oil-Living-Libations.jpg","width":1200,"height":1200,"caption":"Benzoin Essential Oil - Living Libations"},{"@type":"BreadcrumbList","@id":"https:\/\/dutchhealthstore.com\/de\/product\/benzoin-essential-oil\/#breadcrumb","itemListElement":[{"@type":"ListItem","position":1,"name":"Home","item":"https:\/\/dutchhealthstore.com\/de\/"},{"@type":"ListItem","position":2,"name":"Shop","item":"https:\/\/dutchhealthstore.com\/de\/shop-2\/"},{"@type":"ListItem","position":3,"name":"Benzoin Essential Oil"}]},{"@type":"WebSite","@id":"https:\/\/dutchhealthstore.com\/de\/#website","url":"https:\/\/dutchhealthstore.com\/de\/","name":"Dutch Health Store","description":"Enhance Your Beauty with Organic &amp; Natural Skincare","publisher":{"@id":"https:\/\/dutchhealthstore.com\/de\/#organization"},"potentialAction":[{"@type":"SearchAction","target":{"@type":"EntryPoint","urlTemplate":"https:\/\/dutchhealthstore.com\/de\/?s={search_term_string}"},"query-input":{"@type":"PropertyValueSpecification","valueRequired":true,"valueName":"search_term_string"}}],"inLanguage":"de"},{"@type":"Organization","@id":"https:\/\/dutchhealthstore.com\/de\/#organization","name":"Dutch Health Store","url":"https:\/\/dutchhealthstore.com\/de\/","logo":{"@type":"ImageObject","inLanguage":"de","@id":"https:\/\/dutchhealthstore.com\/de\/#\/schema\/logo\/image\/","url":"https:\/\/dutchhealthstore.com\/wp-content\/uploads\/2020\/08\/logo-dutchhealthstore-jpg-e1599484957574.jpg","contentUrl":"https:\/\/dutchhealthstore.com\/wp-content\/uploads\/2020\/08\/logo-dutchhealthstore-jpg-e1599484957574.jpg","width":400,"height":62,"caption":"Dutch Health Store"},"image":{"@id":"https:\/\/dutchhealthstore.com\/de\/#\/schema\/logo\/image\/"},"sameAs":["https:\/\/www.instagram.com\/dutchhealthstore\/","https:\/\/www.facebook.com\/dutchhealthstore"]}]},"product_brand":"Living Libations","og_availability":"instock","product_availability":"instock","product_condition":"new"},"_links":{"self":[{"href":"https:\/\/dutchhealthstore.com\/de\/wp-json\/wp\/v2\/product\/116053","targetHints":{"allow":["GET"]}}],"collection":[{"href":"https:\/\/dutchhealthstore.com\/de\/wp-json\/wp\/v2\/product"}],"about":[{"href":"https:\/\/dutchhealthstore.com\/de\/wp-json\/wp\/v2\/types\/product"}],"replies":[{"embeddable":true,"href":"https:\/\/dutchhealthstore.com\/de\/wp-json\/wp\/v2\/comments?post=116053"}],"wp:featuredmedia":[{"embeddable":true,"href":"https:\/\/dutchhealthstore.com\/de\/wp-json\/wp\/v2\/media\/92995"}],"wp:attachment":[{"href":"https:\/\/dutchhealthstore.com\/de\/wp-json\/wp\/v2\/media?parent=116053"}],"wp:term":[{"taxonomy":"product_brand","embeddable":true,"href":"https:\/\/dutchhealthstore.com\/de\/wp-json\/wp\/v2\/product_brand?post=116053"},{"taxonomy":"product_cat","embeddable":true,"href":"https:\/\/dutchhealthstore.com\/de\/wp-json\/wp\/v2\/product_cat?post=116053"},{"taxonomy":"product_tag","embeddable":true,"href":"https:\/\/dutchhealthstore.com\/de\/wp-json\/wp\/v2\/product_tag?post=116053"}],"curies":[{"name":"wp","href":"https:\/\/api.w.org\/{rel}","templated":true}]}}