{"id":116031,"date":"2020-07-09T08:45:13","date_gmt":"2020-07-09T06:45:13","guid":{"rendered":"https:\/\/dutchhealthstore.com\/product\/basil-holy-essential-oil\/"},"modified":"2026-03-13T11:41:47","modified_gmt":"2026-03-13T10:41:47","slug":"basil-holy-essential-oil","status":"publish","type":"product","link":"https:\/\/dutchhealthstore.com\/de\/product\/basil-holy-essential-oil\/","title":{"rendered":"Basil, Holy Essential Oil"},"content":{"rendered":"<p><strong><img decoding=\"async\" class=\"size-full wp-image-69549 alignright\" src=\"https:\/\/dutchhealthstore.com\/wp-content\/uploads\/2019\/08\/NEW-Living-Libations-Logo.jpg\" alt=\"NEW - Living Libations - Logo\" width=\"175\" height=\"82\">Botanischer Name:<\/strong> Ocimum sanctum<br \/>\n<strong>Botanische Familie:<\/strong> Lamiacaea<br \/>\n<strong>Extraktionsverfahren:<\/strong> Dampfdestilliert<br \/>\n<strong>Teil der Pflanze Destilliert:<\/strong> Bl\u00e4tter und Bl\u00fcten<br \/>\n<strong>Herkunftsland:<\/strong> Indien<br \/>\n<strong>Anbaumethode:<\/strong> Bio<br \/>\n<strong>Zusammensetzung:<\/strong> 100% Ocimum sanctum<br \/>\n<strong>Konsistenz:<\/strong> D\u00fcnn<\/p>\n<h3>Beschreibung des Duftes<\/h3>\n<p>Frisch gepfl\u00fccktes Basilikum umh\u00fcllt von s\u00fc\u00dfen, w\u00fcrzigen Nelken; warm und krautig mit subtilen Noten von Minze, Anis und Kampfer.<\/p>\n<h3>In Living Libations<\/h3>\n<p>Feeling Good Today<\/p>\n<h3>Gut mischbar mit<\/h3>\n<p>Lavendel, Grapefruit, Bergamotte, Wei\u00dftanne, Zeder, Sandelholz, Ysop, Weihrauch, Pfefferminze, Oregano, Kardamom, Rose, Zitrone, Spikenard, Gr\u00f6nlandmoos und Vetiver.<\/p>\n<a href=\"https:\/\/dutchhealthstore.com\/wp-content\/uploads\/2020\/07\/ANALYSIS-Basil-Holy-Essential-Oil-Living-Libations.pdf\" class=\"button primary is-primary is-small\"  >\n\t\t<span>ANALYSE DER \u00c4THERISCHEN \u00d6LE &gt;<\/span>\n\t<\/a>\n\n<h3>Verwendet<\/h3>\n<p>Ausgezeichnet in unseren Salzleitungen. Aufschwimmen zu B\u00e4dern. K\u00f6stlich in kulinarischen Kreationen. Verd\u00fcnnt in Massage\u00f6len und Seren ist es ein wunderbares Liniment. Das Einbringen in R\u00e4ume durch Diffusion wirkt reinigend und friedlich.<\/p>\n<p>Heiliges Basilikum ist ein jahrhundertealtes Kraut, das in allen hinduistischen Kulturen zur F\u00f6rderung des Wohlbefindens und der spirituellen Erleuchtung verwendet wurde. Einige Hindus glauben, dass das Heilige Basilikum die botanische Inkarnation des Gottes Vishnu ist und auch das Lieblingskraut von Krishna und Lakshmi. Bis heute haben viele Hindu-Familien eine Basilikumpflanze in ihren H\u00f6fen stehen, um sie spirituell zu sch\u00fctzen. Sie verwenden auch die s\u00fc\u00dfe Essenz der Pflanze als Tee, um den Geist zu beleben, und schm\u00fccken die Pflanze mit Geschenken und verehren sie zum Dank an die G\u00f6tter.<\/p>\n<p>Holy Basil Essential Oil spielt auch in der ayurvedischen Pflege eine wichtige Rolle. Sie gilt als perfekt reinigend, ausgleichend und harmonisierend. Menschen mit einer Kapha-Veranlagung werden das Heilige Basilikum als besonders kl\u00e4rend und belebend empfinden.<\/p>\n<p>Der s\u00fc\u00dfe, w\u00fcrzige und kampferartige Duft dieses \u00d6ls ist w\u00e4rmend und anziehend, aber es sind die einzigartigen pflanzlichen Eigenschaften dieses biologischen \u00e4therischen \u00d6ls, die es zu einem der am meisten verehrten Elixiere der Welt gemacht haben. Diese anpassungsf\u00e4hige Essenz ist vielseitig und bringt Trost und geistige Ruhe, um aufgew\u00fchlte Gef\u00fchle zu beruhigen.<\/p>\n<p><strong>Gr\u00f6\u00dfe: 5 ml und 15 ml<\/strong><\/p>\n<h3>Bio-Zutaten<\/h3>\n<p>\u00c4therisches \u00d6l aus 100% heiligem Basilikum (Ocimum sanctum).<\/p>\n<p style=\"text-align: center;\"><em>&#8222;Basilikum ist also ein Duft der Wirklichkeit &#8211; der Wirklichkeit der physischen Existenz und der Wirklichkeit der geistigen Existenz. Er schwebt durch alle Reiche, h\u00e4lt sie zusammen und erm\u00f6glicht Integration.&#8220;<\/em><br \/>\n~ Valerie Ann Worwood, <strong>Aromatherapy for the Soul<\/strong><\/p>\n<p style=\"text-align: center;\"><em>&#8222;Die frische, krautige, durchdringende Basilikum-Note findet sich in Foug\u00e9re-D\u00fcften&#8230; und auch in Balsamico-Komplexen.<\/em><br \/>\n~ Jennifer Peace Rhind, <strong>Fragrance and Wellbeing<\/strong><\/p>\n<p><img fetchpriority=\"high\" decoding=\"async\" class=\"size-medium wp-image-68103 aligncenter\" src=\"https:\/\/dutchhealthstore.com\/wp-content\/uploads\/2018\/02\/Living-Libations-Organic-Logo-800x89.png\" alt=\"Living Libations - Organic Logo\" width=\"800\" height=\"89\" srcset=\"https:\/\/dutchhealthstore.com\/wp-content\/uploads\/2018\/02\/Living-Libations-Organic-Logo-800x89.png 800w, https:\/\/dutchhealthstore.com\/wp-content\/uploads\/2018\/02\/Living-Libations-Organic-Logo-510x57.png 510w, https:\/\/dutchhealthstore.com\/wp-content\/uploads\/2018\/02\/Living-Libations-Organic-Logo-768x85.png 768w, https:\/\/dutchhealthstore.com\/wp-content\/uploads\/2018\/02\/Living-Libations-Organic-Logo.png 1400w\" sizes=\"(max-width: 800px) 100vw, 800px\" \/><\/p>\n","protected":false},"excerpt":{"rendered":"<p>Gegr\u00fc\u00dft sei das Heilige Basilikum, eine Pflanze, die so heilig ist, dass sie in der hinduistischen Kultur als botanische Inkarnation des Gottes Vishnu verehrt wird.<br \/>\nLiving Libations <strong>Holy Basil Essential Oil<\/strong> ist ein funkelnder Diamant botanischer Dynamik; ein Elixier, das so heilig und m\u00e4chtig ist, dass es in ganz Indien f\u00fcr seine lebensverbessernde Wirkung verehrt wird. Das s\u00fc\u00dfe, krautige \u00d6l dieser bl\u00fchenden Pflanze, die auch als Tulsi bekannt ist, ist seit Jahrhunderten ein Grundsatz der ayurvedischen Pflege.<br \/>\nHeiliges Basilikum ist ein reinigendes pflanzliches Tonikum, das zur Steigerung von Gl\u00fccksgef\u00fchlen und zur Heiligung von Geist, K\u00f6rper und heiligen R\u00e4umen mit seiner heiligen Energie verwendet wird.<\/p>\n","protected":false},"featured_media":118974,"comment_status":"open","ping_status":"closed","template":"","meta":[],"product_brand":[],"product_cat":[6737,1508,1546,1493,1210,6736],"product_tag":[1547],"class_list":{"0":"post-116031","1":"product","2":"type-product","3":"status-publish","4":"has-post-thumbnail","6":"product_cat-essential-oils-de-2","7":"product_cat-aetherische-oele-living-libations","8":"product_cat-essential-oils-living-libations-de","9":"product_cat-living-libations-deutschland","10":"product_cat-marken","11":"product_cat-wellness-de","12":"product_tag-essential-oil-de","13":"pa_brand-livinglibations-de","14":"pa_essential-oils-product-type-essential-oils-de","15":"pa_size-15-ml-de-2","16":"pa_size-5-ml-de","18":"first","19":"instock","20":"taxable","21":"shipping-taxable","22":"purchasable","23":"product-type-variable"},"bundled_by":[],"bundle_stock_status":"instock","bundle_stock_quantity":null,"bundle_virtual":false,"bundle_layout":"","bundle_add_to_cart_form_location":"","bundle_editable_in_cart":false,"bundle_sold_individually_context":"","bundle_item_grouping":"","bundle_min_size":"","bundle_max_size":"","bundle_price":[],"bundled_items":[],"bundle_sell_ids":[],"atum_controlled":true,"out_stock_date":null,"out_stock_threshold":null,"inheritable":true,"stock_on_hold":1,"sold_today":0,"sales_last_days":0,"out_stock_days":0,"lost_sales":0,"update_date":"2026-04-09T01:48:49","atum_locations":[],"atum_stock_status":"instock","restock_status":false,"low_stock_amount":"","sales_update_date":"2026-04-09T01:48:49","calc_backorders":null,"group_of_quantity":0,"min_quantity":0,"max_quantity":"","exclude_order_quantity_value_rules":"no","exclude_category_quantity_rules":"no","combine_variations":"no","yoast_head":"<!-- This site is optimized with the Yoast SEO Premium plugin v26.5 (Yoast SEO v26.5) - https:\/\/yoast.com\/wordpress\/plugins\/seo\/ -->\n<title>Basil, Holy Essential Oil | Living Libations<\/title>\n<meta name=\"description\" content=\"Heiliges Basilikum ist ein reinigendes pflanzliches Tonikum, das zur Steigerung von Gl\u00fccksgef\u00fchlen und zur Heiligung von Geist, K\u00f6rper und heiligen R\u00e4umen mit seiner heiligen Energie verwendet wird.\" \/>\n<meta name=\"robots\" content=\"index, follow, max-snippet:-1, max-image-preview:large, max-video-preview:-1\" \/>\n<link rel=\"canonical\" href=\"https:\/\/dutchhealthstore.com\/de\/product\/basil-holy-essential-oil\/\" \/>\n<meta property=\"og:locale\" content=\"de_DE\" \/>\n<meta property=\"og:type\" content=\"article\" \/>\n<meta property=\"og:title\" content=\"Basil, Holy Essential Oil - Dutch Health Store\" \/>\n<meta property=\"og:description\" content=\"Heiliges Basilikum ist ein reinigendes pflanzliches Tonikum, das zur Steigerung von Gl\u00fccksgef\u00fchlen und zur Heiligung von Geist, K\u00f6rper und heiligen R\u00e4umen mit seiner heiligen Energie verwendet wird.\" \/>\n<meta property=\"og:url\" content=\"https:\/\/dutchhealthstore.com\/de\/product\/basil-holy-essential-oil\/\" \/>\n<meta property=\"og:site_name\" content=\"Dutch Health Store\" \/>\n<meta property=\"article:publisher\" content=\"https:\/\/www.instagram.com\/dutchhealthstore\/\" \/>\n<meta property=\"article:modified_time\" content=\"2026-03-13T10:41:47+00:00\" \/>\n<meta property=\"og:image\" content=\"https:\/\/dutchhealthstore.com\/wp-content\/uploads\/2020\/07\/Basil-holy-essential-oil-e1597139493720.jpg\" \/>\n\t<meta property=\"og:image:width\" content=\"500\" \/>\n\t<meta property=\"og:image:height\" content=\"500\" \/>\n\t<meta property=\"og:image:type\" content=\"image\/jpeg\" \/>\n<meta name=\"twitter:card\" content=\"summary_large_image\" \/>\n<meta name=\"twitter:label1\" content=\"Verf\u00fcgbarkeit\" \/>\n\t<meta name=\"twitter:data1\" content=\"Auf Lager\" \/>\n<script type=\"application\/ld+json\" class=\"yoast-schema-graph\">{\"@context\":\"https:\/\/schema.org\",\"@graph\":[{\"@type\":\"WebPage\",\"@id\":\"https:\/\/dutchhealthstore.com\/de\/product\/basil-holy-essential-oil\/\",\"url\":\"https:\/\/dutchhealthstore.com\/de\/product\/basil-holy-essential-oil\/\",\"name\":\"Basil, Holy Essential Oil | Living Libations\",\"isPartOf\":{\"@id\":\"https:\/\/dutchhealthstore.com\/de\/#website\"},\"primaryImageOfPage\":{\"@id\":\"https:\/\/dutchhealthstore.com\/de\/product\/basil-holy-essential-oil\/#primaryimage\"},\"image\":{\"@id\":\"https:\/\/dutchhealthstore.com\/de\/product\/basil-holy-essential-oil\/#primaryimage\"},\"thumbnailUrl\":\"https:\/\/dutchhealthstore.com\/wp-content\/uploads\/2020\/07\/Basil-holy-essential-oil-e1597139493720.jpg\",\"datePublished\":\"2020-07-09T06:45:13+00:00\",\"dateModified\":\"2026-03-13T10:41:47+00:00\",\"description\":\"Heiliges Basilikum ist ein reinigendes pflanzliches Tonikum, das zur Steigerung von Gl\u00fccksgef\u00fchlen und zur Heiligung von Geist, K\u00f6rper und heiligen R\u00e4umen mit seiner heiligen Energie verwendet wird.\",\"breadcrumb\":{\"@id\":\"https:\/\/dutchhealthstore.com\/de\/product\/basil-holy-essential-oil\/#breadcrumb\"},\"inLanguage\":\"de\",\"potentialAction\":[{\"@type\":\"ReadAction\",\"target\":[\"https:\/\/dutchhealthstore.com\/de\/product\/basil-holy-essential-oil\/\"]}]},{\"@type\":\"ImageObject\",\"inLanguage\":\"de\",\"@id\":\"https:\/\/dutchhealthstore.com\/de\/product\/basil-holy-essential-oil\/#primaryimage\",\"url\":\"https:\/\/dutchhealthstore.com\/wp-content\/uploads\/2020\/07\/Basil-holy-essential-oil-e1597139493720.jpg\",\"contentUrl\":\"https:\/\/dutchhealthstore.com\/wp-content\/uploads\/2020\/07\/Basil-holy-essential-oil-e1597139493720.jpg\",\"width\":500,\"height\":500,\"caption\":\"Basil holy essential oil\"},{\"@type\":\"BreadcrumbList\",\"@id\":\"https:\/\/dutchhealthstore.com\/de\/product\/basil-holy-essential-oil\/#breadcrumb\",\"itemListElement\":[{\"@type\":\"ListItem\",\"position\":1,\"name\":\"Home\",\"item\":\"https:\/\/dutchhealthstore.com\/de\/\"},{\"@type\":\"ListItem\",\"position\":2,\"name\":\"Shop\",\"item\":\"https:\/\/dutchhealthstore.com\/de\/shop-2\/\"},{\"@type\":\"ListItem\",\"position\":3,\"name\":\"Basil, Holy Essential Oil\"}]},{\"@type\":\"WebSite\",\"@id\":\"https:\/\/dutchhealthstore.com\/de\/#website\",\"url\":\"https:\/\/dutchhealthstore.com\/de\/\",\"name\":\"Dutch Health Store\",\"description\":\"Enhance Your Beauty with Organic &amp; Natural Skincare\",\"publisher\":{\"@id\":\"https:\/\/dutchhealthstore.com\/de\/#organization\"},\"potentialAction\":[{\"@type\":\"SearchAction\",\"target\":{\"@type\":\"EntryPoint\",\"urlTemplate\":\"https:\/\/dutchhealthstore.com\/de\/?s={search_term_string}\"},\"query-input\":{\"@type\":\"PropertyValueSpecification\",\"valueRequired\":true,\"valueName\":\"search_term_string\"}}],\"inLanguage\":\"de\"},{\"@type\":\"Organization\",\"@id\":\"https:\/\/dutchhealthstore.com\/de\/#organization\",\"name\":\"Dutch Health Store\",\"url\":\"https:\/\/dutchhealthstore.com\/de\/\",\"logo\":{\"@type\":\"ImageObject\",\"inLanguage\":\"de\",\"@id\":\"https:\/\/dutchhealthstore.com\/de\/#\/schema\/logo\/image\/\",\"url\":\"https:\/\/dutchhealthstore.com\/wp-content\/uploads\/2020\/08\/logo-dutchhealthstore-jpg-e1599484957574.jpg\",\"contentUrl\":\"https:\/\/dutchhealthstore.com\/wp-content\/uploads\/2020\/08\/logo-dutchhealthstore-jpg-e1599484957574.jpg\",\"width\":400,\"height\":62,\"caption\":\"Dutch Health Store\"},\"image\":{\"@id\":\"https:\/\/dutchhealthstore.com\/de\/#\/schema\/logo\/image\/\"},\"sameAs\":[\"https:\/\/www.instagram.com\/dutchhealthstore\/\",\"https:\/\/www.facebook.com\/dutchhealthstore\"]}]}<\/script>\n<meta property=\"product:brand\" content=\"Living Libations\" \/>\n<meta property=\"og:availability\" content=\"instock\" \/>\n<meta property=\"product:availability\" content=\"instock\" \/>\n<meta property=\"product:condition\" content=\"new\" \/>\n<!-- \/ Yoast SEO Premium plugin. -->","yoast_head_json":{"title":"Basil, Holy Essential Oil | Living Libations","description":"Heiliges Basilikum ist ein reinigendes pflanzliches Tonikum, das zur Steigerung von Gl\u00fccksgef\u00fchlen und zur Heiligung von Geist, K\u00f6rper und heiligen R\u00e4umen mit seiner heiligen Energie verwendet wird.","robots":{"index":"index","follow":"follow","max-snippet":"max-snippet:-1","max-image-preview":"max-image-preview:large","max-video-preview":"max-video-preview:-1"},"canonical":"https:\/\/dutchhealthstore.com\/de\/product\/basil-holy-essential-oil\/","og_locale":"de_DE","og_type":"article","og_title":"Basil, Holy Essential Oil - Dutch Health Store","og_description":"Heiliges Basilikum ist ein reinigendes pflanzliches Tonikum, das zur Steigerung von Gl\u00fccksgef\u00fchlen und zur Heiligung von Geist, K\u00f6rper und heiligen R\u00e4umen mit seiner heiligen Energie verwendet wird.","og_url":"https:\/\/dutchhealthstore.com\/de\/product\/basil-holy-essential-oil\/","og_site_name":"Dutch Health Store","article_publisher":"https:\/\/www.instagram.com\/dutchhealthstore\/","article_modified_time":"2026-03-13T10:41:47+00:00","og_image":[{"width":500,"height":500,"url":"https:\/\/dutchhealthstore.com\/wp-content\/uploads\/2020\/07\/Basil-holy-essential-oil-e1597139493720.jpg","type":"image\/jpeg"}],"twitter_card":"summary_large_image","twitter_misc":{"Verf\u00fcgbarkeit":"Auf Lager"},"schema":{"@context":"https:\/\/schema.org","@graph":[{"@type":"WebPage","@id":"https:\/\/dutchhealthstore.com\/de\/product\/basil-holy-essential-oil\/","url":"https:\/\/dutchhealthstore.com\/de\/product\/basil-holy-essential-oil\/","name":"Basil, Holy Essential Oil | Living Libations","isPartOf":{"@id":"https:\/\/dutchhealthstore.com\/de\/#website"},"primaryImageOfPage":{"@id":"https:\/\/dutchhealthstore.com\/de\/product\/basil-holy-essential-oil\/#primaryimage"},"image":{"@id":"https:\/\/dutchhealthstore.com\/de\/product\/basil-holy-essential-oil\/#primaryimage"},"thumbnailUrl":"https:\/\/dutchhealthstore.com\/wp-content\/uploads\/2020\/07\/Basil-holy-essential-oil-e1597139493720.jpg","datePublished":"2020-07-09T06:45:13+00:00","dateModified":"2026-03-13T10:41:47+00:00","description":"Heiliges Basilikum ist ein reinigendes pflanzliches Tonikum, das zur Steigerung von Gl\u00fccksgef\u00fchlen und zur Heiligung von Geist, K\u00f6rper und heiligen R\u00e4umen mit seiner heiligen Energie verwendet wird.","breadcrumb":{"@id":"https:\/\/dutchhealthstore.com\/de\/product\/basil-holy-essential-oil\/#breadcrumb"},"inLanguage":"de","potentialAction":[{"@type":"ReadAction","target":["https:\/\/dutchhealthstore.com\/de\/product\/basil-holy-essential-oil\/"]}]},{"@type":"ImageObject","inLanguage":"de","@id":"https:\/\/dutchhealthstore.com\/de\/product\/basil-holy-essential-oil\/#primaryimage","url":"https:\/\/dutchhealthstore.com\/wp-content\/uploads\/2020\/07\/Basil-holy-essential-oil-e1597139493720.jpg","contentUrl":"https:\/\/dutchhealthstore.com\/wp-content\/uploads\/2020\/07\/Basil-holy-essential-oil-e1597139493720.jpg","width":500,"height":500,"caption":"Basil holy essential oil"},{"@type":"BreadcrumbList","@id":"https:\/\/dutchhealthstore.com\/de\/product\/basil-holy-essential-oil\/#breadcrumb","itemListElement":[{"@type":"ListItem","position":1,"name":"Home","item":"https:\/\/dutchhealthstore.com\/de\/"},{"@type":"ListItem","position":2,"name":"Shop","item":"https:\/\/dutchhealthstore.com\/de\/shop-2\/"},{"@type":"ListItem","position":3,"name":"Basil, Holy Essential Oil"}]},{"@type":"WebSite","@id":"https:\/\/dutchhealthstore.com\/de\/#website","url":"https:\/\/dutchhealthstore.com\/de\/","name":"Dutch Health Store","description":"Enhance Your Beauty with Organic &amp; Natural Skincare","publisher":{"@id":"https:\/\/dutchhealthstore.com\/de\/#organization"},"potentialAction":[{"@type":"SearchAction","target":{"@type":"EntryPoint","urlTemplate":"https:\/\/dutchhealthstore.com\/de\/?s={search_term_string}"},"query-input":{"@type":"PropertyValueSpecification","valueRequired":true,"valueName":"search_term_string"}}],"inLanguage":"de"},{"@type":"Organization","@id":"https:\/\/dutchhealthstore.com\/de\/#organization","name":"Dutch Health Store","url":"https:\/\/dutchhealthstore.com\/de\/","logo":{"@type":"ImageObject","inLanguage":"de","@id":"https:\/\/dutchhealthstore.com\/de\/#\/schema\/logo\/image\/","url":"https:\/\/dutchhealthstore.com\/wp-content\/uploads\/2020\/08\/logo-dutchhealthstore-jpg-e1599484957574.jpg","contentUrl":"https:\/\/dutchhealthstore.com\/wp-content\/uploads\/2020\/08\/logo-dutchhealthstore-jpg-e1599484957574.jpg","width":400,"height":62,"caption":"Dutch Health Store"},"image":{"@id":"https:\/\/dutchhealthstore.com\/de\/#\/schema\/logo\/image\/"},"sameAs":["https:\/\/www.instagram.com\/dutchhealthstore\/","https:\/\/www.facebook.com\/dutchhealthstore"]}]},"product_brand":"Living Libations","og_availability":"instock","product_availability":"instock","product_condition":"new"},"_links":{"self":[{"href":"https:\/\/dutchhealthstore.com\/de\/wp-json\/wp\/v2\/product\/116031","targetHints":{"allow":["GET"]}}],"collection":[{"href":"https:\/\/dutchhealthstore.com\/de\/wp-json\/wp\/v2\/product"}],"about":[{"href":"https:\/\/dutchhealthstore.com\/de\/wp-json\/wp\/v2\/types\/product"}],"replies":[{"embeddable":true,"href":"https:\/\/dutchhealthstore.com\/de\/wp-json\/wp\/v2\/comments?post=116031"}],"wp:featuredmedia":[{"embeddable":true,"href":"https:\/\/dutchhealthstore.com\/de\/wp-json\/wp\/v2\/media\/118974"}],"wp:attachment":[{"href":"https:\/\/dutchhealthstore.com\/de\/wp-json\/wp\/v2\/media?parent=116031"}],"wp:term":[{"taxonomy":"product_brand","embeddable":true,"href":"https:\/\/dutchhealthstore.com\/de\/wp-json\/wp\/v2\/product_brand?post=116031"},{"taxonomy":"product_cat","embeddable":true,"href":"https:\/\/dutchhealthstore.com\/de\/wp-json\/wp\/v2\/product_cat?post=116031"},{"taxonomy":"product_tag","embeddable":true,"href":"https:\/\/dutchhealthstore.com\/de\/wp-json\/wp\/v2\/product_tag?post=116031"}],"curies":[{"name":"wp","href":"https:\/\/api.w.org\/{rel}","templated":true}]}}