{"id":115804,"date":"2020-05-07T13:34:54","date_gmt":"2020-05-07T11:34:54","guid":{"rendered":"https:\/\/dutchhealthstore.com\/product\/balsam-amyris-essential-oil\/"},"modified":"2023-07-11T11:50:55","modified_gmt":"2023-07-11T11:50:55","slug":"balsam-amyris-essential-oil","status":"publish","type":"product","link":"https:\/\/dutchhealthstore.com\/de\/product\/balsam-amyris-essential-oil\/","title":{"rendered":"Balsam Amyris Essential Oil"},"content":{"rendered":"<p><img decoding=\"async\" class=\"alignright size-full wp-image-69549\" src=\"https:\/\/dutchhealthstore.com\/wp-content\/uploads\/2019\/08\/NEW-Living-Libations-Logo.jpg\" alt=\"NEW - Living Libations - Logo\" width=\"175\" height=\"82\"><strong style=\"font-size: 14.4px;\">Botanischer Name<\/strong><strong style=\"font-size: 14.4px;\">:<\/strong> <em style=\"font-size: 14.4px;\">Amyris balsamifera <\/em><strong><br \/>\nBotanische Familie:<\/strong> Rutaceae<br \/>\n<strong>Extraktionsverfahren:<\/strong> Dampfdestilliert<br \/>\n<strong>Teil der Pflanze Destilliert:<\/strong> Holz<br \/>\n<strong>Herkunftsland:<\/strong> Haiti<br \/>\n<strong>Anbaumethode:<\/strong> Wild gez\u00fcchtet<br \/>\n<strong>Zusammensetzung:<\/strong> 100% <em>Amyris balsamifera<\/em><br \/>\n<strong>Konsistenz:<\/strong> blassgelb, leicht viskos.<\/p>\n<h3>Beschreibung des Duftes<\/h3>\n<p>Beruhigend, aufbauend und erdend.<\/p>\n<h3>In Living Libations<\/h3>\n<p>Musk Mallow Poetic Pits<\/p>\n<h3>Gut mischbar mit<\/h3>\n<p>Sandelholz, Jasmin, Vetiver, Lavendel, Grapefruit, Bergamotte, Limette, Spikenard, Zypresse, Zeder, Agarholz, Neroli, Patchouli, Ysop und Ylang.<\/p>\n<h3>Verwendet<\/h3>\n<p>Fixiermittel in Parf\u00fcm, K\u00f6lnischwasser, K\u00f6rper\u00f6len, Deodorants und Aromamischungen. Tonen in Seren. Einige Tropfen in das Bad oder in den Diffusor geben, um das \u00d6l zu entspannen und zu beruhigen.<\/p>\n<h3>Komponenten<\/h3>\n<p>Enth\u00e4lt Elemische S\u00e4uren, Sesquiterpene und Triterpene von \u03b1-Amyrin und \u03b2-Amyrin zusammen mit \u03b2-Sesquiphellandren, Elemol, \u03b3-Eudesmol, Baldrianol, \u03b1-Eudesmol, \u03b2-Eudesmol, Baldrianol, 10-epi-gamma-Eudesmol, ar-Curcumen und epi-alpha-Selinene.<\/p>\n<p>Balsam Amyris wird aus den Zweigen und \u00c4sten des dichten Holzes destilliert, das einen hohen \u00d6lgehalt aufweist, der das Holz hell brennen l\u00e4sst. In Haiti, wo die Pflanze heimisch ist, werden die Zweige als Fackeln verwendet, daher lautet einer der gebr\u00e4uchlichen Namen f\u00fcr diesen Baum Balsam Torchwood.<\/p>\n<p>Dieses \u00d6l ist eine echte Aromatherapie &#8211; ein Tropfen taucht die Sinne in ein leichtes, s\u00fc\u00dfes, holziges Aroma, das beruhigt, entspannt und bes\u00e4nftigt. In Parf\u00fcms, K\u00f6lnischwasser und Deodorants kann das warme Aroma als Basisnote verwendet werden, \u00e4hnlich wie das \u00e4therische Sandelholz\u00f6l h\u00e4ufig eingesetzt wird.<\/p>\n<p><strong>Gr\u00f6\u00dfe: 5 ml<\/strong><\/p>\n<h3>Bio-Zutaten<\/h3>\n<p>100% \u00e4therische \u00d6le aus Balsam-Amyris (Amyris balsamifera).<\/p>\n<p><img fetchpriority=\"high\" decoding=\"async\" class=\"size-medium wp-image-68103 aligncenter\" src=\"https:\/\/dutchhealthstore.com\/wp-content\/uploads\/2018\/02\/Living-Libations-Organic-Logo-800x89.png\" alt=\"Living Libations - Organic Logo\" width=\"800\" height=\"89\" srcset=\"https:\/\/dutchhealthstore.com\/wp-content\/uploads\/2018\/02\/Living-Libations-Organic-Logo-800x89.png 800w, https:\/\/dutchhealthstore.com\/wp-content\/uploads\/2018\/02\/Living-Libations-Organic-Logo-510x57.png 510w, https:\/\/dutchhealthstore.com\/wp-content\/uploads\/2018\/02\/Living-Libations-Organic-Logo-768x85.png 768w, https:\/\/dutchhealthstore.com\/wp-content\/uploads\/2018\/02\/Living-Libations-Organic-Logo.png 1400w\" sizes=\"(max-width: 800px) 100vw, 800px\" \/><\/p>\n","protected":false},"excerpt":{"rendered":"<p>Erhellen Sie Ihre Stimmung und lassen Sie Ihre D\u00fcfte erstrahlen<br \/>\ndurch ein Bad in <strong>Balsam Amyris Essential Oil<\/strong>, das aus dem immergr\u00fcnen haitianischen Amyris balsamifera-Baum destilliert wird.<br \/>\nDer aromatische Amyrisbaum geh\u00f6rt zur Familie der Zitrusfr\u00fcchte und der Name leitet sich vom griechischen Wort amyron ab und bedeutet stark duftend, was auf das Oleoresin zur\u00fcckzuf\u00fchren ist, das aus seinem Stamm austritt.<br \/>\nDas lang anhaltende Aroma ist sanft balsamisch, leicht s\u00fc\u00dflich mit einem Hauch von Vanille.<br \/>\nDie subtile W\u00e4rme dieser Essenz schmeichelt den Nerven und beruhigt die Gem\u00fcter.<\/p>\n","protected":false},"featured_media":100247,"comment_status":"open","ping_status":"closed","template":"","meta":[],"product_brand":[],"product_cat":[1508,1546,6737,1493,1210,6736],"product_tag":[1547],"class_list":{"0":"post-115804","1":"product","2":"type-product","3":"status-publish","4":"has-post-thumbnail","6":"product_cat-aetherische-oele-living-libations","7":"product_cat-essential-oils-living-libations-de","8":"product_cat-essential-oils-de-2","9":"product_cat-living-libations-deutschland","10":"product_cat-marken","11":"product_cat-wellness-de","12":"product_tag-essential-oil-de","13":"pa_brand-livinglibations-de","14":"pa_essential-oils-product-type-essential-oils-de","15":"pa_size-5-ml-de","17":"first","18":"instock","19":"taxable","20":"shipping-taxable","21":"purchasable","22":"product-type-simple"},"bundled_by":[],"bundle_stock_status":"instock","bundle_stock_quantity":2,"bundle_virtual":false,"bundle_layout":"","bundle_add_to_cart_form_location":"","bundle_editable_in_cart":false,"bundle_sold_individually_context":"","bundle_item_grouping":"","bundle_min_size":"","bundle_max_size":"","bundle_price":[],"bundled_items":[],"bundle_sell_ids":[],"atum_controlled":true,"out_stock_date":null,"out_stock_threshold":null,"inheritable":false,"stock_on_hold":0,"sold_today":0,"sales_last_days":0,"out_stock_days":0,"lost_sales":0,"update_date":"2026-05-04T13:00:16","atum_locations":[],"atum_stock_status":"instock","restock_status":false,"low_stock_amount":"","sales_update_date":"2026-05-04T13:00:16","calc_backorders":null,"group_of_quantity":0,"min_quantity":0,"max_quantity":"","exclude_order_quantity_value_rules":"no","exclude_category_quantity_rules":"no","combine_variations":"no","yoast_head":"<!-- This site is optimized with the Yoast SEO Premium plugin v26.5 (Yoast SEO v26.5) - https:\/\/yoast.com\/wordpress\/plugins\/seo\/ -->\n<title>Balsam Amyris Essential Oil | Living Libations<\/title>\n<meta name=\"description\" content=\"Balsam Amyris Essential Oil, das aus dem immergr\u00fcnen haitianischen Amyris balsamifera-Baum destilliert wird und Ihre Stimmung und Ihre D\u00fcfte aufhellt.\" \/>\n<meta name=\"robots\" content=\"index, follow, max-snippet:-1, max-image-preview:large, max-video-preview:-1\" \/>\n<link rel=\"canonical\" href=\"https:\/\/dutchhealthstore.com\/de\/product\/balsam-amyris-essential-oil\/\" \/>\n<meta property=\"og:locale\" content=\"de_DE\" \/>\n<meta property=\"og:type\" content=\"article\" \/>\n<meta property=\"og:title\" content=\"Balsam Amyris Essential Oil - Dutch Health Store\" \/>\n<meta property=\"og:description\" content=\"Balsam Amyris Essential Oil, das aus dem immergr\u00fcnen haitianischen Amyris balsamifera-Baum destilliert wird und Ihre Stimmung und Ihre D\u00fcfte aufhellt.\" \/>\n<meta property=\"og:url\" content=\"https:\/\/dutchhealthstore.com\/de\/product\/balsam-amyris-essential-oil\/\" \/>\n<meta property=\"og:site_name\" content=\"Dutch Health Store\" \/>\n<meta property=\"article:publisher\" content=\"https:\/\/www.instagram.com\/dutchhealthstore\/\" \/>\n<meta property=\"article:modified_time\" content=\"2023-07-11T11:50:55+00:00\" \/>\n<meta property=\"og:image\" content=\"https:\/\/dutchhealthstore.com\/wp-content\/uploads\/2020\/05\/Living-libations-Balsam-Amyris-Essential-Oil.jpg\" \/>\n\t<meta property=\"og:image:width\" content=\"1200\" \/>\n\t<meta property=\"og:image:height\" content=\"1200\" \/>\n\t<meta property=\"og:image:type\" content=\"image\/jpeg\" \/>\n<meta name=\"twitter:card\" content=\"summary_large_image\" \/>\n<meta name=\"twitter:label1\" content=\"Preis\" \/>\n\t<meta name=\"twitter:data1\" content=\"&euro;15,00\" \/>\n\t<meta name=\"twitter:label2\" content=\"Verf\u00fcgbarkeit\" \/>\n\t<meta name=\"twitter:data2\" content=\"Auf Lager\" \/>\n<script type=\"application\/ld+json\" class=\"yoast-schema-graph\">{\"@context\":\"https:\/\/schema.org\",\"@graph\":[{\"@type\":\"WebPage\",\"@id\":\"https:\/\/dutchhealthstore.com\/de\/product\/balsam-amyris-essential-oil\/\",\"url\":\"https:\/\/dutchhealthstore.com\/de\/product\/balsam-amyris-essential-oil\/\",\"name\":\"Balsam Amyris Essential Oil | Living Libations\",\"isPartOf\":{\"@id\":\"https:\/\/dutchhealthstore.com\/de\/#website\"},\"primaryImageOfPage\":{\"@id\":\"https:\/\/dutchhealthstore.com\/de\/product\/balsam-amyris-essential-oil\/#primaryimage\"},\"image\":{\"@id\":\"https:\/\/dutchhealthstore.com\/de\/product\/balsam-amyris-essential-oil\/#primaryimage\"},\"thumbnailUrl\":\"https:\/\/dutchhealthstore.com\/wp-content\/uploads\/2020\/05\/Living-libations-Balsam-Amyris-Essential-Oil.jpg\",\"datePublished\":\"2020-05-07T11:34:54+00:00\",\"dateModified\":\"2023-07-11T11:50:55+00:00\",\"description\":\"Balsam Amyris Essential Oil, das aus dem immergr\u00fcnen haitianischen Amyris balsamifera-Baum destilliert wird und Ihre Stimmung und Ihre D\u00fcfte aufhellt.\",\"breadcrumb\":{\"@id\":\"https:\/\/dutchhealthstore.com\/de\/product\/balsam-amyris-essential-oil\/#breadcrumb\"},\"inLanguage\":\"de\",\"potentialAction\":[{\"@type\":\"ReadAction\",\"target\":[\"https:\/\/dutchhealthstore.com\/de\/product\/balsam-amyris-essential-oil\/\"]}]},{\"@type\":\"ImageObject\",\"inLanguage\":\"de\",\"@id\":\"https:\/\/dutchhealthstore.com\/de\/product\/balsam-amyris-essential-oil\/#primaryimage\",\"url\":\"https:\/\/dutchhealthstore.com\/wp-content\/uploads\/2020\/05\/Living-libations-Balsam-Amyris-Essential-Oil.jpg\",\"contentUrl\":\"https:\/\/dutchhealthstore.com\/wp-content\/uploads\/2020\/05\/Living-libations-Balsam-Amyris-Essential-Oil.jpg\",\"width\":1200,\"height\":1200,\"caption\":\"Living libations - Balsam Amyris Essential Oil\"},{\"@type\":\"BreadcrumbList\",\"@id\":\"https:\/\/dutchhealthstore.com\/de\/product\/balsam-amyris-essential-oil\/#breadcrumb\",\"itemListElement\":[{\"@type\":\"ListItem\",\"position\":1,\"name\":\"Home\",\"item\":\"https:\/\/dutchhealthstore.com\/de\/\"},{\"@type\":\"ListItem\",\"position\":2,\"name\":\"Shop\",\"item\":\"https:\/\/dutchhealthstore.com\/de\/shop-2\/\"},{\"@type\":\"ListItem\",\"position\":3,\"name\":\"Balsam Amyris Essential Oil\"}]},{\"@type\":\"WebSite\",\"@id\":\"https:\/\/dutchhealthstore.com\/de\/#website\",\"url\":\"https:\/\/dutchhealthstore.com\/de\/\",\"name\":\"Dutch Health Store\",\"description\":\"Enhance Your Beauty with Organic &amp; Natural Skincare\",\"publisher\":{\"@id\":\"https:\/\/dutchhealthstore.com\/de\/#organization\"},\"potentialAction\":[{\"@type\":\"SearchAction\",\"target\":{\"@type\":\"EntryPoint\",\"urlTemplate\":\"https:\/\/dutchhealthstore.com\/de\/?s={search_term_string}\"},\"query-input\":{\"@type\":\"PropertyValueSpecification\",\"valueRequired\":true,\"valueName\":\"search_term_string\"}}],\"inLanguage\":\"de\"},{\"@type\":\"Organization\",\"@id\":\"https:\/\/dutchhealthstore.com\/de\/#organization\",\"name\":\"Dutch Health Store\",\"url\":\"https:\/\/dutchhealthstore.com\/de\/\",\"logo\":{\"@type\":\"ImageObject\",\"inLanguage\":\"de\",\"@id\":\"https:\/\/dutchhealthstore.com\/de\/#\/schema\/logo\/image\/\",\"url\":\"https:\/\/dutchhealthstore.com\/wp-content\/uploads\/2020\/08\/logo-dutchhealthstore-jpg-e1599484957574.jpg\",\"contentUrl\":\"https:\/\/dutchhealthstore.com\/wp-content\/uploads\/2020\/08\/logo-dutchhealthstore-jpg-e1599484957574.jpg\",\"width\":400,\"height\":62,\"caption\":\"Dutch Health Store\"},\"image\":{\"@id\":\"https:\/\/dutchhealthstore.com\/de\/#\/schema\/logo\/image\/\"},\"sameAs\":[\"https:\/\/www.instagram.com\/dutchhealthstore\/\",\"https:\/\/www.facebook.com\/dutchhealthstore\"]}]}<\/script>\n<meta property=\"product:brand\" content=\"Living Libations\" \/>\n<meta property=\"product:price:amount\" content=\"15.00\" \/>\n<meta property=\"product:price:currency\" content=\"EUR\" \/>\n<meta property=\"og:availability\" content=\"instock\" \/>\n<meta property=\"product:availability\" content=\"instock\" \/>\n<meta property=\"product:condition\" content=\"new\" \/>\n<!-- \/ Yoast SEO Premium plugin. -->","yoast_head_json":{"title":"Balsam Amyris Essential Oil | Living Libations","description":"Balsam Amyris Essential Oil, das aus dem immergr\u00fcnen haitianischen Amyris balsamifera-Baum destilliert wird und Ihre Stimmung und Ihre D\u00fcfte aufhellt.","robots":{"index":"index","follow":"follow","max-snippet":"max-snippet:-1","max-image-preview":"max-image-preview:large","max-video-preview":"max-video-preview:-1"},"canonical":"https:\/\/dutchhealthstore.com\/de\/product\/balsam-amyris-essential-oil\/","og_locale":"de_DE","og_type":"article","og_title":"Balsam Amyris Essential Oil - Dutch Health Store","og_description":"Balsam Amyris Essential Oil, das aus dem immergr\u00fcnen haitianischen Amyris balsamifera-Baum destilliert wird und Ihre Stimmung und Ihre D\u00fcfte aufhellt.","og_url":"https:\/\/dutchhealthstore.com\/de\/product\/balsam-amyris-essential-oil\/","og_site_name":"Dutch Health Store","article_publisher":"https:\/\/www.instagram.com\/dutchhealthstore\/","article_modified_time":"2023-07-11T11:50:55+00:00","og_image":[{"width":1200,"height":1200,"url":"https:\/\/dutchhealthstore.com\/wp-content\/uploads\/2020\/05\/Living-libations-Balsam-Amyris-Essential-Oil.jpg","type":"image\/jpeg"}],"twitter_card":"summary_large_image","twitter_misc":{"Preis":"&euro;15,00","Verf\u00fcgbarkeit":"Auf Lager"},"schema":{"@context":"https:\/\/schema.org","@graph":[{"@type":"WebPage","@id":"https:\/\/dutchhealthstore.com\/de\/product\/balsam-amyris-essential-oil\/","url":"https:\/\/dutchhealthstore.com\/de\/product\/balsam-amyris-essential-oil\/","name":"Balsam Amyris Essential Oil | Living Libations","isPartOf":{"@id":"https:\/\/dutchhealthstore.com\/de\/#website"},"primaryImageOfPage":{"@id":"https:\/\/dutchhealthstore.com\/de\/product\/balsam-amyris-essential-oil\/#primaryimage"},"image":{"@id":"https:\/\/dutchhealthstore.com\/de\/product\/balsam-amyris-essential-oil\/#primaryimage"},"thumbnailUrl":"https:\/\/dutchhealthstore.com\/wp-content\/uploads\/2020\/05\/Living-libations-Balsam-Amyris-Essential-Oil.jpg","datePublished":"2020-05-07T11:34:54+00:00","dateModified":"2023-07-11T11:50:55+00:00","description":"Balsam Amyris Essential Oil, das aus dem immergr\u00fcnen haitianischen Amyris balsamifera-Baum destilliert wird und Ihre Stimmung und Ihre D\u00fcfte aufhellt.","breadcrumb":{"@id":"https:\/\/dutchhealthstore.com\/de\/product\/balsam-amyris-essential-oil\/#breadcrumb"},"inLanguage":"de","potentialAction":[{"@type":"ReadAction","target":["https:\/\/dutchhealthstore.com\/de\/product\/balsam-amyris-essential-oil\/"]}]},{"@type":"ImageObject","inLanguage":"de","@id":"https:\/\/dutchhealthstore.com\/de\/product\/balsam-amyris-essential-oil\/#primaryimage","url":"https:\/\/dutchhealthstore.com\/wp-content\/uploads\/2020\/05\/Living-libations-Balsam-Amyris-Essential-Oil.jpg","contentUrl":"https:\/\/dutchhealthstore.com\/wp-content\/uploads\/2020\/05\/Living-libations-Balsam-Amyris-Essential-Oil.jpg","width":1200,"height":1200,"caption":"Living libations - Balsam Amyris Essential Oil"},{"@type":"BreadcrumbList","@id":"https:\/\/dutchhealthstore.com\/de\/product\/balsam-amyris-essential-oil\/#breadcrumb","itemListElement":[{"@type":"ListItem","position":1,"name":"Home","item":"https:\/\/dutchhealthstore.com\/de\/"},{"@type":"ListItem","position":2,"name":"Shop","item":"https:\/\/dutchhealthstore.com\/de\/shop-2\/"},{"@type":"ListItem","position":3,"name":"Balsam Amyris Essential Oil"}]},{"@type":"WebSite","@id":"https:\/\/dutchhealthstore.com\/de\/#website","url":"https:\/\/dutchhealthstore.com\/de\/","name":"Dutch Health Store","description":"Enhance Your Beauty with Organic &amp; Natural Skincare","publisher":{"@id":"https:\/\/dutchhealthstore.com\/de\/#organization"},"potentialAction":[{"@type":"SearchAction","target":{"@type":"EntryPoint","urlTemplate":"https:\/\/dutchhealthstore.com\/de\/?s={search_term_string}"},"query-input":{"@type":"PropertyValueSpecification","valueRequired":true,"valueName":"search_term_string"}}],"inLanguage":"de"},{"@type":"Organization","@id":"https:\/\/dutchhealthstore.com\/de\/#organization","name":"Dutch Health Store","url":"https:\/\/dutchhealthstore.com\/de\/","logo":{"@type":"ImageObject","inLanguage":"de","@id":"https:\/\/dutchhealthstore.com\/de\/#\/schema\/logo\/image\/","url":"https:\/\/dutchhealthstore.com\/wp-content\/uploads\/2020\/08\/logo-dutchhealthstore-jpg-e1599484957574.jpg","contentUrl":"https:\/\/dutchhealthstore.com\/wp-content\/uploads\/2020\/08\/logo-dutchhealthstore-jpg-e1599484957574.jpg","width":400,"height":62,"caption":"Dutch Health Store"},"image":{"@id":"https:\/\/dutchhealthstore.com\/de\/#\/schema\/logo\/image\/"},"sameAs":["https:\/\/www.instagram.com\/dutchhealthstore\/","https:\/\/www.facebook.com\/dutchhealthstore"]}]},"product_brand":"Living Libations","product_price_amount":"15.00","product_price_currency":"EUR","og_availability":"instock","product_availability":"instock","product_condition":"new"},"_links":{"self":[{"href":"https:\/\/dutchhealthstore.com\/de\/wp-json\/wp\/v2\/product\/115804","targetHints":{"allow":["GET"]}}],"collection":[{"href":"https:\/\/dutchhealthstore.com\/de\/wp-json\/wp\/v2\/product"}],"about":[{"href":"https:\/\/dutchhealthstore.com\/de\/wp-json\/wp\/v2\/types\/product"}],"replies":[{"embeddable":true,"href":"https:\/\/dutchhealthstore.com\/de\/wp-json\/wp\/v2\/comments?post=115804"}],"wp:featuredmedia":[{"embeddable":true,"href":"https:\/\/dutchhealthstore.com\/de\/wp-json\/wp\/v2\/media\/100247"}],"wp:attachment":[{"href":"https:\/\/dutchhealthstore.com\/de\/wp-json\/wp\/v2\/media?parent=115804"}],"wp:term":[{"taxonomy":"product_brand","embeddable":true,"href":"https:\/\/dutchhealthstore.com\/de\/wp-json\/wp\/v2\/product_brand?post=115804"},{"taxonomy":"product_cat","embeddable":true,"href":"https:\/\/dutchhealthstore.com\/de\/wp-json\/wp\/v2\/product_cat?post=115804"},{"taxonomy":"product_tag","embeddable":true,"href":"https:\/\/dutchhealthstore.com\/de\/wp-json\/wp\/v2\/product_tag?post=115804"}],"curies":[{"name":"wp","href":"https:\/\/api.w.org\/{rel}","templated":true}]}}