{"id":115657,"date":"2018-11-27T07:54:43","date_gmt":"2018-11-27T06:54:43","guid":{"rendered":"https:\/\/dutchhealthstore.com\/product\/australian-rose-essential-oil\/"},"modified":"2023-02-14T11:32:52","modified_gmt":"2023-02-14T11:32:52","slug":"australian-rose-essential-oil","status":"publish","type":"product","link":"https:\/\/dutchhealthstore.com\/de\/product\/australian-rose-essential-oil\/","title":{"rendered":"Australian Rose Essential Oil"},"content":{"rendered":"<p><img decoding=\"async\" class=\"alignright size-full wp-image-37041\" src=\"https:\/\/dutchhealthstore.com\/wp-content\/uploads\/2018\/04\/Living_Libations-1.png\" alt=\"Organic &amp; Natural Beautyproducts - Living Libations\" width=\"175\" height=\"82\"><strong>Botanischer Name:<\/strong> Leptospermum petersonii geraniol<br \/>\n<strong>Botanische Familie:<\/strong> Myrtaceae<br \/>\n<span style=\"font-size: 14.4px;\"><b>Extraktion<\/b><\/span><b> Methode:<\/b> Wasserdampfdestillation<br \/>\n<strong>Herkunftsland:<\/strong> Australien<br \/>\n<strong>Anbaumethode:<\/strong> Wild geerntet<br \/>\n<strong>Zusammensetzung:<\/strong> 100% Leptospermum petersonii Geraniol<br \/>\n<strong>Konsistenz:<\/strong> D\u00fcnn<\/p>\n<h3 style=\"font-weight: 400;\"><strong>Beschreibung des Duftes<\/strong><\/h3>\n<p style=\"font-weight: 400;\">Spr\u00fchende Zitrusfr\u00fcchte, blumige Ankl\u00e4nge, mit einer holzigen Rhapsodie.<\/p>\n<h3 style=\"font-weight: 400;\"><strong>Gut mischbar mit<\/strong><\/h3>\n<p style=\"font-weight: 400;\">Sandelholz, Zypresse, S\u00fc\u00dfer Thymian, Blutorange, Geranie, Nerolina, Rosalina, Zitronenmyrte, Lavendel, Schwarzfichte, Wei\u00dftanne, Wei\u00dftanne, Douglasie, Weihrauch, Ylang, Rose, Neroli und Bergamotte.<\/p>\n<h3 style=\"font-weight: 400;\"><strong>Verwendet<\/strong><\/h3>\n<p style=\"font-weight: 400;\">Perfekt in Parf\u00fcms als Einzelnoten-Essenz oder in Kombination mit anderen \u00d6len f\u00fcr einen komplexen Duft. Diffundieren Sie mit Ylang und Bergamotte, um einen Raum mit entspannender Fr\u00f6hlichkeit zu f\u00fcllen. Baden Sie in seiner Sch\u00f6nheit mit einem Tropfen seines beruhigenden Taus. In Mischungen und Massage\u00f6len wieder auff\u00fcllend. Einfach herrlich in Hautseren.<\/p>\n<p>Die \u00e4u\u00dferst seltene Australische Rose w\u00e4chst auf einem Baum, der bis zu 30 Meter hoch werden kann. Diese einzigartige Destillation eines \u00e4therischen \u00d6ls aus der Familie der Myrtaceae ist reich an herrlichem <i><em>Geraniol<\/em><\/i> und <i><em>Geranyl-Acetat<\/em><\/i> pflanzlichen Bestandteilen, die sich hervorragend f\u00fcr die Hautpflege eignen. Der Inhaltsstoff <i><em>Geraniol<\/em><\/i> ist ein Monoterpen-Alkohol, Dr. Kurt Schnaubelt schreibt, dass diese Komponente wie ein Tonikum wirkt, gut vertr\u00e4glich ist und &#8222;zu den ansprechendsten D\u00fcften geh\u00f6rt. Die \u00d6le, in denen diese Alkohole vorherrschen, k\u00f6nnen gro\u00dfz\u00fcgig und h\u00e4ufig verwendet werden und haben daher einen gro\u00dfen Wert f\u00fcr die Aufrechterhaltung des Gleichgewichts&#8220; und des allgemeinen Elans (1999: 179).<\/p>\n<p><strong>Gr\u00f6\u00dfe: 5 ml<\/strong><\/p>\n<h3>Bio-Zutaten<\/h3>\n<p>\u00c4therisches \u00d6l aus 100% australischer Rose (Leptospermum petersonii geraniol).<\/p>\n<p>&nbsp;<\/p>\n<p><img fetchpriority=\"high\" decoding=\"async\" class=\"aligncenter size-full wp-image-68099\" src=\"https:\/\/dutchhealthstore.com\/wp-content\/uploads\/2018\/02\/Logo-Living-Libations-New-2019.png\" alt=\"Logo Living Libations New 2019\" width=\"905\" height=\"100\" srcset=\"https:\/\/dutchhealthstore.com\/wp-content\/uploads\/2018\/02\/Logo-Living-Libations-New-2019.png 905w, https:\/\/dutchhealthstore.com\/wp-content\/uploads\/2018\/02\/Logo-Living-Libations-New-2019-510x56.png 510w, https:\/\/dutchhealthstore.com\/wp-content\/uploads\/2018\/02\/Logo-Living-Libations-New-2019-800x88.png 800w, https:\/\/dutchhealthstore.com\/wp-content\/uploads\/2018\/02\/Logo-Living-Libations-New-2019-768x85.png 768w\" sizes=\"(max-width: 905px) 100vw, 905px\" \/><\/p>\n<p style=\"font-weight: 400;\">\n","protected":false},"excerpt":{"rendered":"<p>Atmen Sie einen Hauch von Gei\u00dfblatt und Fr\u00fchling in unserem seltenen <strong>Australian<\/strong> <strong>Rose<\/strong> <strong>Essential Oil<\/strong> ein, das im milden Hinterland der Byron Bay destilliert und geerntet wird. Dieser bezaubernde Selbstvertrauensverst\u00e4rker ruft ein Wesen hervor, das beschwingt und hell ist.<\/p>\n","protected":false},"featured_media":47881,"comment_status":"open","ping_status":"closed","template":"","meta":[],"product_brand":[],"product_cat":[6737,1508,1546,1493,1210,511,6736],"product_tag":[1547],"class_list":{"0":"post-115657","1":"product","2":"type-product","3":"status-publish","4":"has-post-thumbnail","6":"product_cat-essential-oils-de-2","7":"product_cat-aetherische-oele-living-libations","8":"product_cat-essential-oils-living-libations-de","9":"product_cat-living-libations-deutschland","10":"product_cat-marken","11":"product_cat-produkte","12":"product_cat-wellness-de","13":"product_tag-essential-oil-de","14":"pa_brand-livinglibations-de","15":"pa_essential-oils-product-type-essential-oils-de","16":"pa_size-5-ml-de","18":"first","19":"instock","20":"taxable","21":"shipping-taxable","22":"purchasable","23":"product-type-simple"},"bundled_by":[],"bundle_stock_status":"instock","bundle_stock_quantity":2,"bundle_virtual":false,"bundle_layout":"","bundle_add_to_cart_form_location":"","bundle_editable_in_cart":false,"bundle_sold_individually_context":"","bundle_item_grouping":"","bundle_min_size":"","bundle_max_size":"","bundle_price":[],"bundled_items":[],"bundle_sell_ids":[],"atum_controlled":true,"out_stock_date":null,"out_stock_threshold":null,"inheritable":false,"stock_on_hold":0,"sold_today":0,"sales_last_days":0,"out_stock_days":0,"lost_sales":0,"update_date":"2026-04-09T01:47:34","atum_locations":[],"atum_stock_status":"instock","restock_status":false,"low_stock_amount":0,"sales_update_date":"2026-04-09T01:47:34","calc_backorders":null,"group_of_quantity":0,"min_quantity":0,"max_quantity":"","exclude_order_quantity_value_rules":"no","exclude_category_quantity_rules":"no","combine_variations":"no","yoast_head":"<!-- This site is optimized with the Yoast SEO Premium plugin v26.5 (Yoast SEO v26.5) - https:\/\/yoast.com\/wordpress\/plugins\/seo\/ -->\n<title>Australian Rose Essential Oil | Organic &amp; Natural | Living Libations<\/title>\n<meta name=\"description\" content=\"Atmen Sie einen Hauch von Gei\u00dfblatt und Fr\u00fchling in unserem seltenenAustralian Rose Essential Oil, das im milden Hinterland von Byron Bay destilliert und geerntet wird.\" \/>\n<meta name=\"robots\" content=\"index, follow, max-snippet:-1, max-image-preview:large, max-video-preview:-1\" \/>\n<link rel=\"canonical\" href=\"https:\/\/dutchhealthstore.com\/de\/product\/australian-rose-essential-oil\/\" \/>\n<meta property=\"og:locale\" content=\"de_DE\" \/>\n<meta property=\"og:type\" content=\"article\" \/>\n<meta property=\"og:title\" content=\"Australian Rose Essential Oil - Dutch Health Store\" \/>\n<meta property=\"og:description\" content=\"Atmen Sie einen Hauch von Gei\u00dfblatt und Fr\u00fchling in unserem seltenenAustralian Rose Essential Oil, das im milden Hinterland von Byron Bay destilliert und geerntet wird.\" \/>\n<meta property=\"og:url\" content=\"https:\/\/dutchhealthstore.com\/de\/product\/australian-rose-essential-oil\/\" \/>\n<meta property=\"og:site_name\" content=\"Dutch Health Store\" \/>\n<meta property=\"article:publisher\" content=\"https:\/\/www.instagram.com\/dutchhealthstore\/\" \/>\n<meta property=\"article:modified_time\" content=\"2023-02-14T11:32:52+00:00\" \/>\n<meta property=\"og:image\" content=\"https:\/\/dutchhealthstore.com\/wp-content\/uploads\/2018\/11\/Living-Libations-Australian-Rose-Essential-Oil-.jpg\" \/>\n\t<meta property=\"og:image:width\" content=\"1200\" \/>\n\t<meta property=\"og:image:height\" content=\"1200\" \/>\n\t<meta property=\"og:image:type\" content=\"image\/jpeg\" \/>\n<meta name=\"twitter:card\" content=\"summary_large_image\" \/>\n<meta name=\"twitter:label1\" content=\"Preis\" \/>\n\t<meta name=\"twitter:data1\" content=\"&euro;67,00\" \/>\n\t<meta name=\"twitter:label2\" content=\"Verf\u00fcgbarkeit\" \/>\n\t<meta name=\"twitter:data2\" content=\"Auf Lager\" \/>\n<script type=\"application\/ld+json\" class=\"yoast-schema-graph\">{\"@context\":\"https:\/\/schema.org\",\"@graph\":[{\"@type\":\"WebPage\",\"@id\":\"https:\/\/dutchhealthstore.com\/de\/product\/australian-rose-essential-oil\/\",\"url\":\"https:\/\/dutchhealthstore.com\/de\/product\/australian-rose-essential-oil\/\",\"name\":\"Australian Rose Essential Oil | Organic & Natural | Living Libations\",\"isPartOf\":{\"@id\":\"https:\/\/dutchhealthstore.com\/de\/#website\"},\"primaryImageOfPage\":{\"@id\":\"https:\/\/dutchhealthstore.com\/de\/product\/australian-rose-essential-oil\/#primaryimage\"},\"image\":{\"@id\":\"https:\/\/dutchhealthstore.com\/de\/product\/australian-rose-essential-oil\/#primaryimage\"},\"thumbnailUrl\":\"https:\/\/dutchhealthstore.com\/wp-content\/uploads\/2018\/11\/Living-Libations-Australian-Rose-Essential-Oil-.jpg\",\"datePublished\":\"2018-11-27T06:54:43+00:00\",\"dateModified\":\"2023-02-14T11:32:52+00:00\",\"description\":\"Atmen Sie einen Hauch von Gei\u00dfblatt und Fr\u00fchling in unserem seltenenAustralian Rose Essential Oil, das im milden Hinterland von Byron Bay destilliert und geerntet wird.\",\"breadcrumb\":{\"@id\":\"https:\/\/dutchhealthstore.com\/de\/product\/australian-rose-essential-oil\/#breadcrumb\"},\"inLanguage\":\"de\",\"potentialAction\":[{\"@type\":\"ReadAction\",\"target\":[\"https:\/\/dutchhealthstore.com\/de\/product\/australian-rose-essential-oil\/\"]}]},{\"@type\":\"ImageObject\",\"inLanguage\":\"de\",\"@id\":\"https:\/\/dutchhealthstore.com\/de\/product\/australian-rose-essential-oil\/#primaryimage\",\"url\":\"https:\/\/dutchhealthstore.com\/wp-content\/uploads\/2018\/11\/Living-Libations-Australian-Rose-Essential-Oil-.jpg\",\"contentUrl\":\"https:\/\/dutchhealthstore.com\/wp-content\/uploads\/2018\/11\/Living-Libations-Australian-Rose-Essential-Oil-.jpg\",\"width\":1200,\"height\":1200,\"caption\":\"Living Libations - Australian Rose Essential Oil\"},{\"@type\":\"BreadcrumbList\",\"@id\":\"https:\/\/dutchhealthstore.com\/de\/product\/australian-rose-essential-oil\/#breadcrumb\",\"itemListElement\":[{\"@type\":\"ListItem\",\"position\":1,\"name\":\"Home\",\"item\":\"https:\/\/dutchhealthstore.com\/de\/\"},{\"@type\":\"ListItem\",\"position\":2,\"name\":\"Shop\",\"item\":\"https:\/\/dutchhealthstore.com\/de\/shop-2\/\"},{\"@type\":\"ListItem\",\"position\":3,\"name\":\"Australian Rose Essential Oil\"}]},{\"@type\":\"WebSite\",\"@id\":\"https:\/\/dutchhealthstore.com\/de\/#website\",\"url\":\"https:\/\/dutchhealthstore.com\/de\/\",\"name\":\"Dutch Health Store\",\"description\":\"Enhance Your Beauty with Organic &amp; Natural Skincare\",\"publisher\":{\"@id\":\"https:\/\/dutchhealthstore.com\/de\/#organization\"},\"potentialAction\":[{\"@type\":\"SearchAction\",\"target\":{\"@type\":\"EntryPoint\",\"urlTemplate\":\"https:\/\/dutchhealthstore.com\/de\/?s={search_term_string}\"},\"query-input\":{\"@type\":\"PropertyValueSpecification\",\"valueRequired\":true,\"valueName\":\"search_term_string\"}}],\"inLanguage\":\"de\"},{\"@type\":\"Organization\",\"@id\":\"https:\/\/dutchhealthstore.com\/de\/#organization\",\"name\":\"Dutch Health Store\",\"url\":\"https:\/\/dutchhealthstore.com\/de\/\",\"logo\":{\"@type\":\"ImageObject\",\"inLanguage\":\"de\",\"@id\":\"https:\/\/dutchhealthstore.com\/de\/#\/schema\/logo\/image\/\",\"url\":\"https:\/\/dutchhealthstore.com\/wp-content\/uploads\/2020\/08\/logo-dutchhealthstore-jpg-e1599484957574.jpg\",\"contentUrl\":\"https:\/\/dutchhealthstore.com\/wp-content\/uploads\/2020\/08\/logo-dutchhealthstore-jpg-e1599484957574.jpg\",\"width\":400,\"height\":62,\"caption\":\"Dutch Health Store\"},\"image\":{\"@id\":\"https:\/\/dutchhealthstore.com\/de\/#\/schema\/logo\/image\/\"},\"sameAs\":[\"https:\/\/www.instagram.com\/dutchhealthstore\/\",\"https:\/\/www.facebook.com\/dutchhealthstore\"]}]}<\/script>\n<meta property=\"product:brand\" content=\"Living Libations\" \/>\n<meta property=\"product:price:amount\" content=\"67.00\" \/>\n<meta property=\"product:price:currency\" content=\"EUR\" \/>\n<meta property=\"og:availability\" content=\"instock\" \/>\n<meta property=\"product:availability\" content=\"instock\" \/>\n<meta property=\"product:condition\" content=\"new\" \/>\n<!-- \/ Yoast SEO Premium plugin. -->","yoast_head_json":{"title":"Australian Rose Essential Oil | Organic & Natural | Living Libations","description":"Atmen Sie einen Hauch von Gei\u00dfblatt und Fr\u00fchling in unserem seltenenAustralian Rose Essential Oil, das im milden Hinterland von Byron Bay destilliert und geerntet wird.","robots":{"index":"index","follow":"follow","max-snippet":"max-snippet:-1","max-image-preview":"max-image-preview:large","max-video-preview":"max-video-preview:-1"},"canonical":"https:\/\/dutchhealthstore.com\/de\/product\/australian-rose-essential-oil\/","og_locale":"de_DE","og_type":"article","og_title":"Australian Rose Essential Oil - Dutch Health Store","og_description":"Atmen Sie einen Hauch von Gei\u00dfblatt und Fr\u00fchling in unserem seltenenAustralian Rose Essential Oil, das im milden Hinterland von Byron Bay destilliert und geerntet wird.","og_url":"https:\/\/dutchhealthstore.com\/de\/product\/australian-rose-essential-oil\/","og_site_name":"Dutch Health Store","article_publisher":"https:\/\/www.instagram.com\/dutchhealthstore\/","article_modified_time":"2023-02-14T11:32:52+00:00","og_image":[{"width":1200,"height":1200,"url":"https:\/\/dutchhealthstore.com\/wp-content\/uploads\/2018\/11\/Living-Libations-Australian-Rose-Essential-Oil-.jpg","type":"image\/jpeg"}],"twitter_card":"summary_large_image","twitter_misc":{"Preis":"&euro;67,00","Verf\u00fcgbarkeit":"Auf Lager"},"schema":{"@context":"https:\/\/schema.org","@graph":[{"@type":"WebPage","@id":"https:\/\/dutchhealthstore.com\/de\/product\/australian-rose-essential-oil\/","url":"https:\/\/dutchhealthstore.com\/de\/product\/australian-rose-essential-oil\/","name":"Australian Rose Essential Oil | Organic & Natural | Living Libations","isPartOf":{"@id":"https:\/\/dutchhealthstore.com\/de\/#website"},"primaryImageOfPage":{"@id":"https:\/\/dutchhealthstore.com\/de\/product\/australian-rose-essential-oil\/#primaryimage"},"image":{"@id":"https:\/\/dutchhealthstore.com\/de\/product\/australian-rose-essential-oil\/#primaryimage"},"thumbnailUrl":"https:\/\/dutchhealthstore.com\/wp-content\/uploads\/2018\/11\/Living-Libations-Australian-Rose-Essential-Oil-.jpg","datePublished":"2018-11-27T06:54:43+00:00","dateModified":"2023-02-14T11:32:52+00:00","description":"Atmen Sie einen Hauch von Gei\u00dfblatt und Fr\u00fchling in unserem seltenenAustralian Rose Essential Oil, das im milden Hinterland von Byron Bay destilliert und geerntet wird.","breadcrumb":{"@id":"https:\/\/dutchhealthstore.com\/de\/product\/australian-rose-essential-oil\/#breadcrumb"},"inLanguage":"de","potentialAction":[{"@type":"ReadAction","target":["https:\/\/dutchhealthstore.com\/de\/product\/australian-rose-essential-oil\/"]}]},{"@type":"ImageObject","inLanguage":"de","@id":"https:\/\/dutchhealthstore.com\/de\/product\/australian-rose-essential-oil\/#primaryimage","url":"https:\/\/dutchhealthstore.com\/wp-content\/uploads\/2018\/11\/Living-Libations-Australian-Rose-Essential-Oil-.jpg","contentUrl":"https:\/\/dutchhealthstore.com\/wp-content\/uploads\/2018\/11\/Living-Libations-Australian-Rose-Essential-Oil-.jpg","width":1200,"height":1200,"caption":"Living Libations - Australian Rose Essential Oil"},{"@type":"BreadcrumbList","@id":"https:\/\/dutchhealthstore.com\/de\/product\/australian-rose-essential-oil\/#breadcrumb","itemListElement":[{"@type":"ListItem","position":1,"name":"Home","item":"https:\/\/dutchhealthstore.com\/de\/"},{"@type":"ListItem","position":2,"name":"Shop","item":"https:\/\/dutchhealthstore.com\/de\/shop-2\/"},{"@type":"ListItem","position":3,"name":"Australian Rose Essential Oil"}]},{"@type":"WebSite","@id":"https:\/\/dutchhealthstore.com\/de\/#website","url":"https:\/\/dutchhealthstore.com\/de\/","name":"Dutch Health Store","description":"Enhance Your Beauty with Organic &amp; Natural Skincare","publisher":{"@id":"https:\/\/dutchhealthstore.com\/de\/#organization"},"potentialAction":[{"@type":"SearchAction","target":{"@type":"EntryPoint","urlTemplate":"https:\/\/dutchhealthstore.com\/de\/?s={search_term_string}"},"query-input":{"@type":"PropertyValueSpecification","valueRequired":true,"valueName":"search_term_string"}}],"inLanguage":"de"},{"@type":"Organization","@id":"https:\/\/dutchhealthstore.com\/de\/#organization","name":"Dutch Health Store","url":"https:\/\/dutchhealthstore.com\/de\/","logo":{"@type":"ImageObject","inLanguage":"de","@id":"https:\/\/dutchhealthstore.com\/de\/#\/schema\/logo\/image\/","url":"https:\/\/dutchhealthstore.com\/wp-content\/uploads\/2020\/08\/logo-dutchhealthstore-jpg-e1599484957574.jpg","contentUrl":"https:\/\/dutchhealthstore.com\/wp-content\/uploads\/2020\/08\/logo-dutchhealthstore-jpg-e1599484957574.jpg","width":400,"height":62,"caption":"Dutch Health Store"},"image":{"@id":"https:\/\/dutchhealthstore.com\/de\/#\/schema\/logo\/image\/"},"sameAs":["https:\/\/www.instagram.com\/dutchhealthstore\/","https:\/\/www.facebook.com\/dutchhealthstore"]}]},"product_brand":"Living Libations","product_price_amount":"67.00","product_price_currency":"EUR","og_availability":"instock","product_availability":"instock","product_condition":"new"},"_links":{"self":[{"href":"https:\/\/dutchhealthstore.com\/de\/wp-json\/wp\/v2\/product\/115657","targetHints":{"allow":["GET"]}}],"collection":[{"href":"https:\/\/dutchhealthstore.com\/de\/wp-json\/wp\/v2\/product"}],"about":[{"href":"https:\/\/dutchhealthstore.com\/de\/wp-json\/wp\/v2\/types\/product"}],"replies":[{"embeddable":true,"href":"https:\/\/dutchhealthstore.com\/de\/wp-json\/wp\/v2\/comments?post=115657"}],"wp:featuredmedia":[{"embeddable":true,"href":"https:\/\/dutchhealthstore.com\/de\/wp-json\/wp\/v2\/media\/47881"}],"wp:attachment":[{"href":"https:\/\/dutchhealthstore.com\/de\/wp-json\/wp\/v2\/media?parent=115657"}],"wp:term":[{"taxonomy":"product_brand","embeddable":true,"href":"https:\/\/dutchhealthstore.com\/de\/wp-json\/wp\/v2\/product_brand?post=115657"},{"taxonomy":"product_cat","embeddable":true,"href":"https:\/\/dutchhealthstore.com\/de\/wp-json\/wp\/v2\/product_cat?post=115657"},{"taxonomy":"product_tag","embeddable":true,"href":"https:\/\/dutchhealthstore.com\/de\/wp-json\/wp\/v2\/product_tag?post=115657"}],"curies":[{"name":"wp","href":"https:\/\/api.w.org\/{rel}","templated":true}]}}