{"id":115618,"date":"2018-02-10T18:13:01","date_gmt":"2018-02-10T18:13:01","guid":{"rendered":"https:\/\/dutchhealthstore.com\/product\/anise-myrtle-essential-oil\/"},"modified":"2023-02-02T11:10:54","modified_gmt":"2023-02-02T11:10:54","slug":"anise-myrtle-essential-oil","status":"publish","type":"product","link":"https:\/\/dutchhealthstore.com\/de\/product\/anise-myrtle-essential-oil\/","title":{"rendered":"Anise Myrtle Essential Oil"},"content":{"rendered":"<p><strong><img decoding=\"async\" class=\"size-full wp-image-69549 alignright\" src=\"https:\/\/dutchhealthstore.com\/wp-content\/uploads\/2019\/08\/NEW-Living-Libations-Logo.jpg\" alt=\"NEW - Living Libations - Logo\" width=\"175\" height=\"82\">Botanischer Name:<\/strong> Syzygium anisatum<br \/>\n<strong>Botanische Familie:<\/strong> Myrtaceae<br \/>\n<strong>Extraktionsverfahren:<\/strong> Dampfdestilliert<br \/>\n<strong>Teil der Pflanze Destilliert: <\/strong>St\u00e4ngel und Zweige<br \/>\n<strong>Herkunftsland: <\/strong>Australien<br \/>\n<strong>Anbaumethode:<\/strong> Bio<br \/>\n<strong>Zusammensetzung:<\/strong> 100% Syzygium anisatum<br \/>\n<strong>Konsistenz:<\/strong> D\u00fcnn<\/p>\n<a href=\"https:\/\/dutchhealthstore.com\/wp-content\/uploads\/2019\/04\/ESSENTIAL-OIL-ANALYSIS-Syzygium-anisatum-Living-Libations.pdf\" class=\"button primary is-primary is-Small\"  >\n\t\t<span>ANALYSE DER \u00c4THERISCHEN \u00d6LE &gt;<\/span>\n\t<\/a>\n\n<h3>Beschreibung des Duftes<\/h3>\n<p>Schw\u00fcl-s\u00fc\u00dfe Lakritze mit unerwarteten Noten von frischem Wald und honigartigem Mahagoni.<\/p>\n<h3>Gut mischbar mit<\/h3>\n<p>Ysop, Grapefruit, Fragonia, Zitronenmyrte, Weihrauch, Eukalyptus, Bergamotte, Schwarzfichte, Myrrhe, Eisenkraut, Zistrose und Strohblume.<\/p>\n<h3>Verwendet<\/h3>\n<p>Tonikum f\u00fcr die Haut. Parf\u00fcm. Sch\u00f6n in B\u00e4dern und Balsamen.<\/p>\n<p>Die Anis-Myrte erhebt sich aus der Asche des l\u00e4ngst vergessenen Waldbodens und fordert ihr nat\u00fcrliches Recht zur\u00fcck, mit Liebe und Licht zu inspirieren. Vor einem Jahrhundert waren die B\u00e4ume, von denen dieses s\u00fc\u00dfe, saftige \u00d6l stammt, in Australien so gut wie ausgestorben. Die Landwirte beraubten die \u00fcppigen Regenw\u00e4lder ihres luxuri\u00f6sen Angebots, und bald war der s\u00fc\u00dfe Anis nur noch eine schillernde Erinnerung. Dank umfangreicher Aufforstungsprojekte erlebt die Anis-Myrte ein gro\u00dfes Revival.<\/p>\n<p>Zus\u00e4tzlich zu seinem Honig-Lakritz-Duft enth\u00e4lt dieses einzigartige Angebot eine Vielzahl magischer Molek\u00fcle, die Ihr Wesen kl\u00e4ren. Das Anis-Myrtenblatt ist eine der gr\u00f6\u00dften bekannten Quellen f\u00fcr die Verbindung Anethol, die ihm den Anis-Geschmack und das Anis-Aroma verleiht.<\/p>\n<p><strong>Gr\u00f6\u00dfe: 5 ml und 15 ml<\/strong><\/p>\n<h3>Bio-Zutaten<\/h3>\n<p>100% \u00e4therisches \u00d6l der Anis-Myrte (Syzygium anisatum).<\/p>\n<p style=\"text-align: center;\"><em>&#8222;Obwohl es relativ neu in der Aromatherapie ist, hat es das Potenzial, die traditionellen \u00e4therischen Anis\u00f6le abzul\u00f6sen<\/em><br \/>\n<em>aufgrund eines h\u00f6heren Antheol-Gehalts und eines frischeren Anis-Aromas&#8220;.<\/em><br \/>\n\u223c Yasmina Sultanbawa, Fazal Sultanbawa, <strong>Australian Native Plants: Cultivation and Uses in the Health and Food Industries.<\/strong><\/p>\n<p>&nbsp;<\/p>\n<p><img fetchpriority=\"high\" decoding=\"async\" class=\"size-medium wp-image-68103 aligncenter\" src=\"https:\/\/dutchhealthstore.com\/wp-content\/uploads\/2018\/02\/Living-Libations-Organic-Logo-800x89.png\" alt=\"Living Libations - Organic Logo\" width=\"800\" height=\"89\" srcset=\"https:\/\/dutchhealthstore.com\/wp-content\/uploads\/2018\/02\/Living-Libations-Organic-Logo-800x89.png 800w, https:\/\/dutchhealthstore.com\/wp-content\/uploads\/2018\/02\/Living-Libations-Organic-Logo-510x57.png 510w, https:\/\/dutchhealthstore.com\/wp-content\/uploads\/2018\/02\/Living-Libations-Organic-Logo-768x85.png 768w, https:\/\/dutchhealthstore.com\/wp-content\/uploads\/2018\/02\/Living-Libations-Organic-Logo.png 1400w\" sizes=\"(max-width: 800px) 100vw, 800px\" \/><\/p>\n","protected":false},"excerpt":{"rendered":"<p><span style=\"font-weight: 400;\">Die Wiedergeburt winkt aus dem Land Down Under! S\u00fc\u00dfer Anis tanzt mit pr\u00e4chtiger Myrte, um ein Angebot zu schaffen, das sich von allen anderen in unserer Kollektion unterscheidet. Dieser nach Lakritz duftende Luxus ist reich an Antioxidantien und wird traditionell verwendet, um den K\u00f6rper ins Gleichgewicht zu bringen.<\/span><\/p>\n<p><span style=\"font-weight: 400;\">Unser Anise Myrtle Essential Oil wurde nach Jahrhunderten des Aussterbens wiederbelebt, um den Geist zu beruhigen, zu tr\u00f6sten und neu zu beleben.<\/span><\/p>\n","protected":false},"featured_media":55342,"comment_status":"open","ping_status":"closed","template":"","meta":[],"product_brand":[],"product_cat":[6737,1508,1546,1493,1210,511,6736],"product_tag":[1547],"class_list":{"0":"post-115618","1":"product","2":"type-product","3":"status-publish","4":"has-post-thumbnail","6":"product_cat-essential-oils-de-2","7":"product_cat-aetherische-oele-living-libations","8":"product_cat-essential-oils-living-libations-de","9":"product_cat-living-libations-deutschland","10":"product_cat-marken","11":"product_cat-produkte","12":"product_cat-wellness-de","13":"product_tag-essential-oil-de","14":"pa_brand-livinglibations-de","15":"pa_essential-oils-product-type-essential-oils-de","16":"pa_size-5-ml-de","17":"pa_size-15-ml-de-2","19":"first","20":"instock","21":"taxable","22":"shipping-taxable","23":"purchasable","24":"product-type-variable"},"bundled_by":[],"bundle_stock_status":"instock","bundle_stock_quantity":null,"bundle_virtual":false,"bundle_layout":"","bundle_add_to_cart_form_location":"","bundle_editable_in_cart":false,"bundle_sold_individually_context":"","bundle_item_grouping":"","bundle_min_size":"","bundle_max_size":"","bundle_price":[],"bundled_items":[],"bundle_sell_ids":[],"atum_controlled":true,"out_stock_date":null,"out_stock_threshold":null,"inheritable":true,"stock_on_hold":0,"sold_today":0,"sales_last_days":0,"out_stock_days":0,"lost_sales":0,"update_date":"2026-04-11T00:01:17","atum_locations":[],"atum_stock_status":"instock","restock_status":false,"low_stock_amount":"","sales_update_date":"2026-04-11T00:01:17","calc_backorders":null,"group_of_quantity":0,"min_quantity":0,"max_quantity":"","exclude_order_quantity_value_rules":"no","exclude_category_quantity_rules":"no","combine_variations":"no","yoast_head":"<!-- This site is optimized with the Yoast SEO Premium plugin v26.5 (Yoast SEO v26.5) - https:\/\/yoast.com\/wordpress\/plugins\/seo\/ -->\n<title>Anise Myrtle Essential Oil | Living Libations<\/title>\n<meta name=\"description\" content=\"Die Wiedergeburt winkt aus dem Land Down Under! S\u00fc\u00dfer Anis tanzt mit pr\u00e4chtiger Myrte, um ein Angebot zu schaffen, das sich von allen anderen in unserer Kollektion unterscheidet.\" \/>\n<meta name=\"robots\" content=\"index, follow, max-snippet:-1, max-image-preview:large, max-video-preview:-1\" \/>\n<link rel=\"canonical\" href=\"https:\/\/dutchhealthstore.com\/de\/product\/anise-myrtle-essential-oil\/\" \/>\n<meta property=\"og:locale\" content=\"de_DE\" \/>\n<meta property=\"og:type\" content=\"article\" \/>\n<meta property=\"og:title\" content=\"Anise Myrtle Essential Oil - Dutch Health Store\" \/>\n<meta property=\"og:description\" content=\"Die Wiedergeburt winkt aus dem Land Down Under! S\u00fc\u00dfer Anis tanzt mit pr\u00e4chtiger Myrte, um ein Angebot zu schaffen, das sich von allen anderen in unserer Kollektion unterscheidet.\" \/>\n<meta property=\"og:url\" content=\"https:\/\/dutchhealthstore.com\/de\/product\/anise-myrtle-essential-oil\/\" \/>\n<meta property=\"og:site_name\" content=\"Dutch Health Store\" \/>\n<meta property=\"article:publisher\" content=\"https:\/\/www.instagram.com\/dutchhealthstore\/\" \/>\n<meta property=\"article:modified_time\" content=\"2023-02-02T11:10:54+00:00\" \/>\n<meta property=\"og:image\" content=\"https:\/\/dutchhealthstore.com\/wp-content\/uploads\/2018\/02\/Anise-Myrtle-Essential-Oil-Living-Libations-1.jpg\" \/>\n\t<meta property=\"og:image:width\" content=\"1000\" \/>\n\t<meta property=\"og:image:height\" content=\"1000\" \/>\n\t<meta property=\"og:image:type\" content=\"image\/jpeg\" \/>\n<meta name=\"twitter:card\" content=\"summary_large_image\" \/>\n<meta name=\"twitter:label1\" content=\"Verf\u00fcgbarkeit\" \/>\n\t<meta name=\"twitter:data1\" content=\"Auf Lager\" \/>\n<script type=\"application\/ld+json\" class=\"yoast-schema-graph\">{\"@context\":\"https:\/\/schema.org\",\"@graph\":[{\"@type\":\"WebPage\",\"@id\":\"https:\/\/dutchhealthstore.com\/de\/product\/anise-myrtle-essential-oil\/\",\"url\":\"https:\/\/dutchhealthstore.com\/de\/product\/anise-myrtle-essential-oil\/\",\"name\":\"Anise Myrtle Essential Oil | Living Libations\",\"isPartOf\":{\"@id\":\"https:\/\/dutchhealthstore.com\/de\/#website\"},\"primaryImageOfPage\":{\"@id\":\"https:\/\/dutchhealthstore.com\/de\/product\/anise-myrtle-essential-oil\/#primaryimage\"},\"image\":{\"@id\":\"https:\/\/dutchhealthstore.com\/de\/product\/anise-myrtle-essential-oil\/#primaryimage\"},\"thumbnailUrl\":\"https:\/\/dutchhealthstore.com\/wp-content\/uploads\/2018\/02\/Anise-Myrtle-Essential-Oil-Living-Libations-1.jpg\",\"datePublished\":\"2018-02-10T18:13:01+00:00\",\"dateModified\":\"2023-02-02T11:10:54+00:00\",\"description\":\"Die Wiedergeburt winkt aus dem Land Down Under! S\u00fc\u00dfer Anis tanzt mit pr\u00e4chtiger Myrte, um ein Angebot zu schaffen, das sich von allen anderen in unserer Kollektion unterscheidet.\",\"breadcrumb\":{\"@id\":\"https:\/\/dutchhealthstore.com\/de\/product\/anise-myrtle-essential-oil\/#breadcrumb\"},\"inLanguage\":\"de\",\"potentialAction\":[{\"@type\":\"ReadAction\",\"target\":[\"https:\/\/dutchhealthstore.com\/de\/product\/anise-myrtle-essential-oil\/\"]}]},{\"@type\":\"ImageObject\",\"inLanguage\":\"de\",\"@id\":\"https:\/\/dutchhealthstore.com\/de\/product\/anise-myrtle-essential-oil\/#primaryimage\",\"url\":\"https:\/\/dutchhealthstore.com\/wp-content\/uploads\/2018\/02\/Anise-Myrtle-Essential-Oil-Living-Libations-1.jpg\",\"contentUrl\":\"https:\/\/dutchhealthstore.com\/wp-content\/uploads\/2018\/02\/Anise-Myrtle-Essential-Oil-Living-Libations-1.jpg\",\"width\":1000,\"height\":1000,\"caption\":\"Anise Myrtle Essential Oil - Living Libations\"},{\"@type\":\"BreadcrumbList\",\"@id\":\"https:\/\/dutchhealthstore.com\/de\/product\/anise-myrtle-essential-oil\/#breadcrumb\",\"itemListElement\":[{\"@type\":\"ListItem\",\"position\":1,\"name\":\"Home\",\"item\":\"https:\/\/dutchhealthstore.com\/de\/\"},{\"@type\":\"ListItem\",\"position\":2,\"name\":\"Shop\",\"item\":\"https:\/\/dutchhealthstore.com\/de\/shop-2\/\"},{\"@type\":\"ListItem\",\"position\":3,\"name\":\"Anise Myrtle Essential Oil\"}]},{\"@type\":\"WebSite\",\"@id\":\"https:\/\/dutchhealthstore.com\/de\/#website\",\"url\":\"https:\/\/dutchhealthstore.com\/de\/\",\"name\":\"Dutch Health Store\",\"description\":\"Enhance Your Beauty with Organic &amp; Natural Skincare\",\"publisher\":{\"@id\":\"https:\/\/dutchhealthstore.com\/de\/#organization\"},\"potentialAction\":[{\"@type\":\"SearchAction\",\"target\":{\"@type\":\"EntryPoint\",\"urlTemplate\":\"https:\/\/dutchhealthstore.com\/de\/?s={search_term_string}\"},\"query-input\":{\"@type\":\"PropertyValueSpecification\",\"valueRequired\":true,\"valueName\":\"search_term_string\"}}],\"inLanguage\":\"de\"},{\"@type\":\"Organization\",\"@id\":\"https:\/\/dutchhealthstore.com\/de\/#organization\",\"name\":\"Dutch Health Store\",\"url\":\"https:\/\/dutchhealthstore.com\/de\/\",\"logo\":{\"@type\":\"ImageObject\",\"inLanguage\":\"de\",\"@id\":\"https:\/\/dutchhealthstore.com\/de\/#\/schema\/logo\/image\/\",\"url\":\"https:\/\/dutchhealthstore.com\/wp-content\/uploads\/2020\/08\/logo-dutchhealthstore-jpg-e1599484957574.jpg\",\"contentUrl\":\"https:\/\/dutchhealthstore.com\/wp-content\/uploads\/2020\/08\/logo-dutchhealthstore-jpg-e1599484957574.jpg\",\"width\":400,\"height\":62,\"caption\":\"Dutch Health Store\"},\"image\":{\"@id\":\"https:\/\/dutchhealthstore.com\/de\/#\/schema\/logo\/image\/\"},\"sameAs\":[\"https:\/\/www.instagram.com\/dutchhealthstore\/\",\"https:\/\/www.facebook.com\/dutchhealthstore\"]}]}<\/script>\n<meta property=\"product:brand\" content=\"Living Libations\" \/>\n<meta property=\"og:availability\" content=\"instock\" \/>\n<meta property=\"product:availability\" content=\"instock\" \/>\n<meta property=\"product:condition\" content=\"new\" \/>\n<!-- \/ Yoast SEO Premium plugin. -->","yoast_head_json":{"title":"Anise Myrtle Essential Oil | Living Libations","description":"Die Wiedergeburt winkt aus dem Land Down Under! S\u00fc\u00dfer Anis tanzt mit pr\u00e4chtiger Myrte, um ein Angebot zu schaffen, das sich von allen anderen in unserer Kollektion unterscheidet.","robots":{"index":"index","follow":"follow","max-snippet":"max-snippet:-1","max-image-preview":"max-image-preview:large","max-video-preview":"max-video-preview:-1"},"canonical":"https:\/\/dutchhealthstore.com\/de\/product\/anise-myrtle-essential-oil\/","og_locale":"de_DE","og_type":"article","og_title":"Anise Myrtle Essential Oil - Dutch Health Store","og_description":"Die Wiedergeburt winkt aus dem Land Down Under! S\u00fc\u00dfer Anis tanzt mit pr\u00e4chtiger Myrte, um ein Angebot zu schaffen, das sich von allen anderen in unserer Kollektion unterscheidet.","og_url":"https:\/\/dutchhealthstore.com\/de\/product\/anise-myrtle-essential-oil\/","og_site_name":"Dutch Health Store","article_publisher":"https:\/\/www.instagram.com\/dutchhealthstore\/","article_modified_time":"2023-02-02T11:10:54+00:00","og_image":[{"width":1000,"height":1000,"url":"https:\/\/dutchhealthstore.com\/wp-content\/uploads\/2018\/02\/Anise-Myrtle-Essential-Oil-Living-Libations-1.jpg","type":"image\/jpeg"}],"twitter_card":"summary_large_image","twitter_misc":{"Verf\u00fcgbarkeit":"Auf Lager"},"schema":{"@context":"https:\/\/schema.org","@graph":[{"@type":"WebPage","@id":"https:\/\/dutchhealthstore.com\/de\/product\/anise-myrtle-essential-oil\/","url":"https:\/\/dutchhealthstore.com\/de\/product\/anise-myrtle-essential-oil\/","name":"Anise Myrtle Essential Oil | Living Libations","isPartOf":{"@id":"https:\/\/dutchhealthstore.com\/de\/#website"},"primaryImageOfPage":{"@id":"https:\/\/dutchhealthstore.com\/de\/product\/anise-myrtle-essential-oil\/#primaryimage"},"image":{"@id":"https:\/\/dutchhealthstore.com\/de\/product\/anise-myrtle-essential-oil\/#primaryimage"},"thumbnailUrl":"https:\/\/dutchhealthstore.com\/wp-content\/uploads\/2018\/02\/Anise-Myrtle-Essential-Oil-Living-Libations-1.jpg","datePublished":"2018-02-10T18:13:01+00:00","dateModified":"2023-02-02T11:10:54+00:00","description":"Die Wiedergeburt winkt aus dem Land Down Under! S\u00fc\u00dfer Anis tanzt mit pr\u00e4chtiger Myrte, um ein Angebot zu schaffen, das sich von allen anderen in unserer Kollektion unterscheidet.","breadcrumb":{"@id":"https:\/\/dutchhealthstore.com\/de\/product\/anise-myrtle-essential-oil\/#breadcrumb"},"inLanguage":"de","potentialAction":[{"@type":"ReadAction","target":["https:\/\/dutchhealthstore.com\/de\/product\/anise-myrtle-essential-oil\/"]}]},{"@type":"ImageObject","inLanguage":"de","@id":"https:\/\/dutchhealthstore.com\/de\/product\/anise-myrtle-essential-oil\/#primaryimage","url":"https:\/\/dutchhealthstore.com\/wp-content\/uploads\/2018\/02\/Anise-Myrtle-Essential-Oil-Living-Libations-1.jpg","contentUrl":"https:\/\/dutchhealthstore.com\/wp-content\/uploads\/2018\/02\/Anise-Myrtle-Essential-Oil-Living-Libations-1.jpg","width":1000,"height":1000,"caption":"Anise Myrtle Essential Oil - Living Libations"},{"@type":"BreadcrumbList","@id":"https:\/\/dutchhealthstore.com\/de\/product\/anise-myrtle-essential-oil\/#breadcrumb","itemListElement":[{"@type":"ListItem","position":1,"name":"Home","item":"https:\/\/dutchhealthstore.com\/de\/"},{"@type":"ListItem","position":2,"name":"Shop","item":"https:\/\/dutchhealthstore.com\/de\/shop-2\/"},{"@type":"ListItem","position":3,"name":"Anise Myrtle Essential Oil"}]},{"@type":"WebSite","@id":"https:\/\/dutchhealthstore.com\/de\/#website","url":"https:\/\/dutchhealthstore.com\/de\/","name":"Dutch Health Store","description":"Enhance Your Beauty with Organic &amp; Natural Skincare","publisher":{"@id":"https:\/\/dutchhealthstore.com\/de\/#organization"},"potentialAction":[{"@type":"SearchAction","target":{"@type":"EntryPoint","urlTemplate":"https:\/\/dutchhealthstore.com\/de\/?s={search_term_string}"},"query-input":{"@type":"PropertyValueSpecification","valueRequired":true,"valueName":"search_term_string"}}],"inLanguage":"de"},{"@type":"Organization","@id":"https:\/\/dutchhealthstore.com\/de\/#organization","name":"Dutch Health Store","url":"https:\/\/dutchhealthstore.com\/de\/","logo":{"@type":"ImageObject","inLanguage":"de","@id":"https:\/\/dutchhealthstore.com\/de\/#\/schema\/logo\/image\/","url":"https:\/\/dutchhealthstore.com\/wp-content\/uploads\/2020\/08\/logo-dutchhealthstore-jpg-e1599484957574.jpg","contentUrl":"https:\/\/dutchhealthstore.com\/wp-content\/uploads\/2020\/08\/logo-dutchhealthstore-jpg-e1599484957574.jpg","width":400,"height":62,"caption":"Dutch Health Store"},"image":{"@id":"https:\/\/dutchhealthstore.com\/de\/#\/schema\/logo\/image\/"},"sameAs":["https:\/\/www.instagram.com\/dutchhealthstore\/","https:\/\/www.facebook.com\/dutchhealthstore"]}]},"product_brand":"Living Libations","og_availability":"instock","product_availability":"instock","product_condition":"new"},"_links":{"self":[{"href":"https:\/\/dutchhealthstore.com\/de\/wp-json\/wp\/v2\/product\/115618","targetHints":{"allow":["GET"]}}],"collection":[{"href":"https:\/\/dutchhealthstore.com\/de\/wp-json\/wp\/v2\/product"}],"about":[{"href":"https:\/\/dutchhealthstore.com\/de\/wp-json\/wp\/v2\/types\/product"}],"replies":[{"embeddable":true,"href":"https:\/\/dutchhealthstore.com\/de\/wp-json\/wp\/v2\/comments?post=115618"}],"wp:featuredmedia":[{"embeddable":true,"href":"https:\/\/dutchhealthstore.com\/de\/wp-json\/wp\/v2\/media\/55342"}],"wp:attachment":[{"href":"https:\/\/dutchhealthstore.com\/de\/wp-json\/wp\/v2\/media?parent=115618"}],"wp:term":[{"taxonomy":"product_brand","embeddable":true,"href":"https:\/\/dutchhealthstore.com\/de\/wp-json\/wp\/v2\/product_brand?post=115618"},{"taxonomy":"product_cat","embeddable":true,"href":"https:\/\/dutchhealthstore.com\/de\/wp-json\/wp\/v2\/product_cat?post=115618"},{"taxonomy":"product_tag","embeddable":true,"href":"https:\/\/dutchhealthstore.com\/de\/wp-json\/wp\/v2\/product_tag?post=115618"}],"curies":[{"name":"wp","href":"https:\/\/api.w.org\/{rel}","templated":true}]}}