{"id":115578,"date":"2018-02-10T21:12:56","date_gmt":"2018-02-10T20:12:56","guid":{"rendered":"https:\/\/dutchhealthstore.com\/product\/angelica-root-essential-oil\/"},"modified":"2025-06-02T13:46:44","modified_gmt":"2025-06-02T11:46:44","slug":"angelica-root-essential-oil","status":"publish","type":"product","link":"https:\/\/dutchhealthstore.com\/de\/product\/angelica-root-essential-oil\/","title":{"rendered":"Angelica Root Essential Oil"},"content":{"rendered":"<p style=\"font-weight: 400;\"><b><strong><img decoding=\"async\" class=\"size-full wp-image-37041 alignright\" src=\"https:\/\/dutchhealthstore.com\/wp-content\/uploads\/2018\/04\/Living_Libations-1.png\" alt=\"Organic &amp; Natural Beautyproducts - Living Libations\" width=\"175\" height=\"82\"><\/strong><\/b><\/p>\n<p style=\"font-weight: 400;\"><strong>Botanischer Name<\/strong>: Engelwurz (Angelica archangelica)<br \/>\n<strong>Botanische Familie<\/strong>: Umbelliferae<br \/>\n<strong>Extraktionsverfahren<\/strong>: Wasserdampfdestilliert Destillierter Teil der Pflanze: Wurzel<br \/>\n<strong>Herkunftsland<\/strong>: Frankreich<br \/>\n<strong>Anbaumethode<\/strong>: Bio<br \/>\n<strong>Zusammensetzung<\/strong>: 100% Engelwurz (Angelica archangelica)<br \/>\n<strong>Konsistenz<\/strong>: D\u00fcnne Viskosit\u00e4t<\/p>\n<a href=\"https:\/\/dutchhealthstore.com\/wp-content\/uploads\/2019\/04\/ESSENTIAL-OIL-ANALYSIS-Angelica-archangelica-Living-Libations.pdf\" class=\"button primary is-primary is-small\"  >\n\t\t<span>ANALYSE DER \u00c4THERISCHEN \u00d6LE &gt;<\/span>\n\t<\/a>\n\n<h3 style=\"font-weight: 400;\"><strong>Beschreibung des Duftes<\/strong><\/h3>\n<p style=\"font-weight: 400;\">Erdig, wurzelig, moschusartig mit einem Hauch von fruchtigen und w\u00fcrzigen Kopfnoten.<\/p>\n<h3 style=\"font-weight: 400;\"><strong>Gut mischbar mit<\/strong><\/h3>\n<p style=\"font-weight: 400;\">Zitrusfr\u00fcchte, Muskatellersalbei, Sandelholz, Vetiver, Neroli, Rose Otto, Lemon Petitgrain, Rose, Zitrone, Estragon, Ylang und Immortelle.<\/p>\n<h3 style=\"font-weight: 400;\"><strong>Verwendet<\/strong><\/h3>\n<p style=\"font-weight: 400;\">St\u00e4rken Sie die innere St\u00e4rke. B\u00e4der zur emotionalen Reinigung. Meisterhafte Mediationen und kristalline Reinigungsatemz\u00fcge. Diffundieren, um klare, \u00e4therische Energien zuzuf\u00fchren. L\u00e4sst den K\u00f6rper bei Massagen schmelzen. Inhalieren Sie in der Salzpfeife f\u00fcr kristallklare Kreativit\u00e4t.<\/p>\n<h3 style=\"font-weight: 400;\"><strong>Kontraindikationen<\/strong><\/h3>\n<p style=\"font-weight: 400;\">Lichtempfindlich (kann bei direkter Sonneneinstrahlung Verbrennungen der Haut verursachen); bei Schwangerschaft vermeiden.<\/p>\n<p>Der Mythologie zufolge besuchte der Erzengel Raphael einen M\u00f6nch im Traum, um ihm von den Tugenden des \u00d6ls zu erz\u00e4hlen. Dieser beruhigende, kl\u00e4rende und reinigende Duft, der auch als &#8222;Duft der Engel&#8220; bezeichnet wird, ist ein erhebender Duft, der Zuversicht einfl\u00f6\u00dft und dazu beitragen kann, Emotionen zu kl\u00e4ren und entschlossenes Handeln aus einer zentralen Position heraus zu unterst\u00fctzen.<\/p>\n<p>Die traditionell belebende Engelwurz wird als K\u00fcchenkraut und als Aroma in der Meditation zum Ausgleich der h\u00f6heren Chakren verwendet. Inhalieren Sie oder machen Sie einen Spr\u00fchsto\u00df, um die Erneuerung des aurischen Energiefeldes zu unterst\u00fctzen.<\/p>\n<p><strong>Gr\u00f6\u00dfe: 5 ml und 15 ml<\/strong><\/p>\n<h3>Bio-Zutaten<\/h3>\n<p>\u00c4therisches \u00d6l aus 100% Angelikawurzel (Angelica archangelica).<\/p>\n<p style=\"font-weight: 400; text-align: center;\"><em>&#8222;Das \u00e4therische \u00d6l ist hilfreich f\u00fcr Menschen, die \u00e4ngstlich, sch\u00fcchtern und schwach sind oder denen es an Durchsetzungsverm\u00f6gen mangelt und die sich schwer tun, Entscheidungen zu treffen.<br \/>\nAngelica hilft Menschen, die ein gest\u00f6rtes Nervensystem haben und dringend K\u00f6rper und Seele wieder aufbauen m\u00fcssen&#8220;.<br \/>\n<\/em><b><strong><i><em>~ <\/em><\/i><\/strong><\/b>Suzanne Fischer-Rizzi,<strong><i><em> The Complete Aromatherapy Handbook<\/em><\/i><\/strong><\/p>\n<p style=\"font-weight: 400; text-align: center;\"><i><em>&#8222;Angelikast\u00e4ngel wurden zur Vorbeugung gekaut und die Samen und Wurzeln verbrannt, um die Luft zu reinigen.<br \/>\nDer gelbe Saft aus den Wurzeln war ein Bestandteil des Karmeliterwassers&#8230;&#8220;<br \/>\n<\/em><\/i><b><strong><i><em>~ <\/em><\/i><\/strong><\/b><i><em>Julia Lawless,<\/em><\/i><b><strong><i><em> Aromatherapy and the Mind<\/em><\/i><\/strong><\/b><\/p>\n<p>&nbsp;<\/p>\n<p><img fetchpriority=\"high\" decoding=\"async\" class=\"size-full wp-image-31577 aligncenter\" src=\"https:\/\/dutchhealthstore.com\/wp-content\/uploads\/2018\/03\/organic_big.png\" alt=\"Organic and Natural - Living Libations\" width=\"623\" height=\"103\" srcset=\"https:\/\/dutchhealthstore.com\/wp-content\/uploads\/2018\/03\/organic_big.png 623w, https:\/\/dutchhealthstore.com\/wp-content\/uploads\/2018\/03\/organic_big-510x84.png 510w, https:\/\/dutchhealthstore.com\/wp-content\/uploads\/2018\/03\/organic_big-600x99.png 600w, https:\/\/dutchhealthstore.com\/wp-content\/uploads\/2018\/03\/organic_big-350x58.png 350w\" sizes=\"(max-width: 623px) 100vw, 623px\" \/><\/p>\n","protected":false},"excerpt":{"rendered":"<p>Erstaunliches Angelica Root Essential Oil wird in Frankreich in einer handwerklichen Destillerie in der vierten Generation dampfdestilliert. Dieses durchsichtige Chrisam vertreibt Unentschlossenheit, kl\u00e4rt die Krone des Geistes und kristallisiert Emotionen in Klarheit mit jedem neblig-muskul\u00f6sen Engelsmolek\u00fcl.<\/p>\n","protected":false},"featured_media":55288,"comment_status":"open","ping_status":"closed","template":"","meta":[],"product_brand":[],"product_cat":[1546,6737,1508,1493,1210,511,6736],"product_tag":[1547],"class_list":{"0":"post-115578","1":"product","2":"type-product","3":"status-publish","4":"has-post-thumbnail","6":"product_cat-essential-oils-living-libations-de","7":"product_cat-essential-oils-de-2","8":"product_cat-aetherische-oele-living-libations","9":"product_cat-living-libations-deutschland","10":"product_cat-marken","11":"product_cat-produkte","12":"product_cat-wellness-de","13":"product_tag-essential-oil-de","14":"pa_brand-livinglibations-de","15":"pa_essential-oils-product-type-essential-oils-de","16":"pa_size-15-ml-de-2","17":"pa_size-5-ml-de","19":"first","20":"instock","21":"taxable","22":"shipping-taxable","23":"purchasable","24":"product-type-variable"},"bundled_by":[],"bundle_stock_status":"instock","bundle_stock_quantity":null,"bundle_virtual":false,"bundle_layout":"","bundle_add_to_cart_form_location":"","bundle_editable_in_cart":false,"bundle_sold_individually_context":"","bundle_item_grouping":"","bundle_min_size":"","bundle_max_size":"","bundle_price":[],"bundled_items":[],"bundle_sell_ids":[],"atum_controlled":true,"out_stock_date":null,"out_stock_threshold":null,"inheritable":true,"stock_on_hold":0,"sold_today":0,"sales_last_days":0,"out_stock_days":0,"lost_sales":0,"update_date":"2026-05-09T00:19:06","atum_locations":[],"atum_stock_status":"instock","restock_status":false,"low_stock_amount":"","sales_update_date":"2026-05-09T00:19:06","calc_backorders":null,"group_of_quantity":0,"min_quantity":0,"max_quantity":"","exclude_order_quantity_value_rules":"no","exclude_category_quantity_rules":"no","combine_variations":"no","yoast_head":"<!-- This site is optimized with the Yoast SEO Premium plugin v26.5 (Yoast SEO v26.5) - https:\/\/yoast.com\/wordpress\/plugins\/seo\/ -->\n<title>Angelica Root Essential Oil | Living Libations<\/title>\n<meta name=\"description\" content=\"Unser biologisches Angelica Root essential oil, Angelica archangelica, wird in Frankreich von einer handwerklichen Brennerei in der vierten Generation dampfdestilliert.\" \/>\n<meta name=\"robots\" content=\"index, follow, max-snippet:-1, max-image-preview:large, max-video-preview:-1\" \/>\n<link rel=\"canonical\" href=\"https:\/\/dutchhealthstore.com\/de\/product\/angelica-root-essential-oil\/\" \/>\n<meta property=\"og:locale\" content=\"de_DE\" \/>\n<meta property=\"og:type\" content=\"article\" \/>\n<meta property=\"og:title\" content=\"Angelica Root Essential Oil - Dutch Health Store\" \/>\n<meta property=\"og:description\" content=\"Unser biologisches Angelica Root essential oil, Angelica archangelica, wird in Frankreich von einer handwerklichen Brennerei in der vierten Generation dampfdestilliert.\" \/>\n<meta property=\"og:url\" content=\"https:\/\/dutchhealthstore.com\/de\/product\/angelica-root-essential-oil\/\" \/>\n<meta property=\"og:site_name\" content=\"Dutch Health Store\" \/>\n<meta property=\"article:publisher\" content=\"https:\/\/www.instagram.com\/dutchhealthstore\/\" \/>\n<meta property=\"article:modified_time\" content=\"2025-06-02T11:46:44+00:00\" \/>\n<meta property=\"og:image\" content=\"https:\/\/dutchhealthstore.com\/wp-content\/uploads\/2018\/02\/Angelica-Root-Essential-Oil-Living-Libations-1.jpg\" \/>\n\t<meta property=\"og:image:width\" content=\"1200\" \/>\n\t<meta property=\"og:image:height\" content=\"1200\" \/>\n\t<meta property=\"og:image:type\" content=\"image\/jpeg\" \/>\n<meta name=\"twitter:card\" content=\"summary_large_image\" \/>\n<meta name=\"twitter:label1\" content=\"Verf\u00fcgbarkeit\" \/>\n\t<meta name=\"twitter:data1\" content=\"Auf Lager\" \/>\n<script type=\"application\/ld+json\" class=\"yoast-schema-graph\">{\"@context\":\"https:\/\/schema.org\",\"@graph\":[{\"@type\":\"WebPage\",\"@id\":\"https:\/\/dutchhealthstore.com\/de\/product\/angelica-root-essential-oil\/\",\"url\":\"https:\/\/dutchhealthstore.com\/de\/product\/angelica-root-essential-oil\/\",\"name\":\"Angelica Root Essential Oil | Living Libations\",\"isPartOf\":{\"@id\":\"https:\/\/dutchhealthstore.com\/de\/#website\"},\"primaryImageOfPage\":{\"@id\":\"https:\/\/dutchhealthstore.com\/de\/product\/angelica-root-essential-oil\/#primaryimage\"},\"image\":{\"@id\":\"https:\/\/dutchhealthstore.com\/de\/product\/angelica-root-essential-oil\/#primaryimage\"},\"thumbnailUrl\":\"https:\/\/dutchhealthstore.com\/wp-content\/uploads\/2018\/02\/Angelica-Root-Essential-Oil-Living-Libations-1.jpg\",\"datePublished\":\"2018-02-10T20:12:56+00:00\",\"dateModified\":\"2025-06-02T11:46:44+00:00\",\"description\":\"Unser biologisches Angelica Root essential oil, Angelica archangelica, wird in Frankreich von einer handwerklichen Brennerei in der vierten Generation dampfdestilliert.\",\"breadcrumb\":{\"@id\":\"https:\/\/dutchhealthstore.com\/de\/product\/angelica-root-essential-oil\/#breadcrumb\"},\"inLanguage\":\"de\",\"potentialAction\":[{\"@type\":\"ReadAction\",\"target\":[\"https:\/\/dutchhealthstore.com\/de\/product\/angelica-root-essential-oil\/\"]}]},{\"@type\":\"ImageObject\",\"inLanguage\":\"de\",\"@id\":\"https:\/\/dutchhealthstore.com\/de\/product\/angelica-root-essential-oil\/#primaryimage\",\"url\":\"https:\/\/dutchhealthstore.com\/wp-content\/uploads\/2018\/02\/Angelica-Root-Essential-Oil-Living-Libations-1.jpg\",\"contentUrl\":\"https:\/\/dutchhealthstore.com\/wp-content\/uploads\/2018\/02\/Angelica-Root-Essential-Oil-Living-Libations-1.jpg\",\"width\":1200,\"height\":1200,\"caption\":\"Angelica Root Essential Oil - Living Libations\"},{\"@type\":\"BreadcrumbList\",\"@id\":\"https:\/\/dutchhealthstore.com\/de\/product\/angelica-root-essential-oil\/#breadcrumb\",\"itemListElement\":[{\"@type\":\"ListItem\",\"position\":1,\"name\":\"Home\",\"item\":\"https:\/\/dutchhealthstore.com\/de\/\"},{\"@type\":\"ListItem\",\"position\":2,\"name\":\"Shop\",\"item\":\"https:\/\/dutchhealthstore.com\/de\/shop-2\/\"},{\"@type\":\"ListItem\",\"position\":3,\"name\":\"Angelica Root Essential Oil\"}]},{\"@type\":\"WebSite\",\"@id\":\"https:\/\/dutchhealthstore.com\/de\/#website\",\"url\":\"https:\/\/dutchhealthstore.com\/de\/\",\"name\":\"Dutch Health Store\",\"description\":\"Enhance Your Beauty with Organic &amp; Natural Skincare\",\"publisher\":{\"@id\":\"https:\/\/dutchhealthstore.com\/de\/#organization\"},\"potentialAction\":[{\"@type\":\"SearchAction\",\"target\":{\"@type\":\"EntryPoint\",\"urlTemplate\":\"https:\/\/dutchhealthstore.com\/de\/?s={search_term_string}\"},\"query-input\":{\"@type\":\"PropertyValueSpecification\",\"valueRequired\":true,\"valueName\":\"search_term_string\"}}],\"inLanguage\":\"de\"},{\"@type\":\"Organization\",\"@id\":\"https:\/\/dutchhealthstore.com\/de\/#organization\",\"name\":\"Dutch Health Store\",\"url\":\"https:\/\/dutchhealthstore.com\/de\/\",\"logo\":{\"@type\":\"ImageObject\",\"inLanguage\":\"de\",\"@id\":\"https:\/\/dutchhealthstore.com\/de\/#\/schema\/logo\/image\/\",\"url\":\"https:\/\/dutchhealthstore.com\/wp-content\/uploads\/2020\/08\/logo-dutchhealthstore-jpg-e1599484957574.jpg\",\"contentUrl\":\"https:\/\/dutchhealthstore.com\/wp-content\/uploads\/2020\/08\/logo-dutchhealthstore-jpg-e1599484957574.jpg\",\"width\":400,\"height\":62,\"caption\":\"Dutch Health Store\"},\"image\":{\"@id\":\"https:\/\/dutchhealthstore.com\/de\/#\/schema\/logo\/image\/\"},\"sameAs\":[\"https:\/\/www.instagram.com\/dutchhealthstore\/\",\"https:\/\/www.facebook.com\/dutchhealthstore\"]}]}<\/script>\n<meta property=\"product:brand\" content=\"Living Libations\" \/>\n<meta property=\"og:availability\" content=\"instock\" \/>\n<meta property=\"product:availability\" content=\"instock\" \/>\n<meta property=\"product:condition\" content=\"new\" \/>\n<!-- \/ Yoast SEO Premium plugin. -->","yoast_head_json":{"title":"Angelica Root Essential Oil | Living Libations","description":"Unser biologisches Angelica Root essential oil, Angelica archangelica, wird in Frankreich von einer handwerklichen Brennerei in der vierten Generation dampfdestilliert.","robots":{"index":"index","follow":"follow","max-snippet":"max-snippet:-1","max-image-preview":"max-image-preview:large","max-video-preview":"max-video-preview:-1"},"canonical":"https:\/\/dutchhealthstore.com\/de\/product\/angelica-root-essential-oil\/","og_locale":"de_DE","og_type":"article","og_title":"Angelica Root Essential Oil - Dutch Health Store","og_description":"Unser biologisches Angelica Root essential oil, Angelica archangelica, wird in Frankreich von einer handwerklichen Brennerei in der vierten Generation dampfdestilliert.","og_url":"https:\/\/dutchhealthstore.com\/de\/product\/angelica-root-essential-oil\/","og_site_name":"Dutch Health Store","article_publisher":"https:\/\/www.instagram.com\/dutchhealthstore\/","article_modified_time":"2025-06-02T11:46:44+00:00","og_image":[{"width":1200,"height":1200,"url":"https:\/\/dutchhealthstore.com\/wp-content\/uploads\/2018\/02\/Angelica-Root-Essential-Oil-Living-Libations-1.jpg","type":"image\/jpeg"}],"twitter_card":"summary_large_image","twitter_misc":{"Verf\u00fcgbarkeit":"Auf Lager"},"schema":{"@context":"https:\/\/schema.org","@graph":[{"@type":"WebPage","@id":"https:\/\/dutchhealthstore.com\/de\/product\/angelica-root-essential-oil\/","url":"https:\/\/dutchhealthstore.com\/de\/product\/angelica-root-essential-oil\/","name":"Angelica Root Essential Oil | Living Libations","isPartOf":{"@id":"https:\/\/dutchhealthstore.com\/de\/#website"},"primaryImageOfPage":{"@id":"https:\/\/dutchhealthstore.com\/de\/product\/angelica-root-essential-oil\/#primaryimage"},"image":{"@id":"https:\/\/dutchhealthstore.com\/de\/product\/angelica-root-essential-oil\/#primaryimage"},"thumbnailUrl":"https:\/\/dutchhealthstore.com\/wp-content\/uploads\/2018\/02\/Angelica-Root-Essential-Oil-Living-Libations-1.jpg","datePublished":"2018-02-10T20:12:56+00:00","dateModified":"2025-06-02T11:46:44+00:00","description":"Unser biologisches Angelica Root essential oil, Angelica archangelica, wird in Frankreich von einer handwerklichen Brennerei in der vierten Generation dampfdestilliert.","breadcrumb":{"@id":"https:\/\/dutchhealthstore.com\/de\/product\/angelica-root-essential-oil\/#breadcrumb"},"inLanguage":"de","potentialAction":[{"@type":"ReadAction","target":["https:\/\/dutchhealthstore.com\/de\/product\/angelica-root-essential-oil\/"]}]},{"@type":"ImageObject","inLanguage":"de","@id":"https:\/\/dutchhealthstore.com\/de\/product\/angelica-root-essential-oil\/#primaryimage","url":"https:\/\/dutchhealthstore.com\/wp-content\/uploads\/2018\/02\/Angelica-Root-Essential-Oil-Living-Libations-1.jpg","contentUrl":"https:\/\/dutchhealthstore.com\/wp-content\/uploads\/2018\/02\/Angelica-Root-Essential-Oil-Living-Libations-1.jpg","width":1200,"height":1200,"caption":"Angelica Root Essential Oil - Living Libations"},{"@type":"BreadcrumbList","@id":"https:\/\/dutchhealthstore.com\/de\/product\/angelica-root-essential-oil\/#breadcrumb","itemListElement":[{"@type":"ListItem","position":1,"name":"Home","item":"https:\/\/dutchhealthstore.com\/de\/"},{"@type":"ListItem","position":2,"name":"Shop","item":"https:\/\/dutchhealthstore.com\/de\/shop-2\/"},{"@type":"ListItem","position":3,"name":"Angelica Root Essential Oil"}]},{"@type":"WebSite","@id":"https:\/\/dutchhealthstore.com\/de\/#website","url":"https:\/\/dutchhealthstore.com\/de\/","name":"Dutch Health Store","description":"Enhance Your Beauty with Organic &amp; Natural Skincare","publisher":{"@id":"https:\/\/dutchhealthstore.com\/de\/#organization"},"potentialAction":[{"@type":"SearchAction","target":{"@type":"EntryPoint","urlTemplate":"https:\/\/dutchhealthstore.com\/de\/?s={search_term_string}"},"query-input":{"@type":"PropertyValueSpecification","valueRequired":true,"valueName":"search_term_string"}}],"inLanguage":"de"},{"@type":"Organization","@id":"https:\/\/dutchhealthstore.com\/de\/#organization","name":"Dutch Health Store","url":"https:\/\/dutchhealthstore.com\/de\/","logo":{"@type":"ImageObject","inLanguage":"de","@id":"https:\/\/dutchhealthstore.com\/de\/#\/schema\/logo\/image\/","url":"https:\/\/dutchhealthstore.com\/wp-content\/uploads\/2020\/08\/logo-dutchhealthstore-jpg-e1599484957574.jpg","contentUrl":"https:\/\/dutchhealthstore.com\/wp-content\/uploads\/2020\/08\/logo-dutchhealthstore-jpg-e1599484957574.jpg","width":400,"height":62,"caption":"Dutch Health Store"},"image":{"@id":"https:\/\/dutchhealthstore.com\/de\/#\/schema\/logo\/image\/"},"sameAs":["https:\/\/www.instagram.com\/dutchhealthstore\/","https:\/\/www.facebook.com\/dutchhealthstore"]}]},"product_brand":"Living Libations","og_availability":"instock","product_availability":"instock","product_condition":"new"},"_links":{"self":[{"href":"https:\/\/dutchhealthstore.com\/de\/wp-json\/wp\/v2\/product\/115578","targetHints":{"allow":["GET"]}}],"collection":[{"href":"https:\/\/dutchhealthstore.com\/de\/wp-json\/wp\/v2\/product"}],"about":[{"href":"https:\/\/dutchhealthstore.com\/de\/wp-json\/wp\/v2\/types\/product"}],"replies":[{"embeddable":true,"href":"https:\/\/dutchhealthstore.com\/de\/wp-json\/wp\/v2\/comments?post=115578"}],"wp:featuredmedia":[{"embeddable":true,"href":"https:\/\/dutchhealthstore.com\/de\/wp-json\/wp\/v2\/media\/55288"}],"wp:attachment":[{"href":"https:\/\/dutchhealthstore.com\/de\/wp-json\/wp\/v2\/media?parent=115578"}],"wp:term":[{"taxonomy":"product_brand","embeddable":true,"href":"https:\/\/dutchhealthstore.com\/de\/wp-json\/wp\/v2\/product_brand?post=115578"},{"taxonomy":"product_cat","embeddable":true,"href":"https:\/\/dutchhealthstore.com\/de\/wp-json\/wp\/v2\/product_cat?post=115578"},{"taxonomy":"product_tag","embeddable":true,"href":"https:\/\/dutchhealthstore.com\/de\/wp-json\/wp\/v2\/product_tag?post=115578"}],"curies":[{"name":"wp","href":"https:\/\/api.w.org\/{rel}","templated":true}]}}