{"id":115559,"date":"2018-02-10T20:12:49","date_gmt":"2018-02-10T19:12:49","guid":{"rendered":"https:\/\/dutchhealthstore.com\/product\/all-spice-essential-oil\/"},"modified":"2025-11-23T12:44:51","modified_gmt":"2025-11-23T11:44:51","slug":"all-spice-essential-oil","status":"publish","type":"product","link":"https:\/\/dutchhealthstore.com\/de\/product\/all-spice-essential-oil\/","title":{"rendered":"AllSpice Essential Oil"},"content":{"rendered":"<p><img decoding=\"async\" class=\"alignright wp-image-56011\" src=\"https:\/\/dutchhealthstore.com\/wp-content\/uploads\/2019\/04\/logo.png\" alt=\"Living libations logo\" width=\"200\" height=\"59\"><strong>Botanischer Name:<\/strong> Pimenta officinalis<br \/>\n<strong>Name der Familie:<\/strong> Myrtaceae<br \/>\n<strong>Extraktionsverfahren:<\/strong> C02<br \/>\n<strong>Teil der Pflanze Destilliert:<\/strong> Getrocknete, unreife Beeren<br \/>\n<strong>Herkunftsland:<\/strong> Guatemala<br \/>\n<strong>Anbaumethode:<\/strong> Bio<br \/>\n<strong>Zusammensetzung:<\/strong> 100% Pimenta officinalis<br \/>\n<strong>Konsistenz:<\/strong> Mitteld\u00fcnne Viskosit\u00e4t<\/p>\n<h3>Beschreibung des Duftes<\/h3>\n<p>Eine unerwartete Umarmung aus warmer W\u00fcrze, frischer Muskatnuss und scharfem Pfeffer.<\/p>\n<h3>Gut mischbar mit<\/h3>\n<p>Schwarzer Pfeffer, Ingwer, Lavendel, Vetiver, Kardamom, Mastix, Zimt, Gew\u00fcrznelke, Petitgrain, Ylang, Patchouli, Koriander, Geranie und alle Zitrus\u00f6le.<\/p>\n<a href=\"https:\/\/dutchhealthstore.com\/wp-content\/uploads\/2019\/09\/ESSENTIAL-OIL-ANALYSIS-AllSpice-Essential-Oil-Living-Libations.pdf\" class=\"button primary is-primary is-small\"  >\n\t\t<span>ANALYSE DER \u00c4THERISCHEN \u00d6LE &gt;<\/span>\n\t<\/a>\n\n<h3>Verwendet<\/h3>\n<p>Kulinarisch. W\u00e4rmendes und schmelzendes Massage\u00f6l. Duftstimulation. Vor der Anwendung gut verd\u00fcnnen, da eine kleine Menge sehr viel ausmacht. Nicht auf offener Haut oder bei Kindern und S\u00e4uglingen anwenden.<\/p>\n<p>Als Christoph Kolumbus Pimentbeeren entdeckte, dachte er f\u00e4lschlicherweise, er sei auf eine neue Pfefferart gesto\u00dfen. Oh! Kolumbus &#8211; erst verwechselt er Mittelamerika mit Asien, dann Piment mit Pfeffer. Wer auch immer zuerst auf diese Pflanze stie\u00df, enth\u00fcllte ein k\u00f6stliches \u00e4therisches \u00d6l, dessen Duft nur von seinen w\u00e4rmenden, entspannenden Molek\u00fclen \u00fcbertroffen wird.<\/p>\n<p>&#8222;Die Hauptbestandteile von Piment erw\u00e4rmen die Geschmacksknospen und die Hungers\u00e4fte als schmackhafter Atemerfrischer (vor Gebrauch verd\u00fcnnen)&#8230;&#8220; Wenn es sinnvoll ist, die Informationen \u00fcber die Inhaltsstoffe in diesen Satz einzubauen, korrigieren Sie ihn bitte grammatikalisch, so dass er wie folgt lautet: &#8222;Die wichtigsten Inhaltsstoffe von Piment\u00f6l sind Eugenol (das auch in Nelken und Basilikum vorkommt), Methyleugenol, Caryophyllen, Myrcen und 1,8-Cineol.&#8220; Ein wenig Piment in einem Massage\u00f6l, das auch die Muskeln zum Schmelzen bringt und den Bauch erheitert, w\u00e4rmt die Sinne sanft.<\/p>\n<p><strong>Gr\u00f6\u00dfe: 5 ml und 15 ml<\/strong><\/p>\n<h3>Bio-Zutaten<\/h3>\n<p>100% \u00e4therisches \u00d6l von Piment (Pimenta officinalis).<\/p>\n<p style=\"text-align: center;\"><em>&#8222;Wer das Gew\u00fcrz kontrolliert, kontrolliert das Universum.&#8220;<br \/>\n<\/em>\u223c Frank Herbert, <strong>Dune<\/strong><\/p>\n<p style=\"text-align: center;\"><em>&#8222;Spicewood. Er wird manchmal auch als wilder Piment bezeichnet und tr\u00e4gt in Kanada den Namen &#8222;Spice Bush&#8220;. Sein \u00d6l wird in Parf\u00fcms verwendet, vor allem in Lavendelparf\u00fcms, denen es eine lebhafte, w\u00fcrzige Note verleiht.&#8220;<br \/>\n\u223c<\/em>Jill Jesse, <strong>Perfume Album<\/strong><\/p>\n<p>&nbsp;<\/p>\n<p><img fetchpriority=\"high\" decoding=\"async\" class=\"size-full wp-image-68099 aligncenter\" src=\"https:\/\/dutchhealthstore.com\/wp-content\/uploads\/2018\/02\/Logo-Living-Libations-New-2019.png\" alt=\"Logo Living Libations New 2019\" width=\"905\" height=\"100\" srcset=\"https:\/\/dutchhealthstore.com\/wp-content\/uploads\/2018\/02\/Logo-Living-Libations-New-2019.png 905w, https:\/\/dutchhealthstore.com\/wp-content\/uploads\/2018\/02\/Logo-Living-Libations-New-2019-510x56.png 510w, https:\/\/dutchhealthstore.com\/wp-content\/uploads\/2018\/02\/Logo-Living-Libations-New-2019-800x88.png 800w, https:\/\/dutchhealthstore.com\/wp-content\/uploads\/2018\/02\/Logo-Living-Libations-New-2019-768x85.png 768w\" sizes=\"(max-width: 905px) 100vw, 905px\" \/><\/p>\n","protected":false},"excerpt":{"rendered":"<p>W\u00fcrzig und s\u00fc\u00df, diese k\u00f6stliche Essenz ist einzigartig! Living Libations <strong>Allspice<\/strong> bietet ein \u00e4therisches \u00d6l, das als superkritischer Extrakt die volle aromatische Potenz aufweist.<br \/>\nDieser kulinarische K\u00f6nig wird seit jeher als nat\u00fcrliches Aroma und muskelschmelzendes Massage\u00f6l verwendet. Piment verstr\u00f6mt eine aromatische Kombination aus Nelke, Muskatnuss und Zimt in einer Pflanze! In den Wintermonaten duftet Piment mit einem Hauch von Zitrusfr\u00fcchten aus dem Diffusor nach einem gl\u00fccklichen Kamin. Erw\u00e4rmen Sie die Sinne sanft mit ein wenig Piment in einem Massage\u00f6l.<\/p>\n","protected":false},"featured_media":72791,"comment_status":"open","ping_status":"closed","template":"","meta":[],"product_brand":[],"product_cat":[1508,1546,6737,1493,1210,511,6736],"product_tag":[1547],"class_list":{"0":"post-115559","1":"product","2":"type-product","3":"status-publish","4":"has-post-thumbnail","6":"product_cat-aetherische-oele-living-libations","7":"product_cat-essential-oils-living-libations-de","8":"product_cat-essential-oils-de-2","9":"product_cat-living-libations-deutschland","10":"product_cat-marken","11":"product_cat-produkte","12":"product_cat-wellness-de","13":"product_tag-essential-oil-de","14":"pa_brand-livinglibations-de","15":"pa_essential-oils-product-type-essential-oils-de","16":"pa_gtin-7439657344312-de","17":"pa_size-5-ml-de","18":"pa_size-15-ml-de-2","20":"first","21":"instock","22":"taxable","23":"shipping-taxable","24":"purchasable","25":"product-type-variable"},"bundled_by":[],"bundle_stock_status":"instock","bundle_stock_quantity":null,"bundle_virtual":false,"bundle_layout":"","bundle_add_to_cart_form_location":"","bundle_editable_in_cart":false,"bundle_sold_individually_context":"","bundle_item_grouping":"","bundle_min_size":"","bundle_max_size":"","bundle_price":[],"bundled_items":[],"bundle_sell_ids":[],"atum_controlled":true,"out_stock_date":null,"out_stock_threshold":null,"inheritable":true,"stock_on_hold":0,"sold_today":0,"sales_last_days":0,"out_stock_days":0,"lost_sales":0,"update_date":"2026-04-11T00:01:40","atum_locations":[],"atum_stock_status":"instock","restock_status":false,"low_stock_amount":"","sales_update_date":"2026-04-11T00:01:40","calc_backorders":null,"group_of_quantity":0,"min_quantity":0,"max_quantity":"","exclude_order_quantity_value_rules":"no","exclude_category_quantity_rules":"no","combine_variations":"no","yoast_head":"<!-- This site is optimized with the Yoast SEO Premium plugin v26.5 (Yoast SEO v26.5) - https:\/\/yoast.com\/wordpress\/plugins\/seo\/ -->\n<title>AllSpice Essential Oil | Living Libations<\/title>\n<meta name=\"description\" content=\"Living Libations Allspice bietet ein \u00e4therisches \u00d6l, das als superkritischer Extrakt die volle aromatische Potenz aufweist.\" \/>\n<meta name=\"robots\" content=\"index, follow, max-snippet:-1, max-image-preview:large, max-video-preview:-1\" \/>\n<link rel=\"canonical\" href=\"https:\/\/dutchhealthstore.com\/de\/product\/all-spice-essential-oil\/\" \/>\n<meta property=\"og:locale\" content=\"de_DE\" \/>\n<meta property=\"og:type\" content=\"article\" \/>\n<meta property=\"og:title\" content=\"AllSpice Essential Oil - Dutch Health Store\" \/>\n<meta property=\"og:description\" content=\"Living Libations Allspice bietet ein \u00e4therisches \u00d6l, das als superkritischer Extrakt die volle aromatische Potenz aufweist.\" \/>\n<meta property=\"og:url\" content=\"https:\/\/dutchhealthstore.com\/de\/product\/all-spice-essential-oil\/\" \/>\n<meta property=\"og:site_name\" content=\"Dutch Health Store\" \/>\n<meta property=\"article:publisher\" content=\"https:\/\/www.instagram.com\/dutchhealthstore\/\" \/>\n<meta property=\"article:modified_time\" content=\"2025-11-23T11:44:51+00:00\" \/>\n<meta property=\"og:image\" content=\"https:\/\/dutchhealthstore.com\/wp-content\/uploads\/2018\/02\/AllSpice-Essential-Oil-Living-Libations.jpg\" \/>\n\t<meta property=\"og:image:width\" content=\"1200\" \/>\n\t<meta property=\"og:image:height\" content=\"1200\" \/>\n\t<meta property=\"og:image:type\" content=\"image\/jpeg\" \/>\n<meta name=\"twitter:card\" content=\"summary_large_image\" \/>\n<meta name=\"twitter:label1\" content=\"Verf\u00fcgbarkeit\" \/>\n\t<meta name=\"twitter:data1\" content=\"Auf Lager\" \/>\n<script type=\"application\/ld+json\" class=\"yoast-schema-graph\">{\"@context\":\"https:\/\/schema.org\",\"@graph\":[{\"@type\":\"WebPage\",\"@id\":\"https:\/\/dutchhealthstore.com\/de\/product\/all-spice-essential-oil\/\",\"url\":\"https:\/\/dutchhealthstore.com\/de\/product\/all-spice-essential-oil\/\",\"name\":\"AllSpice Essential Oil | Living Libations\",\"isPartOf\":{\"@id\":\"https:\/\/dutchhealthstore.com\/de\/#website\"},\"primaryImageOfPage\":{\"@id\":\"https:\/\/dutchhealthstore.com\/de\/product\/all-spice-essential-oil\/#primaryimage\"},\"image\":{\"@id\":\"https:\/\/dutchhealthstore.com\/de\/product\/all-spice-essential-oil\/#primaryimage\"},\"thumbnailUrl\":\"https:\/\/dutchhealthstore.com\/wp-content\/uploads\/2018\/02\/AllSpice-Essential-Oil-Living-Libations.jpg\",\"datePublished\":\"2018-02-10T19:12:49+00:00\",\"dateModified\":\"2025-11-23T11:44:51+00:00\",\"description\":\"Living Libations Allspice bietet ein \u00e4therisches \u00d6l, das als superkritischer Extrakt die volle aromatische Potenz aufweist.\",\"breadcrumb\":{\"@id\":\"https:\/\/dutchhealthstore.com\/de\/product\/all-spice-essential-oil\/#breadcrumb\"},\"inLanguage\":\"de\",\"potentialAction\":[{\"@type\":\"ReadAction\",\"target\":[\"https:\/\/dutchhealthstore.com\/de\/product\/all-spice-essential-oil\/\"]}]},{\"@type\":\"ImageObject\",\"inLanguage\":\"de\",\"@id\":\"https:\/\/dutchhealthstore.com\/de\/product\/all-spice-essential-oil\/#primaryimage\",\"url\":\"https:\/\/dutchhealthstore.com\/wp-content\/uploads\/2018\/02\/AllSpice-Essential-Oil-Living-Libations.jpg\",\"contentUrl\":\"https:\/\/dutchhealthstore.com\/wp-content\/uploads\/2018\/02\/AllSpice-Essential-Oil-Living-Libations.jpg\",\"width\":1200,\"height\":1200,\"caption\":\"AllSpice Essential Oil - Living Libations\"},{\"@type\":\"BreadcrumbList\",\"@id\":\"https:\/\/dutchhealthstore.com\/de\/product\/all-spice-essential-oil\/#breadcrumb\",\"itemListElement\":[{\"@type\":\"ListItem\",\"position\":1,\"name\":\"Home\",\"item\":\"https:\/\/dutchhealthstore.com\/de\/\"},{\"@type\":\"ListItem\",\"position\":2,\"name\":\"Shop\",\"item\":\"https:\/\/dutchhealthstore.com\/de\/shop-2\/\"},{\"@type\":\"ListItem\",\"position\":3,\"name\":\"AllSpice Essential Oil\"}]},{\"@type\":\"WebSite\",\"@id\":\"https:\/\/dutchhealthstore.com\/de\/#website\",\"url\":\"https:\/\/dutchhealthstore.com\/de\/\",\"name\":\"Dutch Health Store\",\"description\":\"Enhance Your Beauty with Organic &amp; Natural Skincare\",\"publisher\":{\"@id\":\"https:\/\/dutchhealthstore.com\/de\/#organization\"},\"potentialAction\":[{\"@type\":\"SearchAction\",\"target\":{\"@type\":\"EntryPoint\",\"urlTemplate\":\"https:\/\/dutchhealthstore.com\/de\/?s={search_term_string}\"},\"query-input\":{\"@type\":\"PropertyValueSpecification\",\"valueRequired\":true,\"valueName\":\"search_term_string\"}}],\"inLanguage\":\"de\"},{\"@type\":\"Organization\",\"@id\":\"https:\/\/dutchhealthstore.com\/de\/#organization\",\"name\":\"Dutch Health Store\",\"url\":\"https:\/\/dutchhealthstore.com\/de\/\",\"logo\":{\"@type\":\"ImageObject\",\"inLanguage\":\"de\",\"@id\":\"https:\/\/dutchhealthstore.com\/de\/#\/schema\/logo\/image\/\",\"url\":\"https:\/\/dutchhealthstore.com\/wp-content\/uploads\/2020\/08\/logo-dutchhealthstore-jpg-e1599484957574.jpg\",\"contentUrl\":\"https:\/\/dutchhealthstore.com\/wp-content\/uploads\/2020\/08\/logo-dutchhealthstore-jpg-e1599484957574.jpg\",\"width\":400,\"height\":62,\"caption\":\"Dutch Health Store\"},\"image\":{\"@id\":\"https:\/\/dutchhealthstore.com\/de\/#\/schema\/logo\/image\/\"},\"sameAs\":[\"https:\/\/www.instagram.com\/dutchhealthstore\/\",\"https:\/\/www.facebook.com\/dutchhealthstore\"]}]}<\/script>\n<meta property=\"product:brand\" content=\"Living Libations\" \/>\n<meta property=\"og:availability\" content=\"instock\" \/>\n<meta property=\"product:availability\" content=\"instock\" \/>\n<meta property=\"product:condition\" content=\"new\" \/>\n<!-- \/ Yoast SEO Premium plugin. -->","yoast_head_json":{"title":"AllSpice Essential Oil | Living Libations","description":"Living Libations Allspice bietet ein \u00e4therisches \u00d6l, das als superkritischer Extrakt die volle aromatische Potenz aufweist.","robots":{"index":"index","follow":"follow","max-snippet":"max-snippet:-1","max-image-preview":"max-image-preview:large","max-video-preview":"max-video-preview:-1"},"canonical":"https:\/\/dutchhealthstore.com\/de\/product\/all-spice-essential-oil\/","og_locale":"de_DE","og_type":"article","og_title":"AllSpice Essential Oil - Dutch Health Store","og_description":"Living Libations Allspice bietet ein \u00e4therisches \u00d6l, das als superkritischer Extrakt die volle aromatische Potenz aufweist.","og_url":"https:\/\/dutchhealthstore.com\/de\/product\/all-spice-essential-oil\/","og_site_name":"Dutch Health Store","article_publisher":"https:\/\/www.instagram.com\/dutchhealthstore\/","article_modified_time":"2025-11-23T11:44:51+00:00","og_image":[{"width":1200,"height":1200,"url":"https:\/\/dutchhealthstore.com\/wp-content\/uploads\/2018\/02\/AllSpice-Essential-Oil-Living-Libations.jpg","type":"image\/jpeg"}],"twitter_card":"summary_large_image","twitter_misc":{"Verf\u00fcgbarkeit":"Auf Lager"},"schema":{"@context":"https:\/\/schema.org","@graph":[{"@type":"WebPage","@id":"https:\/\/dutchhealthstore.com\/de\/product\/all-spice-essential-oil\/","url":"https:\/\/dutchhealthstore.com\/de\/product\/all-spice-essential-oil\/","name":"AllSpice Essential Oil | Living Libations","isPartOf":{"@id":"https:\/\/dutchhealthstore.com\/de\/#website"},"primaryImageOfPage":{"@id":"https:\/\/dutchhealthstore.com\/de\/product\/all-spice-essential-oil\/#primaryimage"},"image":{"@id":"https:\/\/dutchhealthstore.com\/de\/product\/all-spice-essential-oil\/#primaryimage"},"thumbnailUrl":"https:\/\/dutchhealthstore.com\/wp-content\/uploads\/2018\/02\/AllSpice-Essential-Oil-Living-Libations.jpg","datePublished":"2018-02-10T19:12:49+00:00","dateModified":"2025-11-23T11:44:51+00:00","description":"Living Libations Allspice bietet ein \u00e4therisches \u00d6l, das als superkritischer Extrakt die volle aromatische Potenz aufweist.","breadcrumb":{"@id":"https:\/\/dutchhealthstore.com\/de\/product\/all-spice-essential-oil\/#breadcrumb"},"inLanguage":"de","potentialAction":[{"@type":"ReadAction","target":["https:\/\/dutchhealthstore.com\/de\/product\/all-spice-essential-oil\/"]}]},{"@type":"ImageObject","inLanguage":"de","@id":"https:\/\/dutchhealthstore.com\/de\/product\/all-spice-essential-oil\/#primaryimage","url":"https:\/\/dutchhealthstore.com\/wp-content\/uploads\/2018\/02\/AllSpice-Essential-Oil-Living-Libations.jpg","contentUrl":"https:\/\/dutchhealthstore.com\/wp-content\/uploads\/2018\/02\/AllSpice-Essential-Oil-Living-Libations.jpg","width":1200,"height":1200,"caption":"AllSpice Essential Oil - Living Libations"},{"@type":"BreadcrumbList","@id":"https:\/\/dutchhealthstore.com\/de\/product\/all-spice-essential-oil\/#breadcrumb","itemListElement":[{"@type":"ListItem","position":1,"name":"Home","item":"https:\/\/dutchhealthstore.com\/de\/"},{"@type":"ListItem","position":2,"name":"Shop","item":"https:\/\/dutchhealthstore.com\/de\/shop-2\/"},{"@type":"ListItem","position":3,"name":"AllSpice Essential Oil"}]},{"@type":"WebSite","@id":"https:\/\/dutchhealthstore.com\/de\/#website","url":"https:\/\/dutchhealthstore.com\/de\/","name":"Dutch Health Store","description":"Enhance Your Beauty with Organic &amp; Natural Skincare","publisher":{"@id":"https:\/\/dutchhealthstore.com\/de\/#organization"},"potentialAction":[{"@type":"SearchAction","target":{"@type":"EntryPoint","urlTemplate":"https:\/\/dutchhealthstore.com\/de\/?s={search_term_string}"},"query-input":{"@type":"PropertyValueSpecification","valueRequired":true,"valueName":"search_term_string"}}],"inLanguage":"de"},{"@type":"Organization","@id":"https:\/\/dutchhealthstore.com\/de\/#organization","name":"Dutch Health Store","url":"https:\/\/dutchhealthstore.com\/de\/","logo":{"@type":"ImageObject","inLanguage":"de","@id":"https:\/\/dutchhealthstore.com\/de\/#\/schema\/logo\/image\/","url":"https:\/\/dutchhealthstore.com\/wp-content\/uploads\/2020\/08\/logo-dutchhealthstore-jpg-e1599484957574.jpg","contentUrl":"https:\/\/dutchhealthstore.com\/wp-content\/uploads\/2020\/08\/logo-dutchhealthstore-jpg-e1599484957574.jpg","width":400,"height":62,"caption":"Dutch Health Store"},"image":{"@id":"https:\/\/dutchhealthstore.com\/de\/#\/schema\/logo\/image\/"},"sameAs":["https:\/\/www.instagram.com\/dutchhealthstore\/","https:\/\/www.facebook.com\/dutchhealthstore"]}]},"product_brand":"Living Libations","og_availability":"instock","product_availability":"instock","product_condition":"new"},"_links":{"self":[{"href":"https:\/\/dutchhealthstore.com\/de\/wp-json\/wp\/v2\/product\/115559","targetHints":{"allow":["GET"]}}],"collection":[{"href":"https:\/\/dutchhealthstore.com\/de\/wp-json\/wp\/v2\/product"}],"about":[{"href":"https:\/\/dutchhealthstore.com\/de\/wp-json\/wp\/v2\/types\/product"}],"replies":[{"embeddable":true,"href":"https:\/\/dutchhealthstore.com\/de\/wp-json\/wp\/v2\/comments?post=115559"}],"wp:featuredmedia":[{"embeddable":true,"href":"https:\/\/dutchhealthstore.com\/de\/wp-json\/wp\/v2\/media\/72791"}],"wp:attachment":[{"href":"https:\/\/dutchhealthstore.com\/de\/wp-json\/wp\/v2\/media?parent=115559"}],"wp:term":[{"taxonomy":"product_brand","embeddable":true,"href":"https:\/\/dutchhealthstore.com\/de\/wp-json\/wp\/v2\/product_brand?post=115559"},{"taxonomy":"product_cat","embeddable":true,"href":"https:\/\/dutchhealthstore.com\/de\/wp-json\/wp\/v2\/product_cat?post=115559"},{"taxonomy":"product_tag","embeddable":true,"href":"https:\/\/dutchhealthstore.com\/de\/wp-json\/wp\/v2\/product_tag?post=115559"}],"curies":[{"name":"wp","href":"https:\/\/api.w.org\/{rel}","templated":true}]}}