{"id":115250,"date":"2018-06-15T08:55:37","date_gmt":"2018-06-15T08:55:37","guid":{"rendered":"https:\/\/dutchhealthstore.com\/product\/jasmine-julep-floral-fantasia-elixir\/"},"modified":"2026-03-06T15:23:38","modified_gmt":"2026-03-06T14:23:38","slug":"jasmine-julep-floral-fantasia-elixir","status":"publish","type":"product","link":"https:\/\/dutchhealthstore.com\/de\/product\/jasmine-julep-floral-fantasia-elixir\/","title":{"rendered":"Jasmine Julep &#8211; Floral Fantasia Elixir"},"content":{"rendered":"<p><img decoding=\"async\" class=\"size-full wp-image-37041 alignright\" src=\"https:\/\/dutchhealthstore.com\/wp-content\/uploads\/2018\/04\/Living_Libations-1.png\" alt=\"Organic &amp; Natural Beautyproducts - Living Libations\" width=\"175\" height=\"82\">F\u00fchlen Sie sich jubelnd beim Einatmen von <b><strong>Jasmine Julep&#8217;s<\/strong><\/b> fr\u00f6hlichen Blumennektar einatmen. Bringen Sie Fr\u00fchlingsgef\u00fchle und Euphorie in Ihr gl\u00fcckliches Herz mit diesem beschwingten Bouquet aus Jasmin Sambac, Ylang, Blutorange und Bergamotte. Salben Sie Ihre Handgelenke, schm\u00fccken Sie Ihr Haar, verbreiten Sie dieses Ambrosia-Ambrosia oder baden Sie in der Sch\u00f6nheit dieses blumigen Fantasie-Elixiers.<\/p>\n<h3 style=\"font-weight: 400;\">Instruktion<\/h3>\n<p style=\"font-weight: 400;\">Um Ihren K\u00f6rper mit Freude zu beduften, tragen Sie einen Tropfen pur auf Ihre Handgelenke oder Pulspunkte auf oder geben Sie ein oder zwei Tropfen in ein warmes Bad. Geben Sie einen Tropfen auf einen Holzkamm, um einen Blumenkranz in Ihr Haar zu zaubern. Holen Sie sich den Fr\u00fchling ins Haus, indem Sie ein paar Tropfen in einen Diffusor geben.<\/p>\n<h3 class=\"yikes-custom-woo-tab-title yikes-custom-woo-tab-title-natural-organic-ingredients\">Nat\u00fcrliche\/Organische Inhaltsstoffe<\/h3>\n<p><b><strong>Jasmin absolut <\/strong><\/b>(<i><em>Jasminum sambac<\/em><\/i>)<b><strong> &#8211; <\/strong><\/b>Juicy Jasmine wird in Indien aus den duftenden Tiefen der nachtbl\u00fchenden Jasmin Sambac-Bl\u00fcten gewonnen. Anders als <i><em>Jasmin grandiflorum<\/em><\/i>der seine Bl\u00fctenbl\u00e4tter der Morgend\u00e4mmerung \u00f6ffnet, verbindet sich Jasmin Sambac mit dem Geheimnis des Mondes und der Sterne und f\u00e4ngt die duftende Essenz endloser warmer N\u00e4chte ein.<\/p>\n<p><b><strong>Bergamotte <\/strong><\/b><b><strong>\u00c4therisches \u00d6l <\/strong><\/b>(<i><em>Citrus bergamia<\/em><\/i>) <b><strong>&#8211;<\/strong><\/b><b><strong><\/strong> Benevolent Bergamot wird aus der zarten, fast reifen Schale von Zitrusfr\u00fcchten destilliert, die unter der winterlichen Sonne Italiens wachsen.<\/b> Das Bergamotte-\u00d6l, das alle Vorteile von Zitronen und Orangen in sich vereint, wird wegen seiner hautversch\u00f6nernden Eigenschaften und seines frisch-foug\u00e8re, sonnig-zitrischen, fast blumigen, freesienartigen Duftes angebaut.<\/p>\n<p><b><strong>Blutorange<\/strong><\/b> <b><strong>\u00c4therisches \u00d6l <\/strong><\/b><em>(Citrus sinensis) &#8211; <\/em>Der sonnige Zitrusgeschmack der Blutorange harmonisiert aufgew\u00fchlte Gef\u00fchle und w\u00e4scht Sorgen weg. Atme Frohsinn ein und Dankbarkeit aus.<\/p>\n<p><b><strong>Ylang <\/strong><\/b><b><strong>\u00c4therisch<\/strong><\/b> <b><strong>\u00d6l <\/strong><\/b>(<i><em>Cananga odorata<\/em><\/i>) &#8211; Euphoric Ylang ist eine amour\u00f6se Essenz, deren Name sich mit &#8222;Blume der Blumen&#8220; \u00fcbersetzen l\u00e4sst. W\u00e4hrend andere schlafen, verstr\u00f6men diese bezaubernden Bl\u00fcten ihren exotischen Duft in einer tropischen Brise. Das s\u00fc\u00dfe und schw\u00fcle Ylang inspiriert die Sinne, indem es Negativit\u00e4t mit seinen duftenden Bl\u00fctenbl\u00e4ttern der Positivit\u00e4t vertreibt.<\/p>\n<p><img fetchpriority=\"high\" decoding=\"async\" class=\"aligncenter size-full wp-image-31577\" src=\"https:\/\/dutchhealthstore.com\/wp-content\/uploads\/2018\/03\/organic_big.png\" alt=\"Organic and Natural - Living Libations\" width=\"623\" height=\"103\" srcset=\"https:\/\/dutchhealthstore.com\/wp-content\/uploads\/2018\/03\/organic_big.png 623w, https:\/\/dutchhealthstore.com\/wp-content\/uploads\/2018\/03\/organic_big-510x84.png 510w, https:\/\/dutchhealthstore.com\/wp-content\/uploads\/2018\/03\/organic_big-600x99.png 600w, https:\/\/dutchhealthstore.com\/wp-content\/uploads\/2018\/03\/organic_big-350x58.png 350w\" sizes=\"(max-width: 623px) 100vw, 623px\" \/><\/p>\n","protected":false},"excerpt":{"rendered":"<p>F\u00fchlen Sie sich jubelnd beim Einatmen von <b><strong>Jasmine Julep&#8217;s<\/strong><\/b> fr\u00f6hlichen Blumennektar einatmen. Bringen Sie Fr\u00fchlingsgef\u00fchle und Euphorie in Ihr gl\u00fcckliches Herz mit diesem beschwingten Bouquet aus Jasmin Sambac, Ylang, Blutorange und Bergamotte. Salben Sie Ihre Handgelenke, schm\u00fccken Sie Ihr Haar, verbreiten Sie dieses Ambrosia-Ambrosia oder baden Sie in der Sch\u00f6nheit dieses blumigen Fantasie-Elixiers.<\/p>\n","protected":false},"featured_media":115252,"comment_status":"open","ping_status":"closed","template":"","meta":[],"product_brand":[],"product_cat":[1962,6737,6749,1493,1210,511,6736],"product_tag":[6442,6443],"class_list":{"0":"post-115250","1":"product","2":"type-product","3":"status-publish","4":"has-post-thumbnail","6":"product_cat-elixir-blends","7":"product_cat-essential-oils-de-2","8":"product_cat-essential-oil-blends-de-2","9":"product_cat-living-libations-deutschland","10":"product_cat-marken","11":"product_cat-produkte","12":"product_cat-wellness-de","13":"product_tag-aircare-de","14":"product_tag-blends-de","15":"pa_brand-livinglibations-de","16":"pa_essential-oils-product-type-essential-oil-blends-de","17":"pa_size-5-ml-de","18":"pa_size-15-ml-de-2","19":"pa_size-30-ml-3-de","21":"first","22":"instock","23":"taxable","24":"shipping-taxable","25":"purchasable","26":"product-type-variable"},"bundled_by":[],"bundle_stock_status":"instock","bundle_stock_quantity":null,"bundle_virtual":false,"bundle_layout":"","bundle_add_to_cart_form_location":"","bundle_editable_in_cart":false,"bundle_sold_individually_context":"","bundle_item_grouping":"","bundle_min_size":"","bundle_max_size":"","bundle_price":[],"bundled_items":[],"bundle_sell_ids":[247691],"atum_controlled":true,"out_stock_date":null,"out_stock_threshold":null,"inheritable":true,"stock_on_hold":0,"sold_today":0,"sales_last_days":0,"out_stock_days":0,"lost_sales":0,"update_date":"2026-04-09T07:47:51","atum_locations":[],"atum_stock_status":"instock","restock_status":false,"low_stock_amount":"","sales_update_date":"2026-04-09T07:47:51","calc_backorders":null,"group_of_quantity":0,"min_quantity":0,"max_quantity":"","exclude_order_quantity_value_rules":"no","exclude_category_quantity_rules":"no","combine_variations":"no","yoast_head":"<!-- This site is optimized with the Yoast SEO Premium plugin v26.5 (Yoast SEO v26.5) - https:\/\/yoast.com\/wordpress\/plugins\/seo\/ -->\n<title>Jasmine Julep Floral Fantasia Elixier | Living Libations<\/title>\n<meta name=\"description\" content=\"F\u00fchlen Sie sich jubelnd, wenn Sie den fr\u00f6hlichen Bl\u00fctennektar von Jasmine Julep einatmen. Bringen Sie Fr\u00fchlingsgef\u00fchle und Euphorie in Ihr gl\u00fcckliches Herz mit diesem beschwingten Bouquet aus Jasmin Sambac, Ylang, Blutorange und Bergamotte.\" \/>\n<meta name=\"robots\" content=\"index, follow, max-snippet:-1, max-image-preview:large, max-video-preview:-1\" \/>\n<link rel=\"canonical\" href=\"https:\/\/dutchhealthstore.com\/de\/product\/jasmine-julep-floral-fantasia-elixir\/\" \/>\n<meta property=\"og:locale\" content=\"de_DE\" \/>\n<meta property=\"og:type\" content=\"article\" \/>\n<meta property=\"og:title\" content=\"Jasmine Julep - Floral Fantasia Elixir - Dutch Health Store\" \/>\n<meta property=\"og:description\" content=\"F\u00fchlen Sie sich jubelnd, wenn Sie den fr\u00f6hlichen Bl\u00fctennektar von Jasmine Julep einatmen. Bringen Sie Fr\u00fchlingsgef\u00fchle und Euphorie in Ihr gl\u00fcckliches Herz mit diesem beschwingten Bouquet aus Jasmin Sambac, Ylang, Blutorange und Bergamotte.\" \/>\n<meta property=\"og:url\" content=\"https:\/\/dutchhealthstore.com\/de\/product\/jasmine-julep-floral-fantasia-elixir\/\" \/>\n<meta property=\"og:site_name\" content=\"Dutch Health Store\" \/>\n<meta property=\"article:publisher\" content=\"https:\/\/www.instagram.com\/dutchhealthstore\/\" \/>\n<meta property=\"article:modified_time\" content=\"2026-03-06T14:23:38+00:00\" \/>\n<meta property=\"og:image\" content=\"https:\/\/dutchhealthstore.com\/wp-content\/uploads\/2018\/06\/Living-Libations-Jasmine-Julep-Floral-Fantasia-Elixir.jpg\" \/>\n\t<meta property=\"og:image:width\" content=\"510\" \/>\n\t<meta property=\"og:image:height\" content=\"600\" \/>\n\t<meta property=\"og:image:type\" content=\"image\/jpeg\" \/>\n<meta name=\"twitter:card\" content=\"summary_large_image\" \/>\n<meta name=\"twitter:label1\" content=\"Verf\u00fcgbarkeit\" \/>\n\t<meta name=\"twitter:data1\" content=\"Auf Lager\" \/>\n<script type=\"application\/ld+json\" class=\"yoast-schema-graph\">{\"@context\":\"https:\/\/schema.org\",\"@graph\":[{\"@type\":\"WebPage\",\"@id\":\"https:\/\/dutchhealthstore.com\/de\/product\/jasmine-julep-floral-fantasia-elixir\/\",\"url\":\"https:\/\/dutchhealthstore.com\/de\/product\/jasmine-julep-floral-fantasia-elixir\/\",\"name\":\"Jasmine Julep Floral Fantasia Elixier | Living Libations\",\"isPartOf\":{\"@id\":\"https:\/\/dutchhealthstore.com\/de\/#website\"},\"primaryImageOfPage\":{\"@id\":\"https:\/\/dutchhealthstore.com\/de\/product\/jasmine-julep-floral-fantasia-elixir\/#primaryimage\"},\"image\":{\"@id\":\"https:\/\/dutchhealthstore.com\/de\/product\/jasmine-julep-floral-fantasia-elixir\/#primaryimage\"},\"thumbnailUrl\":\"https:\/\/dutchhealthstore.com\/wp-content\/uploads\/2018\/06\/Living-Libations-Jasmine-Julep-Floral-Fantasia-Elixir-001.jpg\",\"datePublished\":\"2018-06-15T08:55:37+00:00\",\"dateModified\":\"2026-03-06T14:23:38+00:00\",\"description\":\"F\u00fchlen Sie sich jubelnd, wenn Sie den fr\u00f6hlichen Bl\u00fctennektar von Jasmine Julep einatmen. Bringen Sie Fr\u00fchlingsgef\u00fchle und Euphorie in Ihr gl\u00fcckliches Herz mit diesem beschwingten Bouquet aus Jasmin Sambac, Ylang, Blutorange und Bergamotte.\",\"breadcrumb\":{\"@id\":\"https:\/\/dutchhealthstore.com\/de\/product\/jasmine-julep-floral-fantasia-elixir\/#breadcrumb\"},\"inLanguage\":\"de\",\"potentialAction\":[{\"@type\":\"ReadAction\",\"target\":[\"https:\/\/dutchhealthstore.com\/de\/product\/jasmine-julep-floral-fantasia-elixir\/\"]}]},{\"@type\":\"ImageObject\",\"inLanguage\":\"de\",\"@id\":\"https:\/\/dutchhealthstore.com\/de\/product\/jasmine-julep-floral-fantasia-elixir\/#primaryimage\",\"url\":\"https:\/\/dutchhealthstore.com\/wp-content\/uploads\/2018\/06\/Living-Libations-Jasmine-Julep-Floral-Fantasia-Elixir-001.jpg\",\"contentUrl\":\"https:\/\/dutchhealthstore.com\/wp-content\/uploads\/2018\/06\/Living-Libations-Jasmine-Julep-Floral-Fantasia-Elixir-001.jpg\",\"width\":510,\"height\":600,\"caption\":\"Living Libations - Jasmine Julep - Floral Fantasia Elixir\"},{\"@type\":\"BreadcrumbList\",\"@id\":\"https:\/\/dutchhealthstore.com\/de\/product\/jasmine-julep-floral-fantasia-elixir\/#breadcrumb\",\"itemListElement\":[{\"@type\":\"ListItem\",\"position\":1,\"name\":\"Home\",\"item\":\"https:\/\/dutchhealthstore.com\/de\/\"},{\"@type\":\"ListItem\",\"position\":2,\"name\":\"Shop\",\"item\":\"https:\/\/dutchhealthstore.com\/de\/shop-2\/\"},{\"@type\":\"ListItem\",\"position\":3,\"name\":\"Jasmine Julep &#8211; Floral Fantasia Elixir\"}]},{\"@type\":\"WebSite\",\"@id\":\"https:\/\/dutchhealthstore.com\/de\/#website\",\"url\":\"https:\/\/dutchhealthstore.com\/de\/\",\"name\":\"Dutch Health Store\",\"description\":\"Enhance Your Beauty with Organic &amp; Natural Skincare\",\"publisher\":{\"@id\":\"https:\/\/dutchhealthstore.com\/de\/#organization\"},\"potentialAction\":[{\"@type\":\"SearchAction\",\"target\":{\"@type\":\"EntryPoint\",\"urlTemplate\":\"https:\/\/dutchhealthstore.com\/de\/?s={search_term_string}\"},\"query-input\":{\"@type\":\"PropertyValueSpecification\",\"valueRequired\":true,\"valueName\":\"search_term_string\"}}],\"inLanguage\":\"de\"},{\"@type\":\"Organization\",\"@id\":\"https:\/\/dutchhealthstore.com\/de\/#organization\",\"name\":\"Dutch Health Store\",\"url\":\"https:\/\/dutchhealthstore.com\/de\/\",\"logo\":{\"@type\":\"ImageObject\",\"inLanguage\":\"de\",\"@id\":\"https:\/\/dutchhealthstore.com\/de\/#\/schema\/logo\/image\/\",\"url\":\"https:\/\/dutchhealthstore.com\/wp-content\/uploads\/2020\/08\/logo-dutchhealthstore-jpg-e1599484957574.jpg\",\"contentUrl\":\"https:\/\/dutchhealthstore.com\/wp-content\/uploads\/2020\/08\/logo-dutchhealthstore-jpg-e1599484957574.jpg\",\"width\":400,\"height\":62,\"caption\":\"Dutch Health Store\"},\"image\":{\"@id\":\"https:\/\/dutchhealthstore.com\/de\/#\/schema\/logo\/image\/\"},\"sameAs\":[\"https:\/\/www.instagram.com\/dutchhealthstore\/\",\"https:\/\/www.facebook.com\/dutchhealthstore\"]}]}<\/script>\n<meta property=\"product:brand\" content=\"Living Libations\" \/>\n<meta property=\"og:availability\" content=\"instock\" \/>\n<meta property=\"product:availability\" content=\"instock\" \/>\n<meta property=\"product:condition\" content=\"new\" \/>\n<!-- \/ Yoast SEO Premium plugin. -->","yoast_head_json":{"title":"Jasmine Julep Floral Fantasia Elixier | Living Libations","description":"F\u00fchlen Sie sich jubelnd, wenn Sie den fr\u00f6hlichen Bl\u00fctennektar von Jasmine Julep einatmen. Bringen Sie Fr\u00fchlingsgef\u00fchle und Euphorie in Ihr gl\u00fcckliches Herz mit diesem beschwingten Bouquet aus Jasmin Sambac, Ylang, Blutorange und Bergamotte.","robots":{"index":"index","follow":"follow","max-snippet":"max-snippet:-1","max-image-preview":"max-image-preview:large","max-video-preview":"max-video-preview:-1"},"canonical":"https:\/\/dutchhealthstore.com\/de\/product\/jasmine-julep-floral-fantasia-elixir\/","og_locale":"de_DE","og_type":"article","og_title":"Jasmine Julep - Floral Fantasia Elixir - Dutch Health Store","og_description":"F\u00fchlen Sie sich jubelnd, wenn Sie den fr\u00f6hlichen Bl\u00fctennektar von Jasmine Julep einatmen. Bringen Sie Fr\u00fchlingsgef\u00fchle und Euphorie in Ihr gl\u00fcckliches Herz mit diesem beschwingten Bouquet aus Jasmin Sambac, Ylang, Blutorange und Bergamotte.","og_url":"https:\/\/dutchhealthstore.com\/de\/product\/jasmine-julep-floral-fantasia-elixir\/","og_site_name":"Dutch Health Store","article_publisher":"https:\/\/www.instagram.com\/dutchhealthstore\/","article_modified_time":"2026-03-06T14:23:38+00:00","og_image":[{"width":510,"height":600,"url":"https:\/\/dutchhealthstore.com\/wp-content\/uploads\/2018\/06\/Living-Libations-Jasmine-Julep-Floral-Fantasia-Elixir.jpg","type":"image\/jpeg"}],"twitter_card":"summary_large_image","twitter_misc":{"Verf\u00fcgbarkeit":"Auf Lager"},"schema":{"@context":"https:\/\/schema.org","@graph":[{"@type":"WebPage","@id":"https:\/\/dutchhealthstore.com\/de\/product\/jasmine-julep-floral-fantasia-elixir\/","url":"https:\/\/dutchhealthstore.com\/de\/product\/jasmine-julep-floral-fantasia-elixir\/","name":"Jasmine Julep Floral Fantasia Elixier | Living Libations","isPartOf":{"@id":"https:\/\/dutchhealthstore.com\/de\/#website"},"primaryImageOfPage":{"@id":"https:\/\/dutchhealthstore.com\/de\/product\/jasmine-julep-floral-fantasia-elixir\/#primaryimage"},"image":{"@id":"https:\/\/dutchhealthstore.com\/de\/product\/jasmine-julep-floral-fantasia-elixir\/#primaryimage"},"thumbnailUrl":"https:\/\/dutchhealthstore.com\/wp-content\/uploads\/2018\/06\/Living-Libations-Jasmine-Julep-Floral-Fantasia-Elixir-001.jpg","datePublished":"2018-06-15T08:55:37+00:00","dateModified":"2026-03-06T14:23:38+00:00","description":"F\u00fchlen Sie sich jubelnd, wenn Sie den fr\u00f6hlichen Bl\u00fctennektar von Jasmine Julep einatmen. Bringen Sie Fr\u00fchlingsgef\u00fchle und Euphorie in Ihr gl\u00fcckliches Herz mit diesem beschwingten Bouquet aus Jasmin Sambac, Ylang, Blutorange und Bergamotte.","breadcrumb":{"@id":"https:\/\/dutchhealthstore.com\/de\/product\/jasmine-julep-floral-fantasia-elixir\/#breadcrumb"},"inLanguage":"de","potentialAction":[{"@type":"ReadAction","target":["https:\/\/dutchhealthstore.com\/de\/product\/jasmine-julep-floral-fantasia-elixir\/"]}]},{"@type":"ImageObject","inLanguage":"de","@id":"https:\/\/dutchhealthstore.com\/de\/product\/jasmine-julep-floral-fantasia-elixir\/#primaryimage","url":"https:\/\/dutchhealthstore.com\/wp-content\/uploads\/2018\/06\/Living-Libations-Jasmine-Julep-Floral-Fantasia-Elixir-001.jpg","contentUrl":"https:\/\/dutchhealthstore.com\/wp-content\/uploads\/2018\/06\/Living-Libations-Jasmine-Julep-Floral-Fantasia-Elixir-001.jpg","width":510,"height":600,"caption":"Living Libations - Jasmine Julep - Floral Fantasia Elixir"},{"@type":"BreadcrumbList","@id":"https:\/\/dutchhealthstore.com\/de\/product\/jasmine-julep-floral-fantasia-elixir\/#breadcrumb","itemListElement":[{"@type":"ListItem","position":1,"name":"Home","item":"https:\/\/dutchhealthstore.com\/de\/"},{"@type":"ListItem","position":2,"name":"Shop","item":"https:\/\/dutchhealthstore.com\/de\/shop-2\/"},{"@type":"ListItem","position":3,"name":"Jasmine Julep &#8211; Floral Fantasia Elixir"}]},{"@type":"WebSite","@id":"https:\/\/dutchhealthstore.com\/de\/#website","url":"https:\/\/dutchhealthstore.com\/de\/","name":"Dutch Health Store","description":"Enhance Your Beauty with Organic &amp; Natural Skincare","publisher":{"@id":"https:\/\/dutchhealthstore.com\/de\/#organization"},"potentialAction":[{"@type":"SearchAction","target":{"@type":"EntryPoint","urlTemplate":"https:\/\/dutchhealthstore.com\/de\/?s={search_term_string}"},"query-input":{"@type":"PropertyValueSpecification","valueRequired":true,"valueName":"search_term_string"}}],"inLanguage":"de"},{"@type":"Organization","@id":"https:\/\/dutchhealthstore.com\/de\/#organization","name":"Dutch Health Store","url":"https:\/\/dutchhealthstore.com\/de\/","logo":{"@type":"ImageObject","inLanguage":"de","@id":"https:\/\/dutchhealthstore.com\/de\/#\/schema\/logo\/image\/","url":"https:\/\/dutchhealthstore.com\/wp-content\/uploads\/2020\/08\/logo-dutchhealthstore-jpg-e1599484957574.jpg","contentUrl":"https:\/\/dutchhealthstore.com\/wp-content\/uploads\/2020\/08\/logo-dutchhealthstore-jpg-e1599484957574.jpg","width":400,"height":62,"caption":"Dutch Health Store"},"image":{"@id":"https:\/\/dutchhealthstore.com\/de\/#\/schema\/logo\/image\/"},"sameAs":["https:\/\/www.instagram.com\/dutchhealthstore\/","https:\/\/www.facebook.com\/dutchhealthstore"]}]},"product_brand":"Living Libations","og_availability":"instock","product_availability":"instock","product_condition":"new"},"_links":{"self":[{"href":"https:\/\/dutchhealthstore.com\/de\/wp-json\/wp\/v2\/product\/115250","targetHints":{"allow":["GET"]}}],"collection":[{"href":"https:\/\/dutchhealthstore.com\/de\/wp-json\/wp\/v2\/product"}],"about":[{"href":"https:\/\/dutchhealthstore.com\/de\/wp-json\/wp\/v2\/types\/product"}],"replies":[{"embeddable":true,"href":"https:\/\/dutchhealthstore.com\/de\/wp-json\/wp\/v2\/comments?post=115250"}],"wp:featuredmedia":[{"embeddable":true,"href":"https:\/\/dutchhealthstore.com\/de\/wp-json\/wp\/v2\/media\/115252"}],"wp:attachment":[{"href":"https:\/\/dutchhealthstore.com\/de\/wp-json\/wp\/v2\/media?parent=115250"}],"wp:term":[{"taxonomy":"product_brand","embeddable":true,"href":"https:\/\/dutchhealthstore.com\/de\/wp-json\/wp\/v2\/product_brand?post=115250"},{"taxonomy":"product_cat","embeddable":true,"href":"https:\/\/dutchhealthstore.com\/de\/wp-json\/wp\/v2\/product_cat?post=115250"},{"taxonomy":"product_tag","embeddable":true,"href":"https:\/\/dutchhealthstore.com\/de\/wp-json\/wp\/v2\/product_tag?post=115250"}],"curies":[{"name":"wp","href":"https:\/\/api.w.org\/{rel}","templated":true}]}}