{"id":115242,"date":"2018-02-10T20:31:01","date_gmt":"2018-02-10T19:31:01","guid":{"rendered":"https:\/\/dutchhealthstore.com\/product\/peppermint-pal\/"},"modified":"2025-10-26T20:58:19","modified_gmt":"2025-10-26T19:58:19","slug":"peppermint-pal","status":"publish","type":"product","link":"https:\/\/dutchhealthstore.com\/de\/product\/peppermint-pal\/","title":{"rendered":"Peppermint Pal"},"content":{"rendered":"<p style=\"font-weight: 400;\"><img decoding=\"async\" class=\"alignright wp-image-56011\" src=\"https:\/\/dutchhealthstore.com\/wp-content\/uploads\/2019\/04\/logo.png\" alt=\"Living libations logo\" width=\"200\" height=\"59\"><\/p>\n<p>Jetzt mit Aventurin-Quarz anstelle von Plastik f\u00fcr den Rollerball der Flasche! Abgesehen davon, dass dieser Edelstein die Kirsche auf dem Sahneh\u00e4ubchen der bereits stellaren Libation ist, wird der Aventurin als Stein des Wohlstands charakterisiert, der sich auf das Herzchakra ausrichtet.<\/p>\n<p>Diese L\u00f6sung im Taschenformat ist der perfekte Fixer f\u00fcr unterwegs. Streichen Sie \u00fcber die Schl\u00e4fen (und vermeiden Sie dabei die Augenpartie), beleben Sie die Gelenke, l\u00f6sen Sie verspannte Muskeln, tupfen Sie auf Aua, straffen Sie die Schl\u00e4fen oder rollen Sie entlang der Wirbels\u00e4ule, um den K\u00f6rper zu kl\u00e4ren und den Geist zu fokussieren.<\/p>\n<p>Reines \u00e4therisches Pfefferminz\u00f6l steht in diesem konzentrierten Chrisam im Mittelpunkt und bietet eine beruhigende K\u00fchle, die sich angenehm wie Eis anf\u00fchlt! Peppermint Pal enth\u00e4lt eine Reihe von beruhigenden, fein abstimmenden Freunden, die botanisch darauf vorbereitet sind, Ihre Wogen zu gl\u00e4tten.<\/p>\n<p>Emotional wirkt Peppermint Pal zentrierend und beruhigend. Es hilft, den Geist zu fokussieren und den Geist zu erfrischen. Es kann auch verwendet werden, um die Kreativit\u00e4t zu steigern und die geistige Klarheit w\u00e4hrend des Studiums, der Arbeit oder der Meditation zu erh\u00f6hen.<\/p>\n<h3>Instruktion<\/h3>\n<p>Rollen Sie es auf, wann und wo immer Sie einen k\u00fchlenden Tupfer Eis brauchen.<\/p>\n<p><strong>Gr\u00f6\u00dfe: 5 ml und 10 ml<\/strong><\/p>\n<h3 class=\"yikes-custom-woo-tab-title yikes-custom-woo-tab-title-natural-organic-ingredients\">Nat\u00fcrliche\/Organische Inhaltsstoffe<\/h3>\n<p><b><strong>Pfefferminz<\/strong><\/b> (<i><em>Mentha piperita<\/em><\/i>) &#8211; Die k\u00fchlenden Eigenschaften der Pfefferminze sind der Schl\u00fcssel f\u00fcr die F\u00e4higkeit dieses \u00e4therischen \u00d6ls, zu k\u00fchlen, R\u00f6tungen zu lindern und Spannungen zu l\u00f6sen, und es strotzt nur so vor minziger Frische und kraftvollen pflanzlichen Eigenschaften. Die Pfefferminze, die Ende des<sup>19.<\/sup> Jahrhunderts in Europa in aller Munde war, war und ist weit mehr als ein blo\u00dfer Atemerfrischer; sie ist bekannt daf\u00fcr, dass sie gegen eine Vielzahl von Ungleichgewichten wirkt. Minze stammt aus dem Lateinischen <i><em>mente<\/em><\/i>abgeleitet, was so viel wie &#8222;Gedanke&#8220; bedeutet, denn unsere antiken Vorfahren hielten sie f\u00fcr eine St\u00e4rkung des Gehirns. Pfefferminze f\u00fchlt sich k\u00fchlend und angenehm wie Eis an und geh\u00f6rt daher zu den \u00e4therischen \u00d6len, die in jede Tasche und jede Reiseapotheke geh\u00f6ren.<\/p>\n<p><b><strong>Blaufl\u00fcgeliger Rainfarn<\/strong><\/b> (<i><em>Tanacetum annuum<\/em><\/i>) &#8211; Der leuchtend blaue Rainfarn ist ein blaues Kraftb\u00fcndel der Pflanze und wirkt beruhigend auf Haut und Geist. Dieses azurblaue \u00d6l, das reich an der pflanzlichen Verbindung Azulen, einem beruhigenden Sesquiterpen, ist, bietet beruhigende und k\u00fchlende phytochemische Bestandteile, die ein Traum f\u00fcr die Haut sind. Das blaue Rainfarnkraut ist ein hervorragender Hautberuhiger.<\/p>\n<p><b><strong>Jojoba\u00f6l<\/strong><\/b> (<i><em>Simmondsia chinensis<\/em><\/i>) &#8211; Mit einem Schuss gesundem Jojoba\u00f6l ist dieser Peppermint Pal zum Auftragen f\u00fcr minzige Pflege bereit. Es ist das grundlegende Lipid aller Sch\u00f6nheitsbereiche und auch die Antwort der W\u00fcste auf trockene, spr\u00f6de Haut und Haare. Inmitten von Sandst\u00fcrmen und Kakteen entpuppt sich Jojoba als eine \u00fcberschw\u00e4ngliche, erweichende Oase. Wenn dieser kr\u00e4ftige Strauch unter der W\u00fcstensonne br\u00e4t, keimen in den Jojobasamen Perlen aus fl\u00fcssigem Gold. Aus diesen Samen wird ein goldenes \u00d6l gewonnen, das durch Kaltpressung extrahiert wird und ein Lipid liefert, das dem nat\u00fcrlichen Talg unserer Haut sehr \u00e4hnlich ist. Sie zieht m\u00fchelos in die Haut ein und \u00fcbertr\u00e4gt Phyton\u00e4hrstoffe, die die Haut dabei unterst\u00fctzen, Feuchtigkeit zu speichern und die Elastizit\u00e4t wiederherzustellen. Unglaublich reichhaltig und seidig, pflegt Jojoba die Haut lang anhaltend. Es ist ein hervorragender Tr\u00e4ger f\u00fcr \u00e4therische \u00d6le und Kr\u00e4utertees.<\/p>\n<p><b><strong>Rizinus\u00f6l <\/strong><\/b>(<i><em>Ricinus communis<\/em><\/i>) &#8211; Empfehlenswertes Rizinus\u00f6l wird aus den Samen der Pflanze kaltgepresst, die in tropischen und mediterranen Klimazonen wild w\u00e4chst. Dieses sehr z\u00e4hfl\u00fcssige und schmierende \u00d6l wurde von den fr\u00fchen Kulturen \u00c4gyptens, Indiens, Japans, Chinas und Persiens zu Hautsalben und Salben verarbeitet. Rizinus\u00f6l ist ein Triglyceridlipid, das aus einzigartigen Fetts\u00e4uren besteht, von denen 90% seltene Ricinols\u00e4uren sind. Das \u00d6l enth\u00e4lt auch Ester, die die Haut beruhigen.<\/p>\n<p>&nbsp;<\/p>\n<p><img fetchpriority=\"high\" decoding=\"async\" class=\"size-medium wp-image-68103 aligncenter\" src=\"https:\/\/dutchhealthstore.com\/wp-content\/uploads\/2018\/02\/Living-Libations-Organic-Logo-800x89.png\" alt=\"Living Libations - Organic Logo\" width=\"800\" height=\"89\" srcset=\"https:\/\/dutchhealthstore.com\/wp-content\/uploads\/2018\/02\/Living-Libations-Organic-Logo-800x89.png 800w, https:\/\/dutchhealthstore.com\/wp-content\/uploads\/2018\/02\/Living-Libations-Organic-Logo-510x57.png 510w, https:\/\/dutchhealthstore.com\/wp-content\/uploads\/2018\/02\/Living-Libations-Organic-Logo-768x85.png 768w, https:\/\/dutchhealthstore.com\/wp-content\/uploads\/2018\/02\/Living-Libations-Organic-Logo.png 1400w\" sizes=\"(max-width: 800px) 100vw, 800px\" \/><\/p>\n","protected":false},"excerpt":{"rendered":"<p>Living Libations <strong>Peppermint Pal<\/strong> ist eine kompetente Kombination f\u00fcr einen First Responder Freund! Diese Superl\u00f6sung ist ein k\u00fchlendes Konzentrat zum Auftragen auf Schl\u00e4fen, Nacken, Hautflecken und -punkte, zur Linderung von R\u00f6tungen oder \u00fcberall dort, wo Sie Verspannungen sp\u00fcren, die sich nach Befreiung sehnen. Dieser kl\u00e4rende Stab salbt mit seiner beruhigenden und k\u00fchlenden Wirkung.<\/p>\n<p>Rollen Sie einen erfrischenden Spritzer Pfefferminze \u00fcber das zarte Gewebe, um sich abzuk\u00fchlen, die Haut zu beruhigen, sich w\u00e4hrend einer Flugreise zu erholen oder den Geist zu konzentrieren. Nehmen Sie die reinigende Kraft der Pfefferminze mit &#8211; oder stecken Sie sie einfach in Ihre Handtasche!<\/p>\n","protected":false},"featured_media":113992,"comment_status":"open","ping_status":"closed","template":"","meta":[],"product_brand":[],"product_cat":[1962,6737,6749,6766,6761,6748,1493,1210,511,6791,6747,6736],"product_tag":[6443,1547],"class_list":{"0":"post-115242","1":"product","2":"type-product","3":"status-publish","4":"has-post-thumbnail","6":"product_cat-elixir-blends","7":"product_cat-essential-oils-de-2","8":"product_cat-essential-oil-blends-de-2","9":"product_cat-energy-vitality-de-2","10":"product_cat-remedies-de-2","11":"product_cat-clarity-focus-de-2","12":"product_cat-living-libations-deutschland","13":"product_cat-marken","14":"product_cat-produkte","15":"product_cat-pain-headaches-de-2","16":"product_cat-mood-de-2","17":"product_cat-wellness-de","18":"product_tag-blends-de","19":"product_tag-essential-oil-de","20":"pa_brand-livinglibations-de","21":"pa_essential-oils-product-type-essential-oil-blends-de","22":"pa_health-productype-optimum-health-de","23":"pa_mood-energy-vitality-de","24":"pa_mood-clarity-focus-de","25":"pa_mood-stress-relief-de","26":"pa_remedies-pain-headaches-de","27":"pa_size-10-ml-de","28":"pa_size-5-ml-de","30":"first","31":"instock","32":"taxable","33":"shipping-taxable","34":"purchasable","35":"product-type-variable"},"bundled_by":[],"bundle_stock_status":"instock","bundle_stock_quantity":null,"bundle_virtual":false,"bundle_layout":"","bundle_add_to_cart_form_location":"","bundle_editable_in_cart":false,"bundle_sold_individually_context":"","bundle_item_grouping":"","bundle_min_size":"","bundle_max_size":"","bundle_price":[],"bundled_items":[],"bundle_sell_ids":[247691],"atum_controlled":true,"out_stock_date":null,"out_stock_threshold":null,"inheritable":true,"stock_on_hold":0,"sold_today":0,"sales_last_days":0,"out_stock_days":0,"lost_sales":0,"update_date":"2026-04-29T00:14:06","atum_locations":[],"atum_stock_status":"instock","restock_status":false,"low_stock_amount":"","sales_update_date":"2026-04-29T00:14:06","calc_backorders":null,"group_of_quantity":0,"min_quantity":0,"max_quantity":"","exclude_order_quantity_value_rules":"no","exclude_category_quantity_rules":"no","combine_variations":"no","yoast_head":"<!-- This site is optimized with the Yoast SEO Premium plugin v26.5 (Yoast SEO v26.5) - https:\/\/yoast.com\/wordpress\/plugins\/seo\/ -->\n<title>Peppermint Pal | Living Libations<\/title>\n<meta name=\"description\" content=\"Living Libations Peppermint Pal ist eine kompetente Kombination f\u00fcr einen First Responder Freund!\" \/>\n<meta name=\"robots\" content=\"index, follow, max-snippet:-1, max-image-preview:large, max-video-preview:-1\" \/>\n<link rel=\"canonical\" href=\"https:\/\/dutchhealthstore.com\/de\/product\/peppermint-pal\/\" \/>\n<meta property=\"og:locale\" content=\"de_DE\" \/>\n<meta property=\"og:type\" content=\"article\" \/>\n<meta property=\"og:title\" content=\"Peppermint Pal - Dutch Health Store\" \/>\n<meta property=\"og:description\" content=\"Living Libations Peppermint Pal ist eine kompetente Kombination f\u00fcr einen First Responder Freund!\" \/>\n<meta property=\"og:url\" content=\"https:\/\/dutchhealthstore.com\/de\/product\/peppermint-pal\/\" \/>\n<meta property=\"og:site_name\" content=\"Dutch Health Store\" \/>\n<meta property=\"article:publisher\" content=\"https:\/\/www.instagram.com\/dutchhealthstore\/\" \/>\n<meta property=\"article:modified_time\" content=\"2025-10-26T19:58:19+00:00\" \/>\n<meta property=\"og:image\" content=\"https:\/\/dutchhealthstore.com\/wp-content\/uploads\/2018\/02\/Living-Libations-Peppermint-Pal-e1594888920891.jpg\" \/>\n\t<meta property=\"og:image:width\" content=\"500\" \/>\n\t<meta property=\"og:image:height\" content=\"500\" \/>\n\t<meta property=\"og:image:type\" content=\"image\/jpeg\" \/>\n<meta name=\"twitter:card\" content=\"summary_large_image\" \/>\n<meta name=\"twitter:label1\" content=\"Verf\u00fcgbarkeit\" \/>\n\t<meta name=\"twitter:data1\" content=\"Auf Lager\" \/>\n<script type=\"application\/ld+json\" class=\"yoast-schema-graph\">{\"@context\":\"https:\/\/schema.org\",\"@graph\":[{\"@type\":\"WebPage\",\"@id\":\"https:\/\/dutchhealthstore.com\/de\/product\/peppermint-pal\/\",\"url\":\"https:\/\/dutchhealthstore.com\/de\/product\/peppermint-pal\/\",\"name\":\"Peppermint Pal | Living Libations\",\"isPartOf\":{\"@id\":\"https:\/\/dutchhealthstore.com\/de\/#website\"},\"primaryImageOfPage\":{\"@id\":\"https:\/\/dutchhealthstore.com\/de\/product\/peppermint-pal\/#primaryimage\"},\"image\":{\"@id\":\"https:\/\/dutchhealthstore.com\/de\/product\/peppermint-pal\/#primaryimage\"},\"thumbnailUrl\":\"https:\/\/dutchhealthstore.com\/wp-content\/uploads\/2018\/02\/Living-Libations-Peppermint-Pal-e1594888920891.jpg\",\"datePublished\":\"2018-02-10T19:31:01+00:00\",\"dateModified\":\"2025-10-26T19:58:19+00:00\",\"description\":\"Living Libations Peppermint Pal ist eine kompetente Kombination f\u00fcr einen First Responder Freund!\",\"breadcrumb\":{\"@id\":\"https:\/\/dutchhealthstore.com\/de\/product\/peppermint-pal\/#breadcrumb\"},\"inLanguage\":\"de\",\"potentialAction\":[{\"@type\":\"ReadAction\",\"target\":[\"https:\/\/dutchhealthstore.com\/de\/product\/peppermint-pal\/\"]}]},{\"@type\":\"ImageObject\",\"inLanguage\":\"de\",\"@id\":\"https:\/\/dutchhealthstore.com\/de\/product\/peppermint-pal\/#primaryimage\",\"url\":\"https:\/\/dutchhealthstore.com\/wp-content\/uploads\/2018\/02\/Living-Libations-Peppermint-Pal-e1594888920891.jpg\",\"contentUrl\":\"https:\/\/dutchhealthstore.com\/wp-content\/uploads\/2018\/02\/Living-Libations-Peppermint-Pal-e1594888920891.jpg\",\"width\":500,\"height\":500,\"caption\":\"Living Libations Peppermint Pal\"},{\"@type\":\"BreadcrumbList\",\"@id\":\"https:\/\/dutchhealthstore.com\/de\/product\/peppermint-pal\/#breadcrumb\",\"itemListElement\":[{\"@type\":\"ListItem\",\"position\":1,\"name\":\"Home\",\"item\":\"https:\/\/dutchhealthstore.com\/de\/\"},{\"@type\":\"ListItem\",\"position\":2,\"name\":\"Shop\",\"item\":\"https:\/\/dutchhealthstore.com\/de\/shop-2\/\"},{\"@type\":\"ListItem\",\"position\":3,\"name\":\"Peppermint Pal\"}]},{\"@type\":\"WebSite\",\"@id\":\"https:\/\/dutchhealthstore.com\/de\/#website\",\"url\":\"https:\/\/dutchhealthstore.com\/de\/\",\"name\":\"Dutch Health Store\",\"description\":\"Enhance Your Beauty with Organic &amp; Natural Skincare\",\"publisher\":{\"@id\":\"https:\/\/dutchhealthstore.com\/de\/#organization\"},\"potentialAction\":[{\"@type\":\"SearchAction\",\"target\":{\"@type\":\"EntryPoint\",\"urlTemplate\":\"https:\/\/dutchhealthstore.com\/de\/?s={search_term_string}\"},\"query-input\":{\"@type\":\"PropertyValueSpecification\",\"valueRequired\":true,\"valueName\":\"search_term_string\"}}],\"inLanguage\":\"de\"},{\"@type\":\"Organization\",\"@id\":\"https:\/\/dutchhealthstore.com\/de\/#organization\",\"name\":\"Dutch Health Store\",\"url\":\"https:\/\/dutchhealthstore.com\/de\/\",\"logo\":{\"@type\":\"ImageObject\",\"inLanguage\":\"de\",\"@id\":\"https:\/\/dutchhealthstore.com\/de\/#\/schema\/logo\/image\/\",\"url\":\"https:\/\/dutchhealthstore.com\/wp-content\/uploads\/2020\/08\/logo-dutchhealthstore-jpg-e1599484957574.jpg\",\"contentUrl\":\"https:\/\/dutchhealthstore.com\/wp-content\/uploads\/2020\/08\/logo-dutchhealthstore-jpg-e1599484957574.jpg\",\"width\":400,\"height\":62,\"caption\":\"Dutch Health Store\"},\"image\":{\"@id\":\"https:\/\/dutchhealthstore.com\/de\/#\/schema\/logo\/image\/\"},\"sameAs\":[\"https:\/\/www.instagram.com\/dutchhealthstore\/\",\"https:\/\/www.facebook.com\/dutchhealthstore\"]}]}<\/script>\n<meta property=\"product:brand\" content=\"Living Libations\" \/>\n<meta property=\"og:availability\" content=\"instock\" \/>\n<meta property=\"product:availability\" content=\"instock\" \/>\n<meta property=\"product:condition\" content=\"new\" \/>\n<!-- \/ Yoast SEO Premium plugin. -->","yoast_head_json":{"title":"Peppermint Pal | Living Libations","description":"Living Libations Peppermint Pal ist eine kompetente Kombination f\u00fcr einen First Responder Freund!","robots":{"index":"index","follow":"follow","max-snippet":"max-snippet:-1","max-image-preview":"max-image-preview:large","max-video-preview":"max-video-preview:-1"},"canonical":"https:\/\/dutchhealthstore.com\/de\/product\/peppermint-pal\/","og_locale":"de_DE","og_type":"article","og_title":"Peppermint Pal - Dutch Health Store","og_description":"Living Libations Peppermint Pal ist eine kompetente Kombination f\u00fcr einen First Responder Freund!","og_url":"https:\/\/dutchhealthstore.com\/de\/product\/peppermint-pal\/","og_site_name":"Dutch Health Store","article_publisher":"https:\/\/www.instagram.com\/dutchhealthstore\/","article_modified_time":"2025-10-26T19:58:19+00:00","og_image":[{"width":500,"height":500,"url":"https:\/\/dutchhealthstore.com\/wp-content\/uploads\/2018\/02\/Living-Libations-Peppermint-Pal-e1594888920891.jpg","type":"image\/jpeg"}],"twitter_card":"summary_large_image","twitter_misc":{"Verf\u00fcgbarkeit":"Auf Lager"},"schema":{"@context":"https:\/\/schema.org","@graph":[{"@type":"WebPage","@id":"https:\/\/dutchhealthstore.com\/de\/product\/peppermint-pal\/","url":"https:\/\/dutchhealthstore.com\/de\/product\/peppermint-pal\/","name":"Peppermint Pal | Living Libations","isPartOf":{"@id":"https:\/\/dutchhealthstore.com\/de\/#website"},"primaryImageOfPage":{"@id":"https:\/\/dutchhealthstore.com\/de\/product\/peppermint-pal\/#primaryimage"},"image":{"@id":"https:\/\/dutchhealthstore.com\/de\/product\/peppermint-pal\/#primaryimage"},"thumbnailUrl":"https:\/\/dutchhealthstore.com\/wp-content\/uploads\/2018\/02\/Living-Libations-Peppermint-Pal-e1594888920891.jpg","datePublished":"2018-02-10T19:31:01+00:00","dateModified":"2025-10-26T19:58:19+00:00","description":"Living Libations Peppermint Pal ist eine kompetente Kombination f\u00fcr einen First Responder Freund!","breadcrumb":{"@id":"https:\/\/dutchhealthstore.com\/de\/product\/peppermint-pal\/#breadcrumb"},"inLanguage":"de","potentialAction":[{"@type":"ReadAction","target":["https:\/\/dutchhealthstore.com\/de\/product\/peppermint-pal\/"]}]},{"@type":"ImageObject","inLanguage":"de","@id":"https:\/\/dutchhealthstore.com\/de\/product\/peppermint-pal\/#primaryimage","url":"https:\/\/dutchhealthstore.com\/wp-content\/uploads\/2018\/02\/Living-Libations-Peppermint-Pal-e1594888920891.jpg","contentUrl":"https:\/\/dutchhealthstore.com\/wp-content\/uploads\/2018\/02\/Living-Libations-Peppermint-Pal-e1594888920891.jpg","width":500,"height":500,"caption":"Living Libations Peppermint Pal"},{"@type":"BreadcrumbList","@id":"https:\/\/dutchhealthstore.com\/de\/product\/peppermint-pal\/#breadcrumb","itemListElement":[{"@type":"ListItem","position":1,"name":"Home","item":"https:\/\/dutchhealthstore.com\/de\/"},{"@type":"ListItem","position":2,"name":"Shop","item":"https:\/\/dutchhealthstore.com\/de\/shop-2\/"},{"@type":"ListItem","position":3,"name":"Peppermint Pal"}]},{"@type":"WebSite","@id":"https:\/\/dutchhealthstore.com\/de\/#website","url":"https:\/\/dutchhealthstore.com\/de\/","name":"Dutch Health Store","description":"Enhance Your Beauty with Organic &amp; Natural Skincare","publisher":{"@id":"https:\/\/dutchhealthstore.com\/de\/#organization"},"potentialAction":[{"@type":"SearchAction","target":{"@type":"EntryPoint","urlTemplate":"https:\/\/dutchhealthstore.com\/de\/?s={search_term_string}"},"query-input":{"@type":"PropertyValueSpecification","valueRequired":true,"valueName":"search_term_string"}}],"inLanguage":"de"},{"@type":"Organization","@id":"https:\/\/dutchhealthstore.com\/de\/#organization","name":"Dutch Health Store","url":"https:\/\/dutchhealthstore.com\/de\/","logo":{"@type":"ImageObject","inLanguage":"de","@id":"https:\/\/dutchhealthstore.com\/de\/#\/schema\/logo\/image\/","url":"https:\/\/dutchhealthstore.com\/wp-content\/uploads\/2020\/08\/logo-dutchhealthstore-jpg-e1599484957574.jpg","contentUrl":"https:\/\/dutchhealthstore.com\/wp-content\/uploads\/2020\/08\/logo-dutchhealthstore-jpg-e1599484957574.jpg","width":400,"height":62,"caption":"Dutch Health Store"},"image":{"@id":"https:\/\/dutchhealthstore.com\/de\/#\/schema\/logo\/image\/"},"sameAs":["https:\/\/www.instagram.com\/dutchhealthstore\/","https:\/\/www.facebook.com\/dutchhealthstore"]}]},"product_brand":"Living Libations","og_availability":"instock","product_availability":"instock","product_condition":"new"},"_links":{"self":[{"href":"https:\/\/dutchhealthstore.com\/de\/wp-json\/wp\/v2\/product\/115242","targetHints":{"allow":["GET"]}}],"collection":[{"href":"https:\/\/dutchhealthstore.com\/de\/wp-json\/wp\/v2\/product"}],"about":[{"href":"https:\/\/dutchhealthstore.com\/de\/wp-json\/wp\/v2\/types\/product"}],"replies":[{"embeddable":true,"href":"https:\/\/dutchhealthstore.com\/de\/wp-json\/wp\/v2\/comments?post=115242"}],"wp:featuredmedia":[{"embeddable":true,"href":"https:\/\/dutchhealthstore.com\/de\/wp-json\/wp\/v2\/media\/113992"}],"wp:attachment":[{"href":"https:\/\/dutchhealthstore.com\/de\/wp-json\/wp\/v2\/media?parent=115242"}],"wp:term":[{"taxonomy":"product_brand","embeddable":true,"href":"https:\/\/dutchhealthstore.com\/de\/wp-json\/wp\/v2\/product_brand?post=115242"},{"taxonomy":"product_cat","embeddable":true,"href":"https:\/\/dutchhealthstore.com\/de\/wp-json\/wp\/v2\/product_cat?post=115242"},{"taxonomy":"product_tag","embeddable":true,"href":"https:\/\/dutchhealthstore.com\/de\/wp-json\/wp\/v2\/product_tag?post=115242"}],"curies":[{"name":"wp","href":"https:\/\/api.w.org\/{rel}","templated":true}]}}