{"id":115236,"date":"2018-02-10T20:47:03","date_gmt":"2018-02-10T19:47:03","guid":{"rendered":"https:\/\/dutchhealthstore.com\/product\/love-wine\/"},"modified":"2026-04-23T15:39:29","modified_gmt":"2026-04-23T13:39:29","slug":"love-wine","status":"publish","type":"product","link":"https:\/\/dutchhealthstore.com\/de\/product\/love-wine\/","title":{"rendered":"Love Wine"},"content":{"rendered":"<p><img decoding=\"async\" class=\"size-full wp-image-37041 alignright\" src=\"https:\/\/dutchhealthstore.com\/wp-content\/uploads\/2018\/04\/Living_Libations-1.png\" alt=\"Organic &amp; Natural Beautyproducts - Living Libations\" width=\"175\" height=\"82\">Berauscht vom Duft der Sch\u00f6pfung, schenkst du ein. Deine einzige Verpflichtung ist es, einzuatmen und \u00fcber die Wiese des Lebens zu gehen.<br \/>\nLiving Libations <strong>Love wine<\/strong>ist ein Elixier aus der Ewigkeit; diese jenseitigen Essenzen mischen sich ko-kreativ in das Verlangen in dir.<\/p>\n<p>Love wine Elixir ist ein alkoholfreies Elixier aus \u00e4therischen \u00d6len, das zur Salbung von K\u00f6rper und Atem verwendet werden kann. Diese fr\u00f6hliche, aufmunternde Mischung inspiriert zu Spa\u00df, Kichern und guter Laune, und zwar durch die schiere Fr\u00f6hlichkeit der hier versammelten Pflanzenessenzen.<\/p>\n<p>Diese botanische Mischung ist k\u00f6stlich-g\u00f6ttlich. Jedes \u00d6l hat seine eigenen festlichen Eigenschaften, aber viele Liebeswein\u00f6le werden als inspirierend und aufmunternd empfunden.<\/p>\n<h3>Use<\/h3>\n<p>Um den Atem zu erfrischen, geben Sie ein oder zwei Tropfen Love wine auf Ihre Zunge oder auf Ihre Lieblingsgerichte, in frischen S\u00e4ften wie Granatapfel oder Wassermelone, in einem Smoothie oder auf Schokolade oder Honig. Der Liebeswein eignet sich gut f\u00fcr ein Treffen mit Freunden, um zu feiern, oder um den Tag zu versch\u00f6nern. Viele auch gesalbt werden, um Handgelenke f\u00fcr ein elegantes Aroma.<\/p>\n<h3>Love wine Watermelon Drink<\/h3>\n<p>Die H\u00e4lfte einer Wassermelone im Mixer p\u00fcrieren und 2 Tropfen Love Wine hinzuf\u00fcgen &#8211; wow! Sp\u00fcren Sie, wie die Molek\u00fcle der Gl\u00fcckseligkeit durch Ihr Wesen widerhallen.<\/p>\n<p><strong>Gr\u00f6\u00dfe: 5 ml<\/strong><\/p>\n<h3 class=\"yikes-custom-woo-tab-title yikes-custom-woo-tab-title-natural-organic-ingredients\">Nat\u00fcrliche\/Organische Inhaltsstoffe<\/h3>\n<p><strong>\u00c4therisches \u00d6l Rose Otto <\/strong><em>(Rosa damascene) &#8211; <\/em>Rosa Quarz-Champagner-Poesie. Rose Otto, ist eine elegante und wertvolle Essenz. Man braucht sechzig Rosen, um einen einzigen Tropfen herzustellen. Die Rose beruhigt das Herz und dieser pflanzliche Pflegestoff hat einen s\u00fc\u00dfen, blumigen Duft, der so belebend ist. Das \u00e4therische \u00d6l der Rose wird seit der Antike f\u00fcr die spirituelle Liebe, die heilige Vereinigung und als Quelle der Freude, der Sch\u00f6nheit und des Gl\u00fccks gesch\u00e4tzt.<\/p>\n<p><strong>\u00c4therisches \u00d6l der Immortelle <\/strong><em>(Helichrysum italicum) &#8211; <\/em>Ewige Gl\u00fcckseligkeit belebt jeden Faden Ihres Wesens. Compelling Immortelle ist ein seltener Erwecker des Geistes.<\/p>\n<p><strong>\u00c4therisches \u00d6l der Kap-Kamille <\/strong><em>(Eriocephalus punctulatus) &#8211; <\/em>Diese tiefblaue Sch\u00f6nheit verleiht dem Duft einen farbenfrohen und fruchtig-blumigen Glanz. Es ist ein sch\u00f6nes, strahlendes \u00d6l mit opulenten Azulen-Tropfen. Es verstr\u00f6mt einen feinen, fruchtigen Duft, der das Wohlbefinden f\u00f6rdert und gleichzeitig ganz bezaubernd ist!<\/p>\n<p><strong>\u00c4therisches<\/strong> <strong>Kardamom\u00f6l<\/strong><em>(Elettaria cardamomum)<\/em> &#8211; Die Samenschoten des charismatischen Kardamoms sind wie gr\u00fcne Diamanten. Diese s\u00fc\u00dfen und w\u00fcrzigen Edelsteine wirken mit ihrem exotischen Duft belebend und inspirierend. Sie vermittelt St\u00e4rke und Stabilit\u00e4t. Sie unterst\u00fctzt klares, kompromissloses Handeln, das auf die Frequenz der Kraft abgestimmt ist.<\/p>\n<p><strong>Vanilla Bean Essential Oil <\/strong><em>(Vanilla planifolia) &#8211; <\/em>Vanille hat einen unvergesslichen, k\u00f6stlichen, sinnlichen Duft, der ein aromatisches Aroma ist.<\/p>\n<p><strong>Ylang <\/strong><em>(Cananga odorata Essential Oil) &#8211;<\/em> Ylang bedeutet \u00fcbersetzt &#8222;Blume der Blumen&#8220;. Sein fr\u00f6hlich-blumiger Duft macht Lust auf ein Spiel. Ylang hat einen sch\u00f6nen, euphorischen, aromatischen Duft.<\/p>\n<p><strong>\u00c4therisches \u00d6l aus Zimtrinde <\/strong><em>(Cinnamonum zeylanicum) &#8211; <\/em>Das s\u00fc\u00dfe Gew\u00fcrz von allem, was sch\u00f6n ist, ist das Aroma, das Zimt verstr\u00f6mt. Dieser Zimt, der aus biologischer Baumrinde in Madagaskar gewonnen wird, ist ein wahrer Genuss f\u00fcr alle Sinne. Unsere authentische Destillation von Zimt verleiht Menschen und Orten ein w\u00e4rmendes Erlebnis.<\/p>\n<p><strong>\u00c4therisches Schizandra-\u00d6l <\/strong><em>(Schisandra <\/em><em>chinensis) &#8211; <\/em>Die Schizandra-Beere ist eine erstaunliche Destillation einer der st\u00e4rksten Beeren. Dieses \u00d6l enth\u00e4lt eine breite Palette bioaktiver Lignane und lipophiler Bestandteile. Diese Beeren sind ein Grundnahrungsmittel in der traditionellen chinesischen Kultur und werden seit Tausenden von Jahren verwendet, um das Chi des K\u00f6rpers zu st\u00e4rken. Im Chinesischen als &#8222;wu wei zi&#8220; bekannt, enth\u00e4lt diese &#8222;F\u00fcnf-Aromen-Frucht&#8220; eine komplexe Palette von Aromen, die bitter, salzig, w\u00fcrzig, s\u00fc\u00df und sauer sind.<\/p>\n<p><strong>\u00c4therisches Bergamotte\u00f6l <\/strong><em>(Citrus bergamia) &#8211; <\/em>Mit seinem herrlichen, hellen Zitrusduft ist die Bergamotte eines der beliebtesten \u00d6le. Er ist einer der wichtigsten Aromastoffe in Earl Grey Tea. Es ist wie Sonnenschein in der Flasche, der das Selbstvertrauen der Seele st\u00e4rkt und die Stimmung wieder aufleben l\u00e4sst.<\/p>\n<p><strong>Honig &#8211; <\/strong>Nur ein Hauch von diesem s\u00fc\u00dfen Nektar verbindet den Liebeswein! Dieser duftende Segen, der von den herrlichen Honigbienen geschaffen wurde, ist ein \u00fcppiges irdisches Elixier<\/p>\n<p style=\"text-align: center;\"><em>&#8222;Alle Aufregung kommt aus dem Kelch des Weins<\/em><\/p>\n<p style=\"text-align: center;\"><em>der Geliebte, der auf dieser Erde versch\u00fcttet wurde.<\/em><\/p>\n<p style=\"text-align: center;\"><em>Der Duft des Geliebten macht dich trunken vor Ekstase<\/em><\/p>\n<p style=\"text-align: center;\"><em>das Licht verwirrt das Herz&#8220;.<\/em><\/p>\n<p style=\"text-align: center;\">~ Rumi<\/p>\n<p style=\"text-align: center;\"><em>&#8222;Man beginnt das Leben der Bienen erst zu verstehen, wenn man wei\u00df, dass die Biene in einer Atmosph\u00e4re lebt, die v\u00f6llig von Liebe durchdrungen ist.&#8220;<\/em><\/p>\n<p style=\"text-align: center;\">~ Rudolf Steiner<\/p>\n<p><img fetchpriority=\"high\" decoding=\"async\" class=\"size-full wp-image-31577 aligncenter\" src=\"https:\/\/dutchhealthstore.com\/wp-content\/uploads\/2018\/03\/organic_big.png\" alt=\"Organic and Natural - Living Libations\" width=\"623\" height=\"103\" srcset=\"https:\/\/dutchhealthstore.com\/wp-content\/uploads\/2018\/03\/organic_big.png 623w, https:\/\/dutchhealthstore.com\/wp-content\/uploads\/2018\/03\/organic_big-510x84.png 510w, https:\/\/dutchhealthstore.com\/wp-content\/uploads\/2018\/03\/organic_big-600x99.png 600w, https:\/\/dutchhealthstore.com\/wp-content\/uploads\/2018\/03\/organic_big-350x58.png 350w\" sizes=\"(max-width: 623px) 100vw, 623px\" \/><\/p>\n","protected":false},"excerpt":{"rendered":"<p>Berauscht vom Duft der Sch\u00f6pfung, schenkst du ein. Deine einzige Verpflichtung ist es, einzuatmen und \u00fcber die Wiese des Lebens zu gehen.<br \/>\nLiving Libations <strong>Love wine<\/strong> ist ein Elixier aus der Ewigkeit; diese jenseitigen Essenzen mischen sich ko-kreativ in das Verlangen in dir.<\/p>\n","protected":false},"featured_media":359744,"comment_status":"open","ping_status":"closed","template":"","meta":[],"product_brand":[],"product_cat":[1962,6737,6749,1493,1210,511,6736],"product_tag":[4623],"class_list":{"0":"post-115236","1":"product","2":"type-product","3":"status-publish","4":"has-post-thumbnail","6":"product_cat-elixir-blends","7":"product_cat-essential-oils-de-2","8":"product_cat-essential-oil-blends-de-2","9":"product_cat-living-libations-deutschland","10":"product_cat-marken","11":"product_cat-produkte","12":"product_cat-wellness-de","13":"product_tag-elixir-de","14":"pa_brand-livinglibations-de","15":"pa_essential-oils-product-type-essential-oil-blends-de","16":"pa_size-5-ml-de","18":"first","19":"outofstock","20":"taxable","21":"shipping-taxable","22":"purchasable","23":"product-type-simple"},"bundled_by":[],"bundle_stock_status":"outofstock","bundle_stock_quantity":0,"bundle_virtual":false,"bundle_layout":"","bundle_add_to_cart_form_location":"","bundle_editable_in_cart":false,"bundle_sold_individually_context":"","bundle_item_grouping":"","bundle_min_size":"","bundle_max_size":"","bundle_price":[],"bundled_items":[],"bundle_sell_ids":[247526],"atum_controlled":true,"out_stock_date":"2026-04-23 15:39:30","out_stock_threshold":null,"inheritable":false,"stock_on_hold":3,"sold_today":0,"sales_last_days":3,"out_stock_days":0,"lost_sales":0,"update_date":"2026-04-30T12:01:43","atum_locations":[],"atum_stock_status":"outofstock","restock_status":false,"low_stock_amount":0,"sales_update_date":"2026-04-30T12:01:43","calc_backorders":null,"group_of_quantity":0,"min_quantity":0,"max_quantity":"","exclude_order_quantity_value_rules":"no","exclude_category_quantity_rules":"no","combine_variations":"no","yoast_head":"<!-- This site is optimized with the Yoast SEO Premium plugin v26.5 (Yoast SEO v26.5) - https:\/\/yoast.com\/wordpress\/plugins\/seo\/ -->\n<title>Love Wine | Living Libations<\/title>\n<meta name=\"description\" content=\"Living Libations Love wine ist ein Elixier aus der Ewigkeit; diese jenseitigen Essenzen mischen sich ko-kreativ in das Verlangen in dir.\" \/>\n<meta name=\"robots\" content=\"index, follow, max-snippet:-1, max-image-preview:large, max-video-preview:-1\" \/>\n<link rel=\"canonical\" href=\"https:\/\/dutchhealthstore.com\/de\/product\/love-wine\/\" \/>\n<meta property=\"og:locale\" content=\"de_DE\" \/>\n<meta property=\"og:type\" content=\"article\" \/>\n<meta property=\"og:title\" content=\"Love Wine - Dutch Health Store\" \/>\n<meta property=\"og:description\" content=\"Living Libations Love wine ist ein Elixier aus der Ewigkeit; diese jenseitigen Essenzen mischen sich ko-kreativ in das Verlangen in dir.\" \/>\n<meta property=\"og:url\" content=\"https:\/\/dutchhealthstore.com\/de\/product\/love-wine\/\" \/>\n<meta property=\"og:site_name\" content=\"Dutch Health Store\" \/>\n<meta property=\"article:publisher\" content=\"https:\/\/www.instagram.com\/dutchhealthstore\/\" \/>\n<meta property=\"article:modified_time\" content=\"2026-04-23T13:39:29+00:00\" \/>\n<meta property=\"og:image\" content=\"https:\/\/dutchhealthstore.com\/wp-content\/uploads\/2018\/02\/love_wine_Living_Libations_Europe.jpg\" \/>\n\t<meta property=\"og:image:width\" content=\"500\" \/>\n\t<meta property=\"og:image:height\" content=\"500\" \/>\n\t<meta property=\"og:image:type\" content=\"image\/jpeg\" \/>\n<meta name=\"twitter:card\" content=\"summary_large_image\" \/>\n<meta name=\"twitter:label1\" content=\"Preis\" \/>\n\t<meta name=\"twitter:data1\" content=\"&euro;39,00\" \/>\n\t<meta name=\"twitter:label2\" content=\"Verf\u00fcgbarkeit\" \/>\n\t<meta name=\"twitter:data2\" content=\"ausverkauft\" \/>\n<script type=\"application\/ld+json\" class=\"yoast-schema-graph\">{\"@context\":\"https:\/\/schema.org\",\"@graph\":[{\"@type\":\"WebPage\",\"@id\":\"https:\/\/dutchhealthstore.com\/de\/product\/love-wine\/\",\"url\":\"https:\/\/dutchhealthstore.com\/de\/product\/love-wine\/\",\"name\":\"Love Wine | Living Libations\",\"isPartOf\":{\"@id\":\"https:\/\/dutchhealthstore.com\/de\/#website\"},\"primaryImageOfPage\":{\"@id\":\"https:\/\/dutchhealthstore.com\/de\/product\/love-wine\/#primaryimage\"},\"image\":{\"@id\":\"https:\/\/dutchhealthstore.com\/de\/product\/love-wine\/#primaryimage\"},\"thumbnailUrl\":\"https:\/\/dutchhealthstore.com\/wp-content\/uploads\/2018\/02\/Love-Wine.png\",\"datePublished\":\"2018-02-10T19:47:03+00:00\",\"dateModified\":\"2026-04-23T13:39:29+00:00\",\"description\":\"Living Libations Love wine ist ein Elixier aus der Ewigkeit; diese jenseitigen Essenzen mischen sich ko-kreativ in das Verlangen in dir.\",\"breadcrumb\":{\"@id\":\"https:\/\/dutchhealthstore.com\/de\/product\/love-wine\/#breadcrumb\"},\"inLanguage\":\"de\",\"potentialAction\":[{\"@type\":\"ReadAction\",\"target\":[\"https:\/\/dutchhealthstore.com\/de\/product\/love-wine\/\"]}]},{\"@type\":\"ImageObject\",\"inLanguage\":\"de\",\"@id\":\"https:\/\/dutchhealthstore.com\/de\/product\/love-wine\/#primaryimage\",\"url\":\"https:\/\/dutchhealthstore.com\/wp-content\/uploads\/2018\/02\/Love-Wine.png\",\"contentUrl\":\"https:\/\/dutchhealthstore.com\/wp-content\/uploads\/2018\/02\/Love-Wine.png\",\"width\":530,\"height\":530},{\"@type\":\"BreadcrumbList\",\"@id\":\"https:\/\/dutchhealthstore.com\/de\/product\/love-wine\/#breadcrumb\",\"itemListElement\":[{\"@type\":\"ListItem\",\"position\":1,\"name\":\"Home\",\"item\":\"https:\/\/dutchhealthstore.com\/de\/\"},{\"@type\":\"ListItem\",\"position\":2,\"name\":\"Shop\",\"item\":\"https:\/\/dutchhealthstore.com\/de\/shop-2\/\"},{\"@type\":\"ListItem\",\"position\":3,\"name\":\"Love Wine\"}]},{\"@type\":\"WebSite\",\"@id\":\"https:\/\/dutchhealthstore.com\/de\/#website\",\"url\":\"https:\/\/dutchhealthstore.com\/de\/\",\"name\":\"Dutch Health Store\",\"description\":\"Enhance Your Beauty with Organic &amp; Natural Skincare\",\"publisher\":{\"@id\":\"https:\/\/dutchhealthstore.com\/de\/#organization\"},\"potentialAction\":[{\"@type\":\"SearchAction\",\"target\":{\"@type\":\"EntryPoint\",\"urlTemplate\":\"https:\/\/dutchhealthstore.com\/de\/?s={search_term_string}\"},\"query-input\":{\"@type\":\"PropertyValueSpecification\",\"valueRequired\":true,\"valueName\":\"search_term_string\"}}],\"inLanguage\":\"de\"},{\"@type\":\"Organization\",\"@id\":\"https:\/\/dutchhealthstore.com\/de\/#organization\",\"name\":\"Dutch Health Store\",\"url\":\"https:\/\/dutchhealthstore.com\/de\/\",\"logo\":{\"@type\":\"ImageObject\",\"inLanguage\":\"de\",\"@id\":\"https:\/\/dutchhealthstore.com\/de\/#\/schema\/logo\/image\/\",\"url\":\"https:\/\/dutchhealthstore.com\/wp-content\/uploads\/2020\/08\/logo-dutchhealthstore-jpg-e1599484957574.jpg\",\"contentUrl\":\"https:\/\/dutchhealthstore.com\/wp-content\/uploads\/2020\/08\/logo-dutchhealthstore-jpg-e1599484957574.jpg\",\"width\":400,\"height\":62,\"caption\":\"Dutch Health Store\"},\"image\":{\"@id\":\"https:\/\/dutchhealthstore.com\/de\/#\/schema\/logo\/image\/\"},\"sameAs\":[\"https:\/\/www.instagram.com\/dutchhealthstore\/\",\"https:\/\/www.facebook.com\/dutchhealthstore\"]}]}<\/script>\n<meta property=\"product:brand\" content=\"Living Libations\" \/>\n<meta property=\"product:price:amount\" content=\"39.00\" \/>\n<meta property=\"product:price:currency\" content=\"EUR\" \/>\n<meta property=\"og:availability\" content=\"out of stock\" \/>\n<meta property=\"product:availability\" content=\"out of stock\" \/>\n<meta property=\"product:condition\" content=\"new\" \/>\n<!-- \/ Yoast SEO Premium plugin. -->","yoast_head_json":{"title":"Love Wine | Living Libations","description":"Living Libations Love wine ist ein Elixier aus der Ewigkeit; diese jenseitigen Essenzen mischen sich ko-kreativ in das Verlangen in dir.","robots":{"index":"index","follow":"follow","max-snippet":"max-snippet:-1","max-image-preview":"max-image-preview:large","max-video-preview":"max-video-preview:-1"},"canonical":"https:\/\/dutchhealthstore.com\/de\/product\/love-wine\/","og_locale":"de_DE","og_type":"article","og_title":"Love Wine - Dutch Health Store","og_description":"Living Libations Love wine ist ein Elixier aus der Ewigkeit; diese jenseitigen Essenzen mischen sich ko-kreativ in das Verlangen in dir.","og_url":"https:\/\/dutchhealthstore.com\/de\/product\/love-wine\/","og_site_name":"Dutch Health Store","article_publisher":"https:\/\/www.instagram.com\/dutchhealthstore\/","article_modified_time":"2026-04-23T13:39:29+00:00","og_image":[{"width":500,"height":500,"url":"https:\/\/dutchhealthstore.com\/wp-content\/uploads\/2018\/02\/love_wine_Living_Libations_Europe.jpg","type":"image\/jpeg"}],"twitter_card":"summary_large_image","twitter_misc":{"Preis":"&euro;39,00","Verf\u00fcgbarkeit":"ausverkauft"},"schema":{"@context":"https:\/\/schema.org","@graph":[{"@type":"WebPage","@id":"https:\/\/dutchhealthstore.com\/de\/product\/love-wine\/","url":"https:\/\/dutchhealthstore.com\/de\/product\/love-wine\/","name":"Love Wine | Living Libations","isPartOf":{"@id":"https:\/\/dutchhealthstore.com\/de\/#website"},"primaryImageOfPage":{"@id":"https:\/\/dutchhealthstore.com\/de\/product\/love-wine\/#primaryimage"},"image":{"@id":"https:\/\/dutchhealthstore.com\/de\/product\/love-wine\/#primaryimage"},"thumbnailUrl":"https:\/\/dutchhealthstore.com\/wp-content\/uploads\/2018\/02\/Love-Wine.png","datePublished":"2018-02-10T19:47:03+00:00","dateModified":"2026-04-23T13:39:29+00:00","description":"Living Libations Love wine ist ein Elixier aus der Ewigkeit; diese jenseitigen Essenzen mischen sich ko-kreativ in das Verlangen in dir.","breadcrumb":{"@id":"https:\/\/dutchhealthstore.com\/de\/product\/love-wine\/#breadcrumb"},"inLanguage":"de","potentialAction":[{"@type":"ReadAction","target":["https:\/\/dutchhealthstore.com\/de\/product\/love-wine\/"]}]},{"@type":"ImageObject","inLanguage":"de","@id":"https:\/\/dutchhealthstore.com\/de\/product\/love-wine\/#primaryimage","url":"https:\/\/dutchhealthstore.com\/wp-content\/uploads\/2018\/02\/Love-Wine.png","contentUrl":"https:\/\/dutchhealthstore.com\/wp-content\/uploads\/2018\/02\/Love-Wine.png","width":530,"height":530},{"@type":"BreadcrumbList","@id":"https:\/\/dutchhealthstore.com\/de\/product\/love-wine\/#breadcrumb","itemListElement":[{"@type":"ListItem","position":1,"name":"Home","item":"https:\/\/dutchhealthstore.com\/de\/"},{"@type":"ListItem","position":2,"name":"Shop","item":"https:\/\/dutchhealthstore.com\/de\/shop-2\/"},{"@type":"ListItem","position":3,"name":"Love Wine"}]},{"@type":"WebSite","@id":"https:\/\/dutchhealthstore.com\/de\/#website","url":"https:\/\/dutchhealthstore.com\/de\/","name":"Dutch Health Store","description":"Enhance Your Beauty with Organic &amp; Natural Skincare","publisher":{"@id":"https:\/\/dutchhealthstore.com\/de\/#organization"},"potentialAction":[{"@type":"SearchAction","target":{"@type":"EntryPoint","urlTemplate":"https:\/\/dutchhealthstore.com\/de\/?s={search_term_string}"},"query-input":{"@type":"PropertyValueSpecification","valueRequired":true,"valueName":"search_term_string"}}],"inLanguage":"de"},{"@type":"Organization","@id":"https:\/\/dutchhealthstore.com\/de\/#organization","name":"Dutch Health Store","url":"https:\/\/dutchhealthstore.com\/de\/","logo":{"@type":"ImageObject","inLanguage":"de","@id":"https:\/\/dutchhealthstore.com\/de\/#\/schema\/logo\/image\/","url":"https:\/\/dutchhealthstore.com\/wp-content\/uploads\/2020\/08\/logo-dutchhealthstore-jpg-e1599484957574.jpg","contentUrl":"https:\/\/dutchhealthstore.com\/wp-content\/uploads\/2020\/08\/logo-dutchhealthstore-jpg-e1599484957574.jpg","width":400,"height":62,"caption":"Dutch Health Store"},"image":{"@id":"https:\/\/dutchhealthstore.com\/de\/#\/schema\/logo\/image\/"},"sameAs":["https:\/\/www.instagram.com\/dutchhealthstore\/","https:\/\/www.facebook.com\/dutchhealthstore"]}]},"product_brand":"Living Libations","product_price_amount":"39.00","product_price_currency":"EUR","og_availability":"out of stock","product_availability":"out of stock","product_condition":"new"},"_links":{"self":[{"href":"https:\/\/dutchhealthstore.com\/de\/wp-json\/wp\/v2\/product\/115236","targetHints":{"allow":["GET"]}}],"collection":[{"href":"https:\/\/dutchhealthstore.com\/de\/wp-json\/wp\/v2\/product"}],"about":[{"href":"https:\/\/dutchhealthstore.com\/de\/wp-json\/wp\/v2\/types\/product"}],"replies":[{"embeddable":true,"href":"https:\/\/dutchhealthstore.com\/de\/wp-json\/wp\/v2\/comments?post=115236"}],"wp:featuredmedia":[{"embeddable":true,"href":"https:\/\/dutchhealthstore.com\/de\/wp-json\/wp\/v2\/media\/359744"}],"wp:attachment":[{"href":"https:\/\/dutchhealthstore.com\/de\/wp-json\/wp\/v2\/media?parent=115236"}],"wp:term":[{"taxonomy":"product_brand","embeddable":true,"href":"https:\/\/dutchhealthstore.com\/de\/wp-json\/wp\/v2\/product_brand?post=115236"},{"taxonomy":"product_cat","embeddable":true,"href":"https:\/\/dutchhealthstore.com\/de\/wp-json\/wp\/v2\/product_cat?post=115236"},{"taxonomy":"product_tag","embeddable":true,"href":"https:\/\/dutchhealthstore.com\/de\/wp-json\/wp\/v2\/product_tag?post=115236"}],"curies":[{"name":"wp","href":"https:\/\/api.w.org\/{rel}","templated":true}]}}