{"id":115143,"date":"2018-02-10T19:37:39","date_gmt":"2018-02-10T19:37:39","guid":{"rendered":"https:\/\/dutchhealthstore.com\/product\/illume-hotberry\/"},"modified":"2026-03-03T19:02:39","modified_gmt":"2026-03-03T18:02:39","slug":"illume-hotberry","status":"publish","type":"product","link":"https:\/\/dutchhealthstore.com\/de\/product\/illume-hotberry\/","title":{"rendered":"Illume Hotberry"},"content":{"rendered":"<p><img decoding=\"async\" class=\"size-full wp-image-37041 alignright\" src=\"https:\/\/dutchhealthstore.com\/wp-content\/uploads\/2018\/04\/Living_Libations-1.png\" alt=\"Organic &amp; Natural Beautyproducts - Living Libations\" width=\"175\" height=\"82\">Bringen Sie Ihre Verj\u00fcngung wieder in Schwung, vermindern Sie Ihre M\u00fcdigkeit, beleben Sie Ihren Elan und vertreiben Sie die Umweltsch\u00fctzer!<\/p>\n<p>Die Living Libations Illume + Hotberry Mischung ist eine Apotheke potenter Pflanzenessenzen, reich an wohltuenden Beeren, verl\u00e4sslich-kr\u00e4ftigen Gew\u00fcrzen und kl\u00e4renden Zitrusfr\u00fcchten, um die wohltuende St\u00e4rkung Ihres K\u00f6rpers zu f\u00f6rdern.<br \/>\nDiese Formel vereint ein talentiertes Team von Pflanzensch\u00e4tzen, um Ihre Vitalit\u00e4t zu beleben.<br \/>\nDieses Elixier ist reich an den s\u00fc\u00df-w\u00fcrzigen \u00d6len der stabilisierenden Schisandrabeere, der heilsamen Sanddornbeere, energiespendendem Ingwer, reinigender Nelke, st\u00e4rkendem Zimt, tonisierendem Kurkuma und belebender Grapefruit.<\/p>\n<h3>Use<\/h3>\n<p>Einen Tropfen zum Aufgie\u00dfen von Massage\u00f6len hinzuf\u00fcgen. Verd\u00fcnnen und direkt auf die Brust oder die Nase auftragen. Diffundieren Sie, um Orte und Gesichter zu reinigen. Genie\u00dfen Sie ihn in einem Dampfbad oder inhalieren Sie ihn aus der Flasche. Man kann es auch auf Schokolade, in Honig, Oliven\u00f6l oder Kokosnuss\u00f6l geben und in Tees mischen!<\/p>\n<h3 class=\"yikes-custom-woo-tab-title yikes-custom-woo-tab-title-natural-organic-ingredients\">Nat\u00fcrliche\/Organische Inhaltsstoffe<\/h3>\n<p>\u00c4therisches \u00d6l der <strong>Schizandra-Beere<\/strong> <em>(Schizandra spenanthera)<\/em> &#8211; Die Schizandra-Beere wird aus den Beeren des indonesischen Schizandra-Strauches destilliert. Diese Beeren sind ein Grundnahrungsmittel in der Traditionellen Chinesischen Medizin und werden seit Tausenden von Jahren verwendet, um das Chi des K\u00f6rpers zu st\u00e4rken und die Stressschwelle des K\u00f6rpers zu erh\u00f6hen. Im Chinesischen als &#8222;wu wei zi&#8220; bekannt, enth\u00e4lt diese &#8222;F\u00fcnf-Aromen-Frucht&#8220; eine komplexe Palette von Aromen, die bitter, salzig, w\u00fcrzig, s\u00fc\u00df und sauer sind. Unser Schizandra-\u00d6l ist eine konzentrierte superkritische Extraktion und enth\u00e4lt noch mehr aromatherapeutische Vorteile als es Aromen hat.<\/p>\n<p>\u00c4therisches <strong>Sanddornbeeren\u00f6l <\/strong> <em>(Hippophae rhamnoides)<\/em> &#8211; Unsere superkritische Extraktion von Sanddorn ist reif f\u00fcr himmlische Hilfsqualit\u00e4ten. Sanddorn ist reich an N\u00e4hrstoffen, Omega-Fetts\u00e4uren und Vitamin C und enth\u00e4lt au\u00dferdem siebzehn verschiedene Phytosterine. Dieses liebevolle, lipophile \u00d6l schmiert und f\u00fcllt die Haut auf und verleiht ihr eine neue Lebendigkeit.<\/p>\n<p>\u00c4therisches \u00d6l <strong>der Ingwerwurzel <\/strong><em> (Zingiber officinales)<\/em> &#8211; Scharf und belebend, die Ingwerwurzel hat eine krautige Wirkung! Ein superkritischer Extrakt aus Ingwer, der in Madagaskar angebaut wird, verleiht unserer saftigen Wurzel eine w\u00e4rmende Note, so dass Sie sich bereit f\u00fchlen zu singen! Als eines der beliebtesten Gew\u00fcrze der Welt sind die w\u00e4rmenden und lindernden Eigenschaften des Ingwers durch seine umfangreiche Verwendung in alten indischen und chinesischen Kulturen belegt.<\/p>\n<p><strong>Nelkenknospe<\/strong> <em>\u00c4therisches \u00d6l (Eugenia carophyllata)<\/em> \u2013 Nelke ist ein Aromatherapie-Klassiker mit einer Affinit\u00e4t zur Verbesserung des Wohlbefindens. Luftgetragene Aversionen und umweltbedingte Untugenden werden durch die reinigende Nelke beseitigt.<\/p>\n<p><strong>Zimtrinde<\/strong> <strong>Bark<\/strong> \u00c4therisches \u00d6l <em>(Cinnamomum zeylanicum)<\/em> \u2013 S\u00fc\u00dfer Zimt ist stimulierend und w\u00e4rmend. Diese authentische Destillation von echter Zimtrinde ist eines der wirksamsten Mittel der Erde zur Ausrottung. Historisch gesehen wurde diese Rinde zur Belebung und St\u00e4rkung verwendet.<\/p>\n<p>\u00c4therisches <strong>Kurkuma-\u00d6l<\/strong> <em>(Curcuma longa)<\/em> &#8211; Unser hochwirksamer Kurkuma-Extrakt ist eine pflanzliche Nahrung von goldener G\u00fcte f\u00fcr Ihre gl\u00fcckliche Hom\u00f6ostase.<\/p>\n<p>\u00c4therisches <strong>Grapefruit\u00f6l <\/strong> <em>(Citrus paradisi)<\/em> &#8211; Die fr\u00f6hliche Grapefruit ist ein speichelanregendes Tonikum, das gute Laune verbreitet.<\/p>\n<p><img fetchpriority=\"high\" decoding=\"async\" class=\"size-full wp-image-31577 aligncenter\" src=\"https:\/\/dutchhealthstore.com\/wp-content\/uploads\/2018\/03\/organic_big.png\" alt=\"Organic and Natural - Living Libations\" width=\"623\" height=\"103\" srcset=\"https:\/\/dutchhealthstore.com\/wp-content\/uploads\/2018\/03\/organic_big.png 623w, https:\/\/dutchhealthstore.com\/wp-content\/uploads\/2018\/03\/organic_big-510x84.png 510w, https:\/\/dutchhealthstore.com\/wp-content\/uploads\/2018\/03\/organic_big-600x99.png 600w, https:\/\/dutchhealthstore.com\/wp-content\/uploads\/2018\/03\/organic_big-350x58.png 350w\" sizes=\"(max-width: 623px) 100vw, 623px\" \/><\/p>\n","protected":false},"excerpt":{"rendered":"<p>Kurbeln Sie Ihre Verj\u00fcngung an, vertreiben Sie Ihre M\u00fcdigkeit, beleben Sie Ihren Antrieb und wehren Sie sch\u00e4dliche Umwelteinfl\u00fcsse ab!<\/p>\n<p>Die Living Libations<strong> Illume + Hotberry Mischung<\/strong> ist eine Apotheke potenter Pflanzenessenzen, reich an wohltuenden Beeren, verl\u00e4sslich-kr\u00e4ftigen Gew\u00fcrzen und kl\u00e4renden Zitrusfr\u00fcchten, um die wohltuende St\u00e4rkung Ihres K\u00f6rpers zu f\u00f6rdern.<br \/>\nDiese Formel vereint ein talentiertes Team von Pflanzensch\u00e4tzen, um Ihre Vitalit\u00e4t zu beleben.<br \/>\nDieses Elixier ist reich an den s\u00fc\u00df-w\u00fcrzigen \u00d6len der stabilisierenden Schisandrabeere, der heilsamen Sanddornbeere, energiespendendem Ingwer, reinigender Nelke, st\u00e4rkendem Zimt, tonisierendem Kurkuma und belebender Grapefruit.<\/p>\n","protected":false},"featured_media":49039,"comment_status":"open","ping_status":"closed","template":"","meta":[],"product_brand":[],"product_cat":[1962,6737,6749,6766,1493,1210,511,6747,6736],"product_tag":[6443,4623,1547],"class_list":{"0":"post-115143","1":"product","2":"type-product","3":"status-publish","4":"has-post-thumbnail","6":"product_cat-elixir-blends","7":"product_cat-essential-oils-de-2","8":"product_cat-essential-oil-blends-de-2","9":"product_cat-energy-vitality-de-2","10":"product_cat-living-libations-deutschland","11":"product_cat-marken","12":"product_cat-produkte","13":"product_cat-mood-de-2","14":"product_cat-wellness-de","15":"product_tag-blends-de","16":"product_tag-elixir-de","17":"product_tag-essential-oil-de","18":"pa_brand-livinglibations-de","19":"pa_essential-oils-product-type-essential-oil-blends-de","20":"pa_mood-energy-vitality-de","21":"pa_size-15-ml-de-2","22":"pa_size-5-ml-de","24":"first","25":"instock","26":"taxable","27":"shipping-taxable","28":"purchasable","29":"product-type-variable"},"bundled_by":[],"bundle_stock_status":"instock","bundle_stock_quantity":null,"bundle_virtual":false,"bundle_layout":"","bundle_add_to_cart_form_location":"","bundle_editable_in_cart":false,"bundle_sold_individually_context":"","bundle_item_grouping":"","bundle_min_size":"","bundle_max_size":"","bundle_price":[],"bundled_items":[],"bundle_sell_ids":[247691],"atum_controlled":true,"out_stock_date":null,"out_stock_threshold":null,"inheritable":true,"stock_on_hold":1,"sold_today":0,"sales_last_days":0,"out_stock_days":0,"lost_sales":0,"update_date":"2026-04-16T00:04:36","atum_locations":[],"atum_stock_status":"instock","restock_status":false,"low_stock_amount":"","sales_update_date":"2026-04-16T00:04:36","calc_backorders":null,"group_of_quantity":0,"min_quantity":0,"max_quantity":"","exclude_order_quantity_value_rules":"no","exclude_category_quantity_rules":"no","combine_variations":"no","yoast_head":"<!-- This site is optimized with the Yoast SEO Premium plugin v26.5 (Yoast SEO v26.5) - https:\/\/yoast.com\/wordpress\/plugins\/seo\/ -->\n<title>Illume Hotberry | Living Libations<\/title>\n<meta name=\"description\" content=\"Eine Medizin Muse von starken antibakteriellen antimykotischen Pflanzen, ein oder zwei Tropfen mit Schokolade, Tee oder Honig!\" \/>\n<meta name=\"robots\" content=\"index, follow, max-snippet:-1, max-image-preview:large, max-video-preview:-1\" \/>\n<link rel=\"canonical\" href=\"https:\/\/dutchhealthstore.com\/de\/product\/illume-hotberry\/\" \/>\n<meta property=\"og:locale\" content=\"de_DE\" \/>\n<meta property=\"og:type\" content=\"article\" \/>\n<meta property=\"og:title\" content=\"Illume Hotberry - Dutch Health Store\" \/>\n<meta property=\"og:description\" content=\"Eine Medizin Muse von starken antibakteriellen antimykotischen Pflanzen, ein oder zwei Tropfen mit Schokolade, Tee oder Honig!\" \/>\n<meta property=\"og:url\" content=\"https:\/\/dutchhealthstore.com\/de\/product\/illume-hotberry\/\" \/>\n<meta property=\"og:site_name\" content=\"Dutch Health Store\" \/>\n<meta property=\"article:publisher\" content=\"https:\/\/www.instagram.com\/dutchhealthstore\/\" \/>\n<meta property=\"article:modified_time\" content=\"2026-03-03T18:02:39+00:00\" \/>\n<meta property=\"og:image\" content=\"https:\/\/dutchhealthstore.com\/wp-content\/uploads\/2018\/02\/illume-hotberry-living-libations.jpg\" \/>\n\t<meta property=\"og:image:width\" content=\"510\" \/>\n\t<meta property=\"og:image:height\" content=\"600\" \/>\n\t<meta property=\"og:image:type\" content=\"image\/jpeg\" \/>\n<meta name=\"twitter:card\" content=\"summary_large_image\" \/>\n<meta name=\"twitter:label1\" content=\"Verf\u00fcgbarkeit\" \/>\n\t<meta name=\"twitter:data1\" content=\"Auf Lager\" \/>\n<script type=\"application\/ld+json\" class=\"yoast-schema-graph\">{\"@context\":\"https:\/\/schema.org\",\"@graph\":[{\"@type\":\"WebPage\",\"@id\":\"https:\/\/dutchhealthstore.com\/de\/product\/illume-hotberry\/\",\"url\":\"https:\/\/dutchhealthstore.com\/de\/product\/illume-hotberry\/\",\"name\":\"Illume Hotberry | Living Libations\",\"isPartOf\":{\"@id\":\"https:\/\/dutchhealthstore.com\/de\/#website\"},\"primaryImageOfPage\":{\"@id\":\"https:\/\/dutchhealthstore.com\/de\/product\/illume-hotberry\/#primaryimage\"},\"image\":{\"@id\":\"https:\/\/dutchhealthstore.com\/de\/product\/illume-hotberry\/#primaryimage\"},\"thumbnailUrl\":\"https:\/\/dutchhealthstore.com\/wp-content\/uploads\/2018\/02\/illume-hotberry-living-libations.jpg\",\"datePublished\":\"2018-02-10T19:37:39+00:00\",\"dateModified\":\"2026-03-03T18:02:39+00:00\",\"description\":\"Eine Medizin Muse von starken antibakteriellen antimykotischen Pflanzen, ein oder zwei Tropfen mit Schokolade, Tee oder Honig!\",\"breadcrumb\":{\"@id\":\"https:\/\/dutchhealthstore.com\/de\/product\/illume-hotberry\/#breadcrumb\"},\"inLanguage\":\"de\",\"potentialAction\":[{\"@type\":\"ReadAction\",\"target\":[\"https:\/\/dutchhealthstore.com\/de\/product\/illume-hotberry\/\"]}]},{\"@type\":\"ImageObject\",\"inLanguage\":\"de\",\"@id\":\"https:\/\/dutchhealthstore.com\/de\/product\/illume-hotberry\/#primaryimage\",\"url\":\"https:\/\/dutchhealthstore.com\/wp-content\/uploads\/2018\/02\/illume-hotberry-living-libations.jpg\",\"contentUrl\":\"https:\/\/dutchhealthstore.com\/wp-content\/uploads\/2018\/02\/illume-hotberry-living-libations.jpg\",\"width\":510,\"height\":600,\"caption\":\"illume hotberry- living libations\"},{\"@type\":\"BreadcrumbList\",\"@id\":\"https:\/\/dutchhealthstore.com\/de\/product\/illume-hotberry\/#breadcrumb\",\"itemListElement\":[{\"@type\":\"ListItem\",\"position\":1,\"name\":\"Home\",\"item\":\"https:\/\/dutchhealthstore.com\/de\/\"},{\"@type\":\"ListItem\",\"position\":2,\"name\":\"Shop\",\"item\":\"https:\/\/dutchhealthstore.com\/de\/shop-2\/\"},{\"@type\":\"ListItem\",\"position\":3,\"name\":\"Illume Hotberry\"}]},{\"@type\":\"WebSite\",\"@id\":\"https:\/\/dutchhealthstore.com\/de\/#website\",\"url\":\"https:\/\/dutchhealthstore.com\/de\/\",\"name\":\"Dutch Health Store\",\"description\":\"Enhance Your Beauty with Organic &amp; Natural Skincare\",\"publisher\":{\"@id\":\"https:\/\/dutchhealthstore.com\/de\/#organization\"},\"potentialAction\":[{\"@type\":\"SearchAction\",\"target\":{\"@type\":\"EntryPoint\",\"urlTemplate\":\"https:\/\/dutchhealthstore.com\/de\/?s={search_term_string}\"},\"query-input\":{\"@type\":\"PropertyValueSpecification\",\"valueRequired\":true,\"valueName\":\"search_term_string\"}}],\"inLanguage\":\"de\"},{\"@type\":\"Organization\",\"@id\":\"https:\/\/dutchhealthstore.com\/de\/#organization\",\"name\":\"Dutch Health Store\",\"url\":\"https:\/\/dutchhealthstore.com\/de\/\",\"logo\":{\"@type\":\"ImageObject\",\"inLanguage\":\"de\",\"@id\":\"https:\/\/dutchhealthstore.com\/de\/#\/schema\/logo\/image\/\",\"url\":\"https:\/\/dutchhealthstore.com\/wp-content\/uploads\/2020\/08\/logo-dutchhealthstore-jpg-e1599484957574.jpg\",\"contentUrl\":\"https:\/\/dutchhealthstore.com\/wp-content\/uploads\/2020\/08\/logo-dutchhealthstore-jpg-e1599484957574.jpg\",\"width\":400,\"height\":62,\"caption\":\"Dutch Health Store\"},\"image\":{\"@id\":\"https:\/\/dutchhealthstore.com\/de\/#\/schema\/logo\/image\/\"},\"sameAs\":[\"https:\/\/www.instagram.com\/dutchhealthstore\/\",\"https:\/\/www.facebook.com\/dutchhealthstore\"]}]}<\/script>\n<meta property=\"product:brand\" content=\"Living Libations\" \/>\n<meta property=\"og:availability\" content=\"instock\" \/>\n<meta property=\"product:availability\" content=\"instock\" \/>\n<meta property=\"product:condition\" content=\"new\" \/>\n<!-- \/ Yoast SEO Premium plugin. -->","yoast_head_json":{"title":"Illume Hotberry | Living Libations","description":"Eine Medizin Muse von starken antibakteriellen antimykotischen Pflanzen, ein oder zwei Tropfen mit Schokolade, Tee oder Honig!","robots":{"index":"index","follow":"follow","max-snippet":"max-snippet:-1","max-image-preview":"max-image-preview:large","max-video-preview":"max-video-preview:-1"},"canonical":"https:\/\/dutchhealthstore.com\/de\/product\/illume-hotberry\/","og_locale":"de_DE","og_type":"article","og_title":"Illume Hotberry - Dutch Health Store","og_description":"Eine Medizin Muse von starken antibakteriellen antimykotischen Pflanzen, ein oder zwei Tropfen mit Schokolade, Tee oder Honig!","og_url":"https:\/\/dutchhealthstore.com\/de\/product\/illume-hotberry\/","og_site_name":"Dutch Health Store","article_publisher":"https:\/\/www.instagram.com\/dutchhealthstore\/","article_modified_time":"2026-03-03T18:02:39+00:00","og_image":[{"width":510,"height":600,"url":"https:\/\/dutchhealthstore.com\/wp-content\/uploads\/2018\/02\/illume-hotberry-living-libations.jpg","type":"image\/jpeg"}],"twitter_card":"summary_large_image","twitter_misc":{"Verf\u00fcgbarkeit":"Auf Lager"},"schema":{"@context":"https:\/\/schema.org","@graph":[{"@type":"WebPage","@id":"https:\/\/dutchhealthstore.com\/de\/product\/illume-hotberry\/","url":"https:\/\/dutchhealthstore.com\/de\/product\/illume-hotberry\/","name":"Illume Hotberry | Living Libations","isPartOf":{"@id":"https:\/\/dutchhealthstore.com\/de\/#website"},"primaryImageOfPage":{"@id":"https:\/\/dutchhealthstore.com\/de\/product\/illume-hotberry\/#primaryimage"},"image":{"@id":"https:\/\/dutchhealthstore.com\/de\/product\/illume-hotberry\/#primaryimage"},"thumbnailUrl":"https:\/\/dutchhealthstore.com\/wp-content\/uploads\/2018\/02\/illume-hotberry-living-libations.jpg","datePublished":"2018-02-10T19:37:39+00:00","dateModified":"2026-03-03T18:02:39+00:00","description":"Eine Medizin Muse von starken antibakteriellen antimykotischen Pflanzen, ein oder zwei Tropfen mit Schokolade, Tee oder Honig!","breadcrumb":{"@id":"https:\/\/dutchhealthstore.com\/de\/product\/illume-hotberry\/#breadcrumb"},"inLanguage":"de","potentialAction":[{"@type":"ReadAction","target":["https:\/\/dutchhealthstore.com\/de\/product\/illume-hotberry\/"]}]},{"@type":"ImageObject","inLanguage":"de","@id":"https:\/\/dutchhealthstore.com\/de\/product\/illume-hotberry\/#primaryimage","url":"https:\/\/dutchhealthstore.com\/wp-content\/uploads\/2018\/02\/illume-hotberry-living-libations.jpg","contentUrl":"https:\/\/dutchhealthstore.com\/wp-content\/uploads\/2018\/02\/illume-hotberry-living-libations.jpg","width":510,"height":600,"caption":"illume hotberry- living libations"},{"@type":"BreadcrumbList","@id":"https:\/\/dutchhealthstore.com\/de\/product\/illume-hotberry\/#breadcrumb","itemListElement":[{"@type":"ListItem","position":1,"name":"Home","item":"https:\/\/dutchhealthstore.com\/de\/"},{"@type":"ListItem","position":2,"name":"Shop","item":"https:\/\/dutchhealthstore.com\/de\/shop-2\/"},{"@type":"ListItem","position":3,"name":"Illume Hotberry"}]},{"@type":"WebSite","@id":"https:\/\/dutchhealthstore.com\/de\/#website","url":"https:\/\/dutchhealthstore.com\/de\/","name":"Dutch Health Store","description":"Enhance Your Beauty with Organic &amp; Natural Skincare","publisher":{"@id":"https:\/\/dutchhealthstore.com\/de\/#organization"},"potentialAction":[{"@type":"SearchAction","target":{"@type":"EntryPoint","urlTemplate":"https:\/\/dutchhealthstore.com\/de\/?s={search_term_string}"},"query-input":{"@type":"PropertyValueSpecification","valueRequired":true,"valueName":"search_term_string"}}],"inLanguage":"de"},{"@type":"Organization","@id":"https:\/\/dutchhealthstore.com\/de\/#organization","name":"Dutch Health Store","url":"https:\/\/dutchhealthstore.com\/de\/","logo":{"@type":"ImageObject","inLanguage":"de","@id":"https:\/\/dutchhealthstore.com\/de\/#\/schema\/logo\/image\/","url":"https:\/\/dutchhealthstore.com\/wp-content\/uploads\/2020\/08\/logo-dutchhealthstore-jpg-e1599484957574.jpg","contentUrl":"https:\/\/dutchhealthstore.com\/wp-content\/uploads\/2020\/08\/logo-dutchhealthstore-jpg-e1599484957574.jpg","width":400,"height":62,"caption":"Dutch Health Store"},"image":{"@id":"https:\/\/dutchhealthstore.com\/de\/#\/schema\/logo\/image\/"},"sameAs":["https:\/\/www.instagram.com\/dutchhealthstore\/","https:\/\/www.facebook.com\/dutchhealthstore"]}]},"product_brand":"Living Libations","og_availability":"instock","product_availability":"instock","product_condition":"new"},"_links":{"self":[{"href":"https:\/\/dutchhealthstore.com\/de\/wp-json\/wp\/v2\/product\/115143","targetHints":{"allow":["GET"]}}],"collection":[{"href":"https:\/\/dutchhealthstore.com\/de\/wp-json\/wp\/v2\/product"}],"about":[{"href":"https:\/\/dutchhealthstore.com\/de\/wp-json\/wp\/v2\/types\/product"}],"replies":[{"embeddable":true,"href":"https:\/\/dutchhealthstore.com\/de\/wp-json\/wp\/v2\/comments?post=115143"}],"wp:featuredmedia":[{"embeddable":true,"href":"https:\/\/dutchhealthstore.com\/de\/wp-json\/wp\/v2\/media\/49039"}],"wp:attachment":[{"href":"https:\/\/dutchhealthstore.com\/de\/wp-json\/wp\/v2\/media?parent=115143"}],"wp:term":[{"taxonomy":"product_brand","embeddable":true,"href":"https:\/\/dutchhealthstore.com\/de\/wp-json\/wp\/v2\/product_brand?post=115143"},{"taxonomy":"product_cat","embeddable":true,"href":"https:\/\/dutchhealthstore.com\/de\/wp-json\/wp\/v2\/product_cat?post=115143"},{"taxonomy":"product_tag","embeddable":true,"href":"https:\/\/dutchhealthstore.com\/de\/wp-json\/wp\/v2\/product_tag?post=115143"}],"curies":[{"name":"wp","href":"https:\/\/api.w.org\/{rel}","templated":true}]}}