{"id":115135,"date":"2018-02-10T19:29:32","date_gmt":"2018-02-10T18:29:32","guid":{"rendered":"https:\/\/dutchhealthstore.com\/product\/illume-classic-camphorous\/"},"modified":"2025-08-29T10:23:54","modified_gmt":"2025-08-29T08:23:54","slug":"illume-classic-camphorous","status":"publish","type":"product","link":"https:\/\/dutchhealthstore.com\/de\/product\/illume-classic-camphorous\/","title":{"rendered":"Illume Classic Camphorous"},"content":{"rendered":"<p><img decoding=\"async\" class=\"size-full wp-image-69549 alignright\" src=\"https:\/\/dutchhealthstore.com\/wp-content\/uploads\/2019\/08\/NEW-Living-Libations-Logo.jpg\" alt=\"NEW - Living Libations - Logo\" width=\"175\" height=\"82\">St\u00e4rken Sie die Kraft Ihres K\u00f6rpers mit dem Living Libations Illume Classic Camphorous elixir. Wir haben eine Kavallerie gr\u00fcner Essenzen zusammengestellt, um zu reinigen und zu kl\u00e4ren, zu beseitigen und zu erhellen, bis Ihre Lebendigkeit und Vitalit\u00e4t wieder ins Gleichgewicht gebracht und wiederhergestellt sind. Ehemals Immune Illume.  <\/p>\n<h3>Use<\/h3>\n<p>  Massieren Sie es pur oder verd\u00fcnnt in die Brust ein. Salbe die Nasenl\u00f6cher mit einem Tropfen. Die Fu\u00dfsohlen einreiben. F\u00fcgen Sie es dem Diffusor, der Salzpfeife oder dem Dampfbad hinzu, um die Luft und Ihre Fantasie zu beleben. Nehmen Sie ein oder zwei Tropfen gemischt mit Oliven\u00f6l, Tee oder einem fl\u00fcssigen Honig-Lutschbonbon ein.  <\/p>\n<h3 class=\"yikes-custom-woo-tab-title yikes-custom-woo-tab-title-natural-organic-ingredients\">Nat\u00fcrliche\/Organische Inhaltsstoffe<\/h3>\n<p><strong>Ysop <\/strong>(<br \/>\n<em>Hyssopus officinalis decumbens<\/em>) &#8211;<strong> <\/strong>Happy Ysop ist eine praktische und starke Essenz mit einem einladenden Honig-Kr\u00e4uter-Aroma. Dieses dampfdestillierte und in Frankreich biologisch geerntete Kraut wird traditionell verwendet, um die Atmung zu beleben und das Gef\u00fchl der Robustheit zu steigern. <strong>Thymian <\/strong><em>(Thymus vulgaris<\/em>) &#8211; Thymian ist auf Ihrer Seite. Ja, das ist sie! Dieses heroische Kraut hilft dem K\u00f6rper seit jeher, seine Vitalit\u00e4t und Lebendigkeit wiederzuerlangen. Es wird als &#8222;Parf\u00fcm der Morgend\u00e4mmerung im Paradies&#8220; beschrieben, eine krautige und s\u00fc\u00dfe Pflanzenranke und eine der praktischsten Pflanzenessenzen, die Sie jemals einatmen werden. Der Thymian ist seit jeher ein Favorit der Kr\u00e4uterkundigen. Seine duftende botanische Biotik parf\u00fcmiert und reinigt gleichzeitig. <strong>Ravensara <\/strong><em>(Ravensara aromatica<\/em>) &#8211; Die seltene Ravensara wirkt belebend! Dieses \u00d6l wird in den \u00fcppigen Regenw\u00e4ldern Madagaskars dampfdestilliert und enth\u00e4lt einen hohen Gehalt an <em>Limonen<\/em><em>, Linalool<\/em>, <em>Alpha-Pinen<\/em>, <em>Delta-Caren<\/em>, <em>Sabinen<\/em> und einer Vielzahl anderer potenter Pflanzenstoffe. Wir betrachten diese Essenz als das Echinacea der Aromatherapie. Egal, ob Sie die ersten Anzeichen von M\u00fcdigkeit sp\u00fcren oder einen Anfall von Ungleichgewicht abwenden wollen, greifen Sie zu Ravensara. Es ist eine erleuchtende Essenz, die Klarheit und Reinheit erfrischt. <strong>Rosmarin <\/strong><em>(Rosemarinus officinalis<\/em>) &#8211; Rosmarin steht f\u00fcr die Erinnerung; und dieses \u00d6l hilft Ihnen, sich an das <em>Atmen zu<\/em> erinnern.<br \/>\nDiese bew\u00e4hrte Aromatherapie-Essenz ist eine Wohltat f\u00fcr gebundenen Atem. <strong>Eukalyptus <\/strong><em>(Eucalyptus globulus<\/em>) &#8211; Eukalyptus bringt die Fl\u00fcssigkeiten zum Flie\u00dfen.<br \/>\nSeit Jahrzehnten legt diese Essenz Wege frei und inspiriert die Menschen, tief durchzuatmen, indem sie R\u00e4ume, Orte und Gesichter reinigt und kl\u00e4rt. <strong>Oregano <\/strong><em>(Origanum vulgare<\/em>) &#8211; Opulenter Oregano ist ein klassisches botanisches Biotikum, das schlecht gelaunte Anstifter erhellt, \u00fcber die Luft \u00fcbertragene Aversionen beseitigt und Klarheit f\u00f6rdert.    <img fetchpriority=\"high\" decoding=\"async\" class=\"aligncenter size-full wp-image-31577\" src=\"https:\/\/dutchhealthstore.com\/wp-content\/uploads\/2018\/03\/organic_big.png\" alt=\"Organic and Natural - Living Libations\" width=\"623\" height=\"103\" srcset=\"https:\/\/dutchhealthstore.com\/wp-content\/uploads\/2018\/03\/organic_big.png 623w, https:\/\/dutchhealthstore.com\/wp-content\/uploads\/2018\/03\/organic_big-510x84.png 510w, https:\/\/dutchhealthstore.com\/wp-content\/uploads\/2018\/03\/organic_big-600x99.png 600w, https:\/\/dutchhealthstore.com\/wp-content\/uploads\/2018\/03\/organic_big-350x58.png 350w\" sizes=\"(max-width: 623px) 100vw, 623px\" \/><\/p>\n","protected":false},"excerpt":{"rendered":"<p>St\u00e4rken Sie die Kraft Ihres K\u00f6rpers mit dem Living Libations<strong> Illume Classic Camphorous<\/strong> elixir. Wir haben eine Kavallerie gr\u00fcner Essenzen zusammengestellt, um zu reinigen und zu kl\u00e4ren, zu beseitigen und zu erhellen, bis Ihre Lebendigkeit und Vitalit\u00e4t wieder ins Gleichgewicht gebracht und wiederhergestellt sind.<\/p>\n","protected":false},"featured_media":298684,"comment_status":"open","ping_status":"closed","template":"","meta":[],"product_brand":[],"product_cat":[1962,6737,6749,6764,6761,1493,1210,511,6736],"product_tag":[6443,4623,1547],"class_list":{"0":"post-115135","1":"product","2":"type-product","3":"status-publish","4":"has-post-thumbnail","6":"product_cat-elixir-blends","7":"product_cat-essential-oils-de-2","8":"product_cat-essential-oil-blends-de-2","9":"product_cat-colds-flu-de-2","10":"product_cat-remedies-de-2","11":"product_cat-living-libations-deutschland","12":"product_cat-marken","13":"product_cat-produkte","14":"product_cat-wellness-de","15":"product_tag-blends-de","16":"product_tag-elixir-de","17":"product_tag-essential-oil-de","18":"pa_brand-livinglibations-de","19":"pa_essential-oils-product-type-essential-oil-blends-de","20":"pa_gtin-7439657336331-de","21":"pa_health-productype-immunity-colds-de","22":"pa_remedies-cold-flu-de","23":"pa_size-15-ml-de-2","24":"pa_size-5-ml-de","26":"first","27":"instock","28":"taxable","29":"shipping-taxable","30":"purchasable","31":"product-type-variable"},"bundled_by":[],"bundle_stock_status":"instock","bundle_stock_quantity":null,"bundle_virtual":false,"bundle_layout":"","bundle_add_to_cart_form_location":"","bundle_editable_in_cart":false,"bundle_sold_individually_context":"","bundle_item_grouping":"","bundle_min_size":"","bundle_max_size":"","bundle_price":[],"bundled_items":[],"bundle_sell_ids":[247691],"atum_controlled":true,"out_stock_date":null,"out_stock_threshold":null,"inheritable":true,"stock_on_hold":0,"sold_today":0,"sales_last_days":3,"out_stock_days":0,"lost_sales":0,"update_date":"2026-04-24T11:03:41","atum_locations":[],"atum_stock_status":"instock","restock_status":false,"low_stock_amount":"","sales_update_date":"2026-04-22T00:09:44","calc_backorders":null,"group_of_quantity":0,"min_quantity":0,"max_quantity":"","exclude_order_quantity_value_rules":"no","exclude_category_quantity_rules":"no","combine_variations":"no","yoast_head":"<!-- This site is optimized with the Yoast SEO Premium plugin v26.5 (Yoast SEO v26.5) - https:\/\/yoast.com\/wordpress\/plugins\/seo\/ -->\n<title>Illume Classic Camphorous | Living Libations<\/title>\n<meta name=\"description\" content=\"St\u00e4rken Sie die Kraft Ihres K\u00f6rpers mit dem Living Libations Illume Classic Camphorous elixir.\" \/>\n<meta name=\"robots\" content=\"index, follow, max-snippet:-1, max-image-preview:large, max-video-preview:-1\" \/>\n<link rel=\"canonical\" href=\"https:\/\/dutchhealthstore.com\/de\/product\/illume-classic-camphorous\/\" \/>\n<meta property=\"og:locale\" content=\"de_DE\" \/>\n<meta property=\"og:type\" content=\"article\" \/>\n<meta property=\"og:title\" content=\"Illume Classic Camphorous - Dutch Health Store\" \/>\n<meta property=\"og:description\" content=\"St\u00e4rken Sie die Kraft Ihres K\u00f6rpers mit dem Living Libations Illume Classic Camphorous elixir.\" \/>\n<meta property=\"og:url\" content=\"https:\/\/dutchhealthstore.com\/de\/product\/illume-classic-camphorous\/\" \/>\n<meta property=\"og:site_name\" content=\"Dutch Health Store\" \/>\n<meta property=\"article:publisher\" content=\"https:\/\/www.instagram.com\/dutchhealthstore\/\" \/>\n<meta property=\"article:modified_time\" content=\"2025-08-29T08:23:54+00:00\" \/>\n<meta property=\"og:image\" content=\"https:\/\/dutchhealthstore.com\/wp-content\/uploads\/2018\/02\/ll-illume-classic-15ml.jpg\" \/>\n\t<meta property=\"og:image:width\" content=\"530\" \/>\n\t<meta property=\"og:image:height\" content=\"530\" \/>\n\t<meta property=\"og:image:type\" content=\"image\/jpeg\" \/>\n<meta name=\"twitter:card\" content=\"summary_large_image\" \/>\n<meta name=\"twitter:label1\" content=\"Verf\u00fcgbarkeit\" \/>\n\t<meta name=\"twitter:data1\" content=\"Auf Lager\" \/>\n<script type=\"application\/ld+json\" class=\"yoast-schema-graph\">{\"@context\":\"https:\/\/schema.org\",\"@graph\":[{\"@type\":\"WebPage\",\"@id\":\"https:\/\/dutchhealthstore.com\/de\/product\/illume-classic-camphorous\/\",\"url\":\"https:\/\/dutchhealthstore.com\/de\/product\/illume-classic-camphorous\/\",\"name\":\"Illume Classic Camphorous | Living Libations\",\"isPartOf\":{\"@id\":\"https:\/\/dutchhealthstore.com\/de\/#website\"},\"primaryImageOfPage\":{\"@id\":\"https:\/\/dutchhealthstore.com\/de\/product\/illume-classic-camphorous\/#primaryimage\"},\"image\":{\"@id\":\"https:\/\/dutchhealthstore.com\/de\/product\/illume-classic-camphorous\/#primaryimage\"},\"thumbnailUrl\":\"https:\/\/dutchhealthstore.com\/wp-content\/uploads\/2018\/02\/ll-illume-classic-15ml.jpg\",\"datePublished\":\"2018-02-10T18:29:32+00:00\",\"dateModified\":\"2025-08-29T08:23:54+00:00\",\"description\":\"St\u00e4rken Sie die Kraft Ihres K\u00f6rpers mit dem Living Libations Illume Classic Camphorous elixir.\",\"breadcrumb\":{\"@id\":\"https:\/\/dutchhealthstore.com\/de\/product\/illume-classic-camphorous\/#breadcrumb\"},\"inLanguage\":\"de\",\"potentialAction\":[{\"@type\":\"ReadAction\",\"target\":[\"https:\/\/dutchhealthstore.com\/de\/product\/illume-classic-camphorous\/\"]}]},{\"@type\":\"ImageObject\",\"inLanguage\":\"de\",\"@id\":\"https:\/\/dutchhealthstore.com\/de\/product\/illume-classic-camphorous\/#primaryimage\",\"url\":\"https:\/\/dutchhealthstore.com\/wp-content\/uploads\/2018\/02\/ll-illume-classic-15ml.jpg\",\"contentUrl\":\"https:\/\/dutchhealthstore.com\/wp-content\/uploads\/2018\/02\/ll-illume-classic-15ml.jpg\",\"width\":530,\"height\":530,\"caption\":\"ll-illume-classic-15ml\"},{\"@type\":\"BreadcrumbList\",\"@id\":\"https:\/\/dutchhealthstore.com\/de\/product\/illume-classic-camphorous\/#breadcrumb\",\"itemListElement\":[{\"@type\":\"ListItem\",\"position\":1,\"name\":\"Home\",\"item\":\"https:\/\/dutchhealthstore.com\/de\/\"},{\"@type\":\"ListItem\",\"position\":2,\"name\":\"Shop\",\"item\":\"https:\/\/dutchhealthstore.com\/de\/shop-2\/\"},{\"@type\":\"ListItem\",\"position\":3,\"name\":\"Illume Classic Camphorous\"}]},{\"@type\":\"WebSite\",\"@id\":\"https:\/\/dutchhealthstore.com\/de\/#website\",\"url\":\"https:\/\/dutchhealthstore.com\/de\/\",\"name\":\"Dutch Health Store\",\"description\":\"Enhance Your Beauty with Organic &amp; Natural Skincare\",\"publisher\":{\"@id\":\"https:\/\/dutchhealthstore.com\/de\/#organization\"},\"potentialAction\":[{\"@type\":\"SearchAction\",\"target\":{\"@type\":\"EntryPoint\",\"urlTemplate\":\"https:\/\/dutchhealthstore.com\/de\/?s={search_term_string}\"},\"query-input\":{\"@type\":\"PropertyValueSpecification\",\"valueRequired\":true,\"valueName\":\"search_term_string\"}}],\"inLanguage\":\"de\"},{\"@type\":\"Organization\",\"@id\":\"https:\/\/dutchhealthstore.com\/de\/#organization\",\"name\":\"Dutch Health Store\",\"url\":\"https:\/\/dutchhealthstore.com\/de\/\",\"logo\":{\"@type\":\"ImageObject\",\"inLanguage\":\"de\",\"@id\":\"https:\/\/dutchhealthstore.com\/de\/#\/schema\/logo\/image\/\",\"url\":\"https:\/\/dutchhealthstore.com\/wp-content\/uploads\/2020\/08\/logo-dutchhealthstore-jpg-e1599484957574.jpg\",\"contentUrl\":\"https:\/\/dutchhealthstore.com\/wp-content\/uploads\/2020\/08\/logo-dutchhealthstore-jpg-e1599484957574.jpg\",\"width\":400,\"height\":62,\"caption\":\"Dutch Health Store\"},\"image\":{\"@id\":\"https:\/\/dutchhealthstore.com\/de\/#\/schema\/logo\/image\/\"},\"sameAs\":[\"https:\/\/www.instagram.com\/dutchhealthstore\/\",\"https:\/\/www.facebook.com\/dutchhealthstore\"]}]}<\/script>\n<meta property=\"product:brand\" content=\"Living Libations\" \/>\n<meta property=\"og:availability\" content=\"instock\" \/>\n<meta property=\"product:availability\" content=\"instock\" \/>\n<meta property=\"product:condition\" content=\"new\" \/>\n<!-- \/ Yoast SEO Premium plugin. -->","yoast_head_json":{"title":"Illume Classic Camphorous | Living Libations","description":"St\u00e4rken Sie die Kraft Ihres K\u00f6rpers mit dem Living Libations Illume Classic Camphorous elixir.","robots":{"index":"index","follow":"follow","max-snippet":"max-snippet:-1","max-image-preview":"max-image-preview:large","max-video-preview":"max-video-preview:-1"},"canonical":"https:\/\/dutchhealthstore.com\/de\/product\/illume-classic-camphorous\/","og_locale":"de_DE","og_type":"article","og_title":"Illume Classic Camphorous - Dutch Health Store","og_description":"St\u00e4rken Sie die Kraft Ihres K\u00f6rpers mit dem Living Libations Illume Classic Camphorous elixir.","og_url":"https:\/\/dutchhealthstore.com\/de\/product\/illume-classic-camphorous\/","og_site_name":"Dutch Health Store","article_publisher":"https:\/\/www.instagram.com\/dutchhealthstore\/","article_modified_time":"2025-08-29T08:23:54+00:00","og_image":[{"width":530,"height":530,"url":"https:\/\/dutchhealthstore.com\/wp-content\/uploads\/2018\/02\/ll-illume-classic-15ml.jpg","type":"image\/jpeg"}],"twitter_card":"summary_large_image","twitter_misc":{"Verf\u00fcgbarkeit":"Auf Lager"},"schema":{"@context":"https:\/\/schema.org","@graph":[{"@type":"WebPage","@id":"https:\/\/dutchhealthstore.com\/de\/product\/illume-classic-camphorous\/","url":"https:\/\/dutchhealthstore.com\/de\/product\/illume-classic-camphorous\/","name":"Illume Classic Camphorous | Living Libations","isPartOf":{"@id":"https:\/\/dutchhealthstore.com\/de\/#website"},"primaryImageOfPage":{"@id":"https:\/\/dutchhealthstore.com\/de\/product\/illume-classic-camphorous\/#primaryimage"},"image":{"@id":"https:\/\/dutchhealthstore.com\/de\/product\/illume-classic-camphorous\/#primaryimage"},"thumbnailUrl":"https:\/\/dutchhealthstore.com\/wp-content\/uploads\/2018\/02\/ll-illume-classic-15ml.jpg","datePublished":"2018-02-10T18:29:32+00:00","dateModified":"2025-08-29T08:23:54+00:00","description":"St\u00e4rken Sie die Kraft Ihres K\u00f6rpers mit dem Living Libations Illume Classic Camphorous elixir.","breadcrumb":{"@id":"https:\/\/dutchhealthstore.com\/de\/product\/illume-classic-camphorous\/#breadcrumb"},"inLanguage":"de","potentialAction":[{"@type":"ReadAction","target":["https:\/\/dutchhealthstore.com\/de\/product\/illume-classic-camphorous\/"]}]},{"@type":"ImageObject","inLanguage":"de","@id":"https:\/\/dutchhealthstore.com\/de\/product\/illume-classic-camphorous\/#primaryimage","url":"https:\/\/dutchhealthstore.com\/wp-content\/uploads\/2018\/02\/ll-illume-classic-15ml.jpg","contentUrl":"https:\/\/dutchhealthstore.com\/wp-content\/uploads\/2018\/02\/ll-illume-classic-15ml.jpg","width":530,"height":530,"caption":"ll-illume-classic-15ml"},{"@type":"BreadcrumbList","@id":"https:\/\/dutchhealthstore.com\/de\/product\/illume-classic-camphorous\/#breadcrumb","itemListElement":[{"@type":"ListItem","position":1,"name":"Home","item":"https:\/\/dutchhealthstore.com\/de\/"},{"@type":"ListItem","position":2,"name":"Shop","item":"https:\/\/dutchhealthstore.com\/de\/shop-2\/"},{"@type":"ListItem","position":3,"name":"Illume Classic Camphorous"}]},{"@type":"WebSite","@id":"https:\/\/dutchhealthstore.com\/de\/#website","url":"https:\/\/dutchhealthstore.com\/de\/","name":"Dutch Health Store","description":"Enhance Your Beauty with Organic &amp; Natural Skincare","publisher":{"@id":"https:\/\/dutchhealthstore.com\/de\/#organization"},"potentialAction":[{"@type":"SearchAction","target":{"@type":"EntryPoint","urlTemplate":"https:\/\/dutchhealthstore.com\/de\/?s={search_term_string}"},"query-input":{"@type":"PropertyValueSpecification","valueRequired":true,"valueName":"search_term_string"}}],"inLanguage":"de"},{"@type":"Organization","@id":"https:\/\/dutchhealthstore.com\/de\/#organization","name":"Dutch Health Store","url":"https:\/\/dutchhealthstore.com\/de\/","logo":{"@type":"ImageObject","inLanguage":"de","@id":"https:\/\/dutchhealthstore.com\/de\/#\/schema\/logo\/image\/","url":"https:\/\/dutchhealthstore.com\/wp-content\/uploads\/2020\/08\/logo-dutchhealthstore-jpg-e1599484957574.jpg","contentUrl":"https:\/\/dutchhealthstore.com\/wp-content\/uploads\/2020\/08\/logo-dutchhealthstore-jpg-e1599484957574.jpg","width":400,"height":62,"caption":"Dutch Health Store"},"image":{"@id":"https:\/\/dutchhealthstore.com\/de\/#\/schema\/logo\/image\/"},"sameAs":["https:\/\/www.instagram.com\/dutchhealthstore\/","https:\/\/www.facebook.com\/dutchhealthstore"]}]},"product_brand":"Living Libations","og_availability":"instock","product_availability":"instock","product_condition":"new"},"_links":{"self":[{"href":"https:\/\/dutchhealthstore.com\/de\/wp-json\/wp\/v2\/product\/115135","targetHints":{"allow":["GET"]}}],"collection":[{"href":"https:\/\/dutchhealthstore.com\/de\/wp-json\/wp\/v2\/product"}],"about":[{"href":"https:\/\/dutchhealthstore.com\/de\/wp-json\/wp\/v2\/types\/product"}],"replies":[{"embeddable":true,"href":"https:\/\/dutchhealthstore.com\/de\/wp-json\/wp\/v2\/comments?post=115135"}],"wp:featuredmedia":[{"embeddable":true,"href":"https:\/\/dutchhealthstore.com\/de\/wp-json\/wp\/v2\/media\/298684"}],"wp:attachment":[{"href":"https:\/\/dutchhealthstore.com\/de\/wp-json\/wp\/v2\/media?parent=115135"}],"wp:term":[{"taxonomy":"product_brand","embeddable":true,"href":"https:\/\/dutchhealthstore.com\/de\/wp-json\/wp\/v2\/product_brand?post=115135"},{"taxonomy":"product_cat","embeddable":true,"href":"https:\/\/dutchhealthstore.com\/de\/wp-json\/wp\/v2\/product_cat?post=115135"},{"taxonomy":"product_tag","embeddable":true,"href":"https:\/\/dutchhealthstore.com\/de\/wp-json\/wp\/v2\/product_tag?post=115135"}],"curies":[{"name":"wp","href":"https:\/\/api.w.org\/{rel}","templated":true}]}}