{"id":115104,"date":"2018-02-10T19:48:48","date_gmt":"2018-02-10T18:48:48","guid":{"rendered":"https:\/\/dutchhealthstore.com\/product\/frankincense-first-friend\/"},"modified":"2025-09-08T13:09:35","modified_gmt":"2025-09-08T11:09:35","slug":"frankincense-first-friend","status":"publish","type":"product","link":"https:\/\/dutchhealthstore.com\/de\/product\/frankincense-first-friend\/","title":{"rendered":"Frankincense + First Friend"},"content":{"rendered":"<p><img decoding=\"async\" class=\"size-full wp-image-37041 alignright\" src=\"https:\/\/dutchhealthstore.com\/wp-content\/uploads\/2018\/04\/Living_Libations-1.png\" alt=\"Organic &amp; Natural Beautyproducts - Living Libations\" width=\"175\" height=\"82\">Frankincense + First Friend ist eine reichhaltige Apotheke in einer Flasche, ein konzentrierter Chrysantheme aus potenter Pflanzenkraft, die reinigt, vern\u00e4ht, beruhigt und die Haut beruhigt, die SOS ruft.<br \/>\nEndlich sind die besten pflanzlichen Biotika in diesem First Assist Friend vereint.<br \/>\nJede Essenz in diesem m\u00e4chtigen Elixier wurde aufgrund ihrer bew\u00e4hrten Kr\u00e4fte handverlesen: Weihrauch st\u00e4rkt, Pfefferminze beruhigt und k\u00fchlt, Lavendel lullt, Oregano schirmt ab und Thymian r\u00e4umt auf.<br \/>\nTragen Sie einen Tropfen auf, um die Gelassenheit Ihrer Haut wiederzuerlangen und den K\u00f6rper ins Gleichgewicht zu bringen.<br \/>\nK\u00fchlen, beruhigen, n\u00e4hen und lindern Sie Ihre Haut mit nur einem kleinen Tropfen!<br \/>\nFr\u00fcher Frankincense + First Aid &#8211; neuer Name, aber die Formel bleibt die gleiche.<\/p>\n<h3>Instruktion<\/h3>\n<p>Tragen Sie einen Tropfen direkt auf die betroffene Stelle auf oder verd\u00fcnnen Sie ihn mit Frankincense Best Skin Ever oder einem unserer anderen Best Skin Evers. Tupfen Sie es pur auf die Haut, geben Sie es in unseren Salzinhalator oder in einen Aromadiffusor, um die Atmung zu beleben, oder geben Sie ein paar Tropfen in ein Dampfbad.<\/p>\n<h3 class=\"yikes-custom-woo-tab-title yikes-custom-woo-tab-title-natural-organic-ingredients\">Nat\u00fcrliche\/Organische Inhaltsstoffe<\/h3>\n<p><strong>Weihrauch<\/strong> <em>(Boswellia carterii)<\/em> &#8211; Dies ist eine heilige, essentielle Essenz zur Kultivierung der Ehrfurcht der Haut. Weihrauch ist eine fl\u00fcssige Perle vom Baum des Lebens und wird aus dem harzigen Saft des Baumes destilliert. Dieses feine, duftende \u00d6l, das seit Tausenden von Jahren in spirituellen Zeremonien gesalbt und inhaliert wird, erh\u00f6ht die Widerstandsf\u00e4higkeit der Haut. Weihrauch, der die Weisheit der Jahrhunderte in sich tr\u00e4gt, ist hervorragend geeignet, um Narben zu lindern, Hautunebenheiten zu gl\u00e4tten und das Auftreten von Melasma und Narben zu minimieren. Dieses \u00d6l ist ein hervorragendes St\u00e4rkungsmittel, das seit Jahrhunderten ein beliebter pflanzlicher Wirkstoff f\u00fcr die K\u00f6rperpflege ist.<\/p>\n<p><strong>Pfefferminze<\/strong> <em>(Mentha peperita)<\/em> &#8211; Pfefferminze f\u00fchlt sich gut an wie Eis! Es k\u00fchlt und beruhigt die hei\u00dfe, ger\u00f6tete Haut. Unser spritziges Pfefferminz\u00f6l wird aus frischen Bl\u00e4ttern destilliert, und ein Tropfen ist ein saftiger Weckruf f\u00fcr Haut und Seele.<\/p>\n<p><strong>Lavendel<\/strong> <em>(Lavandula angustifolia)<\/em> &#8211; Der liebliche Lavendel ist ein sanftes und doch kraftvolles Hauttonikum, das erholsam und beruhigend ist. Es ist eine k\u00fchlende, entspannende Streicheleinheit f\u00fcr beanspruchte Haut.<\/p>\n<p><strong>Oregano <\/strong><em>(Origanum vulgare) &#8211; <\/em>Oregano-\u00d6l ist eines der st\u00e4rksten Antiseptika in unserer gesamten Sammlung und bek\u00e4mpft Viren, Bakterien, Pilze und Parasiten. Oregano kann auch bei Erk\u00e4ltungen, Grippe, Infektionen der Atemwege, Husten, Bronchitis, Verdauungsbeschwerden und Muskelschmerzen wirksam sein.<\/p>\n<p><strong>Thymian<\/strong><em> (Thymus officinalis vulgaris) &#8211; <\/em>Thymian ist nicht nur die Essenz, er ist die Essenz! Reiner wilder Thymian wirkt stark antimikrobiell und antimykotisch und ist daf\u00fcr bekannt, Infektionen zu beseitigen, Wunden zu behandeln, die Verdauung zu verbessern, die Durchblutung zu f\u00f6rdern und sogar Haarausfall zu bek\u00e4mpfen.<\/p>\n<p><img fetchpriority=\"high\" decoding=\"async\" class=\"size-full wp-image-31577 aligncenter\" src=\"https:\/\/dutchhealthstore.com\/wp-content\/uploads\/2018\/03\/organic_big.png\" alt=\"Organic and Natural - Living Libations\" width=\"623\" height=\"103\" srcset=\"https:\/\/dutchhealthstore.com\/wp-content\/uploads\/2018\/03\/organic_big.png 623w, https:\/\/dutchhealthstore.com\/wp-content\/uploads\/2018\/03\/organic_big-510x84.png 510w, https:\/\/dutchhealthstore.com\/wp-content\/uploads\/2018\/03\/organic_big-600x99.png 600w, https:\/\/dutchhealthstore.com\/wp-content\/uploads\/2018\/03\/organic_big-350x58.png 350w\" sizes=\"(max-width: 623px) 100vw, 623px\" \/><\/p>\n","protected":false},"excerpt":{"rendered":"<p>Frankincense + First Friend ist eine reichhaltige Apotheke in einer Flasche, ein konzentrierter Chrysantheme aus potenter Pflanzenkraft, die reinigt, vern\u00e4ht, beruhigt und die Haut beruhigt, die SOS ruft. Endlich sind die besten pflanzlichen Biotika in diesem First Assist Friend vereint.<br \/>\nJede Essenz in diesem m\u00e4chtigen Elixier wurde aufgrund ihrer bew\u00e4hrten Kr\u00e4fte handverlesen: Weihrauch st\u00e4rkt, Pfefferminze beruhigt und k\u00fchlt, Lavendel lullt ein, Oregano schirmt ab, und Thymian r\u00e4umt auf. Tragen Sie einen Tropfen auf, um die Gelassenheit Ihrer Haut wiederzuerlangen und den K\u00f6rper ins Gleichgewicht zu bringen.<\/p>\n<p>K\u00fchlen, beruhigen, n\u00e4hen und lindern Sie Ihre Haut mit nur einem kleinen Tropfen!<\/p>\n","protected":false},"featured_media":174969,"comment_status":"open","ping_status":"closed","template":"","meta":[],"product_brand":[],"product_cat":[1962,6737,6749,6753,6645,1493,1210,1048,511,6736],"product_tag":[6443,4623,1547],"class_list":{"0":"post-115104","1":"product","2":"type-product","3":"status-publish","4":"has-post-thumbnail","6":"product_cat-elixir-blends","7":"product_cat-essential-oils-de-2","8":"product_cat-essential-oil-blends-de-2","9":"product_cat-babies-pregnancy","10":"product_cat-family-de","11":"product_cat-living-libations-deutschland","12":"product_cat-marken","13":"product_cat-kollektion","14":"product_cat-produkte","15":"product_cat-wellness-de","16":"product_tag-blends-de","17":"product_tag-elixir-de","18":"product_tag-essential-oil-de","19":"pa_brand-livinglibations-de","20":"pa_essential-oils-product-type-essential-oil-blends-de","21":"pa_size-15-ml-de-2","22":"pa_size-5-ml-de","24":"first","25":"instock","26":"taxable","27":"shipping-taxable","28":"purchasable","29":"product-type-variable"},"bundled_by":[],"bundle_stock_status":"instock","bundle_stock_quantity":null,"bundle_virtual":false,"bundle_layout":"","bundle_add_to_cart_form_location":"","bundle_editable_in_cart":false,"bundle_sold_individually_context":"","bundle_item_grouping":"","bundle_min_size":"","bundle_max_size":"","bundle_price":[],"bundled_items":[],"bundle_sell_ids":[247691],"atum_controlled":true,"out_stock_date":null,"out_stock_threshold":null,"inheritable":true,"stock_on_hold":0,"sold_today":0,"sales_last_days":0,"out_stock_days":0,"lost_sales":0,"update_date":"2026-05-04T00:17:59","atum_locations":[],"atum_stock_status":"instock","restock_status":false,"low_stock_amount":"","sales_update_date":"2026-05-04T00:17:59","calc_backorders":null,"group_of_quantity":0,"min_quantity":0,"max_quantity":"","exclude_order_quantity_value_rules":"no","exclude_category_quantity_rules":"no","combine_variations":"no","yoast_head":"<!-- This site is optimized with the Yoast SEO Premium plugin v26.5 (Yoast SEO v26.5) - https:\/\/yoast.com\/wordpress\/plugins\/seo\/ -->\n<title>Frankincense + First Friend | Living Libations<\/title>\n<meta name=\"description\" content=\"Dieser First-Aid Friend ist eine Hausapotheke mit \u00e4therischen \u00d6len in einer Flasche.\" \/>\n<meta name=\"robots\" content=\"index, follow, max-snippet:-1, max-image-preview:large, max-video-preview:-1\" \/>\n<link rel=\"canonical\" href=\"https:\/\/dutchhealthstore.com\/de\/product\/frankincense-first-friend\/\" \/>\n<meta property=\"og:locale\" content=\"de_DE\" \/>\n<meta property=\"og:type\" content=\"article\" \/>\n<meta property=\"og:title\" content=\"Frankincense + First Friend - Dutch Health Store\" \/>\n<meta property=\"og:description\" content=\"Dieser First-Aid Friend ist eine Hausapotheke mit \u00e4therischen \u00d6len in einer Flasche.\" \/>\n<meta property=\"og:url\" content=\"https:\/\/dutchhealthstore.com\/de\/product\/frankincense-first-friend\/\" \/>\n<meta property=\"og:site_name\" content=\"Dutch Health Store\" \/>\n<meta property=\"article:publisher\" content=\"https:\/\/www.instagram.com\/dutchhealthstore\/\" \/>\n<meta property=\"article:modified_time\" content=\"2025-09-08T11:09:35+00:00\" \/>\n<meta property=\"og:image\" content=\"https:\/\/dutchhealthstore.com\/wp-content\/uploads\/2018\/02\/frankincense-first-friend.jpg\" \/>\n\t<meta property=\"og:image:width\" content=\"500\" \/>\n\t<meta property=\"og:image:height\" content=\"500\" \/>\n\t<meta property=\"og:image:type\" content=\"image\/jpeg\" \/>\n<meta name=\"twitter:card\" content=\"summary_large_image\" \/>\n<meta name=\"twitter:label1\" content=\"Verf\u00fcgbarkeit\" \/>\n\t<meta name=\"twitter:data1\" content=\"Auf Lager\" \/>\n<script type=\"application\/ld+json\" class=\"yoast-schema-graph\">{\"@context\":\"https:\/\/schema.org\",\"@graph\":[{\"@type\":\"WebPage\",\"@id\":\"https:\/\/dutchhealthstore.com\/de\/product\/frankincense-first-friend\/\",\"url\":\"https:\/\/dutchhealthstore.com\/de\/product\/frankincense-first-friend\/\",\"name\":\"Frankincense + First Friend | Living Libations\",\"isPartOf\":{\"@id\":\"https:\/\/dutchhealthstore.com\/de\/#website\"},\"primaryImageOfPage\":{\"@id\":\"https:\/\/dutchhealthstore.com\/de\/product\/frankincense-first-friend\/#primaryimage\"},\"image\":{\"@id\":\"https:\/\/dutchhealthstore.com\/de\/product\/frankincense-first-friend\/#primaryimage\"},\"thumbnailUrl\":\"https:\/\/dutchhealthstore.com\/wp-content\/uploads\/2018\/02\/frankincense-first-friend.jpg\",\"datePublished\":\"2018-02-10T18:48:48+00:00\",\"dateModified\":\"2025-09-08T11:09:35+00:00\",\"description\":\"Dieser First-Aid Friend ist eine Hausapotheke mit \u00e4therischen \u00d6len in einer Flasche.\",\"breadcrumb\":{\"@id\":\"https:\/\/dutchhealthstore.com\/de\/product\/frankincense-first-friend\/#breadcrumb\"},\"inLanguage\":\"de\",\"potentialAction\":[{\"@type\":\"ReadAction\",\"target\":[\"https:\/\/dutchhealthstore.com\/de\/product\/frankincense-first-friend\/\"]}]},{\"@type\":\"ImageObject\",\"inLanguage\":\"de\",\"@id\":\"https:\/\/dutchhealthstore.com\/de\/product\/frankincense-first-friend\/#primaryimage\",\"url\":\"https:\/\/dutchhealthstore.com\/wp-content\/uploads\/2018\/02\/frankincense-first-friend.jpg\",\"contentUrl\":\"https:\/\/dutchhealthstore.com\/wp-content\/uploads\/2018\/02\/frankincense-first-friend.jpg\",\"width\":500,\"height\":500,\"caption\":\"frankincense first friend\"},{\"@type\":\"BreadcrumbList\",\"@id\":\"https:\/\/dutchhealthstore.com\/de\/product\/frankincense-first-friend\/#breadcrumb\",\"itemListElement\":[{\"@type\":\"ListItem\",\"position\":1,\"name\":\"Home\",\"item\":\"https:\/\/dutchhealthstore.com\/de\/\"},{\"@type\":\"ListItem\",\"position\":2,\"name\":\"Shop\",\"item\":\"https:\/\/dutchhealthstore.com\/de\/shop-2\/\"},{\"@type\":\"ListItem\",\"position\":3,\"name\":\"Frankincense + First Friend\"}]},{\"@type\":\"WebSite\",\"@id\":\"https:\/\/dutchhealthstore.com\/de\/#website\",\"url\":\"https:\/\/dutchhealthstore.com\/de\/\",\"name\":\"Dutch Health Store\",\"description\":\"Enhance Your Beauty with Organic &amp; Natural Skincare\",\"publisher\":{\"@id\":\"https:\/\/dutchhealthstore.com\/de\/#organization\"},\"potentialAction\":[{\"@type\":\"SearchAction\",\"target\":{\"@type\":\"EntryPoint\",\"urlTemplate\":\"https:\/\/dutchhealthstore.com\/de\/?s={search_term_string}\"},\"query-input\":{\"@type\":\"PropertyValueSpecification\",\"valueRequired\":true,\"valueName\":\"search_term_string\"}}],\"inLanguage\":\"de\"},{\"@type\":\"Organization\",\"@id\":\"https:\/\/dutchhealthstore.com\/de\/#organization\",\"name\":\"Dutch Health Store\",\"url\":\"https:\/\/dutchhealthstore.com\/de\/\",\"logo\":{\"@type\":\"ImageObject\",\"inLanguage\":\"de\",\"@id\":\"https:\/\/dutchhealthstore.com\/de\/#\/schema\/logo\/image\/\",\"url\":\"https:\/\/dutchhealthstore.com\/wp-content\/uploads\/2020\/08\/logo-dutchhealthstore-jpg-e1599484957574.jpg\",\"contentUrl\":\"https:\/\/dutchhealthstore.com\/wp-content\/uploads\/2020\/08\/logo-dutchhealthstore-jpg-e1599484957574.jpg\",\"width\":400,\"height\":62,\"caption\":\"Dutch Health Store\"},\"image\":{\"@id\":\"https:\/\/dutchhealthstore.com\/de\/#\/schema\/logo\/image\/\"},\"sameAs\":[\"https:\/\/www.instagram.com\/dutchhealthstore\/\",\"https:\/\/www.facebook.com\/dutchhealthstore\"]}]}<\/script>\n<meta property=\"product:brand\" content=\"Living Libations\" \/>\n<meta property=\"og:availability\" content=\"instock\" \/>\n<meta property=\"product:availability\" content=\"instock\" \/>\n<meta property=\"product:condition\" content=\"new\" \/>\n<!-- \/ Yoast SEO Premium plugin. -->","yoast_head_json":{"title":"Frankincense + First Friend | Living Libations","description":"Dieser First-Aid Friend ist eine Hausapotheke mit \u00e4therischen \u00d6len in einer Flasche.","robots":{"index":"index","follow":"follow","max-snippet":"max-snippet:-1","max-image-preview":"max-image-preview:large","max-video-preview":"max-video-preview:-1"},"canonical":"https:\/\/dutchhealthstore.com\/de\/product\/frankincense-first-friend\/","og_locale":"de_DE","og_type":"article","og_title":"Frankincense + First Friend - Dutch Health Store","og_description":"Dieser First-Aid Friend ist eine Hausapotheke mit \u00e4therischen \u00d6len in einer Flasche.","og_url":"https:\/\/dutchhealthstore.com\/de\/product\/frankincense-first-friend\/","og_site_name":"Dutch Health Store","article_publisher":"https:\/\/www.instagram.com\/dutchhealthstore\/","article_modified_time":"2025-09-08T11:09:35+00:00","og_image":[{"width":500,"height":500,"url":"https:\/\/dutchhealthstore.com\/wp-content\/uploads\/2018\/02\/frankincense-first-friend.jpg","type":"image\/jpeg"}],"twitter_card":"summary_large_image","twitter_misc":{"Verf\u00fcgbarkeit":"Auf Lager"},"schema":{"@context":"https:\/\/schema.org","@graph":[{"@type":"WebPage","@id":"https:\/\/dutchhealthstore.com\/de\/product\/frankincense-first-friend\/","url":"https:\/\/dutchhealthstore.com\/de\/product\/frankincense-first-friend\/","name":"Frankincense + First Friend | Living Libations","isPartOf":{"@id":"https:\/\/dutchhealthstore.com\/de\/#website"},"primaryImageOfPage":{"@id":"https:\/\/dutchhealthstore.com\/de\/product\/frankincense-first-friend\/#primaryimage"},"image":{"@id":"https:\/\/dutchhealthstore.com\/de\/product\/frankincense-first-friend\/#primaryimage"},"thumbnailUrl":"https:\/\/dutchhealthstore.com\/wp-content\/uploads\/2018\/02\/frankincense-first-friend.jpg","datePublished":"2018-02-10T18:48:48+00:00","dateModified":"2025-09-08T11:09:35+00:00","description":"Dieser First-Aid Friend ist eine Hausapotheke mit \u00e4therischen \u00d6len in einer Flasche.","breadcrumb":{"@id":"https:\/\/dutchhealthstore.com\/de\/product\/frankincense-first-friend\/#breadcrumb"},"inLanguage":"de","potentialAction":[{"@type":"ReadAction","target":["https:\/\/dutchhealthstore.com\/de\/product\/frankincense-first-friend\/"]}]},{"@type":"ImageObject","inLanguage":"de","@id":"https:\/\/dutchhealthstore.com\/de\/product\/frankincense-first-friend\/#primaryimage","url":"https:\/\/dutchhealthstore.com\/wp-content\/uploads\/2018\/02\/frankincense-first-friend.jpg","contentUrl":"https:\/\/dutchhealthstore.com\/wp-content\/uploads\/2018\/02\/frankincense-first-friend.jpg","width":500,"height":500,"caption":"frankincense first friend"},{"@type":"BreadcrumbList","@id":"https:\/\/dutchhealthstore.com\/de\/product\/frankincense-first-friend\/#breadcrumb","itemListElement":[{"@type":"ListItem","position":1,"name":"Home","item":"https:\/\/dutchhealthstore.com\/de\/"},{"@type":"ListItem","position":2,"name":"Shop","item":"https:\/\/dutchhealthstore.com\/de\/shop-2\/"},{"@type":"ListItem","position":3,"name":"Frankincense + First Friend"}]},{"@type":"WebSite","@id":"https:\/\/dutchhealthstore.com\/de\/#website","url":"https:\/\/dutchhealthstore.com\/de\/","name":"Dutch Health Store","description":"Enhance Your Beauty with Organic &amp; Natural Skincare","publisher":{"@id":"https:\/\/dutchhealthstore.com\/de\/#organization"},"potentialAction":[{"@type":"SearchAction","target":{"@type":"EntryPoint","urlTemplate":"https:\/\/dutchhealthstore.com\/de\/?s={search_term_string}"},"query-input":{"@type":"PropertyValueSpecification","valueRequired":true,"valueName":"search_term_string"}}],"inLanguage":"de"},{"@type":"Organization","@id":"https:\/\/dutchhealthstore.com\/de\/#organization","name":"Dutch Health Store","url":"https:\/\/dutchhealthstore.com\/de\/","logo":{"@type":"ImageObject","inLanguage":"de","@id":"https:\/\/dutchhealthstore.com\/de\/#\/schema\/logo\/image\/","url":"https:\/\/dutchhealthstore.com\/wp-content\/uploads\/2020\/08\/logo-dutchhealthstore-jpg-e1599484957574.jpg","contentUrl":"https:\/\/dutchhealthstore.com\/wp-content\/uploads\/2020\/08\/logo-dutchhealthstore-jpg-e1599484957574.jpg","width":400,"height":62,"caption":"Dutch Health Store"},"image":{"@id":"https:\/\/dutchhealthstore.com\/de\/#\/schema\/logo\/image\/"},"sameAs":["https:\/\/www.instagram.com\/dutchhealthstore\/","https:\/\/www.facebook.com\/dutchhealthstore"]}]},"product_brand":"Living Libations","og_availability":"instock","product_availability":"instock","product_condition":"new"},"_links":{"self":[{"href":"https:\/\/dutchhealthstore.com\/de\/wp-json\/wp\/v2\/product\/115104","targetHints":{"allow":["GET"]}}],"collection":[{"href":"https:\/\/dutchhealthstore.com\/de\/wp-json\/wp\/v2\/product"}],"about":[{"href":"https:\/\/dutchhealthstore.com\/de\/wp-json\/wp\/v2\/types\/product"}],"replies":[{"embeddable":true,"href":"https:\/\/dutchhealthstore.com\/de\/wp-json\/wp\/v2\/comments?post=115104"}],"wp:featuredmedia":[{"embeddable":true,"href":"https:\/\/dutchhealthstore.com\/de\/wp-json\/wp\/v2\/media\/174969"}],"wp:attachment":[{"href":"https:\/\/dutchhealthstore.com\/de\/wp-json\/wp\/v2\/media?parent=115104"}],"wp:term":[{"taxonomy":"product_brand","embeddable":true,"href":"https:\/\/dutchhealthstore.com\/de\/wp-json\/wp\/v2\/product_brand?post=115104"},{"taxonomy":"product_cat","embeddable":true,"href":"https:\/\/dutchhealthstore.com\/de\/wp-json\/wp\/v2\/product_cat?post=115104"},{"taxonomy":"product_tag","embeddable":true,"href":"https:\/\/dutchhealthstore.com\/de\/wp-json\/wp\/v2\/product_tag?post=115104"}],"curies":[{"name":"wp","href":"https:\/\/api.w.org\/{rel}","templated":true}]}}