{"id":115094,"date":"2018-02-10T20:46:06","date_gmt":"2018-02-10T20:46:06","guid":{"rendered":"https:\/\/dutchhealthstore.com\/product\/feeling-good-today\/"},"modified":"2025-10-28T10:46:53","modified_gmt":"2025-10-28T09:46:53","slug":"feeling-good-today","status":"publish","type":"product","link":"https:\/\/dutchhealthstore.com\/de\/product\/feeling-good-today\/","title":{"rendered":"Feeling Good Today"},"content":{"rendered":"<p><img decoding=\"async\" class=\"size-full wp-image-37041 alignright\" src=\"https:\/\/dutchhealthstore.com\/wp-content\/uploads\/2018\/04\/Living_Libations-1.png\" alt=\"Organic &amp; Natural Beautyproducts - Living Libations\" width=\"175\" height=\"82\">Dieser Saft der Freude erfrischt den Geist und belebt K\u00f6rper und Geist mit der Fr\u00f6hlichkeit dieser kl\u00e4renden Pflanzenstoffe. Living Libations Feeling Good Today ist ein st\u00e4rkendes Chrisam, das aus einer wunderbaren Mischung aus heiligem Basilikum, Grapefruit und Gr\u00f6nlandmoos besteht. Die Kraft unseres Heilungs-Tonikums liegt in seiner einzigartigen F\u00e4higkeit, Geist und K\u00f6rper zu vereinen, um eine Erfahrung der totalen Einheit zu machen. Gr\u00f6nlandmoos ist in der Kr\u00e4uterkunde der nordamerikanischen Ureinwohner traditionell daf\u00fcr bekannt, eine Affinit\u00e4t zur spirituellen Reinigung und Revitalisierung zu haben. Heiliges Basilikum, ein k\u00f6nigliches \u00d6l mit einer Affinit\u00e4t zur Klarheit, eignet sich hervorragend zur Heiligung des sensiblen und unruhigen Geistes. Die spritzige Grapefruit sorgt mit ihrer freundlichen, aufmunternden Art daf\u00fcr, dass sich Ihre Stimmung bessert. Mit diesem Zaubertrank an Ihrer Seite brauchen Sie sich nicht zu verstecken. Sie werden sich heute gut f\u00fchlen, also halten Sie sich gut fest!  <\/p>\n<h3>Use<\/h3>\n<p>  Salben Sie die Handgelenke, den Hals oder die Fu\u00dfsohlen mit diesem Elixier. Diffusor, Salzpfeife oder in B\u00e4dern verwenden. Um den Atem zu erfrischen, geben Sie bei Bedarf einen Tropfen unter die Zunge.  <\/p>\n<h3 class=\"yikes-custom-woo-tab-title yikes-custom-woo-tab-title-natural-organic-ingredients\">Nat\u00fcrliche\/Organische Inhaltsstoffe<\/h3>\n<p><b><strong>Heiliges Basilikum <\/strong><\/b>(<i><em>Ocimum Sanctum<\/em><\/i>) &#8211; Der erste Schritt, um sich heute gut zu f\u00fchlen, besteht darin, geistige Klarheit zu manifestieren. Gegr\u00fc\u00dft sei das Heilige Basilikum, eine Pflanze, die so heilig ist, dass sie in der hinduistischen Kultur als botanische Inkarnation des Gottes Vishnu verehrt wird. Living Libations Holy Basil Essential Oil ist ein funkelnder Diamant botanischer Dynamik; ein Elixier, das so heilig, so stark und so m\u00e4chtig ist, dass es in ganz Indien f\u00fcr seine lebens- und gesundheitsf\u00f6rdernden Kr\u00e4fte verehrt wird. Das s\u00fc\u00dfe, krautige \u00d6l dieser bl\u00fchenden Pflanze, die auch als Tulsi bekannt ist, ist seit Jahrhunderten ein Grundsatz der ayurvedischen Medizin. Das \u00e4therische \u00d6l des Heiligen Basilikums ist ein reinigendes pflanzliches Tonikum, das zur F\u00f6rderung von Gl\u00fccksgef\u00fchlen und zur Heiligung von Geist, K\u00f6rper und heiligen R\u00e4umen mit seiner heiligen Energie verwendet wird. <b><strong>Grapefruit <\/strong><\/b>(<i><em>Citrus Paradisii<\/em><\/i>) &#8211; F\u00fchlen Sie sich gut mit der fr\u00f6hlichen Grapefruit! Diese durchblutungsf\u00f6rdernde Zitrusfrucht mit einer Affinit\u00e4t zum Lymphsystem bringt Ihr Chi am Morgen in Schwung. Erfrischen Sie Ihre Sinne mit dieser sonnigen Zitrusessenz, die die Stimmung hebt und Disharmonie nur noch eine ferne Erinnerung ist. <b><strong>Gr\u00f6nlandmoos <\/strong><\/b>(<i><em>Ledum Groenlandicum<\/em><\/i>) &#8211; Das herrliche Gr\u00f6nlandmoos ist ein harmonisches, frisch duftendes \u00d6l, das Bilder von ungest\u00f6rter, taufeuchter, mondbeschienener Wildnis hervorruft. Trotz seines Waldduftes ist das Greenland Moss oil eines der st\u00e4rksten \u00e4therischen \u00d6le im Arsenal von Living Libations. Unser Gr\u00f6nlandmoos wird aus den lilienwei\u00dfen Bl\u00fcten und Bl\u00e4ttern der kanadischen Moor-Labrador-Teepflanze wild geerntet und dampfdestilliert. Die runzligen, ledrigen Bl\u00e4tter des Gr\u00f6nlandmooses enthalten beeindruckende medizinische Eigenschaften.  <img fetchpriority=\"high\" decoding=\"async\" class=\"size-full wp-image-31577 aligncenter\" src=\"https:\/\/dutchhealthstore.com\/wp-content\/uploads\/2018\/03\/organic_big.png\" alt=\"Organic and Natural - Living Libations\" width=\"623\" height=\"103\" srcset=\"https:\/\/dutchhealthstore.com\/wp-content\/uploads\/2018\/03\/organic_big.png 623w, https:\/\/dutchhealthstore.com\/wp-content\/uploads\/2018\/03\/organic_big-510x84.png 510w, https:\/\/dutchhealthstore.com\/wp-content\/uploads\/2018\/03\/organic_big-600x99.png 600w, https:\/\/dutchhealthstore.com\/wp-content\/uploads\/2018\/03\/organic_big-350x58.png 350w\" sizes=\"(max-width: 623px) 100vw, 623px\" \/><\/p>\n","protected":false},"excerpt":{"rendered":"<p>Dieser Saft der Freude erfrischt den Geist und belebt K\u00f6rper und Geist mit der Fr\u00f6hlichkeit dieser kl\u00e4renden Pflanzenstoffe. Living Libations Feeling Good Today ist ein st\u00e4rkendes Chrisam, das aus einer wunderbaren Mischung aus heiligem Basilikum, Grapefruit und Gr\u00f6nlandmoos besteht. Die Kraft unseres Heilungs-Tonikums liegt in seiner einzigartigen F\u00e4higkeit, Geist und K\u00f6rper zu vereinen, um eine Erfahrung der totalen Einheit zu machen.<\/p>\n","protected":false},"featured_media":298969,"comment_status":"open","ping_status":"closed","template":"","meta":[],"product_brand":[],"product_cat":[1962,6737,6749,6748,1493,1210,511,6747,6736],"product_tag":[6443,4623,1547],"class_list":{"0":"post-115094","1":"product","2":"type-product","3":"status-publish","4":"has-post-thumbnail","6":"product_cat-elixir-blends","7":"product_cat-essential-oils-de-2","8":"product_cat-essential-oil-blends-de-2","9":"product_cat-clarity-focus-de-2","10":"product_cat-living-libations-deutschland","11":"product_cat-marken","12":"product_cat-produkte","13":"product_cat-mood-de-2","14":"product_cat-wellness-de","15":"product_tag-blends-de","16":"product_tag-elixir-de","17":"product_tag-essential-oil-de","18":"pa_brand-livinglibations-de","19":"pa_essential-oils-product-type-essential-oil-blends-de","20":"pa_mood-clarity-focus-de","21":"pa_size-5-ml-de","22":"pa_size-15-ml-de-2","24":"first","25":"instock","26":"taxable","27":"shipping-taxable","28":"purchasable","29":"product-type-variable"},"bundled_by":[],"bundle_stock_status":"instock","bundle_stock_quantity":null,"bundle_virtual":false,"bundle_layout":"","bundle_add_to_cart_form_location":"","bundle_editable_in_cart":false,"bundle_sold_individually_context":"","bundle_item_grouping":"","bundle_min_size":"","bundle_max_size":"","bundle_price":[],"bundled_items":[],"bundle_sell_ids":[232316],"atum_controlled":true,"out_stock_date":null,"out_stock_threshold":null,"inheritable":true,"stock_on_hold":1,"sold_today":0,"sales_last_days":0,"out_stock_days":0,"lost_sales":0,"update_date":"2026-04-09T01:47:46","atum_locations":[],"atum_stock_status":"instock","restock_status":false,"low_stock_amount":"","sales_update_date":"2026-04-09T01:47:46","calc_backorders":null,"group_of_quantity":0,"min_quantity":0,"max_quantity":"","exclude_order_quantity_value_rules":"no","exclude_category_quantity_rules":"no","combine_variations":"no","yoast_head":"<!-- This site is optimized with the Yoast SEO Premium plugin v26.5 (Yoast SEO v26.5) - https:\/\/yoast.com\/wordpress\/plugins\/seo\/ -->\n<title>Feeling Good Today | Living Libations<\/title>\n<meta name=\"description\" content=\"Dieser Rejoice Juice regeneriert den Geist, w\u00e4hrend Sie Ihren K\u00f6rper wiederbeleben und eine rauschende Freisetzung von aufbauenden Peptiden genie\u00dfen.\" \/>\n<meta name=\"robots\" content=\"index, follow, max-snippet:-1, max-image-preview:large, max-video-preview:-1\" \/>\n<link rel=\"canonical\" href=\"https:\/\/dutchhealthstore.com\/de\/product\/feeling-good-today\/\" \/>\n<meta property=\"og:locale\" content=\"de_DE\" \/>\n<meta property=\"og:type\" content=\"article\" \/>\n<meta property=\"og:title\" content=\"Feeling Good Today - Dutch Health Store\" \/>\n<meta property=\"og:description\" content=\"Dieser Rejoice Juice regeneriert den Geist, w\u00e4hrend Sie Ihren K\u00f6rper wiederbeleben und eine rauschende Freisetzung von aufbauenden Peptiden genie\u00dfen.\" \/>\n<meta property=\"og:url\" content=\"https:\/\/dutchhealthstore.com\/de\/product\/feeling-good-today\/\" \/>\n<meta property=\"og:site_name\" content=\"Dutch Health Store\" \/>\n<meta property=\"article:publisher\" content=\"https:\/\/www.instagram.com\/dutchhealthstore\/\" \/>\n<meta property=\"article:modified_time\" content=\"2025-10-28T09:46:53+00:00\" \/>\n<meta property=\"og:image\" content=\"https:\/\/dutchhealthstore.com\/wp-content\/uploads\/2018\/02\/ll-feeling-good-today-15ml.jpg\" \/>\n\t<meta property=\"og:image:width\" content=\"530\" \/>\n\t<meta property=\"og:image:height\" content=\"530\" \/>\n\t<meta property=\"og:image:type\" content=\"image\/jpeg\" \/>\n<meta name=\"twitter:card\" content=\"summary_large_image\" \/>\n<meta name=\"twitter:label1\" content=\"Verf\u00fcgbarkeit\" \/>\n\t<meta name=\"twitter:data1\" content=\"Auf Lager\" \/>\n<script type=\"application\/ld+json\" class=\"yoast-schema-graph\">{\"@context\":\"https:\/\/schema.org\",\"@graph\":[{\"@type\":\"WebPage\",\"@id\":\"https:\/\/dutchhealthstore.com\/de\/product\/feeling-good-today\/\",\"url\":\"https:\/\/dutchhealthstore.com\/de\/product\/feeling-good-today\/\",\"name\":\"Feeling Good Today | Living Libations\",\"isPartOf\":{\"@id\":\"https:\/\/dutchhealthstore.com\/de\/#website\"},\"primaryImageOfPage\":{\"@id\":\"https:\/\/dutchhealthstore.com\/de\/product\/feeling-good-today\/#primaryimage\"},\"image\":{\"@id\":\"https:\/\/dutchhealthstore.com\/de\/product\/feeling-good-today\/#primaryimage\"},\"thumbnailUrl\":\"https:\/\/dutchhealthstore.com\/wp-content\/uploads\/2018\/02\/ll-feeling-good-today-15ml.jpg\",\"datePublished\":\"2018-02-10T20:46:06+00:00\",\"dateModified\":\"2025-10-28T09:46:53+00:00\",\"description\":\"Dieser Rejoice Juice regeneriert den Geist, w\u00e4hrend Sie Ihren K\u00f6rper wiederbeleben und eine rauschende Freisetzung von aufbauenden Peptiden genie\u00dfen.\",\"breadcrumb\":{\"@id\":\"https:\/\/dutchhealthstore.com\/de\/product\/feeling-good-today\/#breadcrumb\"},\"inLanguage\":\"de\",\"potentialAction\":[{\"@type\":\"ReadAction\",\"target\":[\"https:\/\/dutchhealthstore.com\/de\/product\/feeling-good-today\/\"]}]},{\"@type\":\"ImageObject\",\"inLanguage\":\"de\",\"@id\":\"https:\/\/dutchhealthstore.com\/de\/product\/feeling-good-today\/#primaryimage\",\"url\":\"https:\/\/dutchhealthstore.com\/wp-content\/uploads\/2018\/02\/ll-feeling-good-today-15ml.jpg\",\"contentUrl\":\"https:\/\/dutchhealthstore.com\/wp-content\/uploads\/2018\/02\/ll-feeling-good-today-15ml.jpg\",\"width\":530,\"height\":530,\"caption\":\"ll-feeling-good-today-15m\"},{\"@type\":\"BreadcrumbList\",\"@id\":\"https:\/\/dutchhealthstore.com\/de\/product\/feeling-good-today\/#breadcrumb\",\"itemListElement\":[{\"@type\":\"ListItem\",\"position\":1,\"name\":\"Home\",\"item\":\"https:\/\/dutchhealthstore.com\/de\/\"},{\"@type\":\"ListItem\",\"position\":2,\"name\":\"Shop\",\"item\":\"https:\/\/dutchhealthstore.com\/de\/shop-2\/\"},{\"@type\":\"ListItem\",\"position\":3,\"name\":\"Feeling Good Today\"}]},{\"@type\":\"WebSite\",\"@id\":\"https:\/\/dutchhealthstore.com\/de\/#website\",\"url\":\"https:\/\/dutchhealthstore.com\/de\/\",\"name\":\"Dutch Health Store\",\"description\":\"Enhance Your Beauty with Organic &amp; Natural Skincare\",\"publisher\":{\"@id\":\"https:\/\/dutchhealthstore.com\/de\/#organization\"},\"potentialAction\":[{\"@type\":\"SearchAction\",\"target\":{\"@type\":\"EntryPoint\",\"urlTemplate\":\"https:\/\/dutchhealthstore.com\/de\/?s={search_term_string}\"},\"query-input\":{\"@type\":\"PropertyValueSpecification\",\"valueRequired\":true,\"valueName\":\"search_term_string\"}}],\"inLanguage\":\"de\"},{\"@type\":\"Organization\",\"@id\":\"https:\/\/dutchhealthstore.com\/de\/#organization\",\"name\":\"Dutch Health Store\",\"url\":\"https:\/\/dutchhealthstore.com\/de\/\",\"logo\":{\"@type\":\"ImageObject\",\"inLanguage\":\"de\",\"@id\":\"https:\/\/dutchhealthstore.com\/de\/#\/schema\/logo\/image\/\",\"url\":\"https:\/\/dutchhealthstore.com\/wp-content\/uploads\/2020\/08\/logo-dutchhealthstore-jpg-e1599484957574.jpg\",\"contentUrl\":\"https:\/\/dutchhealthstore.com\/wp-content\/uploads\/2020\/08\/logo-dutchhealthstore-jpg-e1599484957574.jpg\",\"width\":400,\"height\":62,\"caption\":\"Dutch Health Store\"},\"image\":{\"@id\":\"https:\/\/dutchhealthstore.com\/de\/#\/schema\/logo\/image\/\"},\"sameAs\":[\"https:\/\/www.instagram.com\/dutchhealthstore\/\",\"https:\/\/www.facebook.com\/dutchhealthstore\"]}]}<\/script>\n<meta property=\"product:brand\" content=\"Living Libations\" \/>\n<meta property=\"og:availability\" content=\"instock\" \/>\n<meta property=\"product:availability\" content=\"instock\" \/>\n<meta property=\"product:condition\" content=\"new\" \/>\n<!-- \/ Yoast SEO Premium plugin. -->","yoast_head_json":{"title":"Feeling Good Today | Living Libations","description":"Dieser Rejoice Juice regeneriert den Geist, w\u00e4hrend Sie Ihren K\u00f6rper wiederbeleben und eine rauschende Freisetzung von aufbauenden Peptiden genie\u00dfen.","robots":{"index":"index","follow":"follow","max-snippet":"max-snippet:-1","max-image-preview":"max-image-preview:large","max-video-preview":"max-video-preview:-1"},"canonical":"https:\/\/dutchhealthstore.com\/de\/product\/feeling-good-today\/","og_locale":"de_DE","og_type":"article","og_title":"Feeling Good Today - Dutch Health Store","og_description":"Dieser Rejoice Juice regeneriert den Geist, w\u00e4hrend Sie Ihren K\u00f6rper wiederbeleben und eine rauschende Freisetzung von aufbauenden Peptiden genie\u00dfen.","og_url":"https:\/\/dutchhealthstore.com\/de\/product\/feeling-good-today\/","og_site_name":"Dutch Health Store","article_publisher":"https:\/\/www.instagram.com\/dutchhealthstore\/","article_modified_time":"2025-10-28T09:46:53+00:00","og_image":[{"width":530,"height":530,"url":"https:\/\/dutchhealthstore.com\/wp-content\/uploads\/2018\/02\/ll-feeling-good-today-15ml.jpg","type":"image\/jpeg"}],"twitter_card":"summary_large_image","twitter_misc":{"Verf\u00fcgbarkeit":"Auf Lager"},"schema":{"@context":"https:\/\/schema.org","@graph":[{"@type":"WebPage","@id":"https:\/\/dutchhealthstore.com\/de\/product\/feeling-good-today\/","url":"https:\/\/dutchhealthstore.com\/de\/product\/feeling-good-today\/","name":"Feeling Good Today | Living Libations","isPartOf":{"@id":"https:\/\/dutchhealthstore.com\/de\/#website"},"primaryImageOfPage":{"@id":"https:\/\/dutchhealthstore.com\/de\/product\/feeling-good-today\/#primaryimage"},"image":{"@id":"https:\/\/dutchhealthstore.com\/de\/product\/feeling-good-today\/#primaryimage"},"thumbnailUrl":"https:\/\/dutchhealthstore.com\/wp-content\/uploads\/2018\/02\/ll-feeling-good-today-15ml.jpg","datePublished":"2018-02-10T20:46:06+00:00","dateModified":"2025-10-28T09:46:53+00:00","description":"Dieser Rejoice Juice regeneriert den Geist, w\u00e4hrend Sie Ihren K\u00f6rper wiederbeleben und eine rauschende Freisetzung von aufbauenden Peptiden genie\u00dfen.","breadcrumb":{"@id":"https:\/\/dutchhealthstore.com\/de\/product\/feeling-good-today\/#breadcrumb"},"inLanguage":"de","potentialAction":[{"@type":"ReadAction","target":["https:\/\/dutchhealthstore.com\/de\/product\/feeling-good-today\/"]}]},{"@type":"ImageObject","inLanguage":"de","@id":"https:\/\/dutchhealthstore.com\/de\/product\/feeling-good-today\/#primaryimage","url":"https:\/\/dutchhealthstore.com\/wp-content\/uploads\/2018\/02\/ll-feeling-good-today-15ml.jpg","contentUrl":"https:\/\/dutchhealthstore.com\/wp-content\/uploads\/2018\/02\/ll-feeling-good-today-15ml.jpg","width":530,"height":530,"caption":"ll-feeling-good-today-15m"},{"@type":"BreadcrumbList","@id":"https:\/\/dutchhealthstore.com\/de\/product\/feeling-good-today\/#breadcrumb","itemListElement":[{"@type":"ListItem","position":1,"name":"Home","item":"https:\/\/dutchhealthstore.com\/de\/"},{"@type":"ListItem","position":2,"name":"Shop","item":"https:\/\/dutchhealthstore.com\/de\/shop-2\/"},{"@type":"ListItem","position":3,"name":"Feeling Good Today"}]},{"@type":"WebSite","@id":"https:\/\/dutchhealthstore.com\/de\/#website","url":"https:\/\/dutchhealthstore.com\/de\/","name":"Dutch Health Store","description":"Enhance Your Beauty with Organic &amp; Natural Skincare","publisher":{"@id":"https:\/\/dutchhealthstore.com\/de\/#organization"},"potentialAction":[{"@type":"SearchAction","target":{"@type":"EntryPoint","urlTemplate":"https:\/\/dutchhealthstore.com\/de\/?s={search_term_string}"},"query-input":{"@type":"PropertyValueSpecification","valueRequired":true,"valueName":"search_term_string"}}],"inLanguage":"de"},{"@type":"Organization","@id":"https:\/\/dutchhealthstore.com\/de\/#organization","name":"Dutch Health Store","url":"https:\/\/dutchhealthstore.com\/de\/","logo":{"@type":"ImageObject","inLanguage":"de","@id":"https:\/\/dutchhealthstore.com\/de\/#\/schema\/logo\/image\/","url":"https:\/\/dutchhealthstore.com\/wp-content\/uploads\/2020\/08\/logo-dutchhealthstore-jpg-e1599484957574.jpg","contentUrl":"https:\/\/dutchhealthstore.com\/wp-content\/uploads\/2020\/08\/logo-dutchhealthstore-jpg-e1599484957574.jpg","width":400,"height":62,"caption":"Dutch Health Store"},"image":{"@id":"https:\/\/dutchhealthstore.com\/de\/#\/schema\/logo\/image\/"},"sameAs":["https:\/\/www.instagram.com\/dutchhealthstore\/","https:\/\/www.facebook.com\/dutchhealthstore"]}]},"product_brand":"Living Libations","og_availability":"instock","product_availability":"instock","product_condition":"new"},"_links":{"self":[{"href":"https:\/\/dutchhealthstore.com\/de\/wp-json\/wp\/v2\/product\/115094","targetHints":{"allow":["GET"]}}],"collection":[{"href":"https:\/\/dutchhealthstore.com\/de\/wp-json\/wp\/v2\/product"}],"about":[{"href":"https:\/\/dutchhealthstore.com\/de\/wp-json\/wp\/v2\/types\/product"}],"replies":[{"embeddable":true,"href":"https:\/\/dutchhealthstore.com\/de\/wp-json\/wp\/v2\/comments?post=115094"}],"wp:featuredmedia":[{"embeddable":true,"href":"https:\/\/dutchhealthstore.com\/de\/wp-json\/wp\/v2\/media\/298969"}],"wp:attachment":[{"href":"https:\/\/dutchhealthstore.com\/de\/wp-json\/wp\/v2\/media?parent=115094"}],"wp:term":[{"taxonomy":"product_brand","embeddable":true,"href":"https:\/\/dutchhealthstore.com\/de\/wp-json\/wp\/v2\/product_brand?post=115094"},{"taxonomy":"product_cat","embeddable":true,"href":"https:\/\/dutchhealthstore.com\/de\/wp-json\/wp\/v2\/product_cat?post=115094"},{"taxonomy":"product_tag","embeddable":true,"href":"https:\/\/dutchhealthstore.com\/de\/wp-json\/wp\/v2\/product_tag?post=115094"}],"curies":[{"name":"wp","href":"https:\/\/api.w.org\/{rel}","templated":true}]}}