{"id":115082,"date":"2020-05-28T08:52:29","date_gmt":"2020-05-28T08:52:29","guid":{"rendered":"https:\/\/dutchhealthstore.com\/product\/forest-cologne-trees-please\/"},"modified":"2025-12-12T21:04:28","modified_gmt":"2025-12-12T20:04:28","slug":"forest-cologne-trees-please","status":"publish","type":"product","link":"https:\/\/dutchhealthstore.com\/de\/product\/forest-cologne-trees-please\/","title":{"rendered":"Forest Cologne \u2013 Trees Please"},"content":{"rendered":"<h3><img decoding=\"async\" class=\"size-full wp-image-69549 alignright\" src=\"https:\/\/dutchhealthstore.com\/wp-content\/uploads\/2019\/08\/NEW-Living-Libations-Logo.jpg\" alt=\"NEW - Living Libations - Logo\" width=\"175\" height=\"82\">Duft-Essenz<\/h3>\n<p>Wenn Ihre Schritte den Waldboden k\u00fcssen, wird der Duft von Kiefern und Zedern freigesetzt und entfesselt sich in pr\u00e4chtiger Fr\u00f6hlichkeit. Der Geist der Fichte l\u00e4dt Vetiver zum Spielen ein, w\u00e4hrend Patchouli und Sandelholz den Weg zu fruchtbar-frischer Majest\u00e4t ebnen.<\/p>\n<p>Der Pfad windet sich tiefer in den Wald hinein und du folgst ihm. Edle Tannen h\u00fcllen dich in eine sch\u00fctzende Umarmung, w\u00e4hrend sie dir den Weg zur\u00fcck zu dir selbst weisen. Fichte und Bergamotte springen von Zweig zu Zweig, w\u00e4hrend die Wei\u00dftanne die Engel der Erde schnitzt und sie zum Tanzen bringt.<\/p>\n<p>Treten Sie mit jedem verehrten Atemzug von Trees Please Forest Cologne in die Tiefen des Waldes ein. Die Leichtigkeit dieses Eau de Cologne \u00f6ffnet die Brust f\u00fcr eine Welt der heiteren Kraft und der belebten Fr\u00f6hlichkeit.<\/p>\n<p>Die B\u00e4ume atmen aus und wir leben!<\/p>\n<h3>Wie benutzt man<\/h3>\n<p>Auf den Hals, die Pulspunkte oder das Haar spr\u00fchen. Dieser durchdringende Duft kann auch als belebender Raumerfrischer und Heimspray verwendet werden, um den Tag mit einem Waldsegen zu bereichern.<\/p>\n<p><strong>Gr\u00f6\u00dfe: 5 ml, 30 ml und 50 ml<\/strong><\/p>\n<h3 class=\"yikes-custom-woo-tab-title yikes-custom-woo-tab-title-natural-organic-ingredients\">Nat\u00fcrliche\/Organische Inhaltsstoffe<\/h3>\n<p><strong>Black Spruce<\/strong> <em>(Picea mariana)<\/em> &#8211; Die seelenverwandte Fichte wird tief im Herzen der kanadischen Wildnis wild geerntet und dampfdestilliert. Fichte ist eine Duftsalbe, die belebend wirkt und f\u00fcr mehr Klarheit sorgt. Genie\u00dfen Sie den einladenden Duft von Immergr\u00fcn, frisch gefallenem Schnee und s\u00fc\u00dfem Holz, w\u00e4hrend Sie den Atem kl\u00e4ren und die Anspannung der Zeit lindern.<\/p>\n<p><strong>Grand Fir<\/strong> <em>(Abies grandis)<\/em> &#8211; Grand Fir sorgt zu jeder Jahreszeit mit seinem reichhaltigen, nadeligen Aroma f\u00fcr Urlaubsstimmung: der nostalgische Duft von Winterkiefern, der mit einem subtilen Hauch von Zitrusfr\u00fcchten einhergeht. Diese Essenz vertieft den Atem, durchbricht emotionale Blockaden und hebt die Stimmung zu Leichtigkeit.<\/p>\n<p><strong>Douglasie<\/strong><em> (Pseudotsuga menziesi<\/em> ) &#8211; Unsere perfekt reinigende Douglasie wird Ihr Gem\u00fct beruhigen und meditative Gef\u00fchle hervorrufen, w\u00e4hrend sie die Tiefenatmung f\u00f6rdert. Die Douglasie macht sich die majest\u00e4tische Kraft dieser hohen B\u00e4ume zunutze. Frische, immergr\u00fcne Apfelnoten machen den Atem frei, f\u00f6rdern den Frieden und verbessern die Beziehungen zu anderen.<\/p>\n<p><strong>Silbertanne<\/strong><em> (Abies alba)<\/em> &#8211; Unser Silbertannen\u00f6l verleiht dieser Mischung eine perfekte Prise skurrilen, winterlichen Sternenlichts. Silver Fir ist ein starker Stimmungsaufheller mit subtilen Zitrusnoten und ein glitzernder Tannentraum mit silbernem Waldglanz.<\/p>\n<p><strong>Zedernholz<\/strong><em> (Cedrus atlantica)<\/em> &#8211; Warmes, holziges Zedernholz wirkt harmonisch beruhigend und erdend. Wenn man sich einen holzigen Duft w\u00fcnscht, um die Sinne zu beleben, ist das Cedar Bark Essential Oil eine zeitgem\u00e4\u00dfe Essenz und eine ansprechende Wahl. Als tiefes, anhaltendes Aroma mit subtilen Ankl\u00e4ngen von S\u00fc\u00dfe ist Zedernholz daf\u00fcr bekannt, bei der Entscheidungsfindung zu helfen, ein ruhiges Gem\u00fct zu f\u00f6rdern und einen klaren Geist zu inspirieren.<\/p>\n<p><strong>Vetiver<\/strong> <em>(Vetiveria zizanioides)<\/em> &#8211; Gr\u00fcner Vetiver ist ein vollmundiger, erdiger Duftstoff, der f\u00fcr seine verwurzelten Kr\u00e4fte der Erneuerung bekannt ist. Der vollmundige Duft von Vetiver bindet Energie und umh\u00fcllt den K\u00f6rper mit erdiger Leidenschaft.<\/p>\n<p><strong>Patchouli<\/strong> <em>(Pogostemon cablin)<\/em> &#8211; Provokatives \u00e4therisches Patchouli-\u00d6l wird in den wilden Wunderlandschaften Indonesiens destilliert und hergestellt, wo das \u00d6l seit Jahrhunderten zur F\u00f6rderung von Frieden, Sinnlichkeit und Liebe verwendet wird. W\u00e4hrend viele Nordamerikaner mit dem synthetischen Duft von Patchouli vertraut sind, der im Sommer der Liebe so beliebt war, ist unser wildwachsendes indonesisches \u00d6l authentisch und unbestreitbar angenehm. Dieses luxuri\u00f6se, sinnliche \u00d6l, dessen \u00fcppig-erdiges Aroma mit zunehmendem Alter immer besser wird, ist ein beliebter Duft, der das erdige Aroma des Waldes einf\u00e4ngt.<\/p>\n<p><strong>Sandelholz<\/strong> <em>(Santalum album)<\/em> &#8211; Gelassenes Sandelholz \u00f6ffnet Herz und Geist mit \u00fcppigen Noten von nussigem, vollmundigem Kernholz mit einem \u00e4therischen, cremigen, sinnlichen Abgang. Als beliebter Inhaltsstoff f\u00fcr die Haut- und Haarpflege sorgt er in diesem Parf\u00fcm f\u00fcr ein entspanntes Gef\u00fchl der Euphorie.<\/p>\n<p><strong>Bergamotte<\/strong> <em>(Citrus bergamia)<\/em> &#8211; Die wohltuende Bergamotte wird aus den zarten Schalen der fast reifen Fr\u00fcchte hergestellt, die unter der winterlichen Sonne Italiens wachsen. Das Bergamotte-\u00d6l, das alle Vorteile von Zitronen und Orangen in sich vereint, wird wegen seiner hautversch\u00f6nernden Eigenschaften und seines frisch-foug\u00e8re, sonnig-zitrischen, fast blumigen, freesienartigen Duftes angebaut.<\/p>\n<p><strong>Biologischer biodynamischer Alkohol<\/strong> &#8211; Biologischer biodynamischer Alkohol dient als Tr\u00e4ger f\u00fcr unsere Bl\u00fctenparf\u00fcms und Waldparf\u00fcms, so dass jede Pflanze m\u00fchelos aromatische Wunder auf der Haut vollbringen kann. Dieser biologische, biodynamische Alkohol ist von h\u00f6chster Qualit\u00e4t und wird dreifach gefiltert, um seine Reinheit zu gew\u00e4hrleisten. Er wird aus zertifizierten biologischen Trauben hergestellt und unabh\u00e4ngig getestet, um sicherzustellen, dass er den Standards der United States Pharmacopeia (USP) f\u00fcr reinen, biologischen Alkohol pharmazeutischer Qualit\u00e4t entspricht.<\/p>\n<p><img fetchpriority=\"high\" decoding=\"async\" class=\"size-medium wp-image-68103 aligncenter\" src=\"https:\/\/dutchhealthstore.com\/wp-content\/uploads\/2018\/02\/Living-Libations-Organic-Logo-800x89.png\" alt=\"Living Libations - Organic Logo\" width=\"800\" height=\"89\" srcset=\"https:\/\/dutchhealthstore.com\/wp-content\/uploads\/2018\/02\/Living-Libations-Organic-Logo-800x89.png 800w, https:\/\/dutchhealthstore.com\/wp-content\/uploads\/2018\/02\/Living-Libations-Organic-Logo-510x57.png 510w, https:\/\/dutchhealthstore.com\/wp-content\/uploads\/2018\/02\/Living-Libations-Organic-Logo-768x85.png 768w, https:\/\/dutchhealthstore.com\/wp-content\/uploads\/2018\/02\/Living-Libations-Organic-Logo.png 1400w\" sizes=\"(max-width: 800px) 100vw, 800px\" \/><\/p>\n","protected":false},"excerpt":{"rendered":"<p>Wenn man einen Waldspaziergang in K\u00f6ln einfangen k\u00f6nnte, dann ist es dieser!<\/p>\n<p>Dieser fruchtig-frische Duft erinnert an ein fr\u00fchmorgendliches Waldspiel, bei dem das ged\u00e4mpfte Sonnenlicht auf den taugetr\u00e4nkten Nadeln alter Tannen ruht. Tauchen Sie mit jedem Einatmen von Trees Please Forest Cologne in einen duftenden Wald ein.<\/p>\n<p>&nbsp;<\/p>\n","protected":false},"featured_media":103496,"comment_status":"open","ping_status":"closed","template":"","meta":[],"product_brand":[],"product_cat":[6700,1493,1210,1048,511],"product_tag":[6740],"class_list":{"0":"post-115082","1":"product","2":"type-product","3":"status-publish","4":"has-post-thumbnail","6":"product_cat-fragrances-de","7":"product_cat-living-libations-deutschland","8":"product_cat-marken","9":"product_cat-kollektion","10":"product_cat-produkte","11":"product_tag-perfume-de","12":"pa_brand-livinglibations-de","13":"pa_fragrances-product-type-colognes-de","14":"pa_fragrances-product-type-for-her-de-2","15":"pa_gtin-7439657370304-de","16":"pa_size-5-ml-de","17":"pa_size-30-ml-de","18":"pa_size-50-ml-de","20":"first","21":"instock","22":"taxable","23":"shipping-taxable","24":"purchasable","25":"product-type-variable"},"bundled_by":[],"bundle_stock_status":"instock","bundle_stock_quantity":null,"bundle_virtual":false,"bundle_layout":"","bundle_add_to_cart_form_location":"","bundle_editable_in_cart":false,"bundle_sold_individually_context":"","bundle_item_grouping":"","bundle_min_size":"","bundle_max_size":"","bundle_price":[],"bundled_items":[],"bundle_sell_ids":[],"atum_controlled":true,"out_stock_date":null,"out_stock_threshold":null,"inheritable":true,"stock_on_hold":0,"sold_today":0,"sales_last_days":0,"out_stock_days":0,"lost_sales":0,"update_date":"2026-04-05T01:45:32","atum_locations":[],"atum_stock_status":"instock","restock_status":false,"low_stock_amount":"","sales_update_date":"2026-04-05T01:45:32","calc_backorders":null,"group_of_quantity":0,"min_quantity":0,"max_quantity":"","exclude_order_quantity_value_rules":"no","exclude_category_quantity_rules":"no","combine_variations":"no","yoast_head":"<!-- This site is optimized with the Yoast SEO Premium plugin v26.5 (Yoast SEO v26.5) - https:\/\/yoast.com\/wordpress\/plugins\/seo\/ -->\n<title>Forest Cologne - Trees Please | Living Libations<\/title>\n<meta name=\"description\" content=\"Wenn man einen Waldspaziergang in K\u00f6ln einfangen k\u00f6nnte, dann ist es dieser! Living Libations Trees Please Forest Cologne ist ein fruchtbar-frischer Duft.\" \/>\n<meta name=\"robots\" content=\"index, follow, max-snippet:-1, max-image-preview:large, max-video-preview:-1\" \/>\n<link rel=\"canonical\" href=\"https:\/\/dutchhealthstore.com\/de\/product\/forest-cologne-trees-please\/\" \/>\n<meta property=\"og:locale\" content=\"de_DE\" \/>\n<meta property=\"og:type\" content=\"article\" \/>\n<meta property=\"og:title\" content=\"Forest Cologne \u2013 Trees Please - Dutch Health Store\" \/>\n<meta property=\"og:description\" content=\"Wenn man einen Waldspaziergang in K\u00f6ln einfangen k\u00f6nnte, dann ist es dieser! Living Libations Trees Please Forest Cologne ist ein fruchtbar-frischer Duft.\" \/>\n<meta property=\"og:url\" content=\"https:\/\/dutchhealthstore.com\/de\/product\/forest-cologne-trees-please\/\" \/>\n<meta property=\"og:site_name\" content=\"Dutch Health Store\" \/>\n<meta property=\"article:publisher\" content=\"https:\/\/www.instagram.com\/dutchhealthstore\/\" \/>\n<meta property=\"article:modified_time\" content=\"2025-12-12T20:04:28+00:00\" \/>\n<meta property=\"og:image\" content=\"https:\/\/dutchhealthstore.com\/wp-content\/uploads\/2020\/05\/Living-Libations-Forest-Cologne-Trees-pleaase.jpg\" \/>\n\t<meta property=\"og:image:width\" content=\"700\" \/>\n\t<meta property=\"og:image:height\" content=\"700\" \/>\n\t<meta property=\"og:image:type\" content=\"image\/jpeg\" \/>\n<meta name=\"twitter:card\" content=\"summary_large_image\" \/>\n<meta name=\"twitter:label1\" content=\"Verf\u00fcgbarkeit\" \/>\n\t<meta name=\"twitter:data1\" content=\"Auf Lager\" \/>\n<script type=\"application\/ld+json\" class=\"yoast-schema-graph\">{\"@context\":\"https:\/\/schema.org\",\"@graph\":[{\"@type\":\"WebPage\",\"@id\":\"https:\/\/dutchhealthstore.com\/de\/product\/forest-cologne-trees-please\/\",\"url\":\"https:\/\/dutchhealthstore.com\/de\/product\/forest-cologne-trees-please\/\",\"name\":\"Forest Cologne - Trees Please | Living Libations\",\"isPartOf\":{\"@id\":\"https:\/\/dutchhealthstore.com\/de\/#website\"},\"primaryImageOfPage\":{\"@id\":\"https:\/\/dutchhealthstore.com\/de\/product\/forest-cologne-trees-please\/#primaryimage\"},\"image\":{\"@id\":\"https:\/\/dutchhealthstore.com\/de\/product\/forest-cologne-trees-please\/#primaryimage\"},\"thumbnailUrl\":\"https:\/\/dutchhealthstore.com\/wp-content\/uploads\/2020\/05\/Living-Libations-Forest-Cologne-Trees-pleaase.jpg\",\"datePublished\":\"2020-05-28T08:52:29+00:00\",\"dateModified\":\"2025-12-12T20:04:28+00:00\",\"description\":\"Wenn man einen Waldspaziergang in K\u00f6ln einfangen k\u00f6nnte, dann ist es dieser! Living Libations Trees Please Forest Cologne ist ein fruchtbar-frischer Duft.\",\"breadcrumb\":{\"@id\":\"https:\/\/dutchhealthstore.com\/de\/product\/forest-cologne-trees-please\/#breadcrumb\"},\"inLanguage\":\"de\",\"potentialAction\":[{\"@type\":\"ReadAction\",\"target\":[\"https:\/\/dutchhealthstore.com\/de\/product\/forest-cologne-trees-please\/\"]}]},{\"@type\":\"ImageObject\",\"inLanguage\":\"de\",\"@id\":\"https:\/\/dutchhealthstore.com\/de\/product\/forest-cologne-trees-please\/#primaryimage\",\"url\":\"https:\/\/dutchhealthstore.com\/wp-content\/uploads\/2020\/05\/Living-Libations-Forest-Cologne-Trees-pleaase.jpg\",\"contentUrl\":\"https:\/\/dutchhealthstore.com\/wp-content\/uploads\/2020\/05\/Living-Libations-Forest-Cologne-Trees-pleaase.jpg\",\"width\":700,\"height\":700},{\"@type\":\"BreadcrumbList\",\"@id\":\"https:\/\/dutchhealthstore.com\/de\/product\/forest-cologne-trees-please\/#breadcrumb\",\"itemListElement\":[{\"@type\":\"ListItem\",\"position\":1,\"name\":\"Home\",\"item\":\"https:\/\/dutchhealthstore.com\/de\/\"},{\"@type\":\"ListItem\",\"position\":2,\"name\":\"Shop\",\"item\":\"https:\/\/dutchhealthstore.com\/de\/shop-2\/\"},{\"@type\":\"ListItem\",\"position\":3,\"name\":\"Forest Cologne \u2013 Trees Please\"}]},{\"@type\":\"WebSite\",\"@id\":\"https:\/\/dutchhealthstore.com\/de\/#website\",\"url\":\"https:\/\/dutchhealthstore.com\/de\/\",\"name\":\"Dutch Health Store\",\"description\":\"Enhance Your Beauty with Organic &amp; Natural Skincare\",\"publisher\":{\"@id\":\"https:\/\/dutchhealthstore.com\/de\/#organization\"},\"potentialAction\":[{\"@type\":\"SearchAction\",\"target\":{\"@type\":\"EntryPoint\",\"urlTemplate\":\"https:\/\/dutchhealthstore.com\/de\/?s={search_term_string}\"},\"query-input\":{\"@type\":\"PropertyValueSpecification\",\"valueRequired\":true,\"valueName\":\"search_term_string\"}}],\"inLanguage\":\"de\"},{\"@type\":\"Organization\",\"@id\":\"https:\/\/dutchhealthstore.com\/de\/#organization\",\"name\":\"Dutch Health Store\",\"url\":\"https:\/\/dutchhealthstore.com\/de\/\",\"logo\":{\"@type\":\"ImageObject\",\"inLanguage\":\"de\",\"@id\":\"https:\/\/dutchhealthstore.com\/de\/#\/schema\/logo\/image\/\",\"url\":\"https:\/\/dutchhealthstore.com\/wp-content\/uploads\/2020\/08\/logo-dutchhealthstore-jpg-e1599484957574.jpg\",\"contentUrl\":\"https:\/\/dutchhealthstore.com\/wp-content\/uploads\/2020\/08\/logo-dutchhealthstore-jpg-e1599484957574.jpg\",\"width\":400,\"height\":62,\"caption\":\"Dutch Health Store\"},\"image\":{\"@id\":\"https:\/\/dutchhealthstore.com\/de\/#\/schema\/logo\/image\/\"},\"sameAs\":[\"https:\/\/www.instagram.com\/dutchhealthstore\/\",\"https:\/\/www.facebook.com\/dutchhealthstore\"]}]}<\/script>\n<meta property=\"product:brand\" content=\"Living Libations\" \/>\n<meta property=\"og:availability\" content=\"instock\" \/>\n<meta property=\"product:availability\" content=\"instock\" \/>\n<meta property=\"product:condition\" content=\"new\" \/>\n<!-- \/ Yoast SEO Premium plugin. -->","yoast_head_json":{"title":"Forest Cologne - Trees Please | Living Libations","description":"Wenn man einen Waldspaziergang in K\u00f6ln einfangen k\u00f6nnte, dann ist es dieser! Living Libations Trees Please Forest Cologne ist ein fruchtbar-frischer Duft.","robots":{"index":"index","follow":"follow","max-snippet":"max-snippet:-1","max-image-preview":"max-image-preview:large","max-video-preview":"max-video-preview:-1"},"canonical":"https:\/\/dutchhealthstore.com\/de\/product\/forest-cologne-trees-please\/","og_locale":"de_DE","og_type":"article","og_title":"Forest Cologne \u2013 Trees Please - Dutch Health Store","og_description":"Wenn man einen Waldspaziergang in K\u00f6ln einfangen k\u00f6nnte, dann ist es dieser! Living Libations Trees Please Forest Cologne ist ein fruchtbar-frischer Duft.","og_url":"https:\/\/dutchhealthstore.com\/de\/product\/forest-cologne-trees-please\/","og_site_name":"Dutch Health Store","article_publisher":"https:\/\/www.instagram.com\/dutchhealthstore\/","article_modified_time":"2025-12-12T20:04:28+00:00","og_image":[{"width":700,"height":700,"url":"https:\/\/dutchhealthstore.com\/wp-content\/uploads\/2020\/05\/Living-Libations-Forest-Cologne-Trees-pleaase.jpg","type":"image\/jpeg"}],"twitter_card":"summary_large_image","twitter_misc":{"Verf\u00fcgbarkeit":"Auf Lager"},"schema":{"@context":"https:\/\/schema.org","@graph":[{"@type":"WebPage","@id":"https:\/\/dutchhealthstore.com\/de\/product\/forest-cologne-trees-please\/","url":"https:\/\/dutchhealthstore.com\/de\/product\/forest-cologne-trees-please\/","name":"Forest Cologne - Trees Please | Living Libations","isPartOf":{"@id":"https:\/\/dutchhealthstore.com\/de\/#website"},"primaryImageOfPage":{"@id":"https:\/\/dutchhealthstore.com\/de\/product\/forest-cologne-trees-please\/#primaryimage"},"image":{"@id":"https:\/\/dutchhealthstore.com\/de\/product\/forest-cologne-trees-please\/#primaryimage"},"thumbnailUrl":"https:\/\/dutchhealthstore.com\/wp-content\/uploads\/2020\/05\/Living-Libations-Forest-Cologne-Trees-pleaase.jpg","datePublished":"2020-05-28T08:52:29+00:00","dateModified":"2025-12-12T20:04:28+00:00","description":"Wenn man einen Waldspaziergang in K\u00f6ln einfangen k\u00f6nnte, dann ist es dieser! Living Libations Trees Please Forest Cologne ist ein fruchtbar-frischer Duft.","breadcrumb":{"@id":"https:\/\/dutchhealthstore.com\/de\/product\/forest-cologne-trees-please\/#breadcrumb"},"inLanguage":"de","potentialAction":[{"@type":"ReadAction","target":["https:\/\/dutchhealthstore.com\/de\/product\/forest-cologne-trees-please\/"]}]},{"@type":"ImageObject","inLanguage":"de","@id":"https:\/\/dutchhealthstore.com\/de\/product\/forest-cologne-trees-please\/#primaryimage","url":"https:\/\/dutchhealthstore.com\/wp-content\/uploads\/2020\/05\/Living-Libations-Forest-Cologne-Trees-pleaase.jpg","contentUrl":"https:\/\/dutchhealthstore.com\/wp-content\/uploads\/2020\/05\/Living-Libations-Forest-Cologne-Trees-pleaase.jpg","width":700,"height":700},{"@type":"BreadcrumbList","@id":"https:\/\/dutchhealthstore.com\/de\/product\/forest-cologne-trees-please\/#breadcrumb","itemListElement":[{"@type":"ListItem","position":1,"name":"Home","item":"https:\/\/dutchhealthstore.com\/de\/"},{"@type":"ListItem","position":2,"name":"Shop","item":"https:\/\/dutchhealthstore.com\/de\/shop-2\/"},{"@type":"ListItem","position":3,"name":"Forest Cologne \u2013 Trees Please"}]},{"@type":"WebSite","@id":"https:\/\/dutchhealthstore.com\/de\/#website","url":"https:\/\/dutchhealthstore.com\/de\/","name":"Dutch Health Store","description":"Enhance Your Beauty with Organic &amp; Natural Skincare","publisher":{"@id":"https:\/\/dutchhealthstore.com\/de\/#organization"},"potentialAction":[{"@type":"SearchAction","target":{"@type":"EntryPoint","urlTemplate":"https:\/\/dutchhealthstore.com\/de\/?s={search_term_string}"},"query-input":{"@type":"PropertyValueSpecification","valueRequired":true,"valueName":"search_term_string"}}],"inLanguage":"de"},{"@type":"Organization","@id":"https:\/\/dutchhealthstore.com\/de\/#organization","name":"Dutch Health Store","url":"https:\/\/dutchhealthstore.com\/de\/","logo":{"@type":"ImageObject","inLanguage":"de","@id":"https:\/\/dutchhealthstore.com\/de\/#\/schema\/logo\/image\/","url":"https:\/\/dutchhealthstore.com\/wp-content\/uploads\/2020\/08\/logo-dutchhealthstore-jpg-e1599484957574.jpg","contentUrl":"https:\/\/dutchhealthstore.com\/wp-content\/uploads\/2020\/08\/logo-dutchhealthstore-jpg-e1599484957574.jpg","width":400,"height":62,"caption":"Dutch Health Store"},"image":{"@id":"https:\/\/dutchhealthstore.com\/de\/#\/schema\/logo\/image\/"},"sameAs":["https:\/\/www.instagram.com\/dutchhealthstore\/","https:\/\/www.facebook.com\/dutchhealthstore"]}]},"product_brand":"Living Libations","og_availability":"instock","product_availability":"instock","product_condition":"new"},"_links":{"self":[{"href":"https:\/\/dutchhealthstore.com\/de\/wp-json\/wp\/v2\/product\/115082","targetHints":{"allow":["GET"]}}],"collection":[{"href":"https:\/\/dutchhealthstore.com\/de\/wp-json\/wp\/v2\/product"}],"about":[{"href":"https:\/\/dutchhealthstore.com\/de\/wp-json\/wp\/v2\/types\/product"}],"replies":[{"embeddable":true,"href":"https:\/\/dutchhealthstore.com\/de\/wp-json\/wp\/v2\/comments?post=115082"}],"wp:featuredmedia":[{"embeddable":true,"href":"https:\/\/dutchhealthstore.com\/de\/wp-json\/wp\/v2\/media\/103496"}],"wp:attachment":[{"href":"https:\/\/dutchhealthstore.com\/de\/wp-json\/wp\/v2\/media?parent=115082"}],"wp:term":[{"taxonomy":"product_brand","embeddable":true,"href":"https:\/\/dutchhealthstore.com\/de\/wp-json\/wp\/v2\/product_brand?post=115082"},{"taxonomy":"product_cat","embeddable":true,"href":"https:\/\/dutchhealthstore.com\/de\/wp-json\/wp\/v2\/product_cat?post=115082"},{"taxonomy":"product_tag","embeddable":true,"href":"https:\/\/dutchhealthstore.com\/de\/wp-json\/wp\/v2\/product_tag?post=115082"}],"curies":[{"name":"wp","href":"https:\/\/api.w.org\/{rel}","templated":true}]}}