{"id":115038,"date":"2020-05-26T14:00:25","date_gmt":"2020-05-26T14:00:25","guid":{"rendered":"https:\/\/dutchhealthstore.com\/product\/forest-cologne-radiant-earth-of-deep-delight\/"},"modified":"2025-12-10T23:46:14","modified_gmt":"2025-12-10T22:46:14","slug":"forest-cologne-radiant-earth-of-deep-delight","status":"publish","type":"product","link":"https:\/\/dutchhealthstore.com\/de\/product\/forest-cologne-radiant-earth-of-deep-delight\/","title":{"rendered":"Forest Cologne \u2013 Radiant Earth of Deep Delight"},"content":{"rendered":"<h3><img decoding=\"async\" class=\"size-full wp-image-69549 alignright\" src=\"https:\/\/dutchhealthstore.com\/wp-content\/uploads\/2019\/08\/NEW-Living-Libations-Logo.jpg\" alt=\"NEW - Living Libations - Logo\" width=\"175\" height=\"82\">Dufterlebnis<\/h3>\n<p>Aus den Tiefen des Erdbodens entspringt eine strahlende Mischung aus samtig-w\u00fcrzigen Aromen, die unendlich begeistern!<br \/>\n<strong>Radiant Earth of Deep Delight Forest Cologne<\/strong> ist eine Kombination aus erdendem und erhebendem Duft, der die Wurzeln durchdringen l\u00e4sst, w\u00e4hrend die Sinne in strahlender Freude schwelgen.<\/p>\n<h3>Instruktion<\/h3>\n<p>Auf die Brust, den Hals oder die Pulspunkte spr\u00fchen. Der Duft von Zitrone hebt die Stimmung und zaubert ein L\u00e4cheln auf Ihr Gesicht. Verleihen Sie Ihrem Raum eine positive Ausstrahlung mit den sauberen, frischen D\u00fcften dieses Parfums. Beginnen Sie Ihren Tag mit dem sanft-maskulinen Duft von, um Selbstvertrauen auszustrahlen oder beenden Sie einen langen Tag mit diesem Geschenk der Erde zum Ausklang.<\/p>\n<p><strong>Gr\u00f6\u00dfe: 5 ml, 30 ml und 50 ml<\/strong><\/p>\n<h3 class=\"yikes-custom-woo-tab-title yikes-custom-woo-tab-title-natural-organic-intredients\">Nat\u00fcrliche\/Organische Inhaltsstoffe<\/h3>\n<p><strong>\u00c4therisches Vetiver\u00f6l <\/strong><em>(Vetiveria zizanioides) &#8211; <\/em>Aus den langen Ranken des blattgr\u00fcnen Wildgrases destilliert, ist Vetiver ein vollmundiges Aroma mit krautigen Noten von Gew\u00fcrzen und Erde. Das robuste, schwer duftende Gr\u00fcn des Vetiver bietet aromatherapeutische Vorteile, die anregend, beruhigend und erdend sind.<\/p>\n<p><strong>\u00c4therisches Sandelholz\u00f6l <\/strong><em>(Santalum album)<\/em> &#8211; Heiteres Sandelholz \u00f6ffnet das Herz und den Geist mit \u00fcppigen Noten von nussigem, vollmundigem Kernholz mit einem \u00e4therischen, cremigen, sinnlichen Abgang. Als beliebter Inhaltsstoff f\u00fcr die Haut- und Haarpflege sorgt er in diesem Parf\u00fcm f\u00fcr ein entspanntes Gef\u00fchl der Euphorie.<\/p>\n<p><strong>Cardamom Essential Oil<\/strong><em> <\/em><em>(Elettaria cardamomum)<\/em> &#8211; Der charismatische Kardamom ist eine erregende Essenz, die auch eine pflanzliche Koryph\u00e4e ist, die seit \u00fcber 4.000 Jahren verwendet wird und sich bew\u00e4hrt hat. Der Duft von Kardamom ist warm, gr\u00fcn und w\u00fcrzig und hat eine erfrischende und belebende Wirkung. St\u00e4rken Sie Ihren Geist und heiligen Sie Ihre Haut mit dem zeitlosen Charme von reinem Kardamom.<\/p>\n<p><strong>Vanille<\/strong><em> (Vanilla planifolia) &#8211;<\/em> Samtige Vanille geht \u00fcber das Gew\u00f6hnliche hinaus in einer Destillation, die 200 Mal st\u00e4rker ist als Vanilleextrakt. Samtige Vanille ist ein ber\u00fcchtigter Lustbringer. Seine s\u00fc\u00dfe Umarmung aus honigartiger W\u00e4rme l\u00e4sst Spannungen schmelzen und entspannt zum Spiel!<\/p>\n<p><strong>\u00c4therisches Zitronen\u00f6l<\/strong> <em>(Citrus limon)<\/em> &#8211; Die lebendige Zitronenessenz verleiht diesem Parf\u00fcm seine Bl\u00fcte und bietet eine Vielzahl von Vorteilen f\u00fcr Geist, K\u00f6rper und Seele. Es ist ein fr\u00f6hlicher, belebender Duft, der die besten Eigenschaften von Gardenie und Jasmin zur Geltung bringt.<\/p>\n<p><strong>Biologischer biodynamischer Alkohol<\/strong> &#8211; Biologischer biodynamischer Alkohol dient als Tr\u00e4ger f\u00fcr unsere Bl\u00fctenparf\u00fcms und Waldparf\u00fcms, so dass jede Pflanze m\u00fchelos aromatische Wunder auf der Haut vollbringen kann. Dieser biologische, biodynamische Alkohol ist von h\u00f6chster Qualit\u00e4t und wird dreifach gefiltert, um seine Reinheit zu gew\u00e4hrleisten. Er wird aus zertifizierten biologischen Trauben hergestellt und unabh\u00e4ngig getestet, um sicherzustellen, dass er den Standards der United States Pharmacopeia (USP) f\u00fcr reinen, biologischen Alkohol pharmazeutischer Qualit\u00e4t entspricht.<\/p>\n<p><strong>Siehe unseren YouTube-Clip zu diesem Produkt<\/strong><\/p>\n<p><iframe title=\"Petal Perfumes and Forest Colognes\" width=\"1020\" height=\"574\" src=\"https:\/\/www.youtube.com\/embed\/EwyPpgM4bhk?feature=oembed\" frameborder=\"0\" allow=\"accelerometer; autoplay; encrypted-media; gyroscope; picture-in-picture\" allowfullscreen><\/iframe><\/p>\n<p>&nbsp;<\/p>\n<p><img fetchpriority=\"high\" decoding=\"async\" class=\"size-medium wp-image-68103 aligncenter\" src=\"https:\/\/dutchhealthstore.com\/wp-content\/uploads\/2018\/02\/Living-Libations-Organic-Logo-800x89.png\" alt=\"Living Libations - Organic Logo\" width=\"800\" height=\"89\" srcset=\"https:\/\/dutchhealthstore.com\/wp-content\/uploads\/2018\/02\/Living-Libations-Organic-Logo-800x89.png 800w, https:\/\/dutchhealthstore.com\/wp-content\/uploads\/2018\/02\/Living-Libations-Organic-Logo-510x57.png 510w, https:\/\/dutchhealthstore.com\/wp-content\/uploads\/2018\/02\/Living-Libations-Organic-Logo-768x85.png 768w, https:\/\/dutchhealthstore.com\/wp-content\/uploads\/2018\/02\/Living-Libations-Organic-Logo.png 1400w\" sizes=\"(max-width: 800px) 100vw, 800px\" \/><\/p>\n","protected":false},"excerpt":{"rendered":"<p>Erden Sie sich in Living Libations <strong>Radiant <\/strong><strong>Earth of <\/strong><strong>Deep <\/strong><strong>Delight<\/strong>, w\u00e4hrend Ihr Geist durch die Weiten des Waldes fliegt &#8211; ein Parf\u00fcm, das Ihnen Wurzeln gibt, w\u00e4hrend Sie im Flug schwelgen!<\/p>\n<p>Dieses gr\u00fcne und sinnliche Vergn\u00fcgen entfesselt Ihren eigenen nat\u00fcrlichen Duft, der von \u00fcppigen Erdaromen durchwirkt wird.<\/p>\n<p>&nbsp;<\/p>\n","protected":false},"featured_media":103353,"comment_status":"open","ping_status":"closed","template":"","meta":[],"product_brand":[],"product_cat":[6700,1493,1210,1048,511],"product_tag":[6740],"class_list":{"0":"post-115038","1":"product","2":"type-product","3":"status-publish","4":"has-post-thumbnail","6":"product_cat-fragrances-de","7":"product_cat-living-libations-deutschland","8":"product_cat-marken","9":"product_cat-kollektion","10":"product_cat-produkte","11":"product_tag-perfume-de","12":"pa_brand-livinglibations-de","13":"pa_fragrances-product-type-colognes-de","14":"pa_fragrances-product-type-for-her-de-2","15":"pa_gtin-7439657369384-de","16":"pa_size-30-ml-de","17":"pa_size-5-ml-de","18":"pa_size-50-ml-de","20":"first","21":"instock","22":"taxable","23":"shipping-taxable","24":"purchasable","25":"product-type-variable"},"bundled_by":[],"bundle_stock_status":"instock","bundle_stock_quantity":null,"bundle_virtual":false,"bundle_layout":"","bundle_add_to_cart_form_location":"","bundle_editable_in_cart":false,"bundle_sold_individually_context":"","bundle_item_grouping":"","bundle_min_size":"","bundle_max_size":"","bundle_price":[],"bundled_items":[],"bundle_sell_ids":[303446],"atum_controlled":true,"out_stock_date":null,"out_stock_threshold":null,"inheritable":true,"stock_on_hold":2,"sold_today":0,"sales_last_days":1,"out_stock_days":0,"lost_sales":0,"update_date":"2026-05-07T11:09:17","atum_locations":[],"atum_stock_status":"instock","restock_status":false,"low_stock_amount":"","sales_update_date":"2026-05-07T11:09:17","calc_backorders":null,"group_of_quantity":0,"min_quantity":0,"max_quantity":"","exclude_order_quantity_value_rules":"no","exclude_category_quantity_rules":"no","combine_variations":"no","yoast_head":"<!-- This site is optimized with the Yoast SEO Premium plugin v26.5 (Yoast SEO v26.5) - https:\/\/yoast.com\/wordpress\/plugins\/seo\/ -->\n<title>Forest Cologne - Radiant Earth of Deep Delight | Living Libations<\/title>\n<meta name=\"description\" content=\"Erden Sie sich in Living Libations Radiant Earth of Deep Delight, w\u00e4hrend Ihr Geist durch die Wonnen des Waldes hochfliegt.\" \/>\n<meta name=\"robots\" content=\"index, follow, max-snippet:-1, max-image-preview:large, max-video-preview:-1\" \/>\n<link rel=\"canonical\" href=\"https:\/\/dutchhealthstore.com\/de\/product\/forest-cologne-radiant-earth-of-deep-delight\/\" \/>\n<meta property=\"og:locale\" content=\"de_DE\" \/>\n<meta property=\"og:type\" content=\"article\" \/>\n<meta property=\"og:title\" content=\"Forest Cologne \u2013 Radiant Earth of Deep Delight - Dutch Health Store\" \/>\n<meta property=\"og:description\" content=\"Erden Sie sich in Living Libations Radiant Earth of Deep Delight, w\u00e4hrend Ihr Geist durch die Wonnen des Waldes hochfliegt.\" \/>\n<meta property=\"og:url\" content=\"https:\/\/dutchhealthstore.com\/de\/product\/forest-cologne-radiant-earth-of-deep-delight\/\" \/>\n<meta property=\"og:site_name\" content=\"Dutch Health Store\" \/>\n<meta property=\"article:publisher\" content=\"https:\/\/www.instagram.com\/dutchhealthstore\/\" \/>\n<meta property=\"article:modified_time\" content=\"2025-12-10T22:46:14+00:00\" \/>\n<meta property=\"og:image\" content=\"https:\/\/dutchhealthstore.com\/wp-content\/uploads\/2020\/05\/Forest-Cologne-\u2013-Radiant-Earth-of-Deep-Delight-Living-Libations-3.jpg\" \/>\n\t<meta property=\"og:image:width\" content=\"700\" \/>\n\t<meta property=\"og:image:height\" content=\"700\" \/>\n\t<meta property=\"og:image:type\" content=\"image\/jpeg\" \/>\n<meta name=\"twitter:card\" content=\"summary_large_image\" \/>\n<meta name=\"twitter:label1\" content=\"Verf\u00fcgbarkeit\" \/>\n\t<meta name=\"twitter:data1\" content=\"Auf Lager\" \/>\n<script type=\"application\/ld+json\" class=\"yoast-schema-graph\">{\"@context\":\"https:\/\/schema.org\",\"@graph\":[{\"@type\":\"WebPage\",\"@id\":\"https:\/\/dutchhealthstore.com\/de\/product\/forest-cologne-radiant-earth-of-deep-delight\/\",\"url\":\"https:\/\/dutchhealthstore.com\/de\/product\/forest-cologne-radiant-earth-of-deep-delight\/\",\"name\":\"Forest Cologne - Radiant Earth of Deep Delight | Living Libations\",\"isPartOf\":{\"@id\":\"https:\/\/dutchhealthstore.com\/de\/#website\"},\"primaryImageOfPage\":{\"@id\":\"https:\/\/dutchhealthstore.com\/de\/product\/forest-cologne-radiant-earth-of-deep-delight\/#primaryimage\"},\"image\":{\"@id\":\"https:\/\/dutchhealthstore.com\/de\/product\/forest-cologne-radiant-earth-of-deep-delight\/#primaryimage\"},\"thumbnailUrl\":\"https:\/\/dutchhealthstore.com\/wp-content\/uploads\/2020\/05\/Forest-Cologne-\u2013-Radiant-Earth-of-Deep-Delight-Living-Libations-3.jpg\",\"datePublished\":\"2020-05-26T14:00:25+00:00\",\"dateModified\":\"2025-12-10T22:46:14+00:00\",\"description\":\"Erden Sie sich in Living Libations Radiant Earth of Deep Delight, w\u00e4hrend Ihr Geist durch die Wonnen des Waldes hochfliegt.\",\"breadcrumb\":{\"@id\":\"https:\/\/dutchhealthstore.com\/de\/product\/forest-cologne-radiant-earth-of-deep-delight\/#breadcrumb\"},\"inLanguage\":\"de\",\"potentialAction\":[{\"@type\":\"ReadAction\",\"target\":[\"https:\/\/dutchhealthstore.com\/de\/product\/forest-cologne-radiant-earth-of-deep-delight\/\"]}]},{\"@type\":\"ImageObject\",\"inLanguage\":\"de\",\"@id\":\"https:\/\/dutchhealthstore.com\/de\/product\/forest-cologne-radiant-earth-of-deep-delight\/#primaryimage\",\"url\":\"https:\/\/dutchhealthstore.com\/wp-content\/uploads\/2020\/05\/Forest-Cologne-\u2013-Radiant-Earth-of-Deep-Delight-Living-Libations-3.jpg\",\"contentUrl\":\"https:\/\/dutchhealthstore.com\/wp-content\/uploads\/2020\/05\/Forest-Cologne-\u2013-Radiant-Earth-of-Deep-Delight-Living-Libations-3.jpg\",\"width\":700,\"height\":700,\"caption\":\"Forest Cologne \u2013 Radiant Earth of Deep Delight Living Libations 3\"},{\"@type\":\"BreadcrumbList\",\"@id\":\"https:\/\/dutchhealthstore.com\/de\/product\/forest-cologne-radiant-earth-of-deep-delight\/#breadcrumb\",\"itemListElement\":[{\"@type\":\"ListItem\",\"position\":1,\"name\":\"Home\",\"item\":\"https:\/\/dutchhealthstore.com\/de\/\"},{\"@type\":\"ListItem\",\"position\":2,\"name\":\"Shop\",\"item\":\"https:\/\/dutchhealthstore.com\/de\/shop-2\/\"},{\"@type\":\"ListItem\",\"position\":3,\"name\":\"Forest Cologne \u2013 Radiant Earth of Deep Delight\"}]},{\"@type\":\"WebSite\",\"@id\":\"https:\/\/dutchhealthstore.com\/de\/#website\",\"url\":\"https:\/\/dutchhealthstore.com\/de\/\",\"name\":\"Dutch Health Store\",\"description\":\"Enhance Your Beauty with Organic &amp; Natural Skincare\",\"publisher\":{\"@id\":\"https:\/\/dutchhealthstore.com\/de\/#organization\"},\"potentialAction\":[{\"@type\":\"SearchAction\",\"target\":{\"@type\":\"EntryPoint\",\"urlTemplate\":\"https:\/\/dutchhealthstore.com\/de\/?s={search_term_string}\"},\"query-input\":{\"@type\":\"PropertyValueSpecification\",\"valueRequired\":true,\"valueName\":\"search_term_string\"}}],\"inLanguage\":\"de\"},{\"@type\":\"Organization\",\"@id\":\"https:\/\/dutchhealthstore.com\/de\/#organization\",\"name\":\"Dutch Health Store\",\"url\":\"https:\/\/dutchhealthstore.com\/de\/\",\"logo\":{\"@type\":\"ImageObject\",\"inLanguage\":\"de\",\"@id\":\"https:\/\/dutchhealthstore.com\/de\/#\/schema\/logo\/image\/\",\"url\":\"https:\/\/dutchhealthstore.com\/wp-content\/uploads\/2020\/08\/logo-dutchhealthstore-jpg-e1599484957574.jpg\",\"contentUrl\":\"https:\/\/dutchhealthstore.com\/wp-content\/uploads\/2020\/08\/logo-dutchhealthstore-jpg-e1599484957574.jpg\",\"width\":400,\"height\":62,\"caption\":\"Dutch Health Store\"},\"image\":{\"@id\":\"https:\/\/dutchhealthstore.com\/de\/#\/schema\/logo\/image\/\"},\"sameAs\":[\"https:\/\/www.instagram.com\/dutchhealthstore\/\",\"https:\/\/www.facebook.com\/dutchhealthstore\"]}]}<\/script>\n<meta property=\"product:brand\" content=\"Living Libations\" \/>\n<meta property=\"og:availability\" content=\"instock\" \/>\n<meta property=\"product:availability\" content=\"instock\" \/>\n<meta property=\"product:condition\" content=\"new\" \/>\n<!-- \/ Yoast SEO Premium plugin. -->","yoast_head_json":{"title":"Forest Cologne - Radiant Earth of Deep Delight | Living Libations","description":"Erden Sie sich in Living Libations Radiant Earth of Deep Delight, w\u00e4hrend Ihr Geist durch die Wonnen des Waldes hochfliegt.","robots":{"index":"index","follow":"follow","max-snippet":"max-snippet:-1","max-image-preview":"max-image-preview:large","max-video-preview":"max-video-preview:-1"},"canonical":"https:\/\/dutchhealthstore.com\/de\/product\/forest-cologne-radiant-earth-of-deep-delight\/","og_locale":"de_DE","og_type":"article","og_title":"Forest Cologne \u2013 Radiant Earth of Deep Delight - Dutch Health Store","og_description":"Erden Sie sich in Living Libations Radiant Earth of Deep Delight, w\u00e4hrend Ihr Geist durch die Wonnen des Waldes hochfliegt.","og_url":"https:\/\/dutchhealthstore.com\/de\/product\/forest-cologne-radiant-earth-of-deep-delight\/","og_site_name":"Dutch Health Store","article_publisher":"https:\/\/www.instagram.com\/dutchhealthstore\/","article_modified_time":"2025-12-10T22:46:14+00:00","og_image":[{"width":700,"height":700,"url":"https:\/\/dutchhealthstore.com\/wp-content\/uploads\/2020\/05\/Forest-Cologne-\u2013-Radiant-Earth-of-Deep-Delight-Living-Libations-3.jpg","type":"image\/jpeg"}],"twitter_card":"summary_large_image","twitter_misc":{"Verf\u00fcgbarkeit":"Auf Lager"},"schema":{"@context":"https:\/\/schema.org","@graph":[{"@type":"WebPage","@id":"https:\/\/dutchhealthstore.com\/de\/product\/forest-cologne-radiant-earth-of-deep-delight\/","url":"https:\/\/dutchhealthstore.com\/de\/product\/forest-cologne-radiant-earth-of-deep-delight\/","name":"Forest Cologne - Radiant Earth of Deep Delight | Living Libations","isPartOf":{"@id":"https:\/\/dutchhealthstore.com\/de\/#website"},"primaryImageOfPage":{"@id":"https:\/\/dutchhealthstore.com\/de\/product\/forest-cologne-radiant-earth-of-deep-delight\/#primaryimage"},"image":{"@id":"https:\/\/dutchhealthstore.com\/de\/product\/forest-cologne-radiant-earth-of-deep-delight\/#primaryimage"},"thumbnailUrl":"https:\/\/dutchhealthstore.com\/wp-content\/uploads\/2020\/05\/Forest-Cologne-\u2013-Radiant-Earth-of-Deep-Delight-Living-Libations-3.jpg","datePublished":"2020-05-26T14:00:25+00:00","dateModified":"2025-12-10T22:46:14+00:00","description":"Erden Sie sich in Living Libations Radiant Earth of Deep Delight, w\u00e4hrend Ihr Geist durch die Wonnen des Waldes hochfliegt.","breadcrumb":{"@id":"https:\/\/dutchhealthstore.com\/de\/product\/forest-cologne-radiant-earth-of-deep-delight\/#breadcrumb"},"inLanguage":"de","potentialAction":[{"@type":"ReadAction","target":["https:\/\/dutchhealthstore.com\/de\/product\/forest-cologne-radiant-earth-of-deep-delight\/"]}]},{"@type":"ImageObject","inLanguage":"de","@id":"https:\/\/dutchhealthstore.com\/de\/product\/forest-cologne-radiant-earth-of-deep-delight\/#primaryimage","url":"https:\/\/dutchhealthstore.com\/wp-content\/uploads\/2020\/05\/Forest-Cologne-\u2013-Radiant-Earth-of-Deep-Delight-Living-Libations-3.jpg","contentUrl":"https:\/\/dutchhealthstore.com\/wp-content\/uploads\/2020\/05\/Forest-Cologne-\u2013-Radiant-Earth-of-Deep-Delight-Living-Libations-3.jpg","width":700,"height":700,"caption":"Forest Cologne \u2013 Radiant Earth of Deep Delight Living Libations 3"},{"@type":"BreadcrumbList","@id":"https:\/\/dutchhealthstore.com\/de\/product\/forest-cologne-radiant-earth-of-deep-delight\/#breadcrumb","itemListElement":[{"@type":"ListItem","position":1,"name":"Home","item":"https:\/\/dutchhealthstore.com\/de\/"},{"@type":"ListItem","position":2,"name":"Shop","item":"https:\/\/dutchhealthstore.com\/de\/shop-2\/"},{"@type":"ListItem","position":3,"name":"Forest Cologne \u2013 Radiant Earth of Deep Delight"}]},{"@type":"WebSite","@id":"https:\/\/dutchhealthstore.com\/de\/#website","url":"https:\/\/dutchhealthstore.com\/de\/","name":"Dutch Health Store","description":"Enhance Your Beauty with Organic &amp; Natural Skincare","publisher":{"@id":"https:\/\/dutchhealthstore.com\/de\/#organization"},"potentialAction":[{"@type":"SearchAction","target":{"@type":"EntryPoint","urlTemplate":"https:\/\/dutchhealthstore.com\/de\/?s={search_term_string}"},"query-input":{"@type":"PropertyValueSpecification","valueRequired":true,"valueName":"search_term_string"}}],"inLanguage":"de"},{"@type":"Organization","@id":"https:\/\/dutchhealthstore.com\/de\/#organization","name":"Dutch Health Store","url":"https:\/\/dutchhealthstore.com\/de\/","logo":{"@type":"ImageObject","inLanguage":"de","@id":"https:\/\/dutchhealthstore.com\/de\/#\/schema\/logo\/image\/","url":"https:\/\/dutchhealthstore.com\/wp-content\/uploads\/2020\/08\/logo-dutchhealthstore-jpg-e1599484957574.jpg","contentUrl":"https:\/\/dutchhealthstore.com\/wp-content\/uploads\/2020\/08\/logo-dutchhealthstore-jpg-e1599484957574.jpg","width":400,"height":62,"caption":"Dutch Health Store"},"image":{"@id":"https:\/\/dutchhealthstore.com\/de\/#\/schema\/logo\/image\/"},"sameAs":["https:\/\/www.instagram.com\/dutchhealthstore\/","https:\/\/www.facebook.com\/dutchhealthstore"]}]},"product_brand":"Living Libations","og_availability":"instock","product_availability":"instock","product_condition":"new"},"_links":{"self":[{"href":"https:\/\/dutchhealthstore.com\/de\/wp-json\/wp\/v2\/product\/115038","targetHints":{"allow":["GET"]}}],"collection":[{"href":"https:\/\/dutchhealthstore.com\/de\/wp-json\/wp\/v2\/product"}],"about":[{"href":"https:\/\/dutchhealthstore.com\/de\/wp-json\/wp\/v2\/types\/product"}],"replies":[{"embeddable":true,"href":"https:\/\/dutchhealthstore.com\/de\/wp-json\/wp\/v2\/comments?post=115038"}],"wp:featuredmedia":[{"embeddable":true,"href":"https:\/\/dutchhealthstore.com\/de\/wp-json\/wp\/v2\/media\/103353"}],"wp:attachment":[{"href":"https:\/\/dutchhealthstore.com\/de\/wp-json\/wp\/v2\/media?parent=115038"}],"wp:term":[{"taxonomy":"product_brand","embeddable":true,"href":"https:\/\/dutchhealthstore.com\/de\/wp-json\/wp\/v2\/product_brand?post=115038"},{"taxonomy":"product_cat","embeddable":true,"href":"https:\/\/dutchhealthstore.com\/de\/wp-json\/wp\/v2\/product_cat?post=115038"},{"taxonomy":"product_tag","embeddable":true,"href":"https:\/\/dutchhealthstore.com\/de\/wp-json\/wp\/v2\/product_tag?post=115038"}],"curies":[{"name":"wp","href":"https:\/\/api.w.org\/{rel}","templated":true}]}}