{"id":114112,"date":"2019-07-11T08:10:38","date_gmt":"2019-07-11T08:10:38","guid":{"rendered":"https:\/\/dutchhealthstore.com\/product\/citrus-cologne-sunrise\/"},"modified":"2026-03-31T10:58:11","modified_gmt":"2026-03-31T08:58:11","slug":"zitrus-koln-sunrise","status":"publish","type":"product","link":"https:\/\/dutchhealthstore.com\/de\/product\/zitrus-koln-sunrise\/","title":{"rendered":"Citrus Cologne &#8211; Sunrise"},"content":{"rendered":"<p><img decoding=\"async\" class=\"size-full wp-image-37041 alignright\" src=\"https:\/\/dutchhealthstore.com\/wp-content\/uploads\/2018\/04\/Living_Libations-1.png\" alt=\"Organic &amp; Natural Beautyproducts - Living Libations\" width=\"175\" height=\"82\">Diejenigen, die die Freude k\u00fcssen, w\u00e4hrend sie vorbeifliegt, leben im ewigen Sonnenaufgang, und diejenigen, die den Sunrise-Duft aus reifen, sonnenverw\u00f6hnten Zitrusfr\u00fcchten salben, werden von diesem zeitlosen Duft gesegnet, der das, was sowohl sinnlich als auch k\u00fchn ist, zu einer Heiterkeit erhebt.<\/p>\n<p>Wenn man die Brise bei Sonnenaufgang, die nach Geheimnissen duftet, in Flaschen abf\u00fcllen k\u00f6nnte, dann w\u00e4re es dies!<\/p>\n<h3>Das Dufterlebnis<\/h3>\n<p>Die sonnige Seite dieses Parfums ist von denselben beliebten Aromen inspiriert, die auch in unserem Seabuckthorn Best Skin Ever enthalten sind. Der Glanz von Sanddornbeeren verbindet sich mit der gr\u00fcnen Sinnlichkeit von Vetiver und einem Hauch von Grapefruit. Ein Hauch von Palmarosa belebt diesen klassischen Chypre-Akkord, w\u00e4hrend er die holzigen Noten von Lavendel aufnimmt. Ein Spritzer biodynamischen Traubenalkohols verwandelt es in ein spr\u00fchbares, ganzt\u00e4giges Eau de Cologne, das f\u00fcr jeden Mann verwegen und f\u00fcr jede Frau gewagt genug ist. Bespr\u00fchen Sie Ihren K\u00f6rper, Ihr Haar, Ihre Kleidung oder Ihre W\u00e4sche.<\/p>\n<h3>Use<\/h3>\n<p>Lassen Sie dieses Parf\u00fcm Ihren Morgenstern leuchten. Auf den Hals, die Pulspunkte oder das Haar spr\u00fchen. Dieser leuchtende Zitrusduft kann auch als Hausspray verwendet werden, um den Tag zu versch\u00f6nern.<\/p>\n<h3 class=\"yikes-custom-woo-tab-title yikes-custom-woo-tab-title-natural-organic-ingredients\">Nat\u00fcrliche\/Organische Inhaltsstoffe<\/h3>\n<p><strong>Seabuckthorn Super Critical Extract<\/strong> (Hippophae rhamnoides) &#8211; Diese leuchtend orangefarbene Essenz verleiht sowohl unserem Sunrise Citrus Cologne als auch seinem Vorbild, dem Seabuckthorn Best Skin Ever, ein unwiderstehliches Zitrusbeeren-Aroma.<\/p>\n<p><strong>Vetiver\u00f6l<\/strong> (Vetivera zizanodes) &#8211; Aus den langen Ranken des blattgr\u00fcnen Wildgrases destilliert, ist Vetiver ein vollmundiges Aroma mit krautigen Noten von Gew\u00fcrzen und Erde. Das robuste, schwer duftende Gr\u00fcn des Vetiver wirkt anregend, beruhigend und erdend.<\/p>\n<p><strong>Grapefruit\u00f6l<\/strong> (Citrus paradisii) &#8211; Dieses scharfe Zitrus\u00f6l wirkt erhebend, belebend und energetisierend. Fr\u00f6hliche Grapefruit balanciert die immergr\u00fcnen Aromen jedes einzelnen Vetiver- und Palmarosagrashalms mit einer Portion fr\u00f6mmelnder Sonne und Spa\u00df aus.<\/p>\n<p><strong>Palmarosa-\u00d6l<\/strong> (Cymbopogon martini) &#8211; Angenehmes Palmarosa-\u00d6l wird aus einem tropischen, duftenden Gras destilliert. Das Ergebnis ist ein aromatisches \u00d6l, das wie eine zitronig-geranienartige Rose duftet und einfach herrlich f\u00fcr die Nase ist!<\/p>\n<p><strong>Lavendel\u00f6l<\/strong> (Lavendula officinalis) &#8211; Die blumige Note des Lavendels verleiht ein beruhigendes, erhebendes Aroma des Friedens f\u00fcr ein Gef\u00fchl der inneren Gelassenheit, egal wie chaotisch die Welt drau\u00dfen ist.<\/p>\n<p><strong>Biologisch-dynamischer Traubenalkohol<\/strong> &#8211; Biologisch-dynamischer Traubenalkohol dient als Tr\u00e4ger f\u00fcr unsere Bl\u00fctenparf\u00fcms und Waldparf\u00fcms, so dass jede Pflanze die Haut m\u00fchelos mit aromatischen Wundern durchdringen kann. Dieser biologische, biodynamische Alkohol ist von h\u00f6chster Qualit\u00e4t und wird dreifach gefiltert, um seine Reinheit zu gew\u00e4hrleisten. Er wird aus zertifizierten Bioweinen aus der ganzen Welt hergestellt und hat einen Alkoholgehalt zwischen 190 und 200 Proof. Er wird von unabh\u00e4ngiger Seite getestet, um sicherzustellen, dass er den Standards der United States Pharmacopeia (USP) f\u00fcr reinen, organischen Alkohol pharmazeutischer Qualit\u00e4t entspricht.<\/p>\n<p style=\"text-align: center;\"><em>&#8222;Sonnenaufgang. Wie hei\u00dft der tiefe Atemzug, den ich immer und immer wieder f\u00fcr uns alle nehmen w\u00fcrde?<br \/>\nNennen Sie es, wie Sie wollen, es ist Gl\u00fcck, es ist eine weitere M\u00f6glichkeit, ins Feuer zu gelangen.&#8220;<\/em><\/p>\n<p style=\"text-align: center;\">~Mary Olivier<\/p>\n<p>&nbsp;<\/p>\n<p><img fetchpriority=\"high\" decoding=\"async\" class=\"size-full wp-image-31577 aligncenter\" src=\"https:\/\/dutchhealthstore.com\/wp-content\/uploads\/2018\/03\/organic_big.png\" alt=\"Organic and Natural - Living Libations\" width=\"623\" height=\"103\" srcset=\"https:\/\/dutchhealthstore.com\/wp-content\/uploads\/2018\/03\/organic_big.png 623w, https:\/\/dutchhealthstore.com\/wp-content\/uploads\/2018\/03\/organic_big-510x84.png 510w, https:\/\/dutchhealthstore.com\/wp-content\/uploads\/2018\/03\/organic_big-600x99.png 600w, https:\/\/dutchhealthstore.com\/wp-content\/uploads\/2018\/03\/organic_big-350x58.png 350w\" sizes=\"(max-width: 623px) 100vw, 623px\" \/><\/p>\n","protected":false},"excerpt":{"rendered":"<p>Diejenigen, die die Freude k\u00fcssen, w\u00e4hrend sie vorbeifliegt, leben im ewigen Sonnenaufgang, und diejenigen, die den Sunrise-Duft aus reifen, sonnenverw\u00f6hnten Zitrusfr\u00fcchten salben, werden von diesem zeitlosen Duft gesegnet, der das, was sowohl sinnlich als auch k\u00fchn ist, zu einer Heiterkeit erhebt.<\/p>\n<p>Wenn man die Brise bei Sonnenaufgang, die nach Geheimnissen duftet, in Flaschen abf\u00fcllen k\u00f6nnte, dann w\u00e4re es dies!<\/p>\n<p style=\"text-align: center;\"><em>&#8222;Die gro\u00dfe Show ist ewig<\/em><br \/>\n<em> Es geht immer irgendwo die Sonne auf.&#8220; <\/em><\/p>\n<p style=\"text-align: center;\">~John Muir<\/p>\n","protected":false},"featured_media":62530,"comment_status":"open","ping_status":"closed","template":"","meta":[],"product_brand":[],"product_cat":[6700,1493,1210,1048,511],"product_tag":[6702,21395,6740],"class_list":{"0":"post-114112","1":"product","2":"type-product","3":"status-publish","4":"has-post-thumbnail","6":"product_cat-fragrances-de","7":"product_cat-living-libations-deutschland","8":"product_cat-marken","9":"product_cat-kollektion","10":"product_cat-produkte","11":"product_tag-cologne-de","12":"product_tag-korper","13":"product_tag-perfume-de","14":"pa_brand-livinglibations-de","15":"pa_fragrances-product-type-colognes-de","16":"pa_fragrances-product-type-for-her-de-2","17":"pa_gtin-7439657339301-de","18":"pa_size-5-ml-de","19":"pa_size-30-ml-de","21":"first","22":"instock","23":"taxable","24":"shipping-taxable","25":"purchasable","26":"product-type-variable"},"bundled_by":[],"bundle_stock_status":"instock","bundle_stock_quantity":null,"bundle_virtual":false,"bundle_layout":"","bundle_add_to_cart_form_location":"","bundle_editable_in_cart":false,"bundle_sold_individually_context":"","bundle_item_grouping":"","bundle_min_size":"","bundle_max_size":"","bundle_price":[],"bundled_items":[],"bundle_sell_ids":[],"atum_controlled":true,"out_stock_date":null,"out_stock_threshold":null,"inheritable":true,"stock_on_hold":0,"sold_today":0,"sales_last_days":1,"out_stock_days":0,"lost_sales":0,"update_date":"2026-04-07T01:47:36","atum_locations":[],"atum_stock_status":"instock","restock_status":false,"low_stock_amount":"","sales_update_date":"2026-04-07T01:47:36","calc_backorders":null,"group_of_quantity":0,"min_quantity":0,"max_quantity":"","exclude_order_quantity_value_rules":"no","exclude_category_quantity_rules":"no","combine_variations":"no","yoast_head":"<!-- This site is optimized with the Yoast SEO Premium plugin v26.5 (Yoast SEO v26.5) - https:\/\/yoast.com\/wordpress\/plugins\/seo\/ -->\n<title>Citrus Cologne - Sunrise | Living Libations<\/title>\n<meta name=\"description\" content=\"Die sonnige Seite dieses Parfums ist von denselben beliebten Aromen inspiriert, die auch in unserem Seabuckthorn Best Skin Ever enthalten sind.\" \/>\n<meta name=\"robots\" content=\"index, follow, max-snippet:-1, max-image-preview:large, max-video-preview:-1\" \/>\n<link rel=\"canonical\" href=\"https:\/\/dutchhealthstore.com\/de\/product\/zitrus-koln-sunrise\/\" \/>\n<meta property=\"og:locale\" content=\"de_DE\" \/>\n<meta property=\"og:type\" content=\"article\" \/>\n<meta property=\"og:title\" content=\"Citrus Cologne - Sunrise - Dutch Health Store\" \/>\n<meta property=\"og:description\" content=\"Die sonnige Seite dieses Parfums ist von denselben beliebten Aromen inspiriert, die auch in unserem Seabuckthorn Best Skin Ever enthalten sind.\" \/>\n<meta property=\"og:url\" content=\"https:\/\/dutchhealthstore.com\/de\/product\/zitrus-koln-sunrise\/\" \/>\n<meta property=\"og:site_name\" content=\"Dutch Health Store\" \/>\n<meta property=\"article:publisher\" content=\"https:\/\/www.instagram.com\/dutchhealthstore\/\" \/>\n<meta property=\"article:modified_time\" content=\"2026-03-31T08:58:11+00:00\" \/>\n<meta property=\"og:image\" content=\"https:\/\/dutchhealthstore.com\/wp-content\/uploads\/2019\/07\/Living-Libations-Citrus-Cologne-Sunrise.jpg\" \/>\n\t<meta property=\"og:image:width\" content=\"510\" \/>\n\t<meta property=\"og:image:height\" content=\"600\" \/>\n\t<meta property=\"og:image:type\" content=\"image\/jpeg\" \/>\n<meta name=\"twitter:card\" content=\"summary_large_image\" \/>\n<meta name=\"twitter:label1\" content=\"Verf\u00fcgbarkeit\" \/>\n\t<meta name=\"twitter:data1\" content=\"Auf Lager\" \/>\n<script type=\"application\/ld+json\" class=\"yoast-schema-graph\">{\"@context\":\"https:\/\/schema.org\",\"@graph\":[{\"@type\":\"WebPage\",\"@id\":\"https:\/\/dutchhealthstore.com\/de\/product\/zitrus-koln-sunrise\/\",\"url\":\"https:\/\/dutchhealthstore.com\/de\/product\/zitrus-koln-sunrise\/\",\"name\":\"Citrus Cologne - Sunrise | Living Libations\",\"isPartOf\":{\"@id\":\"https:\/\/dutchhealthstore.com\/de\/#website\"},\"primaryImageOfPage\":{\"@id\":\"https:\/\/dutchhealthstore.com\/de\/product\/zitrus-koln-sunrise\/#primaryimage\"},\"image\":{\"@id\":\"https:\/\/dutchhealthstore.com\/de\/product\/zitrus-koln-sunrise\/#primaryimage\"},\"thumbnailUrl\":\"https:\/\/dutchhealthstore.com\/wp-content\/uploads\/2019\/07\/Living-Libations-Citrus-Cologne-Sunrise.jpg\",\"datePublished\":\"2019-07-11T08:10:38+00:00\",\"dateModified\":\"2026-03-31T08:58:11+00:00\",\"description\":\"Die sonnige Seite dieses Parfums ist von denselben beliebten Aromen inspiriert, die auch in unserem Seabuckthorn Best Skin Ever enthalten sind.\",\"breadcrumb\":{\"@id\":\"https:\/\/dutchhealthstore.com\/de\/product\/zitrus-koln-sunrise\/#breadcrumb\"},\"inLanguage\":\"de\",\"potentialAction\":[{\"@type\":\"ReadAction\",\"target\":[\"https:\/\/dutchhealthstore.com\/de\/product\/zitrus-koln-sunrise\/\"]}]},{\"@type\":\"ImageObject\",\"inLanguage\":\"de\",\"@id\":\"https:\/\/dutchhealthstore.com\/de\/product\/zitrus-koln-sunrise\/#primaryimage\",\"url\":\"https:\/\/dutchhealthstore.com\/wp-content\/uploads\/2019\/07\/Living-Libations-Citrus-Cologne-Sunrise.jpg\",\"contentUrl\":\"https:\/\/dutchhealthstore.com\/wp-content\/uploads\/2019\/07\/Living-Libations-Citrus-Cologne-Sunrise.jpg\",\"width\":510,\"height\":600,\"caption\":\"Living Libations - Citrus Cologne Sunrise\"},{\"@type\":\"BreadcrumbList\",\"@id\":\"https:\/\/dutchhealthstore.com\/de\/product\/zitrus-koln-sunrise\/#breadcrumb\",\"itemListElement\":[{\"@type\":\"ListItem\",\"position\":1,\"name\":\"Home\",\"item\":\"https:\/\/dutchhealthstore.com\/de\/\"},{\"@type\":\"ListItem\",\"position\":2,\"name\":\"Shop\",\"item\":\"https:\/\/dutchhealthstore.com\/de\/shop-2\/\"},{\"@type\":\"ListItem\",\"position\":3,\"name\":\"Citrus Cologne &#8211; Sunrise\"}]},{\"@type\":\"WebSite\",\"@id\":\"https:\/\/dutchhealthstore.com\/de\/#website\",\"url\":\"https:\/\/dutchhealthstore.com\/de\/\",\"name\":\"Dutch Health Store\",\"description\":\"Enhance Your Beauty with Organic &amp; Natural Skincare\",\"publisher\":{\"@id\":\"https:\/\/dutchhealthstore.com\/de\/#organization\"},\"potentialAction\":[{\"@type\":\"SearchAction\",\"target\":{\"@type\":\"EntryPoint\",\"urlTemplate\":\"https:\/\/dutchhealthstore.com\/de\/?s={search_term_string}\"},\"query-input\":{\"@type\":\"PropertyValueSpecification\",\"valueRequired\":true,\"valueName\":\"search_term_string\"}}],\"inLanguage\":\"de\"},{\"@type\":\"Organization\",\"@id\":\"https:\/\/dutchhealthstore.com\/de\/#organization\",\"name\":\"Dutch Health Store\",\"url\":\"https:\/\/dutchhealthstore.com\/de\/\",\"logo\":{\"@type\":\"ImageObject\",\"inLanguage\":\"de\",\"@id\":\"https:\/\/dutchhealthstore.com\/de\/#\/schema\/logo\/image\/\",\"url\":\"https:\/\/dutchhealthstore.com\/wp-content\/uploads\/2020\/08\/logo-dutchhealthstore-jpg-e1599484957574.jpg\",\"contentUrl\":\"https:\/\/dutchhealthstore.com\/wp-content\/uploads\/2020\/08\/logo-dutchhealthstore-jpg-e1599484957574.jpg\",\"width\":400,\"height\":62,\"caption\":\"Dutch Health Store\"},\"image\":{\"@id\":\"https:\/\/dutchhealthstore.com\/de\/#\/schema\/logo\/image\/\"},\"sameAs\":[\"https:\/\/www.instagram.com\/dutchhealthstore\/\",\"https:\/\/www.facebook.com\/dutchhealthstore\"]}]}<\/script>\n<meta property=\"product:brand\" content=\"Living Libations\" \/>\n<meta property=\"og:availability\" content=\"instock\" \/>\n<meta property=\"product:availability\" content=\"instock\" \/>\n<meta property=\"product:condition\" content=\"new\" \/>\n<!-- \/ Yoast SEO Premium plugin. -->","yoast_head_json":{"title":"Citrus Cologne - Sunrise | Living Libations","description":"Die sonnige Seite dieses Parfums ist von denselben beliebten Aromen inspiriert, die auch in unserem Seabuckthorn Best Skin Ever enthalten sind.","robots":{"index":"index","follow":"follow","max-snippet":"max-snippet:-1","max-image-preview":"max-image-preview:large","max-video-preview":"max-video-preview:-1"},"canonical":"https:\/\/dutchhealthstore.com\/de\/product\/zitrus-koln-sunrise\/","og_locale":"de_DE","og_type":"article","og_title":"Citrus Cologne - Sunrise - Dutch Health Store","og_description":"Die sonnige Seite dieses Parfums ist von denselben beliebten Aromen inspiriert, die auch in unserem Seabuckthorn Best Skin Ever enthalten sind.","og_url":"https:\/\/dutchhealthstore.com\/de\/product\/zitrus-koln-sunrise\/","og_site_name":"Dutch Health Store","article_publisher":"https:\/\/www.instagram.com\/dutchhealthstore\/","article_modified_time":"2026-03-31T08:58:11+00:00","og_image":[{"width":510,"height":600,"url":"https:\/\/dutchhealthstore.com\/wp-content\/uploads\/2019\/07\/Living-Libations-Citrus-Cologne-Sunrise.jpg","type":"image\/jpeg"}],"twitter_card":"summary_large_image","twitter_misc":{"Verf\u00fcgbarkeit":"Auf Lager"},"schema":{"@context":"https:\/\/schema.org","@graph":[{"@type":"WebPage","@id":"https:\/\/dutchhealthstore.com\/de\/product\/zitrus-koln-sunrise\/","url":"https:\/\/dutchhealthstore.com\/de\/product\/zitrus-koln-sunrise\/","name":"Citrus Cologne - Sunrise | Living Libations","isPartOf":{"@id":"https:\/\/dutchhealthstore.com\/de\/#website"},"primaryImageOfPage":{"@id":"https:\/\/dutchhealthstore.com\/de\/product\/zitrus-koln-sunrise\/#primaryimage"},"image":{"@id":"https:\/\/dutchhealthstore.com\/de\/product\/zitrus-koln-sunrise\/#primaryimage"},"thumbnailUrl":"https:\/\/dutchhealthstore.com\/wp-content\/uploads\/2019\/07\/Living-Libations-Citrus-Cologne-Sunrise.jpg","datePublished":"2019-07-11T08:10:38+00:00","dateModified":"2026-03-31T08:58:11+00:00","description":"Die sonnige Seite dieses Parfums ist von denselben beliebten Aromen inspiriert, die auch in unserem Seabuckthorn Best Skin Ever enthalten sind.","breadcrumb":{"@id":"https:\/\/dutchhealthstore.com\/de\/product\/zitrus-koln-sunrise\/#breadcrumb"},"inLanguage":"de","potentialAction":[{"@type":"ReadAction","target":["https:\/\/dutchhealthstore.com\/de\/product\/zitrus-koln-sunrise\/"]}]},{"@type":"ImageObject","inLanguage":"de","@id":"https:\/\/dutchhealthstore.com\/de\/product\/zitrus-koln-sunrise\/#primaryimage","url":"https:\/\/dutchhealthstore.com\/wp-content\/uploads\/2019\/07\/Living-Libations-Citrus-Cologne-Sunrise.jpg","contentUrl":"https:\/\/dutchhealthstore.com\/wp-content\/uploads\/2019\/07\/Living-Libations-Citrus-Cologne-Sunrise.jpg","width":510,"height":600,"caption":"Living Libations - Citrus Cologne Sunrise"},{"@type":"BreadcrumbList","@id":"https:\/\/dutchhealthstore.com\/de\/product\/zitrus-koln-sunrise\/#breadcrumb","itemListElement":[{"@type":"ListItem","position":1,"name":"Home","item":"https:\/\/dutchhealthstore.com\/de\/"},{"@type":"ListItem","position":2,"name":"Shop","item":"https:\/\/dutchhealthstore.com\/de\/shop-2\/"},{"@type":"ListItem","position":3,"name":"Citrus Cologne &#8211; Sunrise"}]},{"@type":"WebSite","@id":"https:\/\/dutchhealthstore.com\/de\/#website","url":"https:\/\/dutchhealthstore.com\/de\/","name":"Dutch Health Store","description":"Enhance Your Beauty with Organic &amp; Natural Skincare","publisher":{"@id":"https:\/\/dutchhealthstore.com\/de\/#organization"},"potentialAction":[{"@type":"SearchAction","target":{"@type":"EntryPoint","urlTemplate":"https:\/\/dutchhealthstore.com\/de\/?s={search_term_string}"},"query-input":{"@type":"PropertyValueSpecification","valueRequired":true,"valueName":"search_term_string"}}],"inLanguage":"de"},{"@type":"Organization","@id":"https:\/\/dutchhealthstore.com\/de\/#organization","name":"Dutch Health Store","url":"https:\/\/dutchhealthstore.com\/de\/","logo":{"@type":"ImageObject","inLanguage":"de","@id":"https:\/\/dutchhealthstore.com\/de\/#\/schema\/logo\/image\/","url":"https:\/\/dutchhealthstore.com\/wp-content\/uploads\/2020\/08\/logo-dutchhealthstore-jpg-e1599484957574.jpg","contentUrl":"https:\/\/dutchhealthstore.com\/wp-content\/uploads\/2020\/08\/logo-dutchhealthstore-jpg-e1599484957574.jpg","width":400,"height":62,"caption":"Dutch Health Store"},"image":{"@id":"https:\/\/dutchhealthstore.com\/de\/#\/schema\/logo\/image\/"},"sameAs":["https:\/\/www.instagram.com\/dutchhealthstore\/","https:\/\/www.facebook.com\/dutchhealthstore"]}]},"product_brand":"Living Libations","og_availability":"instock","product_availability":"instock","product_condition":"new"},"_links":{"self":[{"href":"https:\/\/dutchhealthstore.com\/de\/wp-json\/wp\/v2\/product\/114112","targetHints":{"allow":["GET"]}}],"collection":[{"href":"https:\/\/dutchhealthstore.com\/de\/wp-json\/wp\/v2\/product"}],"about":[{"href":"https:\/\/dutchhealthstore.com\/de\/wp-json\/wp\/v2\/types\/product"}],"replies":[{"embeddable":true,"href":"https:\/\/dutchhealthstore.com\/de\/wp-json\/wp\/v2\/comments?post=114112"}],"wp:featuredmedia":[{"embeddable":true,"href":"https:\/\/dutchhealthstore.com\/de\/wp-json\/wp\/v2\/media\/62530"}],"wp:attachment":[{"href":"https:\/\/dutchhealthstore.com\/de\/wp-json\/wp\/v2\/media?parent=114112"}],"wp:term":[{"taxonomy":"product_brand","embeddable":true,"href":"https:\/\/dutchhealthstore.com\/de\/wp-json\/wp\/v2\/product_brand?post=114112"},{"taxonomy":"product_cat","embeddable":true,"href":"https:\/\/dutchhealthstore.com\/de\/wp-json\/wp\/v2\/product_cat?post=114112"},{"taxonomy":"product_tag","embeddable":true,"href":"https:\/\/dutchhealthstore.com\/de\/wp-json\/wp\/v2\/product_tag?post=114112"}],"curies":[{"name":"wp","href":"https:\/\/api.w.org\/{rel}","templated":true}]}}