{"id":113830,"date":"2018-02-10T20:35:09","date_gmt":"2018-02-10T20:35:09","guid":{"rendered":"https:\/\/dutchhealthstore.com\/product\/petal-poetic-pits\/"},"modified":"2026-02-05T19:17:20","modified_gmt":"2026-02-05T18:17:20","slug":"petal-poetic-pits","status":"publish","type":"product","link":"https:\/\/dutchhealthstore.com\/de\/product\/petal-poetic-pits\/","title":{"rendered":"Poetic Pits &#8211; Petal"},"content":{"rendered":"<p><img decoding=\"async\" class=\"size-full wp-image-37041 alignright\" src=\"https:\/\/dutchhealthstore.com\/wp-content\/uploads\/2018\/04\/Living_Libations-1.png\" alt=\"Organic &amp; Natural Beautyproducts - Living Libations\" width=\"175\" height=\"82\">Mit diesem poetischen Strau\u00df, den Sie jeden Tag verwenden k\u00f6nnen, ziert bl\u00fctenfrische Power Ihre Boxen. Living Libations <strong>Petal Poetic Pits<\/strong> ist mit dezenten, k\u00f6stlichen \u00e4therischen \u00d6len aus Sandelholz, Lavendel, Ylang und Kamille formuliert. Jede Bl\u00fctenessenz bebt in perfektem Gleichgewicht und schafft einen ergreifenden Gedichtgarten mit n\u00e4hrendem Achselcharme! Dieses wirksame nat\u00fcrliche Deodorant, das mit Bl\u00fctenbl\u00e4ttern anstelle von Parabenen und Aluminiummetallen hergestellt wird, l\u00e4sst Sie poetisch werden, w\u00e4hrend Sie einen Segen von Bl\u00fcten aus Ihren Achselh\u00f6hlen aussto\u00dfen. Dieses wirksame nat\u00fcrliche Deodorant, das mit Bl\u00fctenbl\u00e4ttern anstelle von Parabenen und Aluminium hergestellt wird, l\u00e4sst Sie poetisch werden, w\u00e4hrend Sie einen Segen von Bl\u00fcten aus Ihren Achselh\u00f6hlen verstr\u00f6men.  <\/p>\n<h3 style=\"font-size: 20.16px;\">Use<\/h3>\n<p>  Streichen Sie einmal, um jede Achselh\u00f6hle zu verzaubern. Kombinieren Sie Petal Poetic Pits mit Vanilla Velvet, Secret Land of Is Colognes, Fawn Lily, Lilac Lady, Night Flight to Venus, Moccasin Flower, Gardenia, Being Free is Lots of Fun, Fire Lily, Lei Lady Lei oder Lavish Abundance Petal Parfums .  <\/p>\n<h3>Bitte beachten<\/h3>\n<p>  Poetic Pits besteht zu 100% aus konzentrierten \u00e4therischen \u00d6len, so dass Sie gesch\u00e4digter, entz\u00fcndeter und allergischer Haut am besten ausweichen k\u00f6nnen. Die Inhaltsstoffe werden aus \u00e4therischen \u00d6len ausgew\u00e4hlt, die als sicher f\u00fcr die Haut anerkannt sind. Da jeder Mensch eine individuelle Hautreaktion hat, raten wir den Anwendern, vor der Anwendung einen Patch-Test an der Innenseite des Ellenbogens durchzuf\u00fchren. Au\u00dferhalb der Reichweite von Kindern aufbewahren. Bei besonders empfindlicher Haut verd\u00fcnnen Sie es mit Jojoba\u00f6l oder probieren Sie unsere Achsel-Creme aus.  <\/p>\n<h3 class=\"yikes-custom-woo-tab-title yikes-custom-woo-tab-title-natural-organic-ingredients\">Nat\u00fcrliche\/Organische Inhaltsstoffe<\/h3>\n<p><strong>\u00c4therisches Sandelholz\u00f6l<\/strong> <em>(Santalum album)<\/em> <strong>&#8211;<\/strong> Sandelholz ist reichhaltig und cremig und bietet einen traumhaften Duft, der mit Ihrem pers\u00f6nlichen Duft harmoniert und gleichzeitig die \u00d6lproduktion ausgleicht. Trockenere Achselh\u00f6hlen und ein perfektes Feuchtigkeitsniveau bedeuten, dass Sie sich Ihres Achsel-Charmes sicher sind. Unsere ethisch geerntete, himmlisch duftende Sandelholz-Essenz wird aus dem Kernholz des aromatischen Baumes destilliert. Sie sprudelt nur so vor Feuchtigkeit und pflanzlichen Biokr\u00e4ften. Dieses warme, reichhaltige, sinnliche \u00d6l ist ein Grundnahrungsmittel in unseren Poetic Pits und in der nat\u00fcrlichen Haar- und Hautpflege auf der ganzen Welt. <strong>\u00c4therisches Lavendel\u00f6l <\/strong><em>(Lavandula officinalis) &#8211; <\/em>Der liebliche Lavendel ist nicht nur ein Grundnahrungsmittel f\u00fcr die Aromatherapie, er ist auch die perfekte Muse, um Ihre Achselh\u00f6hlen zu verzaubern! Lavendel wirkt emotional beruhigend und bes\u00e4nftigend, ist aber auch wunderbar f\u00fcr die Haut. Unter den Armen beruhigt Lavendel die zarte Haut nach der Rasur. Lavendel, benannt nach dem lateinischen Wort f\u00fcr &#8218;waschen&#8216;, ist ein herrliches Einreibemittel, das unserem Achselh\u00f6hlen-Charme ein Bl\u00fctengedicht der entspannten Ruhe verleiht. <strong>\u00c4therisches Ylang-\u00d6l <\/strong><em>(Cananga odorata)<\/em><strong> &#8211; <\/strong>W\u00e4hrend andere schlafen, verstr\u00f6mt diese Blume der Blumen ihren exotischen Duft \u00fcber tropischen Brisen. Unser Ylang wird in der gr\u00fcnen \u00dcppigkeit von Nossi-B\u00e8, Madagaskar, dampfdestilliert. Diese feminine Blume ist die sch\u00f6nste Bl\u00fcte in unserer poetischen Mischung. Ihr amour\u00f6ser Duft \u00f6ffnet das Herz f\u00fcr die Liebe und umschmeichelt zarte Achselh\u00f6hlen. Ylang-\u00d6l ist eine liebliche, tr\u00e4ge Essenz, die s\u00fc\u00dflich als nat\u00fcrliches Antitranspirant wirkt. Das berauschende, s\u00fc\u00dfe Aroma ist lang anhaltend und inspirierend und beschw\u00f6rt Erfahrungen von Ausgeglichenheit und Sch\u00f6nheit herauf. <strong>\u00c4therisches Kamillen\u00f6l <\/strong><em>(Anthemis nobilis)<\/em><strong> &#8211; <\/strong>Kamille hat einen s\u00fc\u00dfen, \u00e4therischen, leicht krautig-heuigen Duft, der an einen reifen Apfel erinnert, der in einer Sommerbrise tanzt. Diese Essenz ist reich an entspannenden Estern, was sie zum sanftesten \u00d6l macht, um in h\u00f6here Seinszust\u00e4nde zu gelangen. Die beruhigende Kamille verw\u00f6hnt uns mit ihrer honigblumigen, nach hypnotischen Fr\u00fcchten duftenden Beruhigungskraft, die \u00c4ngste bes\u00e4nftigt, Spannungen abbaut und die Nerven beruhigt.  <img fetchpriority=\"high\" decoding=\"async\" class=\"size-full wp-image-31577 aligncenter\" src=\"https:\/\/dutchhealthstore.com\/wp-content\/uploads\/2018\/03\/organic_big.png\" alt=\"Organic and Natural - Living Libations\" width=\"623\" height=\"103\" srcset=\"https:\/\/dutchhealthstore.com\/wp-content\/uploads\/2018\/03\/organic_big.png 623w, https:\/\/dutchhealthstore.com\/wp-content\/uploads\/2018\/03\/organic_big-510x84.png 510w, https:\/\/dutchhealthstore.com\/wp-content\/uploads\/2018\/03\/organic_big-600x99.png 600w, https:\/\/dutchhealthstore.com\/wp-content\/uploads\/2018\/03\/organic_big-350x58.png 350w\" sizes=\"(max-width: 623px) 100vw, 623px\" \/><\/p>\n","protected":false},"excerpt":{"rendered":"<p>Mit diesem poetischen Strau\u00df, den Sie jeden Tag verwenden k\u00f6nnen, ziert bl\u00fctenfrische Power Ihre Boxen. Living Libations<strong> Petal Poetic Pits<\/strong> ist mit dezenten, k\u00f6stlichen \u00e4therischen \u00d6len aus Sandelholz, Lavendel, Ylang und Kamille formuliert. Jede Bl\u00fctenessenz bebt in perfektem Gleichgewicht und schafft einen ergreifenden Gedichtgarten mit n\u00e4hrendem Achselcharme! Dieses wirksame nat\u00fcrliche Deodorant, das mit Bl\u00fctenbl\u00e4ttern anstelle von Parabenen und Aluminium hergestellt wird, l\u00e4sst Sie poetisch werden, w\u00e4hrend Sie einen Segen von Bl\u00fcten aus Ihren Achselh\u00f6hlen verstr\u00f6men.  &nbsp;<\/p>\n","protected":false},"featured_media":299566,"comment_status":"open","ping_status":"closed","template":"","meta":[],"product_brand":[],"product_cat":[1098,3541,1032,515,1502,1493,1210,511],"product_tag":[4681,6647],"class_list":{"0":"post-113830","1":"product","2":"type-product","3":"status-publish","4":"has-post-thumbnail","6":"product_cat-deodorant-de","7":"product_cat-deodorant-living-libations-de","8":"product_cat-kategorien","9":"product_cat-korperpflege-de","10":"product_cat-korperpflege-living-libations","11":"product_cat-living-libations-deutschland","12":"product_cat-marken","13":"product_cat-produkte","14":"product_tag-body-care-de","15":"product_tag-deodorant-de","16":"pa_brand-livinglibations-de","17":"pa_size-1-25-ml-sample-de","18":"pa_size-10-ml-de","19":"pa_size-5-ml-de","21":"first","22":"instock","23":"taxable","24":"shipping-taxable","25":"purchasable","26":"product-type-variable"},"bundled_by":[],"bundle_stock_status":"instock","bundle_stock_quantity":null,"bundle_virtual":false,"bundle_layout":"","bundle_add_to_cart_form_location":"","bundle_editable_in_cart":false,"bundle_sold_individually_context":"","bundle_item_grouping":"","bundle_min_size":"","bundle_max_size":"","bundle_price":[],"bundled_items":[],"bundle_sell_ids":[107698],"atum_controlled":true,"out_stock_date":null,"out_stock_threshold":null,"inheritable":true,"stock_on_hold":0,"sold_today":0,"sales_last_days":0,"out_stock_days":0,"lost_sales":0,"update_date":"2026-04-27T00:13:02","atum_locations":[],"atum_stock_status":"instock","restock_status":false,"low_stock_amount":"","sales_update_date":"2026-04-27T00:13:02","calc_backorders":null,"group_of_quantity":0,"min_quantity":0,"max_quantity":"","exclude_order_quantity_value_rules":"no","exclude_category_quantity_rules":"no","combine_variations":"no","yoast_head":"<!-- This site is optimized with the Yoast SEO Premium plugin v26.5 (Yoast SEO v26.5) - https:\/\/yoast.com\/wordpress\/plugins\/seo\/ -->\n<title>Poetic Pits - Petal | Living Libations<\/title>\n<meta name=\"description\" content=\"Mit diesem poetischen Strau\u00df, den Sie jeden Tag verwenden k\u00f6nnen, ziert bl\u00fctenfrische Power Ihre Boxen.\" \/>\n<meta name=\"robots\" content=\"index, follow, max-snippet:-1, max-image-preview:large, max-video-preview:-1\" \/>\n<link rel=\"canonical\" href=\"https:\/\/dutchhealthstore.com\/de\/product\/petal-poetic-pits\/\" \/>\n<meta property=\"og:locale\" content=\"de_DE\" \/>\n<meta property=\"og:type\" content=\"article\" \/>\n<meta property=\"og:title\" content=\"Poetic Pits - Petal - Dutch Health Store\" \/>\n<meta property=\"og:description\" content=\"Mit diesem poetischen Strau\u00df, den Sie jeden Tag verwenden k\u00f6nnen, ziert bl\u00fctenfrische Power Ihre Boxen.\" \/>\n<meta property=\"og:url\" content=\"https:\/\/dutchhealthstore.com\/de\/product\/petal-poetic-pits\/\" \/>\n<meta property=\"og:site_name\" content=\"Dutch Health Store\" \/>\n<meta property=\"article:publisher\" content=\"https:\/\/www.instagram.com\/dutchhealthstore\/\" \/>\n<meta property=\"article:modified_time\" content=\"2026-02-05T18:17:20+00:00\" \/>\n<meta property=\"og:image\" content=\"https:\/\/dutchhealthstore.com\/wp-content\/uploads\/2018\/02\/ll-poetic-pits-petal-beide.jpg\" \/>\n\t<meta property=\"og:image:width\" content=\"530\" \/>\n\t<meta property=\"og:image:height\" content=\"530\" \/>\n\t<meta property=\"og:image:type\" content=\"image\/jpeg\" \/>\n<meta name=\"twitter:card\" content=\"summary_large_image\" \/>\n<meta name=\"twitter:label1\" content=\"Verf\u00fcgbarkeit\" \/>\n\t<meta name=\"twitter:data1\" content=\"Auf Lager\" \/>\n<script type=\"application\/ld+json\" class=\"yoast-schema-graph\">{\"@context\":\"https:\/\/schema.org\",\"@graph\":[{\"@type\":\"WebPage\",\"@id\":\"https:\/\/dutchhealthstore.com\/de\/product\/petal-poetic-pits\/\",\"url\":\"https:\/\/dutchhealthstore.com\/de\/product\/petal-poetic-pits\/\",\"name\":\"Poetic Pits - Petal | Living Libations\",\"isPartOf\":{\"@id\":\"https:\/\/dutchhealthstore.com\/de\/#website\"},\"primaryImageOfPage\":{\"@id\":\"https:\/\/dutchhealthstore.com\/de\/product\/petal-poetic-pits\/#primaryimage\"},\"image\":{\"@id\":\"https:\/\/dutchhealthstore.com\/de\/product\/petal-poetic-pits\/#primaryimage\"},\"thumbnailUrl\":\"https:\/\/dutchhealthstore.com\/wp-content\/uploads\/2018\/02\/ll-poetic-pits-petal-beide.jpg\",\"datePublished\":\"2018-02-10T20:35:09+00:00\",\"dateModified\":\"2026-02-05T18:17:20+00:00\",\"description\":\"Mit diesem poetischen Strau\u00df, den Sie jeden Tag verwenden k\u00f6nnen, ziert bl\u00fctenfrische Power Ihre Boxen.\",\"breadcrumb\":{\"@id\":\"https:\/\/dutchhealthstore.com\/de\/product\/petal-poetic-pits\/#breadcrumb\"},\"inLanguage\":\"de\",\"potentialAction\":[{\"@type\":\"ReadAction\",\"target\":[\"https:\/\/dutchhealthstore.com\/de\/product\/petal-poetic-pits\/\"]}]},{\"@type\":\"ImageObject\",\"inLanguage\":\"de\",\"@id\":\"https:\/\/dutchhealthstore.com\/de\/product\/petal-poetic-pits\/#primaryimage\",\"url\":\"https:\/\/dutchhealthstore.com\/wp-content\/uploads\/2018\/02\/ll-poetic-pits-petal-beide.jpg\",\"contentUrl\":\"https:\/\/dutchhealthstore.com\/wp-content\/uploads\/2018\/02\/ll-poetic-pits-petal-beide.jpg\",\"width\":530,\"height\":530,\"caption\":\"ll-poetic-pits-petal-beide\"},{\"@type\":\"BreadcrumbList\",\"@id\":\"https:\/\/dutchhealthstore.com\/de\/product\/petal-poetic-pits\/#breadcrumb\",\"itemListElement\":[{\"@type\":\"ListItem\",\"position\":1,\"name\":\"Home\",\"item\":\"https:\/\/dutchhealthstore.com\/de\/\"},{\"@type\":\"ListItem\",\"position\":2,\"name\":\"Shop\",\"item\":\"https:\/\/dutchhealthstore.com\/de\/shop-2\/\"},{\"@type\":\"ListItem\",\"position\":3,\"name\":\"Poetic Pits &#8211; Petal\"}]},{\"@type\":\"WebSite\",\"@id\":\"https:\/\/dutchhealthstore.com\/de\/#website\",\"url\":\"https:\/\/dutchhealthstore.com\/de\/\",\"name\":\"Dutch Health Store\",\"description\":\"Enhance Your Beauty with Organic &amp; Natural Skincare\",\"publisher\":{\"@id\":\"https:\/\/dutchhealthstore.com\/de\/#organization\"},\"potentialAction\":[{\"@type\":\"SearchAction\",\"target\":{\"@type\":\"EntryPoint\",\"urlTemplate\":\"https:\/\/dutchhealthstore.com\/de\/?s={search_term_string}\"},\"query-input\":{\"@type\":\"PropertyValueSpecification\",\"valueRequired\":true,\"valueName\":\"search_term_string\"}}],\"inLanguage\":\"de\"},{\"@type\":\"Organization\",\"@id\":\"https:\/\/dutchhealthstore.com\/de\/#organization\",\"name\":\"Dutch Health Store\",\"url\":\"https:\/\/dutchhealthstore.com\/de\/\",\"logo\":{\"@type\":\"ImageObject\",\"inLanguage\":\"de\",\"@id\":\"https:\/\/dutchhealthstore.com\/de\/#\/schema\/logo\/image\/\",\"url\":\"https:\/\/dutchhealthstore.com\/wp-content\/uploads\/2020\/08\/logo-dutchhealthstore-jpg-e1599484957574.jpg\",\"contentUrl\":\"https:\/\/dutchhealthstore.com\/wp-content\/uploads\/2020\/08\/logo-dutchhealthstore-jpg-e1599484957574.jpg\",\"width\":400,\"height\":62,\"caption\":\"Dutch Health Store\"},\"image\":{\"@id\":\"https:\/\/dutchhealthstore.com\/de\/#\/schema\/logo\/image\/\"},\"sameAs\":[\"https:\/\/www.instagram.com\/dutchhealthstore\/\",\"https:\/\/www.facebook.com\/dutchhealthstore\"]}]}<\/script>\n<meta property=\"product:brand\" content=\"Living Libations\" \/>\n<meta property=\"og:availability\" content=\"instock\" \/>\n<meta property=\"product:availability\" content=\"instock\" \/>\n<meta property=\"product:condition\" content=\"new\" \/>\n<!-- \/ Yoast SEO Premium plugin. -->","yoast_head_json":{"title":"Poetic Pits - Petal | Living Libations","description":"Mit diesem poetischen Strau\u00df, den Sie jeden Tag verwenden k\u00f6nnen, ziert bl\u00fctenfrische Power Ihre Boxen.","robots":{"index":"index","follow":"follow","max-snippet":"max-snippet:-1","max-image-preview":"max-image-preview:large","max-video-preview":"max-video-preview:-1"},"canonical":"https:\/\/dutchhealthstore.com\/de\/product\/petal-poetic-pits\/","og_locale":"de_DE","og_type":"article","og_title":"Poetic Pits - Petal - Dutch Health Store","og_description":"Mit diesem poetischen Strau\u00df, den Sie jeden Tag verwenden k\u00f6nnen, ziert bl\u00fctenfrische Power Ihre Boxen.","og_url":"https:\/\/dutchhealthstore.com\/de\/product\/petal-poetic-pits\/","og_site_name":"Dutch Health Store","article_publisher":"https:\/\/www.instagram.com\/dutchhealthstore\/","article_modified_time":"2026-02-05T18:17:20+00:00","og_image":[{"width":530,"height":530,"url":"https:\/\/dutchhealthstore.com\/wp-content\/uploads\/2018\/02\/ll-poetic-pits-petal-beide.jpg","type":"image\/jpeg"}],"twitter_card":"summary_large_image","twitter_misc":{"Verf\u00fcgbarkeit":"Auf Lager"},"schema":{"@context":"https:\/\/schema.org","@graph":[{"@type":"WebPage","@id":"https:\/\/dutchhealthstore.com\/de\/product\/petal-poetic-pits\/","url":"https:\/\/dutchhealthstore.com\/de\/product\/petal-poetic-pits\/","name":"Poetic Pits - Petal | Living Libations","isPartOf":{"@id":"https:\/\/dutchhealthstore.com\/de\/#website"},"primaryImageOfPage":{"@id":"https:\/\/dutchhealthstore.com\/de\/product\/petal-poetic-pits\/#primaryimage"},"image":{"@id":"https:\/\/dutchhealthstore.com\/de\/product\/petal-poetic-pits\/#primaryimage"},"thumbnailUrl":"https:\/\/dutchhealthstore.com\/wp-content\/uploads\/2018\/02\/ll-poetic-pits-petal-beide.jpg","datePublished":"2018-02-10T20:35:09+00:00","dateModified":"2026-02-05T18:17:20+00:00","description":"Mit diesem poetischen Strau\u00df, den Sie jeden Tag verwenden k\u00f6nnen, ziert bl\u00fctenfrische Power Ihre Boxen.","breadcrumb":{"@id":"https:\/\/dutchhealthstore.com\/de\/product\/petal-poetic-pits\/#breadcrumb"},"inLanguage":"de","potentialAction":[{"@type":"ReadAction","target":["https:\/\/dutchhealthstore.com\/de\/product\/petal-poetic-pits\/"]}]},{"@type":"ImageObject","inLanguage":"de","@id":"https:\/\/dutchhealthstore.com\/de\/product\/petal-poetic-pits\/#primaryimage","url":"https:\/\/dutchhealthstore.com\/wp-content\/uploads\/2018\/02\/ll-poetic-pits-petal-beide.jpg","contentUrl":"https:\/\/dutchhealthstore.com\/wp-content\/uploads\/2018\/02\/ll-poetic-pits-petal-beide.jpg","width":530,"height":530,"caption":"ll-poetic-pits-petal-beide"},{"@type":"BreadcrumbList","@id":"https:\/\/dutchhealthstore.com\/de\/product\/petal-poetic-pits\/#breadcrumb","itemListElement":[{"@type":"ListItem","position":1,"name":"Home","item":"https:\/\/dutchhealthstore.com\/de\/"},{"@type":"ListItem","position":2,"name":"Shop","item":"https:\/\/dutchhealthstore.com\/de\/shop-2\/"},{"@type":"ListItem","position":3,"name":"Poetic Pits &#8211; Petal"}]},{"@type":"WebSite","@id":"https:\/\/dutchhealthstore.com\/de\/#website","url":"https:\/\/dutchhealthstore.com\/de\/","name":"Dutch Health Store","description":"Enhance Your Beauty with Organic &amp; Natural Skincare","publisher":{"@id":"https:\/\/dutchhealthstore.com\/de\/#organization"},"potentialAction":[{"@type":"SearchAction","target":{"@type":"EntryPoint","urlTemplate":"https:\/\/dutchhealthstore.com\/de\/?s={search_term_string}"},"query-input":{"@type":"PropertyValueSpecification","valueRequired":true,"valueName":"search_term_string"}}],"inLanguage":"de"},{"@type":"Organization","@id":"https:\/\/dutchhealthstore.com\/de\/#organization","name":"Dutch Health Store","url":"https:\/\/dutchhealthstore.com\/de\/","logo":{"@type":"ImageObject","inLanguage":"de","@id":"https:\/\/dutchhealthstore.com\/de\/#\/schema\/logo\/image\/","url":"https:\/\/dutchhealthstore.com\/wp-content\/uploads\/2020\/08\/logo-dutchhealthstore-jpg-e1599484957574.jpg","contentUrl":"https:\/\/dutchhealthstore.com\/wp-content\/uploads\/2020\/08\/logo-dutchhealthstore-jpg-e1599484957574.jpg","width":400,"height":62,"caption":"Dutch Health Store"},"image":{"@id":"https:\/\/dutchhealthstore.com\/de\/#\/schema\/logo\/image\/"},"sameAs":["https:\/\/www.instagram.com\/dutchhealthstore\/","https:\/\/www.facebook.com\/dutchhealthstore"]}]},"product_brand":"Living Libations","og_availability":"instock","product_availability":"instock","product_condition":"new"},"_links":{"self":[{"href":"https:\/\/dutchhealthstore.com\/de\/wp-json\/wp\/v2\/product\/113830","targetHints":{"allow":["GET"]}}],"collection":[{"href":"https:\/\/dutchhealthstore.com\/de\/wp-json\/wp\/v2\/product"}],"about":[{"href":"https:\/\/dutchhealthstore.com\/de\/wp-json\/wp\/v2\/types\/product"}],"replies":[{"embeddable":true,"href":"https:\/\/dutchhealthstore.com\/de\/wp-json\/wp\/v2\/comments?post=113830"}],"wp:featuredmedia":[{"embeddable":true,"href":"https:\/\/dutchhealthstore.com\/de\/wp-json\/wp\/v2\/media\/299566"}],"wp:attachment":[{"href":"https:\/\/dutchhealthstore.com\/de\/wp-json\/wp\/v2\/media?parent=113830"}],"wp:term":[{"taxonomy":"product_brand","embeddable":true,"href":"https:\/\/dutchhealthstore.com\/de\/wp-json\/wp\/v2\/product_brand?post=113830"},{"taxonomy":"product_cat","embeddable":true,"href":"https:\/\/dutchhealthstore.com\/de\/wp-json\/wp\/v2\/product_cat?post=113830"},{"taxonomy":"product_tag","embeddable":true,"href":"https:\/\/dutchhealthstore.com\/de\/wp-json\/wp\/v2\/product_tag?post=113830"}],"curies":[{"name":"wp","href":"https:\/\/api.w.org\/{rel}","templated":true}]}}