{"id":113558,"date":"2020-05-01T18:47:45","date_gmt":"2020-05-01T18:47:45","guid":{"rendered":"https:\/\/dutchhealthstore.com\/product\/poetic-pits-musk-mallow\/"},"modified":"2026-04-13T13:17:56","modified_gmt":"2026-04-13T11:17:56","slug":"poetic-pits-musk-mallow","status":"publish","type":"product","link":"https:\/\/dutchhealthstore.com\/de\/product\/poetic-pits-musk-mallow\/","title":{"rendered":"Poetic Pits &#8211; Musk Mallow"},"content":{"rendered":"<p><img decoding=\"async\" class=\"alignright size-full wp-image-69549\" src=\"https:\/\/dutchhealthstore.com\/wp-content\/uploads\/2019\/08\/NEW-Living-Libations-Logo.jpg\" alt=\"NEW - Living Libations - Logo\" width=\"175\" height=\"82\">Living Libations <strong>Musk Mallow Poetic Pits<\/strong> wurde entwickelt, um Ihre Achselh\u00f6hlen mit poetischen Aromen von Liebe und Gl\u00fcckseligkeit zu erwecken.<br \/>\nSingt ein sinnliches Lied der reinen Pflanzenpoesie aus euren Gruben!<br \/>\nMit den Essenzen von Kopal, Sandelholz und Moschusmalve schafft Musk Mallow Poetic Pits eine temperamentvolle tantrische Dreifach-Bedrohung von erregender Euphorie.<br \/>\nEs enth\u00e4lt hautberuhigende und sinnlich anziehende Eigenschaften, die Ihre Achselh\u00f6hlen glatt, frisch und fabelhaft duftend halten.<\/p>\n<p>Wenn Sie ein Fan unserer Copal-Moschus-Deodorants sind, ist dies die gleiche fantastische Formel mit Balsam Amyris anstelle von Copal (da das \u00e4therische Copal-\u00d6l erst in einigen Jahren wieder verf\u00fcgbar sein wird). Das Hauptaroma Moschus steht in voller Bl\u00fcte und sorgt zusammen mit Balsam f\u00fcr eine sinnliche Ohnmacht.<\/p>\n<p><strong>Gr\u00f6\u00dfe: 5 ml<\/strong><\/p>\n<h3>Verwenden Sie<\/h3>\n<p>Streichen Sie einmal, um jede Achselh\u00f6hle zu verzaubern. Kombinieren Sie sie mit unseren Ever Moss, Vanilla Velvet, Secret Land of Is Colognes oder unseren Fawn Lily, Lilac Lady, Moccasin Flower, Lei Lady Lei oder Lavish Abundance Petal Parfums.<\/p>\n<h3 style=\"font-weight: 400;\"><strong>Bitte beachten<\/strong><\/h3>\n<p style=\"font-weight: 400;\">Poetic Pits besteht zu 100% aus konzentrierten \u00e4therischen \u00d6len und ist daher am besten geeignet, um gesch\u00e4digte, entz\u00fcndete und allergische Haut zu vermeiden. Die Inhaltsstoffe werden aus \u00e4therischen \u00d6len ausgew\u00e4hlt, die als sicher f\u00fcr die Haut anerkannt sind. Da jeder Mensch eine individuelle Hautreaktion hat, raten wir den Anwendern, vor der Anwendung einen Patch-Test an der Innenseite des Ellenbogens durchzuf\u00fchren. Au\u00dferhalb der Reichweite von Kindern aufbewahren. Bei empfindlicher Haut mit Jojoba\u00f6l verd\u00fcnnen oder unsere Cr\u00e8me Underarm Charms.<\/p>\n<h3 class=\"yikes-custom-woo-tab-title yikes-custom-woo-tab-title-natural-organic-ingredients\">Nat\u00fcrliche\/Organische Inhaltsstoffe<\/h3>\n<p><strong>Sandelholz<\/strong> <em>(Santalum album)<\/em> &#8211; Sandelholz ist reichhaltig und cremig und bietet einen traumhaften Duft, der mit Ihrem pers\u00f6nlichen Duft harmoniert und gleichzeitig die \u00d6lproduktion ausgleicht. Trockenere Achselh\u00f6hlen und ein perfektes Feuchtigkeitsniveau bedeuten, dass Sie sich Ihres Achsel-Charmes sicher sind. Unsere ethisch geerntete, himmlisch duftende Sandelholz-Essenz wird aus dem Kernholz des aromatischen Baumes destilliert. Sie sprudelt nur so vor Feuchtigkeit und botanisch-biotischen Kr\u00e4ften. Dieses warme, reichhaltige, sinnliche \u00d6l ist ein Grundnahrungsmittel in unseren Poetic Pits und in der nat\u00fcrlichen Haar- und Hautpflege auf der ganzen Welt.<\/p>\n<p><strong>Balsam Amyris<\/strong> <em>(Amyris balsamifera)<\/em> &#8211; Balsam Amyris hellt die Stimmung auf und erhellt die Gruben mit einem lieblichen, lang anhaltenden Aroma, das sanft balsamisch, leicht s\u00fc\u00df und mit einem Hauch von Vanille ist. Die subtile W\u00e4rme dieser Essenz schmeichelt den Nerven und beruhigt die Gem\u00fcter.<\/p>\n<p><strong>Moschusmalve <\/strong><em>(Hibiscus abelmoschus)<\/em> &#8211; Die bet\u00f6rende Moschusmalve weckt Ihre Gruben mit aromatisch-verliebten, bernsteinfarbenen, moschusartigen Noten reiner Pflanzenpoesie! Dieses besondere Moschus\u00f6l wird aus den scharfen Samen der tropischen Blume gewonnen und ist das einzige botanische \u00d6l seiner Art, das weder synthetisch noch aus tierischen Quellen gewonnen wird. In seinen Samen liegen uralte ayurvedische Geheimnisse des Wohlbefindens f\u00fcr Haut und Seele. Sein reichhaltiges, s\u00fc\u00dflich-erdiges Aroma k\u00fcndigt seine ansprechenden K\u00fcnste an, die die Haut ausgleichen und verj\u00fcngen sollen. Traditionell werden die Samen zum Aromatisieren von Kaffee, zum Parf\u00fcmieren der Haare und zum Beduften der Haut verwendet.<\/p>\n<p><strong>Weihrauch<\/strong> <em>(Boswellia carterii)<\/em> &#8211; Die Essenz schlechthin f\u00fcr die Kultivierung von Ehrfurcht ist Weihrauch. Weihrauch ist eine fl\u00fcssige Perle vom Baum des Lebens und wird aus dem harzigen Saft des Baumes destilliert. Weihrauch strahlt St\u00e4rke aus und st\u00e4rkt Haut und Geist mit der Nahrung der Jahrhunderte. Dieses uralte \u00d6l wird seit Jahrtausenden verwendet, um empfindliche Haut zu kl\u00e4ren und zu beruhigen. Au\u00dferdem bietet er ein reichhaltiges, komplexes, \u00fcberirdisches Aroma.<\/p>\n<p><strong>Honigmyrte <\/strong><em>(Melaleuca uncinata)<\/em> &#8211; Lebendige Zitronennoten werden von beruhigenden, warmen Honignoten im Sortiment eingefangen und geb\u00e4ndigt. Die zitronenfrische Freiheit des anbrechenden Sommertages k\u00f6nnte einem davonlaufen, w\u00e4re da nicht die beruhigende W\u00e4rme der Myrte.<\/p>\n<p><strong>Majoran<\/strong><em>(Origanum marjorana)<\/em> &#8211; Der krautige Majoran wird seit biblischen Zeiten zur Reinigung von K\u00f6rper, Geist und Seele verwendet. Dampfdestilliert, um die botanischen Segnungen dieses duftenden Krauts einzufangen, unser Majoran.<\/p>\n<p><img fetchpriority=\"high\" decoding=\"async\" class=\"size-medium wp-image-68103 aligncenter\" src=\"https:\/\/dutchhealthstore.com\/wp-content\/uploads\/2018\/02\/Living-Libations-Organic-Logo-800x89.png\" alt=\"Living Libations - Organic Logo\" width=\"800\" height=\"89\" srcset=\"https:\/\/dutchhealthstore.com\/wp-content\/uploads\/2018\/02\/Living-Libations-Organic-Logo-800x89.png 800w, https:\/\/dutchhealthstore.com\/wp-content\/uploads\/2018\/02\/Living-Libations-Organic-Logo-510x57.png 510w, https:\/\/dutchhealthstore.com\/wp-content\/uploads\/2018\/02\/Living-Libations-Organic-Logo-768x85.png 768w, https:\/\/dutchhealthstore.com\/wp-content\/uploads\/2018\/02\/Living-Libations-Organic-Logo.png 1400w\" sizes=\"(max-width: 800px) 100vw, 800px\" \/><\/p>\n<p>&nbsp;<\/p>\n","protected":false},"excerpt":{"rendered":"<p>Living Libations <strong>Musk Mallow Poetic Pits<\/strong> wurde entwickelt, um Ihre Achselh\u00f6hlen mit poetischen Aromen von Liebe und Gl\u00fcckseligkeit zu erwecken.<br \/>\nSingt ein sinnliches Lied der reinen Pflanzenpoesie aus euren Gruben!<br \/>\nMit den Essenzen von Kopal, Sandelholz und Moschusmalve schafft Musk Mallow Poetic Pits eine temperamentvolle tantrische Dreifach-Bedrohung von erregender Euphorie.<br \/>\nEs enth\u00e4lt hautberuhigende und sinnlich anziehende Eigenschaften, die Ihre Achselh\u00f6hlen glatt, frisch und fabelhaft duftend halten.<\/p>\n","protected":false},"featured_media":299089,"comment_status":"open","ping_status":"closed","template":"","meta":[],"product_brand":[],"product_cat":[1098,3541,1032,1502,515,1493,1210,511],"product_tag":[21667,6647,21810,21395,21809],"class_list":{"0":"post-113558","1":"product","2":"type-product","3":"status-publish","4":"has-post-thumbnail","6":"product_cat-deodorant-de","7":"product_cat-deodorant-living-libations-de","8":"product_cat-kategorien","9":"product_cat-korperpflege-living-libations","10":"product_cat-korperpflege-de","11":"product_cat-living-libations-deutschland","12":"product_cat-marken","13":"product_cat-produkte","14":"product_tag-aroma-de","15":"product_tag-deodorant-de","16":"product_tag-erfrischend","17":"product_tag-korper","18":"product_tag-natural-de","19":"pa_brand-livinglibations-de","20":"pa_gtin-7439657366390-de","21":"pa_size-5-ml-de","23":"first","24":"instock","25":"taxable","26":"shipping-taxable","27":"purchasable","28":"product-type-simple"},"bundled_by":[],"bundle_stock_status":"instock","bundle_stock_quantity":3,"bundle_virtual":false,"bundle_layout":"","bundle_add_to_cart_form_location":"","bundle_editable_in_cart":false,"bundle_sold_individually_context":"","bundle_item_grouping":"","bundle_min_size":"","bundle_max_size":"","bundle_price":[],"bundled_items":[],"bundle_sell_ids":[107698],"atum_controlled":true,"out_stock_date":null,"out_stock_threshold":null,"inheritable":false,"stock_on_hold":0,"sold_today":0,"sales_last_days":0,"out_stock_days":12,"lost_sales":0,"update_date":"2026-04-13T11:18:03","atum_locations":[],"atum_stock_status":"instock","restock_status":false,"low_stock_amount":"","sales_update_date":"2026-04-13T11:17:37","calc_backorders":null,"group_of_quantity":0,"min_quantity":0,"max_quantity":"","exclude_order_quantity_value_rules":"no","exclude_category_quantity_rules":"no","combine_variations":"no","yoast_head":"<!-- This site is optimized with the Yoast SEO Premium plugin v26.5 (Yoast SEO v26.5) - https:\/\/yoast.com\/wordpress\/plugins\/seo\/ -->\n<title>Poetic Pits - Musk Mallow | Living Libations<\/title>\n<meta name=\"description\" content=\"Living Libations Musk Mallow Poetic Pits wurde entwickelt, um Ihre Achselh\u00f6hlen mit poetischen Aromen von Liebe und Gl\u00fcckseligkeit zu erwecken.\" \/>\n<meta name=\"robots\" content=\"index, follow, max-snippet:-1, max-image-preview:large, max-video-preview:-1\" \/>\n<link rel=\"canonical\" href=\"https:\/\/dutchhealthstore.com\/de\/product\/poetic-pits-musk-mallow\/\" \/>\n<meta property=\"og:locale\" content=\"de_DE\" \/>\n<meta property=\"og:type\" content=\"article\" \/>\n<meta property=\"og:title\" content=\"Poetic Pits - Musk Mallow - Dutch Health Store\" \/>\n<meta property=\"og:description\" content=\"Living Libations Musk Mallow Poetic Pits wurde entwickelt, um Ihre Achselh\u00f6hlen mit poetischen Aromen von Liebe und Gl\u00fcckseligkeit zu erwecken.\" \/>\n<meta property=\"og:url\" content=\"https:\/\/dutchhealthstore.com\/de\/product\/poetic-pits-musk-mallow\/\" \/>\n<meta property=\"og:site_name\" content=\"Dutch Health Store\" \/>\n<meta property=\"article:publisher\" content=\"https:\/\/www.instagram.com\/dutchhealthstore\/\" \/>\n<meta property=\"article:modified_time\" content=\"2026-04-13T11:17:56+00:00\" \/>\n<meta property=\"og:image\" content=\"https:\/\/dutchhealthstore.com\/wp-content\/uploads\/2020\/05\/Living-libations-Poetic-Pits-Musk-Mallow.jpg\" \/>\n\t<meta property=\"og:image:width\" content=\"699\" \/>\n\t<meta property=\"og:image:height\" content=\"700\" \/>\n\t<meta property=\"og:image:type\" content=\"image\/jpeg\" \/>\n<meta name=\"twitter:card\" content=\"summary_large_image\" \/>\n<meta name=\"twitter:label1\" content=\"Preis\" \/>\n\t<meta name=\"twitter:data1\" content=\"&euro;55,00\" \/>\n\t<meta name=\"twitter:label2\" content=\"Verf\u00fcgbarkeit\" \/>\n\t<meta name=\"twitter:data2\" content=\"Auf Lager\" \/>\n<script type=\"application\/ld+json\" class=\"yoast-schema-graph\">{\"@context\":\"https:\/\/schema.org\",\"@graph\":[{\"@type\":\"WebPage\",\"@id\":\"https:\/\/dutchhealthstore.com\/de\/product\/poetic-pits-musk-mallow\/\",\"url\":\"https:\/\/dutchhealthstore.com\/de\/product\/poetic-pits-musk-mallow\/\",\"name\":\"Poetic Pits - Musk Mallow | Living Libations\",\"isPartOf\":{\"@id\":\"https:\/\/dutchhealthstore.com\/de\/#website\"},\"primaryImageOfPage\":{\"@id\":\"https:\/\/dutchhealthstore.com\/de\/product\/poetic-pits-musk-mallow\/#primaryimage\"},\"image\":{\"@id\":\"https:\/\/dutchhealthstore.com\/de\/product\/poetic-pits-musk-mallow\/#primaryimage\"},\"thumbnailUrl\":\"https:\/\/dutchhealthstore.com\/wp-content\/uploads\/2020\/05\/ll-poetic-pits-musk-mallow-beide.jpg\",\"datePublished\":\"2020-05-01T18:47:45+00:00\",\"dateModified\":\"2026-04-13T11:17:56+00:00\",\"description\":\"Living Libations Musk Mallow Poetic Pits wurde entwickelt, um Ihre Achselh\u00f6hlen mit poetischen Aromen von Liebe und Gl\u00fcckseligkeit zu erwecken.\",\"breadcrumb\":{\"@id\":\"https:\/\/dutchhealthstore.com\/de\/product\/poetic-pits-musk-mallow\/#breadcrumb\"},\"inLanguage\":\"de\",\"potentialAction\":[{\"@type\":\"ReadAction\",\"target\":[\"https:\/\/dutchhealthstore.com\/de\/product\/poetic-pits-musk-mallow\/\"]}]},{\"@type\":\"ImageObject\",\"inLanguage\":\"de\",\"@id\":\"https:\/\/dutchhealthstore.com\/de\/product\/poetic-pits-musk-mallow\/#primaryimage\",\"url\":\"https:\/\/dutchhealthstore.com\/wp-content\/uploads\/2020\/05\/ll-poetic-pits-musk-mallow-beide.jpg\",\"contentUrl\":\"https:\/\/dutchhealthstore.com\/wp-content\/uploads\/2020\/05\/ll-poetic-pits-musk-mallow-beide.jpg\",\"width\":530,\"height\":530,\"caption\":\"ll-poetic-pits-musk-mallow-beide\"},{\"@type\":\"BreadcrumbList\",\"@id\":\"https:\/\/dutchhealthstore.com\/de\/product\/poetic-pits-musk-mallow\/#breadcrumb\",\"itemListElement\":[{\"@type\":\"ListItem\",\"position\":1,\"name\":\"Home\",\"item\":\"https:\/\/dutchhealthstore.com\/de\/\"},{\"@type\":\"ListItem\",\"position\":2,\"name\":\"Shop\",\"item\":\"https:\/\/dutchhealthstore.com\/de\/shop-2\/\"},{\"@type\":\"ListItem\",\"position\":3,\"name\":\"Poetic Pits &#8211; Musk Mallow\"}]},{\"@type\":\"WebSite\",\"@id\":\"https:\/\/dutchhealthstore.com\/de\/#website\",\"url\":\"https:\/\/dutchhealthstore.com\/de\/\",\"name\":\"Dutch Health Store\",\"description\":\"Enhance Your Beauty with Organic &amp; Natural Skincare\",\"publisher\":{\"@id\":\"https:\/\/dutchhealthstore.com\/de\/#organization\"},\"potentialAction\":[{\"@type\":\"SearchAction\",\"target\":{\"@type\":\"EntryPoint\",\"urlTemplate\":\"https:\/\/dutchhealthstore.com\/de\/?s={search_term_string}\"},\"query-input\":{\"@type\":\"PropertyValueSpecification\",\"valueRequired\":true,\"valueName\":\"search_term_string\"}}],\"inLanguage\":\"de\"},{\"@type\":\"Organization\",\"@id\":\"https:\/\/dutchhealthstore.com\/de\/#organization\",\"name\":\"Dutch Health Store\",\"url\":\"https:\/\/dutchhealthstore.com\/de\/\",\"logo\":{\"@type\":\"ImageObject\",\"inLanguage\":\"de\",\"@id\":\"https:\/\/dutchhealthstore.com\/de\/#\/schema\/logo\/image\/\",\"url\":\"https:\/\/dutchhealthstore.com\/wp-content\/uploads\/2020\/08\/logo-dutchhealthstore-jpg-e1599484957574.jpg\",\"contentUrl\":\"https:\/\/dutchhealthstore.com\/wp-content\/uploads\/2020\/08\/logo-dutchhealthstore-jpg-e1599484957574.jpg\",\"width\":400,\"height\":62,\"caption\":\"Dutch Health Store\"},\"image\":{\"@id\":\"https:\/\/dutchhealthstore.com\/de\/#\/schema\/logo\/image\/\"},\"sameAs\":[\"https:\/\/www.instagram.com\/dutchhealthstore\/\",\"https:\/\/www.facebook.com\/dutchhealthstore\"]}]}<\/script>\n<meta property=\"product:brand\" content=\"Living Libations\" \/>\n<meta property=\"product:price:amount\" content=\"55.00\" \/>\n<meta property=\"product:price:currency\" content=\"EUR\" \/>\n<meta property=\"og:availability\" content=\"instock\" \/>\n<meta property=\"product:availability\" content=\"instock\" \/>\n<meta property=\"product:condition\" content=\"new\" \/>\n<!-- \/ Yoast SEO Premium plugin. -->","yoast_head_json":{"title":"Poetic Pits - Musk Mallow | Living Libations","description":"Living Libations Musk Mallow Poetic Pits wurde entwickelt, um Ihre Achselh\u00f6hlen mit poetischen Aromen von Liebe und Gl\u00fcckseligkeit zu erwecken.","robots":{"index":"index","follow":"follow","max-snippet":"max-snippet:-1","max-image-preview":"max-image-preview:large","max-video-preview":"max-video-preview:-1"},"canonical":"https:\/\/dutchhealthstore.com\/de\/product\/poetic-pits-musk-mallow\/","og_locale":"de_DE","og_type":"article","og_title":"Poetic Pits - Musk Mallow - Dutch Health Store","og_description":"Living Libations Musk Mallow Poetic Pits wurde entwickelt, um Ihre Achselh\u00f6hlen mit poetischen Aromen von Liebe und Gl\u00fcckseligkeit zu erwecken.","og_url":"https:\/\/dutchhealthstore.com\/de\/product\/poetic-pits-musk-mallow\/","og_site_name":"Dutch Health Store","article_publisher":"https:\/\/www.instagram.com\/dutchhealthstore\/","article_modified_time":"2026-04-13T11:17:56+00:00","og_image":[{"width":699,"height":700,"url":"https:\/\/dutchhealthstore.com\/wp-content\/uploads\/2020\/05\/Living-libations-Poetic-Pits-Musk-Mallow.jpg","type":"image\/jpeg"}],"twitter_card":"summary_large_image","twitter_misc":{"Preis":"&euro;55,00","Verf\u00fcgbarkeit":"Auf Lager"},"schema":{"@context":"https:\/\/schema.org","@graph":[{"@type":"WebPage","@id":"https:\/\/dutchhealthstore.com\/de\/product\/poetic-pits-musk-mallow\/","url":"https:\/\/dutchhealthstore.com\/de\/product\/poetic-pits-musk-mallow\/","name":"Poetic Pits - Musk Mallow | Living Libations","isPartOf":{"@id":"https:\/\/dutchhealthstore.com\/de\/#website"},"primaryImageOfPage":{"@id":"https:\/\/dutchhealthstore.com\/de\/product\/poetic-pits-musk-mallow\/#primaryimage"},"image":{"@id":"https:\/\/dutchhealthstore.com\/de\/product\/poetic-pits-musk-mallow\/#primaryimage"},"thumbnailUrl":"https:\/\/dutchhealthstore.com\/wp-content\/uploads\/2020\/05\/ll-poetic-pits-musk-mallow-beide.jpg","datePublished":"2020-05-01T18:47:45+00:00","dateModified":"2026-04-13T11:17:56+00:00","description":"Living Libations Musk Mallow Poetic Pits wurde entwickelt, um Ihre Achselh\u00f6hlen mit poetischen Aromen von Liebe und Gl\u00fcckseligkeit zu erwecken.","breadcrumb":{"@id":"https:\/\/dutchhealthstore.com\/de\/product\/poetic-pits-musk-mallow\/#breadcrumb"},"inLanguage":"de","potentialAction":[{"@type":"ReadAction","target":["https:\/\/dutchhealthstore.com\/de\/product\/poetic-pits-musk-mallow\/"]}]},{"@type":"ImageObject","inLanguage":"de","@id":"https:\/\/dutchhealthstore.com\/de\/product\/poetic-pits-musk-mallow\/#primaryimage","url":"https:\/\/dutchhealthstore.com\/wp-content\/uploads\/2020\/05\/ll-poetic-pits-musk-mallow-beide.jpg","contentUrl":"https:\/\/dutchhealthstore.com\/wp-content\/uploads\/2020\/05\/ll-poetic-pits-musk-mallow-beide.jpg","width":530,"height":530,"caption":"ll-poetic-pits-musk-mallow-beide"},{"@type":"BreadcrumbList","@id":"https:\/\/dutchhealthstore.com\/de\/product\/poetic-pits-musk-mallow\/#breadcrumb","itemListElement":[{"@type":"ListItem","position":1,"name":"Home","item":"https:\/\/dutchhealthstore.com\/de\/"},{"@type":"ListItem","position":2,"name":"Shop","item":"https:\/\/dutchhealthstore.com\/de\/shop-2\/"},{"@type":"ListItem","position":3,"name":"Poetic Pits &#8211; Musk Mallow"}]},{"@type":"WebSite","@id":"https:\/\/dutchhealthstore.com\/de\/#website","url":"https:\/\/dutchhealthstore.com\/de\/","name":"Dutch Health Store","description":"Enhance Your Beauty with Organic &amp; Natural Skincare","publisher":{"@id":"https:\/\/dutchhealthstore.com\/de\/#organization"},"potentialAction":[{"@type":"SearchAction","target":{"@type":"EntryPoint","urlTemplate":"https:\/\/dutchhealthstore.com\/de\/?s={search_term_string}"},"query-input":{"@type":"PropertyValueSpecification","valueRequired":true,"valueName":"search_term_string"}}],"inLanguage":"de"},{"@type":"Organization","@id":"https:\/\/dutchhealthstore.com\/de\/#organization","name":"Dutch Health Store","url":"https:\/\/dutchhealthstore.com\/de\/","logo":{"@type":"ImageObject","inLanguage":"de","@id":"https:\/\/dutchhealthstore.com\/de\/#\/schema\/logo\/image\/","url":"https:\/\/dutchhealthstore.com\/wp-content\/uploads\/2020\/08\/logo-dutchhealthstore-jpg-e1599484957574.jpg","contentUrl":"https:\/\/dutchhealthstore.com\/wp-content\/uploads\/2020\/08\/logo-dutchhealthstore-jpg-e1599484957574.jpg","width":400,"height":62,"caption":"Dutch Health Store"},"image":{"@id":"https:\/\/dutchhealthstore.com\/de\/#\/schema\/logo\/image\/"},"sameAs":["https:\/\/www.instagram.com\/dutchhealthstore\/","https:\/\/www.facebook.com\/dutchhealthstore"]}]},"product_brand":"Living Libations","product_price_amount":"55.00","product_price_currency":"EUR","og_availability":"instock","product_availability":"instock","product_condition":"new"},"_links":{"self":[{"href":"https:\/\/dutchhealthstore.com\/de\/wp-json\/wp\/v2\/product\/113558","targetHints":{"allow":["GET"]}}],"collection":[{"href":"https:\/\/dutchhealthstore.com\/de\/wp-json\/wp\/v2\/product"}],"about":[{"href":"https:\/\/dutchhealthstore.com\/de\/wp-json\/wp\/v2\/types\/product"}],"replies":[{"embeddable":true,"href":"https:\/\/dutchhealthstore.com\/de\/wp-json\/wp\/v2\/comments?post=113558"}],"wp:featuredmedia":[{"embeddable":true,"href":"https:\/\/dutchhealthstore.com\/de\/wp-json\/wp\/v2\/media\/299089"}],"wp:attachment":[{"href":"https:\/\/dutchhealthstore.com\/de\/wp-json\/wp\/v2\/media?parent=113558"}],"wp:term":[{"taxonomy":"product_brand","embeddable":true,"href":"https:\/\/dutchhealthstore.com\/de\/wp-json\/wp\/v2\/product_brand?post=113558"},{"taxonomy":"product_cat","embeddable":true,"href":"https:\/\/dutchhealthstore.com\/de\/wp-json\/wp\/v2\/product_cat?post=113558"},{"taxonomy":"product_tag","embeddable":true,"href":"https:\/\/dutchhealthstore.com\/de\/wp-json\/wp\/v2\/product_tag?post=113558"}],"curies":[{"name":"wp","href":"https:\/\/api.w.org\/{rel}","templated":true}]}}