{"id":113525,"date":"2018-02-10T19:22:46","date_gmt":"2018-02-10T19:22:46","guid":{"rendered":"https:\/\/dutchhealthstore.com\/product\/poetic-pits-gingerlily\/"},"modified":"2026-02-05T19:17:20","modified_gmt":"2026-02-05T18:17:20","slug":"poetic-pits-gingerlily","status":"publish","type":"product","link":"https:\/\/dutchhealthstore.com\/de\/product\/poetic-pits-gingerlily\/","title":{"rendered":"Poetic Pits &#8211; Ginger Lily"},"content":{"rendered":"<p><img decoding=\"async\" class=\"size-full wp-image-37041 alignright\" src=\"https:\/\/dutchhealthstore.com\/wp-content\/uploads\/2018\/04\/Living_Libations-1.png\" alt=\"Organic &amp; Natural Beautyproducts - Living Libations\" width=\"175\" height=\"82\">Schw\u00fcl, moschusartig, <span style=\"font-size: 14.4px;\"><b>Ingwer-Lilie<\/b><\/span> In <b> Poetic Pits<\/b> tanzt die holzige W\u00e4rme der honiggetr\u00e4nkten Ingwerlilie mit den buttrigen, erdigen Schwingungen von Vetiver. Wenn Ingwerlilie \u00fcber Vetiver stolpert, ringen und rollen sie in Richtung eines Flusses, der mit duftendem Sandelholz und sanftem Lavendel rauscht. Streichen Sie einmal dar\u00fcber, um jede Achselh\u00f6hle mit diesem sinnlichen und wirksamen nat\u00fcrlichen Deodorant zu verzaubern. Living Libations Ginger Lily Poetic Pits verleiht Ihren Achselh\u00f6hlen einen dauerhaften Charme!  <\/p>\n<h3>Use<\/h3>\n<p>  Streichen Sie einmal, um jede Achselh\u00f6hle zu verzaubern. Kombinieren Sie dieses Poetic Pit mit Vanilla Velvet, Ever Moss, Radiant Earth Forest Colognes, Lei Lady Lei, Lilac Lady, Being Free is Lots of Fun, Night Flight to Venus oder Lavish Abundance Petal Perfumes.  <\/p>\n<h3>Bitte beachten<\/h3>\n<p>  Poetic Pits besteht zu 100% aus konzentrierten \u00e4therischen \u00d6len, so dass Sie gesch\u00e4digter, entz\u00fcndeter und allergischer Haut am besten ausweichen k\u00f6nnen. Die Inhaltsstoffe werden aus \u00e4therischen \u00d6len ausgew\u00e4hlt, die als sicher f\u00fcr die Haut anerkannt sind. Da jeder Mensch eine individuelle Hautreaktion hat, raten wir den Anwendern, vor der Anwendung einen Patch-Test an der Innenseite des Ellenbogens durchzuf\u00fchren. Au\u00dferhalb der Reichweite von Kindern aufbewahren. Bei besonders empfindlicher Haut verd\u00fcnnen Sie es mit Jojoba\u00f6l oder probieren Sie unsere Achsel-Creme aus.  <\/p>\n<h3 class=\"yikes-custom-woo-tab-title yikes-custom-woo-tab-title-natural-organic-ingredients\">Nat\u00fcrliche\/Organische Inhaltsstoffe<\/h3>\n<p><strong>\u00c4therisches Sandelholz\u00f6l <\/strong><em>(Santalum album)<\/em> &#8211; Sandelholz ist reichhaltig und cremig und bietet einen traumhaften Duft, der mit Ihrem pers\u00f6nlichen Duft harmoniert und gleichzeitig die \u00d6lproduktion ausgleicht. Trockenere Achselh\u00f6hlen und ein perfektes Feuchtigkeitsniveau bedeuten, dass Sie sich Ihres Achsel-Charmes sicher sind. Unsere ethisch geerntete, himmlisch duftende Sandelholz-Essenz wird aus dem Kernholz des aromatischen Baumes destilliert. Sie sprudelt nur so vor Feuchtigkeit und pflanzlichen Biokr\u00e4ften. Dieses warme, reichhaltige, sinnliche \u00d6l ist ein Grundnahrungsmittel in unseren Poetic Pits und in der nat\u00fcrlichen Haar- und Hautpflege auf der ganzen Welt. <strong>\u00c4therisches \u00d6l aus Ingwer-Lilie und Vetiver <\/strong><em>(Hedychium coronarium, gemeinsam destilliert mit Chrysopogon zizanioides) <\/em>&#8211; Die wundersch\u00f6ne Ingwer-Lilie wird mit Vetiver destilliert, um eine wirklich einzigartige Duftsynergie zu erzielen, die Ihre Achselh\u00f6hlen mit aromatischen Wundern verzaubert.<br \/>\nDie frischen, blumigen, warmen und holzigen Noten der Ingwerlilie werden durch den reichen, angenehmen Moschus der Vetiverwurzeln zum Leben erweckt. <strong>\u00c4therisches Vetiver\u00f6l <\/strong><em>(Chrysopogon zizanioides)<\/em> &#8211; Lebendiger Vetiver ist ein erdiges Aroma f\u00fcr Haut und Geist.<br \/>\nDas aus zarten, windgepeitschten Gr\u00e4sern destillierte, erdige Aroma des Vetiver\u00f6ls soll geruchsverursachende Bakterien neutralisieren. <strong>\u00c4therisches Lavendel\u00f6l <\/strong><em>(Lavandula officinalis) <\/em>&#8211; Der liebliche Lavendel ist nicht nur ein Grundnahrungsmittel f\u00fcr die Aromatherapie, er ist auch die perfekte Muse, um Ihre Achselh\u00f6hlen zu verzaubern!   Lavendel wirkt emotional beruhigend und bes\u00e4nftigend, ist aber auch wunderbar f\u00fcr die Haut. Unter den Armen beruhigt Lavendel die zarte Haut nach der Rasur. Lavendel, benannt nach dem lateinischen Wort &#8222;waschen&#8220;, ist ein herrliches Einreibemittel, das unserem Achselh\u00f6hlen-Charme ein Bl\u00fctengedicht der entspannten Ruhe verleiht. <strong>Balsam Amyris<\/strong> <em>(Amyris balsamifera)<\/em> &#8211; Erhellen Sie Ihre Stimmung und erhellen Sie Ihre Achselh\u00f6hlen mit Balsam Amyris, einem lieblichen, lang anhaltenden Duft, der sanft balsamisch, leicht s\u00fc\u00df und mit einem Hauch von Vanille ist. Die subtile W\u00e4rme dieser Essenz schmeichelt den Nerven und beruhigt die Gem\u00fcter.  <img fetchpriority=\"high\" decoding=\"async\" class=\"size-full wp-image-31577 aligncenter\" src=\"https:\/\/dutchhealthstore.com\/wp-content\/uploads\/2018\/03\/organic_big.png\" alt=\"Organic and Natural - Living Libations\" width=\"623\" height=\"103\" srcset=\"https:\/\/dutchhealthstore.com\/wp-content\/uploads\/2018\/03\/organic_big.png 623w, https:\/\/dutchhealthstore.com\/wp-content\/uploads\/2018\/03\/organic_big-510x84.png 510w, https:\/\/dutchhealthstore.com\/wp-content\/uploads\/2018\/03\/organic_big-600x99.png 600w, https:\/\/dutchhealthstore.com\/wp-content\/uploads\/2018\/03\/organic_big-350x58.png 350w\" sizes=\"(max-width: 623px) 100vw, 623px\" \/><\/p>\n","protected":false},"excerpt":{"rendered":"<p><strong>Ginger Lily Poetic Pits<\/strong> ist ein schw\u00fcler, moschusartiger Duft, in dem die holzige W\u00e4rme der honiggetr\u00e4nkten Ingwerlilie mit den buttrigen, erdigen Schwingungen von Vetiver tanzt. Wenn Ingwerlilie \u00fcber Vetiver stolpert, ringen und rollen sie in Richtung eines Flusses, der mit duftendem Sandelholz und sanftem Lavendel rauscht. Streichen Sie einmal dar\u00fcber, um jede Achselh\u00f6hle mit diesem sinnlichen und wirksamen nat\u00fcrlichen Deodorant zu verzaubern. Living Libations Ginger Lily Poetic Pits verleiht Ihren Achselh\u00f6hlen einen dauerhaften Charme!  &nbsp;<\/p>\n","protected":false},"featured_media":359615,"comment_status":"open","ping_status":"closed","template":"","meta":[],"product_brand":[],"product_cat":[3541,1098,1032,515,1502,1493,1210,511],"product_tag":[4681,6647],"class_list":{"0":"post-113525","1":"product","2":"type-product","3":"status-publish","4":"has-post-thumbnail","6":"product_cat-deodorant-living-libations-de","7":"product_cat-deodorant-de","8":"product_cat-kategorien","9":"product_cat-korperpflege-de","10":"product_cat-korperpflege-living-libations","11":"product_cat-living-libations-deutschland","12":"product_cat-marken","13":"product_cat-produkte","14":"product_tag-body-care-de","15":"product_tag-deodorant-de","16":"pa_brand-livinglibations-de","17":"pa_size-1-25-ml-sample-de","18":"pa_size-5-ml-de","19":"pa_size-10-ml-de","21":"first","22":"instock","23":"taxable","24":"shipping-taxable","25":"purchasable","26":"product-type-variable"},"bundled_by":[],"bundle_stock_status":"instock","bundle_stock_quantity":null,"bundle_virtual":false,"bundle_layout":"","bundle_add_to_cart_form_location":"","bundle_editable_in_cart":false,"bundle_sold_individually_context":"","bundle_item_grouping":"","bundle_min_size":"","bundle_max_size":"","bundle_price":[],"bundled_items":[],"bundle_sell_ids":[],"atum_controlled":true,"out_stock_date":null,"out_stock_threshold":null,"inheritable":true,"stock_on_hold":0,"sold_today":0,"sales_last_days":0,"out_stock_days":0,"lost_sales":0,"update_date":"2026-04-09T01:47:28","atum_locations":[],"atum_stock_status":"instock","restock_status":false,"low_stock_amount":"","sales_update_date":"2026-04-09T01:47:28","calc_backorders":null,"group_of_quantity":0,"min_quantity":0,"max_quantity":"","exclude_order_quantity_value_rules":"no","exclude_category_quantity_rules":"no","combine_variations":"no","yoast_head":"<!-- This site is optimized with the Yoast SEO Premium plugin v26.5 (Yoast SEO v26.5) - https:\/\/yoast.com\/wordpress\/plugins\/seo\/ -->\n<title>Poetic Pits Ginger Lily | Living Libations<\/title>\n<meta name=\"description\" content=\"Schw\u00fcle Ingwerlilienbl\u00fcten, destilliert mit Vetiver-Tropfen, schaffen g\u00f6ttliche Gruben f\u00fcr Tage!\" \/>\n<meta name=\"robots\" content=\"index, follow, max-snippet:-1, max-image-preview:large, max-video-preview:-1\" \/>\n<link rel=\"canonical\" href=\"https:\/\/dutchhealthstore.com\/de\/product\/poetic-pits-gingerlily\/\" \/>\n<meta property=\"og:locale\" content=\"de_DE\" \/>\n<meta property=\"og:type\" content=\"article\" \/>\n<meta property=\"og:title\" content=\"Poetic Pits - Ginger Lily - Dutch Health Store\" \/>\n<meta property=\"og:description\" content=\"Schw\u00fcle Ingwerlilienbl\u00fcten, destilliert mit Vetiver-Tropfen, schaffen g\u00f6ttliche Gruben f\u00fcr Tage!\" \/>\n<meta property=\"og:url\" content=\"https:\/\/dutchhealthstore.com\/de\/product\/poetic-pits-gingerlily\/\" \/>\n<meta property=\"og:site_name\" content=\"Dutch Health Store\" \/>\n<meta property=\"article:publisher\" content=\"https:\/\/www.instagram.com\/dutchhealthstore\/\" \/>\n<meta property=\"article:modified_time\" content=\"2026-02-05T18:17:20+00:00\" \/>\n<meta property=\"og:image\" content=\"https:\/\/dutchhealthstore.com\/wp-content\/uploads\/2018\/02\/ll-poetic-pits-gingerlily-10ml.jpg\" \/>\n\t<meta property=\"og:image:width\" content=\"530\" \/>\n\t<meta property=\"og:image:height\" content=\"530\" \/>\n\t<meta property=\"og:image:type\" content=\"image\/jpeg\" \/>\n<meta name=\"twitter:card\" content=\"summary_large_image\" \/>\n<meta name=\"twitter:label1\" content=\"Verf\u00fcgbarkeit\" \/>\n\t<meta name=\"twitter:data1\" content=\"Auf Lager\" \/>\n<script type=\"application\/ld+json\" class=\"yoast-schema-graph\">{\"@context\":\"https:\/\/schema.org\",\"@graph\":[{\"@type\":\"WebPage\",\"@id\":\"https:\/\/dutchhealthstore.com\/de\/product\/poetic-pits-gingerlily\/\",\"url\":\"https:\/\/dutchhealthstore.com\/de\/product\/poetic-pits-gingerlily\/\",\"name\":\"Poetic Pits Ginger Lily | Living Libations\",\"isPartOf\":{\"@id\":\"https:\/\/dutchhealthstore.com\/de\/#website\"},\"primaryImageOfPage\":{\"@id\":\"https:\/\/dutchhealthstore.com\/de\/product\/poetic-pits-gingerlily\/#primaryimage\"},\"image\":{\"@id\":\"https:\/\/dutchhealthstore.com\/de\/product\/poetic-pits-gingerlily\/#primaryimage\"},\"thumbnailUrl\":\"https:\/\/dutchhealthstore.com\/wp-content\/uploads\/2018\/02\/ll-poetic-pits-ginger-lily.jpg\",\"datePublished\":\"2018-02-10T19:22:46+00:00\",\"dateModified\":\"2026-02-05T18:17:20+00:00\",\"description\":\"Schw\u00fcle Ingwerlilienbl\u00fcten, destilliert mit Vetiver-Tropfen, schaffen g\u00f6ttliche Gruben f\u00fcr Tage!\",\"breadcrumb\":{\"@id\":\"https:\/\/dutchhealthstore.com\/de\/product\/poetic-pits-gingerlily\/#breadcrumb\"},\"inLanguage\":\"de\",\"potentialAction\":[{\"@type\":\"ReadAction\",\"target\":[\"https:\/\/dutchhealthstore.com\/de\/product\/poetic-pits-gingerlily\/\"]}]},{\"@type\":\"ImageObject\",\"inLanguage\":\"de\",\"@id\":\"https:\/\/dutchhealthstore.com\/de\/product\/poetic-pits-gingerlily\/#primaryimage\",\"url\":\"https:\/\/dutchhealthstore.com\/wp-content\/uploads\/2018\/02\/ll-poetic-pits-ginger-lily.jpg\",\"contentUrl\":\"https:\/\/dutchhealthstore.com\/wp-content\/uploads\/2018\/02\/ll-poetic-pits-ginger-lily.jpg\",\"width\":530,\"height\":530,\"caption\":\"ll-poetic-pits-ginger-lily\"},{\"@type\":\"BreadcrumbList\",\"@id\":\"https:\/\/dutchhealthstore.com\/de\/product\/poetic-pits-gingerlily\/#breadcrumb\",\"itemListElement\":[{\"@type\":\"ListItem\",\"position\":1,\"name\":\"Home\",\"item\":\"https:\/\/dutchhealthstore.com\/de\/\"},{\"@type\":\"ListItem\",\"position\":2,\"name\":\"Shop\",\"item\":\"https:\/\/dutchhealthstore.com\/de\/shop-2\/\"},{\"@type\":\"ListItem\",\"position\":3,\"name\":\"Poetic Pits &#8211; Ginger Lily\"}]},{\"@type\":\"WebSite\",\"@id\":\"https:\/\/dutchhealthstore.com\/de\/#website\",\"url\":\"https:\/\/dutchhealthstore.com\/de\/\",\"name\":\"Dutch Health Store\",\"description\":\"Enhance Your Beauty with Organic &amp; Natural Skincare\",\"publisher\":{\"@id\":\"https:\/\/dutchhealthstore.com\/de\/#organization\"},\"potentialAction\":[{\"@type\":\"SearchAction\",\"target\":{\"@type\":\"EntryPoint\",\"urlTemplate\":\"https:\/\/dutchhealthstore.com\/de\/?s={search_term_string}\"},\"query-input\":{\"@type\":\"PropertyValueSpecification\",\"valueRequired\":true,\"valueName\":\"search_term_string\"}}],\"inLanguage\":\"de\"},{\"@type\":\"Organization\",\"@id\":\"https:\/\/dutchhealthstore.com\/de\/#organization\",\"name\":\"Dutch Health Store\",\"url\":\"https:\/\/dutchhealthstore.com\/de\/\",\"logo\":{\"@type\":\"ImageObject\",\"inLanguage\":\"de\",\"@id\":\"https:\/\/dutchhealthstore.com\/de\/#\/schema\/logo\/image\/\",\"url\":\"https:\/\/dutchhealthstore.com\/wp-content\/uploads\/2020\/08\/logo-dutchhealthstore-jpg-e1599484957574.jpg\",\"contentUrl\":\"https:\/\/dutchhealthstore.com\/wp-content\/uploads\/2020\/08\/logo-dutchhealthstore-jpg-e1599484957574.jpg\",\"width\":400,\"height\":62,\"caption\":\"Dutch Health Store\"},\"image\":{\"@id\":\"https:\/\/dutchhealthstore.com\/de\/#\/schema\/logo\/image\/\"},\"sameAs\":[\"https:\/\/www.instagram.com\/dutchhealthstore\/\",\"https:\/\/www.facebook.com\/dutchhealthstore\"]}]}<\/script>\n<meta property=\"product:brand\" content=\"Living Libations\" \/>\n<meta property=\"og:availability\" content=\"instock\" \/>\n<meta property=\"product:availability\" content=\"instock\" \/>\n<meta property=\"product:condition\" content=\"new\" \/>\n<!-- \/ Yoast SEO Premium plugin. -->","yoast_head_json":{"title":"Poetic Pits Ginger Lily | Living Libations","description":"Schw\u00fcle Ingwerlilienbl\u00fcten, destilliert mit Vetiver-Tropfen, schaffen g\u00f6ttliche Gruben f\u00fcr Tage!","robots":{"index":"index","follow":"follow","max-snippet":"max-snippet:-1","max-image-preview":"max-image-preview:large","max-video-preview":"max-video-preview:-1"},"canonical":"https:\/\/dutchhealthstore.com\/de\/product\/poetic-pits-gingerlily\/","og_locale":"de_DE","og_type":"article","og_title":"Poetic Pits - Ginger Lily - Dutch Health Store","og_description":"Schw\u00fcle Ingwerlilienbl\u00fcten, destilliert mit Vetiver-Tropfen, schaffen g\u00f6ttliche Gruben f\u00fcr Tage!","og_url":"https:\/\/dutchhealthstore.com\/de\/product\/poetic-pits-gingerlily\/","og_site_name":"Dutch Health Store","article_publisher":"https:\/\/www.instagram.com\/dutchhealthstore\/","article_modified_time":"2026-02-05T18:17:20+00:00","og_image":[{"width":530,"height":530,"url":"https:\/\/dutchhealthstore.com\/wp-content\/uploads\/2018\/02\/ll-poetic-pits-gingerlily-10ml.jpg","type":"image\/jpeg"}],"twitter_card":"summary_large_image","twitter_misc":{"Verf\u00fcgbarkeit":"Auf Lager"},"schema":{"@context":"https:\/\/schema.org","@graph":[{"@type":"WebPage","@id":"https:\/\/dutchhealthstore.com\/de\/product\/poetic-pits-gingerlily\/","url":"https:\/\/dutchhealthstore.com\/de\/product\/poetic-pits-gingerlily\/","name":"Poetic Pits Ginger Lily | Living Libations","isPartOf":{"@id":"https:\/\/dutchhealthstore.com\/de\/#website"},"primaryImageOfPage":{"@id":"https:\/\/dutchhealthstore.com\/de\/product\/poetic-pits-gingerlily\/#primaryimage"},"image":{"@id":"https:\/\/dutchhealthstore.com\/de\/product\/poetic-pits-gingerlily\/#primaryimage"},"thumbnailUrl":"https:\/\/dutchhealthstore.com\/wp-content\/uploads\/2018\/02\/ll-poetic-pits-ginger-lily.jpg","datePublished":"2018-02-10T19:22:46+00:00","dateModified":"2026-02-05T18:17:20+00:00","description":"Schw\u00fcle Ingwerlilienbl\u00fcten, destilliert mit Vetiver-Tropfen, schaffen g\u00f6ttliche Gruben f\u00fcr Tage!","breadcrumb":{"@id":"https:\/\/dutchhealthstore.com\/de\/product\/poetic-pits-gingerlily\/#breadcrumb"},"inLanguage":"de","potentialAction":[{"@type":"ReadAction","target":["https:\/\/dutchhealthstore.com\/de\/product\/poetic-pits-gingerlily\/"]}]},{"@type":"ImageObject","inLanguage":"de","@id":"https:\/\/dutchhealthstore.com\/de\/product\/poetic-pits-gingerlily\/#primaryimage","url":"https:\/\/dutchhealthstore.com\/wp-content\/uploads\/2018\/02\/ll-poetic-pits-ginger-lily.jpg","contentUrl":"https:\/\/dutchhealthstore.com\/wp-content\/uploads\/2018\/02\/ll-poetic-pits-ginger-lily.jpg","width":530,"height":530,"caption":"ll-poetic-pits-ginger-lily"},{"@type":"BreadcrumbList","@id":"https:\/\/dutchhealthstore.com\/de\/product\/poetic-pits-gingerlily\/#breadcrumb","itemListElement":[{"@type":"ListItem","position":1,"name":"Home","item":"https:\/\/dutchhealthstore.com\/de\/"},{"@type":"ListItem","position":2,"name":"Shop","item":"https:\/\/dutchhealthstore.com\/de\/shop-2\/"},{"@type":"ListItem","position":3,"name":"Poetic Pits &#8211; Ginger Lily"}]},{"@type":"WebSite","@id":"https:\/\/dutchhealthstore.com\/de\/#website","url":"https:\/\/dutchhealthstore.com\/de\/","name":"Dutch Health Store","description":"Enhance Your Beauty with Organic &amp; Natural Skincare","publisher":{"@id":"https:\/\/dutchhealthstore.com\/de\/#organization"},"potentialAction":[{"@type":"SearchAction","target":{"@type":"EntryPoint","urlTemplate":"https:\/\/dutchhealthstore.com\/de\/?s={search_term_string}"},"query-input":{"@type":"PropertyValueSpecification","valueRequired":true,"valueName":"search_term_string"}}],"inLanguage":"de"},{"@type":"Organization","@id":"https:\/\/dutchhealthstore.com\/de\/#organization","name":"Dutch Health Store","url":"https:\/\/dutchhealthstore.com\/de\/","logo":{"@type":"ImageObject","inLanguage":"de","@id":"https:\/\/dutchhealthstore.com\/de\/#\/schema\/logo\/image\/","url":"https:\/\/dutchhealthstore.com\/wp-content\/uploads\/2020\/08\/logo-dutchhealthstore-jpg-e1599484957574.jpg","contentUrl":"https:\/\/dutchhealthstore.com\/wp-content\/uploads\/2020\/08\/logo-dutchhealthstore-jpg-e1599484957574.jpg","width":400,"height":62,"caption":"Dutch Health Store"},"image":{"@id":"https:\/\/dutchhealthstore.com\/de\/#\/schema\/logo\/image\/"},"sameAs":["https:\/\/www.instagram.com\/dutchhealthstore\/","https:\/\/www.facebook.com\/dutchhealthstore"]}]},"product_brand":"Living Libations","og_availability":"instock","product_availability":"instock","product_condition":"new"},"_links":{"self":[{"href":"https:\/\/dutchhealthstore.com\/de\/wp-json\/wp\/v2\/product\/113525","targetHints":{"allow":["GET"]}}],"collection":[{"href":"https:\/\/dutchhealthstore.com\/de\/wp-json\/wp\/v2\/product"}],"about":[{"href":"https:\/\/dutchhealthstore.com\/de\/wp-json\/wp\/v2\/types\/product"}],"replies":[{"embeddable":true,"href":"https:\/\/dutchhealthstore.com\/de\/wp-json\/wp\/v2\/comments?post=113525"}],"wp:featuredmedia":[{"embeddable":true,"href":"https:\/\/dutchhealthstore.com\/de\/wp-json\/wp\/v2\/media\/359615"}],"wp:attachment":[{"href":"https:\/\/dutchhealthstore.com\/de\/wp-json\/wp\/v2\/media?parent=113525"}],"wp:term":[{"taxonomy":"product_brand","embeddable":true,"href":"https:\/\/dutchhealthstore.com\/de\/wp-json\/wp\/v2\/product_brand?post=113525"},{"taxonomy":"product_cat","embeddable":true,"href":"https:\/\/dutchhealthstore.com\/de\/wp-json\/wp\/v2\/product_cat?post=113525"},{"taxonomy":"product_tag","embeddable":true,"href":"https:\/\/dutchhealthstore.com\/de\/wp-json\/wp\/v2\/product_tag?post=113525"}],"curies":[{"name":"wp","href":"https:\/\/api.w.org\/{rel}","templated":true}]}}