{"id":113504,"date":"2018-02-10T19:49:42","date_gmt":"2018-02-10T19:49:42","guid":{"rendered":"https:\/\/dutchhealthstore.com\/product\/lavender-poetic-pits-petal-fresh\/"},"modified":"2025-12-23T09:51:54","modified_gmt":"2025-12-23T08:51:54","slug":"lavender-poetic-pits-petal-fresh","status":"publish","type":"product","link":"https:\/\/dutchhealthstore.com\/de\/product\/lavender-poetic-pits-petal-fresh\/","title":{"rendered":"Poetic Pits &#8211; Lavender"},"content":{"rendered":"<p><img decoding=\"async\" class=\"size-full wp-image-37041 alignright\" src=\"https:\/\/dutchhealthstore.com\/wp-content\/uploads\/2018\/04\/Living_Libations-1.png\" alt=\"Organic &amp; Natural Beautyproducts - Living Libations\" width=\"175\" height=\"82\"><\/p>\n<h3>Use<\/h3>\n<p>Streichen Sie einmal, um jede Achselh\u00f6hle zu verzaubern. Kombinieren Sie dieses Poetic Pit mit Sacred Sage, Ever Moss, Radiant Earth Forest Colognes, Fawn Lily, Lilac Lady, Being Free is Lots of Fun, Fire Lily oder Lavish Abundance Petal Parfums.<\/p>\n<h3>Bitte beachten<\/h3>\n<p>Poetic Pits sind 100% konzentrierte \u00e4therische \u00d6le, so dass es am besten ist, besch\u00e4digte, entz\u00fcndete und allergische Haut zu vermeiden. Die Inhaltsstoffe werden aus \u00e4therischen \u00d6len ausgew\u00e4hlt, die als sicher f\u00fcr die Haut anerkannt sind. Da jeder Mensch eine individuelle Hautreaktion hat, raten wir den Anwendern, vor der Anwendung einen Patch-Test an der Innenseite des Ellenbogens durchzuf\u00fchren. Au\u00dferhalb der Reichweite von Kindern aufbewahren. Bei besonders empfindlicher Haut verd\u00fcnnen Sie es mit Jojoba\u00f6l oder probieren Sie unsere Cr\u00e8me Underarm Charms.<\/p>\n<h3 class=\"yikes-custom-woo-tab-title yikes-custom-woo-tab-title-natural-organic-ingredients\">Nat\u00fcrliche\/Organische Inhaltsstoffe<\/h3>\n<p><strong>\u00c4therisches Sandelholz\u00f6l<\/strong> <em>(Santalum album)<\/em> &#8211; Sandelholz ist reichhaltig und cremig und bietet einen traumhaften Duft, der mit Ihrem pers\u00f6nlichen Duft harmoniert und gleichzeitig die \u00d6lproduktion ausgleicht. Trockenere Achselh\u00f6hlen und ein perfektes Feuchtigkeitsniveau bedeuten, dass Sie sich Ihres Achsel-Charmes sicher sind. Unsere ethisch geerntete, himmlisch duftende Sandelholz-Essenz wird aus dem Kernholz des aromatischen Baumes destilliert. Sie sprudelt nur so vor Feuchtigkeit und pflanzlichen Biokr\u00e4ften. Dieses warme, reichhaltige, sinnliche \u00d6l ist ein Grundnahrungsmittel in unseren Poetic Pits und in der nat\u00fcrlichen Haar- und Hautpflege auf der ganzen Welt.<\/p>\n<p><strong>\u00c4therisches Lavendel\u00f6l <\/strong><em>(Lavandula officinalis) &#8211; <\/em>Das herrliche Lavendel\u00f6l ist nicht nur ein Grundnahrungsmittel f\u00fcr die Aromatherapie, sondern auch die perfekte Muse, um Ihre Achseln zu verzaubern! Lavendel wirkt emotional beruhigend und bes\u00e4nftigend, ist aber auch wunderbar f\u00fcr die Haut. Unter den Armen beruhigt Lavendel die zarte Haut nach der Rasur. Lavendel, benannt nach dem lateinischen Wort f\u00fcr &#8222;waschen&#8220;, ist ein herrliches Gew\u00fcrz, das unserem Achselh\u00f6hlen-Charme ein Bl\u00fctengedicht der entspannten Ruhe verleiht.<\/p>\n<p><strong>\u00c4therisches \u00d6l von Spikenard <\/strong><em>(Nardostachys jatamansi) &#8211; <\/em>Spikenard riecht nach Erde und Altertum; es besteht aus Tausenden von Jahren himmlischer Geschichte. Diese aromatische Wurzel ist der Inbegriff von nat\u00fcrlichem Luxus. Schlie\u00dflich war es der Speik, der im Hohelied Salomos erw\u00e4hnt wird und den Maria Magdalena benutzte, um die F\u00fc\u00dfe Christi zu salben, und es war dieselbe Salbe, die Judas veranlasste, sich vor Marias Extravaganz zu scheuen, da Speik mehr wert war als Gold. Diese zutiefst beruhigende Wurzelessenz entspannt Widerst\u00e4nde und erweitert die Aufnahmef\u00e4higkeit.<\/p>\n<p><strong>Balsam Amyris<\/strong> <em>(Amyris balsamifera)<\/em> &#8211; Balsam Amyris hellt die Stimmung auf und erhellt die Gruben mit einem lieblichen, lang anhaltenden Aroma, das sanft balsamisch, leicht s\u00fc\u00df und mit einem Hauch von Vanille ist. Die subtile W\u00e4rme dieser Essenz schmeichelt den Nerven und beruhigt die Gem\u00fcter.<\/p>\n<p><img fetchpriority=\"high\" decoding=\"async\" class=\"size-full wp-image-31577 aligncenter\" src=\"https:\/\/dutchhealthstore.com\/wp-content\/uploads\/2018\/03\/organic_big.png\" alt=\"Organic and Natural - Living Libations\" width=\"623\" height=\"103\" srcset=\"https:\/\/dutchhealthstore.com\/wp-content\/uploads\/2018\/03\/organic_big.png 623w, https:\/\/dutchhealthstore.com\/wp-content\/uploads\/2018\/03\/organic_big-510x84.png 510w, https:\/\/dutchhealthstore.com\/wp-content\/uploads\/2018\/03\/organic_big-600x99.png 600w, https:\/\/dutchhealthstore.com\/wp-content\/uploads\/2018\/03\/organic_big-350x58.png 350w\" sizes=\"(max-width: 623px) 100vw, 623px\" \/><\/p>\n<p>PoeticPits_Pair_Lavnder.webp<\/p>\n","protected":false},"excerpt":{"rendered":"<p>Heben Sie die Arme mit Zuversicht, denn mit Living Libations <strong>Lavender Poetic Pits<\/strong> brauchen Sie sich nicht zu gr\u00e4men und die kleinen Dinge nicht zu vernachl\u00e4ssigen. Entfalten Sie Ihr einzigartiges aromatisches Gedicht mit Souver\u00e4nit\u00e4t, indem Sie eine wundersch\u00f6ne Mischung aus lieblichem, sanftem Lavendel mit erhabenem Sandelholz und Spikenard in einem traumhaften Deodorant verstr\u00f6men. Dieses sinnliche Fest der Entspannung trieft vor warmen, einladenden Bl\u00fcten, die von Kernholz und erdigen Wurzeln durchdrungen sind und jeden Achselbereich mit bezauberndem Charme erf\u00fcllen.<\/p>\n","protected":false},"featured_media":299536,"comment_status":"open","ping_status":"closed","template":"","meta":[],"product_brand":[],"product_cat":[3541,1098,1032,515,1502,1493,1210,511],"product_tag":[4681,6647],"class_list":{"0":"post-113504","1":"product","2":"type-product","3":"status-publish","4":"has-post-thumbnail","6":"product_cat-deodorant-living-libations-de","7":"product_cat-deodorant-de","8":"product_cat-kategorien","9":"product_cat-korperpflege-de","10":"product_cat-korperpflege-living-libations","11":"product_cat-living-libations-deutschland","12":"product_cat-marken","13":"product_cat-produkte","14":"product_tag-body-care-de","15":"product_tag-deodorant-de","16":"pa_brand-livinglibations-de","17":"pa_size-1-25-ml-sample-de","18":"pa_size-5-ml-de","19":"pa_size-10-ml-de","21":"first","22":"instock","23":"taxable","24":"shipping-taxable","25":"purchasable","26":"product-type-variable"},"bundled_by":[],"bundle_stock_status":"instock","bundle_stock_quantity":null,"bundle_virtual":false,"bundle_layout":"","bundle_add_to_cart_form_location":"","bundle_editable_in_cart":false,"bundle_sold_individually_context":"","bundle_item_grouping":"","bundle_min_size":"","bundle_max_size":"","bundle_price":[],"bundled_items":[],"bundle_sell_ids":[107698],"atum_controlled":true,"out_stock_date":null,"out_stock_threshold":null,"inheritable":true,"stock_on_hold":0,"sold_today":0,"sales_last_days":0,"out_stock_days":0,"lost_sales":0,"update_date":"2026-04-09T01:47:27","atum_locations":[],"atum_stock_status":"instock","restock_status":false,"low_stock_amount":"","sales_update_date":"2026-04-09T01:47:27","calc_backorders":null,"group_of_quantity":0,"min_quantity":0,"max_quantity":"","exclude_order_quantity_value_rules":"no","exclude_category_quantity_rules":"no","combine_variations":"no","yoast_head":"<!-- This site is optimized with the Yoast SEO Premium plugin v26.5 (Yoast SEO v26.5) - https:\/\/yoast.com\/wordpress\/plugins\/seo\/ -->\n<title>Poetic Pits Lavender | Living Libations<\/title>\n<meta name=\"description\" content=\"Lavender Poetic Pits ist ein wundersch\u00f6nes, erhabenes Deodorant, das fl\u00fcstert: &quot;Don&#039;t sweat the small stuff!\" \/>\n<meta name=\"robots\" content=\"index, follow, max-snippet:-1, max-image-preview:large, max-video-preview:-1\" \/>\n<link rel=\"canonical\" href=\"https:\/\/dutchhealthstore.com\/de\/product\/lavender-poetic-pits-petal-fresh\/\" \/>\n<meta property=\"og:locale\" content=\"de_DE\" \/>\n<meta property=\"og:type\" content=\"article\" \/>\n<meta property=\"og:title\" content=\"Poetic Pits - Lavender - Dutch Health Store\" \/>\n<meta property=\"og:description\" content=\"Lavender Poetic Pits ist ein wundersch\u00f6nes, erhabenes Deodorant, das fl\u00fcstert: &quot;Don&#039;t sweat the small stuff!\" \/>\n<meta property=\"og:url\" content=\"https:\/\/dutchhealthstore.com\/de\/product\/lavender-poetic-pits-petal-fresh\/\" \/>\n<meta property=\"og:site_name\" content=\"Dutch Health Store\" \/>\n<meta property=\"article:publisher\" content=\"https:\/\/www.instagram.com\/dutchhealthstore\/\" \/>\n<meta property=\"article:modified_time\" content=\"2025-12-23T08:51:54+00:00\" \/>\n<meta property=\"og:image\" content=\"https:\/\/dutchhealthstore.com\/wp-content\/uploads\/2018\/02\/ll-poetic-pits-lavender-beide.jpg\" \/>\n\t<meta property=\"og:image:width\" content=\"530\" \/>\n\t<meta property=\"og:image:height\" content=\"530\" \/>\n\t<meta property=\"og:image:type\" content=\"image\/jpeg\" \/>\n<meta name=\"twitter:card\" content=\"summary_large_image\" \/>\n<meta name=\"twitter:label1\" content=\"Verf\u00fcgbarkeit\" \/>\n\t<meta name=\"twitter:data1\" content=\"Auf Lager\" \/>\n<script type=\"application\/ld+json\" class=\"yoast-schema-graph\">{\"@context\":\"https:\/\/schema.org\",\"@graph\":[{\"@type\":\"WebPage\",\"@id\":\"https:\/\/dutchhealthstore.com\/de\/product\/lavender-poetic-pits-petal-fresh\/\",\"url\":\"https:\/\/dutchhealthstore.com\/de\/product\/lavender-poetic-pits-petal-fresh\/\",\"name\":\"Poetic Pits Lavender | Living Libations\",\"isPartOf\":{\"@id\":\"https:\/\/dutchhealthstore.com\/de\/#website\"},\"primaryImageOfPage\":{\"@id\":\"https:\/\/dutchhealthstore.com\/de\/product\/lavender-poetic-pits-petal-fresh\/#primaryimage\"},\"image\":{\"@id\":\"https:\/\/dutchhealthstore.com\/de\/product\/lavender-poetic-pits-petal-fresh\/#primaryimage\"},\"thumbnailUrl\":\"https:\/\/dutchhealthstore.com\/wp-content\/uploads\/2018\/02\/ll-poetic-pits-lavender-beide.jpg\",\"datePublished\":\"2018-02-10T19:49:42+00:00\",\"dateModified\":\"2025-12-23T08:51:54+00:00\",\"description\":\"Lavender Poetic Pits ist ein wundersch\u00f6nes, erhabenes Deodorant, das fl\u00fcstert: \\\"Don't sweat the small stuff!\",\"breadcrumb\":{\"@id\":\"https:\/\/dutchhealthstore.com\/de\/product\/lavender-poetic-pits-petal-fresh\/#breadcrumb\"},\"inLanguage\":\"de\",\"potentialAction\":[{\"@type\":\"ReadAction\",\"target\":[\"https:\/\/dutchhealthstore.com\/de\/product\/lavender-poetic-pits-petal-fresh\/\"]}]},{\"@type\":\"ImageObject\",\"inLanguage\":\"de\",\"@id\":\"https:\/\/dutchhealthstore.com\/de\/product\/lavender-poetic-pits-petal-fresh\/#primaryimage\",\"url\":\"https:\/\/dutchhealthstore.com\/wp-content\/uploads\/2018\/02\/ll-poetic-pits-lavender-beide.jpg\",\"contentUrl\":\"https:\/\/dutchhealthstore.com\/wp-content\/uploads\/2018\/02\/ll-poetic-pits-lavender-beide.jpg\",\"width\":530,\"height\":530,\"caption\":\"ll-poetic-pits-lavender-beide\"},{\"@type\":\"BreadcrumbList\",\"@id\":\"https:\/\/dutchhealthstore.com\/de\/product\/lavender-poetic-pits-petal-fresh\/#breadcrumb\",\"itemListElement\":[{\"@type\":\"ListItem\",\"position\":1,\"name\":\"Home\",\"item\":\"https:\/\/dutchhealthstore.com\/de\/\"},{\"@type\":\"ListItem\",\"position\":2,\"name\":\"Shop\",\"item\":\"https:\/\/dutchhealthstore.com\/de\/shop-2\/\"},{\"@type\":\"ListItem\",\"position\":3,\"name\":\"Poetic Pits &#8211; Lavender\"}]},{\"@type\":\"WebSite\",\"@id\":\"https:\/\/dutchhealthstore.com\/de\/#website\",\"url\":\"https:\/\/dutchhealthstore.com\/de\/\",\"name\":\"Dutch Health Store\",\"description\":\"Enhance Your Beauty with Organic &amp; Natural Skincare\",\"publisher\":{\"@id\":\"https:\/\/dutchhealthstore.com\/de\/#organization\"},\"potentialAction\":[{\"@type\":\"SearchAction\",\"target\":{\"@type\":\"EntryPoint\",\"urlTemplate\":\"https:\/\/dutchhealthstore.com\/de\/?s={search_term_string}\"},\"query-input\":{\"@type\":\"PropertyValueSpecification\",\"valueRequired\":true,\"valueName\":\"search_term_string\"}}],\"inLanguage\":\"de\"},{\"@type\":\"Organization\",\"@id\":\"https:\/\/dutchhealthstore.com\/de\/#organization\",\"name\":\"Dutch Health Store\",\"url\":\"https:\/\/dutchhealthstore.com\/de\/\",\"logo\":{\"@type\":\"ImageObject\",\"inLanguage\":\"de\",\"@id\":\"https:\/\/dutchhealthstore.com\/de\/#\/schema\/logo\/image\/\",\"url\":\"https:\/\/dutchhealthstore.com\/wp-content\/uploads\/2020\/08\/logo-dutchhealthstore-jpg-e1599484957574.jpg\",\"contentUrl\":\"https:\/\/dutchhealthstore.com\/wp-content\/uploads\/2020\/08\/logo-dutchhealthstore-jpg-e1599484957574.jpg\",\"width\":400,\"height\":62,\"caption\":\"Dutch Health Store\"},\"image\":{\"@id\":\"https:\/\/dutchhealthstore.com\/de\/#\/schema\/logo\/image\/\"},\"sameAs\":[\"https:\/\/www.instagram.com\/dutchhealthstore\/\",\"https:\/\/www.facebook.com\/dutchhealthstore\"]}]}<\/script>\n<meta property=\"product:brand\" content=\"Living Libations\" \/>\n<meta property=\"og:availability\" content=\"instock\" \/>\n<meta property=\"product:availability\" content=\"instock\" \/>\n<meta property=\"product:condition\" content=\"new\" \/>\n<!-- \/ Yoast SEO Premium plugin. -->","yoast_head_json":{"title":"Poetic Pits Lavender | Living Libations","description":"Lavender Poetic Pits ist ein wundersch\u00f6nes, erhabenes Deodorant, das fl\u00fcstert: \"Don't sweat the small stuff!","robots":{"index":"index","follow":"follow","max-snippet":"max-snippet:-1","max-image-preview":"max-image-preview:large","max-video-preview":"max-video-preview:-1"},"canonical":"https:\/\/dutchhealthstore.com\/de\/product\/lavender-poetic-pits-petal-fresh\/","og_locale":"de_DE","og_type":"article","og_title":"Poetic Pits - Lavender - Dutch Health Store","og_description":"Lavender Poetic Pits ist ein wundersch\u00f6nes, erhabenes Deodorant, das fl\u00fcstert: \"Don't sweat the small stuff!","og_url":"https:\/\/dutchhealthstore.com\/de\/product\/lavender-poetic-pits-petal-fresh\/","og_site_name":"Dutch Health Store","article_publisher":"https:\/\/www.instagram.com\/dutchhealthstore\/","article_modified_time":"2025-12-23T08:51:54+00:00","og_image":[{"width":530,"height":530,"url":"https:\/\/dutchhealthstore.com\/wp-content\/uploads\/2018\/02\/ll-poetic-pits-lavender-beide.jpg","type":"image\/jpeg"}],"twitter_card":"summary_large_image","twitter_misc":{"Verf\u00fcgbarkeit":"Auf Lager"},"schema":{"@context":"https:\/\/schema.org","@graph":[{"@type":"WebPage","@id":"https:\/\/dutchhealthstore.com\/de\/product\/lavender-poetic-pits-petal-fresh\/","url":"https:\/\/dutchhealthstore.com\/de\/product\/lavender-poetic-pits-petal-fresh\/","name":"Poetic Pits Lavender | Living Libations","isPartOf":{"@id":"https:\/\/dutchhealthstore.com\/de\/#website"},"primaryImageOfPage":{"@id":"https:\/\/dutchhealthstore.com\/de\/product\/lavender-poetic-pits-petal-fresh\/#primaryimage"},"image":{"@id":"https:\/\/dutchhealthstore.com\/de\/product\/lavender-poetic-pits-petal-fresh\/#primaryimage"},"thumbnailUrl":"https:\/\/dutchhealthstore.com\/wp-content\/uploads\/2018\/02\/ll-poetic-pits-lavender-beide.jpg","datePublished":"2018-02-10T19:49:42+00:00","dateModified":"2025-12-23T08:51:54+00:00","description":"Lavender Poetic Pits ist ein wundersch\u00f6nes, erhabenes Deodorant, das fl\u00fcstert: \"Don't sweat the small stuff!","breadcrumb":{"@id":"https:\/\/dutchhealthstore.com\/de\/product\/lavender-poetic-pits-petal-fresh\/#breadcrumb"},"inLanguage":"de","potentialAction":[{"@type":"ReadAction","target":["https:\/\/dutchhealthstore.com\/de\/product\/lavender-poetic-pits-petal-fresh\/"]}]},{"@type":"ImageObject","inLanguage":"de","@id":"https:\/\/dutchhealthstore.com\/de\/product\/lavender-poetic-pits-petal-fresh\/#primaryimage","url":"https:\/\/dutchhealthstore.com\/wp-content\/uploads\/2018\/02\/ll-poetic-pits-lavender-beide.jpg","contentUrl":"https:\/\/dutchhealthstore.com\/wp-content\/uploads\/2018\/02\/ll-poetic-pits-lavender-beide.jpg","width":530,"height":530,"caption":"ll-poetic-pits-lavender-beide"},{"@type":"BreadcrumbList","@id":"https:\/\/dutchhealthstore.com\/de\/product\/lavender-poetic-pits-petal-fresh\/#breadcrumb","itemListElement":[{"@type":"ListItem","position":1,"name":"Home","item":"https:\/\/dutchhealthstore.com\/de\/"},{"@type":"ListItem","position":2,"name":"Shop","item":"https:\/\/dutchhealthstore.com\/de\/shop-2\/"},{"@type":"ListItem","position":3,"name":"Poetic Pits &#8211; Lavender"}]},{"@type":"WebSite","@id":"https:\/\/dutchhealthstore.com\/de\/#website","url":"https:\/\/dutchhealthstore.com\/de\/","name":"Dutch Health Store","description":"Enhance Your Beauty with Organic &amp; Natural Skincare","publisher":{"@id":"https:\/\/dutchhealthstore.com\/de\/#organization"},"potentialAction":[{"@type":"SearchAction","target":{"@type":"EntryPoint","urlTemplate":"https:\/\/dutchhealthstore.com\/de\/?s={search_term_string}"},"query-input":{"@type":"PropertyValueSpecification","valueRequired":true,"valueName":"search_term_string"}}],"inLanguage":"de"},{"@type":"Organization","@id":"https:\/\/dutchhealthstore.com\/de\/#organization","name":"Dutch Health Store","url":"https:\/\/dutchhealthstore.com\/de\/","logo":{"@type":"ImageObject","inLanguage":"de","@id":"https:\/\/dutchhealthstore.com\/de\/#\/schema\/logo\/image\/","url":"https:\/\/dutchhealthstore.com\/wp-content\/uploads\/2020\/08\/logo-dutchhealthstore-jpg-e1599484957574.jpg","contentUrl":"https:\/\/dutchhealthstore.com\/wp-content\/uploads\/2020\/08\/logo-dutchhealthstore-jpg-e1599484957574.jpg","width":400,"height":62,"caption":"Dutch Health Store"},"image":{"@id":"https:\/\/dutchhealthstore.com\/de\/#\/schema\/logo\/image\/"},"sameAs":["https:\/\/www.instagram.com\/dutchhealthstore\/","https:\/\/www.facebook.com\/dutchhealthstore"]}]},"product_brand":"Living Libations","og_availability":"instock","product_availability":"instock","product_condition":"new"},"_links":{"self":[{"href":"https:\/\/dutchhealthstore.com\/de\/wp-json\/wp\/v2\/product\/113504","targetHints":{"allow":["GET"]}}],"collection":[{"href":"https:\/\/dutchhealthstore.com\/de\/wp-json\/wp\/v2\/product"}],"about":[{"href":"https:\/\/dutchhealthstore.com\/de\/wp-json\/wp\/v2\/types\/product"}],"replies":[{"embeddable":true,"href":"https:\/\/dutchhealthstore.com\/de\/wp-json\/wp\/v2\/comments?post=113504"}],"wp:featuredmedia":[{"embeddable":true,"href":"https:\/\/dutchhealthstore.com\/de\/wp-json\/wp\/v2\/media\/299536"}],"wp:attachment":[{"href":"https:\/\/dutchhealthstore.com\/de\/wp-json\/wp\/v2\/media?parent=113504"}],"wp:term":[{"taxonomy":"product_brand","embeddable":true,"href":"https:\/\/dutchhealthstore.com\/de\/wp-json\/wp\/v2\/product_brand?post=113504"},{"taxonomy":"product_cat","embeddable":true,"href":"https:\/\/dutchhealthstore.com\/de\/wp-json\/wp\/v2\/product_cat?post=113504"},{"taxonomy":"product_tag","embeddable":true,"href":"https:\/\/dutchhealthstore.com\/de\/wp-json\/wp\/v2\/product_tag?post=113504"}],"curies":[{"name":"wp","href":"https:\/\/api.w.org\/{rel}","templated":true}]}}