{"id":113481,"date":"2020-07-13T12:58:55","date_gmt":"2020-07-13T12:58:55","guid":{"rendered":"https:\/\/dutchhealthstore.com\/product\/poetic-pits-classic\/"},"modified":"2026-02-05T19:17:21","modified_gmt":"2026-02-05T18:17:21","slug":"poetic-pits-classic","status":"publish","type":"product","link":"https:\/\/dutchhealthstore.com\/de\/product\/poetic-pits-classic\/","title":{"rendered":"Poetic Pits &#8211; Classic"},"content":{"rendered":"<p><img decoding=\"async\" class=\"size-full wp-image-69549 alignright\" src=\"https:\/\/dutchhealthstore.com\/wp-content\/uploads\/2019\/08\/NEW-Living-Libations-Logo.jpg\" alt=\"NEW - Living Libations - Logo\" width=\"175\" height=\"82\">Dieses nat\u00fcrliche Deodorant besteht aus einem Dreigestirn verlockender \u00d6le, die Ihre pers\u00f6nliche Essenz unterstreichen, geruchsverursachende Bakterien beseitigen und Ihre Sinne von der ersten Sekunde an anregen, in der Sie es auftragen.<\/p>\n<p>Unser origineller Achselh\u00f6hlen-Charme ist ein schillerndes, entwaffnendes Deodorant, das mit der Majest\u00e4t von B\u00e4umen gef\u00fcllt ist, die bereit sind, ihr Aroma auf Ihre Haut zu wehen.<\/p>\n<h3>Verwenden Sie<\/h3>\n<p>Streichen Sie einmal, um jede Achselh\u00f6hle zu verzaubern. Kombinieren Sie dieses Poetic Pit mit Trees Please, Ever Moss, Radiant Earth Forest Colognes, Fawn Lily, Fire Lily, Lilac Lady oder Lavish Abundance Petal Perfumes.<\/p>\n<p><strong>Gr\u00f6\u00dfe: 5 ml, 10 ml und 30 ml<\/strong><\/p>\n<h3>Bitte beachten<\/h3>\n<p>Poetic Pits besteht zu 100% aus konzentrierten \u00e4therischen \u00d6len und ist daher am besten geeignet, um gesch\u00e4digte, entz\u00fcndete und allergische Haut zu vermeiden. Die Inhaltsstoffe werden aus \u00e4therischen \u00d6len ausgew\u00e4hlt, die als sicher f\u00fcr die Haut anerkannt sind. Da jeder Mensch eine individuelle Hautreaktion hat, raten wir den Anwendern, vor der Anwendung einen Patch-Test an der Innenseite des Ellenbogens durchzuf\u00fchren. Au\u00dferhalb der Reichweite von Kindern aufbewahren. Bei besonders empfindlicher Haut verd\u00fcnnen Sie es mit Jojoba\u00f6l oder probieren Sie unsere Cr\u00e8me Underarm Charm aus.<\/p>\n<h3 class=\"yikes-custom-woo-tab-title yikes-custom-woo-tab-title-natural-organic-ingredients\">Nat\u00fcrliche\/Organische Inhaltsstoffe<\/h3>\n<p><strong>Sandelholz\u00f6l<\/strong> <em>(Santalum album)<\/em> &#8211; Sandelholz ist reichhaltig und cremig und bietet einen traumhaften Duft, der mit Ihrem pers\u00f6nlichen Duft harmoniert und gleichzeitig die \u00d6lproduktion ausgleicht. Trockenere Achselh\u00f6hlen und ein perfektes Feuchtigkeitsniveau bedeuten, dass Sie sich Ihres Achsel-Charmes sicher sind. Unsere ethisch geerntete, himmlisch duftende Sandelholz-Essenz wird aus dem Kernholz des aromatischen Baumes destilliert. Sie sprudelt nur so vor Feuchtigkeit und pflanzlichen Biokr\u00e4ften. Dieses warme, reichhaltige, sinnliche \u00d6l ist ein Grundnahrungsmittel in unseren Poetic Pits und in der nat\u00fcrlichen Haar- und Hautpflege auf der ganzen Welt.<\/p>\n<p><strong>Douglasien\u00f6l<\/strong> <em>(Pseudotsugamenziesi)<\/em> &#8211; Knackig und gr\u00fcn, erfrischend und sauber &#8211; Douglasien\u00f6l erf\u00fcllt jede Achselh\u00f6hle mit einem Hauch von frischem, duftendem Wald. Dieses majest\u00e4tische Aroma verschmilzt mit Ihrem nat\u00fcrlichen Duft und unterstreicht Ihre pers\u00f6nlichen Pheromone auf eine Art und Weise, die einzigartig f\u00fcr Sie ist. Douglasienholz ist ein Tonikum, dessen Aroma die Lebenskraft anregt, den Geist st\u00e4rkt und die Seele tiefer in den gegenw\u00e4rtigen Moment f\u00fchrt.<\/p>\n<p><strong>Kardamom\u00f6l<\/strong> <em>(Elettaria cardamomum)<\/em> &#8211; Charismatischer Kardamom ist eine erregende Essenz, die auch eine pflanzliche Koryph\u00e4e ist, die seit \u00fcber 4.000 Jahren verwendet und genossen wird. Der Duft von Kardamom ist warm, gr\u00fcn und w\u00fcrzig und hat eine erfrischende und belebende Wirkung. St\u00e4rken Sie Ihren Geist und heiligen Sie Ihre Achseln mit dem zeitlosen Charme von reinem Kardamom.<\/p>\n<p><img fetchpriority=\"high\" decoding=\"async\" class=\"size-medium wp-image-68103 aligncenter\" src=\"https:\/\/dutchhealthstore.com\/wp-content\/uploads\/2018\/02\/Living-Libations-Organic-Logo-800x89.png\" alt=\"Living Libations - Organic Logo\" width=\"800\" height=\"89\" srcset=\"https:\/\/dutchhealthstore.com\/wp-content\/uploads\/2018\/02\/Living-Libations-Organic-Logo-800x89.png 800w, https:\/\/dutchhealthstore.com\/wp-content\/uploads\/2018\/02\/Living-Libations-Organic-Logo-510x57.png 510w, https:\/\/dutchhealthstore.com\/wp-content\/uploads\/2018\/02\/Living-Libations-Organic-Logo-768x85.png 768w, https:\/\/dutchhealthstore.com\/wp-content\/uploads\/2018\/02\/Living-Libations-Organic-Logo.png 1400w\" sizes=\"(max-width: 800px) 100vw, 800px\" \/><\/p>\n","protected":false},"excerpt":{"rendered":"<p>War dies das aromatische Gedicht, das tausend Gruben ausl\u00f6ste? Aus <strong>Living Libations Classic Poetic Pits<\/strong> sind unsere anderen Poetic Pits-Rezepturen hervorgegangen, allesamt duftende Geschmacks-Riffs auf diesem wahren Original!<br \/>\nPoetic Pits ist ein 100% nat\u00fcrliches, biologisches Deodorant mit \u00e4therischen \u00d6len wie Sandelholz, Douglasie und Kardamom, das kommerziellen Deodorants in nichts nachsteht. Erfrischend und warm mit einem Hauch von gr\u00fcner W\u00fcrze und allem, was dazu geh\u00f6rt. Poetic Pits arbeitet mit Ihrem ganz pers\u00f6nlichen Duft, um ein einzigartiges Aroma unter den Achseln zu entfesseln, das nur Ihnen eigen ist.<\/p>\n","protected":false},"featured_media":359606,"comment_status":"open","ping_status":"closed","template":"","meta":[],"product_brand":[],"product_cat":[3541,1098,1032,515,1502,1493,1210,511],"product_tag":[21667,6647,21810,21395,21809],"class_list":{"0":"post-113481","1":"product","2":"type-product","3":"status-publish","4":"has-post-thumbnail","6":"product_cat-deodorant-living-libations-de","7":"product_cat-deodorant-de","8":"product_cat-kategorien","9":"product_cat-korperpflege-de","10":"product_cat-korperpflege-living-libations","11":"product_cat-living-libations-deutschland","12":"product_cat-marken","13":"product_cat-produkte","14":"product_tag-aroma-de","15":"product_tag-deodorant-de","16":"product_tag-erfrischend","17":"product_tag-korper","18":"product_tag-natural-de","19":"pa_bestsellers-goed-de","20":"pa_brand-livinglibations-de","21":"pa_gtin-7439657388361-de","22":"pa_size-1-25-ml-sample-de","23":"pa_size-10-ml-de","24":"pa_size-30-ml-de","25":"pa_size-5-ml-de","27":"first","28":"instock","29":"taxable","30":"shipping-taxable","31":"purchasable","32":"product-type-variable"},"bundled_by":[],"bundle_stock_status":"instock","bundle_stock_quantity":null,"bundle_virtual":false,"bundle_layout":"","bundle_add_to_cart_form_location":"","bundle_editable_in_cart":false,"bundle_sold_individually_context":"","bundle_item_grouping":"","bundle_min_size":"","bundle_max_size":"","bundle_price":[],"bundled_items":[],"bundle_sell_ids":[107698],"atum_controlled":true,"out_stock_date":null,"out_stock_threshold":null,"inheritable":true,"stock_on_hold":0,"sold_today":0,"sales_last_days":0,"out_stock_days":0,"lost_sales":0,"update_date":"2026-04-26T00:11:59","atum_locations":[],"atum_stock_status":"instock","restock_status":false,"low_stock_amount":"","sales_update_date":"2026-04-26T00:11:59","calc_backorders":null,"group_of_quantity":0,"min_quantity":0,"max_quantity":"","exclude_order_quantity_value_rules":"no","exclude_category_quantity_rules":"no","combine_variations":"no","yoast_head":"<!-- This site is optimized with the Yoast SEO Premium plugin v26.5 (Yoast SEO v26.5) - https:\/\/yoast.com\/wordpress\/plugins\/seo\/ -->\n<title>Poetic Pits - Classic | Living Libations<\/title>\n<meta name=\"description\" content=\"Poetic Pits arbeitet mit Ihrem ganz pers\u00f6nlichen Duft, um ein einzigartiges Aroma unter den Achseln zu entfesseln, das nur Ihnen eigen ist.\" \/>\n<meta name=\"robots\" content=\"index, follow, max-snippet:-1, max-image-preview:large, max-video-preview:-1\" \/>\n<link rel=\"canonical\" href=\"https:\/\/dutchhealthstore.com\/de\/product\/poetic-pits-classic\/\" \/>\n<meta property=\"og:locale\" content=\"de_DE\" \/>\n<meta property=\"og:type\" content=\"article\" \/>\n<meta property=\"og:title\" content=\"Poetic Pits - Classic - Dutch Health Store\" \/>\n<meta property=\"og:description\" content=\"Poetic Pits arbeitet mit Ihrem ganz pers\u00f6nlichen Duft, um ein einzigartiges Aroma unter den Achseln zu entfesseln, das nur Ihnen eigen ist.\" \/>\n<meta property=\"og:url\" content=\"https:\/\/dutchhealthstore.com\/de\/product\/poetic-pits-classic\/\" \/>\n<meta property=\"og:site_name\" content=\"Dutch Health Store\" \/>\n<meta property=\"article:publisher\" content=\"https:\/\/www.instagram.com\/dutchhealthstore\/\" \/>\n<meta property=\"article:modified_time\" content=\"2026-02-05T18:17:21+00:00\" \/>\n<meta property=\"og:image\" content=\"https:\/\/dutchhealthstore.com\/wp-content\/uploads\/2020\/07\/Living-Libations-Poetic-Pits-Classic-e1594644607807.jpg\" \/>\n\t<meta property=\"og:image:width\" content=\"500\" \/>\n\t<meta property=\"og:image:height\" content=\"500\" \/>\n\t<meta property=\"og:image:type\" content=\"image\/jpeg\" \/>\n<meta name=\"twitter:card\" content=\"summary_large_image\" \/>\n<meta name=\"twitter:label1\" content=\"Verf\u00fcgbarkeit\" \/>\n\t<meta name=\"twitter:data1\" content=\"Auf Lager\" \/>\n<script type=\"application\/ld+json\" class=\"yoast-schema-graph\">{\"@context\":\"https:\/\/schema.org\",\"@graph\":[{\"@type\":\"WebPage\",\"@id\":\"https:\/\/dutchhealthstore.com\/de\/product\/poetic-pits-classic\/\",\"url\":\"https:\/\/dutchhealthstore.com\/de\/product\/poetic-pits-classic\/\",\"name\":\"Poetic Pits - Classic | Living Libations\",\"isPartOf\":{\"@id\":\"https:\/\/dutchhealthstore.com\/de\/#website\"},\"primaryImageOfPage\":{\"@id\":\"https:\/\/dutchhealthstore.com\/de\/product\/poetic-pits-classic\/#primaryimage\"},\"image\":{\"@id\":\"https:\/\/dutchhealthstore.com\/de\/product\/poetic-pits-classic\/#primaryimage\"},\"thumbnailUrl\":\"https:\/\/dutchhealthstore.com\/wp-content\/uploads\/2020\/07\/ll-poetic-pits-classic-2sizes.jpg\",\"datePublished\":\"2020-07-13T12:58:55+00:00\",\"dateModified\":\"2026-02-05T18:17:21+00:00\",\"description\":\"Poetic Pits arbeitet mit Ihrem ganz pers\u00f6nlichen Duft, um ein einzigartiges Aroma unter den Achseln zu entfesseln, das nur Ihnen eigen ist.\",\"breadcrumb\":{\"@id\":\"https:\/\/dutchhealthstore.com\/de\/product\/poetic-pits-classic\/#breadcrumb\"},\"inLanguage\":\"de\",\"potentialAction\":[{\"@type\":\"ReadAction\",\"target\":[\"https:\/\/dutchhealthstore.com\/de\/product\/poetic-pits-classic\/\"]}]},{\"@type\":\"ImageObject\",\"inLanguage\":\"de\",\"@id\":\"https:\/\/dutchhealthstore.com\/de\/product\/poetic-pits-classic\/#primaryimage\",\"url\":\"https:\/\/dutchhealthstore.com\/wp-content\/uploads\/2020\/07\/ll-poetic-pits-classic-2sizes.jpg\",\"contentUrl\":\"https:\/\/dutchhealthstore.com\/wp-content\/uploads\/2020\/07\/ll-poetic-pits-classic-2sizes.jpg\",\"width\":530,\"height\":530,\"caption\":\"ll-poetic-pits-classic-2sizes\"},{\"@type\":\"BreadcrumbList\",\"@id\":\"https:\/\/dutchhealthstore.com\/de\/product\/poetic-pits-classic\/#breadcrumb\",\"itemListElement\":[{\"@type\":\"ListItem\",\"position\":1,\"name\":\"Home\",\"item\":\"https:\/\/dutchhealthstore.com\/de\/\"},{\"@type\":\"ListItem\",\"position\":2,\"name\":\"Shop\",\"item\":\"https:\/\/dutchhealthstore.com\/de\/shop-2\/\"},{\"@type\":\"ListItem\",\"position\":3,\"name\":\"Poetic Pits &#8211; Classic\"}]},{\"@type\":\"WebSite\",\"@id\":\"https:\/\/dutchhealthstore.com\/de\/#website\",\"url\":\"https:\/\/dutchhealthstore.com\/de\/\",\"name\":\"Dutch Health Store\",\"description\":\"Enhance Your Beauty with Organic &amp; Natural Skincare\",\"publisher\":{\"@id\":\"https:\/\/dutchhealthstore.com\/de\/#organization\"},\"potentialAction\":[{\"@type\":\"SearchAction\",\"target\":{\"@type\":\"EntryPoint\",\"urlTemplate\":\"https:\/\/dutchhealthstore.com\/de\/?s={search_term_string}\"},\"query-input\":{\"@type\":\"PropertyValueSpecification\",\"valueRequired\":true,\"valueName\":\"search_term_string\"}}],\"inLanguage\":\"de\"},{\"@type\":\"Organization\",\"@id\":\"https:\/\/dutchhealthstore.com\/de\/#organization\",\"name\":\"Dutch Health Store\",\"url\":\"https:\/\/dutchhealthstore.com\/de\/\",\"logo\":{\"@type\":\"ImageObject\",\"inLanguage\":\"de\",\"@id\":\"https:\/\/dutchhealthstore.com\/de\/#\/schema\/logo\/image\/\",\"url\":\"https:\/\/dutchhealthstore.com\/wp-content\/uploads\/2020\/08\/logo-dutchhealthstore-jpg-e1599484957574.jpg\",\"contentUrl\":\"https:\/\/dutchhealthstore.com\/wp-content\/uploads\/2020\/08\/logo-dutchhealthstore-jpg-e1599484957574.jpg\",\"width\":400,\"height\":62,\"caption\":\"Dutch Health Store\"},\"image\":{\"@id\":\"https:\/\/dutchhealthstore.com\/de\/#\/schema\/logo\/image\/\"},\"sameAs\":[\"https:\/\/www.instagram.com\/dutchhealthstore\/\",\"https:\/\/www.facebook.com\/dutchhealthstore\"]}]}<\/script>\n<meta property=\"product:brand\" content=\"Living Libations\" \/>\n<meta property=\"og:availability\" content=\"instock\" \/>\n<meta property=\"product:availability\" content=\"instock\" \/>\n<meta property=\"product:condition\" content=\"new\" \/>\n<!-- \/ Yoast SEO Premium plugin. -->","yoast_head_json":{"title":"Poetic Pits - Classic | Living Libations","description":"Poetic Pits arbeitet mit Ihrem ganz pers\u00f6nlichen Duft, um ein einzigartiges Aroma unter den Achseln zu entfesseln, das nur Ihnen eigen ist.","robots":{"index":"index","follow":"follow","max-snippet":"max-snippet:-1","max-image-preview":"max-image-preview:large","max-video-preview":"max-video-preview:-1"},"canonical":"https:\/\/dutchhealthstore.com\/de\/product\/poetic-pits-classic\/","og_locale":"de_DE","og_type":"article","og_title":"Poetic Pits - Classic - Dutch Health Store","og_description":"Poetic Pits arbeitet mit Ihrem ganz pers\u00f6nlichen Duft, um ein einzigartiges Aroma unter den Achseln zu entfesseln, das nur Ihnen eigen ist.","og_url":"https:\/\/dutchhealthstore.com\/de\/product\/poetic-pits-classic\/","og_site_name":"Dutch Health Store","article_publisher":"https:\/\/www.instagram.com\/dutchhealthstore\/","article_modified_time":"2026-02-05T18:17:21+00:00","og_image":[{"width":500,"height":500,"url":"https:\/\/dutchhealthstore.com\/wp-content\/uploads\/2020\/07\/Living-Libations-Poetic-Pits-Classic-e1594644607807.jpg","type":"image\/jpeg"}],"twitter_card":"summary_large_image","twitter_misc":{"Verf\u00fcgbarkeit":"Auf Lager"},"schema":{"@context":"https:\/\/schema.org","@graph":[{"@type":"WebPage","@id":"https:\/\/dutchhealthstore.com\/de\/product\/poetic-pits-classic\/","url":"https:\/\/dutchhealthstore.com\/de\/product\/poetic-pits-classic\/","name":"Poetic Pits - Classic | Living Libations","isPartOf":{"@id":"https:\/\/dutchhealthstore.com\/de\/#website"},"primaryImageOfPage":{"@id":"https:\/\/dutchhealthstore.com\/de\/product\/poetic-pits-classic\/#primaryimage"},"image":{"@id":"https:\/\/dutchhealthstore.com\/de\/product\/poetic-pits-classic\/#primaryimage"},"thumbnailUrl":"https:\/\/dutchhealthstore.com\/wp-content\/uploads\/2020\/07\/ll-poetic-pits-classic-2sizes.jpg","datePublished":"2020-07-13T12:58:55+00:00","dateModified":"2026-02-05T18:17:21+00:00","description":"Poetic Pits arbeitet mit Ihrem ganz pers\u00f6nlichen Duft, um ein einzigartiges Aroma unter den Achseln zu entfesseln, das nur Ihnen eigen ist.","breadcrumb":{"@id":"https:\/\/dutchhealthstore.com\/de\/product\/poetic-pits-classic\/#breadcrumb"},"inLanguage":"de","potentialAction":[{"@type":"ReadAction","target":["https:\/\/dutchhealthstore.com\/de\/product\/poetic-pits-classic\/"]}]},{"@type":"ImageObject","inLanguage":"de","@id":"https:\/\/dutchhealthstore.com\/de\/product\/poetic-pits-classic\/#primaryimage","url":"https:\/\/dutchhealthstore.com\/wp-content\/uploads\/2020\/07\/ll-poetic-pits-classic-2sizes.jpg","contentUrl":"https:\/\/dutchhealthstore.com\/wp-content\/uploads\/2020\/07\/ll-poetic-pits-classic-2sizes.jpg","width":530,"height":530,"caption":"ll-poetic-pits-classic-2sizes"},{"@type":"BreadcrumbList","@id":"https:\/\/dutchhealthstore.com\/de\/product\/poetic-pits-classic\/#breadcrumb","itemListElement":[{"@type":"ListItem","position":1,"name":"Home","item":"https:\/\/dutchhealthstore.com\/de\/"},{"@type":"ListItem","position":2,"name":"Shop","item":"https:\/\/dutchhealthstore.com\/de\/shop-2\/"},{"@type":"ListItem","position":3,"name":"Poetic Pits &#8211; Classic"}]},{"@type":"WebSite","@id":"https:\/\/dutchhealthstore.com\/de\/#website","url":"https:\/\/dutchhealthstore.com\/de\/","name":"Dutch Health Store","description":"Enhance Your Beauty with Organic &amp; Natural Skincare","publisher":{"@id":"https:\/\/dutchhealthstore.com\/de\/#organization"},"potentialAction":[{"@type":"SearchAction","target":{"@type":"EntryPoint","urlTemplate":"https:\/\/dutchhealthstore.com\/de\/?s={search_term_string}"},"query-input":{"@type":"PropertyValueSpecification","valueRequired":true,"valueName":"search_term_string"}}],"inLanguage":"de"},{"@type":"Organization","@id":"https:\/\/dutchhealthstore.com\/de\/#organization","name":"Dutch Health Store","url":"https:\/\/dutchhealthstore.com\/de\/","logo":{"@type":"ImageObject","inLanguage":"de","@id":"https:\/\/dutchhealthstore.com\/de\/#\/schema\/logo\/image\/","url":"https:\/\/dutchhealthstore.com\/wp-content\/uploads\/2020\/08\/logo-dutchhealthstore-jpg-e1599484957574.jpg","contentUrl":"https:\/\/dutchhealthstore.com\/wp-content\/uploads\/2020\/08\/logo-dutchhealthstore-jpg-e1599484957574.jpg","width":400,"height":62,"caption":"Dutch Health Store"},"image":{"@id":"https:\/\/dutchhealthstore.com\/de\/#\/schema\/logo\/image\/"},"sameAs":["https:\/\/www.instagram.com\/dutchhealthstore\/","https:\/\/www.facebook.com\/dutchhealthstore"]}]},"product_brand":"Living Libations","og_availability":"instock","product_availability":"instock","product_condition":"new"},"_links":{"self":[{"href":"https:\/\/dutchhealthstore.com\/de\/wp-json\/wp\/v2\/product\/113481","targetHints":{"allow":["GET"]}}],"collection":[{"href":"https:\/\/dutchhealthstore.com\/de\/wp-json\/wp\/v2\/product"}],"about":[{"href":"https:\/\/dutchhealthstore.com\/de\/wp-json\/wp\/v2\/types\/product"}],"replies":[{"embeddable":true,"href":"https:\/\/dutchhealthstore.com\/de\/wp-json\/wp\/v2\/comments?post=113481"}],"wp:featuredmedia":[{"embeddable":true,"href":"https:\/\/dutchhealthstore.com\/de\/wp-json\/wp\/v2\/media\/359606"}],"wp:attachment":[{"href":"https:\/\/dutchhealthstore.com\/de\/wp-json\/wp\/v2\/media?parent=113481"}],"wp:term":[{"taxonomy":"product_brand","embeddable":true,"href":"https:\/\/dutchhealthstore.com\/de\/wp-json\/wp\/v2\/product_brand?post=113481"},{"taxonomy":"product_cat","embeddable":true,"href":"https:\/\/dutchhealthstore.com\/de\/wp-json\/wp\/v2\/product_cat?post=113481"},{"taxonomy":"product_tag","embeddable":true,"href":"https:\/\/dutchhealthstore.com\/de\/wp-json\/wp\/v2\/product_tag?post=113481"}],"curies":[{"name":"wp","href":"https:\/\/api.w.org\/{rel}","templated":true}]}}