{"id":112744,"date":"2020-02-10T12:10:03","date_gmt":"2020-02-10T12:10:03","guid":{"rendered":"https:\/\/dutchhealthstore.com\/product\/foragers-balm\/"},"modified":"2026-02-12T22:37:25","modified_gmt":"2026-02-12T21:37:25","slug":"foragers-balm","status":"publish","type":"product","link":"https:\/\/dutchhealthstore.com\/de\/product\/foragers-balm\/","title":{"rendered":"Forager&#8217;s Balm"},"content":{"rendered":"<p><img decoding=\"async\" class=\"alignright size-full wp-image-37041\" src=\"https:\/\/dutchhealthstore.com\/wp-content\/uploads\/2018\/04\/Living_Libations-1.png\" alt=\"Organic &amp; Natural Beautyproducts - Living Libations\" width=\"175\" height=\"82\">Unser <strong>Forager&#8217;s Balm<\/strong> sch\u00fctzt die Haut, w\u00e4hrend diese aromatischen Verb\u00fcndeten daf\u00fcr sorgen, dass Ihr Waldspaziergang ein friedlicher wird: Zeder und Pfefferminze zur Beruhigung, Eukalyptus zur Aktivierung, wei\u00dfer Salbei zur Weihe und Geranie zur Belebung.<br \/>\nWohltuendes Jojoba- und Bienenwachs sch\u00fctzt die Haut und sorgt f\u00fcr die k\u00f6stliche Textur dieses Balsams.<\/p>\n<p>Eine Reise durch den Wald geh\u00f6rt zu den Annehmlichkeiten des Lebens, denn im Raum zwischen den B\u00e4umen liegen die innersten Geheimnisse der Seele. In den Wald zu gehen und den Spaziergang zu genie\u00dfen, ohne von Fliegen umschwirrt zu werden, ist immer das Ziel. Unser <strong>Forager&#8217;s Balm<\/strong> enth\u00e4lt zitronige, kampferartige und nadelbaumartige Noten, die es Ihnen erm\u00f6glichen, die Natur zu genie\u00dfen, anstatt sie zu verscheuchen und zu bek\u00e4mpfen.<\/p>\n<h3>Instruktion<\/h3>\n<p><strong>Forager&#8217;s Balm<\/strong> ist am wirksamsten, wenn es in Kombination mit unserem Forager&#8217;s Cologne verwendet wird. Verwenden Sie den Balsam auf exponierter Haut, hinter den Ohren, im Gesicht, an den H\u00e4nden und im Nacken. Vermeiden Sie die Anwendung auf den Augen. Dieser wunderbare Balsam gleitet \u00fcber die Haut, beruhigt trockene Haut und mildert das Erscheinungsbild von rauen Stellen und R\u00f6tungen.<\/p>\n<p><strong>Gr\u00f6\u00dfe: 30 ml und 50 ml<\/strong><\/p>\n<p><span style=\"font-size: 20.16px; color: #333333;\">Nat\u00fcrliche\/Organische Inhaltsstoffe<\/span><\/p>\n<p><strong>Leleshwa-\u00d6l <\/strong><em>(Tarchonanthus camphoratus)<\/em> &#8211; Luminous Leleshwa ist ein erhellendes und reinigendes \u00e4therisches \u00d6l, das auch als Afrikanischer Wilder Salbei, Wilder Kampferstrauch, Hottentotten-Tabak und Mikalambati in Suaheli bekannt ist. Dieser weise Salbeistrauch stammt aus Kenia und wird traditionell als Volksheilmittel zum Desodorieren und Reinigen verwendet. Sein reines, kampferartiges Aroma kl\u00e4rt das Denken in einem Augenblick, \u00f6ffnet den Atem und befreit den K\u00f6rper von Tr\u00e4gheit. Wildtiere wie Elefanten und Nash\u00f6rner reiben ihre Haut an dem Strauch, um sich vor fliegenden und krabbelnden Sch\u00e4dlingen zu sch\u00fctzen.<\/p>\n<p><strong>Wei\u00dfes Salbei\u00f6l <\/strong><em>(Salvia apiana) &#8211;<\/em> Der wunderbare wei\u00dfe Salbei leuchtet mit seinen herrlichen silbrig-gr\u00fcnen Bl\u00e4ttern, die traditionell wegen der reinigenden Wirkung seines scharfen Rauchs verbrannt werden. Die Essenz ist ein Verb\u00fcndeter, um die Luft zu heiligen, geistige Stauungen zu beseitigen und die Gedanken mit Frieden zu erf\u00fcllen.<\/p>\n<p><strong>Geranien\u00f6l<\/strong><em> (Pelargonium graveolens) &#8211; <\/em>Geranien\u00f6l ist reich an den botanischen Verbindungen Geraniol und Citral, den kompetenten Bestandteilen, die die Geranie im Laufe der Geschichte zu einem wirksamen Raupenvertilger gemacht haben.<\/p>\n<p><strong>Zitronenteebaum\u00f6l<\/strong><em> (Leptospermum petersonii) &#8211; <\/em>Zitronenteebaum enth\u00e4lt drei wirksame Verbindungen, die die effektivste Antwort der Natur auf Fliegen und Krabbeltiere sind: Citral, Citronellal und Pinen. Zitronenteebaum hat den zus\u00e4tzlichen Vorteil, dass er einen wunderbar erfrischenden, sonnigen Duft hat.<\/p>\n<p><strong>Eukalyptus\u00f6l<\/strong><em> (Eucalyptus globulus) &#8211; <\/em>Diese besondere Eukalyptussorte enth\u00e4lt gro\u00dfe Mengen an Cineol, das Sch\u00e4dlinge abschreckt.<\/p>\n<p><strong>Zitronen-Eukalyptus\u00f6l <\/strong><em>(Eucalyptus staigeriana) &#8211;<\/em> Zitronig duftender Eisenrinden-Eukalyptus enth\u00e4lt die Verbindungen Citronellol, Citral, Geraniol und Limonen.<\/p>\n<p><strong>Zedern\u00f6l <\/strong><em>(Cedrus atlantica) &#8211;<\/em> Das reichhaltige, holzige Zedern\u00f6l ist der Inhaltsstoff, der unser Forager&#8217;s Cologne von einem nat\u00fcrlichen Sch\u00e4dlingsspray zu einem eigenst\u00e4ndigen Duft macht. Vielleicht ertappst du dich dabei, dass du auch dann spr\u00fchst, wenn du gar nicht in der N\u00e4he des Waldes bist! Als tiefes, anhaltendes Aroma mit subtilen Ankl\u00e4ngen von S\u00fc\u00dfe ist Zedernholz daf\u00fcr bekannt, bei der Entscheidungsfindung zu helfen, ein ruhiges Gem\u00fct zu f\u00f6rdern und einen klaren Geist zu inspirieren.<\/p>\n<p><strong>Pfefferminz\u00f6l <\/strong><em>(Mentha peperita) &#8211; <\/em>Pfefferminze ist wunderbar erfrischend, aber nicht f\u00fcr unfreundliche Flieger, denen das Aroma zu stark ist.<\/p>\n<p><strong>Jojoba\u00f6l<\/strong> <em>(Simmondsia chinensis) &#8211;<\/em> Jojoba ist der wirksamste Feuchtigkeitsspender der Natur und enth\u00e4lt viele Phenolverbindungen, Tocopherole und jede l\u00f6sliche Form von Vitamin E. Da es in seiner Zusammensetzung den nat\u00fcrlichen \u00d6len der Haut sehr \u00e4hnlich ist, wird es leicht aufgenommen und kann dem durstigen Gewebe unendlich viel Feuchtigkeit zuf\u00fchren.<\/p>\n<p><strong>Bienenwachs<\/strong> <em>(Cera alba) &#8211;<\/em> Bienen schwirren mit einem sch\u00fctzenden, por\u00f6sen Wachs herum, das Feuchtigkeit einschlie\u00dft und Giftstoffe fernh\u00e4lt. Bienenwachs bildet eine glatte, unsichtbare Schicht auf den Lippen und sch\u00fctzt sie vor sch\u00e4dlichen Umwelteinfl\u00fcssen mit N\u00e4hrstoffen.<\/p>\n<p><img fetchpriority=\"high\" decoding=\"async\" class=\"size-medium wp-image-68103 aligncenter\" src=\"https:\/\/dutchhealthstore.com\/wp-content\/uploads\/2018\/02\/Living-Libations-Organic-Logo-800x89.png\" alt=\"Living Libations - Organic Logo\" width=\"800\" height=\"89\" srcset=\"https:\/\/dutchhealthstore.com\/wp-content\/uploads\/2018\/02\/Living-Libations-Organic-Logo-800x89.png 800w, https:\/\/dutchhealthstore.com\/wp-content\/uploads\/2018\/02\/Living-Libations-Organic-Logo-510x57.png 510w, https:\/\/dutchhealthstore.com\/wp-content\/uploads\/2018\/02\/Living-Libations-Organic-Logo-768x85.png 768w, https:\/\/dutchhealthstore.com\/wp-content\/uploads\/2018\/02\/Living-Libations-Organic-Logo.png 1400w\" sizes=\"(max-width: 800px) 100vw, 800px\" \/><\/p>\n","protected":false},"excerpt":{"rendered":"<p>Unser <strong>Forager&#8217;s Balm<\/strong> sch\u00fctzt die Haut, w\u00e4hrend diese aromatischen Verb\u00fcndeten daf\u00fcr sorgen, dass Ihr Waldspaziergang ein friedlicher wird: Zeder und Pfefferminze zur Beruhigung, Eukalyptus zur Aktivierung, wei\u00dfer Salbei zur Weihe und Geranie zur Belebung.<br \/>\nWohltuendes Jojoba- und Bienenwachs sch\u00fctzt die Haut und sorgt f\u00fcr die k\u00f6stliche Textur dieses Balsams.<\/p>\n","protected":false},"featured_media":26915,"comment_status":"open","ping_status":"closed","template":"","meta":[],"product_brand":[],"product_cat":[14735,6761,10503,1032,1089,1502,515,1493,1515,1210,1960,1048,511,5864,6736],"product_tag":[6236,21395,21809,21505,4831],"class_list":{"0":"post-112744","1":"product","2":"type-product","3":"status-publish","4":"has-post-thumbnail","6":"product_cat-hautpflege","7":"product_cat-remedies-de-2","8":"product_cat-insect-repellent-de","9":"product_cat-kategorien","10":"product_cat-koerperlotion","11":"product_cat-korperpflege-living-libations","12":"product_cat-korperpflege-de","13":"product_cat-living-libations-deutschland","14":"product_cat-mannerpflege-living-libations","15":"product_cat-marken","16":"product_cat-ol-lotion","17":"product_cat-kollektion","18":"product_cat-produkte","19":"product_cat-sun-outdoor-care-de-2","20":"product_cat-wellness-de","21":"product_tag-balm-de","22":"product_tag-korper","23":"product_tag-natural-de","24":"product_tag-relief-de","25":"product_tag-skin-de","26":"pa_brand-livinglibations-de","27":"pa_gtin-7439657333330-de","28":"pa_remedies-insect-repellent-de","29":"pa_size-30-ml-de","30":"pa_size-50-ml-de","31":"pa_skincare-type-suncare-de","33":"first","34":"instock","35":"taxable","36":"shipping-taxable","37":"purchasable","38":"product-type-variable"},"bundled_by":[],"bundle_stock_status":"instock","bundle_stock_quantity":null,"bundle_virtual":false,"bundle_layout":"","bundle_add_to_cart_form_location":"","bundle_editable_in_cart":false,"bundle_sold_individually_context":"","bundle_item_grouping":"","bundle_min_size":"","bundle_max_size":"","bundle_price":[],"bundled_items":[],"bundle_sell_ids":[107698],"atum_controlled":true,"out_stock_date":null,"out_stock_threshold":null,"inheritable":true,"stock_on_hold":1,"sold_today":1,"sales_last_days":1,"out_stock_days":0,"lost_sales":0,"update_date":"2026-04-09T02:47:03","atum_locations":[],"atum_stock_status":"instock","restock_status":false,"low_stock_amount":"","sales_update_date":"2026-04-04T01:45:40","calc_backorders":null,"group_of_quantity":0,"min_quantity":0,"max_quantity":"","exclude_order_quantity_value_rules":"no","exclude_category_quantity_rules":"no","combine_variations":"no","yoast_head":"<!-- This site is optimized with the Yoast SEO Premium plugin v26.5 (Yoast SEO v26.5) - https:\/\/yoast.com\/wordpress\/plugins\/seo\/ -->\n<title>Forager&#039;s Balm | Living Libations<\/title>\n<meta name=\"description\" content=\"Unser Forager&#039;s Balm sch\u00fctzt die Haut, w\u00e4hrend diese aromatischen Verb\u00fcndeten daf\u00fcr sorgen, dass Ihr Waldspaziergang ein friedlicher wird: Zeder und Pfefferminze zur Beruhigung, Eukalyptus zur Aktivierung, wei\u00dfer Salbei zur Weihe und Geranie zur Belebung.\" \/>\n<meta name=\"robots\" content=\"index, follow, max-snippet:-1, max-image-preview:large, max-video-preview:-1\" \/>\n<link rel=\"canonical\" href=\"https:\/\/dutchhealthstore.com\/de\/product\/foragers-balm\/\" \/>\n<meta property=\"og:locale\" content=\"de_DE\" \/>\n<meta property=\"og:type\" content=\"article\" \/>\n<meta property=\"og:title\" content=\"Forager&#039;s Balm - Dutch Health Store\" \/>\n<meta property=\"og:description\" content=\"Unser Forager&#039;s Balm sch\u00fctzt die Haut, w\u00e4hrend diese aromatischen Verb\u00fcndeten daf\u00fcr sorgen, dass Ihr Waldspaziergang ein friedlicher wird: Zeder und Pfefferminze zur Beruhigung, Eukalyptus zur Aktivierung, wei\u00dfer Salbei zur Weihe und Geranie zur Belebung.\" \/>\n<meta property=\"og:url\" content=\"https:\/\/dutchhealthstore.com\/de\/product\/foragers-balm\/\" \/>\n<meta property=\"og:site_name\" content=\"Dutch Health Store\" \/>\n<meta property=\"article:publisher\" content=\"https:\/\/www.instagram.com\/dutchhealthstore\/\" \/>\n<meta property=\"article:modified_time\" content=\"2026-02-12T21:37:25+00:00\" \/>\n<meta property=\"og:image\" content=\"https:\/\/dutchhealthstore.com\/wp-content\/uploads\/2018\/02\/foragers_balm.png\" \/>\n\t<meta property=\"og:image:width\" content=\"500\" \/>\n\t<meta property=\"og:image:height\" content=\"500\" \/>\n\t<meta property=\"og:image:type\" content=\"image\/jpeg\" \/>\n<meta name=\"twitter:card\" content=\"summary_large_image\" \/>\n<meta name=\"twitter:label1\" content=\"Verf\u00fcgbarkeit\" \/>\n\t<meta name=\"twitter:data1\" content=\"Auf Lager\" \/>\n<script type=\"application\/ld+json\" class=\"yoast-schema-graph\">{\"@context\":\"https:\/\/schema.org\",\"@graph\":[{\"@type\":\"WebPage\",\"@id\":\"https:\/\/dutchhealthstore.com\/de\/product\/foragers-balm\/\",\"url\":\"https:\/\/dutchhealthstore.com\/de\/product\/foragers-balm\/\",\"name\":\"Forager's Balm | Living Libations\",\"isPartOf\":{\"@id\":\"https:\/\/dutchhealthstore.com\/de\/#website\"},\"primaryImageOfPage\":{\"@id\":\"https:\/\/dutchhealthstore.com\/de\/product\/foragers-balm\/#primaryimage\"},\"image\":{\"@id\":\"https:\/\/dutchhealthstore.com\/de\/product\/foragers-balm\/#primaryimage\"},\"thumbnailUrl\":\"https:\/\/dutchhealthstore.com\/wp-content\/uploads\/2018\/02\/foragers_balm.png\",\"datePublished\":\"2020-02-10T12:10:03+00:00\",\"dateModified\":\"2026-02-12T21:37:25+00:00\",\"description\":\"Unser Forager's Balm sch\u00fctzt die Haut, w\u00e4hrend diese aromatischen Verb\u00fcndeten daf\u00fcr sorgen, dass Ihr Waldspaziergang ein friedlicher wird: Zeder und Pfefferminze zur Beruhigung, Eukalyptus zur Aktivierung, wei\u00dfer Salbei zur Weihe und Geranie zur Belebung.\",\"breadcrumb\":{\"@id\":\"https:\/\/dutchhealthstore.com\/de\/product\/foragers-balm\/#breadcrumb\"},\"inLanguage\":\"de\",\"potentialAction\":[{\"@type\":\"ReadAction\",\"target\":[\"https:\/\/dutchhealthstore.com\/de\/product\/foragers-balm\/\"]}]},{\"@type\":\"ImageObject\",\"inLanguage\":\"de\",\"@id\":\"https:\/\/dutchhealthstore.com\/de\/product\/foragers-balm\/#primaryimage\",\"url\":\"https:\/\/dutchhealthstore.com\/wp-content\/uploads\/2018\/02\/foragers_balm.png\",\"contentUrl\":\"https:\/\/dutchhealthstore.com\/wp-content\/uploads\/2018\/02\/foragers_balm.png\",\"width\":500,\"height\":500,\"caption\":\"Living Libations - foragers_balm\"},{\"@type\":\"BreadcrumbList\",\"@id\":\"https:\/\/dutchhealthstore.com\/de\/product\/foragers-balm\/#breadcrumb\",\"itemListElement\":[{\"@type\":\"ListItem\",\"position\":1,\"name\":\"Home\",\"item\":\"https:\/\/dutchhealthstore.com\/de\/\"},{\"@type\":\"ListItem\",\"position\":2,\"name\":\"Shop\",\"item\":\"https:\/\/dutchhealthstore.com\/de\/shop-2\/\"},{\"@type\":\"ListItem\",\"position\":3,\"name\":\"Forager&#8217;s Balm\"}]},{\"@type\":\"WebSite\",\"@id\":\"https:\/\/dutchhealthstore.com\/de\/#website\",\"url\":\"https:\/\/dutchhealthstore.com\/de\/\",\"name\":\"Dutch Health Store\",\"description\":\"Enhance Your Beauty with Organic &amp; Natural Skincare\",\"publisher\":{\"@id\":\"https:\/\/dutchhealthstore.com\/de\/#organization\"},\"potentialAction\":[{\"@type\":\"SearchAction\",\"target\":{\"@type\":\"EntryPoint\",\"urlTemplate\":\"https:\/\/dutchhealthstore.com\/de\/?s={search_term_string}\"},\"query-input\":{\"@type\":\"PropertyValueSpecification\",\"valueRequired\":true,\"valueName\":\"search_term_string\"}}],\"inLanguage\":\"de\"},{\"@type\":\"Organization\",\"@id\":\"https:\/\/dutchhealthstore.com\/de\/#organization\",\"name\":\"Dutch Health Store\",\"url\":\"https:\/\/dutchhealthstore.com\/de\/\",\"logo\":{\"@type\":\"ImageObject\",\"inLanguage\":\"de\",\"@id\":\"https:\/\/dutchhealthstore.com\/de\/#\/schema\/logo\/image\/\",\"url\":\"https:\/\/dutchhealthstore.com\/wp-content\/uploads\/2020\/08\/logo-dutchhealthstore-jpg-e1599484957574.jpg\",\"contentUrl\":\"https:\/\/dutchhealthstore.com\/wp-content\/uploads\/2020\/08\/logo-dutchhealthstore-jpg-e1599484957574.jpg\",\"width\":400,\"height\":62,\"caption\":\"Dutch Health Store\"},\"image\":{\"@id\":\"https:\/\/dutchhealthstore.com\/de\/#\/schema\/logo\/image\/\"},\"sameAs\":[\"https:\/\/www.instagram.com\/dutchhealthstore\/\",\"https:\/\/www.facebook.com\/dutchhealthstore\"]}]}<\/script>\n<meta property=\"product:brand\" content=\"Living Libations\" \/>\n<meta property=\"og:availability\" content=\"instock\" \/>\n<meta property=\"product:availability\" content=\"instock\" \/>\n<meta property=\"product:condition\" content=\"new\" \/>\n<!-- \/ Yoast SEO Premium plugin. -->","yoast_head_json":{"title":"Forager's Balm | Living Libations","description":"Unser Forager's Balm sch\u00fctzt die Haut, w\u00e4hrend diese aromatischen Verb\u00fcndeten daf\u00fcr sorgen, dass Ihr Waldspaziergang ein friedlicher wird: Zeder und Pfefferminze zur Beruhigung, Eukalyptus zur Aktivierung, wei\u00dfer Salbei zur Weihe und Geranie zur Belebung.","robots":{"index":"index","follow":"follow","max-snippet":"max-snippet:-1","max-image-preview":"max-image-preview:large","max-video-preview":"max-video-preview:-1"},"canonical":"https:\/\/dutchhealthstore.com\/de\/product\/foragers-balm\/","og_locale":"de_DE","og_type":"article","og_title":"Forager's Balm - Dutch Health Store","og_description":"Unser Forager's Balm sch\u00fctzt die Haut, w\u00e4hrend diese aromatischen Verb\u00fcndeten daf\u00fcr sorgen, dass Ihr Waldspaziergang ein friedlicher wird: Zeder und Pfefferminze zur Beruhigung, Eukalyptus zur Aktivierung, wei\u00dfer Salbei zur Weihe und Geranie zur Belebung.","og_url":"https:\/\/dutchhealthstore.com\/de\/product\/foragers-balm\/","og_site_name":"Dutch Health Store","article_publisher":"https:\/\/www.instagram.com\/dutchhealthstore\/","article_modified_time":"2026-02-12T21:37:25+00:00","og_image":[{"width":500,"height":500,"url":"https:\/\/dutchhealthstore.com\/wp-content\/uploads\/2018\/02\/foragers_balm.png","type":"image\/jpeg"}],"twitter_card":"summary_large_image","twitter_misc":{"Verf\u00fcgbarkeit":"Auf Lager"},"schema":{"@context":"https:\/\/schema.org","@graph":[{"@type":"WebPage","@id":"https:\/\/dutchhealthstore.com\/de\/product\/foragers-balm\/","url":"https:\/\/dutchhealthstore.com\/de\/product\/foragers-balm\/","name":"Forager's Balm | Living Libations","isPartOf":{"@id":"https:\/\/dutchhealthstore.com\/de\/#website"},"primaryImageOfPage":{"@id":"https:\/\/dutchhealthstore.com\/de\/product\/foragers-balm\/#primaryimage"},"image":{"@id":"https:\/\/dutchhealthstore.com\/de\/product\/foragers-balm\/#primaryimage"},"thumbnailUrl":"https:\/\/dutchhealthstore.com\/wp-content\/uploads\/2018\/02\/foragers_balm.png","datePublished":"2020-02-10T12:10:03+00:00","dateModified":"2026-02-12T21:37:25+00:00","description":"Unser Forager's Balm sch\u00fctzt die Haut, w\u00e4hrend diese aromatischen Verb\u00fcndeten daf\u00fcr sorgen, dass Ihr Waldspaziergang ein friedlicher wird: Zeder und Pfefferminze zur Beruhigung, Eukalyptus zur Aktivierung, wei\u00dfer Salbei zur Weihe und Geranie zur Belebung.","breadcrumb":{"@id":"https:\/\/dutchhealthstore.com\/de\/product\/foragers-balm\/#breadcrumb"},"inLanguage":"de","potentialAction":[{"@type":"ReadAction","target":["https:\/\/dutchhealthstore.com\/de\/product\/foragers-balm\/"]}]},{"@type":"ImageObject","inLanguage":"de","@id":"https:\/\/dutchhealthstore.com\/de\/product\/foragers-balm\/#primaryimage","url":"https:\/\/dutchhealthstore.com\/wp-content\/uploads\/2018\/02\/foragers_balm.png","contentUrl":"https:\/\/dutchhealthstore.com\/wp-content\/uploads\/2018\/02\/foragers_balm.png","width":500,"height":500,"caption":"Living Libations - foragers_balm"},{"@type":"BreadcrumbList","@id":"https:\/\/dutchhealthstore.com\/de\/product\/foragers-balm\/#breadcrumb","itemListElement":[{"@type":"ListItem","position":1,"name":"Home","item":"https:\/\/dutchhealthstore.com\/de\/"},{"@type":"ListItem","position":2,"name":"Shop","item":"https:\/\/dutchhealthstore.com\/de\/shop-2\/"},{"@type":"ListItem","position":3,"name":"Forager&#8217;s Balm"}]},{"@type":"WebSite","@id":"https:\/\/dutchhealthstore.com\/de\/#website","url":"https:\/\/dutchhealthstore.com\/de\/","name":"Dutch Health Store","description":"Enhance Your Beauty with Organic &amp; Natural Skincare","publisher":{"@id":"https:\/\/dutchhealthstore.com\/de\/#organization"},"potentialAction":[{"@type":"SearchAction","target":{"@type":"EntryPoint","urlTemplate":"https:\/\/dutchhealthstore.com\/de\/?s={search_term_string}"},"query-input":{"@type":"PropertyValueSpecification","valueRequired":true,"valueName":"search_term_string"}}],"inLanguage":"de"},{"@type":"Organization","@id":"https:\/\/dutchhealthstore.com\/de\/#organization","name":"Dutch Health Store","url":"https:\/\/dutchhealthstore.com\/de\/","logo":{"@type":"ImageObject","inLanguage":"de","@id":"https:\/\/dutchhealthstore.com\/de\/#\/schema\/logo\/image\/","url":"https:\/\/dutchhealthstore.com\/wp-content\/uploads\/2020\/08\/logo-dutchhealthstore-jpg-e1599484957574.jpg","contentUrl":"https:\/\/dutchhealthstore.com\/wp-content\/uploads\/2020\/08\/logo-dutchhealthstore-jpg-e1599484957574.jpg","width":400,"height":62,"caption":"Dutch Health Store"},"image":{"@id":"https:\/\/dutchhealthstore.com\/de\/#\/schema\/logo\/image\/"},"sameAs":["https:\/\/www.instagram.com\/dutchhealthstore\/","https:\/\/www.facebook.com\/dutchhealthstore"]}]},"product_brand":"Living Libations","og_availability":"instock","product_availability":"instock","product_condition":"new"},"_links":{"self":[{"href":"https:\/\/dutchhealthstore.com\/de\/wp-json\/wp\/v2\/product\/112744","targetHints":{"allow":["GET"]}}],"collection":[{"href":"https:\/\/dutchhealthstore.com\/de\/wp-json\/wp\/v2\/product"}],"about":[{"href":"https:\/\/dutchhealthstore.com\/de\/wp-json\/wp\/v2\/types\/product"}],"replies":[{"embeddable":true,"href":"https:\/\/dutchhealthstore.com\/de\/wp-json\/wp\/v2\/comments?post=112744"}],"wp:featuredmedia":[{"embeddable":true,"href":"https:\/\/dutchhealthstore.com\/de\/wp-json\/wp\/v2\/media\/26915"}],"wp:attachment":[{"href":"https:\/\/dutchhealthstore.com\/de\/wp-json\/wp\/v2\/media?parent=112744"}],"wp:term":[{"taxonomy":"product_brand","embeddable":true,"href":"https:\/\/dutchhealthstore.com\/de\/wp-json\/wp\/v2\/product_brand?post=112744"},{"taxonomy":"product_cat","embeddable":true,"href":"https:\/\/dutchhealthstore.com\/de\/wp-json\/wp\/v2\/product_cat?post=112744"},{"taxonomy":"product_tag","embeddable":true,"href":"https:\/\/dutchhealthstore.com\/de\/wp-json\/wp\/v2\/product_tag?post=112744"}],"curies":[{"name":"wp","href":"https:\/\/api.w.org\/{rel}","templated":true}]}}