{"id":111725,"date":"2020-07-06T12:43:10","date_gmt":"2020-07-06T12:43:10","guid":{"rendered":"https:\/\/dutchhealthstore.com\/product\/fortifying-frankincense-dry-shampoo\/"},"modified":"2026-01-08T15:17:09","modified_gmt":"2026-01-08T14:17:09","slug":"fortifying-frankincense-dry-shampoo","status":"publish","type":"product","link":"https:\/\/dutchhealthstore.com\/de\/product\/fortifying-frankincense-dry-shampoo\/","title":{"rendered":"Fortifying Frankincense Dry Shampoo"},"content":{"rendered":"<p><strong><img decoding=\"async\" class=\"size-full wp-image-69549 alignright\" src=\"https:\/\/dutchhealthstore.com\/wp-content\/uploads\/2019\/08\/NEW-Living-Libations-Logo.jpg\" alt=\"NEW - Living Libations - Logo\" width=\"175\" height=\"82\">Fortifying Frankincense Dry Shampoo<\/strong> ist f\u00fcr alle Haarfarben und -typen geeignet und kann die Lebensdauer von gef\u00e4rbtem Haar verl\u00e4ngern (da weniger Shampoonieren erforderlich ist). Die Bequemlichkeit der Trockenreinigung Ihres Haares ist nur der Anfang der pflanzlichen Segnungen dieser reinen Pulvermischung. Sie erhalten saubere, gl\u00e4nzende Locken, w\u00e4hrend Haut und Kopfhaut mit den nahrhaften Elementen der Natur gen\u00e4hrt werden.<\/p>\n<p>Viele Trockenshampoos enthalten Polymere, Parabene, Mais-, Reis- und Aluminiumst\u00e4rke, giftiges Talkum sowie brennbares Isobuten, Propan und Alkohole, die das gesunde Haarwachstum hemmen, das Haar austrocknen, R\u00fcckst\u00e4nde anziehen und die Atmungsaktivit\u00e4t der Kopfhaut behindern.<br \/>\nJeder Inhaltsstoff in unserem <strong>Fortifying Frankincense Dry Shampoo<\/strong> optimiert auf nat\u00fcrliche Weise die Gesundheit und Sch\u00f6nheit der Haare.<br \/>\nDas heilige Weihrauchharz n\u00e4hrt und duftet die Kopfhaut. Ausgleichendes Backpulver absorbiert \u00fcbersch\u00fcssiges \u00d6l. Kaolin-Ton wirkt wie ein Magnet, der R\u00fcckst\u00e4nde anzieht und \u00d6le herausfiltert. Elegante \u00e4therische \u00d6le stimulieren kr\u00e4ftiges Haar, vertreiben trockene Schuppen und reinigen den Haaransatz. Pfeilwurzelpulver unterst\u00fctzt die Absorption, w\u00e4hrend unser \u00fcberkritischer konzentrierter Rosmarinextrakt auf nat\u00fcrliche Weise f\u00fcr eine Optimierung der Pflanzenkraft sorgt.<\/p>\n<h3>Instruktion<\/h3>\n<p>Geben Sie eine etwa zehn Zentimeter gro\u00dfe Menge in Ihre Handfl\u00e4che und massieren Sie sie in die Haarwurzeln ein, wobei Sie von der nat\u00fcrlichen Partie weg arbeiten. Gehen Sie von den Wurzeln zu den Spitzen. Lassen Sie das Pulver einige Minuten in Ihrem Haar einwirken, damit es die pflegenden Pflanzenstoffe aufnehmen und aktivieren kann.<br \/>\nK\u00e4mmen Sie das Haar mit einem Holzkamm oder einer Naturborstenb\u00fcrste durch, um das Shampoo gleichm\u00e4\u00dfig zu verteilen und die Kopfhaut zu stimulieren. Stylen Sie Ihr Haar wie gewohnt. Je nach Bedarf \u00fcber den Tag oder die Woche verteilt anwenden.<br \/>\nWenn Sie zu viel verwenden und Ihr Haar pudrig oder klumpig aussieht, fahren Sie einfach mit feuchten Fingerspitzen durch Ihr Haar.<\/p>\n<h3 class=\"yikes-custom-woo-tab-title yikes-custom-woo-tab-title-natural-organic-ingredients\">Nat\u00fcrliche\/Organische Inhaltsstoffe<\/h3>\n<p><strong>Pfeilwurzel<\/strong> <em>(Maranta arundinacea)<\/em> &#8211; Pfeilwurzelpulver wird aus den Rhizomen dieser tropischen Pflanze hergestellt. Es saugt den Schwei\u00df auf und sorgt f\u00fcr weiche, glatte Haut zwischen den Haarfollikeln und seidige Str\u00e4hnen.<\/p>\n<p><strong>Kaolinerde<\/strong> <em>(Kaolinit, wei\u00dfe Tonerde)<\/em> &#8211; Diese kiesels\u00e4urereiche Tonerde ist ein uraltes Haar- und Hautpr\u00e4parat, das verwendet wird, um R\u00fcckst\u00e4nde und Unreinheiten zu entfernen. Es ist ausgleichend und n\u00e4hrend f\u00fcr trockene Haut und hilft der Kopfhaut, den optimalen Fettgehalt zu erhalten, w\u00e4hrend es \u00fcbersch\u00fcssiges Haar\u00f6l absorbiert.<\/p>\n<p><strong>Weihrauch<\/strong> <em>(Boswellia carterii)<\/em> &#8211; Weihrauch ist eine ewige Gabe von kristalliner Reinheit aus dem Saft des Weihrauchbaums. Das \u00fcppige Aroma dieses Harzes gleicht Kopfhaut- und Haar\u00f6l aus und verleiht Ihrem Scheitel Volumen.<\/p>\n<p><strong>Rosmarin <\/strong><em>(Rosmarinus officinalis, CO2<\/em>) &#8211; Rosmarinextrakt ist ein nat\u00fcrliches Konservierungsmittel, das auch mit botanischen Vorteilen f\u00fcr Ihre M\u00e4hne aufwartet. Durch spezielle superkritische Extraktion hergestellt, belebt Rosmarin schlaffe Haarstr\u00e4hnen, erfrischt die Kopfhaut und verleiht Volumen.<\/p>\n<p><strong>Backpulver<\/strong> <em>(Natriumbicarbonat)<\/em> &#8211; Natriumbicarbonat ist ein nat\u00fcrliches Reinigungsmittel, das hilft, Schmutz, Unreinheiten und Produktablagerungen von Haar und Kopfhaut zu entfernen. Es verhindert, dass das Haar fettig aussieht, indem es \u00fcbersch\u00fcssiges \u00d6l an den Haarfollikeln und im gesamten Haar absorbiert.<\/p>\n<p><strong>Probiotika<\/strong> <em>(L. plantarum, B. bifidum, B.)<\/em> &#8211; Probiotika k\u00f6nnen bei innerer Einnahme und \u00e4u\u00dferlicher Anwendung die Trockenheit der Kopfhaut verbessern. Dieser probiotische Stamm hat eine nachgewiesene Haltbarkeit von zwei Jahren ohne K\u00fchlung und ist vegan, glutenfrei und milchfrei.<\/p>\n<p><strong>Weihrauch Carterii<\/strong> <em>(Boswellia carterii)<\/em> &#8211; Dieses \u00e4therische \u00d6l wird von denselben afrikanischen Weihrauchb\u00e4umen wie unser Weihrauchharz gewonnen und aus dem frischen \u00d6lschleim des reinen Weihrauchs Carterii hydrodestilliert. Mit seinem warmen, balsamischen Duft und einer Essenz der St\u00e4rke pflegt das \u00e4therische \u00d6l Haut und Kopfhaut.<\/p>\n<p><strong>Bergamotte<\/strong> <em>(Citrus bergamia)<\/em> &#8211; Die sch\u00f6ne Bergamotte ist ein frisches Zitrus\u00f6l, das bei der Reinigung des Haaransatzes hilft. Sein heiteres Aroma salbt das Haar, w\u00e4hrend es das \u00d6l ausgleicht.<\/p>\n<p><strong>S\u00fc\u00dfer Thymian<\/strong> <em>(Thymian vulgaris linalool)<\/em> &#8211; Diese sanfte Thymianart ist nicht sensibilisierend und nicht reizend f\u00fcr die empfindlichste Haut. Es ist das perfekte Werkzeug f\u00fcr sanfte Kl\u00e4rung und energetisierende Haar-Ovationen.<\/p>\n<p><strong>Vetiver<\/strong> <em>(Vetiveria zizanioides)<\/em> &#8211; Das reichhaltige, erdige Vetiver\u00f6l wirkt erdend und beruhigend auf die Haut und salbt die Wurzeln jeder Haarstr\u00e4hne, so wie der Regen das Gras salbt. Vetiver ist ein Feuchthaltemittel, das Haut und Haar hilft, Feuchtigkeit zu speichern.<\/p>\n<p><strong>Rosmarin Verbenone<\/strong> <em>(Rosmarinus officinalis Verbenone)<\/em> &#8211; Sanfter f\u00fcr die Haut und feuchtigkeitsspendender als normaler Rosmarin, verleiht Rosmarin Verbenone Ihren Haaren sein belebendes Aroma, w\u00e4hrend es Ihre Kopfhaut und Haare reinigt.<\/p>\n<p><img fetchpriority=\"high\" decoding=\"async\" class=\"size-medium wp-image-68103 aligncenter\" src=\"https:\/\/dutchhealthstore.com\/wp-content\/uploads\/2018\/02\/Living-Libations-Organic-Logo-800x89.png\" alt=\"Living Libations - Organic Logo\" width=\"800\" height=\"89\" srcset=\"https:\/\/dutchhealthstore.com\/wp-content\/uploads\/2018\/02\/Living-Libations-Organic-Logo-800x89.png 800w, https:\/\/dutchhealthstore.com\/wp-content\/uploads\/2018\/02\/Living-Libations-Organic-Logo-510x57.png 510w, https:\/\/dutchhealthstore.com\/wp-content\/uploads\/2018\/02\/Living-Libations-Organic-Logo-768x85.png 768w, https:\/\/dutchhealthstore.com\/wp-content\/uploads\/2018\/02\/Living-Libations-Organic-Logo.png 1400w\" sizes=\"(max-width: 800px) 100vw, 800px\" \/><\/p>\n","protected":false},"excerpt":{"rendered":"<p><strong>Fortifying Frankincense Dry Shampoo<\/strong> ist f\u00fcr alle Haarfarben und -typen geeignet und kann die Lebensdauer von gef\u00e4rbtem Haar verl\u00e4ngern (da weniger Shampoonieren erforderlich ist).<br \/>\nDie Bequemlichkeit der Trockenreinigung Ihres Haares ist nur der Anfang der pflanzlichen Segnungen dieser reinen Pulvermischung. Sie erhalten saubere, gl\u00e4nzende Locken, w\u00e4hrend Haut und Kopfhaut mit den nahrhaften Elementen der Natur gen\u00e4hrt werden).<\/p>\n","protected":false},"featured_media":300575,"comment_status":"open","ping_status":"closed","template":"","meta":[],"product_brand":[],"product_cat":[1513,8580,1032,1493,1210,511,8581,1961],"product_tag":[10172,21809,21514,4226,21677],"class_list":{"0":"post-111725","1":"product","2":"type-product","3":"status-publish","4":"has-post-thumbnail","6":"product_cat-haarpflege-living-libations","7":"product_cat-hair-de","8":"product_cat-kategorien","9":"product_cat-living-libations-deutschland","10":"product_cat-marken","11":"product_cat-produkte","12":"product_cat-shampoo-de-2","13":"product_cat-shampoo-conditioner","14":"product_tag-hair-de","15":"product_tag-natural-de","16":"product_tag-scalp-care-de","17":"product_tag-shampoo-de","18":"product_tag-starkend","19":"pa_brand-livinglibations-de","20":"pa_gtin-7439657385377-de","21":"pa_haircare-productype-shampoo-de","22":"pa_size-30-ml-de","23":"pa_size-50-ml-de","25":"first","26":"instock","27":"taxable","28":"shipping-taxable","29":"purchasable","30":"product-type-variable"},"bundled_by":[],"bundle_stock_status":"instock","bundle_stock_quantity":null,"bundle_virtual":false,"bundle_layout":"","bundle_add_to_cart_form_location":"","bundle_editable_in_cart":false,"bundle_sold_individually_context":"","bundle_item_grouping":"","bundle_min_size":"","bundle_max_size":"","bundle_price":[],"bundled_items":[],"bundle_sell_ids":[230726],"atum_controlled":true,"out_stock_date":null,"out_stock_threshold":null,"inheritable":true,"stock_on_hold":1,"sold_today":0,"sales_last_days":1,"out_stock_days":0,"lost_sales":0,"update_date":"2026-04-14T08:18:23","atum_locations":[],"atum_stock_status":"instock","restock_status":false,"low_stock_amount":"","sales_update_date":"2026-04-14T08:18:23","calc_backorders":null,"group_of_quantity":0,"min_quantity":0,"max_quantity":"","exclude_order_quantity_value_rules":"no","exclude_category_quantity_rules":"no","combine_variations":"no","yoast_head":"<!-- This site is optimized with the Yoast SEO Premium plugin v26.5 (Yoast SEO v26.5) - https:\/\/yoast.com\/wordpress\/plugins\/seo\/ -->\n<title>Fortifying Frankincense Dry Shampoo | Living Libations<\/title>\n<meta name=\"description\" content=\"Fortifying Frankincense Dry Shampoo ist f\u00fcr alle Haarfarben und -typen geeignet und kann die Lebensdauer von gef\u00e4rbtem Haar verl\u00e4ngern.\" \/>\n<meta name=\"robots\" content=\"index, follow, max-snippet:-1, max-image-preview:large, max-video-preview:-1\" \/>\n<link rel=\"canonical\" href=\"https:\/\/dutchhealthstore.com\/de\/product\/fortifying-frankincense-dry-shampoo\/\" \/>\n<meta property=\"og:locale\" content=\"de_DE\" \/>\n<meta property=\"og:type\" content=\"article\" \/>\n<meta property=\"og:title\" content=\"Fortifying Frankincense Dry Shampoo - Dutch Health Store\" \/>\n<meta property=\"og:description\" content=\"Fortifying Frankincense Dry Shampoo ist f\u00fcr alle Haarfarben und -typen geeignet und kann die Lebensdauer von gef\u00e4rbtem Haar verl\u00e4ngern.\" \/>\n<meta property=\"og:url\" content=\"https:\/\/dutchhealthstore.com\/de\/product\/fortifying-frankincense-dry-shampoo\/\" \/>\n<meta property=\"og:site_name\" content=\"Dutch Health Store\" \/>\n<meta property=\"article:publisher\" content=\"https:\/\/www.instagram.com\/dutchhealthstore\/\" \/>\n<meta property=\"article:modified_time\" content=\"2026-01-08T14:17:09+00:00\" \/>\n<meta property=\"og:image\" content=\"https:\/\/dutchhealthstore.com\/wp-content\/uploads\/2020\/07\/Living-Libations-Flowers-in-Her-Hair-Dry-Shampoo-e1594036395610.jpg\" \/>\n\t<meta property=\"og:image:width\" content=\"500\" \/>\n\t<meta property=\"og:image:height\" content=\"499\" \/>\n\t<meta property=\"og:image:type\" content=\"image\/jpeg\" \/>\n<meta name=\"twitter:card\" content=\"summary_large_image\" \/>\n<meta name=\"twitter:label1\" content=\"Verf\u00fcgbarkeit\" \/>\n\t<meta name=\"twitter:data1\" content=\"Auf Lager\" \/>\n<script type=\"application\/ld+json\" class=\"yoast-schema-graph\">{\"@context\":\"https:\/\/schema.org\",\"@graph\":[{\"@type\":\"WebPage\",\"@id\":\"https:\/\/dutchhealthstore.com\/de\/product\/fortifying-frankincense-dry-shampoo\/\",\"url\":\"https:\/\/dutchhealthstore.com\/de\/product\/fortifying-frankincense-dry-shampoo\/\",\"name\":\"Fortifying Frankincense Dry Shampoo | Living Libations\",\"isPartOf\":{\"@id\":\"https:\/\/dutchhealthstore.com\/de\/#website\"},\"primaryImageOfPage\":{\"@id\":\"https:\/\/dutchhealthstore.com\/de\/product\/fortifying-frankincense-dry-shampoo\/#primaryimage\"},\"image\":{\"@id\":\"https:\/\/dutchhealthstore.com\/de\/product\/fortifying-frankincense-dry-shampoo\/#primaryimage\"},\"thumbnailUrl\":\"https:\/\/dutchhealthstore.com\/wp-content\/uploads\/2020\/07\/ll-fortifying-frankincense-dry-shampoo-beide.jpg\",\"datePublished\":\"2020-07-06T12:43:10+00:00\",\"dateModified\":\"2026-01-08T14:17:09+00:00\",\"description\":\"Fortifying Frankincense Dry Shampoo ist f\u00fcr alle Haarfarben und -typen geeignet und kann die Lebensdauer von gef\u00e4rbtem Haar verl\u00e4ngern.\",\"breadcrumb\":{\"@id\":\"https:\/\/dutchhealthstore.com\/de\/product\/fortifying-frankincense-dry-shampoo\/#breadcrumb\"},\"inLanguage\":\"de\",\"potentialAction\":[{\"@type\":\"ReadAction\",\"target\":[\"https:\/\/dutchhealthstore.com\/de\/product\/fortifying-frankincense-dry-shampoo\/\"]}]},{\"@type\":\"ImageObject\",\"inLanguage\":\"de\",\"@id\":\"https:\/\/dutchhealthstore.com\/de\/product\/fortifying-frankincense-dry-shampoo\/#primaryimage\",\"url\":\"https:\/\/dutchhealthstore.com\/wp-content\/uploads\/2020\/07\/ll-fortifying-frankincense-dry-shampoo-beide.jpg\",\"contentUrl\":\"https:\/\/dutchhealthstore.com\/wp-content\/uploads\/2020\/07\/ll-fortifying-frankincense-dry-shampoo-beide.jpg\",\"width\":530,\"height\":530,\"caption\":\"ll-fortifying-frankincense-dry-shampoo-beide\"},{\"@type\":\"BreadcrumbList\",\"@id\":\"https:\/\/dutchhealthstore.com\/de\/product\/fortifying-frankincense-dry-shampoo\/#breadcrumb\",\"itemListElement\":[{\"@type\":\"ListItem\",\"position\":1,\"name\":\"Home\",\"item\":\"https:\/\/dutchhealthstore.com\/de\/\"},{\"@type\":\"ListItem\",\"position\":2,\"name\":\"Shop\",\"item\":\"https:\/\/dutchhealthstore.com\/de\/shop-2\/\"},{\"@type\":\"ListItem\",\"position\":3,\"name\":\"Fortifying Frankincense Dry Shampoo\"}]},{\"@type\":\"WebSite\",\"@id\":\"https:\/\/dutchhealthstore.com\/de\/#website\",\"url\":\"https:\/\/dutchhealthstore.com\/de\/\",\"name\":\"Dutch Health Store\",\"description\":\"Enhance Your Beauty with Organic &amp; Natural Skincare\",\"publisher\":{\"@id\":\"https:\/\/dutchhealthstore.com\/de\/#organization\"},\"potentialAction\":[{\"@type\":\"SearchAction\",\"target\":{\"@type\":\"EntryPoint\",\"urlTemplate\":\"https:\/\/dutchhealthstore.com\/de\/?s={search_term_string}\"},\"query-input\":{\"@type\":\"PropertyValueSpecification\",\"valueRequired\":true,\"valueName\":\"search_term_string\"}}],\"inLanguage\":\"de\"},{\"@type\":\"Organization\",\"@id\":\"https:\/\/dutchhealthstore.com\/de\/#organization\",\"name\":\"Dutch Health Store\",\"url\":\"https:\/\/dutchhealthstore.com\/de\/\",\"logo\":{\"@type\":\"ImageObject\",\"inLanguage\":\"de\",\"@id\":\"https:\/\/dutchhealthstore.com\/de\/#\/schema\/logo\/image\/\",\"url\":\"https:\/\/dutchhealthstore.com\/wp-content\/uploads\/2020\/08\/logo-dutchhealthstore-jpg-e1599484957574.jpg\",\"contentUrl\":\"https:\/\/dutchhealthstore.com\/wp-content\/uploads\/2020\/08\/logo-dutchhealthstore-jpg-e1599484957574.jpg\",\"width\":400,\"height\":62,\"caption\":\"Dutch Health Store\"},\"image\":{\"@id\":\"https:\/\/dutchhealthstore.com\/de\/#\/schema\/logo\/image\/\"},\"sameAs\":[\"https:\/\/www.instagram.com\/dutchhealthstore\/\",\"https:\/\/www.facebook.com\/dutchhealthstore\"]}]}<\/script>\n<meta property=\"product:brand\" content=\"Living Libations\" \/>\n<meta property=\"og:availability\" content=\"instock\" \/>\n<meta property=\"product:availability\" content=\"instock\" \/>\n<meta property=\"product:condition\" content=\"new\" \/>\n<!-- \/ Yoast SEO Premium plugin. -->","yoast_head_json":{"title":"Fortifying Frankincense Dry Shampoo | Living Libations","description":"Fortifying Frankincense Dry Shampoo ist f\u00fcr alle Haarfarben und -typen geeignet und kann die Lebensdauer von gef\u00e4rbtem Haar verl\u00e4ngern.","robots":{"index":"index","follow":"follow","max-snippet":"max-snippet:-1","max-image-preview":"max-image-preview:large","max-video-preview":"max-video-preview:-1"},"canonical":"https:\/\/dutchhealthstore.com\/de\/product\/fortifying-frankincense-dry-shampoo\/","og_locale":"de_DE","og_type":"article","og_title":"Fortifying Frankincense Dry Shampoo - Dutch Health Store","og_description":"Fortifying Frankincense Dry Shampoo ist f\u00fcr alle Haarfarben und -typen geeignet und kann die Lebensdauer von gef\u00e4rbtem Haar verl\u00e4ngern.","og_url":"https:\/\/dutchhealthstore.com\/de\/product\/fortifying-frankincense-dry-shampoo\/","og_site_name":"Dutch Health Store","article_publisher":"https:\/\/www.instagram.com\/dutchhealthstore\/","article_modified_time":"2026-01-08T14:17:09+00:00","og_image":[{"width":500,"height":499,"url":"https:\/\/dutchhealthstore.com\/wp-content\/uploads\/2020\/07\/Living-Libations-Flowers-in-Her-Hair-Dry-Shampoo-e1594036395610.jpg","type":"image\/jpeg"}],"twitter_card":"summary_large_image","twitter_misc":{"Verf\u00fcgbarkeit":"Auf Lager"},"schema":{"@context":"https:\/\/schema.org","@graph":[{"@type":"WebPage","@id":"https:\/\/dutchhealthstore.com\/de\/product\/fortifying-frankincense-dry-shampoo\/","url":"https:\/\/dutchhealthstore.com\/de\/product\/fortifying-frankincense-dry-shampoo\/","name":"Fortifying Frankincense Dry Shampoo | Living Libations","isPartOf":{"@id":"https:\/\/dutchhealthstore.com\/de\/#website"},"primaryImageOfPage":{"@id":"https:\/\/dutchhealthstore.com\/de\/product\/fortifying-frankincense-dry-shampoo\/#primaryimage"},"image":{"@id":"https:\/\/dutchhealthstore.com\/de\/product\/fortifying-frankincense-dry-shampoo\/#primaryimage"},"thumbnailUrl":"https:\/\/dutchhealthstore.com\/wp-content\/uploads\/2020\/07\/ll-fortifying-frankincense-dry-shampoo-beide.jpg","datePublished":"2020-07-06T12:43:10+00:00","dateModified":"2026-01-08T14:17:09+00:00","description":"Fortifying Frankincense Dry Shampoo ist f\u00fcr alle Haarfarben und -typen geeignet und kann die Lebensdauer von gef\u00e4rbtem Haar verl\u00e4ngern.","breadcrumb":{"@id":"https:\/\/dutchhealthstore.com\/de\/product\/fortifying-frankincense-dry-shampoo\/#breadcrumb"},"inLanguage":"de","potentialAction":[{"@type":"ReadAction","target":["https:\/\/dutchhealthstore.com\/de\/product\/fortifying-frankincense-dry-shampoo\/"]}]},{"@type":"ImageObject","inLanguage":"de","@id":"https:\/\/dutchhealthstore.com\/de\/product\/fortifying-frankincense-dry-shampoo\/#primaryimage","url":"https:\/\/dutchhealthstore.com\/wp-content\/uploads\/2020\/07\/ll-fortifying-frankincense-dry-shampoo-beide.jpg","contentUrl":"https:\/\/dutchhealthstore.com\/wp-content\/uploads\/2020\/07\/ll-fortifying-frankincense-dry-shampoo-beide.jpg","width":530,"height":530,"caption":"ll-fortifying-frankincense-dry-shampoo-beide"},{"@type":"BreadcrumbList","@id":"https:\/\/dutchhealthstore.com\/de\/product\/fortifying-frankincense-dry-shampoo\/#breadcrumb","itemListElement":[{"@type":"ListItem","position":1,"name":"Home","item":"https:\/\/dutchhealthstore.com\/de\/"},{"@type":"ListItem","position":2,"name":"Shop","item":"https:\/\/dutchhealthstore.com\/de\/shop-2\/"},{"@type":"ListItem","position":3,"name":"Fortifying Frankincense Dry Shampoo"}]},{"@type":"WebSite","@id":"https:\/\/dutchhealthstore.com\/de\/#website","url":"https:\/\/dutchhealthstore.com\/de\/","name":"Dutch Health Store","description":"Enhance Your Beauty with Organic &amp; Natural Skincare","publisher":{"@id":"https:\/\/dutchhealthstore.com\/de\/#organization"},"potentialAction":[{"@type":"SearchAction","target":{"@type":"EntryPoint","urlTemplate":"https:\/\/dutchhealthstore.com\/de\/?s={search_term_string}"},"query-input":{"@type":"PropertyValueSpecification","valueRequired":true,"valueName":"search_term_string"}}],"inLanguage":"de"},{"@type":"Organization","@id":"https:\/\/dutchhealthstore.com\/de\/#organization","name":"Dutch Health Store","url":"https:\/\/dutchhealthstore.com\/de\/","logo":{"@type":"ImageObject","inLanguage":"de","@id":"https:\/\/dutchhealthstore.com\/de\/#\/schema\/logo\/image\/","url":"https:\/\/dutchhealthstore.com\/wp-content\/uploads\/2020\/08\/logo-dutchhealthstore-jpg-e1599484957574.jpg","contentUrl":"https:\/\/dutchhealthstore.com\/wp-content\/uploads\/2020\/08\/logo-dutchhealthstore-jpg-e1599484957574.jpg","width":400,"height":62,"caption":"Dutch Health Store"},"image":{"@id":"https:\/\/dutchhealthstore.com\/de\/#\/schema\/logo\/image\/"},"sameAs":["https:\/\/www.instagram.com\/dutchhealthstore\/","https:\/\/www.facebook.com\/dutchhealthstore"]}]},"product_brand":"Living Libations","og_availability":"instock","product_availability":"instock","product_condition":"new"},"_links":{"self":[{"href":"https:\/\/dutchhealthstore.com\/de\/wp-json\/wp\/v2\/product\/111725","targetHints":{"allow":["GET"]}}],"collection":[{"href":"https:\/\/dutchhealthstore.com\/de\/wp-json\/wp\/v2\/product"}],"about":[{"href":"https:\/\/dutchhealthstore.com\/de\/wp-json\/wp\/v2\/types\/product"}],"replies":[{"embeddable":true,"href":"https:\/\/dutchhealthstore.com\/de\/wp-json\/wp\/v2\/comments?post=111725"}],"wp:featuredmedia":[{"embeddable":true,"href":"https:\/\/dutchhealthstore.com\/de\/wp-json\/wp\/v2\/media\/300575"}],"wp:attachment":[{"href":"https:\/\/dutchhealthstore.com\/de\/wp-json\/wp\/v2\/media?parent=111725"}],"wp:term":[{"taxonomy":"product_brand","embeddable":true,"href":"https:\/\/dutchhealthstore.com\/de\/wp-json\/wp\/v2\/product_brand?post=111725"},{"taxonomy":"product_cat","embeddable":true,"href":"https:\/\/dutchhealthstore.com\/de\/wp-json\/wp\/v2\/product_cat?post=111725"},{"taxonomy":"product_tag","embeddable":true,"href":"https:\/\/dutchhealthstore.com\/de\/wp-json\/wp\/v2\/product_tag?post=111725"}],"curies":[{"name":"wp","href":"https:\/\/api.w.org\/{rel}","templated":true}]}}