{"id":111691,"date":"2020-07-06T11:57:09","date_gmt":"2020-07-06T11:57:09","guid":{"rendered":"https:\/\/dutchhealthstore.com\/product\/flowers-in-her-hair-dry-shampoo\/"},"modified":"2026-03-23T06:17:31","modified_gmt":"2026-03-23T05:17:31","slug":"flowers-in-her-hair-dry-shampoo","status":"publish","type":"product","link":"https:\/\/dutchhealthstore.com\/de\/product\/flowers-in-her-hair-dry-shampoo\/","title":{"rendered":"Flowers in Her Hair Dry Shampoo"},"content":{"rendered":"<p><img decoding=\"async\" class=\"size-full wp-image-69549 alignright\" src=\"https:\/\/dutchhealthstore.com\/wp-content\/uploads\/2019\/08\/NEW-Living-Libations-Logo.jpg\" alt=\"NEW - Living Libations - Logo\" width=\"175\" height=\"82\">Laden Sie unber\u00fchrte Bl\u00fctenbl\u00e4tter ein, Ihr Haar zu reinigen und seine nat\u00fcrliche Keckheit wiederherzustellen. Wir haben Girlanden aus pflanzlichen Stoffen zu einem wohltuenden Trockenshampoo verwoben, das \u00fcbersch\u00fcssiges \u00d6l absorbiert, trockene Schuppen vertreibt, die Kopfhaut beruhigt, den Glanz erh\u00f6ht und Ihnen Zeit spart. Sie brauchen keine Shampoo-Dusche, wenn Sie die Bl\u00fctenkraft nat\u00fcrlicher Mineralien, pflanzlicher Stoffe und \u00e4therischer \u00d6le in Ihrer Handfl\u00e4che haben. Nur zu! Verl\u00e4ngern Sie Ihre Frisur, wandern Sie die Extrameile, kommen Sie ins Schwitzen, schlafen Sie aus und vertiefen Sie Ihre Yoga-Praxis. Flowers in Her Hair Dry Shampoo gibt Ihnen mehr Zeit zum Ausruhen und Spielen im Alltag. Es ist ein Gebet auf Puderbasis f\u00fcr gl\u00e4nzende Locken \u00fcberall!<\/p>\n<p style=\"text-align: center;\"><em>&#8222;Jemand hat mir gesagt, dass es da drau\u00dfen ein M\u00e4dchen mit Liebe in den Augen und Blumen im Haar gibt&#8220;<\/em><br \/>\n~ Led Zeppelin<\/p>\n<p><strong>Flowers in Her Hair<\/strong> wirkt bei allen Haarfarben und -typen und kann die Lebensdauer von gef\u00e4rbtem Haar verl\u00e4ngern (weil weniger Shampoonieren erforderlich ist).<\/p>\n<p>Viele Trockenshampoos enthalten Polymere, Parabene, Mais-, Reis- und Aluminiumst\u00e4rke, giftiges Talkum und brennbares Isobuten, Propan und Alkohole, die das gesunde Haarwachstum hemmen, das Haar austrocknen, R\u00fcckst\u00e4nde anziehen und die Atmungsaktivit\u00e4t der Kopfhaut behindern.<\/p>\n<p>Jeder Inhaltsstoff in <strong>Flowers in Her Hair Dry Shampoo<\/strong> ist meisterhaft gemischt, um die Gesundheit und Sch\u00f6nheit der Haare zu optimieren.<br \/>\nAusgleichendes Backpulver absorbiert \u00fcbersch\u00fcssiges \u00d6l. Kaolin-Ton wirkt wie ein Magnet, der R\u00fcckst\u00e4nde anzieht und \u00d6le herausfiltert. Seidenpeptide bilden eine seidige H\u00fclle um jeden Haarfollikel, die die Feuchtigkeit einschlie\u00dft und die Str\u00e4hnen entwirrt. Flowers in Her Hair enth\u00e4lt einen duftenden Blumenkranz aus ganzen Kamillenbl\u00fcten, ganzen Lavendelbl\u00fcten, \u00e4therischem \u00d6l der r\u00f6mischen Kamille, \u00e4therischem Lavendel\u00f6l, Jasmin Sambac, Ylang Ylang und Magnolienbl\u00fcten, um die Kopfhaut zu beruhigen, trockene Str\u00e4hnen zu pflegen und sie mit s\u00fc\u00dfer Sinnlichkeit zu durchtr\u00e4nken. Pfeilwurzelpulver unterst\u00fctzt die Absorption, w\u00e4hrend unser \u00fcberkritischer konzentrierter Rosmarinextrakt auf nat\u00fcrliche Weise f\u00fcr eine Optimierung der Pflanzenkraft sorgt.<\/p>\n<h3>Instruktion<\/h3>\n<p>Geben Sie eine etwa zehn Zentimeter gro\u00dfe Menge in Ihre Handfl\u00e4che und massieren Sie sie in die Haarwurzeln ein, wobei Sie von der nat\u00fcrlichen Partie weg arbeiten. Gehen Sie von den Wurzeln zu den Spitzen. Lassen Sie das Pulver einige Minuten in Ihrem Haar einwirken, damit es die pflegenden Pflanzenstoffe aufnehmen und aktivieren kann.<br \/>\nK\u00e4mmen Sie das Haar mit einem Holzkamm oder einer Naturborstenb\u00fcrste durch, um das Shampoo gleichm\u00e4\u00dfig zu verteilen und die Kopfhaut zu stimulieren. Stylen Sie Ihr Haar wie gewohnt. Je nach Bedarf \u00fcber den Tag oder die Woche verteilt anwenden. Wenn Sie zu viel verwenden und Ihr Haar pudrig oder klumpig aussieht, fahren Sie einfach mit feuchten Fingerspitzen durch Ihr Haar.<\/p>\n<h3 class=\"yikes-custom-woo-tab-title yikes-custom-woo-tab-title-natural-organic-ingredients\">Nat\u00fcrliche\/Organische Inhaltsstoffe<\/h3>\n<p><strong>Pfeilwurzel <\/strong><em>(<\/em><em>Maranta arundinacea)<\/em> &#8211; Pfeilwurzelpulver wird aus den Rhizomen dieser tropischen Pflanze hergestellt. Es saugt den Schwei\u00df auf und sorgt f\u00fcr weiche, glatte Haut zwischen den Haarfollikeln und seidige Str\u00e4hnen.<\/p>\n<p><strong>Kaolin-Ton <\/strong><em>(Kaolinit<\/em>)<strong> <\/strong>&#8211; Diese kiesels\u00e4urereiche Tonerde ist ein altes Haar- und Hautpr\u00e4parat, das verwendet wird, um R\u00fcckst\u00e4nde und Unreinheiten zu entfernen. Es ist ausgleichend und n\u00e4hrend f\u00fcr trockene Haut und hilft der Kopfhaut, den optimalen Fettgehalt zu erhalten, w\u00e4hrend es \u00fcbersch\u00fcssiges Haar\u00f6l absorbiert.<\/p>\n<p><strong>Seidenpeptide &#8211; <\/strong>Seidenpeptide sind reines Seidenprotein in Pulverform. Leichte Seidenpeptide bilden einen elastischen Mantel um jede Haarstr\u00e4hne und bieten Schutz und Glanz. Seidenpeptide verbessern au\u00dferdem die Elastizit\u00e4t und die Entwirrung.<\/p>\n<p><strong>Antioxidantienextrakt aus Rosmarin <\/strong><em>(<\/em><em>Rosmarinus<\/em><em>officinalis, CO2) &#8211; <\/em>Rosmarinextrakt ist ein nat\u00fcrliches Konservierungsmittel, das auch mit botanischen Vorteilen f\u00fcr Ihre M\u00e4hne aufwartet. Durch spezielle superkritische Extraktion hergestellt, belebt Rosmarin schlaffe Haarstr\u00e4hnen, erfrischt die Kopfhaut und verleiht Volumen.<\/p>\n<p><strong>Backpulver <\/strong><em>(Natriumbicarbonat) &#8211; <\/em>Natriumbicarbonat ist ein nat\u00fcrliches Reinigungsmittel, das hilft, Schmutz, Unreinheiten und Produktablagerungen von Haar und Kopfhaut zu entfernen. Es verhindert, dass das Haar fettig aussieht, indem es \u00fcbersch\u00fcssiges \u00d6l an den Haarfollikeln und im gesamten Haar absorbiert.<\/p>\n<p><strong>Probiotika<\/strong><em> (L. Plantarum, B. bifidum, B. longum)<\/em> &#8211; Probiotika k\u00f6nnen bei innerer Einnahme und \u00e4u\u00dferlicher Anwendung die Trockenheit der Kopfhaut verbessern. Dieser probiotische Stamm hat eine nachgewiesene Haltbarkeit von zwei Jahren ohne K\u00fchlung und ist vegan, glutenfrei und milchfrei.<\/p>\n<p><strong>Kamillenbl\u00fcten <\/strong><em>(<\/em><em>Anthemis nobilis) &#8211; <\/em>Die Bl\u00fctenbl\u00e4tter der beruhigenden Kamillenbl\u00fcten duften die Follikel und nehmen \u00fcbersch\u00fcssige Feuchtigkeit auf.<\/p>\n<p><strong>Lavendelbl\u00fcten <\/strong><em>(<\/em><em>Lavendula officinalis) &#8211;<strong> <\/strong><\/em>Diese duftenden violetten Bl\u00fctenbl\u00e4tter, die zu einem Pulver gepresst werden, salben Ihr Haar mit der beruhigenden, lindernden Essenz des reinen franz\u00f6sischen Lavendels.<\/p>\n<p><strong>Jasmine Sambac <\/strong><em>(Jasmine Sambac)<\/em> &#8211; \u00d6ffnen Sie Ihr Herz und Ihren Kopf f\u00fcr den schw\u00fclen Duft der tropischen D\u00e4mmerung von Jasminbl\u00fcten, die sich in der Nacht entfalten. Saftig und fr\u00f6hlich, die aromatischen Wunder des Jasmin Sambac sind ein verf\u00fchrerischer Duft, der das Selbstvertrauen und das Gef\u00fchl der Sinnlichkeit steigert.<\/p>\n<p><strong>Ylang <\/strong><em>(<\/em><em>Cananga odorata)<\/em> <em>&#8211; <\/em>Lovely Ylang ist ein verliebtes, ausgleichendes \u00d6l, das die Haut bei ihrer Suche nach der perfekten Menge an Feuchtigkeit unterst\u00fctzt. Fettige Haare und trockene Kopfhaut profitieren gleicherma\u00dfen von der harmonischen Wirkung von Ylang Ylang auf den Fettgehalt. Wenn die Kopfhaut die perfekte Menge an \u00d6l produziert, ist das Haar gl\u00e4nzend und mit Feuchtigkeit versorgt &#8211; und nicht fettig.<\/p>\n<p><strong>Magnolia Blossom <\/strong><em>(Michelia champaca)<\/em> &#8211; Magnolienbl\u00fcten verstr\u00f6men das s\u00fc\u00df duftende Geschenk des indischen Magnolienbaums mit seinen pr\u00e4chtigen wei\u00dfen Bl\u00fctenknospen. Die Magnolienbl\u00fcten, die von den indischen Frauen seit Tausenden von Jahren im Haar getragen werden, sind euphorisch in ihrem Aroma und verstr\u00f6men den Duft der Weiblichkeit.<\/p>\n<p><strong>Kamille <\/strong><em>(Anthemis nobilis<\/em>) &#8211;<strong> <\/strong>Diese Gattung der Kamille ist ein Balsam der Ruhe f\u00fcr Ihre Haarpflege. Synthetisch beanspruchte Haare und trockene Kopfhaut werden die beruhigende Wirkung der Kamille zu sch\u00e4tzen wissen.<\/p>\n<p><strong>Alpenlavendel <\/strong><em>(<\/em><em>Lavandula angustifolia<\/em> ) &#8211; Dieser Hochgebirgslavendel ist ein wunderbares Schlafmittel f\u00fcr Kopf, Haar und Kopfhaut. Der entspannende und aromatische Alpenlavendel ist ein wirksames Mittel zur Beruhigung und Gl\u00e4ttung von Haut, Kopfhaut und Haar.<\/p>\n<p><img fetchpriority=\"high\" decoding=\"async\" class=\"size-medium wp-image-68103 aligncenter\" src=\"https:\/\/dutchhealthstore.com\/wp-content\/uploads\/2018\/02\/Living-Libations-Organic-Logo-800x89.png\" alt=\"Living Libations - Organic Logo\" width=\"800\" height=\"89\" srcset=\"https:\/\/dutchhealthstore.com\/wp-content\/uploads\/2018\/02\/Living-Libations-Organic-Logo-800x89.png 800w, https:\/\/dutchhealthstore.com\/wp-content\/uploads\/2018\/02\/Living-Libations-Organic-Logo-510x57.png 510w, https:\/\/dutchhealthstore.com\/wp-content\/uploads\/2018\/02\/Living-Libations-Organic-Logo-768x85.png 768w, https:\/\/dutchhealthstore.com\/wp-content\/uploads\/2018\/02\/Living-Libations-Organic-Logo.png 1400w\" sizes=\"(max-width: 800px) 100vw, 800px\" \/><\/p>\n","protected":false},"excerpt":{"rendered":"<p>Wenn leuchtende Locken ein Lifting brauchen, schenkt Living Libations <strong>Flowers<\/strong><strong> in Her Hair <\/strong><strong>Dry<\/strong><strong> Shampoo <\/strong>Duft und Anmut! Vergessen Sie nasses Haar und genie\u00dfen Sie die Leichtigkeit der Trockenshampoonierung von \u00fcberall aus<b>.<\/b><\/p>\n","protected":false},"featured_media":49274,"comment_status":"open","ping_status":"closed","template":"","meta":[],"product_brand":[],"product_cat":[1513,8580,1032,1493,1210,511,8581,1961],"product_tag":[10172,21809,21514,4226,21558],"class_list":{"0":"post-111691","1":"product","2":"type-product","3":"status-publish","4":"has-post-thumbnail","6":"product_cat-haarpflege-living-libations","7":"product_cat-hair-de","8":"product_cat-kategorien","9":"product_cat-living-libations-deutschland","10":"product_cat-marken","11":"product_cat-produkte","12":"product_cat-shampoo-de-2","13":"product_cat-shampoo-conditioner","14":"product_tag-hair-de","15":"product_tag-natural-de","16":"product_tag-scalp-care-de","17":"product_tag-shampoo-de","18":"product_tag-volume","19":"pa_brand-livinglibations-de","20":"pa_gtin-7439657385360-de","21":"pa_haircare-productype-shampoo-de","22":"pa_size-30-ml-de","23":"pa_size-50-ml-de","25":"first","26":"instock","27":"taxable","28":"shipping-taxable","29":"purchasable","30":"product-type-variable"},"bundled_by":[],"bundle_stock_status":"instock","bundle_stock_quantity":null,"bundle_virtual":false,"bundle_layout":"","bundle_add_to_cart_form_location":"","bundle_editable_in_cart":false,"bundle_sold_individually_context":"","bundle_item_grouping":"","bundle_min_size":"","bundle_max_size":"","bundle_price":[],"bundled_items":[],"bundle_sell_ids":[226551],"atum_controlled":true,"out_stock_date":null,"out_stock_threshold":null,"inheritable":true,"stock_on_hold":0,"sold_today":0,"sales_last_days":0,"out_stock_days":0,"lost_sales":0,"update_date":"2026-04-10T00:01:38","atum_locations":[],"atum_stock_status":"instock","restock_status":false,"low_stock_amount":"","sales_update_date":"2026-04-10T00:01:38","calc_backorders":null,"group_of_quantity":0,"min_quantity":0,"max_quantity":"","exclude_order_quantity_value_rules":"no","exclude_category_quantity_rules":"no","combine_variations":"no","yoast_head":"<!-- This site is optimized with the Yoast SEO Premium plugin v26.5 (Yoast SEO v26.5) - https:\/\/yoast.com\/wordpress\/plugins\/seo\/ -->\n<title>Flowers in Her Hair Dry Shampoo | Living Libations<\/title>\n<meta name=\"description\" content=\"Wenn leuchtende Locken ein Lifting brauchen, schenkt Living Libations Flowers in Her Hair Dry Shampoo Duft und Anmut!\" \/>\n<meta name=\"robots\" content=\"index, follow, max-snippet:-1, max-image-preview:large, max-video-preview:-1\" \/>\n<link rel=\"canonical\" href=\"https:\/\/dutchhealthstore.com\/de\/product\/flowers-in-her-hair-dry-shampoo\/\" \/>\n<meta property=\"og:locale\" content=\"de_DE\" \/>\n<meta property=\"og:type\" content=\"article\" \/>\n<meta property=\"og:title\" content=\"Flowers in Her Hair Dry Shampoo - Dutch Health Store\" \/>\n<meta property=\"og:description\" content=\"Wenn leuchtende Locken ein Lifting brauchen, schenkt Living Libations Flowers in Her Hair Dry Shampoo Duft und Anmut!\" \/>\n<meta property=\"og:url\" content=\"https:\/\/dutchhealthstore.com\/de\/product\/flowers-in-her-hair-dry-shampoo\/\" \/>\n<meta property=\"og:site_name\" content=\"Dutch Health Store\" \/>\n<meta property=\"article:publisher\" content=\"https:\/\/www.instagram.com\/dutchhealthstore\/\" \/>\n<meta property=\"article:modified_time\" content=\"2026-03-23T05:17:31+00:00\" \/>\n<meta property=\"og:image\" content=\"https:\/\/dutchhealthstore.com\/wp-content\/uploads\/2020\/07\/Living-Libations-Flowers-in-Her-Hair-Dry-Shampoo..-e1594036368948.jpg\" \/>\n\t<meta property=\"og:image:width\" content=\"500\" \/>\n\t<meta property=\"og:image:height\" content=\"501\" \/>\n\t<meta property=\"og:image:type\" content=\"image\/jpeg\" \/>\n<meta name=\"twitter:card\" content=\"summary_large_image\" \/>\n<meta name=\"twitter:label1\" content=\"Verf\u00fcgbarkeit\" \/>\n\t<meta name=\"twitter:data1\" content=\"Auf Lager\" \/>\n<script type=\"application\/ld+json\" class=\"yoast-schema-graph\">{\"@context\":\"https:\/\/schema.org\",\"@graph\":[{\"@type\":\"WebPage\",\"@id\":\"https:\/\/dutchhealthstore.com\/de\/product\/flowers-in-her-hair-dry-shampoo\/\",\"url\":\"https:\/\/dutchhealthstore.com\/de\/product\/flowers-in-her-hair-dry-shampoo\/\",\"name\":\"Flowers in Her Hair Dry Shampoo | Living Libations\",\"isPartOf\":{\"@id\":\"https:\/\/dutchhealthstore.com\/de\/#website\"},\"primaryImageOfPage\":{\"@id\":\"https:\/\/dutchhealthstore.com\/de\/product\/flowers-in-her-hair-dry-shampoo\/#primaryimage\"},\"image\":{\"@id\":\"https:\/\/dutchhealthstore.com\/de\/product\/flowers-in-her-hair-dry-shampoo\/#primaryimage\"},\"thumbnailUrl\":\"https:\/\/dutchhealthstore.com\/wp-content\/uploads\/2018\/02\/Living-Libations-Flowers-In-Her-Hair-Dry-Shampoo-001.jpg\",\"datePublished\":\"2020-07-06T11:57:09+00:00\",\"dateModified\":\"2026-03-23T05:17:31+00:00\",\"description\":\"Wenn leuchtende Locken ein Lifting brauchen, schenkt Living Libations Flowers in Her Hair Dry Shampoo Duft und Anmut!\",\"breadcrumb\":{\"@id\":\"https:\/\/dutchhealthstore.com\/de\/product\/flowers-in-her-hair-dry-shampoo\/#breadcrumb\"},\"inLanguage\":\"de\",\"potentialAction\":[{\"@type\":\"ReadAction\",\"target\":[\"https:\/\/dutchhealthstore.com\/de\/product\/flowers-in-her-hair-dry-shampoo\/\"]}]},{\"@type\":\"ImageObject\",\"inLanguage\":\"de\",\"@id\":\"https:\/\/dutchhealthstore.com\/de\/product\/flowers-in-her-hair-dry-shampoo\/#primaryimage\",\"url\":\"https:\/\/dutchhealthstore.com\/wp-content\/uploads\/2018\/02\/Living-Libations-Flowers-In-Her-Hair-Dry-Shampoo-001.jpg\",\"contentUrl\":\"https:\/\/dutchhealthstore.com\/wp-content\/uploads\/2018\/02\/Living-Libations-Flowers-In-Her-Hair-Dry-Shampoo-001.jpg\",\"width\":1199,\"height\":1200,\"caption\":\"Living Libations - Flowers In Her Hair Dry Shampoo\"},{\"@type\":\"BreadcrumbList\",\"@id\":\"https:\/\/dutchhealthstore.com\/de\/product\/flowers-in-her-hair-dry-shampoo\/#breadcrumb\",\"itemListElement\":[{\"@type\":\"ListItem\",\"position\":1,\"name\":\"Home\",\"item\":\"https:\/\/dutchhealthstore.com\/de\/\"},{\"@type\":\"ListItem\",\"position\":2,\"name\":\"Shop\",\"item\":\"https:\/\/dutchhealthstore.com\/de\/shop-2\/\"},{\"@type\":\"ListItem\",\"position\":3,\"name\":\"Flowers in Her Hair Dry Shampoo\"}]},{\"@type\":\"WebSite\",\"@id\":\"https:\/\/dutchhealthstore.com\/de\/#website\",\"url\":\"https:\/\/dutchhealthstore.com\/de\/\",\"name\":\"Dutch Health Store\",\"description\":\"Enhance Your Beauty with Organic &amp; Natural Skincare\",\"publisher\":{\"@id\":\"https:\/\/dutchhealthstore.com\/de\/#organization\"},\"potentialAction\":[{\"@type\":\"SearchAction\",\"target\":{\"@type\":\"EntryPoint\",\"urlTemplate\":\"https:\/\/dutchhealthstore.com\/de\/?s={search_term_string}\"},\"query-input\":{\"@type\":\"PropertyValueSpecification\",\"valueRequired\":true,\"valueName\":\"search_term_string\"}}],\"inLanguage\":\"de\"},{\"@type\":\"Organization\",\"@id\":\"https:\/\/dutchhealthstore.com\/de\/#organization\",\"name\":\"Dutch Health Store\",\"url\":\"https:\/\/dutchhealthstore.com\/de\/\",\"logo\":{\"@type\":\"ImageObject\",\"inLanguage\":\"de\",\"@id\":\"https:\/\/dutchhealthstore.com\/de\/#\/schema\/logo\/image\/\",\"url\":\"https:\/\/dutchhealthstore.com\/wp-content\/uploads\/2020\/08\/logo-dutchhealthstore-jpg-e1599484957574.jpg\",\"contentUrl\":\"https:\/\/dutchhealthstore.com\/wp-content\/uploads\/2020\/08\/logo-dutchhealthstore-jpg-e1599484957574.jpg\",\"width\":400,\"height\":62,\"caption\":\"Dutch Health Store\"},\"image\":{\"@id\":\"https:\/\/dutchhealthstore.com\/de\/#\/schema\/logo\/image\/\"},\"sameAs\":[\"https:\/\/www.instagram.com\/dutchhealthstore\/\",\"https:\/\/www.facebook.com\/dutchhealthstore\"]}]}<\/script>\n<meta property=\"product:brand\" content=\"Living Libations\" \/>\n<meta property=\"og:availability\" content=\"instock\" \/>\n<meta property=\"product:availability\" content=\"instock\" \/>\n<meta property=\"product:condition\" content=\"new\" \/>\n<!-- \/ Yoast SEO Premium plugin. -->","yoast_head_json":{"title":"Flowers in Her Hair Dry Shampoo | Living Libations","description":"Wenn leuchtende Locken ein Lifting brauchen, schenkt Living Libations Flowers in Her Hair Dry Shampoo Duft und Anmut!","robots":{"index":"index","follow":"follow","max-snippet":"max-snippet:-1","max-image-preview":"max-image-preview:large","max-video-preview":"max-video-preview:-1"},"canonical":"https:\/\/dutchhealthstore.com\/de\/product\/flowers-in-her-hair-dry-shampoo\/","og_locale":"de_DE","og_type":"article","og_title":"Flowers in Her Hair Dry Shampoo - Dutch Health Store","og_description":"Wenn leuchtende Locken ein Lifting brauchen, schenkt Living Libations Flowers in Her Hair Dry Shampoo Duft und Anmut!","og_url":"https:\/\/dutchhealthstore.com\/de\/product\/flowers-in-her-hair-dry-shampoo\/","og_site_name":"Dutch Health Store","article_publisher":"https:\/\/www.instagram.com\/dutchhealthstore\/","article_modified_time":"2026-03-23T05:17:31+00:00","og_image":[{"width":500,"height":501,"url":"https:\/\/dutchhealthstore.com\/wp-content\/uploads\/2020\/07\/Living-Libations-Flowers-in-Her-Hair-Dry-Shampoo..-e1594036368948.jpg","type":"image\/jpeg"}],"twitter_card":"summary_large_image","twitter_misc":{"Verf\u00fcgbarkeit":"Auf Lager"},"schema":{"@context":"https:\/\/schema.org","@graph":[{"@type":"WebPage","@id":"https:\/\/dutchhealthstore.com\/de\/product\/flowers-in-her-hair-dry-shampoo\/","url":"https:\/\/dutchhealthstore.com\/de\/product\/flowers-in-her-hair-dry-shampoo\/","name":"Flowers in Her Hair Dry Shampoo | Living Libations","isPartOf":{"@id":"https:\/\/dutchhealthstore.com\/de\/#website"},"primaryImageOfPage":{"@id":"https:\/\/dutchhealthstore.com\/de\/product\/flowers-in-her-hair-dry-shampoo\/#primaryimage"},"image":{"@id":"https:\/\/dutchhealthstore.com\/de\/product\/flowers-in-her-hair-dry-shampoo\/#primaryimage"},"thumbnailUrl":"https:\/\/dutchhealthstore.com\/wp-content\/uploads\/2018\/02\/Living-Libations-Flowers-In-Her-Hair-Dry-Shampoo-001.jpg","datePublished":"2020-07-06T11:57:09+00:00","dateModified":"2026-03-23T05:17:31+00:00","description":"Wenn leuchtende Locken ein Lifting brauchen, schenkt Living Libations Flowers in Her Hair Dry Shampoo Duft und Anmut!","breadcrumb":{"@id":"https:\/\/dutchhealthstore.com\/de\/product\/flowers-in-her-hair-dry-shampoo\/#breadcrumb"},"inLanguage":"de","potentialAction":[{"@type":"ReadAction","target":["https:\/\/dutchhealthstore.com\/de\/product\/flowers-in-her-hair-dry-shampoo\/"]}]},{"@type":"ImageObject","inLanguage":"de","@id":"https:\/\/dutchhealthstore.com\/de\/product\/flowers-in-her-hair-dry-shampoo\/#primaryimage","url":"https:\/\/dutchhealthstore.com\/wp-content\/uploads\/2018\/02\/Living-Libations-Flowers-In-Her-Hair-Dry-Shampoo-001.jpg","contentUrl":"https:\/\/dutchhealthstore.com\/wp-content\/uploads\/2018\/02\/Living-Libations-Flowers-In-Her-Hair-Dry-Shampoo-001.jpg","width":1199,"height":1200,"caption":"Living Libations - Flowers In Her Hair Dry Shampoo"},{"@type":"BreadcrumbList","@id":"https:\/\/dutchhealthstore.com\/de\/product\/flowers-in-her-hair-dry-shampoo\/#breadcrumb","itemListElement":[{"@type":"ListItem","position":1,"name":"Home","item":"https:\/\/dutchhealthstore.com\/de\/"},{"@type":"ListItem","position":2,"name":"Shop","item":"https:\/\/dutchhealthstore.com\/de\/shop-2\/"},{"@type":"ListItem","position":3,"name":"Flowers in Her Hair Dry Shampoo"}]},{"@type":"WebSite","@id":"https:\/\/dutchhealthstore.com\/de\/#website","url":"https:\/\/dutchhealthstore.com\/de\/","name":"Dutch Health Store","description":"Enhance Your Beauty with Organic &amp; Natural Skincare","publisher":{"@id":"https:\/\/dutchhealthstore.com\/de\/#organization"},"potentialAction":[{"@type":"SearchAction","target":{"@type":"EntryPoint","urlTemplate":"https:\/\/dutchhealthstore.com\/de\/?s={search_term_string}"},"query-input":{"@type":"PropertyValueSpecification","valueRequired":true,"valueName":"search_term_string"}}],"inLanguage":"de"},{"@type":"Organization","@id":"https:\/\/dutchhealthstore.com\/de\/#organization","name":"Dutch Health Store","url":"https:\/\/dutchhealthstore.com\/de\/","logo":{"@type":"ImageObject","inLanguage":"de","@id":"https:\/\/dutchhealthstore.com\/de\/#\/schema\/logo\/image\/","url":"https:\/\/dutchhealthstore.com\/wp-content\/uploads\/2020\/08\/logo-dutchhealthstore-jpg-e1599484957574.jpg","contentUrl":"https:\/\/dutchhealthstore.com\/wp-content\/uploads\/2020\/08\/logo-dutchhealthstore-jpg-e1599484957574.jpg","width":400,"height":62,"caption":"Dutch Health Store"},"image":{"@id":"https:\/\/dutchhealthstore.com\/de\/#\/schema\/logo\/image\/"},"sameAs":["https:\/\/www.instagram.com\/dutchhealthstore\/","https:\/\/www.facebook.com\/dutchhealthstore"]}]},"product_brand":"Living Libations","og_availability":"instock","product_availability":"instock","product_condition":"new"},"_links":{"self":[{"href":"https:\/\/dutchhealthstore.com\/de\/wp-json\/wp\/v2\/product\/111691","targetHints":{"allow":["GET"]}}],"collection":[{"href":"https:\/\/dutchhealthstore.com\/de\/wp-json\/wp\/v2\/product"}],"about":[{"href":"https:\/\/dutchhealthstore.com\/de\/wp-json\/wp\/v2\/types\/product"}],"replies":[{"embeddable":true,"href":"https:\/\/dutchhealthstore.com\/de\/wp-json\/wp\/v2\/comments?post=111691"}],"wp:featuredmedia":[{"embeddable":true,"href":"https:\/\/dutchhealthstore.com\/de\/wp-json\/wp\/v2\/media\/49274"}],"wp:attachment":[{"href":"https:\/\/dutchhealthstore.com\/de\/wp-json\/wp\/v2\/media?parent=111691"}],"wp:term":[{"taxonomy":"product_brand","embeddable":true,"href":"https:\/\/dutchhealthstore.com\/de\/wp-json\/wp\/v2\/product_brand?post=111691"},{"taxonomy":"product_cat","embeddable":true,"href":"https:\/\/dutchhealthstore.com\/de\/wp-json\/wp\/v2\/product_cat?post=111691"},{"taxonomy":"product_tag","embeddable":true,"href":"https:\/\/dutchhealthstore.com\/de\/wp-json\/wp\/v2\/product_tag?post=111691"}],"curies":[{"name":"wp","href":"https:\/\/api.w.org\/{rel}","templated":true}]}}