{"id":111482,"date":"2020-07-06T11:11:06","date_gmt":"2020-07-06T11:11:06","guid":{"rendered":"https:\/\/dutchhealthstore.com\/product\/honey-myrtle-deep-conditioning-mask\/"},"modified":"2026-03-26T13:58:06","modified_gmt":"2026-03-26T12:58:06","slug":"honey-myrtle-deep-conditioning-mask","status":"publish","type":"product","link":"https:\/\/dutchhealthstore.com\/de\/product\/honey-myrtle-deep-conditioning-mask\/","title":{"rendered":"Honey Myrtle Deep Conditioning Mask"},"content":{"rendered":"<p><img decoding=\"async\" class=\"size-full wp-image-69549 alignright\" src=\"https:\/\/dutchhealthstore.com\/wp-content\/uploads\/2019\/08\/NEW-Living-Libations-Logo.jpg\" alt=\"NEW - Living Libations - Logo\" width=\"175\" height=\"82\">Salben Sie den Heiligenschein Ihres Haares mit dieser g\u00f6ttlichen Tiefenpflege und erleben Sie neue Elastizit\u00e4t, Widerstandsf\u00e4higkeit und Glanz.<\/p>\n<h3>Instruktion<\/h3>\n<p>Schnellsp\u00fclung: nach dem Shampoonieren auftragen und so lange wie m\u00f6glich einwirken lassen. Haarmaske zum Auftragen: nach der Haarw\u00e4sche auftragen und 15 Minuten lang mit einer Duschhaube oder einem Handtuch bedeckt einwirken lassen oder \u00fcber Nacht einwirken lassen und morgens aussp\u00fclen. Einmal pro Woche oder einmal im Monat als Maske auftragen. Stylingmittel; jederzeit auf die Haarstr\u00e4hnen und -spitzen auftragen f\u00fcr duftende, geschmeidige Locken.<\/p>\n<p>Unsere<strong> Honey Myrtle Deep Conditioning Mask<\/strong> ist eine dickfl\u00fcssige Umarmung f\u00fcr Ihre baldigen \u00fcppigen Locken. Dieses liebevoll zusammengestellte Rezept mit nat\u00fcrlichen, organischen und ausgleichenden Inhaltsstoffen hilft Ihrem Haar, in seinen nat\u00fcrlichen Zustand zur\u00fcckzukehren: gest\u00e4rkt, gen\u00e4hrt und vor Umweltbelastungen gesch\u00fctzt.<\/p>\n<h3 class=\"yikes-custom-woo-tab-title yikes-custom-woo-tab-title-natural-organic-ingredients\">Nat\u00fcrliche\/Organische Inhaltsstoffe<\/h3>\n<p><strong>Kokosnuss<\/strong><em> (Cocos nucifera)<\/em> &#8211; Unser reines, naturbelassenes Kokosnuss\u00f6l s\u00e4ttigt die Haut und spendet ihr Feuchtigkeit und Elastizit\u00e4t. Kokosnuss\u00f6l gl\u00e4ttet feine Linien und F\u00e4ltchen und sch\u00fctzt die Feuchtigkeitsbarriere der Haut.<\/p>\n<p><strong>Jojoba<\/strong> <em>(Simmondsia chinensis)<\/em> &#8211; Herrliches, goldenes Jojoba n\u00e4hrt und pflegt durstiges Haar Jojoba hat die unvergleichliche F\u00e4higkeit, das Haar mit Feuchtigkeit zu versorgen und die \u00d6lproduktion auszugleichen. Es ist vollgepackt mit Peptiden und Lipiden und enth\u00e4lt den h\u00f6chsten Gehalt an phenolischen Verbindungen, die in der Natur vorkommen, sowie Antioxidantien und alle l\u00f6slichen Formen von Vitamin E!<\/p>\n<p><strong>Aloe Vera<\/strong><em> (Aloe barbadenis)<\/em> &#8211; Aloe ist ein botanisches Juwel aus der W\u00fcste, das f\u00fcr einen ausgeglichenen Feuchtigkeitshaushalt sorgt und gesundes Haar f\u00f6rdert. Es zieht leicht in das Haar und die Haut ein und harmonisiert fettiges Haar und spendet trockenem Haar Feuchtigkeit. Es gl\u00e4ttet die Haarkutikula und bildet eine unsichtbare, \u00fcppige Schicht auf der Oberfl\u00e4che jeder Haarstr\u00e4hne, die hilft, Feuchtigkeit und N\u00e4hrstoffe zu speichern.<\/p>\n<p><strong>Sorbitan Olivate<\/strong> &#8211; Dieser nat\u00fcrliche Emulgator aus Oliven\u00f6l wird verwendet, um Wasserverluste zu verhindern und so dem Haar zu helfen, seinen nat\u00fcrlichen Feuchtigkeitsgehalt zu bewahren. Es ist hypoallergen, PEG-frei und soll die Art und Weise, wie das Haar seine Feuchtigkeit auf nat\u00fcrliche Weise erh\u00e4lt, biologisch imitieren.<\/p>\n<p><strong>Sanddorn<\/strong><em> (Hippophae rhamnoides)<\/em> &#8211; Der lateinische Name des Sanddornstrauchs bedeutet &#8222;Baum, der die Pferde zum Gl\u00e4nzen bringt&#8220; und bezieht sich auf die Vorteile der Beeren, die Pferde gesund und gl\u00e4nzend machen. Unser Sanddornbeeren\u00f6l ist ein superkritischer Extrakt mit einer Affinit\u00e4t zu kr\u00e4ftigen, gl\u00e4nzenden und strahlenden Locken.<\/p>\n<p><strong>Blasentang<\/strong><em> (Fucus vesiculosus)<\/em> &#8211; Trockenes, durstiges Haar wird sich \u00fcber die Vitamine, Mineralien und Fetts\u00e4uren freuen, die in unserem wild geernteten Seetang-Extrakt enthalten sind. Meeresalgen sollen die Mineralisierung verbessern, die Haardicke erh\u00f6hen und gesch\u00e4digtes Haar bei der Reparatur unterst\u00fctzen.<\/p>\n<p><strong>Huflattich<\/strong> <em>(Tussilago farfara)<\/em> &#8211; Huflattich enth\u00e4lt einen hohen Gehalt an Mineralien und Aminos\u00e4uren, die das Haar und die Kopfhaut n\u00e4hren, darunter Kiesels\u00e4ure, Schwefel und Cystein. Diese Elemente sollen ein gesundes Haarwachstum f\u00f6rdern, das Haar st\u00e4rken, Haarbruch verhindern, die Elastizit\u00e4t erh\u00f6hen und Ablagerungen verhindern.<\/p>\n<p><strong>Rosskastanie<\/strong> <em>(Aesculus hippocastanum)<\/em> &#8211; Die Rosskastanie lindert heftige R\u00f6tungen bei trockener, juckender Kopfhaut.<\/p>\n<p><strong>Haferstroh<\/strong> <em>(Avena sativa)<\/em> &#8211; Hafer enth\u00e4lt von Natur aus Beta-Glucan, eine Verbindung, die dazu beitr\u00e4gt, die Feuchtigkeit in Haar und Kopfhaut zu speichern. Haferstroh ist glutenfrei.<\/p>\n<p><strong>Schachtelhalm<\/strong> <em>(Equisetum arvense)<\/em> &#8211; Schachtelhalm unterst\u00fctzt gesunde Haarstr\u00e4hnen<\/p>\n<p><strong>Brennnessel<\/strong><em> (Urtica dioica)<\/em> &#8211; Die Brennnessel ist ein altes pflanzliches Mittel gegen dickes Haar.<\/p>\n<p><strong>Wilde Hagebutten<\/strong><em> (Rosa Canina)<\/em> &#8211; Hagebutten sind feuchtigkeitsspendend f\u00fcr Haar und Kopfhaut und k\u00f6nnen zur Entfernung trockener Schuppen verwendet werden. Aufgrund der in den Hagebutten enthaltenen Omega-Fetts\u00e4uren und Vitamine wird das \u00d6l h\u00e4ufig zur Pflege von trockenem, spr\u00f6dem Haar verwendet. Hagebutten\u00f6l enth\u00e4lt Retinol, Omega 6 und 9, Lycopin, Beta-Carotin und nat\u00fcrliches Vitamin C.<\/p>\n<p><strong>Honigmyrte<\/strong><em> (Melaleuca uncinata)<\/em> &#8211; Die harmonische Honigmyrte wird zum Schutz von Haar und Kopfhaut verwendet. Sein Duft ist belebend und vermittelt ein Gef\u00fchl des Wohlbefindens.<\/p>\n<p><strong>Jasmine Grandiflorum<\/strong> <em>(Jasminum grandiflorum)<\/em> &#8211; Der Duft des saftigen Jasmins verleiht dieser Pflegesp\u00fclung berauschende Aromen, die Ihren Kopf salben. Dieses zart duftende \u00d6l ist ein altes indisches Heilmittel; die aromatischen Wunder des Jasmin Sambac sind ein verf\u00fchrerischer Duft, der das Selbstvertrauen und das Gef\u00fchl der Sinnlichkeit steigert.<\/p>\n<p><strong>Sandelholz<\/strong> <em>(Santalum album)<\/em> &#8211; Dem kostbaren Sandelholz\u00f6l wird nachgesagt, dass es trockene Kopfhaut beruhigt, dem Haar Feuchtigkeit spendet und den Locken einen \u00fcppigen Glanz verleiht. Sandelholz ist ein uralter Bestandteil der Haarpflege und wird von Indien bis Tahiti reichlich verwendet, um das Haar so glatt und gl\u00e4nzend wie m\u00f6glich zu machen.<\/p>\n<p><strong>Calendula<\/strong><em> (Calendula officinalis<\/em> ) &#8211; Dieser k\u00fchne Extrakt macht sich die Bl\u00fctenkraft der Ringelblumenbl\u00fcten zunutze, um das Haar zu seiner vollen Bl\u00fcte zu bringen.<\/p>\n<p><strong>Zitrone<\/strong> <em>(Citrus limon)<\/em> &#8211; Die k\u00f6stliche Zitrone kl\u00e4rt, belebt und reinigt die Haut von Kopf bis Fu\u00df. Es ist ein wunderbares Allround-Haartonikum; es soll das Haar st\u00e4rken und ihm mehr Glanz verleihen. Das Aroma ist erhebend und belebend.<\/p>\n<p><strong>Ylang<\/strong> <em>(Cananga odorata)<\/em> &#8211; Das luxuri\u00f6se Ylang verleiht dieser Pflegesp\u00fclung ein verlockendes tropisches Aroma und ist ein ausgleichendes \u00d6l, das die Haut bei ihrer Suche nach der perfekten Menge an Feuchtigkeit unterst\u00fctzt. Fettige Haare und trockene Kopfhaut profitieren gleicherma\u00dfen von der harmonischen Wirkung von Ylang Ylang auf den Fettgehalt. Wenn die Kopfhaut die perfekte Menge an \u00d6l produziert, ist das Haar gl\u00e4nzend und mit Feuchtigkeit versorgt &#8211; und nicht fettig.<\/p>\n<p><strong>Salbei + Rosmarin<\/strong><em> (Salvia officinalis + Rosmarintus officinalis)<\/em> &#8211; Diese voll duftende Symphonie aus Salbei- und Rosmarinextrakten bietet starke Vorteile f\u00fcr Haar und Haut und bewahrt die Frische dieser Sp\u00fclung. Diese hochwirksamen superkritischen Extrakte sind konzentrierte Verbindungen, die wie ein regenerierendes Tonikum f\u00fcr Haarstr\u00e4hnen und Kopfhaut wirken.<\/p>\n<p><img fetchpriority=\"high\" decoding=\"async\" class=\"size-medium wp-image-68103 aligncenter\" src=\"https:\/\/dutchhealthstore.com\/wp-content\/uploads\/2018\/02\/Living-Libations-Organic-Logo-800x89.png\" alt=\"Living Libations - Organic Logo\" width=\"800\" height=\"89\" srcset=\"https:\/\/dutchhealthstore.com\/wp-content\/uploads\/2018\/02\/Living-Libations-Organic-Logo-800x89.png 800w, https:\/\/dutchhealthstore.com\/wp-content\/uploads\/2018\/02\/Living-Libations-Organic-Logo-510x57.png 510w, https:\/\/dutchhealthstore.com\/wp-content\/uploads\/2018\/02\/Living-Libations-Organic-Logo-768x85.png 768w, https:\/\/dutchhealthstore.com\/wp-content\/uploads\/2018\/02\/Living-Libations-Organic-Logo.png 1400w\" sizes=\"(max-width: 800px) 100vw, 800px\" \/><\/p>\n","protected":false},"excerpt":{"rendered":"<p>Pflegen Sie Ihre Haare mit der Living Libations <strong>Honey Myrtle Deep Conditioning Mask<\/strong>.<br \/>\nEs ist unsere bisher dickste, reichhaltigste und luxuri\u00f6seste Happy-Hair-Pflege.<\/p>\n<p>Diese himmlisch duftende und sorgf\u00e4ltig hergestellte Maske mit reinen, biologischen, wild geernteten Kr\u00e4utern, \u00e4therischen \u00d6len, Aloe und pflegenden \u00d6len zum Aussp\u00fclen oder Einwirkenlassen ist wohltuend f\u00fcr trockenes Haar, trockene Kopfhaut, gesch\u00e4digtes und \u00fcberarbeitetes Haar und alle Haartypen, die dringend einen gest\u00e4rkten Zustand der Haar-Hom\u00f6ostase ben\u00f6tigen.<\/p>\n","protected":false},"featured_media":111381,"comment_status":"open","ping_status":"closed","template":"","meta":[],"product_brand":[],"product_cat":[8589,1513,8580,8597,1032,1493,1210,511,1961],"product_tag":[10172,9604,4659,21809,21532],"class_list":{"0":"post-111482","1":"product","2":"type-product","3":"status-publish","4":"has-post-thumbnail","6":"product_cat-conditioner-de","7":"product_cat-haarpflege-living-libations","8":"product_cat-hair-de","9":"product_cat-hair-masks-serums-de","10":"product_cat-kategorien","11":"product_cat-living-libations-deutschland","12":"product_cat-marken","13":"product_cat-produkte","14":"product_cat-shampoo-conditioner","15":"product_tag-hair-de","16":"product_tag-hydrating-de","17":"product_tag-mask-de","18":"product_tag-natural-de","19":"product_tag-reparatur","20":"pa_bestsellers-goed-de","21":"pa_brand-livinglibations-de","22":"pa_gtin-7439657385353-de","23":"pa_haircare-productype-conditioner-de","24":"pa_haircare-productype-hair-masks-serums-de","25":"pa_size-30-ml-de","26":"pa_size-50-ml-de","27":"pa_size-100-ml-de","29":"first","30":"instock","31":"taxable","32":"shipping-taxable","33":"purchasable","34":"product-type-variable"},"bundled_by":[],"bundle_stock_status":"instock","bundle_stock_quantity":null,"bundle_virtual":false,"bundle_layout":"","bundle_add_to_cart_form_location":"","bundle_editable_in_cart":false,"bundle_sold_individually_context":"","bundle_item_grouping":"","bundle_min_size":"","bundle_max_size":"","bundle_price":[],"bundled_items":[],"bundle_sell_ids":[226741],"atum_controlled":true,"out_stock_date":null,"out_stock_threshold":null,"inheritable":true,"stock_on_hold":4,"sold_today":1,"sales_last_days":2,"out_stock_days":0,"lost_sales":0,"update_date":"2026-04-09T11:36:04","atum_locations":[],"atum_stock_status":"instock","restock_status":false,"low_stock_amount":"","sales_update_date":"2026-04-09T11:36:04","calc_backorders":null,"group_of_quantity":0,"min_quantity":0,"max_quantity":"","exclude_order_quantity_value_rules":"no","exclude_category_quantity_rules":"no","combine_variations":"no","yoast_head":"<!-- This site is optimized with the Yoast SEO Premium plugin v26.5 (Yoast SEO v26.5) - https:\/\/yoast.com\/wordpress\/plugins\/seo\/ -->\n<title>Honey Myrtle Deep Conditioning Mask | Living Libations<\/title>\n<meta name=\"description\" content=\"Pflegen Sie Ihre Haare mit der Living Libations Honey Myrtle Deep Conditioning Mask. Es ist unsere bisher dickste, reichhaltigste und luxuri\u00f6seste Happy-Hair-Pflege.\" \/>\n<meta name=\"robots\" content=\"index, follow, max-snippet:-1, max-image-preview:large, max-video-preview:-1\" \/>\n<link rel=\"canonical\" href=\"https:\/\/dutchhealthstore.com\/de\/product\/honey-myrtle-deep-conditioning-mask\/\" \/>\n<meta property=\"og:locale\" content=\"de_DE\" \/>\n<meta property=\"og:type\" content=\"article\" \/>\n<meta property=\"og:title\" content=\"Honey Myrtle Deep Conditioning Mask - Dutch Health Store\" \/>\n<meta property=\"og:description\" content=\"Pflegen Sie Ihre Haare mit der Living Libations Honey Myrtle Deep Conditioning Mask. Es ist unsere bisher dickste, reichhaltigste und luxuri\u00f6seste Happy-Hair-Pflege.\" \/>\n<meta property=\"og:url\" content=\"https:\/\/dutchhealthstore.com\/de\/product\/honey-myrtle-deep-conditioning-mask\/\" \/>\n<meta property=\"og:site_name\" content=\"Dutch Health Store\" \/>\n<meta property=\"article:publisher\" content=\"https:\/\/www.instagram.com\/dutchhealthstore\/\" \/>\n<meta property=\"article:modified_time\" content=\"2026-03-26T12:58:06+00:00\" \/>\n<meta property=\"og:image\" content=\"https:\/\/dutchhealthstore.com\/wp-content\/uploads\/2020\/07\/Living-Libations-Honey-Myrtle-Deep-Conditioning-Mask-e1594033625164.jpg\" \/>\n\t<meta property=\"og:image:width\" content=\"500\" \/>\n\t<meta property=\"og:image:height\" content=\"500\" \/>\n\t<meta property=\"og:image:type\" content=\"image\/jpeg\" \/>\n<meta name=\"twitter:card\" content=\"summary_large_image\" \/>\n<meta name=\"twitter:label1\" content=\"Verf\u00fcgbarkeit\" \/>\n\t<meta name=\"twitter:data1\" content=\"Auf Lager\" \/>\n<script type=\"application\/ld+json\" class=\"yoast-schema-graph\">{\"@context\":\"https:\/\/schema.org\",\"@graph\":[{\"@type\":\"WebPage\",\"@id\":\"https:\/\/dutchhealthstore.com\/de\/product\/honey-myrtle-deep-conditioning-mask\/\",\"url\":\"https:\/\/dutchhealthstore.com\/de\/product\/honey-myrtle-deep-conditioning-mask\/\",\"name\":\"Honey Myrtle Deep Conditioning Mask | Living Libations\",\"isPartOf\":{\"@id\":\"https:\/\/dutchhealthstore.com\/de\/#website\"},\"primaryImageOfPage\":{\"@id\":\"https:\/\/dutchhealthstore.com\/de\/product\/honey-myrtle-deep-conditioning-mask\/#primaryimage\"},\"image\":{\"@id\":\"https:\/\/dutchhealthstore.com\/de\/product\/honey-myrtle-deep-conditioning-mask\/#primaryimage\"},\"thumbnailUrl\":\"https:\/\/dutchhealthstore.com\/wp-content\/uploads\/2020\/07\/Living-Libations-Honey-Myrtle-Deep-Conditioning-Mask-e1594033625164.jpg\",\"datePublished\":\"2020-07-06T11:11:06+00:00\",\"dateModified\":\"2026-03-26T12:58:06+00:00\",\"description\":\"Pflegen Sie Ihre Haare mit der Living Libations Honey Myrtle Deep Conditioning Mask. Es ist unsere bisher dickste, reichhaltigste und luxuri\u00f6seste Happy-Hair-Pflege.\",\"breadcrumb\":{\"@id\":\"https:\/\/dutchhealthstore.com\/de\/product\/honey-myrtle-deep-conditioning-mask\/#breadcrumb\"},\"inLanguage\":\"de\",\"potentialAction\":[{\"@type\":\"ReadAction\",\"target\":[\"https:\/\/dutchhealthstore.com\/de\/product\/honey-myrtle-deep-conditioning-mask\/\"]}]},{\"@type\":\"ImageObject\",\"inLanguage\":\"de\",\"@id\":\"https:\/\/dutchhealthstore.com\/de\/product\/honey-myrtle-deep-conditioning-mask\/#primaryimage\",\"url\":\"https:\/\/dutchhealthstore.com\/wp-content\/uploads\/2020\/07\/Living-Libations-Honey-Myrtle-Deep-Conditioning-Mask-e1594033625164.jpg\",\"contentUrl\":\"https:\/\/dutchhealthstore.com\/wp-content\/uploads\/2020\/07\/Living-Libations-Honey-Myrtle-Deep-Conditioning-Mask-e1594033625164.jpg\",\"width\":500,\"height\":500,\"caption\":\"Living Libations Honey Myrtle Deep Conditioning Mask\"},{\"@type\":\"BreadcrumbList\",\"@id\":\"https:\/\/dutchhealthstore.com\/de\/product\/honey-myrtle-deep-conditioning-mask\/#breadcrumb\",\"itemListElement\":[{\"@type\":\"ListItem\",\"position\":1,\"name\":\"Home\",\"item\":\"https:\/\/dutchhealthstore.com\/de\/\"},{\"@type\":\"ListItem\",\"position\":2,\"name\":\"Shop\",\"item\":\"https:\/\/dutchhealthstore.com\/de\/shop-2\/\"},{\"@type\":\"ListItem\",\"position\":3,\"name\":\"Honey Myrtle Deep Conditioning Mask\"}]},{\"@type\":\"WebSite\",\"@id\":\"https:\/\/dutchhealthstore.com\/de\/#website\",\"url\":\"https:\/\/dutchhealthstore.com\/de\/\",\"name\":\"Dutch Health Store\",\"description\":\"Enhance Your Beauty with Organic &amp; Natural Skincare\",\"publisher\":{\"@id\":\"https:\/\/dutchhealthstore.com\/de\/#organization\"},\"potentialAction\":[{\"@type\":\"SearchAction\",\"target\":{\"@type\":\"EntryPoint\",\"urlTemplate\":\"https:\/\/dutchhealthstore.com\/de\/?s={search_term_string}\"},\"query-input\":{\"@type\":\"PropertyValueSpecification\",\"valueRequired\":true,\"valueName\":\"search_term_string\"}}],\"inLanguage\":\"de\"},{\"@type\":\"Organization\",\"@id\":\"https:\/\/dutchhealthstore.com\/de\/#organization\",\"name\":\"Dutch Health Store\",\"url\":\"https:\/\/dutchhealthstore.com\/de\/\",\"logo\":{\"@type\":\"ImageObject\",\"inLanguage\":\"de\",\"@id\":\"https:\/\/dutchhealthstore.com\/de\/#\/schema\/logo\/image\/\",\"url\":\"https:\/\/dutchhealthstore.com\/wp-content\/uploads\/2020\/08\/logo-dutchhealthstore-jpg-e1599484957574.jpg\",\"contentUrl\":\"https:\/\/dutchhealthstore.com\/wp-content\/uploads\/2020\/08\/logo-dutchhealthstore-jpg-e1599484957574.jpg\",\"width\":400,\"height\":62,\"caption\":\"Dutch Health Store\"},\"image\":{\"@id\":\"https:\/\/dutchhealthstore.com\/de\/#\/schema\/logo\/image\/\"},\"sameAs\":[\"https:\/\/www.instagram.com\/dutchhealthstore\/\",\"https:\/\/www.facebook.com\/dutchhealthstore\"]}]}<\/script>\n<meta property=\"product:brand\" content=\"Living Libations\" \/>\n<meta property=\"og:availability\" content=\"instock\" \/>\n<meta property=\"product:availability\" content=\"instock\" \/>\n<meta property=\"product:condition\" content=\"new\" \/>\n<!-- \/ Yoast SEO Premium plugin. -->","yoast_head_json":{"title":"Honey Myrtle Deep Conditioning Mask | Living Libations","description":"Pflegen Sie Ihre Haare mit der Living Libations Honey Myrtle Deep Conditioning Mask. Es ist unsere bisher dickste, reichhaltigste und luxuri\u00f6seste Happy-Hair-Pflege.","robots":{"index":"index","follow":"follow","max-snippet":"max-snippet:-1","max-image-preview":"max-image-preview:large","max-video-preview":"max-video-preview:-1"},"canonical":"https:\/\/dutchhealthstore.com\/de\/product\/honey-myrtle-deep-conditioning-mask\/","og_locale":"de_DE","og_type":"article","og_title":"Honey Myrtle Deep Conditioning Mask - Dutch Health Store","og_description":"Pflegen Sie Ihre Haare mit der Living Libations Honey Myrtle Deep Conditioning Mask. Es ist unsere bisher dickste, reichhaltigste und luxuri\u00f6seste Happy-Hair-Pflege.","og_url":"https:\/\/dutchhealthstore.com\/de\/product\/honey-myrtle-deep-conditioning-mask\/","og_site_name":"Dutch Health Store","article_publisher":"https:\/\/www.instagram.com\/dutchhealthstore\/","article_modified_time":"2026-03-26T12:58:06+00:00","og_image":[{"width":500,"height":500,"url":"https:\/\/dutchhealthstore.com\/wp-content\/uploads\/2020\/07\/Living-Libations-Honey-Myrtle-Deep-Conditioning-Mask-e1594033625164.jpg","type":"image\/jpeg"}],"twitter_card":"summary_large_image","twitter_misc":{"Verf\u00fcgbarkeit":"Auf Lager"},"schema":{"@context":"https:\/\/schema.org","@graph":[{"@type":"WebPage","@id":"https:\/\/dutchhealthstore.com\/de\/product\/honey-myrtle-deep-conditioning-mask\/","url":"https:\/\/dutchhealthstore.com\/de\/product\/honey-myrtle-deep-conditioning-mask\/","name":"Honey Myrtle Deep Conditioning Mask | Living Libations","isPartOf":{"@id":"https:\/\/dutchhealthstore.com\/de\/#website"},"primaryImageOfPage":{"@id":"https:\/\/dutchhealthstore.com\/de\/product\/honey-myrtle-deep-conditioning-mask\/#primaryimage"},"image":{"@id":"https:\/\/dutchhealthstore.com\/de\/product\/honey-myrtle-deep-conditioning-mask\/#primaryimage"},"thumbnailUrl":"https:\/\/dutchhealthstore.com\/wp-content\/uploads\/2020\/07\/Living-Libations-Honey-Myrtle-Deep-Conditioning-Mask-e1594033625164.jpg","datePublished":"2020-07-06T11:11:06+00:00","dateModified":"2026-03-26T12:58:06+00:00","description":"Pflegen Sie Ihre Haare mit der Living Libations Honey Myrtle Deep Conditioning Mask. Es ist unsere bisher dickste, reichhaltigste und luxuri\u00f6seste Happy-Hair-Pflege.","breadcrumb":{"@id":"https:\/\/dutchhealthstore.com\/de\/product\/honey-myrtle-deep-conditioning-mask\/#breadcrumb"},"inLanguage":"de","potentialAction":[{"@type":"ReadAction","target":["https:\/\/dutchhealthstore.com\/de\/product\/honey-myrtle-deep-conditioning-mask\/"]}]},{"@type":"ImageObject","inLanguage":"de","@id":"https:\/\/dutchhealthstore.com\/de\/product\/honey-myrtle-deep-conditioning-mask\/#primaryimage","url":"https:\/\/dutchhealthstore.com\/wp-content\/uploads\/2020\/07\/Living-Libations-Honey-Myrtle-Deep-Conditioning-Mask-e1594033625164.jpg","contentUrl":"https:\/\/dutchhealthstore.com\/wp-content\/uploads\/2020\/07\/Living-Libations-Honey-Myrtle-Deep-Conditioning-Mask-e1594033625164.jpg","width":500,"height":500,"caption":"Living Libations Honey Myrtle Deep Conditioning Mask"},{"@type":"BreadcrumbList","@id":"https:\/\/dutchhealthstore.com\/de\/product\/honey-myrtle-deep-conditioning-mask\/#breadcrumb","itemListElement":[{"@type":"ListItem","position":1,"name":"Home","item":"https:\/\/dutchhealthstore.com\/de\/"},{"@type":"ListItem","position":2,"name":"Shop","item":"https:\/\/dutchhealthstore.com\/de\/shop-2\/"},{"@type":"ListItem","position":3,"name":"Honey Myrtle Deep Conditioning Mask"}]},{"@type":"WebSite","@id":"https:\/\/dutchhealthstore.com\/de\/#website","url":"https:\/\/dutchhealthstore.com\/de\/","name":"Dutch Health Store","description":"Enhance Your Beauty with Organic &amp; Natural Skincare","publisher":{"@id":"https:\/\/dutchhealthstore.com\/de\/#organization"},"potentialAction":[{"@type":"SearchAction","target":{"@type":"EntryPoint","urlTemplate":"https:\/\/dutchhealthstore.com\/de\/?s={search_term_string}"},"query-input":{"@type":"PropertyValueSpecification","valueRequired":true,"valueName":"search_term_string"}}],"inLanguage":"de"},{"@type":"Organization","@id":"https:\/\/dutchhealthstore.com\/de\/#organization","name":"Dutch Health Store","url":"https:\/\/dutchhealthstore.com\/de\/","logo":{"@type":"ImageObject","inLanguage":"de","@id":"https:\/\/dutchhealthstore.com\/de\/#\/schema\/logo\/image\/","url":"https:\/\/dutchhealthstore.com\/wp-content\/uploads\/2020\/08\/logo-dutchhealthstore-jpg-e1599484957574.jpg","contentUrl":"https:\/\/dutchhealthstore.com\/wp-content\/uploads\/2020\/08\/logo-dutchhealthstore-jpg-e1599484957574.jpg","width":400,"height":62,"caption":"Dutch Health Store"},"image":{"@id":"https:\/\/dutchhealthstore.com\/de\/#\/schema\/logo\/image\/"},"sameAs":["https:\/\/www.instagram.com\/dutchhealthstore\/","https:\/\/www.facebook.com\/dutchhealthstore"]}]},"product_brand":"Living Libations","og_availability":"instock","product_availability":"instock","product_condition":"new"},"_links":{"self":[{"href":"https:\/\/dutchhealthstore.com\/de\/wp-json\/wp\/v2\/product\/111482","targetHints":{"allow":["GET"]}}],"collection":[{"href":"https:\/\/dutchhealthstore.com\/de\/wp-json\/wp\/v2\/product"}],"about":[{"href":"https:\/\/dutchhealthstore.com\/de\/wp-json\/wp\/v2\/types\/product"}],"replies":[{"embeddable":true,"href":"https:\/\/dutchhealthstore.com\/de\/wp-json\/wp\/v2\/comments?post=111482"}],"wp:featuredmedia":[{"embeddable":true,"href":"https:\/\/dutchhealthstore.com\/de\/wp-json\/wp\/v2\/media\/111381"}],"wp:attachment":[{"href":"https:\/\/dutchhealthstore.com\/de\/wp-json\/wp\/v2\/media?parent=111482"}],"wp:term":[{"taxonomy":"product_brand","embeddable":true,"href":"https:\/\/dutchhealthstore.com\/de\/wp-json\/wp\/v2\/product_brand?post=111482"},{"taxonomy":"product_cat","embeddable":true,"href":"https:\/\/dutchhealthstore.com\/de\/wp-json\/wp\/v2\/product_cat?post=111482"},{"taxonomy":"product_tag","embeddable":true,"href":"https:\/\/dutchhealthstore.com\/de\/wp-json\/wp\/v2\/product_tag?post=111482"}],"curies":[{"name":"wp","href":"https:\/\/api.w.org\/{rel}","templated":true}]}}