{"id":111186,"date":"2020-07-03T12:21:39","date_gmt":"2020-07-03T12:21:39","guid":{"rendered":"https:\/\/dutchhealthstore.com\/product\/crowning-glory-hair-oil\/"},"modified":"2026-03-03T05:51:51","modified_gmt":"2026-03-03T04:51:51","slug":"crowning-glory-hair-oil","status":"publish","type":"product","link":"https:\/\/dutchhealthstore.com\/de\/product\/crowning-glory-hair-oil\/","title":{"rendered":"Crowning Glory Hair Oil"},"content":{"rendered":"<p><img decoding=\"async\" class=\"size-full wp-image-69549 alignright\" src=\"https:\/\/dutchhealthstore.com\/wp-content\/uploads\/2019\/08\/NEW-Living-Libations-Logo.jpg\" alt=\"NEW - Living Libations - Logo\" width=\"175\" height=\"82\">Das Ein\u00f6len von Haar und Kopfhaut mit dem <strong>Crowning Glory Hair Oil<\/strong> versorgt auch die Haarwurzeln und die Kopfhaut mit n\u00e4hrenden \u00e4therischen \u00d6len. Bioaktive Pflanzenstoffe pflegen trockene, schuppige Kopfhaut, erneuern gesch\u00e4digtes Haar, gl\u00e4tten Spliss, st\u00e4rken die Str\u00e4hnen, stimulieren die Wiederherstellung des Glanzes, reinigen die Poren der Kopfhaut und pflegen die M\u00e4hne.<\/p>\n<p>Rosmarin- und Zitronen-Petitgrain-\u00d6l befreien die Kopfhaut von Trockenheit und machen das Haar geschmeidig. Vetiver belebt die Kopfhaut und Sacred Spikenard segnet das Haar mit luxuri\u00f6sem Duft. Der pflanzliche Boost aus Brennnesseln und K\u00fcrbiskernen hilft Ihnen, Ihr Ziel von l\u00e4ngerem, kr\u00e4ftigem Haar zu erreichen. Saftiges Jojoba und Limette verleihen dem Haar Glanz und Geschmeidigkeit ohne zu kleben.<\/p>\n<p>Massieren Sie das <strong>Crowing Glory Hair Oil<\/strong> in die Kopfhaut und durch das Haar bis in die Spitzen. Vor dem Shampoonieren auftragen oder \u00fcber Nacht einwirken lassen. F\u00fcr eine warme \u00d6lbehandlung tragen Sie so viel \u00d6l auf, dass das Haar bedeckt ist, und wickeln den Kopf in ein warmes, feuchtes Handtuch. Das \u00d6l kann auch mit einer B\u00fcrste mit Naturborsten oder einem Holzkamm durch das Haar gek\u00e4mmt werden; sie f\u00fchlen sich gut auf der Kopfhaut an, verhindern statische Aufladung und verteilen das \u00d6l gleichm\u00e4\u00dfig in der M\u00e4hne. F\u00fcr zus\u00e4tzlichen Glanz und zur Gl\u00e4ttung von krausem Haar verreiben Sie ein paar Tropfen zwischen Ihren Handfl\u00e4chen und streichen sie durch das Haar und die Spitzen.<\/p>\n<p>Dieses herrlich duftende und au\u00dfergew\u00f6hnlich wirksame \u00d6l zieht schnell in die Kopfhaut und den Haarschaft ein und erf\u00fcllt eine doppelte Aufgabe: Es st\u00e4rkt und befeuchtet Haar und Kopfhaut. Auf die Kopfhaut und die Haarspitzen auftragen, um Frizz zu b\u00e4ndigen und den Haarschaft vor Hitzestyling zu sch\u00fctzen.<\/p>\n<h3 class=\"yikes-custom-woo-tab-title yikes-custom-woo-tab-title-natural-organic-ingredients\">Nat\u00fcrliche\/Organische Inhaltsstoffe<\/h3>\n<p><strong>K\u00fcrbiskerne ( <\/strong><i><em>Cucurbita pepo<\/em><\/i>) &#8211; Kaltgepresstes, biologisches K\u00fcrbiskern\u00f6l hat eine satte dunkelgr\u00fcne Farbe mit einem Hauch von Rot. Er ist reich an essenziellen Omega-3- und Omega-6-Fetts\u00e4uren und Phytosterinen. Die antioxidative Wirkung aller acht Arten von Vitamin E und verschiedener Carotinoide, einschlie\u00dflich Beta-Carotin, pflegt Haare, Wurzeln und Kopfhaut.<\/p>\n<p><strong>Jojoba\u00f6l<\/strong> (<i><em>Simmondsia chinensis<\/em><\/i>) &#8211; Ein Schuss gesundes Jojoba\u00f6l ist die Antwort der W\u00fcste auf trockenes, spr\u00f6des Haar. Inmitten von Sandst\u00fcrmen und Kakteen entpuppt sich Jojoba als eine \u00fcberschw\u00e4ngliche, erweichende Oase. Wenn dieser kr\u00e4ftige Strauch unter der W\u00fcstensonne br\u00e4t, keimen in den Jojobasamen Perlen aus fl\u00fcssigem Gold. Aus diesen Samen wird ein goldenes \u00d6l gewonnen, das durch Kaltpressung extrahiert wird und ein Lipid liefert, das dem nat\u00fcrlichen Talg unserer Haut sehr \u00e4hnlich ist. Sie sinkt m\u00fchelos in die Haut ein und transportiert die Phyton\u00e4hrstoffe bis in die tiefsten Schichten des Gewebes. Goldenes Jojoba schmiert wie \u00d6l, ist aber eigentlich ein fl\u00fcssiges Pflanzenwachs, so dass es nicht ranzig werden kann. Unglaublich reichhaltig und seidig, pflegt Jojoba die Kopfhaut lang anhaltend und verleiht dem Haar Glanz und Geschmeidigkeit.<\/p>\n<p><strong>Brennnessel<\/strong> (<i><em>Urtica dioica<\/em><\/i>)<b><strong> <\/strong><\/b>&#8211; Das n\u00e4hrende Brennnesselkraut ist ein gesundes Haartonikum, das bei fettigem Haar und fettiger Haut ausgleichend wirkt. Diese seltene Destillation des \u00e4therischen \u00d6ls der Brennnessel, die reich an bioaktiven Pflanzenstoffen ist, beruhigt die trockene Kopfhaut und verleiht den Haarstr\u00e4hnen Glanz.<\/p>\n<p><strong>Rosmarin-Verbenon<\/strong> (<i><em>Rosmarinus officinalis Verbenon<\/em><\/i>) &#8211; Das \u00e4therische Rosmarin\u00f6l ist ein krautiges Belebungs- und St\u00e4rkungsmittel mit einem erfrischenden, durchdringenden Aroma. Stellen Sie sich Rosmarin als den temperamentvollen Freund vor, der die Tr\u00e4gheit aus ihrer Stagnation herausholt und Kopfhaut und Haut zu neuer Frische verhilft.<\/p>\n<p><strong>Zitrone Petitgrain ( <\/strong><i><em>Zitrone Petitgrain<\/em><\/i>) &#8211; Das k\u00f6stliche \u00e4therische \u00d6l der Petitgrain-Zitrone ist ein sonniger, blattgr\u00fcner Zitronentraum, vollgepackt mit spritziger Pflanzenkraft! Diese seltene Petitgrain-Essenz wird aus Bl\u00e4ttern und Zweigen italienischer Zitronenb\u00e4ume dampfdestilliert. S\u00fc\u00df und saftig mit duftenden gr\u00fcnen Noten, ist das \u00d6l ein Grundbestandteil der Hautpflege und Sch\u00f6nheitspflege. Dieses \u00d6l ist optimal f\u00fcr die Haar- und Hautpflege, da es die Kopfhaut gl\u00e4ttet und strafft. Der <i><em>nerol<\/em><\/i> Gehalt der Petitgrain-Zitrone ist sehr hoch (fast so hoch <i><em>nerol<\/em><\/i> wie im \u00e4therischen Neroli\u00f6l), was ihm das lieblichste Aroma aller Petitgrain-Destillationen verleiht. Diese aromatische Delikatesse bringt emotionale und geistige Leichtigkeit und l\u00e4sst das Haar traumhaft duften.<\/p>\n<p><strong>Vetiver <\/strong><i><em>(<\/em><\/i><i><em>Chrysopogon zizanioides)<\/em><\/i> &#8211; Das lebhafte \u00e4therische Vetiver\u00f6l wird aus den erdigen Wurzeln eines aromatischen tropischen Grases destilliert. Die G\u00fcte dieses \u00d6ls ist erdend und beruhigend f\u00fcr Haut, Kopfhaut und Geist. Es salbt die Haarwurzeln und jede Hautschicht, so wie der Regen das Gras salbt. Das anpassungsf\u00e4hige Vetiver\u00f6l beruhigt die Haarstr\u00e4hnen und verleiht Ihrem Scheitel einen aromatischen Glanz.<\/p>\n<p><strong>Spikenard <\/strong><i><em>(Nardostachys jatamansi<\/em><\/i>) &#8211; Das bet\u00f6rende \u00e4therische \u00d6l der Spikenard duftet nach Erde und Altertum; es birgt Tausende von Jahren an Heilungsgeschichte, spiritueller Inspiration und medizinischer Potenz in sich. Diese aromatische Wurzel ist der Inbegriff von nat\u00fcrlichem Luxus und wird schon seit \u00c4onen als pflegendes und duftendes Haar\u00f6l verwendet. Schlie\u00dflich war es Spikard, das in der Bibel erw\u00e4hnt wurde <i><em>Das Hohelied Salomos<\/em><\/i> erw\u00e4hnt und von Maria Magdalena benutzt wurde, um die F\u00fc\u00dfe von Christus zu salben, und dann wischte sie seine F\u00fc\u00dfe mit ihrem Haar ab. Diese tief beruhigende Wurzel n\u00e4hrt die Haarwurzeln.<\/p>\n<p><img fetchpriority=\"high\" decoding=\"async\" class=\"size-medium wp-image-68103 aligncenter\" src=\"https:\/\/dutchhealthstore.com\/wp-content\/uploads\/2018\/02\/Living-Libations-Organic-Logo-800x89.png\" alt=\"Living Libations - Organic Logo\" width=\"800\" height=\"89\" srcset=\"https:\/\/dutchhealthstore.com\/wp-content\/uploads\/2018\/02\/Living-Libations-Organic-Logo-800x89.png 800w, https:\/\/dutchhealthstore.com\/wp-content\/uploads\/2018\/02\/Living-Libations-Organic-Logo-510x57.png 510w, https:\/\/dutchhealthstore.com\/wp-content\/uploads\/2018\/02\/Living-Libations-Organic-Logo-768x85.png 768w, https:\/\/dutchhealthstore.com\/wp-content\/uploads\/2018\/02\/Living-Libations-Organic-Logo.png 1400w\" sizes=\"(max-width: 800px) 100vw, 800px\" \/><\/p>\n","protected":false},"excerpt":{"rendered":"<p>G\u00f6nnen Sie Ihrem Haar eine gute Pflege. Dieses n\u00e4hrende <strong>Brennnessel-Haar\u00f6l<\/strong> gibt Ihrem Haar die Freiheit, beschwingt zu sein, zu schwingen und in seiner ganzen Pracht zu gl\u00e4nzen, und es duftet sanft wie eine Fr\u00fchlingsbrise.<\/p>\n<p>Pflegen Sie Ihre Kopfhaut wie einen Garten, denn gesundes Haar w\u00e4chst aus gen\u00e4hrten Wurzeln. Unsere Kopfhaut hat mehr als 200 Blutgef\u00e4\u00dfe, 650 Schwei\u00dfdr\u00fcsen und 1.000 Nervenenden, und sie ist nat\u00fcrlich die Mutter unserer Haare. Je nach Haarfarbe haben wir zwischen 90.000 und 200.000 Haarfollikel, die von der Kopfhaut gen\u00e4hrt werden, und sch\u00f6nes Haar w\u00e4chst aus einer gesunden Kopfhaut. Die Poren sollen sich nicht ignoriert oder mit Polymeren verstopft und mit Silikon und Tensiden vollgestopft f\u00fchlen.<\/p>\n","protected":false},"featured_media":30492,"comment_status":"open","ping_status":"closed","template":"","meta":[],"product_brand":[],"product_cat":[10089,1513,8580,8597,1032,1493,1210,511],"product_tag":[10172,21528,9604,21809,21514],"class_list":{"0":"post-111186","1":"product","2":"type-product","3":"status-publish","4":"has-post-thumbnail","6":"product_cat-hair-oil-de-2","7":"product_cat-haarpflege-living-libations","8":"product_cat-hair-de","9":"product_cat-hair-masks-serums-de","10":"product_cat-kategorien","11":"product_cat-living-libations-deutschland","12":"product_cat-marken","13":"product_cat-produkte","14":"product_tag-hair-de","15":"product_tag-hair-oil-de","16":"product_tag-hydrating-de","17":"product_tag-natural-de","18":"product_tag-scalp-care-de","19":"pa_bestsellers-goed-de","20":"pa_brand-livinglibations-de","21":"pa_gtin-7439657384332-de","22":"pa_haircare-productype-hair-masks-serums-de","23":"pa_haircare-productype-hair-oil-de","24":"pa_size-15-ml-de-2","25":"pa_size-30-ml-de","26":"pa_size-100-ml-de","28":"first","29":"instock","30":"taxable","31":"shipping-taxable","32":"purchasable","33":"product-type-variable"},"bundled_by":[],"bundle_stock_status":"instock","bundle_stock_quantity":null,"bundle_virtual":false,"bundle_layout":"","bundle_add_to_cart_form_location":"","bundle_editable_in_cart":false,"bundle_sold_individually_context":"","bundle_item_grouping":"","bundle_min_size":"","bundle_max_size":"","bundle_price":[],"bundled_items":[],"bundle_sell_ids":[229446],"atum_controlled":true,"out_stock_date":null,"out_stock_threshold":null,"inheritable":true,"stock_on_hold":3,"sold_today":0,"sales_last_days":2,"out_stock_days":0,"lost_sales":0,"update_date":"2026-04-09T10:19:21","atum_locations":[],"atum_stock_status":"instock","restock_status":false,"low_stock_amount":"","sales_update_date":"2026-03-28T01:42:28","calc_backorders":null,"group_of_quantity":0,"min_quantity":0,"max_quantity":"","exclude_order_quantity_value_rules":"no","exclude_category_quantity_rules":"no","combine_variations":"no","yoast_head":"<!-- This site is optimized with the Yoast SEO Premium plugin v26.5 (Yoast SEO v26.5) - https:\/\/yoast.com\/wordpress\/plugins\/seo\/ -->\n<title>Crowning Glory Hair Oil | Living Libations<\/title>\n<meta name=\"description\" content=\"Dieses Haar\u00f6l macht Ihr Haar beschwingt, schwungvoll und gl\u00e4nzt in seiner ganzen Pracht und duftet sanft wie eine Fr\u00fchlingsbrise.\" \/>\n<meta name=\"robots\" content=\"index, follow, max-snippet:-1, max-image-preview:large, max-video-preview:-1\" \/>\n<link rel=\"canonical\" href=\"https:\/\/dutchhealthstore.com\/de\/product\/crowning-glory-hair-oil\/\" \/>\n<meta property=\"og:locale\" content=\"de_DE\" \/>\n<meta property=\"og:type\" content=\"article\" \/>\n<meta property=\"og:title\" content=\"Crowning Glory Hair Oil - Dutch Health Store\" \/>\n<meta property=\"og:description\" content=\"Dieses Haar\u00f6l macht Ihr Haar beschwingt, schwungvoll und gl\u00e4nzt in seiner ganzen Pracht und duftet sanft wie eine Fr\u00fchlingsbrise.\" \/>\n<meta property=\"og:url\" content=\"https:\/\/dutchhealthstore.com\/de\/product\/crowning-glory-hair-oil\/\" \/>\n<meta property=\"og:site_name\" content=\"Dutch Health Store\" \/>\n<meta property=\"article:publisher\" content=\"https:\/\/www.instagram.com\/dutchhealthstore\/\" \/>\n<meta property=\"article:modified_time\" content=\"2026-03-03T04:51:51+00:00\" \/>\n<meta property=\"og:image\" content=\"https:\/\/dutchhealthstore.com\/wp-content\/uploads\/2018\/02\/Crowning_Glory_Hair_Oil_Living_Libations.jpg\" \/>\n\t<meta property=\"og:image:width\" content=\"500\" \/>\n\t<meta property=\"og:image:height\" content=\"500\" \/>\n\t<meta property=\"og:image:type\" content=\"image\/jpeg\" \/>\n<meta name=\"twitter:card\" content=\"summary_large_image\" \/>\n<meta name=\"twitter:label1\" content=\"Verf\u00fcgbarkeit\" \/>\n\t<meta name=\"twitter:data1\" content=\"Auf Lager\" \/>\n<script type=\"application\/ld+json\" class=\"yoast-schema-graph\">{\"@context\":\"https:\/\/schema.org\",\"@graph\":[{\"@type\":\"WebPage\",\"@id\":\"https:\/\/dutchhealthstore.com\/de\/product\/crowning-glory-hair-oil\/\",\"url\":\"https:\/\/dutchhealthstore.com\/de\/product\/crowning-glory-hair-oil\/\",\"name\":\"Crowning Glory Hair Oil | Living Libations\",\"isPartOf\":{\"@id\":\"https:\/\/dutchhealthstore.com\/de\/#website\"},\"primaryImageOfPage\":{\"@id\":\"https:\/\/dutchhealthstore.com\/de\/product\/crowning-glory-hair-oil\/#primaryimage\"},\"image\":{\"@id\":\"https:\/\/dutchhealthstore.com\/de\/product\/crowning-glory-hair-oil\/#primaryimage\"},\"thumbnailUrl\":\"https:\/\/dutchhealthstore.com\/wp-content\/uploads\/2018\/02\/Crowning_Glory_Hair_Oil_Living_Libations_002.jpg\",\"datePublished\":\"2020-07-03T12:21:39+00:00\",\"dateModified\":\"2026-03-03T04:51:51+00:00\",\"description\":\"Dieses Haar\u00f6l macht Ihr Haar beschwingt, schwungvoll und gl\u00e4nzt in seiner ganzen Pracht und duftet sanft wie eine Fr\u00fchlingsbrise.\",\"breadcrumb\":{\"@id\":\"https:\/\/dutchhealthstore.com\/de\/product\/crowning-glory-hair-oil\/#breadcrumb\"},\"inLanguage\":\"de\",\"potentialAction\":[{\"@type\":\"ReadAction\",\"target\":[\"https:\/\/dutchhealthstore.com\/de\/product\/crowning-glory-hair-oil\/\"]}]},{\"@type\":\"ImageObject\",\"inLanguage\":\"de\",\"@id\":\"https:\/\/dutchhealthstore.com\/de\/product\/crowning-glory-hair-oil\/#primaryimage\",\"url\":\"https:\/\/dutchhealthstore.com\/wp-content\/uploads\/2018\/02\/Crowning_Glory_Hair_Oil_Living_Libations_002.jpg\",\"contentUrl\":\"https:\/\/dutchhealthstore.com\/wp-content\/uploads\/2018\/02\/Crowning_Glory_Hair_Oil_Living_Libations_002.jpg\",\"width\":500,\"height\":500,\"caption\":\"Living Libations - Crowning Glory Hair Oil\"},{\"@type\":\"BreadcrumbList\",\"@id\":\"https:\/\/dutchhealthstore.com\/de\/product\/crowning-glory-hair-oil\/#breadcrumb\",\"itemListElement\":[{\"@type\":\"ListItem\",\"position\":1,\"name\":\"Home\",\"item\":\"https:\/\/dutchhealthstore.com\/de\/\"},{\"@type\":\"ListItem\",\"position\":2,\"name\":\"Shop\",\"item\":\"https:\/\/dutchhealthstore.com\/de\/shop-2\/\"},{\"@type\":\"ListItem\",\"position\":3,\"name\":\"Crowning Glory Hair Oil\"}]},{\"@type\":\"WebSite\",\"@id\":\"https:\/\/dutchhealthstore.com\/de\/#website\",\"url\":\"https:\/\/dutchhealthstore.com\/de\/\",\"name\":\"Dutch Health Store\",\"description\":\"Enhance Your Beauty with Organic &amp; Natural Skincare\",\"publisher\":{\"@id\":\"https:\/\/dutchhealthstore.com\/de\/#organization\"},\"potentialAction\":[{\"@type\":\"SearchAction\",\"target\":{\"@type\":\"EntryPoint\",\"urlTemplate\":\"https:\/\/dutchhealthstore.com\/de\/?s={search_term_string}\"},\"query-input\":{\"@type\":\"PropertyValueSpecification\",\"valueRequired\":true,\"valueName\":\"search_term_string\"}}],\"inLanguage\":\"de\"},{\"@type\":\"Organization\",\"@id\":\"https:\/\/dutchhealthstore.com\/de\/#organization\",\"name\":\"Dutch Health Store\",\"url\":\"https:\/\/dutchhealthstore.com\/de\/\",\"logo\":{\"@type\":\"ImageObject\",\"inLanguage\":\"de\",\"@id\":\"https:\/\/dutchhealthstore.com\/de\/#\/schema\/logo\/image\/\",\"url\":\"https:\/\/dutchhealthstore.com\/wp-content\/uploads\/2020\/08\/logo-dutchhealthstore-jpg-e1599484957574.jpg\",\"contentUrl\":\"https:\/\/dutchhealthstore.com\/wp-content\/uploads\/2020\/08\/logo-dutchhealthstore-jpg-e1599484957574.jpg\",\"width\":400,\"height\":62,\"caption\":\"Dutch Health Store\"},\"image\":{\"@id\":\"https:\/\/dutchhealthstore.com\/de\/#\/schema\/logo\/image\/\"},\"sameAs\":[\"https:\/\/www.instagram.com\/dutchhealthstore\/\",\"https:\/\/www.facebook.com\/dutchhealthstore\"]}]}<\/script>\n<meta property=\"product:brand\" content=\"Living Libations\" \/>\n<meta property=\"og:availability\" content=\"instock\" \/>\n<meta property=\"product:availability\" content=\"instock\" \/>\n<meta property=\"product:condition\" content=\"new\" \/>\n<!-- \/ Yoast SEO Premium plugin. -->","yoast_head_json":{"title":"Crowning Glory Hair Oil | Living Libations","description":"Dieses Haar\u00f6l macht Ihr Haar beschwingt, schwungvoll und gl\u00e4nzt in seiner ganzen Pracht und duftet sanft wie eine Fr\u00fchlingsbrise.","robots":{"index":"index","follow":"follow","max-snippet":"max-snippet:-1","max-image-preview":"max-image-preview:large","max-video-preview":"max-video-preview:-1"},"canonical":"https:\/\/dutchhealthstore.com\/de\/product\/crowning-glory-hair-oil\/","og_locale":"de_DE","og_type":"article","og_title":"Crowning Glory Hair Oil - Dutch Health Store","og_description":"Dieses Haar\u00f6l macht Ihr Haar beschwingt, schwungvoll und gl\u00e4nzt in seiner ganzen Pracht und duftet sanft wie eine Fr\u00fchlingsbrise.","og_url":"https:\/\/dutchhealthstore.com\/de\/product\/crowning-glory-hair-oil\/","og_site_name":"Dutch Health Store","article_publisher":"https:\/\/www.instagram.com\/dutchhealthstore\/","article_modified_time":"2026-03-03T04:51:51+00:00","og_image":[{"width":500,"height":500,"url":"https:\/\/dutchhealthstore.com\/wp-content\/uploads\/2018\/02\/Crowning_Glory_Hair_Oil_Living_Libations.jpg","type":"image\/jpeg"}],"twitter_card":"summary_large_image","twitter_misc":{"Verf\u00fcgbarkeit":"Auf Lager"},"schema":{"@context":"https:\/\/schema.org","@graph":[{"@type":"WebPage","@id":"https:\/\/dutchhealthstore.com\/de\/product\/crowning-glory-hair-oil\/","url":"https:\/\/dutchhealthstore.com\/de\/product\/crowning-glory-hair-oil\/","name":"Crowning Glory Hair Oil | Living Libations","isPartOf":{"@id":"https:\/\/dutchhealthstore.com\/de\/#website"},"primaryImageOfPage":{"@id":"https:\/\/dutchhealthstore.com\/de\/product\/crowning-glory-hair-oil\/#primaryimage"},"image":{"@id":"https:\/\/dutchhealthstore.com\/de\/product\/crowning-glory-hair-oil\/#primaryimage"},"thumbnailUrl":"https:\/\/dutchhealthstore.com\/wp-content\/uploads\/2018\/02\/Crowning_Glory_Hair_Oil_Living_Libations_002.jpg","datePublished":"2020-07-03T12:21:39+00:00","dateModified":"2026-03-03T04:51:51+00:00","description":"Dieses Haar\u00f6l macht Ihr Haar beschwingt, schwungvoll und gl\u00e4nzt in seiner ganzen Pracht und duftet sanft wie eine Fr\u00fchlingsbrise.","breadcrumb":{"@id":"https:\/\/dutchhealthstore.com\/de\/product\/crowning-glory-hair-oil\/#breadcrumb"},"inLanguage":"de","potentialAction":[{"@type":"ReadAction","target":["https:\/\/dutchhealthstore.com\/de\/product\/crowning-glory-hair-oil\/"]}]},{"@type":"ImageObject","inLanguage":"de","@id":"https:\/\/dutchhealthstore.com\/de\/product\/crowning-glory-hair-oil\/#primaryimage","url":"https:\/\/dutchhealthstore.com\/wp-content\/uploads\/2018\/02\/Crowning_Glory_Hair_Oil_Living_Libations_002.jpg","contentUrl":"https:\/\/dutchhealthstore.com\/wp-content\/uploads\/2018\/02\/Crowning_Glory_Hair_Oil_Living_Libations_002.jpg","width":500,"height":500,"caption":"Living Libations - Crowning Glory Hair Oil"},{"@type":"BreadcrumbList","@id":"https:\/\/dutchhealthstore.com\/de\/product\/crowning-glory-hair-oil\/#breadcrumb","itemListElement":[{"@type":"ListItem","position":1,"name":"Home","item":"https:\/\/dutchhealthstore.com\/de\/"},{"@type":"ListItem","position":2,"name":"Shop","item":"https:\/\/dutchhealthstore.com\/de\/shop-2\/"},{"@type":"ListItem","position":3,"name":"Crowning Glory Hair Oil"}]},{"@type":"WebSite","@id":"https:\/\/dutchhealthstore.com\/de\/#website","url":"https:\/\/dutchhealthstore.com\/de\/","name":"Dutch Health Store","description":"Enhance Your Beauty with Organic &amp; Natural Skincare","publisher":{"@id":"https:\/\/dutchhealthstore.com\/de\/#organization"},"potentialAction":[{"@type":"SearchAction","target":{"@type":"EntryPoint","urlTemplate":"https:\/\/dutchhealthstore.com\/de\/?s={search_term_string}"},"query-input":{"@type":"PropertyValueSpecification","valueRequired":true,"valueName":"search_term_string"}}],"inLanguage":"de"},{"@type":"Organization","@id":"https:\/\/dutchhealthstore.com\/de\/#organization","name":"Dutch Health Store","url":"https:\/\/dutchhealthstore.com\/de\/","logo":{"@type":"ImageObject","inLanguage":"de","@id":"https:\/\/dutchhealthstore.com\/de\/#\/schema\/logo\/image\/","url":"https:\/\/dutchhealthstore.com\/wp-content\/uploads\/2020\/08\/logo-dutchhealthstore-jpg-e1599484957574.jpg","contentUrl":"https:\/\/dutchhealthstore.com\/wp-content\/uploads\/2020\/08\/logo-dutchhealthstore-jpg-e1599484957574.jpg","width":400,"height":62,"caption":"Dutch Health Store"},"image":{"@id":"https:\/\/dutchhealthstore.com\/de\/#\/schema\/logo\/image\/"},"sameAs":["https:\/\/www.instagram.com\/dutchhealthstore\/","https:\/\/www.facebook.com\/dutchhealthstore"]}]},"product_brand":"Living Libations","og_availability":"instock","product_availability":"instock","product_condition":"new"},"_links":{"self":[{"href":"https:\/\/dutchhealthstore.com\/de\/wp-json\/wp\/v2\/product\/111186","targetHints":{"allow":["GET"]}}],"collection":[{"href":"https:\/\/dutchhealthstore.com\/de\/wp-json\/wp\/v2\/product"}],"about":[{"href":"https:\/\/dutchhealthstore.com\/de\/wp-json\/wp\/v2\/types\/product"}],"replies":[{"embeddable":true,"href":"https:\/\/dutchhealthstore.com\/de\/wp-json\/wp\/v2\/comments?post=111186"}],"wp:featuredmedia":[{"embeddable":true,"href":"https:\/\/dutchhealthstore.com\/de\/wp-json\/wp\/v2\/media\/30492"}],"wp:attachment":[{"href":"https:\/\/dutchhealthstore.com\/de\/wp-json\/wp\/v2\/media?parent=111186"}],"wp:term":[{"taxonomy":"product_brand","embeddable":true,"href":"https:\/\/dutchhealthstore.com\/de\/wp-json\/wp\/v2\/product_brand?post=111186"},{"taxonomy":"product_cat","embeddable":true,"href":"https:\/\/dutchhealthstore.com\/de\/wp-json\/wp\/v2\/product_cat?post=111186"},{"taxonomy":"product_tag","embeddable":true,"href":"https:\/\/dutchhealthstore.com\/de\/wp-json\/wp\/v2\/product_tag?post=111186"}],"curies":[{"name":"wp","href":"https:\/\/api.w.org\/{rel}","templated":true}]}}