{"id":111105,"date":"2020-05-28T12:39:38","date_gmt":"2020-05-28T12:39:38","guid":{"rendered":"https:\/\/dutchhealthstore.com\/product\/forest-cologne-vanilla-velvet-chocolate\/"},"modified":"2026-01-16T00:00:26","modified_gmt":"2026-01-15T23:00:26","slug":"forest-cologne-vanilla-velvet-chocolate","status":"publish","type":"product","link":"https:\/\/dutchhealthstore.com\/de\/product\/forest-cologne-vanilla-velvet-chocolate\/","title":{"rendered":"Chocolate Cologne &#8211; Vanilla Velvet"},"content":{"rendered":"<p><img decoding=\"async\" class=\"size-full wp-image-69549 alignright\" src=\"https:\/\/dutchhealthstore.com\/wp-content\/uploads\/2019\/08\/NEW-Living-Libations-Logo.jpg\" alt=\"NEW - Living Libations - Logo\" width=\"175\" height=\"82\">Durchtr\u00e4nken Sie Ihre Sinne und stillen Sie Ihre Aura mit verlockenden Geschm\u00e4ckern aus dem botanischen Bankett der Erde. \u00dcbergie\u00dfen Sie sich mit diesem k\u00f6stlichen und saftigen Duft, der verlockenden Kakao, sinnliche Vanille und fruchtige Blumen zu einem Parf\u00fcm vereint, das alle, die es einatmen, in Ohnmacht fallen l\u00e4sst.<\/p>\n<p>Living Libations Vanilla Velvet Chocolate Cologne ist ein elegantes Elixier aus den bezauberndsten Aromastoffen der Natur. Er vereint Bl\u00fcten von honigs\u00fc\u00dfer Boronia mit den bezaubernden Tiefen von Kakao-Absolue, gekr\u00f6nt von verlockender Tahiti-Vanille. Ein Hauch von Grapefruit mildert die s\u00fc\u00dfe Sinnlichkeit des Kakaos mit Noten von scharfen, sonnigen Zitrusfr\u00fcchten. Den Abschluss bildet eine fruchtige Rotweinsonate aus schwarzen Johannisbeeren.<\/p>\n<p>Ein Spritzer von Vanilla Velvet Chocolate Cologne ist eine tiefe, k\u00f6stliche Geschmacksfusion, die Ihre Haut mit der Sinnlichkeit von reichlich Gl\u00fcckseligkeit beduftet.<\/p>\n<p><strong>Gr\u00f6\u00dfe: 5 ml und 30 ml<\/strong><\/p>\n<h3 class=\"yikes-custom-woo-tab-title yikes-custom-woo-tab-title-natural-organic-ingredients\">Nat\u00fcrliche\/Organische Inhaltsstoffe<\/h3>\n<p><strong>Cacao Absolute<\/strong> <em>(Theobroma cacao)<\/em> &#8211; Reichhaltiges, dunkles, samtiges Cacao Absolute verstr\u00f6mt k\u00f6stliche Noten von Karamell, dunkler Schokolade und Kaffeelik\u00f6r. Das Kakao-Absolue, eine alte Pflanze der Azteken und Maya, enth\u00e4lt Anandamid-Molek\u00fcle, die die Stimmung heben und den \u00e4ngstlichen Geist beruhigen.<\/p>\n<p><strong>Tahitian Vanilla<\/strong><em> (Vanilla Tahitenis)<\/em> &#8211; Superkritischer Vanilleextrakt ist ein \u00fcppiger tahitianischer Liebestraum, der 14 Mal s\u00fc\u00dfer und cremiger ist als Vanille absolut! Eine nat\u00fcrlich vorkommende Verbindung, Heliotropin, verleiht diesem superkritischen Extrakt subtile Noten von Kirschen, frischen Blumen und Mandeln. Das Aroma des tahitianischen Vanille\u00f6ls ist ein uraltes Aphrodisiakum.<\/p>\n<p><strong>Grapefruit<\/strong> <em>(Citrus paradisii)<\/em> &#8211; Ein sensationelles Zitrus\u00f6l, das belebend, anregend und energetisierend wirkt. Fr\u00f6hliche Grapefruit vermischt sich mit der reichen S\u00fc\u00dfe von Schokolade und Vanille und frischen, bitteren Fr\u00fcchten. Grapefruit\u00f6l wird verwendet, um tr\u00e4ge Geister zu stimulieren und die positive Stimmung zu f\u00f6rdern.<\/p>\n<p><strong>Boronia<\/strong> <em>(Boronia megastigma)<\/em> &#8211; Das sch\u00f6ne Boronia\u00f6l wird aus den aromatischen Bl\u00fctenbl\u00e4ttern der bl\u00fchenden australischen Boronia-Pflanze gewonnen, die wegen ihres heiligen Duftes angebaut wird. Er bietet Noten von Gew\u00fcrzen, Fr\u00fcchten und Blumen, die sich zu einem Cocktail aus reicher Himbeere, frischem Holz, sch\u00fcchterner Aprikose und einem samtigen Hauch von Veilchen verdichten.<\/p>\n<p><strong>Schwarze Johannisbeere<\/strong> <em>(Ribes nigrum)<\/em> &#8211; Schwarzes Johannisbeer-Absolue ist erdig und s\u00fc\u00df mit Noten von Trockenfr\u00fcchten und feinstem Rotwein. Jeder einzelne Teil der Pflanze &#8211; von den Zweigen und Bl\u00e4ttern bis hin zu den Bl\u00fcten und Beeren &#8211; bietet ein starkes aromatisches Erlebnis.<\/p>\n<p><strong>Biologischer biodynamischer Alkohol<\/strong> &#8211; Biologischer biodynamischer Alkohol dient als Tr\u00e4ger f\u00fcr unsere Bl\u00fctenparf\u00fcms und Waldparf\u00fcms, so dass jede Pflanze m\u00fchelos aromatische Wunder auf der Haut vollbringen kann. Dieser biologische, biodynamische Alkohol ist von h\u00f6chster Qualit\u00e4t und wird dreifach gefiltert, um seine Reinheit zu gew\u00e4hrleisten. Er wird aus zertifizierten biologischen Trauben hergestellt und unabh\u00e4ngig getestet, um sicherzustellen, dass er den Standards der United States Pharmacopeia (USP) f\u00fcr reinen, biologischen Alkohol pharmazeutischer Qualit\u00e4t entspricht.<\/p>\n<p><img fetchpriority=\"high\" decoding=\"async\" class=\"size-medium wp-image-68103 aligncenter\" src=\"https:\/\/dutchhealthstore.com\/wp-content\/uploads\/2018\/02\/Living-Libations-Organic-Logo-800x89.png\" alt=\"Living Libations - Organic Logo\" width=\"800\" height=\"89\" srcset=\"https:\/\/dutchhealthstore.com\/wp-content\/uploads\/2018\/02\/Living-Libations-Organic-Logo-800x89.png 800w, https:\/\/dutchhealthstore.com\/wp-content\/uploads\/2018\/02\/Living-Libations-Organic-Logo-510x57.png 510w, https:\/\/dutchhealthstore.com\/wp-content\/uploads\/2018\/02\/Living-Libations-Organic-Logo-768x85.png 768w, https:\/\/dutchhealthstore.com\/wp-content\/uploads\/2018\/02\/Living-Libations-Organic-Logo.png 1400w\" sizes=\"(max-width: 800px) 100vw, 800px\" \/><\/p>\n","protected":false},"excerpt":{"rendered":"<p>Durchtr\u00e4nken Sie Ihre Sinne und stillen Sie Ihre Aura mit verlockenden Geschm\u00e4ckern aus dem botanischen Bankett der Erde. \u00dcbergie\u00dfen Sie sich mit diesem k\u00f6stlichen und saftigen Duft, der verlockenden Kakao, samtige Vanille und fruchtige Blumen zu einem Parf\u00fcm vereint, das jeden, der es einatmet, in Ohnmacht fallen l\u00e4sst.<\/p>\n<p>Ein Spritzer von <strong>Vanilla <\/strong><strong>Velvet <\/strong><strong>Chocolate <\/strong><strong>Cologne<\/strong> ist eine tiefe, k\u00f6stliche Geschmacksfusion, die Ihre Haut mit der Sinnlichkeit von reichlich Gl\u00fcckseligkeit beduftet.<\/p>\n","protected":false},"featured_media":103593,"comment_status":"open","ping_status":"closed","template":"","meta":[],"product_brand":[],"product_cat":[6700,1032,1493,1210,511],"product_tag":[6702,21395,6740],"class_list":{"0":"post-111105","1":"product","2":"type-product","3":"status-publish","4":"has-post-thumbnail","6":"product_cat-fragrances-de","7":"product_cat-kategorien","8":"product_cat-living-libations-deutschland","9":"product_cat-marken","10":"product_cat-produkte","11":"product_tag-cologne-de","12":"product_tag-korper","13":"product_tag-perfume-de","14":"pa_brand-livinglibations-de","15":"pa_fragrances-product-type-colognes-de","16":"pa_fragrances-product-type-for-him-de","17":"pa_fragrances-product-type-for-her-de-2","18":"pa_gtin-7439657370359-de","19":"pa_size-30-ml-de","20":"pa_size-5-ml-de","22":"first","23":"instock","24":"taxable","25":"shipping-taxable","26":"purchasable","27":"product-type-variable"},"bundled_by":[],"bundle_stock_status":"instock","bundle_stock_quantity":null,"bundle_virtual":false,"bundle_layout":"","bundle_add_to_cart_form_location":"","bundle_editable_in_cart":false,"bundle_sold_individually_context":"","bundle_item_grouping":"","bundle_min_size":"","bundle_max_size":"","bundle_price":[],"bundled_items":[],"bundle_sell_ids":[372693],"atum_controlled":true,"out_stock_date":null,"out_stock_threshold":null,"inheritable":true,"stock_on_hold":0,"sold_today":1,"sales_last_days":1,"out_stock_days":0,"lost_sales":0,"update_date":"2026-04-21T08:13:00","atum_locations":[],"atum_stock_status":"instock","restock_status":false,"low_stock_amount":"","sales_update_date":"2026-04-21T08:13:00","calc_backorders":null,"group_of_quantity":0,"min_quantity":0,"max_quantity":"","exclude_order_quantity_value_rules":"no","exclude_category_quantity_rules":"no","combine_variations":"no","yoast_head":"<!-- This site is optimized with the Yoast SEO Premium plugin v26.5 (Yoast SEO v26.5) - https:\/\/yoast.com\/wordpress\/plugins\/seo\/ -->\n<title>Chocolate Cologne - Vanilla Velvet | Living Libations<\/title>\n<meta name=\"description\" content=\"Living Libations Vanilla Velvet Chocolate Cologne ist ein elegantes Elixier aus den bezauberndsten Aromastoffen der Natur.\" \/>\n<meta name=\"robots\" content=\"index, follow, max-snippet:-1, max-image-preview:large, max-video-preview:-1\" \/>\n<link rel=\"canonical\" href=\"https:\/\/dutchhealthstore.com\/de\/product\/forest-cologne-vanilla-velvet-chocolate\/\" \/>\n<meta property=\"og:locale\" content=\"de_DE\" \/>\n<meta property=\"og:type\" content=\"article\" \/>\n<meta property=\"og:title\" content=\"Chocolate Cologne - Vanilla Velvet - Dutch Health Store\" \/>\n<meta property=\"og:description\" content=\"Living Libations Vanilla Velvet Chocolate Cologne ist ein elegantes Elixier aus den bezauberndsten Aromastoffen der Natur.\" \/>\n<meta property=\"og:url\" content=\"https:\/\/dutchhealthstore.com\/de\/product\/forest-cologne-vanilla-velvet-chocolate\/\" \/>\n<meta property=\"og:site_name\" content=\"Dutch Health Store\" \/>\n<meta property=\"article:publisher\" content=\"https:\/\/www.instagram.com\/dutchhealthstore\/\" \/>\n<meta property=\"article:modified_time\" content=\"2026-01-15T23:00:26+00:00\" \/>\n<meta property=\"og:image\" content=\"https:\/\/dutchhealthstore.com\/wp-content\/uploads\/2018\/02\/Living-Libations-ForestCologne-Vanilla-Velvet-Chocolate-Cologne.jpg\" \/>\n\t<meta property=\"og:image:width\" content=\"510\" \/>\n\t<meta property=\"og:image:height\" content=\"600\" \/>\n\t<meta property=\"og:image:type\" content=\"image\/jpeg\" \/>\n<meta name=\"twitter:card\" content=\"summary_large_image\" \/>\n<meta name=\"twitter:label1\" content=\"Verf\u00fcgbarkeit\" \/>\n\t<meta name=\"twitter:data1\" content=\"Auf Lager\" \/>\n<script type=\"application\/ld+json\" class=\"yoast-schema-graph\">{\"@context\":\"https:\/\/schema.org\",\"@graph\":[{\"@type\":\"WebPage\",\"@id\":\"https:\/\/dutchhealthstore.com\/de\/product\/forest-cologne-vanilla-velvet-chocolate\/\",\"url\":\"https:\/\/dutchhealthstore.com\/de\/product\/forest-cologne-vanilla-velvet-chocolate\/\",\"name\":\"Chocolate Cologne - Vanilla Velvet | Living Libations\",\"isPartOf\":{\"@id\":\"https:\/\/dutchhealthstore.com\/de\/#website\"},\"primaryImageOfPage\":{\"@id\":\"https:\/\/dutchhealthstore.com\/de\/product\/forest-cologne-vanilla-velvet-chocolate\/#primaryimage\"},\"image\":{\"@id\":\"https:\/\/dutchhealthstore.com\/de\/product\/forest-cologne-vanilla-velvet-chocolate\/#primaryimage\"},\"thumbnailUrl\":\"https:\/\/dutchhealthstore.com\/wp-content\/uploads\/2020\/05\/Forest-Cologne-Vanilla-Velvet-Chocolate-Living-Libations-2.jpg\",\"datePublished\":\"2020-05-28T12:39:38+00:00\",\"dateModified\":\"2026-01-15T23:00:26+00:00\",\"description\":\"Living Libations Vanilla Velvet Chocolate Cologne ist ein elegantes Elixier aus den bezauberndsten Aromastoffen der Natur.\",\"breadcrumb\":{\"@id\":\"https:\/\/dutchhealthstore.com\/de\/product\/forest-cologne-vanilla-velvet-chocolate\/#breadcrumb\"},\"inLanguage\":\"de\",\"potentialAction\":[{\"@type\":\"ReadAction\",\"target\":[\"https:\/\/dutchhealthstore.com\/de\/product\/forest-cologne-vanilla-velvet-chocolate\/\"]}]},{\"@type\":\"ImageObject\",\"inLanguage\":\"de\",\"@id\":\"https:\/\/dutchhealthstore.com\/de\/product\/forest-cologne-vanilla-velvet-chocolate\/#primaryimage\",\"url\":\"https:\/\/dutchhealthstore.com\/wp-content\/uploads\/2020\/05\/Forest-Cologne-Vanilla-Velvet-Chocolate-Living-Libations-2.jpg\",\"contentUrl\":\"https:\/\/dutchhealthstore.com\/wp-content\/uploads\/2020\/05\/Forest-Cologne-Vanilla-Velvet-Chocolate-Living-Libations-2.jpg\",\"width\":700,\"height\":700,\"caption\":\"Forest Cologne Vanilla Velvet Chocolate Living Libations 2\"},{\"@type\":\"BreadcrumbList\",\"@id\":\"https:\/\/dutchhealthstore.com\/de\/product\/forest-cologne-vanilla-velvet-chocolate\/#breadcrumb\",\"itemListElement\":[{\"@type\":\"ListItem\",\"position\":1,\"name\":\"Home\",\"item\":\"https:\/\/dutchhealthstore.com\/de\/\"},{\"@type\":\"ListItem\",\"position\":2,\"name\":\"Shop\",\"item\":\"https:\/\/dutchhealthstore.com\/de\/shop-2\/\"},{\"@type\":\"ListItem\",\"position\":3,\"name\":\"Chocolate Cologne &#8211; Vanilla Velvet\"}]},{\"@type\":\"WebSite\",\"@id\":\"https:\/\/dutchhealthstore.com\/de\/#website\",\"url\":\"https:\/\/dutchhealthstore.com\/de\/\",\"name\":\"Dutch Health Store\",\"description\":\"Enhance Your Beauty with Organic &amp; Natural Skincare\",\"publisher\":{\"@id\":\"https:\/\/dutchhealthstore.com\/de\/#organization\"},\"potentialAction\":[{\"@type\":\"SearchAction\",\"target\":{\"@type\":\"EntryPoint\",\"urlTemplate\":\"https:\/\/dutchhealthstore.com\/de\/?s={search_term_string}\"},\"query-input\":{\"@type\":\"PropertyValueSpecification\",\"valueRequired\":true,\"valueName\":\"search_term_string\"}}],\"inLanguage\":\"de\"},{\"@type\":\"Organization\",\"@id\":\"https:\/\/dutchhealthstore.com\/de\/#organization\",\"name\":\"Dutch Health Store\",\"url\":\"https:\/\/dutchhealthstore.com\/de\/\",\"logo\":{\"@type\":\"ImageObject\",\"inLanguage\":\"de\",\"@id\":\"https:\/\/dutchhealthstore.com\/de\/#\/schema\/logo\/image\/\",\"url\":\"https:\/\/dutchhealthstore.com\/wp-content\/uploads\/2020\/08\/logo-dutchhealthstore-jpg-e1599484957574.jpg\",\"contentUrl\":\"https:\/\/dutchhealthstore.com\/wp-content\/uploads\/2020\/08\/logo-dutchhealthstore-jpg-e1599484957574.jpg\",\"width\":400,\"height\":62,\"caption\":\"Dutch Health Store\"},\"image\":{\"@id\":\"https:\/\/dutchhealthstore.com\/de\/#\/schema\/logo\/image\/\"},\"sameAs\":[\"https:\/\/www.instagram.com\/dutchhealthstore\/\",\"https:\/\/www.facebook.com\/dutchhealthstore\"]}]}<\/script>\n<meta property=\"product:brand\" content=\"Living Libations\" \/>\n<meta property=\"og:availability\" content=\"instock\" \/>\n<meta property=\"product:availability\" content=\"instock\" \/>\n<meta property=\"product:condition\" content=\"new\" \/>\n<!-- \/ Yoast SEO Premium plugin. -->","yoast_head_json":{"title":"Chocolate Cologne - Vanilla Velvet | Living Libations","description":"Living Libations Vanilla Velvet Chocolate Cologne ist ein elegantes Elixier aus den bezauberndsten Aromastoffen der Natur.","robots":{"index":"index","follow":"follow","max-snippet":"max-snippet:-1","max-image-preview":"max-image-preview:large","max-video-preview":"max-video-preview:-1"},"canonical":"https:\/\/dutchhealthstore.com\/de\/product\/forest-cologne-vanilla-velvet-chocolate\/","og_locale":"de_DE","og_type":"article","og_title":"Chocolate Cologne - Vanilla Velvet - Dutch Health Store","og_description":"Living Libations Vanilla Velvet Chocolate Cologne ist ein elegantes Elixier aus den bezauberndsten Aromastoffen der Natur.","og_url":"https:\/\/dutchhealthstore.com\/de\/product\/forest-cologne-vanilla-velvet-chocolate\/","og_site_name":"Dutch Health Store","article_publisher":"https:\/\/www.instagram.com\/dutchhealthstore\/","article_modified_time":"2026-01-15T23:00:26+00:00","og_image":[{"width":510,"height":600,"url":"https:\/\/dutchhealthstore.com\/wp-content\/uploads\/2018\/02\/Living-Libations-ForestCologne-Vanilla-Velvet-Chocolate-Cologne.jpg","type":"image\/jpeg"}],"twitter_card":"summary_large_image","twitter_misc":{"Verf\u00fcgbarkeit":"Auf Lager"},"schema":{"@context":"https:\/\/schema.org","@graph":[{"@type":"WebPage","@id":"https:\/\/dutchhealthstore.com\/de\/product\/forest-cologne-vanilla-velvet-chocolate\/","url":"https:\/\/dutchhealthstore.com\/de\/product\/forest-cologne-vanilla-velvet-chocolate\/","name":"Chocolate Cologne - Vanilla Velvet | Living Libations","isPartOf":{"@id":"https:\/\/dutchhealthstore.com\/de\/#website"},"primaryImageOfPage":{"@id":"https:\/\/dutchhealthstore.com\/de\/product\/forest-cologne-vanilla-velvet-chocolate\/#primaryimage"},"image":{"@id":"https:\/\/dutchhealthstore.com\/de\/product\/forest-cologne-vanilla-velvet-chocolate\/#primaryimage"},"thumbnailUrl":"https:\/\/dutchhealthstore.com\/wp-content\/uploads\/2020\/05\/Forest-Cologne-Vanilla-Velvet-Chocolate-Living-Libations-2.jpg","datePublished":"2020-05-28T12:39:38+00:00","dateModified":"2026-01-15T23:00:26+00:00","description":"Living Libations Vanilla Velvet Chocolate Cologne ist ein elegantes Elixier aus den bezauberndsten Aromastoffen der Natur.","breadcrumb":{"@id":"https:\/\/dutchhealthstore.com\/de\/product\/forest-cologne-vanilla-velvet-chocolate\/#breadcrumb"},"inLanguage":"de","potentialAction":[{"@type":"ReadAction","target":["https:\/\/dutchhealthstore.com\/de\/product\/forest-cologne-vanilla-velvet-chocolate\/"]}]},{"@type":"ImageObject","inLanguage":"de","@id":"https:\/\/dutchhealthstore.com\/de\/product\/forest-cologne-vanilla-velvet-chocolate\/#primaryimage","url":"https:\/\/dutchhealthstore.com\/wp-content\/uploads\/2020\/05\/Forest-Cologne-Vanilla-Velvet-Chocolate-Living-Libations-2.jpg","contentUrl":"https:\/\/dutchhealthstore.com\/wp-content\/uploads\/2020\/05\/Forest-Cologne-Vanilla-Velvet-Chocolate-Living-Libations-2.jpg","width":700,"height":700,"caption":"Forest Cologne Vanilla Velvet Chocolate Living Libations 2"},{"@type":"BreadcrumbList","@id":"https:\/\/dutchhealthstore.com\/de\/product\/forest-cologne-vanilla-velvet-chocolate\/#breadcrumb","itemListElement":[{"@type":"ListItem","position":1,"name":"Home","item":"https:\/\/dutchhealthstore.com\/de\/"},{"@type":"ListItem","position":2,"name":"Shop","item":"https:\/\/dutchhealthstore.com\/de\/shop-2\/"},{"@type":"ListItem","position":3,"name":"Chocolate Cologne &#8211; Vanilla Velvet"}]},{"@type":"WebSite","@id":"https:\/\/dutchhealthstore.com\/de\/#website","url":"https:\/\/dutchhealthstore.com\/de\/","name":"Dutch Health Store","description":"Enhance Your Beauty with Organic &amp; Natural Skincare","publisher":{"@id":"https:\/\/dutchhealthstore.com\/de\/#organization"},"potentialAction":[{"@type":"SearchAction","target":{"@type":"EntryPoint","urlTemplate":"https:\/\/dutchhealthstore.com\/de\/?s={search_term_string}"},"query-input":{"@type":"PropertyValueSpecification","valueRequired":true,"valueName":"search_term_string"}}],"inLanguage":"de"},{"@type":"Organization","@id":"https:\/\/dutchhealthstore.com\/de\/#organization","name":"Dutch Health Store","url":"https:\/\/dutchhealthstore.com\/de\/","logo":{"@type":"ImageObject","inLanguage":"de","@id":"https:\/\/dutchhealthstore.com\/de\/#\/schema\/logo\/image\/","url":"https:\/\/dutchhealthstore.com\/wp-content\/uploads\/2020\/08\/logo-dutchhealthstore-jpg-e1599484957574.jpg","contentUrl":"https:\/\/dutchhealthstore.com\/wp-content\/uploads\/2020\/08\/logo-dutchhealthstore-jpg-e1599484957574.jpg","width":400,"height":62,"caption":"Dutch Health Store"},"image":{"@id":"https:\/\/dutchhealthstore.com\/de\/#\/schema\/logo\/image\/"},"sameAs":["https:\/\/www.instagram.com\/dutchhealthstore\/","https:\/\/www.facebook.com\/dutchhealthstore"]}]},"product_brand":"Living Libations","og_availability":"instock","product_availability":"instock","product_condition":"new"},"_links":{"self":[{"href":"https:\/\/dutchhealthstore.com\/de\/wp-json\/wp\/v2\/product\/111105","targetHints":{"allow":["GET"]}}],"collection":[{"href":"https:\/\/dutchhealthstore.com\/de\/wp-json\/wp\/v2\/product"}],"about":[{"href":"https:\/\/dutchhealthstore.com\/de\/wp-json\/wp\/v2\/types\/product"}],"replies":[{"embeddable":true,"href":"https:\/\/dutchhealthstore.com\/de\/wp-json\/wp\/v2\/comments?post=111105"}],"wp:featuredmedia":[{"embeddable":true,"href":"https:\/\/dutchhealthstore.com\/de\/wp-json\/wp\/v2\/media\/103593"}],"wp:attachment":[{"href":"https:\/\/dutchhealthstore.com\/de\/wp-json\/wp\/v2\/media?parent=111105"}],"wp:term":[{"taxonomy":"product_brand","embeddable":true,"href":"https:\/\/dutchhealthstore.com\/de\/wp-json\/wp\/v2\/product_brand?post=111105"},{"taxonomy":"product_cat","embeddable":true,"href":"https:\/\/dutchhealthstore.com\/de\/wp-json\/wp\/v2\/product_cat?post=111105"},{"taxonomy":"product_tag","embeddable":true,"href":"https:\/\/dutchhealthstore.com\/de\/wp-json\/wp\/v2\/product_tag?post=111105"}],"curies":[{"name":"wp","href":"https:\/\/api.w.org\/{rel}","templated":true}]}}