{"id":110731,"date":"2018-02-10T09:49:06","date_gmt":"2018-02-10T08:49:06","guid":{"rendered":"https:\/\/dutchhealthstore.com\/product\/best-cuticles-ever-cuticle-care-oil\/"},"modified":"2026-04-13T11:35:49","modified_gmt":"2026-04-13T09:35:49","slug":"best-cuticles-ever-cuticle-care-oil","status":"publish","type":"product","link":"https:\/\/dutchhealthstore.com\/de\/product\/best-cuticles-ever-cuticle-care-oil\/","title":{"rendered":"Best Cuticles Ever"},"content":{"rendered":"<p><img decoding=\"async\" class=\"size-full wp-image-69549 alignright\" src=\"https:\/\/dutchhealthstore.com\/wp-content\/uploads\/2019\/08\/NEW-Living-Libations-Logo.jpg\" alt=\"NEW - Living Libations - Logo\" width=\"175\" height=\"82\">Revitalisieren Sie Ihre H\u00e4nde und N\u00e4gel und sagen Sie rauen H\u00e4nden und schlaffer Nagelhaut Lebewohl. Best Cuticles Ever Cuticle Care Oil ist ein stark feuchtigkeitsspendendes und trockenheitsbewahrendes Serum &#8211; ein botanisches F\u00fcllhorn f\u00fcr die Nagelhautpflege.<\/p>\n<h3>Use<\/h3>\n<p>Nach dem Geschirrsp\u00fclen, bei Verschmutzungen und zur Beseitigung von Trockenheit anwenden. F\u00fcr eine feuchtigkeitsintensive Therapie \u00fcber Nacht gro\u00dfz\u00fcgig auftragen und die H\u00e4nde mit Baumwollhandschuhen bedecken. Bei trockenen H\u00e4nden gro\u00dfz\u00fcgig auftragen und die H\u00e4nde mit Baumwollhandschuhen bedecken.<\/p>\n<p><strong>Gr\u00f6\u00dfe: 15 ml<\/strong><\/p>\n<h3 class=\"yikes-custom-woo-tab-title yikes-custom-woo-tab-title-natural-organic-ingredients\">Nat\u00fcrliche\/Organische Inhaltsstoffe<\/h3>\n<p><b><strong>Jojoba <\/strong><\/b>(<i><em>Simmondsia chinensis<\/em><\/i>) &#8211;<i><em> <\/em><\/i>Das herrliche, goldene Jojoba n\u00e4hrt und pflegt durstige Haut. Jojoba hat die unvergleichliche F\u00e4higkeit, die Haut mit Feuchtigkeit zu versorgen und eine lang anhaltende Pflegewirkung zu erzielen, die die Haut so weich wie perfekte Seide macht. Es ist vollgepackt mit Peptiden und Lipiden und enth\u00e4lt den h\u00f6chsten Gehalt an phenolischen Verbindungen, die in der Natur vorkommen, sowie Antioxidantien und alle l\u00f6slichen Formen von Vitamin E!<\/p>\n<p><b><strong>Tamanu <\/strong><\/b>(<i><em>Calophyllum inophyllum<\/em><\/i>) &#8211; Das bezaubernde Tamanu ist ein regenerierendes Beeren\u00f6l, das leicht in die Haut einzieht, um die Feuchtigkeit zu bewahren und die Haut vor Trockenheit zu sch\u00fctzen. Selbst f\u00fcr ein fettes \u00d6l hat es einen hohen Lipidgehalt (92%!).<\/p>\n<p><b><strong>Sanddorn <\/strong><\/b>(<i><em>Hippophae rhamnoides<\/em><\/i>) &#8211; Sanddorn gibt seine Lipide an die Haut ab. Dieser superkritische Extrakt ist reich an Omega-Fetts\u00e4uren 3, 6, 7 und 9, Antioxidantien, Vitaminen, Palmitoleins\u00e4uren, Carotinoiden und Phytosterolen. Ein einziger Tropfen Sanddorn\u00f6l enth\u00e4lt 190 verschiedene bioaktive Verbindungen. Diese leuchtend orangefarbene Essenz ist unglaublich regenerierend, lindert R\u00f6tungen und mildert Schwellungen.<\/p>\n<p><b><strong>Rosmarin <\/strong><\/b>(<i><em>Rosmarinus officianilis)<\/em><\/i><b> <\/b>&#8211; Rousing Rosemary ist ein krautiges Wiederbelebungs-Tonikum mit einem erfrischenden, durchdringenden Aroma. Stellen Sie sich Rosmarin als den k\u00e4mpferischen Freund vor, der Tr\u00e4gheit aus ihrer Stagnation herausholt und die Haut mit neuer Frische aufbl\u00fchen l\u00e4sst. Er ist reich an Antioxidantien und bioaktiven Verbindungen wie Carnosins\u00e4ure, Kampfer und Rosmaridiphenol.<\/p>\n<p><b><strong>Palmarosa<\/strong><\/b> (<i><em>Cymbopogon martini<\/em><\/i>) &#8211; Angenehme Palmarosa wird aus einem tropischen, duftenden Gras destilliert. Das Ergebnis ist ein aromatisches \u00d6l, das wie eine zitronig-geranienartige Rose duftet und einfach herrlich f\u00fcr die Nase ist! Dieser beeindruckende Hautverj\u00fcnger ist reich an m\u00e4chtigen Monoterpenolen, erweichenden Estern, lieblichem Linalool und gro\u00dfz\u00fcgigen Geraniolen. Er ist reich an n\u00fctzlichen sekund\u00e4ren Pflanzenstoffen. Dieses wirksame \u00d6l strafft und verj\u00fcngt die Haut<\/p>\n<p><b><strong>Geranie <\/strong><\/b>(<i><em>Pelargonium graveolens<\/em><\/i>)<i><em> &#8211;<\/em><\/i><b><strong> <\/strong><\/b>Dieser sanfte Gigant unter den Hautpflegeprodukten strafft und beruhigt die Haut und reduziert das Erscheinungsbild von Narben.<\/p>\n<p><b><strong>Arnika<\/strong><\/b> (<i><em>Arnika (Arnica montana)<\/em><\/i>) &#8211; Die bewundernswerte Arnika ist eine fr\u00f6hliche, gelbe Bergblume, die in keiner aromatischen Apotheke fehlen darf! Diese beeindruckende Blume hat ihre St\u00e4rke in der Pflege der Haut. Es ist ein w\u00e4rmendes und beruhigendes Einreibemittel.<\/p>\n<p><b><strong>Kamille <\/strong><\/b>(<i><em>Anthemis nobilis<\/em><\/i>) &#8211;<b><strong> <\/strong><\/b>Die wohltuende Kamille wird aus den zarten, zierlichen Bl\u00fctenbl\u00e4ttern der franz\u00f6sischen Kamille dampfdestilliert. Es entspannt und reduziert R\u00f6tungen und Hitze. Es wirkt regenerierend, tonisierend und aufhellend und ist ein wundersch\u00f6nes botanisches Biotikum.<\/p>\n<p><b><strong>Lavendel <\/strong><\/b>(<i><em>Lavendula angustifolia<\/em><\/i>)<b> &#8211; <\/b>Der liebliche Lavendel ist ein sanftes und doch kraftvolles Hauttonikum, das erholsam und beruhigend wirkt.<\/p>\n<p><img fetchpriority=\"high\" decoding=\"async\" class=\"aligncenter size-full wp-image-31577\" src=\"https:\/\/dutchhealthstore.com\/wp-content\/uploads\/2018\/03\/organic_big.png\" alt=\"Organic and Natural - Living Libations\" width=\"623\" height=\"103\" srcset=\"https:\/\/dutchhealthstore.com\/wp-content\/uploads\/2018\/03\/organic_big.png 623w, https:\/\/dutchhealthstore.com\/wp-content\/uploads\/2018\/03\/organic_big-510x84.png 510w, https:\/\/dutchhealthstore.com\/wp-content\/uploads\/2018\/03\/organic_big-600x99.png 600w, https:\/\/dutchhealthstore.com\/wp-content\/uploads\/2018\/03\/organic_big-350x58.png 350w\" sizes=\"(max-width: 623px) 100vw, 623px\" \/><\/p>\n","protected":false},"excerpt":{"rendered":"<p>Mit dem Living Libations <strong>Best Cuticles Ever<\/strong> Nagelhautpflege\u00f6l k\u00f6nnen Sie sich von Ihrer besten Seite zeigen. Lassen Sie die trockene Nagelhaut nicht aus dem Ruder laufen! Salben Sie diese n\u00e4hrenden Pflanzenstoffe in das Nagelbett ein, um N\u00e4gel und Nagelhaut frei von H\u00e4ngenageln zu halten.<\/p>\n<p>Applaus f\u00fcr eine Show der h\u00e4ngenden H\u00e4nde ohne N\u00e4gel!<\/p>\n","protected":false},"featured_media":110732,"comment_status":"open","ping_status":"closed","template":"","meta":[],"product_brand":[],"product_cat":[1101,3734,1032,515,1502,1493,1210,511],"product_tag":[21427,9604,9772,4831],"class_list":{"0":"post-110731","1":"product","2":"type-product","3":"status-publish","4":"has-post-thumbnail","6":"product_cat-handcreme-de","7":"product_cat-handpflege","8":"product_cat-kategorien","9":"product_cat-korperpflege-de","10":"product_cat-korperpflege-living-libations","11":"product_cat-living-libations-deutschland","12":"product_cat-marken","13":"product_cat-produkte","14":"product_tag-hande","15":"product_tag-hydrating-de","16":"product_tag-moisturizer-de","17":"product_tag-skin-de","18":"pa_brand-livinglibations-de","19":"pa_size-15-ml-de-2","21":"first","22":"instock","23":"taxable","24":"shipping-taxable","25":"purchasable","26":"product-type-simple"},"bundled_by":[],"bundle_stock_status":"instock","bundle_stock_quantity":3,"bundle_virtual":false,"bundle_layout":"","bundle_add_to_cart_form_location":"","bundle_editable_in_cart":false,"bundle_sold_individually_context":"","bundle_item_grouping":"","bundle_min_size":"","bundle_max_size":"","bundle_price":[],"bundled_items":[],"bundle_sell_ids":[],"atum_controlled":true,"out_stock_date":null,"out_stock_threshold":null,"inheritable":false,"stock_on_hold":0,"sold_today":0,"sales_last_days":0,"out_stock_days":30,"lost_sales":0,"update_date":"2026-04-14T10:20:26","atum_locations":[],"atum_stock_status":"instock","restock_status":false,"low_stock_amount":"","sales_update_date":"2026-04-14T10:20:26","calc_backorders":null,"group_of_quantity":0,"min_quantity":0,"max_quantity":"","exclude_order_quantity_value_rules":"no","exclude_category_quantity_rules":"no","combine_variations":"no","yoast_head":"<!-- This site is optimized with the Yoast SEO Premium plugin v26.5 (Yoast SEO v26.5) - https:\/\/yoast.com\/wordpress\/plugins\/seo\/ -->\n<title>Best Cuticles Ever - Living Libations<\/title>\n<meta name=\"description\" content=\"Zeigen Sie sich von Ihrer besten Seite mit Best Cuticles Ever - Cuticle Care Oil.\" \/>\n<meta name=\"robots\" content=\"index, follow, max-snippet:-1, max-image-preview:large, max-video-preview:-1\" \/>\n<link rel=\"canonical\" href=\"https:\/\/dutchhealthstore.com\/de\/product\/best-cuticles-ever-cuticle-care-oil\/\" \/>\n<meta property=\"og:locale\" content=\"de_DE\" \/>\n<meta property=\"og:type\" content=\"article\" \/>\n<meta property=\"og:title\" content=\"Best Cuticles Ever - Dutch Health Store\" \/>\n<meta property=\"og:description\" content=\"Zeigen Sie sich von Ihrer besten Seite mit Best Cuticles Ever - Cuticle Care Oil.\" \/>\n<meta property=\"og:url\" content=\"https:\/\/dutchhealthstore.com\/de\/product\/best-cuticles-ever-cuticle-care-oil\/\" \/>\n<meta property=\"og:site_name\" content=\"Dutch Health Store\" \/>\n<meta property=\"article:publisher\" content=\"https:\/\/www.instagram.com\/dutchhealthstore\/\" \/>\n<meta property=\"article:modified_time\" content=\"2026-04-13T09:35:49+00:00\" \/>\n<meta property=\"og:image\" content=\"https:\/\/dutchhealthstore.com\/wp-content\/uploads\/2018\/02\/Best-Cuticles-Ever-Living-Libations.jpg\" \/>\n\t<meta property=\"og:image:width\" content=\"510\" \/>\n\t<meta property=\"og:image:height\" content=\"600\" \/>\n\t<meta property=\"og:image:type\" content=\"image\/jpeg\" \/>\n<meta name=\"twitter:card\" content=\"summary_large_image\" \/>\n<meta name=\"twitter:label1\" content=\"Preis\" \/>\n\t<meta name=\"twitter:data1\" content=\"&euro;30,00\" \/>\n\t<meta name=\"twitter:label2\" content=\"Verf\u00fcgbarkeit\" \/>\n\t<meta name=\"twitter:data2\" content=\"Auf Lager\" \/>\n<script type=\"application\/ld+json\" class=\"yoast-schema-graph\">{\"@context\":\"https:\/\/schema.org\",\"@graph\":[{\"@type\":\"WebPage\",\"@id\":\"https:\/\/dutchhealthstore.com\/de\/product\/best-cuticles-ever-cuticle-care-oil\/\",\"url\":\"https:\/\/dutchhealthstore.com\/de\/product\/best-cuticles-ever-cuticle-care-oil\/\",\"name\":\"Best Cuticles Ever - Living Libations\",\"isPartOf\":{\"@id\":\"https:\/\/dutchhealthstore.com\/de\/#website\"},\"primaryImageOfPage\":{\"@id\":\"https:\/\/dutchhealthstore.com\/de\/product\/best-cuticles-ever-cuticle-care-oil\/#primaryimage\"},\"image\":{\"@id\":\"https:\/\/dutchhealthstore.com\/de\/product\/best-cuticles-ever-cuticle-care-oil\/#primaryimage\"},\"thumbnailUrl\":\"https:\/\/dutchhealthstore.com\/wp-content\/uploads\/2018\/02\/Best-Cuticles-Ever-Living-Libations.jpg\",\"datePublished\":\"2018-02-10T08:49:06+00:00\",\"dateModified\":\"2026-04-13T09:35:49+00:00\",\"description\":\"Zeigen Sie sich von Ihrer besten Seite mit Best Cuticles Ever - Cuticle Care Oil.\",\"breadcrumb\":{\"@id\":\"https:\/\/dutchhealthstore.com\/de\/product\/best-cuticles-ever-cuticle-care-oil\/#breadcrumb\"},\"inLanguage\":\"de\",\"potentialAction\":[{\"@type\":\"ReadAction\",\"target\":[\"https:\/\/dutchhealthstore.com\/de\/product\/best-cuticles-ever-cuticle-care-oil\/\"]}]},{\"@type\":\"ImageObject\",\"inLanguage\":\"de\",\"@id\":\"https:\/\/dutchhealthstore.com\/de\/product\/best-cuticles-ever-cuticle-care-oil\/#primaryimage\",\"url\":\"https:\/\/dutchhealthstore.com\/wp-content\/uploads\/2018\/02\/Best-Cuticles-Ever-Living-Libations.jpg\",\"contentUrl\":\"https:\/\/dutchhealthstore.com\/wp-content\/uploads\/2018\/02\/Best-Cuticles-Ever-Living-Libations.jpg\",\"width\":510,\"height\":600,\"caption\":\"Living Libations - Best Cuticles Ever\"},{\"@type\":\"BreadcrumbList\",\"@id\":\"https:\/\/dutchhealthstore.com\/de\/product\/best-cuticles-ever-cuticle-care-oil\/#breadcrumb\",\"itemListElement\":[{\"@type\":\"ListItem\",\"position\":1,\"name\":\"Home\",\"item\":\"https:\/\/dutchhealthstore.com\/de\/\"},{\"@type\":\"ListItem\",\"position\":2,\"name\":\"Shop\",\"item\":\"https:\/\/dutchhealthstore.com\/de\/shop-2\/\"},{\"@type\":\"ListItem\",\"position\":3,\"name\":\"Best Cuticles Ever\"}]},{\"@type\":\"WebSite\",\"@id\":\"https:\/\/dutchhealthstore.com\/de\/#website\",\"url\":\"https:\/\/dutchhealthstore.com\/de\/\",\"name\":\"Dutch Health Store\",\"description\":\"Enhance Your Beauty with Organic &amp; Natural Skincare\",\"publisher\":{\"@id\":\"https:\/\/dutchhealthstore.com\/de\/#organization\"},\"potentialAction\":[{\"@type\":\"SearchAction\",\"target\":{\"@type\":\"EntryPoint\",\"urlTemplate\":\"https:\/\/dutchhealthstore.com\/de\/?s={search_term_string}\"},\"query-input\":{\"@type\":\"PropertyValueSpecification\",\"valueRequired\":true,\"valueName\":\"search_term_string\"}}],\"inLanguage\":\"de\"},{\"@type\":\"Organization\",\"@id\":\"https:\/\/dutchhealthstore.com\/de\/#organization\",\"name\":\"Dutch Health Store\",\"url\":\"https:\/\/dutchhealthstore.com\/de\/\",\"logo\":{\"@type\":\"ImageObject\",\"inLanguage\":\"de\",\"@id\":\"https:\/\/dutchhealthstore.com\/de\/#\/schema\/logo\/image\/\",\"url\":\"https:\/\/dutchhealthstore.com\/wp-content\/uploads\/2020\/08\/logo-dutchhealthstore-jpg-e1599484957574.jpg\",\"contentUrl\":\"https:\/\/dutchhealthstore.com\/wp-content\/uploads\/2020\/08\/logo-dutchhealthstore-jpg-e1599484957574.jpg\",\"width\":400,\"height\":62,\"caption\":\"Dutch Health Store\"},\"image\":{\"@id\":\"https:\/\/dutchhealthstore.com\/de\/#\/schema\/logo\/image\/\"},\"sameAs\":[\"https:\/\/www.instagram.com\/dutchhealthstore\/\",\"https:\/\/www.facebook.com\/dutchhealthstore\"]}]}<\/script>\n<meta property=\"product:brand\" content=\"Living Libations\" \/>\n<meta property=\"product:price:amount\" content=\"30.00\" \/>\n<meta property=\"product:price:currency\" content=\"EUR\" \/>\n<meta property=\"og:availability\" content=\"instock\" \/>\n<meta property=\"product:availability\" content=\"instock\" \/>\n<meta property=\"product:condition\" content=\"new\" \/>\n<!-- \/ Yoast SEO Premium plugin. -->","yoast_head_json":{"title":"Best Cuticles Ever - Living Libations","description":"Zeigen Sie sich von Ihrer besten Seite mit Best Cuticles Ever - Cuticle Care Oil.","robots":{"index":"index","follow":"follow","max-snippet":"max-snippet:-1","max-image-preview":"max-image-preview:large","max-video-preview":"max-video-preview:-1"},"canonical":"https:\/\/dutchhealthstore.com\/de\/product\/best-cuticles-ever-cuticle-care-oil\/","og_locale":"de_DE","og_type":"article","og_title":"Best Cuticles Ever - Dutch Health Store","og_description":"Zeigen Sie sich von Ihrer besten Seite mit Best Cuticles Ever - Cuticle Care Oil.","og_url":"https:\/\/dutchhealthstore.com\/de\/product\/best-cuticles-ever-cuticle-care-oil\/","og_site_name":"Dutch Health Store","article_publisher":"https:\/\/www.instagram.com\/dutchhealthstore\/","article_modified_time":"2026-04-13T09:35:49+00:00","og_image":[{"width":510,"height":600,"url":"https:\/\/dutchhealthstore.com\/wp-content\/uploads\/2018\/02\/Best-Cuticles-Ever-Living-Libations.jpg","type":"image\/jpeg"}],"twitter_card":"summary_large_image","twitter_misc":{"Preis":"&euro;30,00","Verf\u00fcgbarkeit":"Auf Lager"},"schema":{"@context":"https:\/\/schema.org","@graph":[{"@type":"WebPage","@id":"https:\/\/dutchhealthstore.com\/de\/product\/best-cuticles-ever-cuticle-care-oil\/","url":"https:\/\/dutchhealthstore.com\/de\/product\/best-cuticles-ever-cuticle-care-oil\/","name":"Best Cuticles Ever - Living Libations","isPartOf":{"@id":"https:\/\/dutchhealthstore.com\/de\/#website"},"primaryImageOfPage":{"@id":"https:\/\/dutchhealthstore.com\/de\/product\/best-cuticles-ever-cuticle-care-oil\/#primaryimage"},"image":{"@id":"https:\/\/dutchhealthstore.com\/de\/product\/best-cuticles-ever-cuticle-care-oil\/#primaryimage"},"thumbnailUrl":"https:\/\/dutchhealthstore.com\/wp-content\/uploads\/2018\/02\/Best-Cuticles-Ever-Living-Libations.jpg","datePublished":"2018-02-10T08:49:06+00:00","dateModified":"2026-04-13T09:35:49+00:00","description":"Zeigen Sie sich von Ihrer besten Seite mit Best Cuticles Ever - Cuticle Care Oil.","breadcrumb":{"@id":"https:\/\/dutchhealthstore.com\/de\/product\/best-cuticles-ever-cuticle-care-oil\/#breadcrumb"},"inLanguage":"de","potentialAction":[{"@type":"ReadAction","target":["https:\/\/dutchhealthstore.com\/de\/product\/best-cuticles-ever-cuticle-care-oil\/"]}]},{"@type":"ImageObject","inLanguage":"de","@id":"https:\/\/dutchhealthstore.com\/de\/product\/best-cuticles-ever-cuticle-care-oil\/#primaryimage","url":"https:\/\/dutchhealthstore.com\/wp-content\/uploads\/2018\/02\/Best-Cuticles-Ever-Living-Libations.jpg","contentUrl":"https:\/\/dutchhealthstore.com\/wp-content\/uploads\/2018\/02\/Best-Cuticles-Ever-Living-Libations.jpg","width":510,"height":600,"caption":"Living Libations - Best Cuticles Ever"},{"@type":"BreadcrumbList","@id":"https:\/\/dutchhealthstore.com\/de\/product\/best-cuticles-ever-cuticle-care-oil\/#breadcrumb","itemListElement":[{"@type":"ListItem","position":1,"name":"Home","item":"https:\/\/dutchhealthstore.com\/de\/"},{"@type":"ListItem","position":2,"name":"Shop","item":"https:\/\/dutchhealthstore.com\/de\/shop-2\/"},{"@type":"ListItem","position":3,"name":"Best Cuticles Ever"}]},{"@type":"WebSite","@id":"https:\/\/dutchhealthstore.com\/de\/#website","url":"https:\/\/dutchhealthstore.com\/de\/","name":"Dutch Health Store","description":"Enhance Your Beauty with Organic &amp; Natural Skincare","publisher":{"@id":"https:\/\/dutchhealthstore.com\/de\/#organization"},"potentialAction":[{"@type":"SearchAction","target":{"@type":"EntryPoint","urlTemplate":"https:\/\/dutchhealthstore.com\/de\/?s={search_term_string}"},"query-input":{"@type":"PropertyValueSpecification","valueRequired":true,"valueName":"search_term_string"}}],"inLanguage":"de"},{"@type":"Organization","@id":"https:\/\/dutchhealthstore.com\/de\/#organization","name":"Dutch Health Store","url":"https:\/\/dutchhealthstore.com\/de\/","logo":{"@type":"ImageObject","inLanguage":"de","@id":"https:\/\/dutchhealthstore.com\/de\/#\/schema\/logo\/image\/","url":"https:\/\/dutchhealthstore.com\/wp-content\/uploads\/2020\/08\/logo-dutchhealthstore-jpg-e1599484957574.jpg","contentUrl":"https:\/\/dutchhealthstore.com\/wp-content\/uploads\/2020\/08\/logo-dutchhealthstore-jpg-e1599484957574.jpg","width":400,"height":62,"caption":"Dutch Health Store"},"image":{"@id":"https:\/\/dutchhealthstore.com\/de\/#\/schema\/logo\/image\/"},"sameAs":["https:\/\/www.instagram.com\/dutchhealthstore\/","https:\/\/www.facebook.com\/dutchhealthstore"]}]},"product_brand":"Living Libations","product_price_amount":"30.00","product_price_currency":"EUR","og_availability":"instock","product_availability":"instock","product_condition":"new"},"_links":{"self":[{"href":"https:\/\/dutchhealthstore.com\/de\/wp-json\/wp\/v2\/product\/110731","targetHints":{"allow":["GET"]}}],"collection":[{"href":"https:\/\/dutchhealthstore.com\/de\/wp-json\/wp\/v2\/product"}],"about":[{"href":"https:\/\/dutchhealthstore.com\/de\/wp-json\/wp\/v2\/types\/product"}],"replies":[{"embeddable":true,"href":"https:\/\/dutchhealthstore.com\/de\/wp-json\/wp\/v2\/comments?post=110731"}],"wp:featuredmedia":[{"embeddable":true,"href":"https:\/\/dutchhealthstore.com\/de\/wp-json\/wp\/v2\/media\/110732"}],"wp:attachment":[{"href":"https:\/\/dutchhealthstore.com\/de\/wp-json\/wp\/v2\/media?parent=110731"}],"wp:term":[{"taxonomy":"product_brand","embeddable":true,"href":"https:\/\/dutchhealthstore.com\/de\/wp-json\/wp\/v2\/product_brand?post=110731"},{"taxonomy":"product_cat","embeddable":true,"href":"https:\/\/dutchhealthstore.com\/de\/wp-json\/wp\/v2\/product_cat?post=110731"},{"taxonomy":"product_tag","embeddable":true,"href":"https:\/\/dutchhealthstore.com\/de\/wp-json\/wp\/v2\/product_tag?post=110731"}],"curies":[{"name":"wp","href":"https:\/\/api.w.org\/{rel}","templated":true}]}}