{"id":110587,"date":"2020-07-03T08:04:37","date_gmt":"2020-07-03T08:04:37","guid":{"rendered":"https:\/\/dutchhealthstore.com\/product\/sweet-sleep-pillow-perfume\/"},"modified":"2024-11-29T15:00:40","modified_gmt":"2024-11-29T14:00:40","slug":"sweet-sleep-pillow-perfume","status":"publish","type":"product","link":"https:\/\/dutchhealthstore.com\/de\/product\/sweet-sleep-pillow-perfume\/","title":{"rendered":"Sweet Sleep Pillow Perfume"},"content":{"rendered":"<h3><img decoding=\"async\" class=\"size-full wp-image-69549 alignright\" src=\"https:\/\/dutchhealthstore.com\/wp-content\/uploads\/2019\/08\/NEW-Living-Libations-Logo.jpg\" alt=\"NEW - Living Libations - Logo\" width=\"175\" height=\"82\">Instruktion<\/h3>\n<p>Spr\u00fchen Sie dieses Sweet Sleep Schlaflied auf Bettw\u00e4sche und Kissen, wenn Sie sich bettfertig machen. Perfekt f\u00fcr Reisen und um den Schlaf in Hotelzimmern zu vers\u00fc\u00dfen. Kann auch auf das Haar und die Pulspunkte aufgetragen werden, um einen sanguinischen Duft zu erzeugen, der Ihre Aura mit einem heiteren Traum umh\u00fcllt.<\/p>\n<p><strong>Gr\u00f6\u00dfe: 5 ml, 30 ml und 50 ml<\/strong><\/p>\n<h3 class=\"yikes-custom-woo-tab-title yikes-custom-woo-tab-title-natural-organic-ingredients\">Nat\u00fcrliche\/Organische Inhaltsstoffe<\/h3>\n<p><strong>Biologischer biodynamischer Alkohol<\/strong> &#8211; Biologischer biodynamischer Alkohol dient als perfekter Tr\u00e4ger, der es jedem pflanzlichen Stoff erm\u00f6glicht, m\u00fchelos in die Haut einzudringen und die Luft zu beduften. Dieser biologische, biodynamische Alkohol ist von h\u00f6chster Qualit\u00e4t und wird dreifach gefiltert, um seine Reinheit zu gew\u00e4hrleisten. Er wird aus zertifizierten biologischen Trauben hergestellt und unabh\u00e4ngig getestet, um sicherzustellen, dass er den Standards der United States Pharmacopeia (USP) f\u00fcr reinen, biologischen Alkohol pharmazeutischer Qualit\u00e4t entspricht.<\/p>\n<p><strong>Lavendel<\/strong> <em>(Lavendula angustifolia)<\/em> &#8211; Einlullend Lavendel ist ein Schlaflied in der Flasche; es beruhigt K\u00f6rper und Geist f\u00fcr die friedlichen M\u00f6glichkeiten eines erholsamen Schlafes.<\/p>\n<p><strong>Majoran<\/strong> <em>(Origanum marjorana)<\/em> &#8211; Der krautige Majoran wird seit biblischen Zeiten zur Reinigung von K\u00f6rper, Geist und Seele verwendet. Dampfdestilliert, um die botanischen Segnungen dieses duftenden Krauts einzufangen, ist das warme und durchdringende Aroma unseres Majorans eine heitere Angelegenheit. Die alten Griechen und R\u00f6mer verehrten ihn, weil er Frieden und Gl\u00fcck beschw\u00f6ren sollte.<\/p>\n<p><strong>S\u00fc\u00dfer Thymian<\/strong> <em>(Thymus linalool)<\/em> &#8211; S\u00fc\u00dfer Thymian ist ein Meister der Entspannung. Ihr Gehirn und Ihr K\u00f6rper werden erleichtert aufatmen, wenn Sie von der Anspannung in den s\u00fc\u00dfen Schlummer \u00fcbergehen.<\/p>\n<p><strong>H. Blossoms<\/strong> &#8211; Das zarte H. Blossoms Essential Oil hebt die Stimmung, lindert die Sorgen und beruhigt den besorgten Geist. Er wiegt den Geist in einen ruhigen, anhaltenden Schlaf.<\/p>\n<p><strong>Spikenard<\/strong> <em>(Nardostachys jatamansi)<\/em> &#8211; Spikenard wirkt regenerierend und ausgleichend und f\u00f6rdert die Harmonie im gesamten K\u00f6rper. Diese entspannende Wurzel l\u00f6st Stress und Spannungen auf und beruhigt bei Schlaflosigkeit.<\/p>\n<p><strong>Vanille<\/strong> <em>(Vanilla planifolia)<\/em> &#8211; Samtige Vanille lindert Sorgen und bes\u00e4nftigt den unruhigen Geist. Es vertreibt die Gef\u00fchle von Nervosit\u00e4t und Unruhe, die nachts den Geist durcheinander bringen.<\/p>\n<p><strong>Sei still wie der See, in dem sich der Mond spiegelt.<\/strong><\/p>\n<p>&nbsp;<\/p>\n<p><img fetchpriority=\"high\" decoding=\"async\" class=\"size-medium wp-image-68103 aligncenter\" src=\"https:\/\/dutchhealthstore.com\/wp-content\/uploads\/2018\/02\/Living-Libations-Organic-Logo-800x89.png\" alt=\"Living Libations - Organic Logo\" width=\"800\" height=\"89\" srcset=\"https:\/\/dutchhealthstore.com\/wp-content\/uploads\/2018\/02\/Living-Libations-Organic-Logo-800x89.png 800w, https:\/\/dutchhealthstore.com\/wp-content\/uploads\/2018\/02\/Living-Libations-Organic-Logo-510x57.png 510w, https:\/\/dutchhealthstore.com\/wp-content\/uploads\/2018\/02\/Living-Libations-Organic-Logo-768x85.png 768w, https:\/\/dutchhealthstore.com\/wp-content\/uploads\/2018\/02\/Living-Libations-Organic-Logo.png 1400w\" sizes=\"(max-width: 800px) 100vw, 800px\" \/><\/p>\n","protected":false},"excerpt":{"rendered":"<p>Tr\u00e4umen Sie tief, w\u00e4hrend Living Libations<strong> Sweet Sleep Pillow Perfume<\/strong> Ihren K\u00f6rper umschmeichelt und Sie mit einem s\u00fc\u00dfen Duft in die Nacht entl\u00e4sst, w\u00e4hrend Sie Kraft f\u00fcr das Tageslicht sammeln. Lassen Sie die Spannung abfallen, w\u00e4hrend Sie im Traumland verweilen.<\/p>\n<p>Sweet Sleep duftet nach einer erhabenen Ruhe aus pflanzlichen Liedern, die Sie sanft in den Schlaf wiegen. Entspannen Sie sich, entspannen Sie Ihren Geist und bereiten Sie Ihre Kissen f\u00fcr den Sonnenaufgang vor. Atme in das Herz deiner Brust, erlaube dir, in eine angenehme Ruhe zu kommen.<\/p>\n","protected":false},"featured_media":229254,"comment_status":"open","ping_status":"closed","template":"","meta":[],"product_brand":[],"product_cat":[1962,1498,6753,6645,1493,1210,1048,511],"product_tag":[343,21529,21809,6797],"class_list":{"0":"post-110587","1":"product","2":"type-product","3":"status-publish","4":"has-post-thumbnail","6":"product_cat-elixir-blends","7":"product_cat-baby-kind-living-libations","8":"product_cat-babies-pregnancy","9":"product_cat-family-de","10":"product_cat-living-libations-deutschland","11":"product_cat-marken","12":"product_cat-kollektion","13":"product_cat-produkte","14":"product_tag-aroma","15":"product_tag-entspannend","16":"product_tag-natural-de","17":"product_tag-spray-de","18":"pa_brand-livinglibations-de","19":"pa_gtin-7439657383397-de","20":"pa_size-30-ml-de","21":"pa_size-5-ml-de","22":"pa_size-50-ml-de","24":"first","25":"instock","26":"taxable","27":"shipping-taxable","28":"purchasable","29":"product-type-variable"},"bundled_by":[],"bundle_stock_status":"instock","bundle_stock_quantity":null,"bundle_virtual":false,"bundle_layout":"","bundle_add_to_cart_form_location":"","bundle_editable_in_cart":false,"bundle_sold_individually_context":"","bundle_item_grouping":"","bundle_min_size":"","bundle_max_size":"","bundle_price":[],"bundled_items":[],"bundle_sell_ids":[247526],"atum_controlled":true,"out_stock_date":null,"out_stock_threshold":null,"inheritable":true,"stock_on_hold":2,"sold_today":1,"sales_last_days":2,"out_stock_days":0,"lost_sales":0,"update_date":"2026-04-26T21:53:14","atum_locations":[],"atum_stock_status":"instock","restock_status":false,"low_stock_amount":"","sales_update_date":"2026-04-26T00:12:33","calc_backorders":null,"group_of_quantity":0,"min_quantity":0,"max_quantity":"","exclude_order_quantity_value_rules":"no","exclude_category_quantity_rules":"no","combine_variations":"no","yoast_head":"<!-- This site is optimized with the Yoast SEO Premium plugin v26.5 (Yoast SEO v26.5) - https:\/\/yoast.com\/wordpress\/plugins\/seo\/ -->\n<title>Sweet Sleep pillow perfume | Living Libations<\/title>\n<meta name=\"description\" content=\"Sweet Sleep duftet nach einer erhabenen Ruhe aus pflanzlichen Liedern, die Sie sanft in den Schlaf wiegen. Entspannen Sie sich, entspannen Sie Ihren Geist und bereiten Sie Ihre Kissen f\u00fcr den Sonnenaufgang vor.\" \/>\n<meta name=\"robots\" content=\"index, follow, max-snippet:-1, max-image-preview:large, max-video-preview:-1\" \/>\n<link rel=\"canonical\" href=\"https:\/\/dutchhealthstore.com\/de\/product\/sweet-sleep-pillow-perfume\/\" \/>\n<meta property=\"og:locale\" content=\"de_DE\" \/>\n<meta property=\"og:type\" content=\"article\" \/>\n<meta property=\"og:title\" content=\"Sweet Sleep Pillow Perfume - Dutch Health Store\" \/>\n<meta property=\"og:description\" content=\"Sweet Sleep duftet nach einer erhabenen Ruhe aus pflanzlichen Liedern, die Sie sanft in den Schlaf wiegen. Entspannen Sie sich, entspannen Sie Ihren Geist und bereiten Sie Ihre Kissen f\u00fcr den Sonnenaufgang vor.\" \/>\n<meta property=\"og:url\" content=\"https:\/\/dutchhealthstore.com\/de\/product\/sweet-sleep-pillow-perfume\/\" \/>\n<meta property=\"og:site_name\" content=\"Dutch Health Store\" \/>\n<meta property=\"article:publisher\" content=\"https:\/\/www.instagram.com\/dutchhealthstore\/\" \/>\n<meta property=\"article:modified_time\" content=\"2024-11-29T14:00:40+00:00\" \/>\n<meta property=\"og:image\" content=\"https:\/\/dutchhealthstore.com\/wp-content\/uploads\/2020\/07\/LLsweetsleephoofdfoto.jpg\" \/>\n\t<meta property=\"og:image:width\" content=\"510\" \/>\n\t<meta property=\"og:image:height\" content=\"510\" \/>\n\t<meta property=\"og:image:type\" content=\"image\/jpeg\" \/>\n<meta name=\"twitter:card\" content=\"summary_large_image\" \/>\n<meta name=\"twitter:label1\" content=\"Verf\u00fcgbarkeit\" \/>\n\t<meta name=\"twitter:data1\" content=\"Auf Lager\" \/>\n<script type=\"application\/ld+json\" class=\"yoast-schema-graph\">{\"@context\":\"https:\/\/schema.org\",\"@graph\":[{\"@type\":\"WebPage\",\"@id\":\"https:\/\/dutchhealthstore.com\/de\/product\/sweet-sleep-pillow-perfume\/\",\"url\":\"https:\/\/dutchhealthstore.com\/de\/product\/sweet-sleep-pillow-perfume\/\",\"name\":\"Sweet Sleep pillow perfume | Living Libations\",\"isPartOf\":{\"@id\":\"https:\/\/dutchhealthstore.com\/de\/#website\"},\"primaryImageOfPage\":{\"@id\":\"https:\/\/dutchhealthstore.com\/de\/product\/sweet-sleep-pillow-perfume\/#primaryimage\"},\"image\":{\"@id\":\"https:\/\/dutchhealthstore.com\/de\/product\/sweet-sleep-pillow-perfume\/#primaryimage\"},\"thumbnailUrl\":\"https:\/\/dutchhealthstore.com\/wp-content\/uploads\/2020\/07\/LLsweetsleephoofdfoto.jpg\",\"datePublished\":\"2020-07-03T08:04:37+00:00\",\"dateModified\":\"2024-11-29T14:00:40+00:00\",\"description\":\"Sweet Sleep duftet nach einer erhabenen Ruhe aus pflanzlichen Liedern, die Sie sanft in den Schlaf wiegen. Entspannen Sie sich, entspannen Sie Ihren Geist und bereiten Sie Ihre Kissen f\u00fcr den Sonnenaufgang vor.\",\"breadcrumb\":{\"@id\":\"https:\/\/dutchhealthstore.com\/de\/product\/sweet-sleep-pillow-perfume\/#breadcrumb\"},\"inLanguage\":\"de\",\"potentialAction\":[{\"@type\":\"ReadAction\",\"target\":[\"https:\/\/dutchhealthstore.com\/de\/product\/sweet-sleep-pillow-perfume\/\"]}]},{\"@type\":\"ImageObject\",\"inLanguage\":\"de\",\"@id\":\"https:\/\/dutchhealthstore.com\/de\/product\/sweet-sleep-pillow-perfume\/#primaryimage\",\"url\":\"https:\/\/dutchhealthstore.com\/wp-content\/uploads\/2020\/07\/LLsweetsleephoofdfoto.jpg\",\"contentUrl\":\"https:\/\/dutchhealthstore.com\/wp-content\/uploads\/2020\/07\/LLsweetsleephoofdfoto.jpg\",\"width\":510,\"height\":510,\"caption\":\"LLsweetsleephoofdfoto\"},{\"@type\":\"BreadcrumbList\",\"@id\":\"https:\/\/dutchhealthstore.com\/de\/product\/sweet-sleep-pillow-perfume\/#breadcrumb\",\"itemListElement\":[{\"@type\":\"ListItem\",\"position\":1,\"name\":\"Home\",\"item\":\"https:\/\/dutchhealthstore.com\/de\/\"},{\"@type\":\"ListItem\",\"position\":2,\"name\":\"Shop\",\"item\":\"https:\/\/dutchhealthstore.com\/de\/shop-2\/\"},{\"@type\":\"ListItem\",\"position\":3,\"name\":\"Sweet Sleep Pillow Perfume\"}]},{\"@type\":\"WebSite\",\"@id\":\"https:\/\/dutchhealthstore.com\/de\/#website\",\"url\":\"https:\/\/dutchhealthstore.com\/de\/\",\"name\":\"Dutch Health Store\",\"description\":\"Enhance Your Beauty with Organic &amp; Natural Skincare\",\"publisher\":{\"@id\":\"https:\/\/dutchhealthstore.com\/de\/#organization\"},\"potentialAction\":[{\"@type\":\"SearchAction\",\"target\":{\"@type\":\"EntryPoint\",\"urlTemplate\":\"https:\/\/dutchhealthstore.com\/de\/?s={search_term_string}\"},\"query-input\":{\"@type\":\"PropertyValueSpecification\",\"valueRequired\":true,\"valueName\":\"search_term_string\"}}],\"inLanguage\":\"de\"},{\"@type\":\"Organization\",\"@id\":\"https:\/\/dutchhealthstore.com\/de\/#organization\",\"name\":\"Dutch Health Store\",\"url\":\"https:\/\/dutchhealthstore.com\/de\/\",\"logo\":{\"@type\":\"ImageObject\",\"inLanguage\":\"de\",\"@id\":\"https:\/\/dutchhealthstore.com\/de\/#\/schema\/logo\/image\/\",\"url\":\"https:\/\/dutchhealthstore.com\/wp-content\/uploads\/2020\/08\/logo-dutchhealthstore-jpg-e1599484957574.jpg\",\"contentUrl\":\"https:\/\/dutchhealthstore.com\/wp-content\/uploads\/2020\/08\/logo-dutchhealthstore-jpg-e1599484957574.jpg\",\"width\":400,\"height\":62,\"caption\":\"Dutch Health Store\"},\"image\":{\"@id\":\"https:\/\/dutchhealthstore.com\/de\/#\/schema\/logo\/image\/\"},\"sameAs\":[\"https:\/\/www.instagram.com\/dutchhealthstore\/\",\"https:\/\/www.facebook.com\/dutchhealthstore\"]}]}<\/script>\n<meta property=\"product:brand\" content=\"Living Libations\" \/>\n<meta property=\"og:availability\" content=\"instock\" \/>\n<meta property=\"product:availability\" content=\"instock\" \/>\n<meta property=\"product:condition\" content=\"new\" \/>\n<!-- \/ Yoast SEO Premium plugin. -->","yoast_head_json":{"title":"Sweet Sleep pillow perfume | Living Libations","description":"Sweet Sleep duftet nach einer erhabenen Ruhe aus pflanzlichen Liedern, die Sie sanft in den Schlaf wiegen. Entspannen Sie sich, entspannen Sie Ihren Geist und bereiten Sie Ihre Kissen f\u00fcr den Sonnenaufgang vor.","robots":{"index":"index","follow":"follow","max-snippet":"max-snippet:-1","max-image-preview":"max-image-preview:large","max-video-preview":"max-video-preview:-1"},"canonical":"https:\/\/dutchhealthstore.com\/de\/product\/sweet-sleep-pillow-perfume\/","og_locale":"de_DE","og_type":"article","og_title":"Sweet Sleep Pillow Perfume - Dutch Health Store","og_description":"Sweet Sleep duftet nach einer erhabenen Ruhe aus pflanzlichen Liedern, die Sie sanft in den Schlaf wiegen. Entspannen Sie sich, entspannen Sie Ihren Geist und bereiten Sie Ihre Kissen f\u00fcr den Sonnenaufgang vor.","og_url":"https:\/\/dutchhealthstore.com\/de\/product\/sweet-sleep-pillow-perfume\/","og_site_name":"Dutch Health Store","article_publisher":"https:\/\/www.instagram.com\/dutchhealthstore\/","article_modified_time":"2024-11-29T14:00:40+00:00","og_image":[{"width":510,"height":510,"url":"https:\/\/dutchhealthstore.com\/wp-content\/uploads\/2020\/07\/LLsweetsleephoofdfoto.jpg","type":"image\/jpeg"}],"twitter_card":"summary_large_image","twitter_misc":{"Verf\u00fcgbarkeit":"Auf Lager"},"schema":{"@context":"https:\/\/schema.org","@graph":[{"@type":"WebPage","@id":"https:\/\/dutchhealthstore.com\/de\/product\/sweet-sleep-pillow-perfume\/","url":"https:\/\/dutchhealthstore.com\/de\/product\/sweet-sleep-pillow-perfume\/","name":"Sweet Sleep pillow perfume | Living Libations","isPartOf":{"@id":"https:\/\/dutchhealthstore.com\/de\/#website"},"primaryImageOfPage":{"@id":"https:\/\/dutchhealthstore.com\/de\/product\/sweet-sleep-pillow-perfume\/#primaryimage"},"image":{"@id":"https:\/\/dutchhealthstore.com\/de\/product\/sweet-sleep-pillow-perfume\/#primaryimage"},"thumbnailUrl":"https:\/\/dutchhealthstore.com\/wp-content\/uploads\/2020\/07\/LLsweetsleephoofdfoto.jpg","datePublished":"2020-07-03T08:04:37+00:00","dateModified":"2024-11-29T14:00:40+00:00","description":"Sweet Sleep duftet nach einer erhabenen Ruhe aus pflanzlichen Liedern, die Sie sanft in den Schlaf wiegen. Entspannen Sie sich, entspannen Sie Ihren Geist und bereiten Sie Ihre Kissen f\u00fcr den Sonnenaufgang vor.","breadcrumb":{"@id":"https:\/\/dutchhealthstore.com\/de\/product\/sweet-sleep-pillow-perfume\/#breadcrumb"},"inLanguage":"de","potentialAction":[{"@type":"ReadAction","target":["https:\/\/dutchhealthstore.com\/de\/product\/sweet-sleep-pillow-perfume\/"]}]},{"@type":"ImageObject","inLanguage":"de","@id":"https:\/\/dutchhealthstore.com\/de\/product\/sweet-sleep-pillow-perfume\/#primaryimage","url":"https:\/\/dutchhealthstore.com\/wp-content\/uploads\/2020\/07\/LLsweetsleephoofdfoto.jpg","contentUrl":"https:\/\/dutchhealthstore.com\/wp-content\/uploads\/2020\/07\/LLsweetsleephoofdfoto.jpg","width":510,"height":510,"caption":"LLsweetsleephoofdfoto"},{"@type":"BreadcrumbList","@id":"https:\/\/dutchhealthstore.com\/de\/product\/sweet-sleep-pillow-perfume\/#breadcrumb","itemListElement":[{"@type":"ListItem","position":1,"name":"Home","item":"https:\/\/dutchhealthstore.com\/de\/"},{"@type":"ListItem","position":2,"name":"Shop","item":"https:\/\/dutchhealthstore.com\/de\/shop-2\/"},{"@type":"ListItem","position":3,"name":"Sweet Sleep Pillow Perfume"}]},{"@type":"WebSite","@id":"https:\/\/dutchhealthstore.com\/de\/#website","url":"https:\/\/dutchhealthstore.com\/de\/","name":"Dutch Health Store","description":"Enhance Your Beauty with Organic &amp; Natural Skincare","publisher":{"@id":"https:\/\/dutchhealthstore.com\/de\/#organization"},"potentialAction":[{"@type":"SearchAction","target":{"@type":"EntryPoint","urlTemplate":"https:\/\/dutchhealthstore.com\/de\/?s={search_term_string}"},"query-input":{"@type":"PropertyValueSpecification","valueRequired":true,"valueName":"search_term_string"}}],"inLanguage":"de"},{"@type":"Organization","@id":"https:\/\/dutchhealthstore.com\/de\/#organization","name":"Dutch Health Store","url":"https:\/\/dutchhealthstore.com\/de\/","logo":{"@type":"ImageObject","inLanguage":"de","@id":"https:\/\/dutchhealthstore.com\/de\/#\/schema\/logo\/image\/","url":"https:\/\/dutchhealthstore.com\/wp-content\/uploads\/2020\/08\/logo-dutchhealthstore-jpg-e1599484957574.jpg","contentUrl":"https:\/\/dutchhealthstore.com\/wp-content\/uploads\/2020\/08\/logo-dutchhealthstore-jpg-e1599484957574.jpg","width":400,"height":62,"caption":"Dutch Health Store"},"image":{"@id":"https:\/\/dutchhealthstore.com\/de\/#\/schema\/logo\/image\/"},"sameAs":["https:\/\/www.instagram.com\/dutchhealthstore\/","https:\/\/www.facebook.com\/dutchhealthstore"]}]},"product_brand":"Living Libations","og_availability":"instock","product_availability":"instock","product_condition":"new"},"_links":{"self":[{"href":"https:\/\/dutchhealthstore.com\/de\/wp-json\/wp\/v2\/product\/110587","targetHints":{"allow":["GET"]}}],"collection":[{"href":"https:\/\/dutchhealthstore.com\/de\/wp-json\/wp\/v2\/product"}],"about":[{"href":"https:\/\/dutchhealthstore.com\/de\/wp-json\/wp\/v2\/types\/product"}],"replies":[{"embeddable":true,"href":"https:\/\/dutchhealthstore.com\/de\/wp-json\/wp\/v2\/comments?post=110587"}],"wp:featuredmedia":[{"embeddable":true,"href":"https:\/\/dutchhealthstore.com\/de\/wp-json\/wp\/v2\/media\/229254"}],"wp:attachment":[{"href":"https:\/\/dutchhealthstore.com\/de\/wp-json\/wp\/v2\/media?parent=110587"}],"wp:term":[{"taxonomy":"product_brand","embeddable":true,"href":"https:\/\/dutchhealthstore.com\/de\/wp-json\/wp\/v2\/product_brand?post=110587"},{"taxonomy":"product_cat","embeddable":true,"href":"https:\/\/dutchhealthstore.com\/de\/wp-json\/wp\/v2\/product_cat?post=110587"},{"taxonomy":"product_tag","embeddable":true,"href":"https:\/\/dutchhealthstore.com\/de\/wp-json\/wp\/v2\/product_tag?post=110587"}],"curies":[{"name":"wp","href":"https:\/\/api.w.org\/{rel}","templated":true}]}}