{"id":110564,"date":"2018-02-10T21:32:02","date_gmt":"2018-02-10T19:32:02","guid":{"rendered":"https:\/\/dutchhealthstore.com\/product\/cell-u-light-formula\/"},"modified":"2026-03-23T10:56:54","modified_gmt":"2026-03-23T09:56:54","slug":"cell-u-light-formula","status":"publish","type":"product","link":"https:\/\/dutchhealthstore.com\/de\/product\/cell-u-light-formula\/","title":{"rendered":"CelluLight Formula"},"content":{"rendered":"<p><img decoding=\"async\" class=\"size-full wp-image-69549 alignright\" src=\"https:\/\/dutchhealthstore.com\/wp-content\/uploads\/2019\/08\/NEW-Living-Libations-Logo.jpg\" alt=\"NEW - Living Libations - Logo\" width=\"175\" height=\"82\">Unser K\u00f6rperfett ist ein sch\u00f6nes Lipid. Wir brauchen unser K\u00f6rperfett zur W\u00e4rmeregulierung, zur Polsterung des K\u00f6rpers und als Energiespeicher. Der weibliche K\u00f6rper ist sehr effizient bei der Fettspeicherung, da wir es brauchen, um uns und unsere Babys w\u00e4hrend der Schwangerschaft und beim Stillen zu versorgen, was eine gro\u00dfe Menge an Energie und Kalorien erfordert. Wenn Nahrung und N\u00e4hrstoffe knapp sind, ist unsere Fettspeicherleistung sehr praktisch. Heutzutage haben die meisten von uns reichlich Zugang zu Nahrungsmitteln, und manchmal sind wir mit unseren Fettspeichern nicht ganz zufrieden, vor allem, wenn es um Cellulite geht.<\/p>\n<p>Der Begriff Cellulite wurde in den Vereinigten Staaten erstmals 1966 in der April-Ausgabe der <span style=\"font-size: 14.4px;\"><i>Zeitschrift Vogue<\/i><\/span>. Nicht zuletzt dank der &#8222;Sch\u00f6nheits&#8220;-Magazine gibt es heute viel Aufsehen, Verwirrung und Besorgnis \u00fcber Cellulite, obwohl etwa 80% der Frauen sie irgendwo am K\u00f6rper haben und sie als medizinisch normal und rein kosmetisch betrachtet wird.<\/p>\n<p>Die beste Behandlung f\u00fcr Cellulite ist, seinen K\u00f6rper so zu lieben, wie er ist. Halten Sie sich von kritischen Gedanken und \u00e4tzenden Vergleichen fern. Erfreuen Sie sich an der Sch\u00f6nheit Ihrer einzigartigen Form und bestaunen Sie die verbl\u00fcffend komplizierten Funktionen, die in Ihrem K\u00f6rper ablaufen.<\/p>\n<p>Es gibt einige \u00c4nderungen im Lebensstil, die dazu beitragen k\u00f6nnen, das Erscheinungsbild von Cellulite zu minimieren<br \/>\nMassagen, eine ausgezeichnete Ern\u00e4hrung, die Versorgung mit reinem Wasser, Stressbew\u00e4ltigung, Bewegung und Schwitzen sowie Trockenb\u00fcrsten.<br \/>\nTrockenb\u00fcrsten mit Cell-U-Lite ist eine wunderbare Methode, um den Stoffwechsel anzuregen und die Haut glatter aussehen zu lassen!<\/p>\n<h3>Use<\/h3>\n<p>Nach dem Trockenb\u00fcrsten und Baden in die zu Cellulite neigenden Stellen einmassieren. Konzentrieren Sie sich 4-6 Wochen lang auf bestimmte Bereiche.<\/p>\n<h3 class=\"yikes-custom-woo-tab-title yikes-custom-woo-tab-title-natual-organic-ingredients\">Nat\u00fcrliche\/Organische Inhaltsstoffe<\/h3>\n<p><strong>Jojoba<\/strong> <em>(Simmondsia chinensis)<\/em> &#8211; Das pr\u00e4chtige, goldene Jojoba n\u00e4hrt und pflegt durstige Haut. Jojoba hat die unvergleichliche F\u00e4higkeit, die Haut mit Feuchtigkeit zu versorgen und eine lang anhaltende Pflegewirkung zu erzielen, die die Haut so weich wie perfekte Seide macht. Es ist vollgepackt mit Peptiden und Lipiden und enth\u00e4lt den h\u00f6chsten Gehalt an phenolischen Verbindungen, die in der Natur vorkommen, sowie N\u00e4hrstoffe und alle l\u00f6slichen Formen von Vitamin E.<\/p>\n<p><strong>Sanddorn<\/strong> <em>(Hippophae rhamnoides)<\/em> &#8211; Sanddorn schickt seine Lipide in die Haut, um Ungleichgewichte von innen heraus abzubauen. Dieser superkritische Extrakt ist reich an den Omega-Fetts\u00e4uren 3, 6, 7 und 9, Vitaminen, Palmitoleins\u00e4uren, Carotinoiden und Phytosterinen. Ein einziger Tropfen Sanddorn\u00f6l enth\u00e4lt 190 verschiedene bioaktive Verbindungen. Diese leuchtend orangefarbene Essenz wirkt unglaublich regenerierend und kl\u00e4rend auf den Teint &#8211; sie mildert R\u00f6tungen und l\u00e4sst Schwellungen abklingen.<\/p>\n<p><strong>Grapefruit<\/strong> <em>(Citrus paradisi)<\/em> &#8211; Tonisierend, straffend Grapefruit erfrischt die Haut und strafft schlaffes Gewebe.<\/p>\n<p><strong>Kaffee<\/strong> <em>(Coffea arabica)<\/em> &#8211; Unser Kaffeebohnen\u00f6l gibt Energie und stimuliert. Allein der Duft bringt die S\u00e4fte zum Flie\u00dfen.<\/p>\n<p><strong>Rosmarin<\/strong> <em>(Rosmarinus officinalus)<\/em> &#8211; Rousing Rosemary ist ein krautiges Belebungs-Tonikum mit einem erfrischenden, durchdringenden Aroma. Stellen Sie sich Rosmarin als den k\u00e4mpferischen Freund vor, der die Tr\u00e4gheit aus ihrer Stagnation herausholt und die Haut mit neuer Frische aufbl\u00fchen l\u00e4sst. Es ist reich an bioaktiven Verbindungen wie Carnosins\u00e4ure, Kampfer und Rosmaridiphenol.<\/p>\n<p><strong>Zitrone<\/strong> <em>(Citrus limon)<\/em> &#8211; Die k\u00f6stliche Zitrone kl\u00e4rt, belebt und reinigt die Haut von Kopf bis Fu\u00df. Zitrone strafft, festigt und verleiht der Haut jugendliche Energie und Spannkraft.<\/p>\n<p><strong>Wacholderbeere<\/strong> <em>(Juniperus communis)<\/em> &#8211; Dieses \u00d6l wird aus der Beere des franz\u00f6sischen Wacholders dampfdestilliert und wird seit jeher wegen seiner tonisierenden und reinigenden Eigenschaften verwendet. Es wird verwendet, um die Luft zu erfrischen und tr\u00e4ge aussehende Haut aufzufrischen. Wacholder ist ein erfrischendes, belebendes und reinigendes \u00d6l.<\/p>\n<p><strong>Zypresse<\/strong> <em>(Cupressus sempervirens)<\/em> &#8211; Die Zypresse wird aus den m\u00e4chtigen Nadeln des majest\u00e4tischen, immergr\u00fcnen Baumes gewonnen, der sich stolz in den Himmel reckt, w\u00e4hrend er \u00fcber die Jahrhunderte seines Bestehens wacht. Diese klare Essenz wirkt reinigend und ausgleichend. Unser \u00d6l ist eine reichhaltige Quelle f\u00fcr die pflanzlichen Biochemikalien Monoterpene a-Pinen (46%), Sesquiterpene a-Cedren, Cedrol und Diterpene. Es wirkt austrocknend, st\u00e4rkend und tonisierend auf die Haut.<\/p>\n<p><strong>Fenchel<\/strong> <em>(Foeniculum vulgare)<\/em> &#8211; Fenchel ist ein freundliches Stimulans. Er hilft dem Rosmarin, die Tr\u00e4gheit aus der Stagnation zu befreien.<\/p>\n<p><strong>Karottensamen<\/strong> <em>(Daucus carota)<\/em> &#8211; Queen Anne&#8217;s lace salbt Ihre Haut mit k\u00f6niglicher Anmut. Karotten\u00f6l stimuliert die \u00d6lproduktion in perfektem Verh\u00e4ltnis, unabh\u00e4ngig vom aktuellen Zustand Ihrer Haut. Fettige, trockene und Mischhaut k\u00f6nnen alle von der stimulierenden, feuchtigkeitsspendenden Kraft der Karottensamen profitieren.<\/p>\n<p><strong>Kurkuma<\/strong> <em>(Curcuma longa)<\/em> &#8211; Die gesch\u00e4tzte Kurkuma ist ein Tonikum von goldener G\u00fcte f\u00fcr die Haut. Durch die superkritische Extraktion werden alle lipophilen (\u00f6lliebenden) Verbindungen der Kurkuma aus den Wurzeln der Pflanze gewonnen. Durch dieses spezielle Extraktionsverfahren wird viel mehr von den aromatischen \u00e4therischen \u00d6len, Lipiden und Pigmenten erfasst als bei einem typischen pulverisierten Kraut.<\/p>\n<p><strong>Geranie<\/strong> <em>(Pelargonium graveolens)<\/em> &#8211; Dieser sanfte Gigant der Hautpflege strafft schlaffe Haut, reduziert das Erscheinungsbild von Narben und Dehnungsstreifen und ist ein ausgezeichnetes Gesichtswasser f\u00fcr zu Akne neigende Haut.<\/p>\n<p><img fetchpriority=\"high\" decoding=\"async\" class=\"aligncenter size-full wp-image-31577\" src=\"https:\/\/dutchhealthstore.com\/wp-content\/uploads\/2018\/03\/organic_big.png\" alt=\"Organic and Natural - Living Libations\" width=\"623\" height=\"103\" srcset=\"https:\/\/dutchhealthstore.com\/wp-content\/uploads\/2018\/03\/organic_big.png 623w, https:\/\/dutchhealthstore.com\/wp-content\/uploads\/2018\/03\/organic_big-510x84.png 510w, https:\/\/dutchhealthstore.com\/wp-content\/uploads\/2018\/03\/organic_big-600x99.png 600w, https:\/\/dutchhealthstore.com\/wp-content\/uploads\/2018\/03\/organic_big-350x58.png 350w\" sizes=\"(max-width: 623px) 100vw, 623px\" \/><\/p>\n","protected":false},"excerpt":{"rendered":"<p>Living Libations <strong>CelluLight formula<\/strong> ist eine \u00fcberzeugende Kombination aus pflanzlichen Essenzen, die die Haut straffen und helfen, das Erscheinungsbild von Cellulite zu verbessern.<\/p>\n<p>Karottensamen sind ein starker Hauttoner, und Sanddornbeeren sind n\u00e4hrstoffreich und besonders regenerierend f\u00fcr die Haut. Fenchel, Wacholder und Geranie reinigen die Haut und lindern Schwellungen. Rosmarin und Grapefruit wirken straffend; sie sch\u00fctzen die Haut vor Umwelteinfl\u00fcssen, straffen schlaffes Gewebe, verbessern die Hautstruktur und verleihen ihr ein glatteres Aussehen. Kaffee und Zitrone stimulieren und beleben die Haut und bringen den Fl\u00fcssigkeitshaushalt in Schwung.<\/p>\n","protected":false},"featured_media":298649,"comment_status":"open","ping_status":"closed","template":"","meta":[],"product_brand":[],"product_cat":[1498,6753,1182,6645,1502,1493,1210,1960,511],"product_tag":[21362,21361,9772,22168,4831],"class_list":{"0":"post-110564","1":"product","2":"type-product","3":"status-publish","4":"has-post-thumbnail","6":"product_cat-baby-kind-living-libations","7":"product_cat-babies-pregnancy","8":"product_cat-cellulite-de","9":"product_cat-family-de","10":"product_cat-korperpflege-living-libations","11":"product_cat-living-libations-deutschland","12":"product_cat-marken","13":"product_cat-ol-lotion","14":"product_cat-produkte","15":"product_tag-anti-aging-de","16":"product_tag-face-care-de","17":"product_tag-moisturizer-de","18":"product_tag-schwangerschaft","19":"product_tag-skin-de","20":"pa_bestsellers-goed-de","21":"pa_brand-livinglibations-de","22":"pa_remedies-cellulite-de","23":"pa_size-100-ml-de","24":"pa_size-30-ml-de","25":"pa_size-50-ml-de","27":"first","28":"instock","29":"taxable","30":"shipping-taxable","31":"purchasable","32":"product-type-variable"},"bundled_by":[],"bundle_stock_status":"instock","bundle_stock_quantity":null,"bundle_virtual":false,"bundle_layout":"","bundle_add_to_cart_form_location":"","bundle_editable_in_cart":false,"bundle_sold_individually_context":"","bundle_item_grouping":"","bundle_min_size":"","bundle_max_size":"","bundle_price":[],"bundled_items":[],"bundle_sell_ids":[231305],"atum_controlled":true,"out_stock_date":null,"out_stock_threshold":null,"inheritable":true,"stock_on_hold":0,"sold_today":0,"sales_last_days":0,"out_stock_days":0,"lost_sales":0,"update_date":"2026-04-27T00:13:08","atum_locations":[],"atum_stock_status":"instock","restock_status":false,"low_stock_amount":"","sales_update_date":"2026-04-27T00:13:08","calc_backorders":null,"group_of_quantity":0,"min_quantity":0,"max_quantity":"","exclude_order_quantity_value_rules":"no","exclude_category_quantity_rules":"no","combine_variations":"no","yoast_head":"<!-- This site is optimized with the Yoast SEO Premium plugin v26.5 (Yoast SEO v26.5) - https:\/\/yoast.com\/wordpress\/plugins\/seo\/ -->\n<title>CelluLight formula - Living Libations<\/title>\n<meta name=\"description\" content=\"Living Libations CelluLight formula ist eine \u00fcberzeugende Kombination aus pflanzlichen Essenzen, die die Haut straffen und helfen, das Erscheinungsbild von Cellulite zu verbessern.\" \/>\n<meta name=\"robots\" content=\"index, follow, max-snippet:-1, max-image-preview:large, max-video-preview:-1\" \/>\n<link rel=\"canonical\" href=\"https:\/\/dutchhealthstore.com\/de\/product\/cell-u-light-formula\/\" \/>\n<meta property=\"og:locale\" content=\"de_DE\" \/>\n<meta property=\"og:type\" content=\"article\" \/>\n<meta property=\"og:title\" content=\"CelluLight Formula - Dutch Health Store\" \/>\n<meta property=\"og:description\" content=\"Living Libations CelluLight formula ist eine \u00fcberzeugende Kombination aus pflanzlichen Essenzen, die die Haut straffen und helfen, das Erscheinungsbild von Cellulite zu verbessern.\" \/>\n<meta property=\"og:url\" content=\"https:\/\/dutchhealthstore.com\/de\/product\/cell-u-light-formula\/\" \/>\n<meta property=\"og:site_name\" content=\"Dutch Health Store\" \/>\n<meta property=\"article:publisher\" content=\"https:\/\/www.instagram.com\/dutchhealthstore\/\" \/>\n<meta property=\"article:modified_time\" content=\"2026-03-23T09:56:54+00:00\" \/>\n<meta property=\"og:image\" content=\"https:\/\/dutchhealthstore.com\/wp-content\/uploads\/2018\/02\/ll-cellulight-formula-100.jpg\" \/>\n\t<meta property=\"og:image:width\" content=\"530\" \/>\n\t<meta property=\"og:image:height\" content=\"530\" \/>\n\t<meta property=\"og:image:type\" content=\"image\/jpeg\" \/>\n<meta name=\"twitter:card\" content=\"summary_large_image\" \/>\n<meta name=\"twitter:label1\" content=\"Verf\u00fcgbarkeit\" \/>\n\t<meta name=\"twitter:data1\" content=\"Auf Lager\" \/>\n<script type=\"application\/ld+json\" class=\"yoast-schema-graph\">{\"@context\":\"https:\/\/schema.org\",\"@graph\":[{\"@type\":\"WebPage\",\"@id\":\"https:\/\/dutchhealthstore.com\/de\/product\/cell-u-light-formula\/\",\"url\":\"https:\/\/dutchhealthstore.com\/de\/product\/cell-u-light-formula\/\",\"name\":\"CelluLight formula - Living Libations\",\"isPartOf\":{\"@id\":\"https:\/\/dutchhealthstore.com\/de\/#website\"},\"primaryImageOfPage\":{\"@id\":\"https:\/\/dutchhealthstore.com\/de\/product\/cell-u-light-formula\/#primaryimage\"},\"image\":{\"@id\":\"https:\/\/dutchhealthstore.com\/de\/product\/cell-u-light-formula\/#primaryimage\"},\"thumbnailUrl\":\"https:\/\/dutchhealthstore.com\/wp-content\/uploads\/2018\/02\/ll-cellulight-formula-100.jpg\",\"datePublished\":\"2018-02-10T19:32:02+00:00\",\"dateModified\":\"2026-03-23T09:56:54+00:00\",\"description\":\"Living Libations CelluLight formula ist eine \u00fcberzeugende Kombination aus pflanzlichen Essenzen, die die Haut straffen und helfen, das Erscheinungsbild von Cellulite zu verbessern.\",\"breadcrumb\":{\"@id\":\"https:\/\/dutchhealthstore.com\/de\/product\/cell-u-light-formula\/#breadcrumb\"},\"inLanguage\":\"de\",\"potentialAction\":[{\"@type\":\"ReadAction\",\"target\":[\"https:\/\/dutchhealthstore.com\/de\/product\/cell-u-light-formula\/\"]}]},{\"@type\":\"ImageObject\",\"inLanguage\":\"de\",\"@id\":\"https:\/\/dutchhealthstore.com\/de\/product\/cell-u-light-formula\/#primaryimage\",\"url\":\"https:\/\/dutchhealthstore.com\/wp-content\/uploads\/2018\/02\/ll-cellulight-formula-100.jpg\",\"contentUrl\":\"https:\/\/dutchhealthstore.com\/wp-content\/uploads\/2018\/02\/ll-cellulight-formula-100.jpg\",\"width\":530,\"height\":530,\"caption\":\"ll-cellulight-formula-100\"},{\"@type\":\"BreadcrumbList\",\"@id\":\"https:\/\/dutchhealthstore.com\/de\/product\/cell-u-light-formula\/#breadcrumb\",\"itemListElement\":[{\"@type\":\"ListItem\",\"position\":1,\"name\":\"Home\",\"item\":\"https:\/\/dutchhealthstore.com\/de\/\"},{\"@type\":\"ListItem\",\"position\":2,\"name\":\"Shop\",\"item\":\"https:\/\/dutchhealthstore.com\/de\/shop-2\/\"},{\"@type\":\"ListItem\",\"position\":3,\"name\":\"CelluLight Formula\"}]},{\"@type\":\"WebSite\",\"@id\":\"https:\/\/dutchhealthstore.com\/de\/#website\",\"url\":\"https:\/\/dutchhealthstore.com\/de\/\",\"name\":\"Dutch Health Store\",\"description\":\"Enhance Your Beauty with Organic &amp; Natural Skincare\",\"publisher\":{\"@id\":\"https:\/\/dutchhealthstore.com\/de\/#organization\"},\"potentialAction\":[{\"@type\":\"SearchAction\",\"target\":{\"@type\":\"EntryPoint\",\"urlTemplate\":\"https:\/\/dutchhealthstore.com\/de\/?s={search_term_string}\"},\"query-input\":{\"@type\":\"PropertyValueSpecification\",\"valueRequired\":true,\"valueName\":\"search_term_string\"}}],\"inLanguage\":\"de\"},{\"@type\":\"Organization\",\"@id\":\"https:\/\/dutchhealthstore.com\/de\/#organization\",\"name\":\"Dutch Health Store\",\"url\":\"https:\/\/dutchhealthstore.com\/de\/\",\"logo\":{\"@type\":\"ImageObject\",\"inLanguage\":\"de\",\"@id\":\"https:\/\/dutchhealthstore.com\/de\/#\/schema\/logo\/image\/\",\"url\":\"https:\/\/dutchhealthstore.com\/wp-content\/uploads\/2020\/08\/logo-dutchhealthstore-jpg-e1599484957574.jpg\",\"contentUrl\":\"https:\/\/dutchhealthstore.com\/wp-content\/uploads\/2020\/08\/logo-dutchhealthstore-jpg-e1599484957574.jpg\",\"width\":400,\"height\":62,\"caption\":\"Dutch Health Store\"},\"image\":{\"@id\":\"https:\/\/dutchhealthstore.com\/de\/#\/schema\/logo\/image\/\"},\"sameAs\":[\"https:\/\/www.instagram.com\/dutchhealthstore\/\",\"https:\/\/www.facebook.com\/dutchhealthstore\"]}]}<\/script>\n<meta property=\"product:brand\" content=\"Living Libations\" \/>\n<meta property=\"og:availability\" content=\"instock\" \/>\n<meta property=\"product:availability\" content=\"instock\" \/>\n<meta property=\"product:condition\" content=\"new\" \/>\n<!-- \/ Yoast SEO Premium plugin. -->","yoast_head_json":{"title":"CelluLight formula - Living Libations","description":"Living Libations CelluLight formula ist eine \u00fcberzeugende Kombination aus pflanzlichen Essenzen, die die Haut straffen und helfen, das Erscheinungsbild von Cellulite zu verbessern.","robots":{"index":"index","follow":"follow","max-snippet":"max-snippet:-1","max-image-preview":"max-image-preview:large","max-video-preview":"max-video-preview:-1"},"canonical":"https:\/\/dutchhealthstore.com\/de\/product\/cell-u-light-formula\/","og_locale":"de_DE","og_type":"article","og_title":"CelluLight Formula - Dutch Health Store","og_description":"Living Libations CelluLight formula ist eine \u00fcberzeugende Kombination aus pflanzlichen Essenzen, die die Haut straffen und helfen, das Erscheinungsbild von Cellulite zu verbessern.","og_url":"https:\/\/dutchhealthstore.com\/de\/product\/cell-u-light-formula\/","og_site_name":"Dutch Health Store","article_publisher":"https:\/\/www.instagram.com\/dutchhealthstore\/","article_modified_time":"2026-03-23T09:56:54+00:00","og_image":[{"width":530,"height":530,"url":"https:\/\/dutchhealthstore.com\/wp-content\/uploads\/2018\/02\/ll-cellulight-formula-100.jpg","type":"image\/jpeg"}],"twitter_card":"summary_large_image","twitter_misc":{"Verf\u00fcgbarkeit":"Auf Lager"},"schema":{"@context":"https:\/\/schema.org","@graph":[{"@type":"WebPage","@id":"https:\/\/dutchhealthstore.com\/de\/product\/cell-u-light-formula\/","url":"https:\/\/dutchhealthstore.com\/de\/product\/cell-u-light-formula\/","name":"CelluLight formula - Living Libations","isPartOf":{"@id":"https:\/\/dutchhealthstore.com\/de\/#website"},"primaryImageOfPage":{"@id":"https:\/\/dutchhealthstore.com\/de\/product\/cell-u-light-formula\/#primaryimage"},"image":{"@id":"https:\/\/dutchhealthstore.com\/de\/product\/cell-u-light-formula\/#primaryimage"},"thumbnailUrl":"https:\/\/dutchhealthstore.com\/wp-content\/uploads\/2018\/02\/ll-cellulight-formula-100.jpg","datePublished":"2018-02-10T19:32:02+00:00","dateModified":"2026-03-23T09:56:54+00:00","description":"Living Libations CelluLight formula ist eine \u00fcberzeugende Kombination aus pflanzlichen Essenzen, die die Haut straffen und helfen, das Erscheinungsbild von Cellulite zu verbessern.","breadcrumb":{"@id":"https:\/\/dutchhealthstore.com\/de\/product\/cell-u-light-formula\/#breadcrumb"},"inLanguage":"de","potentialAction":[{"@type":"ReadAction","target":["https:\/\/dutchhealthstore.com\/de\/product\/cell-u-light-formula\/"]}]},{"@type":"ImageObject","inLanguage":"de","@id":"https:\/\/dutchhealthstore.com\/de\/product\/cell-u-light-formula\/#primaryimage","url":"https:\/\/dutchhealthstore.com\/wp-content\/uploads\/2018\/02\/ll-cellulight-formula-100.jpg","contentUrl":"https:\/\/dutchhealthstore.com\/wp-content\/uploads\/2018\/02\/ll-cellulight-formula-100.jpg","width":530,"height":530,"caption":"ll-cellulight-formula-100"},{"@type":"BreadcrumbList","@id":"https:\/\/dutchhealthstore.com\/de\/product\/cell-u-light-formula\/#breadcrumb","itemListElement":[{"@type":"ListItem","position":1,"name":"Home","item":"https:\/\/dutchhealthstore.com\/de\/"},{"@type":"ListItem","position":2,"name":"Shop","item":"https:\/\/dutchhealthstore.com\/de\/shop-2\/"},{"@type":"ListItem","position":3,"name":"CelluLight Formula"}]},{"@type":"WebSite","@id":"https:\/\/dutchhealthstore.com\/de\/#website","url":"https:\/\/dutchhealthstore.com\/de\/","name":"Dutch Health Store","description":"Enhance Your Beauty with Organic &amp; Natural Skincare","publisher":{"@id":"https:\/\/dutchhealthstore.com\/de\/#organization"},"potentialAction":[{"@type":"SearchAction","target":{"@type":"EntryPoint","urlTemplate":"https:\/\/dutchhealthstore.com\/de\/?s={search_term_string}"},"query-input":{"@type":"PropertyValueSpecification","valueRequired":true,"valueName":"search_term_string"}}],"inLanguage":"de"},{"@type":"Organization","@id":"https:\/\/dutchhealthstore.com\/de\/#organization","name":"Dutch Health Store","url":"https:\/\/dutchhealthstore.com\/de\/","logo":{"@type":"ImageObject","inLanguage":"de","@id":"https:\/\/dutchhealthstore.com\/de\/#\/schema\/logo\/image\/","url":"https:\/\/dutchhealthstore.com\/wp-content\/uploads\/2020\/08\/logo-dutchhealthstore-jpg-e1599484957574.jpg","contentUrl":"https:\/\/dutchhealthstore.com\/wp-content\/uploads\/2020\/08\/logo-dutchhealthstore-jpg-e1599484957574.jpg","width":400,"height":62,"caption":"Dutch Health Store"},"image":{"@id":"https:\/\/dutchhealthstore.com\/de\/#\/schema\/logo\/image\/"},"sameAs":["https:\/\/www.instagram.com\/dutchhealthstore\/","https:\/\/www.facebook.com\/dutchhealthstore"]}]},"product_brand":"Living Libations","og_availability":"instock","product_availability":"instock","product_condition":"new"},"_links":{"self":[{"href":"https:\/\/dutchhealthstore.com\/de\/wp-json\/wp\/v2\/product\/110564","targetHints":{"allow":["GET"]}}],"collection":[{"href":"https:\/\/dutchhealthstore.com\/de\/wp-json\/wp\/v2\/product"}],"about":[{"href":"https:\/\/dutchhealthstore.com\/de\/wp-json\/wp\/v2\/types\/product"}],"replies":[{"embeddable":true,"href":"https:\/\/dutchhealthstore.com\/de\/wp-json\/wp\/v2\/comments?post=110564"}],"wp:featuredmedia":[{"embeddable":true,"href":"https:\/\/dutchhealthstore.com\/de\/wp-json\/wp\/v2\/media\/298649"}],"wp:attachment":[{"href":"https:\/\/dutchhealthstore.com\/de\/wp-json\/wp\/v2\/media?parent=110564"}],"wp:term":[{"taxonomy":"product_brand","embeddable":true,"href":"https:\/\/dutchhealthstore.com\/de\/wp-json\/wp\/v2\/product_brand?post=110564"},{"taxonomy":"product_cat","embeddable":true,"href":"https:\/\/dutchhealthstore.com\/de\/wp-json\/wp\/v2\/product_cat?post=110564"},{"taxonomy":"product_tag","embeddable":true,"href":"https:\/\/dutchhealthstore.com\/de\/wp-json\/wp\/v2\/product_tag?post=110564"}],"curies":[{"name":"wp","href":"https:\/\/api.w.org\/{rel}","templated":true}]}}