{"id":110505,"date":"2020-07-03T06:45:04","date_gmt":"2020-07-03T06:45:04","guid":{"rendered":"https:\/\/dutchhealthstore.com\/product\/jai-baby-joy\/"},"modified":"2026-03-24T14:38:38","modified_gmt":"2026-03-24T13:38:38","slug":"jai-baby-joy-2","status":"publish","type":"product","link":"https:\/\/dutchhealthstore.com\/de\/product\/jai-baby-joy-2\/","title":{"rendered":"Jai Baby Joy"},"content":{"rendered":"<p>Das Jai Baby Joy Moisturizing Massage Oil ist s\u00fc\u00df f\u00fcr Babys und sch\u00f6n f\u00fcr die ganze Familie. Es ist ein herrliches Massage\u00f6l f\u00fcr erwachsene Gesichter, kleine Zehen und schwangere B\u00e4uche. F\u00fcr eine weiche, geschmeidige Haut nach dem Bad und ein unglaublich k\u00fcssbares Gesicht nach der Rasur, g\u00f6nnen Sie sich die k\u00f6stliche Delikatesse von Jai Baby Joy!<\/p>\n<h3>Instruktion<\/h3>\n<p>Nach dem Bad oder dem Windelwechsel auf das Baby auftragen. Ein beruhigendes Massage\u00f6l f\u00fcr das Baby oder die Familie des Babys. Auf Gesichter, nach B\u00e4dern, auf schwangere B\u00e4uche und Br\u00fcste auftragen. Es eignet sich hervorragend f\u00fcr die Anwendung nach der Rasur von Gesicht und Beinen.<\/p>\n<h3 class=\"yikes-custom-woo-tab-title yikes-custom-woo-tab-title-natural-organic-ingredients\">Nat\u00fcrliche\/Organische Inhaltsstoffe<\/h3>\n<p><strong>Jojoba\u00f6l<\/strong><em> (Simmondsia chinensis) &#8211; <\/em>Das herrliche, goldene Jojoba\u00f6l n\u00e4hrt und pflegt durstige Haut. Jojoba hat die unvergleichliche F\u00e4higkeit, die Haut mit Feuchtigkeit zu versorgen, die \u00d6lproduktion auszugleichen, die Poren gr\u00fcndlich zu reinigen und eine lang anhaltende Pflegewirkung zu erzielen, die die Haut so weich wie perfekte Seide macht. Es ist reich an Peptiden und Lipiden und enth\u00e4lt den h\u00f6chsten Gehalt an phenolischen Verbindungen, die in der Natur vorkommen, sowie Antioxidantien und alle l\u00f6slichen Formen von Vitamin E.<\/p>\n<p><strong>Vanille\u00f6l<\/strong><em> (Vanilla planifolia)<\/em> &#8211; Samtige Vanille verstr\u00f6mt warme S\u00fc\u00dfe. Wir lassen rohe Bio-Vanilleschoten einige Vollmondzyklen lang in reinem Kokosnuss\u00f6l einweichen, bis das Kokosnuss\u00f6l mit der \u00fcppigen Essenz und der beruhigenden Natur der Vanille ges\u00e4ttigt ist. Die duftende Vanilleschote versorgt die Haut mit dem lieblichen Aroma der s\u00fc\u00dfen Vanille. Es ist ein beruhigender Duft, der kleine Wesen und frischgebackene Eltern bes\u00e4nftigt.<\/p>\n<p><strong>Cocos Cr\u00e8me Oil<\/strong> <em>(Cocos nucifera)<\/em> &#8211; Reines, natives Kokosnuss-Creme\u00f6l wird bei 75 Grad Fahreheit fl\u00fcssig. Wenn es mit einem 37 Grad Celsius hei\u00dfen K\u00f6rper in Ber\u00fchrung kommt, schmilzt es m\u00fchelos auf der Haut. K\u00f6stliche Kokosnuss-Creme beruhigt die Haut.<\/p>\n<p><strong>Zitronen\u00f6l<\/strong> <em>(Citrus limon)<\/em> &#8211; Die saftige Zitrone reinigt die Haut von Kopf bis Fu\u00df. Dieses aus den Schalen der Zitrone gepresste Tonikum gl\u00e4ttet die Wangen der Kinder.<\/p>\n<p><strong>Lavendel\u00f6l<\/strong> <em>(Lavandula angustifolia)<\/em> &#8211; Der liebliche Lavendel ist ein Wiegenlied in der Flasche und ein sanftes, aber wirkungsvolles Hauttonikum. Diese erholsame und beruhigende Essenz lindert R\u00f6tungen und k\u00fchlt Hitze. Lavendel kann verwendet werden, um das Erscheinungsbild von Narben zu verbessern, den Hautton auszugleichen, zu Akne neigende Haut zu reinigen und den Talgspiegel der Haut auszugleichen.<\/p>\n<p><img fetchpriority=\"high\" decoding=\"async\" class=\"size-medium wp-image-68103 aligncenter\" src=\"https:\/\/dutchhealthstore.com\/wp-content\/uploads\/2018\/02\/Living-Libations-Organic-Logo-800x89.png\" alt=\"Living Libations - Organic Logo\" width=\"800\" height=\"89\" srcset=\"https:\/\/dutchhealthstore.com\/wp-content\/uploads\/2018\/02\/Living-Libations-Organic-Logo-800x89.png 800w, https:\/\/dutchhealthstore.com\/wp-content\/uploads\/2018\/02\/Living-Libations-Organic-Logo-510x57.png 510w, https:\/\/dutchhealthstore.com\/wp-content\/uploads\/2018\/02\/Living-Libations-Organic-Logo-768x85.png 768w, https:\/\/dutchhealthstore.com\/wp-content\/uploads\/2018\/02\/Living-Libations-Organic-Logo.png 1400w\" sizes=\"(max-width: 800px) 100vw, 800px\" \/><\/p>\n","protected":false},"excerpt":{"rendered":"<p>Living Libations <strong>Jai Baby Joy<\/strong> Moisturizing Massage Oil gleitet sanft \u00fcber Babys jubilierende Haut und verw\u00f6hnt sie mit frischen Vanilleschoten, die in sanfte Kokosnusscreme getaucht sind, goldenem Jojoba, tonisierender Zitrone und einlullendem Lavendel.<br \/>\nFrische Vanilleschoten, getaucht in Kokosnusscreme, zusammen mit jubilierendem Jojoba ergeben ein feuchtigkeitsspendendes Elixier, das speziell f\u00fcr die zarte Haut Ihres Babys entwickelt wurde.<\/p>\n","protected":false},"featured_media":359703,"comment_status":"open","ping_status":"closed","template":"","meta":[],"product_brand":[],"product_cat":[1498,6753,6645,1032,1092,1502,515,1493,1210,1960,1048,511],"product_tag":[21939,21395,21809,4213,9717],"class_list":{"0":"post-110505","1":"product","2":"type-product","3":"status-publish","4":"has-post-thumbnail","6":"product_cat-baby-kind-living-libations","7":"product_cat-babies-pregnancy","8":"product_cat-family-de","9":"product_cat-kategorien","10":"product_cat-koerperoel","11":"product_cat-korperpflege-living-libations","12":"product_cat-korperpflege-de","13":"product_cat-living-libations-deutschland","14":"product_cat-marken","15":"product_cat-ol-lotion","16":"product_cat-kollektion","17":"product_cat-produkte","18":"product_tag-baby-de","19":"product_tag-korper","20":"product_tag-natural-de","21":"product_tag-oil-de","22":"product_tag-soothing-de","23":"pa_brand-livinglibations-de","24":"pa_gtin-7439657383373-de","25":"pa_size-100-ml-de","26":"pa_size-30-ml-de","27":"pa_size-50-ml-de","29":"first","30":"instock","31":"taxable","32":"shipping-taxable","33":"purchasable","34":"product-type-variable"},"bundled_by":[],"bundle_stock_status":"instock","bundle_stock_quantity":null,"bundle_virtual":false,"bundle_layout":"","bundle_add_to_cart_form_location":"","bundle_editable_in_cart":false,"bundle_sold_individually_context":"","bundle_item_grouping":"","bundle_min_size":"","bundle_max_size":"","bundle_price":[],"bundled_items":[],"bundle_sell_ids":[247691],"atum_controlled":true,"out_stock_date":null,"out_stock_threshold":null,"inheritable":true,"stock_on_hold":3,"sold_today":0,"sales_last_days":2,"out_stock_days":0,"lost_sales":0,"update_date":"2026-04-30T12:11:04","atum_locations":[],"atum_stock_status":"instock","restock_status":false,"low_stock_amount":"","sales_update_date":"2026-04-30T12:11:04","calc_backorders":null,"group_of_quantity":0,"min_quantity":0,"max_quantity":"","exclude_order_quantity_value_rules":"no","exclude_category_quantity_rules":"no","combine_variations":"no","yoast_head":"<!-- This site is optimized with the Yoast SEO Premium plugin v26.5 (Yoast SEO v26.5) - https:\/\/yoast.com\/wordpress\/plugins\/seo\/ -->\n<title>Jai Baby Joy | Living Libations<\/title>\n<meta name=\"description\" content=\"Living Libations Jai Baby Joy Moisturizing Massage Oil gleitet sanft \u00fcber die jubilierende Haut des Babys und versorgt sie mit frischen Vanilleschoten.\" \/>\n<meta name=\"robots\" content=\"index, follow, max-snippet:-1, max-image-preview:large, max-video-preview:-1\" \/>\n<link rel=\"canonical\" href=\"https:\/\/dutchhealthstore.com\/de\/product\/jai-baby-joy-2\/\" \/>\n<meta property=\"og:locale\" content=\"de_DE\" \/>\n<meta property=\"og:type\" content=\"article\" \/>\n<meta property=\"og:title\" content=\"Jai Baby Joy - Dutch Health Store\" \/>\n<meta property=\"og:description\" content=\"Living Libations Jai Baby Joy Moisturizing Massage Oil gleitet sanft \u00fcber die jubilierende Haut des Babys und versorgt sie mit frischen Vanilleschoten.\" \/>\n<meta property=\"og:url\" content=\"https:\/\/dutchhealthstore.com\/de\/product\/jai-baby-joy-2\/\" \/>\n<meta property=\"og:site_name\" content=\"Dutch Health Store\" \/>\n<meta property=\"article:publisher\" content=\"https:\/\/www.instagram.com\/dutchhealthstore\/\" \/>\n<meta property=\"article:modified_time\" content=\"2026-03-24T13:38:38+00:00\" \/>\n<meta property=\"og:image\" content=\"https:\/\/dutchhealthstore.com\/wp-content\/uploads\/2018\/02\/Living-Libations-Jai-Baby-Joy-e1593758447903.jpg\" \/>\n\t<meta property=\"og:image:width\" content=\"500\" \/>\n\t<meta property=\"og:image:height\" content=\"500\" \/>\n\t<meta property=\"og:image:type\" content=\"image\/jpeg\" \/>\n<meta name=\"twitter:card\" content=\"summary_large_image\" \/>\n<meta name=\"twitter:label1\" content=\"Verf\u00fcgbarkeit\" \/>\n\t<meta name=\"twitter:data1\" content=\"Auf Lager\" \/>\n<script type=\"application\/ld+json\" class=\"yoast-schema-graph\">{\"@context\":\"https:\/\/schema.org\",\"@graph\":[{\"@type\":\"WebPage\",\"@id\":\"https:\/\/dutchhealthstore.com\/de\/product\/jai-baby-joy-2\/\",\"url\":\"https:\/\/dutchhealthstore.com\/de\/product\/jai-baby-joy-2\/\",\"name\":\"Jai Baby Joy | Living Libations\",\"isPartOf\":{\"@id\":\"https:\/\/dutchhealthstore.com\/de\/#website\"},\"primaryImageOfPage\":{\"@id\":\"https:\/\/dutchhealthstore.com\/de\/product\/jai-baby-joy-2\/#primaryimage\"},\"image\":{\"@id\":\"https:\/\/dutchhealthstore.com\/de\/product\/jai-baby-joy-2\/#primaryimage\"},\"thumbnailUrl\":\"https:\/\/dutchhealthstore.com\/wp-content\/uploads\/2020\/07\/Jai-Baby-oil-3.png\",\"datePublished\":\"2020-07-03T06:45:04+00:00\",\"dateModified\":\"2026-03-24T13:38:38+00:00\",\"description\":\"Living Libations Jai Baby Joy Moisturizing Massage Oil gleitet sanft \u00fcber die jubilierende Haut des Babys und versorgt sie mit frischen Vanilleschoten.\",\"breadcrumb\":{\"@id\":\"https:\/\/dutchhealthstore.com\/de\/product\/jai-baby-joy-2\/#breadcrumb\"},\"inLanguage\":\"de\",\"potentialAction\":[{\"@type\":\"ReadAction\",\"target\":[\"https:\/\/dutchhealthstore.com\/de\/product\/jai-baby-joy-2\/\"]}]},{\"@type\":\"ImageObject\",\"inLanguage\":\"de\",\"@id\":\"https:\/\/dutchhealthstore.com\/de\/product\/jai-baby-joy-2\/#primaryimage\",\"url\":\"https:\/\/dutchhealthstore.com\/wp-content\/uploads\/2020\/07\/Jai-Baby-oil-3.png\",\"contentUrl\":\"https:\/\/dutchhealthstore.com\/wp-content\/uploads\/2020\/07\/Jai-Baby-oil-3.png\",\"width\":530,\"height\":530},{\"@type\":\"BreadcrumbList\",\"@id\":\"https:\/\/dutchhealthstore.com\/de\/product\/jai-baby-joy-2\/#breadcrumb\",\"itemListElement\":[{\"@type\":\"ListItem\",\"position\":1,\"name\":\"Home\",\"item\":\"https:\/\/dutchhealthstore.com\/de\/\"},{\"@type\":\"ListItem\",\"position\":2,\"name\":\"Shop\",\"item\":\"https:\/\/dutchhealthstore.com\/de\/shop-2\/\"},{\"@type\":\"ListItem\",\"position\":3,\"name\":\"Jai Baby Joy\"}]},{\"@type\":\"WebSite\",\"@id\":\"https:\/\/dutchhealthstore.com\/de\/#website\",\"url\":\"https:\/\/dutchhealthstore.com\/de\/\",\"name\":\"Dutch Health Store\",\"description\":\"Enhance Your Beauty with Organic &amp; Natural Skincare\",\"publisher\":{\"@id\":\"https:\/\/dutchhealthstore.com\/de\/#organization\"},\"potentialAction\":[{\"@type\":\"SearchAction\",\"target\":{\"@type\":\"EntryPoint\",\"urlTemplate\":\"https:\/\/dutchhealthstore.com\/de\/?s={search_term_string}\"},\"query-input\":{\"@type\":\"PropertyValueSpecification\",\"valueRequired\":true,\"valueName\":\"search_term_string\"}}],\"inLanguage\":\"de\"},{\"@type\":\"Organization\",\"@id\":\"https:\/\/dutchhealthstore.com\/de\/#organization\",\"name\":\"Dutch Health Store\",\"url\":\"https:\/\/dutchhealthstore.com\/de\/\",\"logo\":{\"@type\":\"ImageObject\",\"inLanguage\":\"de\",\"@id\":\"https:\/\/dutchhealthstore.com\/de\/#\/schema\/logo\/image\/\",\"url\":\"https:\/\/dutchhealthstore.com\/wp-content\/uploads\/2020\/08\/logo-dutchhealthstore-jpg-e1599484957574.jpg\",\"contentUrl\":\"https:\/\/dutchhealthstore.com\/wp-content\/uploads\/2020\/08\/logo-dutchhealthstore-jpg-e1599484957574.jpg\",\"width\":400,\"height\":62,\"caption\":\"Dutch Health Store\"},\"image\":{\"@id\":\"https:\/\/dutchhealthstore.com\/de\/#\/schema\/logo\/image\/\"},\"sameAs\":[\"https:\/\/www.instagram.com\/dutchhealthstore\/\",\"https:\/\/www.facebook.com\/dutchhealthstore\"]}]}<\/script>\n<meta property=\"product:brand\" content=\"Living Libations\" \/>\n<meta property=\"og:availability\" content=\"instock\" \/>\n<meta property=\"product:availability\" content=\"instock\" \/>\n<meta property=\"product:condition\" content=\"new\" \/>\n<!-- \/ Yoast SEO Premium plugin. -->","yoast_head_json":{"title":"Jai Baby Joy | Living Libations","description":"Living Libations Jai Baby Joy Moisturizing Massage Oil gleitet sanft \u00fcber die jubilierende Haut des Babys und versorgt sie mit frischen Vanilleschoten.","robots":{"index":"index","follow":"follow","max-snippet":"max-snippet:-1","max-image-preview":"max-image-preview:large","max-video-preview":"max-video-preview:-1"},"canonical":"https:\/\/dutchhealthstore.com\/de\/product\/jai-baby-joy-2\/","og_locale":"de_DE","og_type":"article","og_title":"Jai Baby Joy - Dutch Health Store","og_description":"Living Libations Jai Baby Joy Moisturizing Massage Oil gleitet sanft \u00fcber die jubilierende Haut des Babys und versorgt sie mit frischen Vanilleschoten.","og_url":"https:\/\/dutchhealthstore.com\/de\/product\/jai-baby-joy-2\/","og_site_name":"Dutch Health Store","article_publisher":"https:\/\/www.instagram.com\/dutchhealthstore\/","article_modified_time":"2026-03-24T13:38:38+00:00","og_image":[{"width":500,"height":500,"url":"https:\/\/dutchhealthstore.com\/wp-content\/uploads\/2018\/02\/Living-Libations-Jai-Baby-Joy-e1593758447903.jpg","type":"image\/jpeg"}],"twitter_card":"summary_large_image","twitter_misc":{"Verf\u00fcgbarkeit":"Auf Lager"},"schema":{"@context":"https:\/\/schema.org","@graph":[{"@type":"WebPage","@id":"https:\/\/dutchhealthstore.com\/de\/product\/jai-baby-joy-2\/","url":"https:\/\/dutchhealthstore.com\/de\/product\/jai-baby-joy-2\/","name":"Jai Baby Joy | Living Libations","isPartOf":{"@id":"https:\/\/dutchhealthstore.com\/de\/#website"},"primaryImageOfPage":{"@id":"https:\/\/dutchhealthstore.com\/de\/product\/jai-baby-joy-2\/#primaryimage"},"image":{"@id":"https:\/\/dutchhealthstore.com\/de\/product\/jai-baby-joy-2\/#primaryimage"},"thumbnailUrl":"https:\/\/dutchhealthstore.com\/wp-content\/uploads\/2020\/07\/Jai-Baby-oil-3.png","datePublished":"2020-07-03T06:45:04+00:00","dateModified":"2026-03-24T13:38:38+00:00","description":"Living Libations Jai Baby Joy Moisturizing Massage Oil gleitet sanft \u00fcber die jubilierende Haut des Babys und versorgt sie mit frischen Vanilleschoten.","breadcrumb":{"@id":"https:\/\/dutchhealthstore.com\/de\/product\/jai-baby-joy-2\/#breadcrumb"},"inLanguage":"de","potentialAction":[{"@type":"ReadAction","target":["https:\/\/dutchhealthstore.com\/de\/product\/jai-baby-joy-2\/"]}]},{"@type":"ImageObject","inLanguage":"de","@id":"https:\/\/dutchhealthstore.com\/de\/product\/jai-baby-joy-2\/#primaryimage","url":"https:\/\/dutchhealthstore.com\/wp-content\/uploads\/2020\/07\/Jai-Baby-oil-3.png","contentUrl":"https:\/\/dutchhealthstore.com\/wp-content\/uploads\/2020\/07\/Jai-Baby-oil-3.png","width":530,"height":530},{"@type":"BreadcrumbList","@id":"https:\/\/dutchhealthstore.com\/de\/product\/jai-baby-joy-2\/#breadcrumb","itemListElement":[{"@type":"ListItem","position":1,"name":"Home","item":"https:\/\/dutchhealthstore.com\/de\/"},{"@type":"ListItem","position":2,"name":"Shop","item":"https:\/\/dutchhealthstore.com\/de\/shop-2\/"},{"@type":"ListItem","position":3,"name":"Jai Baby Joy"}]},{"@type":"WebSite","@id":"https:\/\/dutchhealthstore.com\/de\/#website","url":"https:\/\/dutchhealthstore.com\/de\/","name":"Dutch Health Store","description":"Enhance Your Beauty with Organic &amp; Natural Skincare","publisher":{"@id":"https:\/\/dutchhealthstore.com\/de\/#organization"},"potentialAction":[{"@type":"SearchAction","target":{"@type":"EntryPoint","urlTemplate":"https:\/\/dutchhealthstore.com\/de\/?s={search_term_string}"},"query-input":{"@type":"PropertyValueSpecification","valueRequired":true,"valueName":"search_term_string"}}],"inLanguage":"de"},{"@type":"Organization","@id":"https:\/\/dutchhealthstore.com\/de\/#organization","name":"Dutch Health Store","url":"https:\/\/dutchhealthstore.com\/de\/","logo":{"@type":"ImageObject","inLanguage":"de","@id":"https:\/\/dutchhealthstore.com\/de\/#\/schema\/logo\/image\/","url":"https:\/\/dutchhealthstore.com\/wp-content\/uploads\/2020\/08\/logo-dutchhealthstore-jpg-e1599484957574.jpg","contentUrl":"https:\/\/dutchhealthstore.com\/wp-content\/uploads\/2020\/08\/logo-dutchhealthstore-jpg-e1599484957574.jpg","width":400,"height":62,"caption":"Dutch Health Store"},"image":{"@id":"https:\/\/dutchhealthstore.com\/de\/#\/schema\/logo\/image\/"},"sameAs":["https:\/\/www.instagram.com\/dutchhealthstore\/","https:\/\/www.facebook.com\/dutchhealthstore"]}]},"product_brand":"Living Libations","og_availability":"instock","product_availability":"instock","product_condition":"new"},"_links":{"self":[{"href":"https:\/\/dutchhealthstore.com\/de\/wp-json\/wp\/v2\/product\/110505","targetHints":{"allow":["GET"]}}],"collection":[{"href":"https:\/\/dutchhealthstore.com\/de\/wp-json\/wp\/v2\/product"}],"about":[{"href":"https:\/\/dutchhealthstore.com\/de\/wp-json\/wp\/v2\/types\/product"}],"replies":[{"embeddable":true,"href":"https:\/\/dutchhealthstore.com\/de\/wp-json\/wp\/v2\/comments?post=110505"}],"wp:featuredmedia":[{"embeddable":true,"href":"https:\/\/dutchhealthstore.com\/de\/wp-json\/wp\/v2\/media\/359703"}],"wp:attachment":[{"href":"https:\/\/dutchhealthstore.com\/de\/wp-json\/wp\/v2\/media?parent=110505"}],"wp:term":[{"taxonomy":"product_brand","embeddable":true,"href":"https:\/\/dutchhealthstore.com\/de\/wp-json\/wp\/v2\/product_brand?post=110505"},{"taxonomy":"product_cat","embeddable":true,"href":"https:\/\/dutchhealthstore.com\/de\/wp-json\/wp\/v2\/product_cat?post=110505"},{"taxonomy":"product_tag","embeddable":true,"href":"https:\/\/dutchhealthstore.com\/de\/wp-json\/wp\/v2\/product_tag?post=110505"}],"curies":[{"name":"wp","href":"https:\/\/api.w.org\/{rel}","templated":true}]}}