{"id":110424,"date":"2020-02-06T10:44:42","date_gmt":"2020-02-06T10:44:42","guid":{"rendered":"https:\/\/dutchhealthstore.com\/product\/jai-baby-balm\/"},"modified":"2026-02-21T23:35:22","modified_gmt":"2026-02-21T22:35:22","slug":"jai-baby-balm","status":"publish","type":"product","link":"https:\/\/dutchhealthstore.com\/de\/product\/jai-baby-balm\/","title":{"rendered":"Jai Baby Balm"},"content":{"rendered":"<p><img decoding=\"async\" class=\"alignright size-full wp-image-37041\" src=\"https:\/\/dutchhealthstore.com\/wp-content\/uploads\/2018\/04\/Living_Libations-1.png\" alt=\"Organic &amp; Natural Beautyproducts - Living Libations\" width=\"175\" height=\"82\">Zarte Babypopos und matschige Neugeborenenhaut verdienen das Reinste vom Reinen. Retten Sie den Tag mit Living Libations <strong>Jai Baby Balm<\/strong>, einer beruhigenden Barriere, die trockene, raue und rote Stellen verschwinden l\u00e4sst. Jai Baby Balm ist eine zarte Mischung aus den reinsten und sch\u00fctzendsten Inhaltsstoffen. Biologische, kindgerechte \u00e4therische \u00d6le sind in die st\u00e4rkende Umarmung von beruhigender Calendula und wohlwollendem Bienenwachs eingewickelt, so dass die Haut des Babys unter einer sch\u00fctzenden Barriere perfekt mit Feuchtigkeit versorgt wird. \u00dcberall dort auftragen, wo die Haut zarte, liebevolle Pflege braucht. Diese anschmiegsame Kombination aus feuchtigkeitsspendenden pflanzlichen \u00d6len und einem Schutzschild aus Bienenwachs schont Babys zartes Gewebe und ist gleichzeitig ein pflegender Lippen-, Gesichts- und K\u00f6rperbalsam f\u00fcr Mama und Papa!  <strong>Jai Baby Balm<\/strong> ist ein Allround-Balsam f\u00fcr die ganze Familie, der trockene Stellen und rissige Lippen beruhigt, die dringend ein wenig TLC ben\u00f6tigen.  <strong>Gr\u00f6\u00dfe:<\/strong>  30 ml &#8211; 50 ml  <\/p>\n<h3>Instruktion<\/h3>\n<p>  Tragen Sie die Creme gro\u00dfz\u00fcgig auf den Po Ihres Babys auf, nachdem es gebadet oder gewickelt wurde. Sie ist \u00fcberall dort sch\u00f6n, wo die Haut eine liebevolle Pflege braucht. Probieren Sie es auch als Lippen-, Gesichts- und K\u00f6rperbalsam f\u00fcr Mama und Papa.  <\/p>\n<h3 class=\"yikes-custom-woo-tab-title yikes-custom-woo-tab-title-natural-organic-ingredients\">Nat\u00fcrliche\/Organische Inhaltsstoffe<\/h3>\n<p><strong>Jojoba\u00f6l <\/strong><em>(Simmondsia chinensis)<\/em> &#8211; Jojoba ist der wirksamste Feuchtigkeitsspender der Natur und enth\u00e4lt viele Phenolverbindungen, Tocopherole und jede l\u00f6sliche Form von Vitamin E. Da es in seiner Zusammensetzung den nat\u00fcrlichen \u00d6len der Haut sehr \u00e4hnlich ist, wird es leicht absorbiert und kann dem durstigen Gewebe unendlich viel Feuchtigkeit zuf\u00fchren. <strong>Sanddorn\u00f6l <\/strong><em>(Hippophae rhamnoides) &#8211; <\/em>Sanddorn schickt seine Lipide in die Haut, um Ungleichgewichte von innen heraus zu beseitigen. Dieser superkritische Extrakt ist reich an Omega-Fetts\u00e4uren 3, 6, 7 und 9, Antioxidantien, Vitaminen, Palmitoleins\u00e4uren, Carotinoiden und Phytosterolen. Ein einziger Tropfen Sanddorn\u00f6l enth\u00e4lt 190 verschiedene bioaktive Verbindungen. Diese leuchtend orangefarbene Essenz wirkt unglaublich regenerierend und kl\u00e4rend auf den Teint &#8211; sie mildert R\u00f6tungen und l\u00e4sst Schwellungen abklingen. Sie ist eine ausgezeichnete Erg\u00e4nzung zu Reinigungsmitteln gegen Akne. <strong>Ringelblume<\/strong><em>(Calendula officinalis<\/em>) &#8211; Infektionen, R\u00f6tungen, Schwellungen und Entz\u00fcndungen k\u00f6nnen der reinen Kraft der Ringelblume nichts anhaben. Dieser Inhaltsstoff strafft und festigt die Haut, w\u00e4hrend er sie sch\u00fctzt und mit Feuchtigkeit versorgt. <strong>Bienenwachs\u00f6l <\/strong><em>(Cera alba) &#8211; <\/em>Bienen schwirren mit einem sch\u00fctzenden, por\u00f6sen Wachs herum, das Feuchtigkeit einschlie\u00dft und Giftstoffe fernh\u00e4lt.<br \/>\nBienenwachs bildet eine glatte, unsichtbare Schicht auf der Haut, die eine n\u00e4hrende Barriere gegen raue Elemente bildet. <strong>Lavendel\u00f6l<\/strong><em> (Lavandula angustifolia) &#8211;<\/em> Der liebliche Lavendel ist ein sanftes und doch kraftvolles Hauttonikum, das erholsam und beruhigend wirkt.  Es lindert R\u00f6tungen und k\u00fchlt Hitze. Lavendel ist wie ein Schlaflied in der Flasche; es beruhigt Geist und Seele und f\u00f6rdert die Tiefenentspannung. <strong>Kamillen\u00f6l <\/strong><em>(Anthemis nobilis) &#8211; <\/em>Das beruhigende \u00e4therische \u00d6l der Kamille wird aus den zarten, kleinen Bl\u00fctenbl\u00e4ttern der franz\u00f6sischen Kamille dampfdestilliert. Diese Blume, die f\u00fcr ihre beruhigende Wirkung bekannt ist, wird auch als R\u00f6mische Kamille bezeichnet. Seine sanfte Anmut wurde von den alten \u00c4gyptern, den Mauren und den Sachsen als heiliges Elixier verehrt, das den Engeln w\u00fcrdig ist. Diese Essenz ist reich an beruhigenden Estern, was sie zum sanftesten \u00d6l macht, um widerspenstige Haut zu beruhigen. <strong>Zitronen\u00f6l (<\/strong><em>Citrus limon) &#8211; <\/em>Die k\u00f6stliche Zitrone kl\u00e4rt, belebt und reinigt die Haut von Kopf bis Fu\u00df. Es eignet sich hervorragend f\u00fcr Reinigungsmittel gegen Akne und Unebenheiten. Zitrone strafft die Haut und verleiht ihr Spannkraft. <strong>S\u00fc\u00dfes Thymian\u00f6l <\/strong><em>(Thymian vulgaris linalool) &#8211; <\/em>S\u00fc\u00dfer Thymian ist ebenso stark wie weich! Es enth\u00e4lt alle st\u00e4rkenden und tonisierenden Eigenschaften der anderen Thymian\u00f6le, ohne die Poren zu reizen, und reinigt sie. Es ist daf\u00fcr bekannt, dass es K\u00f6rper und Geist reinigt und dabei so mild ist, dass es auch bei kleinen Kindern und \u00e4lteren Menschen angewendet werden kann. S\u00fc\u00dfer Thymian ist reich an herrlichem Linalool und ein gesch\u00e4tzter Bestandteil unserer sanften Hautpflegeseren. <strong>Sandelholz\u00f6l <\/strong> (<em> Santalum album) &#8211; <\/em>Gelassenes Sandelholz ist das perfekte Gegenmittel f\u00fcr hei\u00dfe und dehydrierte Haut. Es ist ein uraltes K\u00f6rper\u00f6l, das als beruhigendes, linderndes Tonikum gesch\u00e4tzt wird. Die nach Honig und Sirup duftende Essenz bes\u00e4nftigt trockene, empfindliche Haut.  <img fetchpriority=\"high\" decoding=\"async\" class=\"size-medium wp-image-68103 aligncenter\" src=\"https:\/\/dutchhealthstore.com\/wp-content\/uploads\/2018\/02\/Living-Libations-Organic-Logo-800x89.png\" alt=\"Living Libations - Organic Logo\" width=\"800\" height=\"89\" srcset=\"https:\/\/dutchhealthstore.com\/wp-content\/uploads\/2018\/02\/Living-Libations-Organic-Logo-800x89.png 800w, https:\/\/dutchhealthstore.com\/wp-content\/uploads\/2018\/02\/Living-Libations-Organic-Logo-510x57.png 510w, https:\/\/dutchhealthstore.com\/wp-content\/uploads\/2018\/02\/Living-Libations-Organic-Logo-768x85.png 768w, https:\/\/dutchhealthstore.com\/wp-content\/uploads\/2018\/02\/Living-Libations-Organic-Logo.png 1400w\" sizes=\"(max-width: 800px) 100vw, 800px\" \/><\/p>\n","protected":false},"excerpt":{"rendered":"<p>Zarte Babypopos und matschige Neugeborenenhaut verdienen das Reinste vom Reinen. Retten Sie den Tag mit Living Libations <strong>Jai Baby Balm<\/strong>, einer beruhigenden Barriere, die trockene, raue und rote Stellen verschwinden l\u00e4sst. <strong>Jai Baby Balm<\/strong> ist eine zarte Mischung aus den reinsten und sch\u00fctzendsten Inhaltsstoffen. Biologische, kindgerechte \u00e4therische \u00d6le sind in die st\u00e4rkende Umarmung von beruhigender Calendula und wohlwollendem Bienenwachs eingewickelt, so dass die Haut des Babys unter einer sch\u00fctzenden Barriere perfekt mit Feuchtigkeit versorgt wird. \u00dcberall dort auftragen, wo die Haut zarte, liebevolle Pflege braucht.<\/p>\n","protected":false},"featured_media":92623,"comment_status":"open","ping_status":"closed","template":"","meta":[],"product_brand":[],"product_cat":[1498,6753,6645,1493,1210,1048,511],"product_tag":[21939,6236,21395,21809,9717],"class_list":{"0":"post-110424","1":"product","2":"type-product","3":"status-publish","4":"has-post-thumbnail","6":"product_cat-baby-kind-living-libations","7":"product_cat-babies-pregnancy","8":"product_cat-family-de","9":"product_cat-living-libations-deutschland","10":"product_cat-marken","11":"product_cat-kollektion","12":"product_cat-produkte","13":"product_tag-baby-de","14":"product_tag-balm-de","15":"product_tag-korper","16":"product_tag-natural-de","17":"product_tag-soothing-de","18":"pa_brand-livinglibations-de","19":"pa_gtin-7439657275227-de-2","20":"pa_size-30-ml-de","21":"pa_size-50-ml-de","23":"first","24":"instock","25":"taxable","26":"shipping-taxable","27":"purchasable","28":"product-type-variable"},"bundled_by":[],"bundle_stock_status":"instock","bundle_stock_quantity":null,"bundle_virtual":false,"bundle_layout":"","bundle_add_to_cart_form_location":"","bundle_editable_in_cart":false,"bundle_sold_individually_context":"","bundle_item_grouping":"","bundle_min_size":"","bundle_max_size":"","bundle_price":[],"bundled_items":[],"bundle_sell_ids":[107698],"atum_controlled":true,"out_stock_date":null,"out_stock_threshold":null,"inheritable":true,"stock_on_hold":2,"sold_today":0,"sales_last_days":2,"out_stock_days":0,"lost_sales":0,"update_date":"2026-04-07T13:45:17","atum_locations":[],"atum_stock_status":"instock","restock_status":false,"low_stock_amount":"","sales_update_date":"2026-04-07T13:45:17","calc_backorders":null,"group_of_quantity":0,"min_quantity":0,"max_quantity":"","exclude_order_quantity_value_rules":"no","exclude_category_quantity_rules":"no","combine_variations":"no","yoast_head":"<!-- This site is optimized with the Yoast SEO Premium plugin v26.5 (Yoast SEO v26.5) - https:\/\/yoast.com\/wordpress\/plugins\/seo\/ -->\n<title>Jai Baby Balm | Living Libations<\/title>\n<meta name=\"description\" content=\"Zarte Babypopos und matschige Neugeborenenhaut verdienen das Reinste vom Reinen. Retten Sie den Tag mit Living Libations Jai Baby Balm, einer beruhigenden Barriere, die trockene, raue und rote Stellen verschwinden l\u00e4sst.\" \/>\n<meta name=\"robots\" content=\"index, follow, max-snippet:-1, max-image-preview:large, max-video-preview:-1\" \/>\n<link rel=\"canonical\" href=\"https:\/\/dutchhealthstore.com\/de\/product\/jai-baby-balm\/\" \/>\n<meta property=\"og:locale\" content=\"de_DE\" \/>\n<meta property=\"og:type\" content=\"article\" \/>\n<meta property=\"og:title\" content=\"Jai Baby Balm - Dutch Health Store\" \/>\n<meta property=\"og:description\" content=\"Zarte Babypopos und matschige Neugeborenenhaut verdienen das Reinste vom Reinen. Retten Sie den Tag mit Living Libations Jai Baby Balm, einer beruhigenden Barriere, die trockene, raue und rote Stellen verschwinden l\u00e4sst.\" \/>\n<meta property=\"og:url\" content=\"https:\/\/dutchhealthstore.com\/de\/product\/jai-baby-balm\/\" \/>\n<meta property=\"og:site_name\" content=\"Dutch Health Store\" \/>\n<meta property=\"article:publisher\" content=\"https:\/\/www.instagram.com\/dutchhealthstore\/\" \/>\n<meta property=\"article:modified_time\" content=\"2026-02-21T22:35:22+00:00\" \/>\n<meta property=\"og:image\" content=\"https:\/\/dutchhealthstore.com\/wp-content\/uploads\/2020\/02\/Living-Libations-Jai-Baby-Balm-1.jpg\" \/>\n\t<meta property=\"og:image:width\" content=\"1200\" \/>\n\t<meta property=\"og:image:height\" content=\"1200\" \/>\n\t<meta property=\"og:image:type\" content=\"image\/jpeg\" \/>\n<meta name=\"twitter:card\" content=\"summary_large_image\" \/>\n<meta name=\"twitter:label1\" content=\"Verf\u00fcgbarkeit\" \/>\n\t<meta name=\"twitter:data1\" content=\"Auf Lager\" \/>\n<script type=\"application\/ld+json\" class=\"yoast-schema-graph\">{\"@context\":\"https:\/\/schema.org\",\"@graph\":[{\"@type\":\"WebPage\",\"@id\":\"https:\/\/dutchhealthstore.com\/de\/product\/jai-baby-balm\/\",\"url\":\"https:\/\/dutchhealthstore.com\/de\/product\/jai-baby-balm\/\",\"name\":\"Jai Baby Balm | Living Libations\",\"isPartOf\":{\"@id\":\"https:\/\/dutchhealthstore.com\/de\/#website\"},\"primaryImageOfPage\":{\"@id\":\"https:\/\/dutchhealthstore.com\/de\/product\/jai-baby-balm\/#primaryimage\"},\"image\":{\"@id\":\"https:\/\/dutchhealthstore.com\/de\/product\/jai-baby-balm\/#primaryimage\"},\"thumbnailUrl\":\"https:\/\/dutchhealthstore.com\/wp-content\/uploads\/2020\/02\/Living-Libations-Jai-Baby-Balm-1.jpg\",\"datePublished\":\"2020-02-06T10:44:42+00:00\",\"dateModified\":\"2026-02-21T22:35:22+00:00\",\"description\":\"Zarte Babypopos und matschige Neugeborenenhaut verdienen das Reinste vom Reinen. Retten Sie den Tag mit Living Libations Jai Baby Balm, einer beruhigenden Barriere, die trockene, raue und rote Stellen verschwinden l\u00e4sst.\",\"breadcrumb\":{\"@id\":\"https:\/\/dutchhealthstore.com\/de\/product\/jai-baby-balm\/#breadcrumb\"},\"inLanguage\":\"de\",\"potentialAction\":[{\"@type\":\"ReadAction\",\"target\":[\"https:\/\/dutchhealthstore.com\/de\/product\/jai-baby-balm\/\"]}]},{\"@type\":\"ImageObject\",\"inLanguage\":\"de\",\"@id\":\"https:\/\/dutchhealthstore.com\/de\/product\/jai-baby-balm\/#primaryimage\",\"url\":\"https:\/\/dutchhealthstore.com\/wp-content\/uploads\/2020\/02\/Living-Libations-Jai-Baby-Balm-1.jpg\",\"contentUrl\":\"https:\/\/dutchhealthstore.com\/wp-content\/uploads\/2020\/02\/Living-Libations-Jai-Baby-Balm-1.jpg\",\"width\":1200,\"height\":1200,\"caption\":\"Living Libations - Jai Baby Balm 1\"},{\"@type\":\"BreadcrumbList\",\"@id\":\"https:\/\/dutchhealthstore.com\/de\/product\/jai-baby-balm\/#breadcrumb\",\"itemListElement\":[{\"@type\":\"ListItem\",\"position\":1,\"name\":\"Home\",\"item\":\"https:\/\/dutchhealthstore.com\/de\/\"},{\"@type\":\"ListItem\",\"position\":2,\"name\":\"Shop\",\"item\":\"https:\/\/dutchhealthstore.com\/de\/shop-2\/\"},{\"@type\":\"ListItem\",\"position\":3,\"name\":\"Jai Baby Balm\"}]},{\"@type\":\"WebSite\",\"@id\":\"https:\/\/dutchhealthstore.com\/de\/#website\",\"url\":\"https:\/\/dutchhealthstore.com\/de\/\",\"name\":\"Dutch Health Store\",\"description\":\"Enhance Your Beauty with Organic &amp; Natural Skincare\",\"publisher\":{\"@id\":\"https:\/\/dutchhealthstore.com\/de\/#organization\"},\"potentialAction\":[{\"@type\":\"SearchAction\",\"target\":{\"@type\":\"EntryPoint\",\"urlTemplate\":\"https:\/\/dutchhealthstore.com\/de\/?s={search_term_string}\"},\"query-input\":{\"@type\":\"PropertyValueSpecification\",\"valueRequired\":true,\"valueName\":\"search_term_string\"}}],\"inLanguage\":\"de\"},{\"@type\":\"Organization\",\"@id\":\"https:\/\/dutchhealthstore.com\/de\/#organization\",\"name\":\"Dutch Health Store\",\"url\":\"https:\/\/dutchhealthstore.com\/de\/\",\"logo\":{\"@type\":\"ImageObject\",\"inLanguage\":\"de\",\"@id\":\"https:\/\/dutchhealthstore.com\/de\/#\/schema\/logo\/image\/\",\"url\":\"https:\/\/dutchhealthstore.com\/wp-content\/uploads\/2020\/08\/logo-dutchhealthstore-jpg-e1599484957574.jpg\",\"contentUrl\":\"https:\/\/dutchhealthstore.com\/wp-content\/uploads\/2020\/08\/logo-dutchhealthstore-jpg-e1599484957574.jpg\",\"width\":400,\"height\":62,\"caption\":\"Dutch Health Store\"},\"image\":{\"@id\":\"https:\/\/dutchhealthstore.com\/de\/#\/schema\/logo\/image\/\"},\"sameAs\":[\"https:\/\/www.instagram.com\/dutchhealthstore\/\",\"https:\/\/www.facebook.com\/dutchhealthstore\"]}]}<\/script>\n<meta property=\"product:brand\" content=\"Living Libations\" \/>\n<meta property=\"og:availability\" content=\"instock\" \/>\n<meta property=\"product:availability\" content=\"instock\" \/>\n<meta property=\"product:condition\" content=\"new\" \/>\n<!-- \/ Yoast SEO Premium plugin. -->","yoast_head_json":{"title":"Jai Baby Balm | Living Libations","description":"Zarte Babypopos und matschige Neugeborenenhaut verdienen das Reinste vom Reinen. Retten Sie den Tag mit Living Libations Jai Baby Balm, einer beruhigenden Barriere, die trockene, raue und rote Stellen verschwinden l\u00e4sst.","robots":{"index":"index","follow":"follow","max-snippet":"max-snippet:-1","max-image-preview":"max-image-preview:large","max-video-preview":"max-video-preview:-1"},"canonical":"https:\/\/dutchhealthstore.com\/de\/product\/jai-baby-balm\/","og_locale":"de_DE","og_type":"article","og_title":"Jai Baby Balm - Dutch Health Store","og_description":"Zarte Babypopos und matschige Neugeborenenhaut verdienen das Reinste vom Reinen. Retten Sie den Tag mit Living Libations Jai Baby Balm, einer beruhigenden Barriere, die trockene, raue und rote Stellen verschwinden l\u00e4sst.","og_url":"https:\/\/dutchhealthstore.com\/de\/product\/jai-baby-balm\/","og_site_name":"Dutch Health Store","article_publisher":"https:\/\/www.instagram.com\/dutchhealthstore\/","article_modified_time":"2026-02-21T22:35:22+00:00","og_image":[{"width":1200,"height":1200,"url":"https:\/\/dutchhealthstore.com\/wp-content\/uploads\/2020\/02\/Living-Libations-Jai-Baby-Balm-1.jpg","type":"image\/jpeg"}],"twitter_card":"summary_large_image","twitter_misc":{"Verf\u00fcgbarkeit":"Auf Lager"},"schema":{"@context":"https:\/\/schema.org","@graph":[{"@type":"WebPage","@id":"https:\/\/dutchhealthstore.com\/de\/product\/jai-baby-balm\/","url":"https:\/\/dutchhealthstore.com\/de\/product\/jai-baby-balm\/","name":"Jai Baby Balm | Living Libations","isPartOf":{"@id":"https:\/\/dutchhealthstore.com\/de\/#website"},"primaryImageOfPage":{"@id":"https:\/\/dutchhealthstore.com\/de\/product\/jai-baby-balm\/#primaryimage"},"image":{"@id":"https:\/\/dutchhealthstore.com\/de\/product\/jai-baby-balm\/#primaryimage"},"thumbnailUrl":"https:\/\/dutchhealthstore.com\/wp-content\/uploads\/2020\/02\/Living-Libations-Jai-Baby-Balm-1.jpg","datePublished":"2020-02-06T10:44:42+00:00","dateModified":"2026-02-21T22:35:22+00:00","description":"Zarte Babypopos und matschige Neugeborenenhaut verdienen das Reinste vom Reinen. Retten Sie den Tag mit Living Libations Jai Baby Balm, einer beruhigenden Barriere, die trockene, raue und rote Stellen verschwinden l\u00e4sst.","breadcrumb":{"@id":"https:\/\/dutchhealthstore.com\/de\/product\/jai-baby-balm\/#breadcrumb"},"inLanguage":"de","potentialAction":[{"@type":"ReadAction","target":["https:\/\/dutchhealthstore.com\/de\/product\/jai-baby-balm\/"]}]},{"@type":"ImageObject","inLanguage":"de","@id":"https:\/\/dutchhealthstore.com\/de\/product\/jai-baby-balm\/#primaryimage","url":"https:\/\/dutchhealthstore.com\/wp-content\/uploads\/2020\/02\/Living-Libations-Jai-Baby-Balm-1.jpg","contentUrl":"https:\/\/dutchhealthstore.com\/wp-content\/uploads\/2020\/02\/Living-Libations-Jai-Baby-Balm-1.jpg","width":1200,"height":1200,"caption":"Living Libations - Jai Baby Balm 1"},{"@type":"BreadcrumbList","@id":"https:\/\/dutchhealthstore.com\/de\/product\/jai-baby-balm\/#breadcrumb","itemListElement":[{"@type":"ListItem","position":1,"name":"Home","item":"https:\/\/dutchhealthstore.com\/de\/"},{"@type":"ListItem","position":2,"name":"Shop","item":"https:\/\/dutchhealthstore.com\/de\/shop-2\/"},{"@type":"ListItem","position":3,"name":"Jai Baby Balm"}]},{"@type":"WebSite","@id":"https:\/\/dutchhealthstore.com\/de\/#website","url":"https:\/\/dutchhealthstore.com\/de\/","name":"Dutch Health Store","description":"Enhance Your Beauty with Organic &amp; Natural Skincare","publisher":{"@id":"https:\/\/dutchhealthstore.com\/de\/#organization"},"potentialAction":[{"@type":"SearchAction","target":{"@type":"EntryPoint","urlTemplate":"https:\/\/dutchhealthstore.com\/de\/?s={search_term_string}"},"query-input":{"@type":"PropertyValueSpecification","valueRequired":true,"valueName":"search_term_string"}}],"inLanguage":"de"},{"@type":"Organization","@id":"https:\/\/dutchhealthstore.com\/de\/#organization","name":"Dutch Health Store","url":"https:\/\/dutchhealthstore.com\/de\/","logo":{"@type":"ImageObject","inLanguage":"de","@id":"https:\/\/dutchhealthstore.com\/de\/#\/schema\/logo\/image\/","url":"https:\/\/dutchhealthstore.com\/wp-content\/uploads\/2020\/08\/logo-dutchhealthstore-jpg-e1599484957574.jpg","contentUrl":"https:\/\/dutchhealthstore.com\/wp-content\/uploads\/2020\/08\/logo-dutchhealthstore-jpg-e1599484957574.jpg","width":400,"height":62,"caption":"Dutch Health Store"},"image":{"@id":"https:\/\/dutchhealthstore.com\/de\/#\/schema\/logo\/image\/"},"sameAs":["https:\/\/www.instagram.com\/dutchhealthstore\/","https:\/\/www.facebook.com\/dutchhealthstore"]}]},"product_brand":"Living Libations","og_availability":"instock","product_availability":"instock","product_condition":"new"},"_links":{"self":[{"href":"https:\/\/dutchhealthstore.com\/de\/wp-json\/wp\/v2\/product\/110424","targetHints":{"allow":["GET"]}}],"collection":[{"href":"https:\/\/dutchhealthstore.com\/de\/wp-json\/wp\/v2\/product"}],"about":[{"href":"https:\/\/dutchhealthstore.com\/de\/wp-json\/wp\/v2\/types\/product"}],"replies":[{"embeddable":true,"href":"https:\/\/dutchhealthstore.com\/de\/wp-json\/wp\/v2\/comments?post=110424"}],"wp:featuredmedia":[{"embeddable":true,"href":"https:\/\/dutchhealthstore.com\/de\/wp-json\/wp\/v2\/media\/92623"}],"wp:attachment":[{"href":"https:\/\/dutchhealthstore.com\/de\/wp-json\/wp\/v2\/media?parent=110424"}],"wp:term":[{"taxonomy":"product_brand","embeddable":true,"href":"https:\/\/dutchhealthstore.com\/de\/wp-json\/wp\/v2\/product_brand?post=110424"},{"taxonomy":"product_cat","embeddable":true,"href":"https:\/\/dutchhealthstore.com\/de\/wp-json\/wp\/v2\/product_cat?post=110424"},{"taxonomy":"product_tag","embeddable":true,"href":"https:\/\/dutchhealthstore.com\/de\/wp-json\/wp\/v2\/product_tag?post=110424"}],"curies":[{"name":"wp","href":"https:\/\/api.w.org\/{rel}","templated":true}]}}