{"id":110239,"date":"2020-06-30T13:10:07","date_gmt":"2020-06-30T13:10:07","guid":{"rendered":"https:\/\/dutchhealthstore.com\/product\/hearth-mirth\/"},"modified":"2024-10-31T22:00:26","modified_gmt":"2024-10-31T21:00:26","slug":"hearth-mirth","status":"publish","type":"product","link":"https:\/\/dutchhealthstore.com\/de\/product\/hearth-mirth\/","title":{"rendered":"Hearth Mirth"},"content":{"rendered":"<p><img decoding=\"async\" class=\"size-full wp-image-69549 alignright\" src=\"https:\/\/dutchhealthstore.com\/wp-content\/uploads\/2019\/08\/NEW-Living-Libations-Logo.jpg\" alt=\"NEW - Living Libations - Logo\" width=\"175\" height=\"82\">Ein Gef\u00fchl reiner Freude stellt sich ein, wenn unsere Hearth Mirth-Mischung verbreitet wird, um Ihr Herz und Ihr Zuhause mit den traditionellen, w\u00e4rmenden Winterd\u00fcften von Evergreens und Zitrusfr\u00fcchten zu erfreuen.<br \/>\nHearth Mirth ist eine willkommene Erg\u00e4nzung f\u00fcr jede Weihnachtsfeier und eine fr\u00f6hliche Wahl f\u00fcr nostalgische Momente, famili\u00e4re Momente der W\u00e4rme und Freundschaft und um den Winterblues zu vertreiben.<\/p>\n<h3>Instruktion<\/h3>\n<p>Dieser Duft kann im Raum verteilt, einem dampfenden Winterbad zugesetzt oder f\u00fcr Massagen verd\u00fcnnt werden. F\u00fcr beste Ergebnisse mit dem Living Libations Breeze Bamboo Diffuser verwenden.<\/p>\n<p><strong>Gr\u00f6\u00dfe: 5 ml, 15 ml und 30 ml<\/strong><\/p>\n<h3 class=\"yikes-custom-woo-tab-title yikes-custom-woo-tab-title-natural-organic-ingredients\">Nat\u00fcrliche\/Organische Inhaltsstoffe<\/h3>\n<p><strong>\u00c4therisches<\/strong> <strong>Blutorangen\u00f6l <\/strong><em>(Citrus sinensis<\/em>) &#8211; Das \u00e4therische \u00d6l der Blutorange ist ein fr\u00f6hliches, harmonisches, helles und leichtes Aroma, das \u00fcberall Freude ausl\u00f6st! Warme Gef\u00fchle der Liebe und des Lachens tauchen auf, w\u00e4hrend Launenhaftigkeit und Sorgen verschwinden. Die Essenz ist ein s\u00fc\u00dfer, zitrusartiger, aromatischer Leckerbissen, der auch starke pflanzliche Eigenschaften enth\u00e4lt. Seit jeher wird es zur Entspannung angespannter Nerven, zur Bek\u00e4mpfung unangenehmer Gef\u00fchle und zur Belebung der Haut verwendet. Die exquisiteste Destillation dieses Zitrusklassikers wird von unserem Bio-Destillateur in Italien hergestellt.<\/p>\n<p><strong>\u00c4therisches \u00d6l der<\/strong> <strong>Wei\u00dftanne <\/strong><em>(Abies alba<\/em>) &#8211; Unsere wundersame Wei\u00dftanne ist herrlich erdend, unglaublich belebend und enth\u00e4lt kl\u00e4rende Eigenschaften, die von den nordamerikanischen Ureinwohnern schon seit Hunderten von Jahren genutzt werden. Das Einatmen dieses inspirierenden, frisch duftenden \u00d6ls erfrischt nachweislich die Atmung. Wei\u00dftanne enth\u00e4lt einen hohen Gehalt an <em>L-Limonen<\/em> und <em>D-Limonen<\/em>. Dieses k\u00f6nigliche, entspannende \u00d6l bringt Fr\u00f6hlichkeit in Ihr Haus und an Ihren Herd.<\/p>\n<p><strong>\u00c4therisches<\/strong> <strong>Douglasien\u00f6l<\/strong> <em>(Pseudotsuga menziesi<\/em>) &#8211; Unser perfekt reinigendes \u00e4therisches Douglasien\u00f6l wird Ihr Gem\u00fct beruhigen und meditative Gef\u00fchle hervorrufen, w\u00e4hrend es die Tiefenatmung f\u00f6rdert. Die Douglasie macht sich die majest\u00e4tische Kraft der franz\u00f6sischen Landschaft zunutze, wo die stoischen Berge \u00fcber die weiten Waldfl\u00e4chen wachen. Frische, immergr\u00fcne Apfelnoten machen den Atem frei, f\u00f6rdern den Frieden und verbessern die Beziehungen zu anderen.<\/p>\n<p><strong>\u00c4therisches \u00d6l <\/strong><strong>Palo Santo <\/strong><em>(Bursera graveolens<\/em>) &#8211; Der heilige Baum des Heiligen Holzes bietet einen w\u00e4rmenden, balsamischen und ermutigenden Duft<em>.<\/em> Er ist mit dem Weihrauchbaum verwandt und wurde historisch von den Inkas verwendet, um den Geist zu reinigen und zu l\u00e4utern. Der reinigende Palo Santo hat sich als erneuernd und erfrischend erwiesen. Dieses \u00d6l ist daf\u00fcr bekannt, wohltuende pflanzliche Eigenschaften zu enthalten, und wird als Meditationsmittel und Serum f\u00fcr den heiligen Raum hoch gesch\u00e4tzt.<\/p>\n<p><strong>\u00c4therisches \u00d6l <\/strong> der <strong>Bergamotte <\/strong><em>(Citrus bergamia<\/em>) &#8211; Die strahlende Bergamotte ist voller sonniger, blumig-fruchtiger Freude. Unser Bergamotte\u00f6l ist daf\u00fcr bekannt, dass es Gl\u00fccksgef\u00fchle hervorruft. Es wird aus den Fr\u00fcchten des <em>Citrus bergamia <\/em>Baumes destilliert, der w\u00e4hrend des einladenden italienischen Winters bl\u00fcht. Die Bergamotte, ein Hybrid aus Zitrone und Bitterorange, wird wegen ihrer starken aromatischen Eigenschaften angebaut. Traditionell wird Bergamotte zum Aromatisieren von Earl Grey Tee verwendet, um das Wohlbefinden zu steigern und melancholische Stimmungen zu vertreiben.<\/p>\n<p><img fetchpriority=\"high\" decoding=\"async\" class=\"size-medium wp-image-68103 aligncenter\" src=\"https:\/\/dutchhealthstore.com\/wp-content\/uploads\/2018\/02\/Living-Libations-Organic-Logo-800x89.png\" alt=\"Living Libations - Organic Logo\" width=\"800\" height=\"89\" srcset=\"https:\/\/dutchhealthstore.com\/wp-content\/uploads\/2018\/02\/Living-Libations-Organic-Logo-800x89.png 800w, https:\/\/dutchhealthstore.com\/wp-content\/uploads\/2018\/02\/Living-Libations-Organic-Logo-510x57.png 510w, https:\/\/dutchhealthstore.com\/wp-content\/uploads\/2018\/02\/Living-Libations-Organic-Logo-768x85.png 768w, https:\/\/dutchhealthstore.com\/wp-content\/uploads\/2018\/02\/Living-Libations-Organic-Logo.png 1400w\" sizes=\"(max-width: 800px) 100vw, 800px\" \/><\/p>\n","protected":false},"excerpt":{"rendered":"<p>Living Libations<strong> Hearth Mirth <\/strong>ist eine belebende Mischung aus duftenden, eleganten Essenzen, die Fr\u00f6hlichkeit und Heiterkeit in Ihr Zuhause bringen.<br \/>\nEine willkommene Erg\u00e4nzung f\u00fcr jede Weihnachtsfeier.<\/p>\n","protected":false},"featured_media":110055,"comment_status":"open","ping_status":"closed","template":"","meta":[],"product_brand":[],"product_cat":[1962,6737,6749,1493,1210,6736],"product_tag":[21667,6443,1547,21395,21809,21819,6740],"class_list":{"0":"post-110239","1":"product","2":"type-product","3":"status-publish","4":"has-post-thumbnail","6":"product_cat-elixir-blends","7":"product_cat-essential-oils-de-2","8":"product_cat-essential-oil-blends-de-2","9":"product_cat-living-libations-deutschland","10":"product_cat-marken","11":"product_cat-wellness-de","12":"product_tag-aroma-de","13":"product_tag-blends-de","14":"product_tag-essential-oil-de","15":"product_tag-korper","16":"product_tag-natural-de","17":"product_tag-parfum","18":"product_tag-perfume-de","19":"pa_brand-livinglibations-de","20":"pa_essential-oils-product-type-essential-oil-blends-de","21":"pa_gtin-7439657383359-de","22":"pa_size-5-ml-de","23":"pa_size-15-ml-de-2","24":"pa_size-30-ml-de","26":"first","27":"instock","28":"taxable","29":"shipping-taxable","30":"purchasable","31":"product-type-variable"},"bundled_by":[],"bundle_stock_status":"instock","bundle_stock_quantity":null,"bundle_virtual":false,"bundle_layout":"","bundle_add_to_cart_form_location":"","bundle_editable_in_cart":false,"bundle_sold_individually_context":"","bundle_item_grouping":"","bundle_min_size":"","bundle_max_size":"","bundle_price":[],"bundled_items":[],"bundle_sell_ids":[247691],"atum_controlled":true,"out_stock_date":null,"out_stock_threshold":null,"inheritable":true,"stock_on_hold":0,"sold_today":0,"sales_last_days":0,"out_stock_days":0,"lost_sales":0,"update_date":"2026-04-09T01:48:12","atum_locations":[],"atum_stock_status":"instock","restock_status":false,"low_stock_amount":"","sales_update_date":"2026-04-09T01:48:12","calc_backorders":null,"group_of_quantity":0,"min_quantity":0,"max_quantity":"","exclude_order_quantity_value_rules":"no","exclude_category_quantity_rules":"no","combine_variations":"no","yoast_head":"<!-- This site is optimized with the Yoast SEO Premium plugin v26.5 (Yoast SEO v26.5) - https:\/\/yoast.com\/wordpress\/plugins\/seo\/ -->\n<title>Hearth Mirth | Living Libations<\/title>\n<meta name=\"description\" content=\"Living Libations Hearth Mirth ist eine belebende Mischung aus duftenden, eleganten Essenzen, die Fr\u00f6hlichkeit und Heiterkeit in Ihr Zuhause bringen.\" \/>\n<meta name=\"robots\" content=\"index, follow, max-snippet:-1, max-image-preview:large, max-video-preview:-1\" \/>\n<link rel=\"canonical\" href=\"https:\/\/dutchhealthstore.com\/de\/product\/hearth-mirth\/\" \/>\n<meta property=\"og:locale\" content=\"de_DE\" \/>\n<meta property=\"og:type\" content=\"article\" \/>\n<meta property=\"og:title\" content=\"Hearth Mirth - Dutch Health Store\" \/>\n<meta property=\"og:description\" content=\"Living Libations Hearth Mirth ist eine belebende Mischung aus duftenden, eleganten Essenzen, die Fr\u00f6hlichkeit und Heiterkeit in Ihr Zuhause bringen.\" \/>\n<meta property=\"og:url\" content=\"https:\/\/dutchhealthstore.com\/de\/product\/hearth-mirth\/\" \/>\n<meta property=\"og:site_name\" content=\"Dutch Health Store\" \/>\n<meta property=\"article:publisher\" content=\"https:\/\/www.instagram.com\/dutchhealthstore\/\" \/>\n<meta property=\"article:modified_time\" content=\"2024-10-31T21:00:26+00:00\" \/>\n<meta property=\"og:image\" content=\"https:\/\/dutchhealthstore.com\/wp-content\/uploads\/2020\/06\/Living-Libations-Hearth-Mirth-1-e1593522301326.jpg\" \/>\n\t<meta property=\"og:image:width\" content=\"500\" \/>\n\t<meta property=\"og:image:height\" content=\"500\" \/>\n\t<meta property=\"og:image:type\" content=\"image\/jpeg\" \/>\n<meta name=\"twitter:card\" content=\"summary_large_image\" \/>\n<meta name=\"twitter:label1\" content=\"Verf\u00fcgbarkeit\" \/>\n\t<meta name=\"twitter:data1\" content=\"Auf Lager\" \/>\n<script type=\"application\/ld+json\" class=\"yoast-schema-graph\">{\"@context\":\"https:\/\/schema.org\",\"@graph\":[{\"@type\":\"WebPage\",\"@id\":\"https:\/\/dutchhealthstore.com\/de\/product\/hearth-mirth\/\",\"url\":\"https:\/\/dutchhealthstore.com\/de\/product\/hearth-mirth\/\",\"name\":\"Hearth Mirth | Living Libations\",\"isPartOf\":{\"@id\":\"https:\/\/dutchhealthstore.com\/de\/#website\"},\"primaryImageOfPage\":{\"@id\":\"https:\/\/dutchhealthstore.com\/de\/product\/hearth-mirth\/#primaryimage\"},\"image\":{\"@id\":\"https:\/\/dutchhealthstore.com\/de\/product\/hearth-mirth\/#primaryimage\"},\"thumbnailUrl\":\"https:\/\/dutchhealthstore.com\/wp-content\/uploads\/2020\/06\/Living-Libations-Hearth-Mirth-1-e1593522301326.jpg\",\"datePublished\":\"2020-06-30T13:10:07+00:00\",\"dateModified\":\"2024-10-31T21:00:26+00:00\",\"description\":\"Living Libations Hearth Mirth ist eine belebende Mischung aus duftenden, eleganten Essenzen, die Fr\u00f6hlichkeit und Heiterkeit in Ihr Zuhause bringen.\",\"breadcrumb\":{\"@id\":\"https:\/\/dutchhealthstore.com\/de\/product\/hearth-mirth\/#breadcrumb\"},\"inLanguage\":\"de\",\"potentialAction\":[{\"@type\":\"ReadAction\",\"target\":[\"https:\/\/dutchhealthstore.com\/de\/product\/hearth-mirth\/\"]}]},{\"@type\":\"ImageObject\",\"inLanguage\":\"de\",\"@id\":\"https:\/\/dutchhealthstore.com\/de\/product\/hearth-mirth\/#primaryimage\",\"url\":\"https:\/\/dutchhealthstore.com\/wp-content\/uploads\/2020\/06\/Living-Libations-Hearth-Mirth-1-e1593522301326.jpg\",\"contentUrl\":\"https:\/\/dutchhealthstore.com\/wp-content\/uploads\/2020\/06\/Living-Libations-Hearth-Mirth-1-e1593522301326.jpg\",\"width\":500,\"height\":500,\"caption\":\"Living Libations Hearth Mirth\"},{\"@type\":\"BreadcrumbList\",\"@id\":\"https:\/\/dutchhealthstore.com\/de\/product\/hearth-mirth\/#breadcrumb\",\"itemListElement\":[{\"@type\":\"ListItem\",\"position\":1,\"name\":\"Home\",\"item\":\"https:\/\/dutchhealthstore.com\/de\/\"},{\"@type\":\"ListItem\",\"position\":2,\"name\":\"Shop\",\"item\":\"https:\/\/dutchhealthstore.com\/de\/shop-2\/\"},{\"@type\":\"ListItem\",\"position\":3,\"name\":\"Hearth Mirth\"}]},{\"@type\":\"WebSite\",\"@id\":\"https:\/\/dutchhealthstore.com\/de\/#website\",\"url\":\"https:\/\/dutchhealthstore.com\/de\/\",\"name\":\"Dutch Health Store\",\"description\":\"Enhance Your Beauty with Organic &amp; Natural Skincare\",\"publisher\":{\"@id\":\"https:\/\/dutchhealthstore.com\/de\/#organization\"},\"potentialAction\":[{\"@type\":\"SearchAction\",\"target\":{\"@type\":\"EntryPoint\",\"urlTemplate\":\"https:\/\/dutchhealthstore.com\/de\/?s={search_term_string}\"},\"query-input\":{\"@type\":\"PropertyValueSpecification\",\"valueRequired\":true,\"valueName\":\"search_term_string\"}}],\"inLanguage\":\"de\"},{\"@type\":\"Organization\",\"@id\":\"https:\/\/dutchhealthstore.com\/de\/#organization\",\"name\":\"Dutch Health Store\",\"url\":\"https:\/\/dutchhealthstore.com\/de\/\",\"logo\":{\"@type\":\"ImageObject\",\"inLanguage\":\"de\",\"@id\":\"https:\/\/dutchhealthstore.com\/de\/#\/schema\/logo\/image\/\",\"url\":\"https:\/\/dutchhealthstore.com\/wp-content\/uploads\/2020\/08\/logo-dutchhealthstore-jpg-e1599484957574.jpg\",\"contentUrl\":\"https:\/\/dutchhealthstore.com\/wp-content\/uploads\/2020\/08\/logo-dutchhealthstore-jpg-e1599484957574.jpg\",\"width\":400,\"height\":62,\"caption\":\"Dutch Health Store\"},\"image\":{\"@id\":\"https:\/\/dutchhealthstore.com\/de\/#\/schema\/logo\/image\/\"},\"sameAs\":[\"https:\/\/www.instagram.com\/dutchhealthstore\/\",\"https:\/\/www.facebook.com\/dutchhealthstore\"]}]}<\/script>\n<meta property=\"product:brand\" content=\"Living Libations\" \/>\n<meta property=\"og:availability\" content=\"instock\" \/>\n<meta property=\"product:availability\" content=\"instock\" \/>\n<meta property=\"product:condition\" content=\"new\" \/>\n<!-- \/ Yoast SEO Premium plugin. -->","yoast_head_json":{"title":"Hearth Mirth | Living Libations","description":"Living Libations Hearth Mirth ist eine belebende Mischung aus duftenden, eleganten Essenzen, die Fr\u00f6hlichkeit und Heiterkeit in Ihr Zuhause bringen.","robots":{"index":"index","follow":"follow","max-snippet":"max-snippet:-1","max-image-preview":"max-image-preview:large","max-video-preview":"max-video-preview:-1"},"canonical":"https:\/\/dutchhealthstore.com\/de\/product\/hearth-mirth\/","og_locale":"de_DE","og_type":"article","og_title":"Hearth Mirth - Dutch Health Store","og_description":"Living Libations Hearth Mirth ist eine belebende Mischung aus duftenden, eleganten Essenzen, die Fr\u00f6hlichkeit und Heiterkeit in Ihr Zuhause bringen.","og_url":"https:\/\/dutchhealthstore.com\/de\/product\/hearth-mirth\/","og_site_name":"Dutch Health Store","article_publisher":"https:\/\/www.instagram.com\/dutchhealthstore\/","article_modified_time":"2024-10-31T21:00:26+00:00","og_image":[{"width":500,"height":500,"url":"https:\/\/dutchhealthstore.com\/wp-content\/uploads\/2020\/06\/Living-Libations-Hearth-Mirth-1-e1593522301326.jpg","type":"image\/jpeg"}],"twitter_card":"summary_large_image","twitter_misc":{"Verf\u00fcgbarkeit":"Auf Lager"},"schema":{"@context":"https:\/\/schema.org","@graph":[{"@type":"WebPage","@id":"https:\/\/dutchhealthstore.com\/de\/product\/hearth-mirth\/","url":"https:\/\/dutchhealthstore.com\/de\/product\/hearth-mirth\/","name":"Hearth Mirth | Living Libations","isPartOf":{"@id":"https:\/\/dutchhealthstore.com\/de\/#website"},"primaryImageOfPage":{"@id":"https:\/\/dutchhealthstore.com\/de\/product\/hearth-mirth\/#primaryimage"},"image":{"@id":"https:\/\/dutchhealthstore.com\/de\/product\/hearth-mirth\/#primaryimage"},"thumbnailUrl":"https:\/\/dutchhealthstore.com\/wp-content\/uploads\/2020\/06\/Living-Libations-Hearth-Mirth-1-e1593522301326.jpg","datePublished":"2020-06-30T13:10:07+00:00","dateModified":"2024-10-31T21:00:26+00:00","description":"Living Libations Hearth Mirth ist eine belebende Mischung aus duftenden, eleganten Essenzen, die Fr\u00f6hlichkeit und Heiterkeit in Ihr Zuhause bringen.","breadcrumb":{"@id":"https:\/\/dutchhealthstore.com\/de\/product\/hearth-mirth\/#breadcrumb"},"inLanguage":"de","potentialAction":[{"@type":"ReadAction","target":["https:\/\/dutchhealthstore.com\/de\/product\/hearth-mirth\/"]}]},{"@type":"ImageObject","inLanguage":"de","@id":"https:\/\/dutchhealthstore.com\/de\/product\/hearth-mirth\/#primaryimage","url":"https:\/\/dutchhealthstore.com\/wp-content\/uploads\/2020\/06\/Living-Libations-Hearth-Mirth-1-e1593522301326.jpg","contentUrl":"https:\/\/dutchhealthstore.com\/wp-content\/uploads\/2020\/06\/Living-Libations-Hearth-Mirth-1-e1593522301326.jpg","width":500,"height":500,"caption":"Living Libations Hearth Mirth"},{"@type":"BreadcrumbList","@id":"https:\/\/dutchhealthstore.com\/de\/product\/hearth-mirth\/#breadcrumb","itemListElement":[{"@type":"ListItem","position":1,"name":"Home","item":"https:\/\/dutchhealthstore.com\/de\/"},{"@type":"ListItem","position":2,"name":"Shop","item":"https:\/\/dutchhealthstore.com\/de\/shop-2\/"},{"@type":"ListItem","position":3,"name":"Hearth Mirth"}]},{"@type":"WebSite","@id":"https:\/\/dutchhealthstore.com\/de\/#website","url":"https:\/\/dutchhealthstore.com\/de\/","name":"Dutch Health Store","description":"Enhance Your Beauty with Organic &amp; Natural Skincare","publisher":{"@id":"https:\/\/dutchhealthstore.com\/de\/#organization"},"potentialAction":[{"@type":"SearchAction","target":{"@type":"EntryPoint","urlTemplate":"https:\/\/dutchhealthstore.com\/de\/?s={search_term_string}"},"query-input":{"@type":"PropertyValueSpecification","valueRequired":true,"valueName":"search_term_string"}}],"inLanguage":"de"},{"@type":"Organization","@id":"https:\/\/dutchhealthstore.com\/de\/#organization","name":"Dutch Health Store","url":"https:\/\/dutchhealthstore.com\/de\/","logo":{"@type":"ImageObject","inLanguage":"de","@id":"https:\/\/dutchhealthstore.com\/de\/#\/schema\/logo\/image\/","url":"https:\/\/dutchhealthstore.com\/wp-content\/uploads\/2020\/08\/logo-dutchhealthstore-jpg-e1599484957574.jpg","contentUrl":"https:\/\/dutchhealthstore.com\/wp-content\/uploads\/2020\/08\/logo-dutchhealthstore-jpg-e1599484957574.jpg","width":400,"height":62,"caption":"Dutch Health Store"},"image":{"@id":"https:\/\/dutchhealthstore.com\/de\/#\/schema\/logo\/image\/"},"sameAs":["https:\/\/www.instagram.com\/dutchhealthstore\/","https:\/\/www.facebook.com\/dutchhealthstore"]}]},"product_brand":"Living Libations","og_availability":"instock","product_availability":"instock","product_condition":"new"},"_links":{"self":[{"href":"https:\/\/dutchhealthstore.com\/de\/wp-json\/wp\/v2\/product\/110239","targetHints":{"allow":["GET"]}}],"collection":[{"href":"https:\/\/dutchhealthstore.com\/de\/wp-json\/wp\/v2\/product"}],"about":[{"href":"https:\/\/dutchhealthstore.com\/de\/wp-json\/wp\/v2\/types\/product"}],"replies":[{"embeddable":true,"href":"https:\/\/dutchhealthstore.com\/de\/wp-json\/wp\/v2\/comments?post=110239"}],"wp:featuredmedia":[{"embeddable":true,"href":"https:\/\/dutchhealthstore.com\/de\/wp-json\/wp\/v2\/media\/110055"}],"wp:attachment":[{"href":"https:\/\/dutchhealthstore.com\/de\/wp-json\/wp\/v2\/media?parent=110239"}],"wp:term":[{"taxonomy":"product_brand","embeddable":true,"href":"https:\/\/dutchhealthstore.com\/de\/wp-json\/wp\/v2\/product_brand?post=110239"},{"taxonomy":"product_cat","embeddable":true,"href":"https:\/\/dutchhealthstore.com\/de\/wp-json\/wp\/v2\/product_cat?post=110239"},{"taxonomy":"product_tag","embeddable":true,"href":"https:\/\/dutchhealthstore.com\/de\/wp-json\/wp\/v2\/product_tag?post=110239"}],"curies":[{"name":"wp","href":"https:\/\/api.w.org\/{rel}","templated":true}]}}