{"id":110230,"date":"2020-06-30T12:16:06","date_gmt":"2020-06-30T10:16:06","guid":{"rendered":"https:\/\/dutchhealthstore.com\/product\/blend-bedtime-story\/"},"modified":"2025-09-26T14:14:00","modified_gmt":"2025-09-26T12:14:00","slug":"blend-bedtime-story","status":"publish","type":"product","link":"https:\/\/dutchhealthstore.com\/de\/product\/blend-bedtime-story\/","title":{"rendered":"Bedtime Story Blend"},"content":{"rendered":"<p><img decoding=\"async\" class=\"size-full wp-image-69549 alignright\" src=\"https:\/\/dutchhealthstore.com\/wp-content\/uploads\/2019\/08\/NEW-Living-Libations-Logo.jpg\" alt=\"NEW - Living Libations - Logo\" width=\"175\" height=\"82\">Sssshhh! Wenn die Sonne untergegangen ist und ein langer Spieltag hinter uns liegt, sollten die Augenlider schwer werden und die Kleinen ihr Bett aufsuchen. Bedtime Story Blend singt ein duftendes Schlaflied, w\u00e4hrend es Sie ins Schlummerland begleitet.<\/p>\n<h3>Verwenden Sie<\/h3>\n<p>Auf Kissen streuen oder in Diffusoren und Salzpfeifen geben. Verd\u00fcnnen Sie es f\u00fcr die Massage oder f\u00fcgen Sie es zu einem einladenden Bad vor dem Schlafengehen hinzu, das die Kinder dazu inspiriert, nach einem Tag voller Spiele in die Federn zu gehen.<\/p>\n<p><strong>Gr\u00f6\u00dfe: 5 ml und 15 ml<\/strong><\/p>\n<h3>Nat\u00fcrliche\/Organische Inhaltsstoffe<\/h3>\n<p><strong>Lavendel <\/strong><em>(Lavendula Angustifolia<\/em>) &#8211; Der liebliche Duft des Lavendels umschmeichelt die Sinne, l\u00e4sst Spannungen abfallen und entspannt die Atmung. Lavendel ist ein Schlaflied, das die Emotionen beruhigt und es dem Geist erm\u00f6glicht, tiefer in die Vertiefungen des Slow-Wave-Schlafs einzutauchen.<\/p>\n<p><strong>Mandarine <\/strong><em>(Citrus Tangerina<\/em>) &#8211; Das w\u00fcrzige \u00e4therische \u00d6l der Mandarine wird aus den Schalen der s\u00fc\u00dfen brasilianischen Mandarine gepresst. Mandarinen\u00f6l ist eines der sichersten und sanftesten \u00d6le f\u00fcr Schwangere und Kinder und wird traditionell als Aperitif und gegen Schlaflosigkeit verwendet. Unser \u00d6l verstr\u00f6mt ein sonniges Zitrusaroma und eine hohe Konzentration der pflanzlichen Verbindung Limonen. Die Mandarine ist ein Traum von Ruhe und Behaglichkeit dank ihrer beruhigenden Wirkung.<\/p>\n<p><strong>Spikenard <\/strong><em>(Nardostachys Jatamansi<\/em>) &#8211; Mit dem beruhigenden \u00e4therischen \u00d6l der Spikenard schlummern Sie ruhig ein. Diese erdende, zutiefst beruhigende Wurzelessenz entspannt Widerst\u00e4nde und erweitert die Aufnahmef\u00e4higkeit f\u00fcr heitere Siestas und Nirwana-Nickerchen.<\/p>\n<p><strong>Kamille <\/strong><em>(Anthemis nobilis<\/em>) &#8211; Pflegende Kamille-Essenz hat eine s\u00fc\u00dfe, \u00e4therische, leicht krautig-heuige Pr\u00e4senz, die an einen reifen Apfel erinnert, der in einer Sommerbrise tanzt. Dieses \u00e4therische \u00d6l ist reich an entspannenden Estern, die es zum sanftesten \u00d6l machen, um in einen h\u00f6heren Zustand des Seins zu gelangen. Die beruhigende Kamille verw\u00f6hnt uns mit ihren honigblumigen, hypnotisch-fruchtigen Kr\u00e4ften, die \u00c4ngste lindern, Spannungen abbauen und die Nerven beruhigen.<\/p>\n<p><img fetchpriority=\"high\" decoding=\"async\" class=\"size-medium wp-image-68103 aligncenter\" src=\"https:\/\/dutchhealthstore.com\/wp-content\/uploads\/2018\/02\/Living-Libations-Organic-Logo-800x89.png\" alt=\"Living Libations - Organic Logo\" width=\"800\" height=\"89\" srcset=\"https:\/\/dutchhealthstore.com\/wp-content\/uploads\/2018\/02\/Living-Libations-Organic-Logo-800x89.png 800w, https:\/\/dutchhealthstore.com\/wp-content\/uploads\/2018\/02\/Living-Libations-Organic-Logo-510x57.png 510w, https:\/\/dutchhealthstore.com\/wp-content\/uploads\/2018\/02\/Living-Libations-Organic-Logo-768x85.png 768w, https:\/\/dutchhealthstore.com\/wp-content\/uploads\/2018\/02\/Living-Libations-Organic-Logo.png 1400w\" sizes=\"(max-width: 800px) 100vw, 800px\" \/><\/p>\n","protected":false},"excerpt":{"rendered":"<p>Living Libations<strong> Bedtime Story Blend<\/strong> ist ein Lavendel-Schlaflied, das die Kleinen einlullen soll, damit sie sich in die H\u00e4ngematte des Lebens zur\u00fccklegen. Diese Mischung f\u00fcr die Schlafenszeit ist eine gem\u00fctliche Kombination aus beruhigenden Pflanzen, die die Gezeiten des Tages in eine einladende D\u00e4mmerung verwandeln.<\/p>\n","protected":false},"featured_media":110014,"comment_status":"open","ping_status":"closed","template":"","meta":[],"product_brand":[],"product_cat":[1962,6737,6749,1498,6753,6645,1493,1210,1496,6736],"product_tag":[6443,1547],"class_list":{"0":"post-110230","1":"product","2":"type-product","3":"status-publish","4":"has-post-thumbnail","6":"product_cat-elixir-blends","7":"product_cat-essential-oils-de-2","8":"product_cat-essential-oil-blends-de-2","9":"product_cat-baby-kind-living-libations","10":"product_cat-babies-pregnancy","11":"product_cat-family-de","12":"product_cat-living-libations-deutschland","13":"product_cat-marken","14":"product_cat-lufterfrischer-living-libations","15":"product_cat-wellness-de","16":"product_tag-blends-de","17":"product_tag-essential-oil-de","18":"pa_brand-livinglibations-de","19":"pa_essential-oils-product-type-essential-oil-blends-de","20":"pa_gtin-7439657383342-de","21":"pa_size-5-ml-de","22":"pa_size-15-ml-de-2","24":"first","25":"instock","26":"taxable","27":"shipping-taxable","28":"purchasable","29":"product-type-variable"},"bundled_by":[],"bundle_stock_status":"instock","bundle_stock_quantity":null,"bundle_virtual":false,"bundle_layout":"","bundle_add_to_cart_form_location":"","bundle_editable_in_cart":false,"bundle_sold_individually_context":"","bundle_item_grouping":"","bundle_min_size":"","bundle_max_size":"","bundle_price":[],"bundled_items":[],"bundle_sell_ids":[247691],"atum_controlled":true,"out_stock_date":null,"out_stock_threshold":null,"inheritable":true,"stock_on_hold":1,"sold_today":0,"sales_last_days":0,"out_stock_days":0,"lost_sales":0,"update_date":"2026-04-06T01:47:05","atum_locations":[],"atum_stock_status":"instock","restock_status":false,"low_stock_amount":"","sales_update_date":"2026-04-06T01:47:05","calc_backorders":null,"group_of_quantity":0,"min_quantity":0,"max_quantity":"","exclude_order_quantity_value_rules":"no","exclude_category_quantity_rules":"no","combine_variations":"no","yoast_head":"<!-- This site is optimized with the Yoast SEO Premium plugin v26.5 (Yoast SEO v26.5) - https:\/\/yoast.com\/wordpress\/plugins\/seo\/ -->\n<title>Bedtime Story Blend | Living Libations<\/title>\n<meta name=\"description\" content=\"Diese Mischung f\u00fcr die Schlafenszeit ist eine gem\u00fctliche Kombination aus beruhigenden Pflanzen, die die Gezeiten des Tages in eine einladende D\u00e4mmerung verwandeln.\" \/>\n<meta name=\"robots\" content=\"index, follow, max-snippet:-1, max-image-preview:large, max-video-preview:-1\" \/>\n<link rel=\"canonical\" href=\"https:\/\/dutchhealthstore.com\/de\/product\/blend-bedtime-story\/\" \/>\n<meta property=\"og:locale\" content=\"de_DE\" \/>\n<meta property=\"og:type\" content=\"article\" \/>\n<meta property=\"og:title\" content=\"Bedtime Story Blend - Dutch Health Store\" \/>\n<meta property=\"og:description\" content=\"Diese Mischung f\u00fcr die Schlafenszeit ist eine gem\u00fctliche Kombination aus beruhigenden Pflanzen, die die Gezeiten des Tages in eine einladende D\u00e4mmerung verwandeln.\" \/>\n<meta property=\"og:url\" content=\"https:\/\/dutchhealthstore.com\/de\/product\/blend-bedtime-story\/\" \/>\n<meta property=\"og:site_name\" content=\"Dutch Health Store\" \/>\n<meta property=\"article:publisher\" content=\"https:\/\/www.instagram.com\/dutchhealthstore\/\" \/>\n<meta property=\"article:modified_time\" content=\"2025-09-26T12:14:00+00:00\" \/>\n<meta property=\"og:image\" content=\"https:\/\/dutchhealthstore.com\/wp-content\/uploads\/2020\/06\/living-libations-diffuser-blend-bedtime-story-1-e1593518887908.jpg\" \/>\n\t<meta property=\"og:image:width\" content=\"500\" \/>\n\t<meta property=\"og:image:height\" content=\"500\" \/>\n\t<meta property=\"og:image:type\" content=\"image\/jpeg\" \/>\n<meta name=\"twitter:card\" content=\"summary_large_image\" \/>\n<meta name=\"twitter:label1\" content=\"Verf\u00fcgbarkeit\" \/>\n\t<meta name=\"twitter:data1\" content=\"Auf Lager\" \/>\n<script type=\"application\/ld+json\" class=\"yoast-schema-graph\">{\"@context\":\"https:\/\/schema.org\",\"@graph\":[{\"@type\":\"WebPage\",\"@id\":\"https:\/\/dutchhealthstore.com\/de\/product\/blend-bedtime-story\/\",\"url\":\"https:\/\/dutchhealthstore.com\/de\/product\/blend-bedtime-story\/\",\"name\":\"Bedtime Story Blend | Living Libations\",\"isPartOf\":{\"@id\":\"https:\/\/dutchhealthstore.com\/de\/#website\"},\"primaryImageOfPage\":{\"@id\":\"https:\/\/dutchhealthstore.com\/de\/product\/blend-bedtime-story\/#primaryimage\"},\"image\":{\"@id\":\"https:\/\/dutchhealthstore.com\/de\/product\/blend-bedtime-story\/#primaryimage\"},\"thumbnailUrl\":\"https:\/\/dutchhealthstore.com\/wp-content\/uploads\/2020\/06\/living-libations-diffuser-blend-bedtime-story-1-e1593518887908.jpg\",\"datePublished\":\"2020-06-30T10:16:06+00:00\",\"dateModified\":\"2025-09-26T12:14:00+00:00\",\"description\":\"Diese Mischung f\u00fcr die Schlafenszeit ist eine gem\u00fctliche Kombination aus beruhigenden Pflanzen, die die Gezeiten des Tages in eine einladende D\u00e4mmerung verwandeln.\",\"breadcrumb\":{\"@id\":\"https:\/\/dutchhealthstore.com\/de\/product\/blend-bedtime-story\/#breadcrumb\"},\"inLanguage\":\"de\",\"potentialAction\":[{\"@type\":\"ReadAction\",\"target\":[\"https:\/\/dutchhealthstore.com\/de\/product\/blend-bedtime-story\/\"]}]},{\"@type\":\"ImageObject\",\"inLanguage\":\"de\",\"@id\":\"https:\/\/dutchhealthstore.com\/de\/product\/blend-bedtime-story\/#primaryimage\",\"url\":\"https:\/\/dutchhealthstore.com\/wp-content\/uploads\/2020\/06\/living-libations-diffuser-blend-bedtime-story-1-e1593518887908.jpg\",\"contentUrl\":\"https:\/\/dutchhealthstore.com\/wp-content\/uploads\/2020\/06\/living-libations-diffuser-blend-bedtime-story-1-e1593518887908.jpg\",\"width\":500,\"height\":500,\"caption\":\"living libations diffuser blend bedtime story\"},{\"@type\":\"BreadcrumbList\",\"@id\":\"https:\/\/dutchhealthstore.com\/de\/product\/blend-bedtime-story\/#breadcrumb\",\"itemListElement\":[{\"@type\":\"ListItem\",\"position\":1,\"name\":\"Home\",\"item\":\"https:\/\/dutchhealthstore.com\/de\/\"},{\"@type\":\"ListItem\",\"position\":2,\"name\":\"Shop\",\"item\":\"https:\/\/dutchhealthstore.com\/de\/shop-2\/\"},{\"@type\":\"ListItem\",\"position\":3,\"name\":\"Bedtime Story Blend\"}]},{\"@type\":\"WebSite\",\"@id\":\"https:\/\/dutchhealthstore.com\/de\/#website\",\"url\":\"https:\/\/dutchhealthstore.com\/de\/\",\"name\":\"Dutch Health Store\",\"description\":\"Enhance Your Beauty with Organic &amp; Natural Skincare\",\"publisher\":{\"@id\":\"https:\/\/dutchhealthstore.com\/de\/#organization\"},\"potentialAction\":[{\"@type\":\"SearchAction\",\"target\":{\"@type\":\"EntryPoint\",\"urlTemplate\":\"https:\/\/dutchhealthstore.com\/de\/?s={search_term_string}\"},\"query-input\":{\"@type\":\"PropertyValueSpecification\",\"valueRequired\":true,\"valueName\":\"search_term_string\"}}],\"inLanguage\":\"de\"},{\"@type\":\"Organization\",\"@id\":\"https:\/\/dutchhealthstore.com\/de\/#organization\",\"name\":\"Dutch Health Store\",\"url\":\"https:\/\/dutchhealthstore.com\/de\/\",\"logo\":{\"@type\":\"ImageObject\",\"inLanguage\":\"de\",\"@id\":\"https:\/\/dutchhealthstore.com\/de\/#\/schema\/logo\/image\/\",\"url\":\"https:\/\/dutchhealthstore.com\/wp-content\/uploads\/2020\/08\/logo-dutchhealthstore-jpg-e1599484957574.jpg\",\"contentUrl\":\"https:\/\/dutchhealthstore.com\/wp-content\/uploads\/2020\/08\/logo-dutchhealthstore-jpg-e1599484957574.jpg\",\"width\":400,\"height\":62,\"caption\":\"Dutch Health Store\"},\"image\":{\"@id\":\"https:\/\/dutchhealthstore.com\/de\/#\/schema\/logo\/image\/\"},\"sameAs\":[\"https:\/\/www.instagram.com\/dutchhealthstore\/\",\"https:\/\/www.facebook.com\/dutchhealthstore\"]}]}<\/script>\n<meta property=\"product:brand\" content=\"Living Libations\" \/>\n<meta property=\"og:availability\" content=\"instock\" \/>\n<meta property=\"product:availability\" content=\"instock\" \/>\n<meta property=\"product:condition\" content=\"new\" \/>\n<!-- \/ Yoast SEO Premium plugin. -->","yoast_head_json":{"title":"Bedtime Story Blend | Living Libations","description":"Diese Mischung f\u00fcr die Schlafenszeit ist eine gem\u00fctliche Kombination aus beruhigenden Pflanzen, die die Gezeiten des Tages in eine einladende D\u00e4mmerung verwandeln.","robots":{"index":"index","follow":"follow","max-snippet":"max-snippet:-1","max-image-preview":"max-image-preview:large","max-video-preview":"max-video-preview:-1"},"canonical":"https:\/\/dutchhealthstore.com\/de\/product\/blend-bedtime-story\/","og_locale":"de_DE","og_type":"article","og_title":"Bedtime Story Blend - Dutch Health Store","og_description":"Diese Mischung f\u00fcr die Schlafenszeit ist eine gem\u00fctliche Kombination aus beruhigenden Pflanzen, die die Gezeiten des Tages in eine einladende D\u00e4mmerung verwandeln.","og_url":"https:\/\/dutchhealthstore.com\/de\/product\/blend-bedtime-story\/","og_site_name":"Dutch Health Store","article_publisher":"https:\/\/www.instagram.com\/dutchhealthstore\/","article_modified_time":"2025-09-26T12:14:00+00:00","og_image":[{"width":500,"height":500,"url":"https:\/\/dutchhealthstore.com\/wp-content\/uploads\/2020\/06\/living-libations-diffuser-blend-bedtime-story-1-e1593518887908.jpg","type":"image\/jpeg"}],"twitter_card":"summary_large_image","twitter_misc":{"Verf\u00fcgbarkeit":"Auf Lager"},"schema":{"@context":"https:\/\/schema.org","@graph":[{"@type":"WebPage","@id":"https:\/\/dutchhealthstore.com\/de\/product\/blend-bedtime-story\/","url":"https:\/\/dutchhealthstore.com\/de\/product\/blend-bedtime-story\/","name":"Bedtime Story Blend | Living Libations","isPartOf":{"@id":"https:\/\/dutchhealthstore.com\/de\/#website"},"primaryImageOfPage":{"@id":"https:\/\/dutchhealthstore.com\/de\/product\/blend-bedtime-story\/#primaryimage"},"image":{"@id":"https:\/\/dutchhealthstore.com\/de\/product\/blend-bedtime-story\/#primaryimage"},"thumbnailUrl":"https:\/\/dutchhealthstore.com\/wp-content\/uploads\/2020\/06\/living-libations-diffuser-blend-bedtime-story-1-e1593518887908.jpg","datePublished":"2020-06-30T10:16:06+00:00","dateModified":"2025-09-26T12:14:00+00:00","description":"Diese Mischung f\u00fcr die Schlafenszeit ist eine gem\u00fctliche Kombination aus beruhigenden Pflanzen, die die Gezeiten des Tages in eine einladende D\u00e4mmerung verwandeln.","breadcrumb":{"@id":"https:\/\/dutchhealthstore.com\/de\/product\/blend-bedtime-story\/#breadcrumb"},"inLanguage":"de","potentialAction":[{"@type":"ReadAction","target":["https:\/\/dutchhealthstore.com\/de\/product\/blend-bedtime-story\/"]}]},{"@type":"ImageObject","inLanguage":"de","@id":"https:\/\/dutchhealthstore.com\/de\/product\/blend-bedtime-story\/#primaryimage","url":"https:\/\/dutchhealthstore.com\/wp-content\/uploads\/2020\/06\/living-libations-diffuser-blend-bedtime-story-1-e1593518887908.jpg","contentUrl":"https:\/\/dutchhealthstore.com\/wp-content\/uploads\/2020\/06\/living-libations-diffuser-blend-bedtime-story-1-e1593518887908.jpg","width":500,"height":500,"caption":"living libations diffuser blend bedtime story"},{"@type":"BreadcrumbList","@id":"https:\/\/dutchhealthstore.com\/de\/product\/blend-bedtime-story\/#breadcrumb","itemListElement":[{"@type":"ListItem","position":1,"name":"Home","item":"https:\/\/dutchhealthstore.com\/de\/"},{"@type":"ListItem","position":2,"name":"Shop","item":"https:\/\/dutchhealthstore.com\/de\/shop-2\/"},{"@type":"ListItem","position":3,"name":"Bedtime Story Blend"}]},{"@type":"WebSite","@id":"https:\/\/dutchhealthstore.com\/de\/#website","url":"https:\/\/dutchhealthstore.com\/de\/","name":"Dutch Health Store","description":"Enhance Your Beauty with Organic &amp; Natural Skincare","publisher":{"@id":"https:\/\/dutchhealthstore.com\/de\/#organization"},"potentialAction":[{"@type":"SearchAction","target":{"@type":"EntryPoint","urlTemplate":"https:\/\/dutchhealthstore.com\/de\/?s={search_term_string}"},"query-input":{"@type":"PropertyValueSpecification","valueRequired":true,"valueName":"search_term_string"}}],"inLanguage":"de"},{"@type":"Organization","@id":"https:\/\/dutchhealthstore.com\/de\/#organization","name":"Dutch Health Store","url":"https:\/\/dutchhealthstore.com\/de\/","logo":{"@type":"ImageObject","inLanguage":"de","@id":"https:\/\/dutchhealthstore.com\/de\/#\/schema\/logo\/image\/","url":"https:\/\/dutchhealthstore.com\/wp-content\/uploads\/2020\/08\/logo-dutchhealthstore-jpg-e1599484957574.jpg","contentUrl":"https:\/\/dutchhealthstore.com\/wp-content\/uploads\/2020\/08\/logo-dutchhealthstore-jpg-e1599484957574.jpg","width":400,"height":62,"caption":"Dutch Health Store"},"image":{"@id":"https:\/\/dutchhealthstore.com\/de\/#\/schema\/logo\/image\/"},"sameAs":["https:\/\/www.instagram.com\/dutchhealthstore\/","https:\/\/www.facebook.com\/dutchhealthstore"]}]},"product_brand":"Living Libations","og_availability":"instock","product_availability":"instock","product_condition":"new"},"_links":{"self":[{"href":"https:\/\/dutchhealthstore.com\/de\/wp-json\/wp\/v2\/product\/110230","targetHints":{"allow":["GET"]}}],"collection":[{"href":"https:\/\/dutchhealthstore.com\/de\/wp-json\/wp\/v2\/product"}],"about":[{"href":"https:\/\/dutchhealthstore.com\/de\/wp-json\/wp\/v2\/types\/product"}],"replies":[{"embeddable":true,"href":"https:\/\/dutchhealthstore.com\/de\/wp-json\/wp\/v2\/comments?post=110230"}],"wp:featuredmedia":[{"embeddable":true,"href":"https:\/\/dutchhealthstore.com\/de\/wp-json\/wp\/v2\/media\/110014"}],"wp:attachment":[{"href":"https:\/\/dutchhealthstore.com\/de\/wp-json\/wp\/v2\/media?parent=110230"}],"wp:term":[{"taxonomy":"product_brand","embeddable":true,"href":"https:\/\/dutchhealthstore.com\/de\/wp-json\/wp\/v2\/product_brand?post=110230"},{"taxonomy":"product_cat","embeddable":true,"href":"https:\/\/dutchhealthstore.com\/de\/wp-json\/wp\/v2\/product_cat?post=110230"},{"taxonomy":"product_tag","embeddable":true,"href":"https:\/\/dutchhealthstore.com\/de\/wp-json\/wp\/v2\/product_tag?post=110230"}],"curies":[{"name":"wp","href":"https:\/\/api.w.org\/{rel}","templated":true}]}}