{"id":110064,"date":"2018-04-13T19:32:14","date_gmt":"2018-04-13T17:32:14","guid":{"rendered":"https:\/\/dutchhealthstore.com\/product\/saint-johns-wort-essential-oil\/"},"modified":"2024-04-18T09:52:23","modified_gmt":"2024-04-18T09:52:23","slug":"saint-johns-wort-essential-oil","status":"publish","type":"product","link":"https:\/\/dutchhealthstore.com\/de\/product\/saint-johns-wort-essential-oil\/","title":{"rendered":"Saint John\u2019s Wort Essential Oil"},"content":{"rendered":"<p><strong><img decoding=\"async\" class=\"size-full wp-image-69549 alignright\" src=\"https:\/\/dutchhealthstore.com\/wp-content\/uploads\/2019\/08\/NEW-Living-Libations-Logo.jpg\" alt=\"NEW - Living Libations - Logo\" width=\"175\" height=\"82\">Botanischer Name:<\/strong> Hypericum perforatum<br \/>\n<strong>Botanische Familie:<\/strong> Hypericaceae<br \/>\n<strong>Extraktionsverfahren:<\/strong> Dampfdestilliert<br \/>\n<strong>Teil der Pflanze Destilliert:<\/strong> Bl\u00fcten<br \/>\n<strong>Herkunftsland:<\/strong> Kanada<br \/>\n<strong>Anbaumethode:<\/strong> Wildwachsend<br \/>\n<strong>Zusammensetzung:<\/strong> 100% Hypericum perforatum<\/p>\n<h3>Beschreibung des Duftes<\/h3>\n<p>Durchdringend angenehm, krautig mit einem Hauch von ozeanischer Atmosph\u00e4re<\/p>\n<h3>Vertr\u00e4gt sich gut mit<\/h3>\n<p>Thymian, S\u00fc\u00dfer Thymian, Lavendel, Majoran, Sandelholz, Ylang, Ysop, Schafgarbe, Schwarzfichte, Strohblume, Weihrauch, Muskatellersalbei, Hasenbusch, Bergamotte, Zitrone, Neroli, Karottensamen, Kamille, Rose Otto, Palmarosa und Geranie.<\/p>\n<h3>Verwendet<\/h3>\n<p>Konzentrierte Massage\u00f6le zum Schmelzen von Muskelverspannungen und zur Beruhigung der Nerven; erste Hilfe bei k\u00fchlenden Kompressen und geschwollener Haut; diffundieren oder inhalieren in einer Salzpfeife f\u00fcr erhebende Klarheit; sch\u00f6n in Betth\u00e4schen; mildert Narben und verleiht einen heiteren Traum in Hautseren mit Strohblume und Kamille. Die tonisierenden Eigenschaften dieser Pflanze machten sie zu einem traditionellen Volksheilmittel bei Ungleichgewichten der Haut.<\/p>\n<h3>Kontraindikation<\/h3>\n<p>Phototoxisch, wenn es unverd\u00fcnnt auf die Haut aufgetragen und dem Sonnenlicht ausgesetzt wird.<\/p>\n<p>Johanniskraut wird ebenso wie Arnika f\u00fcr emotionale Traumata gesch\u00e4tzt. Sie wurde von den griechischen Meisterkr\u00e4utern Hippokrates, Theophrastus, Dioskurides, Galen und dem Schweizer Arzt Paracelsus als Nervengift verehrt.<\/p>\n<p>Es ist ein heiliges, aktuelles Tonikum, das den Druck der Hautfarbe und -struktur ausgleicht. Synergieren Sie sesquiterpenreiches Johanniskraut in Hautsalben, um das Erscheinungsbild von Narben, Hautunreinheiten und Ungleichgewichten zu mildern.<\/p>\n<p>Atmen Sie dieses Aroma ein und sp\u00fcren Sie, wie seine durchdringende Annehmlichkeit von Ihrer Nase zu Ihrem Gehirn wandert, wo sich diese Molek\u00fcle niederschlagen.<\/p>\n<p><strong>Gr\u00f6\u00dfe: 5 ml, 15 ml und 30 ml<\/strong><\/p>\n<h3>Bio-Zutaten<\/h3>\n<p>\u00c4therisches \u00d6l aus 100% Johanniskraut (Hypericum perforatum).<\/p>\n<p style=\"text-align: center;\"><em>&#8222;Das \u00e4therische \u00d6l des Johanniskrauts ist so sanft wie die \u00dcberlieferungen \u00fcber diese Pflanze. Das \u00d6l dringt tief ein und ist fl\u00fcchtiger als andere \u00e4therische \u00d6le. Es ist kostbar und selten.<\/em><br \/>\n~ Kurt Schnaubelt, <strong>Advanced Aromatherapy.<\/strong><\/p>\n<p>&nbsp;<\/p>\n<p><img fetchpriority=\"high\" decoding=\"async\" class=\"size-medium wp-image-68103 aligncenter\" src=\"https:\/\/dutchhealthstore.com\/wp-content\/uploads\/2018\/02\/Living-Libations-Organic-Logo-800x89.png\" alt=\"Living Libations - Organic Logo\" width=\"800\" height=\"89\" srcset=\"https:\/\/dutchhealthstore.com\/wp-content\/uploads\/2018\/02\/Living-Libations-Organic-Logo-800x89.png 800w, https:\/\/dutchhealthstore.com\/wp-content\/uploads\/2018\/02\/Living-Libations-Organic-Logo-510x57.png 510w, https:\/\/dutchhealthstore.com\/wp-content\/uploads\/2018\/02\/Living-Libations-Organic-Logo-768x85.png 768w, https:\/\/dutchhealthstore.com\/wp-content\/uploads\/2018\/02\/Living-Libations-Organic-Logo.png 1400w\" sizes=\"(max-width: 800px) 100vw, 800px\" \/><\/p>\n","protected":false},"excerpt":{"rendered":"<p>Auf dem H\u00f6hepunkt der Sommersaison werden die Bl\u00fcten des <strong>Johanniskrauts<\/strong> aus gutem Grund gesammelt, um ein Tonikum zu destillieren, das eine ganze Welt in einem Tropfen enth\u00e4lt.<br \/>\nDiese sonnige Sonnenwendeblume verk\u00f6rpert in jeder ihrer sternf\u00f6rmigen gelben Wildblumen Entspannung, Heiterkeit und alles, was einem lieb ist.<br \/>\nHolen Sie sich die Sonne ins Haus und beruhigen Sie Ihre Nerven und Ihre Haut mit diesem gesch\u00e4tzten pflanzlichen Helfer.<\/p>\n","protected":false},"featured_media":196981,"comment_status":"open","ping_status":"closed","template":"","meta":[],"product_brand":[],"product_cat":[1546,6737,1508,1493,1210,1496,511,6736],"product_tag":[1547],"class_list":{"0":"post-110064","1":"product","2":"type-product","3":"status-publish","4":"has-post-thumbnail","6":"product_cat-essential-oils-living-libations-de","7":"product_cat-essential-oils-de-2","8":"product_cat-aetherische-oele-living-libations","9":"product_cat-living-libations-deutschland","10":"product_cat-marken","11":"product_cat-lufterfrischer-living-libations","12":"product_cat-produkte","13":"product_cat-wellness-de","14":"product_tag-essential-oil-de","15":"pa_brand-livinglibations-de","16":"pa_essential-oils-product-type-essential-oils-de","17":"pa_size-5-ml-de","18":"pa_size-15-ml-de-2","20":"first","21":"instock","22":"taxable","23":"shipping-taxable","24":"purchasable","25":"product-type-simple"},"bundled_by":[],"bundle_stock_status":"instock","bundle_stock_quantity":1,"bundle_virtual":false,"bundle_layout":"","bundle_add_to_cart_form_location":"","bundle_editable_in_cart":false,"bundle_sold_individually_context":"","bundle_item_grouping":"","bundle_min_size":"","bundle_max_size":"","bundle_price":[],"bundled_items":[],"bundle_sell_ids":[],"atum_controlled":true,"out_stock_date":null,"out_stock_threshold":null,"inheritable":false,"stock_on_hold":0,"sold_today":0,"sales_last_days":0,"out_stock_days":0,"lost_sales":0,"update_date":"2026-04-11T00:02:27","atum_locations":[],"atum_stock_status":"instock","restock_status":false,"low_stock_amount":"","sales_update_date":"2026-04-11T00:02:27","calc_backorders":null,"group_of_quantity":0,"min_quantity":0,"max_quantity":"","exclude_order_quantity_value_rules":"no","exclude_category_quantity_rules":"no","combine_variations":"no","yoast_head":"<!-- This site is optimized with the Yoast SEO Premium plugin v26.5 (Yoast SEO v26.5) - https:\/\/yoast.com\/wordpress\/plugins\/seo\/ -->\n<title>Saint John\u2019s Wort Essential Oil | Living Libations<\/title>\n<meta name=\"description\" content=\"Auf dem H\u00f6hepunkt der Sommersaison werden die Bl\u00fcten des Johanniskrauts aus gutem Grund gesammelt, um ein Tonikum zu destillieren, das eine ganze Welt in einem Tropfen enth\u00e4lt.\" \/>\n<meta name=\"robots\" content=\"index, follow, max-snippet:-1, max-image-preview:large, max-video-preview:-1\" \/>\n<link rel=\"canonical\" href=\"https:\/\/dutchhealthstore.com\/de\/product\/saint-johns-wort-essential-oil\/\" \/>\n<meta property=\"og:locale\" content=\"de_DE\" \/>\n<meta property=\"og:type\" content=\"article\" \/>\n<meta property=\"og:title\" content=\"Saint John\u2019s Wort Essential Oil - Dutch Health Store\" \/>\n<meta property=\"og:description\" content=\"Auf dem H\u00f6hepunkt der Sommersaison werden die Bl\u00fcten des Johanniskrauts aus gutem Grund gesammelt, um ein Tonikum zu destillieren, das eine ganze Welt in einem Tropfen enth\u00e4lt.\" \/>\n<meta property=\"og:url\" content=\"https:\/\/dutchhealthstore.com\/de\/product\/saint-johns-wort-essential-oil\/\" \/>\n<meta property=\"og:site_name\" content=\"Dutch Health Store\" \/>\n<meta property=\"article:publisher\" content=\"https:\/\/www.instagram.com\/dutchhealthstore\/\" \/>\n<meta property=\"article:modified_time\" content=\"2024-04-18T09:52:23+00:00\" \/>\n<meta property=\"og:image\" content=\"https:\/\/dutchhealthstore.com\/wp-content\/uploads\/2018\/04\/st-johns-wort-essential-oil.jpg\" \/>\n\t<meta property=\"og:image:width\" content=\"500\" \/>\n\t<meta property=\"og:image:height\" content=\"500\" \/>\n\t<meta property=\"og:image:type\" content=\"image\/jpeg\" \/>\n<meta name=\"twitter:card\" content=\"summary_large_image\" \/>\n<meta name=\"twitter:label1\" content=\"Preis\" \/>\n\t<meta name=\"twitter:data1\" content=\"&euro;36,00\" \/>\n\t<meta name=\"twitter:label2\" content=\"Verf\u00fcgbarkeit\" \/>\n\t<meta name=\"twitter:data2\" content=\"Auf Lager\" \/>\n<script type=\"application\/ld+json\" class=\"yoast-schema-graph\">{\"@context\":\"https:\/\/schema.org\",\"@graph\":[{\"@type\":\"WebPage\",\"@id\":\"https:\/\/dutchhealthstore.com\/de\/product\/saint-johns-wort-essential-oil\/\",\"url\":\"https:\/\/dutchhealthstore.com\/de\/product\/saint-johns-wort-essential-oil\/\",\"name\":\"Saint John\u2019s Wort Essential Oil | Living Libations\",\"isPartOf\":{\"@id\":\"https:\/\/dutchhealthstore.com\/de\/#website\"},\"primaryImageOfPage\":{\"@id\":\"https:\/\/dutchhealthstore.com\/de\/product\/saint-johns-wort-essential-oil\/#primaryimage\"},\"image\":{\"@id\":\"https:\/\/dutchhealthstore.com\/de\/product\/saint-johns-wort-essential-oil\/#primaryimage\"},\"thumbnailUrl\":\"https:\/\/dutchhealthstore.com\/wp-content\/uploads\/2018\/04\/st-johns-wort-essential-oil.jpg\",\"datePublished\":\"2018-04-13T17:32:14+00:00\",\"dateModified\":\"2024-04-18T09:52:23+00:00\",\"description\":\"Auf dem H\u00f6hepunkt der Sommersaison werden die Bl\u00fcten des Johanniskrauts aus gutem Grund gesammelt, um ein Tonikum zu destillieren, das eine ganze Welt in einem Tropfen enth\u00e4lt.\",\"breadcrumb\":{\"@id\":\"https:\/\/dutchhealthstore.com\/de\/product\/saint-johns-wort-essential-oil\/#breadcrumb\"},\"inLanguage\":\"de\",\"potentialAction\":[{\"@type\":\"ReadAction\",\"target\":[\"https:\/\/dutchhealthstore.com\/de\/product\/saint-johns-wort-essential-oil\/\"]}]},{\"@type\":\"ImageObject\",\"inLanguage\":\"de\",\"@id\":\"https:\/\/dutchhealthstore.com\/de\/product\/saint-johns-wort-essential-oil\/#primaryimage\",\"url\":\"https:\/\/dutchhealthstore.com\/wp-content\/uploads\/2018\/04\/st-johns-wort-essential-oil.jpg\",\"contentUrl\":\"https:\/\/dutchhealthstore.com\/wp-content\/uploads\/2018\/04\/st-johns-wort-essential-oil.jpg\",\"width\":500,\"height\":500,\"caption\":\"st johns wort essential oil\"},{\"@type\":\"BreadcrumbList\",\"@id\":\"https:\/\/dutchhealthstore.com\/de\/product\/saint-johns-wort-essential-oil\/#breadcrumb\",\"itemListElement\":[{\"@type\":\"ListItem\",\"position\":1,\"name\":\"Home\",\"item\":\"https:\/\/dutchhealthstore.com\/de\/\"},{\"@type\":\"ListItem\",\"position\":2,\"name\":\"Shop\",\"item\":\"https:\/\/dutchhealthstore.com\/de\/shop-2\/\"},{\"@type\":\"ListItem\",\"position\":3,\"name\":\"Saint John\u2019s Wort Essential Oil\"}]},{\"@type\":\"WebSite\",\"@id\":\"https:\/\/dutchhealthstore.com\/de\/#website\",\"url\":\"https:\/\/dutchhealthstore.com\/de\/\",\"name\":\"Dutch Health Store\",\"description\":\"Enhance Your Beauty with Organic &amp; Natural Skincare\",\"publisher\":{\"@id\":\"https:\/\/dutchhealthstore.com\/de\/#organization\"},\"potentialAction\":[{\"@type\":\"SearchAction\",\"target\":{\"@type\":\"EntryPoint\",\"urlTemplate\":\"https:\/\/dutchhealthstore.com\/de\/?s={search_term_string}\"},\"query-input\":{\"@type\":\"PropertyValueSpecification\",\"valueRequired\":true,\"valueName\":\"search_term_string\"}}],\"inLanguage\":\"de\"},{\"@type\":\"Organization\",\"@id\":\"https:\/\/dutchhealthstore.com\/de\/#organization\",\"name\":\"Dutch Health Store\",\"url\":\"https:\/\/dutchhealthstore.com\/de\/\",\"logo\":{\"@type\":\"ImageObject\",\"inLanguage\":\"de\",\"@id\":\"https:\/\/dutchhealthstore.com\/de\/#\/schema\/logo\/image\/\",\"url\":\"https:\/\/dutchhealthstore.com\/wp-content\/uploads\/2020\/08\/logo-dutchhealthstore-jpg-e1599484957574.jpg\",\"contentUrl\":\"https:\/\/dutchhealthstore.com\/wp-content\/uploads\/2020\/08\/logo-dutchhealthstore-jpg-e1599484957574.jpg\",\"width\":400,\"height\":62,\"caption\":\"Dutch Health Store\"},\"image\":{\"@id\":\"https:\/\/dutchhealthstore.com\/de\/#\/schema\/logo\/image\/\"},\"sameAs\":[\"https:\/\/www.instagram.com\/dutchhealthstore\/\",\"https:\/\/www.facebook.com\/dutchhealthstore\"]}]}<\/script>\n<meta property=\"product:brand\" content=\"Living Libations\" \/>\n<meta property=\"product:price:amount\" content=\"36.00\" \/>\n<meta property=\"product:price:currency\" content=\"EUR\" \/>\n<meta property=\"og:availability\" content=\"instock\" \/>\n<meta property=\"product:availability\" content=\"instock\" \/>\n<meta property=\"product:condition\" content=\"new\" \/>\n<!-- \/ Yoast SEO Premium plugin. -->","yoast_head_json":{"title":"Saint John\u2019s Wort Essential Oil | Living Libations","description":"Auf dem H\u00f6hepunkt der Sommersaison werden die Bl\u00fcten des Johanniskrauts aus gutem Grund gesammelt, um ein Tonikum zu destillieren, das eine ganze Welt in einem Tropfen enth\u00e4lt.","robots":{"index":"index","follow":"follow","max-snippet":"max-snippet:-1","max-image-preview":"max-image-preview:large","max-video-preview":"max-video-preview:-1"},"canonical":"https:\/\/dutchhealthstore.com\/de\/product\/saint-johns-wort-essential-oil\/","og_locale":"de_DE","og_type":"article","og_title":"Saint John\u2019s Wort Essential Oil - Dutch Health Store","og_description":"Auf dem H\u00f6hepunkt der Sommersaison werden die Bl\u00fcten des Johanniskrauts aus gutem Grund gesammelt, um ein Tonikum zu destillieren, das eine ganze Welt in einem Tropfen enth\u00e4lt.","og_url":"https:\/\/dutchhealthstore.com\/de\/product\/saint-johns-wort-essential-oil\/","og_site_name":"Dutch Health Store","article_publisher":"https:\/\/www.instagram.com\/dutchhealthstore\/","article_modified_time":"2024-04-18T09:52:23+00:00","og_image":[{"width":500,"height":500,"url":"https:\/\/dutchhealthstore.com\/wp-content\/uploads\/2018\/04\/st-johns-wort-essential-oil.jpg","type":"image\/jpeg"}],"twitter_card":"summary_large_image","twitter_misc":{"Preis":"&euro;36,00","Verf\u00fcgbarkeit":"Auf Lager"},"schema":{"@context":"https:\/\/schema.org","@graph":[{"@type":"WebPage","@id":"https:\/\/dutchhealthstore.com\/de\/product\/saint-johns-wort-essential-oil\/","url":"https:\/\/dutchhealthstore.com\/de\/product\/saint-johns-wort-essential-oil\/","name":"Saint John\u2019s Wort Essential Oil | Living Libations","isPartOf":{"@id":"https:\/\/dutchhealthstore.com\/de\/#website"},"primaryImageOfPage":{"@id":"https:\/\/dutchhealthstore.com\/de\/product\/saint-johns-wort-essential-oil\/#primaryimage"},"image":{"@id":"https:\/\/dutchhealthstore.com\/de\/product\/saint-johns-wort-essential-oil\/#primaryimage"},"thumbnailUrl":"https:\/\/dutchhealthstore.com\/wp-content\/uploads\/2018\/04\/st-johns-wort-essential-oil.jpg","datePublished":"2018-04-13T17:32:14+00:00","dateModified":"2024-04-18T09:52:23+00:00","description":"Auf dem H\u00f6hepunkt der Sommersaison werden die Bl\u00fcten des Johanniskrauts aus gutem Grund gesammelt, um ein Tonikum zu destillieren, das eine ganze Welt in einem Tropfen enth\u00e4lt.","breadcrumb":{"@id":"https:\/\/dutchhealthstore.com\/de\/product\/saint-johns-wort-essential-oil\/#breadcrumb"},"inLanguage":"de","potentialAction":[{"@type":"ReadAction","target":["https:\/\/dutchhealthstore.com\/de\/product\/saint-johns-wort-essential-oil\/"]}]},{"@type":"ImageObject","inLanguage":"de","@id":"https:\/\/dutchhealthstore.com\/de\/product\/saint-johns-wort-essential-oil\/#primaryimage","url":"https:\/\/dutchhealthstore.com\/wp-content\/uploads\/2018\/04\/st-johns-wort-essential-oil.jpg","contentUrl":"https:\/\/dutchhealthstore.com\/wp-content\/uploads\/2018\/04\/st-johns-wort-essential-oil.jpg","width":500,"height":500,"caption":"st johns wort essential oil"},{"@type":"BreadcrumbList","@id":"https:\/\/dutchhealthstore.com\/de\/product\/saint-johns-wort-essential-oil\/#breadcrumb","itemListElement":[{"@type":"ListItem","position":1,"name":"Home","item":"https:\/\/dutchhealthstore.com\/de\/"},{"@type":"ListItem","position":2,"name":"Shop","item":"https:\/\/dutchhealthstore.com\/de\/shop-2\/"},{"@type":"ListItem","position":3,"name":"Saint John\u2019s Wort Essential Oil"}]},{"@type":"WebSite","@id":"https:\/\/dutchhealthstore.com\/de\/#website","url":"https:\/\/dutchhealthstore.com\/de\/","name":"Dutch Health Store","description":"Enhance Your Beauty with Organic &amp; Natural Skincare","publisher":{"@id":"https:\/\/dutchhealthstore.com\/de\/#organization"},"potentialAction":[{"@type":"SearchAction","target":{"@type":"EntryPoint","urlTemplate":"https:\/\/dutchhealthstore.com\/de\/?s={search_term_string}"},"query-input":{"@type":"PropertyValueSpecification","valueRequired":true,"valueName":"search_term_string"}}],"inLanguage":"de"},{"@type":"Organization","@id":"https:\/\/dutchhealthstore.com\/de\/#organization","name":"Dutch Health Store","url":"https:\/\/dutchhealthstore.com\/de\/","logo":{"@type":"ImageObject","inLanguage":"de","@id":"https:\/\/dutchhealthstore.com\/de\/#\/schema\/logo\/image\/","url":"https:\/\/dutchhealthstore.com\/wp-content\/uploads\/2020\/08\/logo-dutchhealthstore-jpg-e1599484957574.jpg","contentUrl":"https:\/\/dutchhealthstore.com\/wp-content\/uploads\/2020\/08\/logo-dutchhealthstore-jpg-e1599484957574.jpg","width":400,"height":62,"caption":"Dutch Health Store"},"image":{"@id":"https:\/\/dutchhealthstore.com\/de\/#\/schema\/logo\/image\/"},"sameAs":["https:\/\/www.instagram.com\/dutchhealthstore\/","https:\/\/www.facebook.com\/dutchhealthstore"]}]},"product_brand":"Living Libations","product_price_amount":"36.00","product_price_currency":"EUR","og_availability":"instock","product_availability":"instock","product_condition":"new"},"_links":{"self":[{"href":"https:\/\/dutchhealthstore.com\/de\/wp-json\/wp\/v2\/product\/110064","targetHints":{"allow":["GET"]}}],"collection":[{"href":"https:\/\/dutchhealthstore.com\/de\/wp-json\/wp\/v2\/product"}],"about":[{"href":"https:\/\/dutchhealthstore.com\/de\/wp-json\/wp\/v2\/types\/product"}],"replies":[{"embeddable":true,"href":"https:\/\/dutchhealthstore.com\/de\/wp-json\/wp\/v2\/comments?post=110064"}],"wp:featuredmedia":[{"embeddable":true,"href":"https:\/\/dutchhealthstore.com\/de\/wp-json\/wp\/v2\/media\/196981"}],"wp:attachment":[{"href":"https:\/\/dutchhealthstore.com\/de\/wp-json\/wp\/v2\/media?parent=110064"}],"wp:term":[{"taxonomy":"product_brand","embeddable":true,"href":"https:\/\/dutchhealthstore.com\/de\/wp-json\/wp\/v2\/product_brand?post=110064"},{"taxonomy":"product_cat","embeddable":true,"href":"https:\/\/dutchhealthstore.com\/de\/wp-json\/wp\/v2\/product_cat?post=110064"},{"taxonomy":"product_tag","embeddable":true,"href":"https:\/\/dutchhealthstore.com\/de\/wp-json\/wp\/v2\/product_tag?post=110064"}],"curies":[{"name":"wp","href":"https:\/\/api.w.org\/{rel}","templated":true}]}}