{"id":109971,"date":"2018-02-10T12:50:23","date_gmt":"2018-02-10T11:50:23","guid":{"rendered":"https:\/\/dutchhealthstore.com\/product\/epiphany-elixir\/"},"modified":"2024-06-16T21:31:50","modified_gmt":"2024-06-16T19:31:50","slug":"epiphany-elixir","status":"publish","type":"product","link":"https:\/\/dutchhealthstore.com\/de\/product\/epiphany-elixir\/","title":{"rendered":"Epiphany Elixir"},"content":{"rendered":"<p><img decoding=\"async\" class=\"size-full wp-image-37041 alignright\" src=\"https:\/\/dutchhealthstore.com\/wp-content\/uploads\/2018\/04\/Living_Libations-1.png\" alt=\"Organic &amp; Natural Beautyproducts - Living Libations\" width=\"175\" height=\"82\">Erweitern Sie die intuitiven Portale der Wahrnehmung in der geistigen Rezeption mit diesem kl\u00e4renden Chrisam. Epiphany Elixir ist eine meditative Muse zur Salbung von Stirnchakra, Nase, Brust und Zunge. Verwendung f\u00fcr Reflexion, Meditation, Yoga und wache Zust\u00e4nde der Sch\u00f6pfungsverdeutlichung. Begeben Sie sich auf eine Reise in Ihren inneren Kosmos und zapfen Sie die Quelle Ihrer eigenen Epiphanien an, w\u00e4hrend Sie die Elemente der pflanzlichen Intelligenz kennenlernen.<\/p>\n<h3>Instruktion<\/h3>\n<p>In die Diffusoren und das Salzrohr geben. Auf das Stirnchakra, unter die Nase oder auf die Zunge auftragen, um den Atem zu erfrischen. Mischen Sie es in eine Massage- oder Bademischung f\u00fcr eine besonders \u00e4therische Wirkung.<\/p>\n<p><strong>Gr\u00f6\u00dfe: 5 ml und 15 ml<\/strong><\/p>\n<h3 class=\"yikes-custom-woo-tab-title yikes-custom-woo-tab-title-natural-organic-ingredients\">Nat\u00fcrliche\/Organische Inhaltsstoffe<\/h3>\n<p><strong>Weihrauch<\/strong> <em>(Boswellia carterii)<\/em> &#8211; Die Essenz schlechthin f\u00fcr die Kultivierung von Ehrfurcht ist Weihrauch. Weihrauch ist eine fl\u00fcssige Perle vom Baum des Lebens und wird aus dem harzigen Saft des Baumes destilliert. Dieses feine, duftende \u00d6l, das seit Tausenden von Jahren in spirituellen Zeremonien gesalbt und eingeatmet wird, beruhigt die Nerven, vertieft den Atem w\u00e4hrend der Meditation und f\u00f6rdert die Intuition unserer inneren F\u00fchrung. &#8222;Er enth\u00e4lt die Weisheit der Zeitalter, wartet auf das, was von ihm verlangt wird, und kann alles tun, was von ihm verlangt wird&#8230; Weihrauch ist erhebend, spirituell und meditativ und enth\u00e4lt etwas von der Weisheit des Universums, die sich im geistigen Selbst manifestiert.&#8220;<\/p>\n<p><strong>Myrrhe <\/strong><em>(Commiphora myrrha<\/em>) &#8211; Die kostbare Myrrhe-Essenz enth\u00e4lt dasselbe jenseitige Aroma und dieselben heilenden Eigenschaften, die sie bei so vielen alten Zivilisationen so beliebt machten. &#8222;Im \u00e4gyptischen Heliopolis, der Stadt des Sonnengottes Ra, wurde dreimal am Tag Weihrauch verbrannt, um die Stationen des Sonnenlaufs zu markieren, und Myrrhe wurde zur Mittagszeit verwendet. Die \u00c4gypter verwendeten Myrrhe nicht nur zum Einbalsamieren, sondern auch als Sch\u00f6nheitsmittel und Duftstoff f\u00fcr ihr Heim. Ber\u00fchmt als eines der drei kostbaren Geschenke, die die Heiligen Drei K\u00f6nige bei der Geburt Jesu \u00fcberreichten, galt Myrrhe in biblischer Zeit als heilig. Sie salbten die Alt\u00e4re mit diesem starken Saft, der als Inbegriff der Reinheit galt. &#8222;Dieser tiefe Duft schwingt bei den Wundheilern mit &#8211; den tiefen Wunden, die den Schmerz der anderen tragen &#8211; bis in die Unendlichkeit. Der Duft erm\u00f6glicht es, das Bed\u00fcrfnis loszulassen, f\u00fcr das Gerechte gegen das Ungerechte zu k\u00e4mpfen.<\/p>\n<p><strong>Rose Otto <\/strong><em>(Rosa damascena<\/em>) &#8211; Die k\u00f6nigliche Rose Otto war in alten Kulturen auf der ganzen Welt ein fester Bestandteil. Dichter, Schriftsteller und Mystiker haben die herzerw\u00e4rmende Wirkung von Rosenotto gepriesen, das das Herz f\u00fcr die Liebe \u00f6ffnet. Dieses romantische \u00d6l f\u00f6rdert das Vertrauen, erhebt den Geist und hilft, Liebeskummer zu heilen. &#8222;Der Atem der Rose otto ist wie der Fl\u00fcgelschlag der Engel. Sie arbeitet mit einem Licht, das viel heller ist als die Sonne, mit einer Frequenz, die nicht gemessen werden kann, aber dennoch \u00fcberall ist, und die wir nur sp\u00fcren k\u00f6nnen, wenn wir innehalten und an der Rose riechen. Rose otto schwingt mit der Energie der universellen Liebe und wirkt im Licht der bedingungslosen Liebe und des Gebens.<\/p>\n<p><b>Zitrone <\/b><em>(Citrus limonum<\/em>) &#8211; Unsere liebliche, lebendige Zitronenessenz ist ein belebendes Elixier der k\u00f6stlichen Freude. Aus den Schalen von Tausenden von Zitronen gewonnen, enth\u00e4lt jeder Tropfen die Kraft, die Stimmung zu heben und die Sinne zu beleben. &#8222;Zitrone kl\u00e4rt alles durch Erheben und Fokussieren. Sie gibt uns die n\u00f6tige Zentrierung und den Ansto\u00df, wertvolle Gedanken zu senden. Ihr Duft l\u00e4sst unsere Meditationen tiefer werden und unsere Gebete fliegen.&#8220; Valerie Ann Worwood, Aromatherapy for the Soul.<\/p>\n<p><img fetchpriority=\"high\" decoding=\"async\" class=\"size-full wp-image-31577 aligncenter\" src=\"https:\/\/dutchhealthstore.com\/wp-content\/uploads\/2018\/03\/organic_big.png\" alt=\"Organic and Natural - Living Libations\" width=\"623\" height=\"103\" srcset=\"https:\/\/dutchhealthstore.com\/wp-content\/uploads\/2018\/03\/organic_big.png 623w, https:\/\/dutchhealthstore.com\/wp-content\/uploads\/2018\/03\/organic_big-510x84.png 510w, https:\/\/dutchhealthstore.com\/wp-content\/uploads\/2018\/03\/organic_big-600x99.png 600w, https:\/\/dutchhealthstore.com\/wp-content\/uploads\/2018\/03\/organic_big-350x58.png 350w\" sizes=\"(max-width: 623px) 100vw, 623px\" \/><\/p>\n","protected":false},"excerpt":{"rendered":"<p>Erweitern Sie die intuitiven Portale der Wahrnehmung in der geistigen Rezeption mit diesem kl\u00e4renden Chrisam. Das <strong>Epiphany Elixir<\/strong> ist eine meditative Muse zur Salbung von Stirnchakra, Nase, Brust und Zunge. Verwendung f\u00fcr Reflexion, Meditation, Yoga und wache Zust\u00e4nde der Sch\u00f6pfungsverdeutlichung.<br \/>\nBegeben Sie sich auf eine Reise in Ihren inneren Kosmos und zapfen Sie die Quelle Ihrer eigenen Epiphanien an, w\u00e4hrend Sie die Elemente der pflanzlichen Intelligenz kennenlernen.<\/p>\n","protected":false},"featured_media":113189,"comment_status":"open","ping_status":"closed","template":"","meta":[],"product_brand":[],"product_cat":[1962,6737,6749,8456,6748,1493,1210,1496,511,6747,6736],"product_tag":[1547],"class_list":{"0":"post-109971","1":"product","2":"type-product","3":"status-publish","4":"has-post-thumbnail","6":"product_cat-elixir-blends","7":"product_cat-essential-oils-de-2","8":"product_cat-essential-oil-blends-de-2","9":"product_cat-balance-calm-de-2","10":"product_cat-clarity-focus-de-2","11":"product_cat-living-libations-deutschland","12":"product_cat-marken","13":"product_cat-lufterfrischer-living-libations","14":"product_cat-produkte","15":"product_cat-mood-de-2","16":"product_cat-wellness-de","17":"product_tag-essential-oil-de","18":"pa_brand-livinglibations-de","19":"pa_essential-oils-product-type-essential-oil-blends-de","20":"pa_mood-balance-calm-de","21":"pa_mood-clarity-focus-de","22":"pa_size-15-ml-de-2","23":"pa_size-5-ml-de","25":"first","26":"instock","27":"taxable","28":"shipping-taxable","29":"purchasable","30":"product-type-variable"},"bundled_by":[],"bundle_stock_status":"instock","bundle_stock_quantity":null,"bundle_virtual":false,"bundle_layout":"","bundle_add_to_cart_form_location":"","bundle_editable_in_cart":false,"bundle_sold_individually_context":"","bundle_item_grouping":"","bundle_min_size":"","bundle_max_size":"","bundle_price":[],"bundled_items":[],"bundle_sell_ids":[247526],"atum_controlled":true,"out_stock_date":"2021-09-10 18:03:24","out_stock_threshold":null,"inheritable":true,"stock_on_hold":0,"sold_today":0,"sales_last_days":0,"out_stock_days":1672,"lost_sales":0,"update_date":"2026-04-10T00:01:29","atum_locations":[],"atum_stock_status":"instock","restock_status":false,"low_stock_amount":"","sales_update_date":"2026-04-10T00:01:27","calc_backorders":null,"group_of_quantity":0,"min_quantity":0,"max_quantity":"","exclude_order_quantity_value_rules":"no","exclude_category_quantity_rules":"no","combine_variations":"no","yoast_head":"<!-- This site is optimized with the Yoast SEO Premium plugin v26.5 (Yoast SEO v26.5) - https:\/\/yoast.com\/wordpress\/plugins\/seo\/ -->\n<title>Epiphany Elixir | Living Libations<\/title>\n<meta name=\"description\" content=\"Epiphany Elixir - Weihrauch, der die Kraft der kristallinen Klarheit st\u00e4rkt; eine Reise zu Ihrem inneren Sonnenserum.\" \/>\n<meta name=\"robots\" content=\"index, follow, max-snippet:-1, max-image-preview:large, max-video-preview:-1\" \/>\n<link rel=\"canonical\" href=\"https:\/\/dutchhealthstore.com\/de\/product\/epiphany-elixir\/\" \/>\n<meta property=\"og:locale\" content=\"de_DE\" \/>\n<meta property=\"og:type\" content=\"article\" \/>\n<meta property=\"og:title\" content=\"Epiphany Elixir - Dutch Health Store\" \/>\n<meta property=\"og:description\" content=\"Epiphany Elixir - Weihrauch, der die Kraft der kristallinen Klarheit st\u00e4rkt; eine Reise zu Ihrem inneren Sonnenserum.\" \/>\n<meta property=\"og:url\" content=\"https:\/\/dutchhealthstore.com\/de\/product\/epiphany-elixir\/\" \/>\n<meta property=\"og:site_name\" content=\"Dutch Health Store\" \/>\n<meta property=\"article:publisher\" content=\"https:\/\/www.instagram.com\/dutchhealthstore\/\" \/>\n<meta property=\"article:modified_time\" content=\"2024-06-16T19:31:50+00:00\" \/>\n<meta property=\"og:image\" content=\"https:\/\/dutchhealthstore.com\/wp-content\/uploads\/2018\/02\/Living-Libations-Epiphany-Elixir-e1594635123189.jpg\" \/>\n\t<meta property=\"og:image:width\" content=\"500\" \/>\n\t<meta property=\"og:image:height\" content=\"500\" \/>\n\t<meta property=\"og:image:type\" content=\"image\/jpeg\" \/>\n<meta name=\"twitter:card\" content=\"summary_large_image\" \/>\n<meta name=\"twitter:label1\" content=\"Verf\u00fcgbarkeit\" \/>\n\t<meta name=\"twitter:data1\" content=\"Auf Lager\" \/>\n<script type=\"application\/ld+json\" class=\"yoast-schema-graph\">{\"@context\":\"https:\/\/schema.org\",\"@graph\":[{\"@type\":\"WebPage\",\"@id\":\"https:\/\/dutchhealthstore.com\/de\/product\/epiphany-elixir\/\",\"url\":\"https:\/\/dutchhealthstore.com\/de\/product\/epiphany-elixir\/\",\"name\":\"Epiphany Elixir | Living Libations\",\"isPartOf\":{\"@id\":\"https:\/\/dutchhealthstore.com\/de\/#website\"},\"primaryImageOfPage\":{\"@id\":\"https:\/\/dutchhealthstore.com\/de\/product\/epiphany-elixir\/#primaryimage\"},\"image\":{\"@id\":\"https:\/\/dutchhealthstore.com\/de\/product\/epiphany-elixir\/#primaryimage\"},\"thumbnailUrl\":\"https:\/\/dutchhealthstore.com\/wp-content\/uploads\/2018\/02\/Living-Libations-Epiphany-Elixir-e1594635123189.jpg\",\"datePublished\":\"2018-02-10T11:50:23+00:00\",\"dateModified\":\"2024-06-16T19:31:50+00:00\",\"description\":\"Epiphany Elixir - Weihrauch, der die Kraft der kristallinen Klarheit st\u00e4rkt; eine Reise zu Ihrem inneren Sonnenserum.\",\"breadcrumb\":{\"@id\":\"https:\/\/dutchhealthstore.com\/de\/product\/epiphany-elixir\/#breadcrumb\"},\"inLanguage\":\"de\",\"potentialAction\":[{\"@type\":\"ReadAction\",\"target\":[\"https:\/\/dutchhealthstore.com\/de\/product\/epiphany-elixir\/\"]}]},{\"@type\":\"ImageObject\",\"inLanguage\":\"de\",\"@id\":\"https:\/\/dutchhealthstore.com\/de\/product\/epiphany-elixir\/#primaryimage\",\"url\":\"https:\/\/dutchhealthstore.com\/wp-content\/uploads\/2018\/02\/Living-Libations-Epiphany-Elixir-e1594635123189.jpg\",\"contentUrl\":\"https:\/\/dutchhealthstore.com\/wp-content\/uploads\/2018\/02\/Living-Libations-Epiphany-Elixir-e1594635123189.jpg\",\"width\":500,\"height\":500,\"caption\":\"Living Libations Epiphany Elixir\"},{\"@type\":\"BreadcrumbList\",\"@id\":\"https:\/\/dutchhealthstore.com\/de\/product\/epiphany-elixir\/#breadcrumb\",\"itemListElement\":[{\"@type\":\"ListItem\",\"position\":1,\"name\":\"Home\",\"item\":\"https:\/\/dutchhealthstore.com\/de\/\"},{\"@type\":\"ListItem\",\"position\":2,\"name\":\"Shop\",\"item\":\"https:\/\/dutchhealthstore.com\/de\/shop-2\/\"},{\"@type\":\"ListItem\",\"position\":3,\"name\":\"Epiphany Elixir\"}]},{\"@type\":\"WebSite\",\"@id\":\"https:\/\/dutchhealthstore.com\/de\/#website\",\"url\":\"https:\/\/dutchhealthstore.com\/de\/\",\"name\":\"Dutch Health Store\",\"description\":\"Enhance Your Beauty with Organic &amp; Natural Skincare\",\"publisher\":{\"@id\":\"https:\/\/dutchhealthstore.com\/de\/#organization\"},\"potentialAction\":[{\"@type\":\"SearchAction\",\"target\":{\"@type\":\"EntryPoint\",\"urlTemplate\":\"https:\/\/dutchhealthstore.com\/de\/?s={search_term_string}\"},\"query-input\":{\"@type\":\"PropertyValueSpecification\",\"valueRequired\":true,\"valueName\":\"search_term_string\"}}],\"inLanguage\":\"de\"},{\"@type\":\"Organization\",\"@id\":\"https:\/\/dutchhealthstore.com\/de\/#organization\",\"name\":\"Dutch Health Store\",\"url\":\"https:\/\/dutchhealthstore.com\/de\/\",\"logo\":{\"@type\":\"ImageObject\",\"inLanguage\":\"de\",\"@id\":\"https:\/\/dutchhealthstore.com\/de\/#\/schema\/logo\/image\/\",\"url\":\"https:\/\/dutchhealthstore.com\/wp-content\/uploads\/2020\/08\/logo-dutchhealthstore-jpg-e1599484957574.jpg\",\"contentUrl\":\"https:\/\/dutchhealthstore.com\/wp-content\/uploads\/2020\/08\/logo-dutchhealthstore-jpg-e1599484957574.jpg\",\"width\":400,\"height\":62,\"caption\":\"Dutch Health Store\"},\"image\":{\"@id\":\"https:\/\/dutchhealthstore.com\/de\/#\/schema\/logo\/image\/\"},\"sameAs\":[\"https:\/\/www.instagram.com\/dutchhealthstore\/\",\"https:\/\/www.facebook.com\/dutchhealthstore\"]}]}<\/script>\n<meta property=\"product:brand\" content=\"Living Libations\" \/>\n<meta property=\"og:availability\" content=\"instock\" \/>\n<meta property=\"product:availability\" content=\"instock\" \/>\n<meta property=\"product:condition\" content=\"new\" \/>\n<!-- \/ Yoast SEO Premium plugin. -->","yoast_head_json":{"title":"Epiphany Elixir | Living Libations","description":"Epiphany Elixir - Weihrauch, der die Kraft der kristallinen Klarheit st\u00e4rkt; eine Reise zu Ihrem inneren Sonnenserum.","robots":{"index":"index","follow":"follow","max-snippet":"max-snippet:-1","max-image-preview":"max-image-preview:large","max-video-preview":"max-video-preview:-1"},"canonical":"https:\/\/dutchhealthstore.com\/de\/product\/epiphany-elixir\/","og_locale":"de_DE","og_type":"article","og_title":"Epiphany Elixir - Dutch Health Store","og_description":"Epiphany Elixir - Weihrauch, der die Kraft der kristallinen Klarheit st\u00e4rkt; eine Reise zu Ihrem inneren Sonnenserum.","og_url":"https:\/\/dutchhealthstore.com\/de\/product\/epiphany-elixir\/","og_site_name":"Dutch Health Store","article_publisher":"https:\/\/www.instagram.com\/dutchhealthstore\/","article_modified_time":"2024-06-16T19:31:50+00:00","og_image":[{"width":500,"height":500,"url":"https:\/\/dutchhealthstore.com\/wp-content\/uploads\/2018\/02\/Living-Libations-Epiphany-Elixir-e1594635123189.jpg","type":"image\/jpeg"}],"twitter_card":"summary_large_image","twitter_misc":{"Verf\u00fcgbarkeit":"Auf Lager"},"schema":{"@context":"https:\/\/schema.org","@graph":[{"@type":"WebPage","@id":"https:\/\/dutchhealthstore.com\/de\/product\/epiphany-elixir\/","url":"https:\/\/dutchhealthstore.com\/de\/product\/epiphany-elixir\/","name":"Epiphany Elixir | Living Libations","isPartOf":{"@id":"https:\/\/dutchhealthstore.com\/de\/#website"},"primaryImageOfPage":{"@id":"https:\/\/dutchhealthstore.com\/de\/product\/epiphany-elixir\/#primaryimage"},"image":{"@id":"https:\/\/dutchhealthstore.com\/de\/product\/epiphany-elixir\/#primaryimage"},"thumbnailUrl":"https:\/\/dutchhealthstore.com\/wp-content\/uploads\/2018\/02\/Living-Libations-Epiphany-Elixir-e1594635123189.jpg","datePublished":"2018-02-10T11:50:23+00:00","dateModified":"2024-06-16T19:31:50+00:00","description":"Epiphany Elixir - Weihrauch, der die Kraft der kristallinen Klarheit st\u00e4rkt; eine Reise zu Ihrem inneren Sonnenserum.","breadcrumb":{"@id":"https:\/\/dutchhealthstore.com\/de\/product\/epiphany-elixir\/#breadcrumb"},"inLanguage":"de","potentialAction":[{"@type":"ReadAction","target":["https:\/\/dutchhealthstore.com\/de\/product\/epiphany-elixir\/"]}]},{"@type":"ImageObject","inLanguage":"de","@id":"https:\/\/dutchhealthstore.com\/de\/product\/epiphany-elixir\/#primaryimage","url":"https:\/\/dutchhealthstore.com\/wp-content\/uploads\/2018\/02\/Living-Libations-Epiphany-Elixir-e1594635123189.jpg","contentUrl":"https:\/\/dutchhealthstore.com\/wp-content\/uploads\/2018\/02\/Living-Libations-Epiphany-Elixir-e1594635123189.jpg","width":500,"height":500,"caption":"Living Libations Epiphany Elixir"},{"@type":"BreadcrumbList","@id":"https:\/\/dutchhealthstore.com\/de\/product\/epiphany-elixir\/#breadcrumb","itemListElement":[{"@type":"ListItem","position":1,"name":"Home","item":"https:\/\/dutchhealthstore.com\/de\/"},{"@type":"ListItem","position":2,"name":"Shop","item":"https:\/\/dutchhealthstore.com\/de\/shop-2\/"},{"@type":"ListItem","position":3,"name":"Epiphany Elixir"}]},{"@type":"WebSite","@id":"https:\/\/dutchhealthstore.com\/de\/#website","url":"https:\/\/dutchhealthstore.com\/de\/","name":"Dutch Health Store","description":"Enhance Your Beauty with Organic &amp; Natural Skincare","publisher":{"@id":"https:\/\/dutchhealthstore.com\/de\/#organization"},"potentialAction":[{"@type":"SearchAction","target":{"@type":"EntryPoint","urlTemplate":"https:\/\/dutchhealthstore.com\/de\/?s={search_term_string}"},"query-input":{"@type":"PropertyValueSpecification","valueRequired":true,"valueName":"search_term_string"}}],"inLanguage":"de"},{"@type":"Organization","@id":"https:\/\/dutchhealthstore.com\/de\/#organization","name":"Dutch Health Store","url":"https:\/\/dutchhealthstore.com\/de\/","logo":{"@type":"ImageObject","inLanguage":"de","@id":"https:\/\/dutchhealthstore.com\/de\/#\/schema\/logo\/image\/","url":"https:\/\/dutchhealthstore.com\/wp-content\/uploads\/2020\/08\/logo-dutchhealthstore-jpg-e1599484957574.jpg","contentUrl":"https:\/\/dutchhealthstore.com\/wp-content\/uploads\/2020\/08\/logo-dutchhealthstore-jpg-e1599484957574.jpg","width":400,"height":62,"caption":"Dutch Health Store"},"image":{"@id":"https:\/\/dutchhealthstore.com\/de\/#\/schema\/logo\/image\/"},"sameAs":["https:\/\/www.instagram.com\/dutchhealthstore\/","https:\/\/www.facebook.com\/dutchhealthstore"]}]},"product_brand":"Living Libations","og_availability":"instock","product_availability":"instock","product_condition":"new"},"_links":{"self":[{"href":"https:\/\/dutchhealthstore.com\/de\/wp-json\/wp\/v2\/product\/109971","targetHints":{"allow":["GET"]}}],"collection":[{"href":"https:\/\/dutchhealthstore.com\/de\/wp-json\/wp\/v2\/product"}],"about":[{"href":"https:\/\/dutchhealthstore.com\/de\/wp-json\/wp\/v2\/types\/product"}],"replies":[{"embeddable":true,"href":"https:\/\/dutchhealthstore.com\/de\/wp-json\/wp\/v2\/comments?post=109971"}],"wp:featuredmedia":[{"embeddable":true,"href":"https:\/\/dutchhealthstore.com\/de\/wp-json\/wp\/v2\/media\/113189"}],"wp:attachment":[{"href":"https:\/\/dutchhealthstore.com\/de\/wp-json\/wp\/v2\/media?parent=109971"}],"wp:term":[{"taxonomy":"product_brand","embeddable":true,"href":"https:\/\/dutchhealthstore.com\/de\/wp-json\/wp\/v2\/product_brand?post=109971"},{"taxonomy":"product_cat","embeddable":true,"href":"https:\/\/dutchhealthstore.com\/de\/wp-json\/wp\/v2\/product_cat?post=109971"},{"taxonomy":"product_tag","embeddable":true,"href":"https:\/\/dutchhealthstore.com\/de\/wp-json\/wp\/v2\/product_tag?post=109971"}],"curies":[{"name":"wp","href":"https:\/\/api.w.org\/{rel}","templated":true}]}}