{"id":109096,"date":"2018-02-10T16:02:10","date_gmt":"2018-02-10T16:02:10","guid":{"rendered":"https:\/\/dutchhealthstore.com\/product\/bliss-tonic\/"},"modified":"2025-11-23T12:44:09","modified_gmt":"2025-11-23T11:44:09","slug":"bliss-tonic","status":"publish","type":"product","link":"https:\/\/dutchhealthstore.com\/de\/product\/bliss-tonic\/","title":{"rendered":"Bliss Tonic"},"content":{"rendered":"<p><img decoding=\"async\" class=\"size-full wp-image-37041 alignright\" src=\"https:\/\/dutchhealthstore.com\/wp-content\/uploads\/2018\/04\/Living_Libations-1.png\" alt=\"Organic &amp; Natural Beautyproducts - Living Libations\" width=\"175\" height=\"82\"><\/p>\n<p>Ist es m\u00f6glich, die Tr\u00e4umerei aufzurollen? Um ein bisschen Freude zu tupfen? Und was w\u00e4re, wenn Sie Schl\u00e4fen und Handgelenke mit dem zarten Fl\u00fcstern reiner, ungez\u00fcgelter Gl\u00fcckseligkeit k\u00fcssen k\u00f6nnten? <strong>Bliss Tonic<\/strong> vereint eine harmonische Mischung aus tr\u00e4ge-euphorischen Essenzen in einer tragbaren Roll-on-Duftmischung f\u00fcr K\u00f6rper und Seele.<\/p>\n<p>Das ist Gl\u00fcckseligkeit! Lassen Sie sich in eine H\u00e4ngematte des Gl\u00fccks fallen, indem Sie <strong>Bliss Tonic<\/strong> auf Schl\u00e4fen, Handgelenke, Kniekehlen, Nacken und \u00fcberall dort auftragen, wo Sie m\u00f6chten! Diese Gl\u00fcckseligkeit inspiriert die Sinne, erweckt den K\u00fcnstler in uns und \u00f6ffnet den Geist f\u00fcr die Gemeinschaft mit allem, was ist.<\/p>\n<p>Jetzt mit <strong>Rosenquarz<\/strong> statt Plastik f\u00fcr den Rollerball! Abgesehen davon, dass dieser Edelstein die Kirsche auf dem Sahneh\u00e4ubchen einer bereits erstaunlichen Libation ist, ist der Rosenquarz ein wundersch\u00f6ner, ausgleichender rosa Quarzstein, der mit dem Herzchakra in Resonanz steht.<\/p>\n<h3>Instruktion<\/h3>\n<p>Tragen Sie den Roll-on auf Handgelenke, Hals, Pulspunkte, Schl\u00e4fen oder andere K\u00f6rperstellen auf, um die Haut mit dem herrlichen Duft botanischer Gl\u00fcckseligkeit zu verw\u00f6hnen.<\/p>\n<p><strong>Gr\u00f6\u00dfe: 10 ml<\/strong><\/p>\n<h3 class=\"yikes-custom-woo-tab-title yikes-custom-woo-tab-title-natural-organic-ingredients\">Nat\u00fcrliche\/Organische Inhaltsstoffe<\/h3>\n<p><strong>Lavendel <\/strong><em>(Lavandula angustifolia)<\/em><strong> &#8211; <\/strong>Der liebliche Lavendel wirkt erholsam und beruhigend. Das Aroma ist frisch und leicht s\u00fc\u00dflich mit einem Hauch von Himmel.<\/p>\n<p><strong>Ylang <\/strong><em>(Cananga odorata) &#8211;<\/em> Euphorischer Ylang ist eine amour\u00f6se Essenz, deren Name \u00fcbersetzt &#8222;Blume der Blumen&#8220; bedeutet. W\u00e4hrend andere schlafen, verstr\u00f6men diese bezaubernden Bl\u00fcten ihren exotischen Duft in einer tropischen Brise. Das s\u00fc\u00dfe und schw\u00fcle Ylang inspiriert die Sinne, indem es mit seinen Bl\u00fctenbl\u00e4ttern der duftenden Positivit\u00e4t Negativit\u00e4t vertreibt.<\/p>\n<p><strong><span class=\"ll-product-ingredient-first\">Bergamott\u00f6l<\/span><\/strong><em><span class=\"ll-product-ingredient-first\">(<\/span><span class=\"ll-product-ingredient-second\">Citrus bergamia) \u2014<\/span><\/em> <span class=\"ll-product-ingredient-second\">Wundersch\u00f6ne Bergamotte verleiht dieser Mischung frische, duftende Zitrusnoten. Als Zitronen-Orangen-Hybrid bricht Bergamotte wie ein Sonnenstrahl durch und erf\u00fcllt diese Mischung mit Gl\u00fcck und guter Laune. <\/span><\/p>\n<p><strong>Roses Over Geranium <\/strong><em>(Rosa damascena und Pelargonium graveolens) &#8211; <\/em>Diese choreografierte Co-Destillation von k\u00f6niglichem Rosen-Otto mit dem reinen Pflanzengenie der Geranie schafft ein erhebendes Aroma, das die k\u00fcnstlerische \u00d6ffnung des Herzens erweitert.<\/p>\n<p><strong>Blutorange <\/strong><em>(Citrus sinensis) &#8211; <\/em>Der sonnige Zitrusgeschmack der Blutorange harmonisiert aufgew\u00fchlte Gef\u00fchle und w\u00e4scht Sorgen weg. Atme Frohsinn ein und Dankbarkeit aus.<\/p>\n<p><strong>Spikenard <\/strong><em>(Nardostachys jatamansi) &#8211; <\/em>Wir haben die aufregende Kombination von Erde und Holz mit Moschusnoten in einem Flakon eingefangen, eine gewinnende Kombination aus Patchouli und Baldrianwurzelduft.<\/p>\n<p><strong><span class=\"ll-product-ingredient-first\">Steinwurzel<\/span><\/strong><em><span class=\"ll-product-ingredient-first\">(<\/span><span class=\"ll-product-ingredient-second\">collinsonia canadensis l) \u2014<\/span><\/em> <span class=\"ll-product-ingredient-second\">Dieses Kraut nutzt die m\u00e4chtigen Kr\u00e4fte saftiger roter Wurzeln, die unter den Blumen der Erde wachsen. Die Steinwurzel beruhigt und kl\u00e4rt das Hautbild durch ihre tonisierende Wirkung.<\/span><\/p>\n<p><strong><span class=\"ll-product-ingredient-first\">Jojoba\u00f6l<\/span><\/strong><em><span class=\"ll-product-ingredient-first\">(<\/span><span class=\"ll-product-ingredient-second\">Simmondsia chinensis) \u2014<\/span><\/em> <span class=\"ll-product-ingredient-second\">Nur ein Schuss wohltuendes Jojoba macht diesen Bliss Tonic Roll-On gebrauchsfertig! Es ist das grundlegende Lipid aller Sch\u00f6nheitsbereiche und auch die Antwort der W\u00fcste auf trockene, spr\u00f6de Haut und Haare. Inmitten von Sandst\u00fcrmen und Kakteen entpuppt sich Jojoba als eine \u00fcberschw\u00e4ngliche, erweichende Oase. Wenn dieser kr\u00e4ftige Strauch unter der W\u00fcstensonne br\u00e4t, keimen in den Jojobasamen Perlen aus fl\u00fcssigem Gold. Aus diesen Samen wird ein goldenes \u00d6l gewonnen, das durch Kaltpressung extrahiert wird und ein Lipid liefert, das dem nat\u00fcrlichen Talg unserer Haut sehr \u00e4hnlich ist. Sie zieht m\u00fchelos in die Haut ein und \u00fcbertr\u00e4gt Phyton\u00e4hrstoffe, die die Haut dabei unterst\u00fctzen, Feuchtigkeit zu speichern und die Elastizit\u00e4t wiederherzustellen. Unglaublich reichhaltig und seidig, pflegt Jojoba die Haut lang anhaltend. Es ist ein hervorragender Tr\u00e4ger f\u00fcr \u00e4therische \u00d6le und Kr\u00e4utertees.<\/span><\/p>\n<p><strong><span class=\"ll-product-ingredient-first\">Rizinus\u00f6l<\/span><\/strong><em><span class=\"ll-product-ingredient-first\">(R<\/span><span class=\"ll-product-ingredient-second\">icinus communis) \u2014<\/span><\/em> <span class=\"ll-product-ingredient-second\">Kaltgepresst aus den Samen der Pflanze, die wild in tropischen und mediterranen Klimazonen w\u00e4chst, ist schmierendes Rizinus\u00f6l ein Triglyceridlipid, das aus einzigartigen Fetts\u00e4uren besteht, von denen 90 % seltene Ricinols\u00e4uren sind. Unser spezielles Rizinus\u00f6l ist unraffiniert und ungefiltert, und Sie k\u00f6nnen das nat\u00fcrliche Rizinus-Sediment am Boden der Flasche bemerken. <\/span><\/p>\n<p><img fetchpriority=\"high\" decoding=\"async\" class=\"size-full wp-image-31577 aligncenter\" src=\"https:\/\/dutchhealthstore.com\/wp-content\/uploads\/2018\/03\/organic_big.png\" alt=\"Organic and Natural - Living Libations\" width=\"623\" height=\"103\" srcset=\"https:\/\/dutchhealthstore.com\/wp-content\/uploads\/2018\/03\/organic_big.png 623w, https:\/\/dutchhealthstore.com\/wp-content\/uploads\/2018\/03\/organic_big-510x84.png 510w, https:\/\/dutchhealthstore.com\/wp-content\/uploads\/2018\/03\/organic_big-600x99.png 600w, https:\/\/dutchhealthstore.com\/wp-content\/uploads\/2018\/03\/organic_big-350x58.png 350w\" sizes=\"(max-width: 623px) 100vw, 623px\" \/><\/p>\n<p>&nbsp;<\/p>\n","protected":false},"excerpt":{"rendered":"<p>Ist es m\u00f6glich, die Tr\u00e4umerei aufzurollen? Um ein bisschen Freude zu tupfen?<br \/>\nUnd was w\u00e4re, wenn Sie Schl\u00e4fen und Handgelenke mit dem zarten Fl\u00fcstern reiner, ungez\u00fcgelter Gl\u00fcckseligkeit k\u00fcssen k\u00f6nnten?<br \/>\nBliss Tonic vereint eine harmonische Mischung aus tr\u00e4ge-euphorisierenden Essenzen in einer tragbaren Roll-on-Duftmischung f\u00fcr K\u00f6rper und Geist. Das ist Gl\u00fcckseligkeit! Lassen Sie sich in eine H\u00e4ngematte des Gl\u00fccks fallen, indem Sie Bliss Tonic auf Schl\u00e4fen, Handgelenke, Kniekehlen, Nacken und \u00fcberall dort auftragen, wo Sie m\u00f6chten!<br \/>\nDiese Gl\u00fcckseligkeit inspiriert die Sinne und erweckt die<br \/>\nK\u00fcnstler im Innern und \u00f6ffnet den Geist f\u00fcr die Gemeinschaft mit allem, was ist.<\/p>\n","protected":false},"featured_media":48894,"comment_status":"open","ping_status":"closed","template":"","meta":[],"product_brand":[],"product_cat":[1962,6737,6749,1493,1210,511,6736],"product_tag":[6443,21605,1547,21535,21522,21794],"class_list":{"0":"post-109096","1":"product","2":"type-product","3":"status-publish","4":"has-post-thumbnail","6":"product_cat-elixir-blends","7":"product_cat-essential-oils-de-2","8":"product_cat-essential-oil-blends-de-2","9":"product_cat-living-libations-deutschland","10":"product_cat-marken","11":"product_cat-produkte","12":"product_cat-wellness-de","13":"product_tag-blends-de","14":"product_tag-energie-de","15":"product_tag-essential-oil-de","16":"product_tag-geist","17":"product_tag-optimale-gesundheit","18":"product_tag-tonikum","19":"pa_brand-livinglibations-de","20":"pa_essential-oils-product-type-essential-oil-blends-de","21":"pa_size-10-ml-de","23":"first","24":"instock","25":"taxable","26":"shipping-taxable","27":"purchasable","28":"product-type-simple"},"bundled_by":[],"bundle_stock_status":"instock","bundle_stock_quantity":4,"bundle_virtual":false,"bundle_layout":"","bundle_add_to_cart_form_location":"","bundle_editable_in_cart":false,"bundle_sold_individually_context":"","bundle_item_grouping":"","bundle_min_size":"","bundle_max_size":"","bundle_price":[],"bundled_items":[],"bundle_sell_ids":[236521],"atum_controlled":true,"out_stock_date":null,"out_stock_threshold":null,"inheritable":false,"stock_on_hold":0,"sold_today":0,"sales_last_days":0,"out_stock_days":0,"lost_sales":0,"update_date":"2026-04-07T13:50:19","atum_locations":[],"atum_stock_status":"instock","restock_status":false,"low_stock_amount":0,"sales_update_date":"2026-04-07T13:50:19","calc_backorders":null,"group_of_quantity":0,"min_quantity":0,"max_quantity":"","exclude_order_quantity_value_rules":"no","exclude_category_quantity_rules":"no","combine_variations":"no","yoast_head":"<!-- This site is optimized with the Yoast SEO Premium plugin v26.5 (Yoast SEO v26.5) - https:\/\/yoast.com\/wordpress\/plugins\/seo\/ -->\n<title>Bliss tonic | Living Libations<\/title>\n<meta name=\"description\" content=\"Bliss Tonic vereint eine harmonische Mischung aus tr\u00e4ge-euphorisierenden Essenzen in einer tragbaren Roll-on-Duftmischung f\u00fcr K\u00f6rper und Geist.\" \/>\n<meta name=\"robots\" content=\"index, follow, max-snippet:-1, max-image-preview:large, max-video-preview:-1\" \/>\n<link rel=\"canonical\" href=\"https:\/\/dutchhealthstore.com\/de\/product\/bliss-tonic\/\" \/>\n<meta property=\"og:locale\" content=\"de_DE\" \/>\n<meta property=\"og:type\" content=\"article\" \/>\n<meta property=\"og:title\" content=\"Bliss Tonic - Dutch Health Store\" \/>\n<meta property=\"og:description\" content=\"Bliss Tonic vereint eine harmonische Mischung aus tr\u00e4ge-euphorisierenden Essenzen in einer tragbaren Roll-on-Duftmischung f\u00fcr K\u00f6rper und Geist.\" \/>\n<meta property=\"og:url\" content=\"https:\/\/dutchhealthstore.com\/de\/product\/bliss-tonic\/\" \/>\n<meta property=\"og:site_name\" content=\"Dutch Health Store\" \/>\n<meta property=\"article:publisher\" content=\"https:\/\/www.instagram.com\/dutchhealthstore\/\" \/>\n<meta property=\"article:modified_time\" content=\"2025-11-23T11:44:09+00:00\" \/>\n<meta property=\"og:image\" content=\"https:\/\/dutchhealthstore.com\/wp-content\/uploads\/2018\/02\/Bliss-tonic-Living-libations.jpg\" \/>\n\t<meta property=\"og:image:width\" content=\"510\" \/>\n\t<meta property=\"og:image:height\" content=\"600\" \/>\n\t<meta property=\"og:image:type\" content=\"image\/jpeg\" \/>\n<meta name=\"twitter:card\" content=\"summary_large_image\" \/>\n<meta name=\"twitter:label1\" content=\"Preis\" \/>\n\t<meta name=\"twitter:data1\" content=\"&euro;33,00\" \/>\n\t<meta name=\"twitter:label2\" content=\"Verf\u00fcgbarkeit\" \/>\n\t<meta name=\"twitter:data2\" content=\"Auf Lager\" \/>\n<script type=\"application\/ld+json\" class=\"yoast-schema-graph\">{\"@context\":\"https:\/\/schema.org\",\"@graph\":[{\"@type\":\"WebPage\",\"@id\":\"https:\/\/dutchhealthstore.com\/de\/product\/bliss-tonic\/\",\"url\":\"https:\/\/dutchhealthstore.com\/de\/product\/bliss-tonic\/\",\"name\":\"Bliss tonic | Living Libations\",\"isPartOf\":{\"@id\":\"https:\/\/dutchhealthstore.com\/de\/#website\"},\"primaryImageOfPage\":{\"@id\":\"https:\/\/dutchhealthstore.com\/de\/product\/bliss-tonic\/#primaryimage\"},\"image\":{\"@id\":\"https:\/\/dutchhealthstore.com\/de\/product\/bliss-tonic\/#primaryimage\"},\"thumbnailUrl\":\"https:\/\/dutchhealthstore.com\/wp-content\/uploads\/2018\/02\/Bliss-tonic-Living-libations.jpg\",\"datePublished\":\"2018-02-10T16:02:10+00:00\",\"dateModified\":\"2025-11-23T11:44:09+00:00\",\"description\":\"Bliss Tonic vereint eine harmonische Mischung aus tr\u00e4ge-euphorisierenden Essenzen in einer tragbaren Roll-on-Duftmischung f\u00fcr K\u00f6rper und Geist.\",\"breadcrumb\":{\"@id\":\"https:\/\/dutchhealthstore.com\/de\/product\/bliss-tonic\/#breadcrumb\"},\"inLanguage\":\"de\",\"potentialAction\":[{\"@type\":\"ReadAction\",\"target\":[\"https:\/\/dutchhealthstore.com\/de\/product\/bliss-tonic\/\"]}]},{\"@type\":\"ImageObject\",\"inLanguage\":\"de\",\"@id\":\"https:\/\/dutchhealthstore.com\/de\/product\/bliss-tonic\/#primaryimage\",\"url\":\"https:\/\/dutchhealthstore.com\/wp-content\/uploads\/2018\/02\/Bliss-tonic-Living-libations.jpg\",\"contentUrl\":\"https:\/\/dutchhealthstore.com\/wp-content\/uploads\/2018\/02\/Bliss-tonic-Living-libations.jpg\",\"width\":510,\"height\":600,\"caption\":\"Bliss tonic - Living libations\"},{\"@type\":\"BreadcrumbList\",\"@id\":\"https:\/\/dutchhealthstore.com\/de\/product\/bliss-tonic\/#breadcrumb\",\"itemListElement\":[{\"@type\":\"ListItem\",\"position\":1,\"name\":\"Home\",\"item\":\"https:\/\/dutchhealthstore.com\/de\/\"},{\"@type\":\"ListItem\",\"position\":2,\"name\":\"Shop\",\"item\":\"https:\/\/dutchhealthstore.com\/de\/shop-2\/\"},{\"@type\":\"ListItem\",\"position\":3,\"name\":\"Bliss Tonic\"}]},{\"@type\":\"WebSite\",\"@id\":\"https:\/\/dutchhealthstore.com\/de\/#website\",\"url\":\"https:\/\/dutchhealthstore.com\/de\/\",\"name\":\"Dutch Health Store\",\"description\":\"Enhance Your Beauty with Organic &amp; Natural Skincare\",\"publisher\":{\"@id\":\"https:\/\/dutchhealthstore.com\/de\/#organization\"},\"potentialAction\":[{\"@type\":\"SearchAction\",\"target\":{\"@type\":\"EntryPoint\",\"urlTemplate\":\"https:\/\/dutchhealthstore.com\/de\/?s={search_term_string}\"},\"query-input\":{\"@type\":\"PropertyValueSpecification\",\"valueRequired\":true,\"valueName\":\"search_term_string\"}}],\"inLanguage\":\"de\"},{\"@type\":\"Organization\",\"@id\":\"https:\/\/dutchhealthstore.com\/de\/#organization\",\"name\":\"Dutch Health Store\",\"url\":\"https:\/\/dutchhealthstore.com\/de\/\",\"logo\":{\"@type\":\"ImageObject\",\"inLanguage\":\"de\",\"@id\":\"https:\/\/dutchhealthstore.com\/de\/#\/schema\/logo\/image\/\",\"url\":\"https:\/\/dutchhealthstore.com\/wp-content\/uploads\/2020\/08\/logo-dutchhealthstore-jpg-e1599484957574.jpg\",\"contentUrl\":\"https:\/\/dutchhealthstore.com\/wp-content\/uploads\/2020\/08\/logo-dutchhealthstore-jpg-e1599484957574.jpg\",\"width\":400,\"height\":62,\"caption\":\"Dutch Health Store\"},\"image\":{\"@id\":\"https:\/\/dutchhealthstore.com\/de\/#\/schema\/logo\/image\/\"},\"sameAs\":[\"https:\/\/www.instagram.com\/dutchhealthstore\/\",\"https:\/\/www.facebook.com\/dutchhealthstore\"]}]}<\/script>\n<meta property=\"product:brand\" content=\"Living Libations\" \/>\n<meta property=\"product:price:amount\" content=\"33.00\" \/>\n<meta property=\"product:price:currency\" content=\"EUR\" \/>\n<meta property=\"og:availability\" content=\"instock\" \/>\n<meta property=\"product:availability\" content=\"instock\" \/>\n<meta property=\"product:condition\" content=\"new\" \/>\n<!-- \/ Yoast SEO Premium plugin. -->","yoast_head_json":{"title":"Bliss tonic | Living Libations","description":"Bliss Tonic vereint eine harmonische Mischung aus tr\u00e4ge-euphorisierenden Essenzen in einer tragbaren Roll-on-Duftmischung f\u00fcr K\u00f6rper und Geist.","robots":{"index":"index","follow":"follow","max-snippet":"max-snippet:-1","max-image-preview":"max-image-preview:large","max-video-preview":"max-video-preview:-1"},"canonical":"https:\/\/dutchhealthstore.com\/de\/product\/bliss-tonic\/","og_locale":"de_DE","og_type":"article","og_title":"Bliss Tonic - Dutch Health Store","og_description":"Bliss Tonic vereint eine harmonische Mischung aus tr\u00e4ge-euphorisierenden Essenzen in einer tragbaren Roll-on-Duftmischung f\u00fcr K\u00f6rper und Geist.","og_url":"https:\/\/dutchhealthstore.com\/de\/product\/bliss-tonic\/","og_site_name":"Dutch Health Store","article_publisher":"https:\/\/www.instagram.com\/dutchhealthstore\/","article_modified_time":"2025-11-23T11:44:09+00:00","og_image":[{"width":510,"height":600,"url":"https:\/\/dutchhealthstore.com\/wp-content\/uploads\/2018\/02\/Bliss-tonic-Living-libations.jpg","type":"image\/jpeg"}],"twitter_card":"summary_large_image","twitter_misc":{"Preis":"&euro;33,00","Verf\u00fcgbarkeit":"Auf Lager"},"schema":{"@context":"https:\/\/schema.org","@graph":[{"@type":"WebPage","@id":"https:\/\/dutchhealthstore.com\/de\/product\/bliss-tonic\/","url":"https:\/\/dutchhealthstore.com\/de\/product\/bliss-tonic\/","name":"Bliss tonic | Living Libations","isPartOf":{"@id":"https:\/\/dutchhealthstore.com\/de\/#website"},"primaryImageOfPage":{"@id":"https:\/\/dutchhealthstore.com\/de\/product\/bliss-tonic\/#primaryimage"},"image":{"@id":"https:\/\/dutchhealthstore.com\/de\/product\/bliss-tonic\/#primaryimage"},"thumbnailUrl":"https:\/\/dutchhealthstore.com\/wp-content\/uploads\/2018\/02\/Bliss-tonic-Living-libations.jpg","datePublished":"2018-02-10T16:02:10+00:00","dateModified":"2025-11-23T11:44:09+00:00","description":"Bliss Tonic vereint eine harmonische Mischung aus tr\u00e4ge-euphorisierenden Essenzen in einer tragbaren Roll-on-Duftmischung f\u00fcr K\u00f6rper und Geist.","breadcrumb":{"@id":"https:\/\/dutchhealthstore.com\/de\/product\/bliss-tonic\/#breadcrumb"},"inLanguage":"de","potentialAction":[{"@type":"ReadAction","target":["https:\/\/dutchhealthstore.com\/de\/product\/bliss-tonic\/"]}]},{"@type":"ImageObject","inLanguage":"de","@id":"https:\/\/dutchhealthstore.com\/de\/product\/bliss-tonic\/#primaryimage","url":"https:\/\/dutchhealthstore.com\/wp-content\/uploads\/2018\/02\/Bliss-tonic-Living-libations.jpg","contentUrl":"https:\/\/dutchhealthstore.com\/wp-content\/uploads\/2018\/02\/Bliss-tonic-Living-libations.jpg","width":510,"height":600,"caption":"Bliss tonic - Living libations"},{"@type":"BreadcrumbList","@id":"https:\/\/dutchhealthstore.com\/de\/product\/bliss-tonic\/#breadcrumb","itemListElement":[{"@type":"ListItem","position":1,"name":"Home","item":"https:\/\/dutchhealthstore.com\/de\/"},{"@type":"ListItem","position":2,"name":"Shop","item":"https:\/\/dutchhealthstore.com\/de\/shop-2\/"},{"@type":"ListItem","position":3,"name":"Bliss Tonic"}]},{"@type":"WebSite","@id":"https:\/\/dutchhealthstore.com\/de\/#website","url":"https:\/\/dutchhealthstore.com\/de\/","name":"Dutch Health Store","description":"Enhance Your Beauty with Organic &amp; Natural Skincare","publisher":{"@id":"https:\/\/dutchhealthstore.com\/de\/#organization"},"potentialAction":[{"@type":"SearchAction","target":{"@type":"EntryPoint","urlTemplate":"https:\/\/dutchhealthstore.com\/de\/?s={search_term_string}"},"query-input":{"@type":"PropertyValueSpecification","valueRequired":true,"valueName":"search_term_string"}}],"inLanguage":"de"},{"@type":"Organization","@id":"https:\/\/dutchhealthstore.com\/de\/#organization","name":"Dutch Health Store","url":"https:\/\/dutchhealthstore.com\/de\/","logo":{"@type":"ImageObject","inLanguage":"de","@id":"https:\/\/dutchhealthstore.com\/de\/#\/schema\/logo\/image\/","url":"https:\/\/dutchhealthstore.com\/wp-content\/uploads\/2020\/08\/logo-dutchhealthstore-jpg-e1599484957574.jpg","contentUrl":"https:\/\/dutchhealthstore.com\/wp-content\/uploads\/2020\/08\/logo-dutchhealthstore-jpg-e1599484957574.jpg","width":400,"height":62,"caption":"Dutch Health Store"},"image":{"@id":"https:\/\/dutchhealthstore.com\/de\/#\/schema\/logo\/image\/"},"sameAs":["https:\/\/www.instagram.com\/dutchhealthstore\/","https:\/\/www.facebook.com\/dutchhealthstore"]}]},"product_brand":"Living Libations","product_price_amount":"33.00","product_price_currency":"EUR","og_availability":"instock","product_availability":"instock","product_condition":"new"},"_links":{"self":[{"href":"https:\/\/dutchhealthstore.com\/de\/wp-json\/wp\/v2\/product\/109096","targetHints":{"allow":["GET"]}}],"collection":[{"href":"https:\/\/dutchhealthstore.com\/de\/wp-json\/wp\/v2\/product"}],"about":[{"href":"https:\/\/dutchhealthstore.com\/de\/wp-json\/wp\/v2\/types\/product"}],"replies":[{"embeddable":true,"href":"https:\/\/dutchhealthstore.com\/de\/wp-json\/wp\/v2\/comments?post=109096"}],"wp:featuredmedia":[{"embeddable":true,"href":"https:\/\/dutchhealthstore.com\/de\/wp-json\/wp\/v2\/media\/48894"}],"wp:attachment":[{"href":"https:\/\/dutchhealthstore.com\/de\/wp-json\/wp\/v2\/media?parent=109096"}],"wp:term":[{"taxonomy":"product_brand","embeddable":true,"href":"https:\/\/dutchhealthstore.com\/de\/wp-json\/wp\/v2\/product_brand?post=109096"},{"taxonomy":"product_cat","embeddable":true,"href":"https:\/\/dutchhealthstore.com\/de\/wp-json\/wp\/v2\/product_cat?post=109096"},{"taxonomy":"product_tag","embeddable":true,"href":"https:\/\/dutchhealthstore.com\/de\/wp-json\/wp\/v2\/product_tag?post=109096"}],"curies":[{"name":"wp","href":"https:\/\/api.w.org\/{rel}","templated":true}]}}