{"id":108232,"date":"2018-04-07T11:27:12","date_gmt":"2018-04-07T11:27:12","guid":{"rendered":"https:\/\/dutchhealthstore.com\/product\/rose-quartz-roller-bamboo-bag\/"},"modified":"2025-07-29T14:03:49","modified_gmt":"2025-07-29T12:03:49","slug":"rose-quartz-roller","status":"publish","type":"product","link":"https:\/\/dutchhealthstore.com\/de\/product\/rose-quartz-roller\/","title":{"rendered":"Rose Quartz Roller"},"content":{"rendered":"<p>F\u00fcr unsere Gesichtsroller haben wir einen sch\u00f6nen Rosenquarz ausgew\u00e4hlt, da er ein wundersch\u00f6ner, ausgleichender rosa Quarzstein ist, der mit dem Herzchakra in Resonanz steht. &#8222;In der antiken Welt wurden Gesichtsmasken aus Rosenquarz aus \u00e4gyptischen Gr\u00e4bern geborgen, die nach Meinung der \u00c4gypter und R\u00f6mer den Teint kl\u00e4ren und Falten vorbeugen sollten. (Mella 97). W\u00e4hrend im alten China traditionell Jadestein verwendet wurde, werden die meisten modernen Jadewalzen aus gef\u00e4rbtem Marmor hergestellt.<\/p>\n<p>Jeder Rosenquarz-Roller wird sicher in einem Luxusbeutel aufbewahrt.<\/p>\n<p><strong>Tipps zum Rosenquarz-Roller:<\/strong><br \/>\nVerwenden Sie ihn \u00fcber einer Gesichtsmaske f\u00fcr eine einfache Spa-Behandlung zu Hause.<\/p>\n<p>Halten Sie es f\u00fcr eine Gesichtsbehandlung bereit, w\u00e4hrend Sie einen Film ansehen.<\/p>\n<p>Bewahren Sie eine auf Ihrem Nachttisch auf, damit Sie vor dem Einschlafen oder morgens nach dem Aufstehen die Gesichtsmuskeln trainieren k\u00f6nnen, um die Augenpartie zu straffen, w\u00e4hrend Sie sich auf den Tag vorbereiten.<\/p>\n<p>Bewahren Sie das Serum im K\u00fchlschrank auf und tragen Sie unser beruhigendes und k\u00fchlendes Open Sky Eye Serum auf die Augenpartie auf, um eine lange Spielnacht zu \u00fcberstehen.<\/p>\n<p>Zehn Minuten lang in hei\u00dfes Wasser eintauchen, um eine tief w\u00e4rmende und entspannende Gesichtsmassage zu erhalten.<\/p>\n<p><strong>Anwendung<\/strong><br \/>\nF\u00fcr ein sanftes Lifting der Haut und des Teints rollen Sie den Rosenquarz sanft, ohne Druck auszu\u00fcben, in Aufw\u00e4rts- und Ausw\u00e4rtsbewegungen \u00fcber die frisch gereinigte Haut. F\u00fchren Sie in jedem Bereich 5-10 gerade Striche aus.<\/p>\n<p><strong>Facial Fitness<\/strong><br \/>\nBewegen und gl\u00e4tten Sie die Gesichtsmuskeln f\u00fcr eine bessere Fitness der Gesichtsmuskeln. Beginnen Sie damit, von der Mitte des Halses aus nach au\u00dfen und oben zu rollen, den Hals hinauf und die L\u00e4nge des Gesichts hinauf, bis zum Haaransatz.<\/p>\n<p><strong>Enhance Fluid Flow<\/strong><br \/>\nBeginnen Sie knapp unterhalb des Schl\u00fcsselbeins und rollen Sie den Rosenquarz entlang des Halses und unter der Kieferlinie hin und her. Rollen Sie Ihr Kinn und Ihre Wangen nach oben und rollen Sie zwischen den Lippen und der Nase hin und her.<\/p>\n<p>F\u00fchren Sie mit dem Roller gerade Striche aus, beginnend zwischen den Augenbrauen und entlang der Stirn bis zum Haaransatz. Streichen Sie auch zwischen den Augenbrauen entlang der Nasenspitze nach unten bis zur Spitze. Um die Stirn zu rollen, beginnen Sie in der Mitte und rollen in einem Bogen, der dem Haaransatz bis zum oberen Ende des Ohrs folgt. Die Doppelpfeile zeigen eine Hin- und Herbewegung an; verwenden Sie den Quarz, um diesen Bereich auf und ab oder hin und her zu rollen. Anschlie\u00dfend rollen Sie diesen Bereich in einer Aufw\u00e4rtsbewegung.<\/p>\n<p><strong>Gesichtsmassage<\/strong><br \/>\nHier k\u00f6nnen Sie sich mit dem Gesichtsroller austoben. Rollen Sie, wo und so viel Sie wollen, und achten Sie besonders auf die Stellen, an denen Sie Spannungen haben. Beenden Sie jeden Abschnitt des Gesichts, indem Sie nach oben rollen, um der Schwerkraft entgegenzuwirken.<\/p>\n<p><strong>Pflege f\u00fcr Ihren Rosenquarz-Roller:<\/strong><br \/>\n<strong>Vor dem ersten Gebrauch:<\/strong> Waschen Sie Ihren Rosenquarz-Roller in nat\u00fcrlicher Seife (z. B. unserer kl\u00e4renden Tonerde-Seife oder einem kleinen Tropfen unseres Sanddorn- oder True Blue Shampoos) und sp\u00fclen Sie ihn mit kaltem Wasser ab.<\/p>\n<p><strong>Nach jedem Gebrauch:<\/strong> Wischen Sie den Kristall mit einem feuchten Tuch und einem Tropfen milder Seife ab und sp\u00fclen Sie ihn ab.<\/p>\n<p>Wenn die Quarzrolle quietscht, geben Sie einen Tropfen Serum, Jojoba- oder Oliven\u00f6l in die \u00d6ffnung, mit der die Rolle am Metallrahmen befestigt ist.<\/p>\n<p><strong>\u26a0\ufe0f Hygiene-Hinweis<\/strong><br \/>\nDies ist ein Hygieneprodukt. Aus Gesundheits- und Sicherheitsgr\u00fcnden werden R\u00fccksendungen nur angenommen, wenn das urspr\u00fcngliche Hygienesiegel intakt und unge\u00f6ffnet ist. Sobald das Siegel gebrochen ist, gilt der Artikel als gebraucht und kann nicht zur\u00fcckgegeben werden.  <\/p>\n<p><img fetchpriority=\"high\" decoding=\"async\" class=\"size-medium wp-image-68103 aligncenter\" src=\"https:\/\/dutchhealthstore.com\/wp-content\/uploads\/2018\/02\/Living-Libations-Organic-Logo-800x89.png\" alt=\"Living Libations - Organic Logo\" width=\"800\" height=\"89\" srcset=\"https:\/\/dutchhealthstore.com\/wp-content\/uploads\/2018\/02\/Living-Libations-Organic-Logo-800x89.png 800w, https:\/\/dutchhealthstore.com\/wp-content\/uploads\/2018\/02\/Living-Libations-Organic-Logo-510x57.png 510w, https:\/\/dutchhealthstore.com\/wp-content\/uploads\/2018\/02\/Living-Libations-Organic-Logo-768x85.png 768w, https:\/\/dutchhealthstore.com\/wp-content\/uploads\/2018\/02\/Living-Libations-Organic-Logo.png 1400w\" sizes=\"(max-width: 800px) 100vw, 800px\" \/><\/p>\n","protected":false},"excerpt":{"rendered":"<p>Dieses alte Sch\u00f6nheitsgeheimnis stammt aus dem China des siebten Jahrhunderts und ist k\u00fchler und schneller als Gurkenscheiben. Der <strong> Rosenquarz-Roller<\/strong> von Dutch Health Store reduziert R\u00f6tungen, beruhigt geschwollene Haut und spendet Energie. Wenn Sie diesen Gesichtsroller in Ihre Sch\u00f6nheitspflege integrieren, ist das eine einfach luxuri\u00f6se Art, Seren in Gesicht und Hals zu massieren. Dieses wundersch\u00f6ne Edelstein-Massageger\u00e4t bringt Ihre Haut zum Strahlen, indem es den Hauttonus sanft anhebt, indem es die Elastizit\u00e4t f\u00f6rdert, die Ausstrahlung anregt, die Fl\u00fcssigkeiten zum Flie\u00dfen bringt, die Haut aus der Stagnation stimuliert und das Gewebe mit Problemen streichelt, insbesondere um die Augenpartie.<\/p>\n<p>&nbsp;<\/p>\n","protected":false},"featured_media":227450,"comment_status":"open","ping_status":"closed","template":"","meta":[],"product_brand":[],"product_cat":[16020,11190,1958,14735,5639,1032,515,1493,1210,511,9087,11191,13175,6736,1135],"product_tag":[21684,21440],"class_list":{"0":"post-108232","1":"product","2":"type-product","3":"status-publish","4":"has-post-thumbnail","6":"product_cat-dutch-health-store-de","7":"product_cat-evolve-beauty-de","8":"product_cat-gesicht","9":"product_cat-hautpflege","10":"product_cat-skin-care-de","11":"product_cat-kategorien","12":"product_cat-korperpflege-de","13":"product_cat-living-libations-deutschland","14":"product_cat-marken","15":"product_cat-produkte","16":"product_cat-rms-beauty-du","17":"product_cat-skincare-de","18":"product_cat-skincare-de-2","19":"product_cat-wellness-de","20":"product_cat-zubehoer-hautpflege","21":"product_tag-massage-de","22":"product_tag-werkzeuge","23":"pa_brand-dutch-health-store-de","24":"pa_make-up-productype-eyes-de","25":"pa_make-up-productype-cheeks-de","26":"pa_make-up-productype-tools-and-brushes-makeup-de","27":"pa_skincare-type-tools-de","29":"first","30":"instock","31":"taxable","32":"shipping-taxable","33":"purchasable","34":"product-type-simple"},"bundled_by":[],"bundle_stock_status":"instock","bundle_stock_quantity":96,"bundle_virtual":false,"bundle_layout":"","bundle_add_to_cart_form_location":"","bundle_editable_in_cart":false,"bundle_sold_individually_context":"","bundle_item_grouping":"","bundle_min_size":"","bundle_max_size":"","bundle_price":[],"bundled_items":[],"bundle_sell_ids":[],"atum_controlled":true,"out_stock_date":null,"out_stock_threshold":null,"inheritable":false,"stock_on_hold":1,"sold_today":0,"sales_last_days":0,"out_stock_days":0,"lost_sales":0,"update_date":"2026-04-30T12:01:43","atum_locations":[],"atum_stock_status":"instock","restock_status":false,"low_stock_amount":0,"sales_update_date":"2026-04-30T12:01:43","calc_backorders":null,"group_of_quantity":0,"min_quantity":0,"max_quantity":"","exclude_order_quantity_value_rules":"no","exclude_category_quantity_rules":"no","combine_variations":"no","yoast_head":"<!-- This site is optimized with the Yoast SEO Premium plugin v26.5 (Yoast SEO v26.5) - https:\/\/yoast.com\/wordpress\/plugins\/seo\/ -->\n<title>Rose Quartz Roller Dutch Health Store<\/title>\n<meta name=\"description\" content=\"Der Dutch Health Store Rose Quartz Roller reduziert R\u00f6tungen, beruhigt geschwollene Haut und spendet Energie.\" \/>\n<meta name=\"robots\" content=\"index, follow, max-snippet:-1, max-image-preview:large, max-video-preview:-1\" \/>\n<link rel=\"canonical\" href=\"https:\/\/dutchhealthstore.com\/de\/product\/rose-quartz-roller\/\" \/>\n<meta property=\"og:locale\" content=\"de_DE\" \/>\n<meta property=\"og:type\" content=\"article\" \/>\n<meta property=\"og:title\" content=\"Rose Quartz Roller - Dutch Health Store\" \/>\n<meta property=\"og:description\" content=\"Der Dutch Health Store Rose Quartz Roller reduziert R\u00f6tungen, beruhigt geschwollene Haut und spendet Energie.\" \/>\n<meta property=\"og:url\" content=\"https:\/\/dutchhealthstore.com\/de\/product\/rose-quartz-roller\/\" \/>\n<meta property=\"og:site_name\" content=\"Dutch Health Store\" \/>\n<meta property=\"article:publisher\" content=\"https:\/\/www.instagram.com\/dutchhealthstore\/\" \/>\n<meta property=\"article:modified_time\" content=\"2025-07-29T12:03:49+00:00\" \/>\n<meta property=\"og:image\" content=\"https:\/\/dutchhealthstore.com\/wp-content\/uploads\/2022\/12\/product4.jpg\" \/>\n\t<meta property=\"og:image:width\" content=\"510\" \/>\n\t<meta property=\"og:image:height\" content=\"510\" \/>\n\t<meta property=\"og:image:type\" content=\"image\/jpeg\" \/>\n<meta name=\"twitter:card\" content=\"summary_large_image\" \/>\n<meta name=\"twitter:label1\" content=\"Preis\" \/>\n\t<meta name=\"twitter:data1\" content=\"&euro;42,50\" \/>\n\t<meta name=\"twitter:label2\" content=\"Verf\u00fcgbarkeit\" \/>\n\t<meta name=\"twitter:data2\" content=\"Auf Lager\" \/>\n<script type=\"application\/ld+json\" class=\"yoast-schema-graph\">{\"@context\":\"https:\/\/schema.org\",\"@graph\":[{\"@type\":\"WebPage\",\"@id\":\"https:\/\/dutchhealthstore.com\/de\/product\/rose-quartz-roller\/\",\"url\":\"https:\/\/dutchhealthstore.com\/de\/product\/rose-quartz-roller\/\",\"name\":\"Rose Quartz Roller Dutch Health Store\",\"isPartOf\":{\"@id\":\"https:\/\/dutchhealthstore.com\/de\/#website\"},\"primaryImageOfPage\":{\"@id\":\"https:\/\/dutchhealthstore.com\/de\/product\/rose-quartz-roller\/#primaryimage\"},\"image\":{\"@id\":\"https:\/\/dutchhealthstore.com\/de\/product\/rose-quartz-roller\/#primaryimage\"},\"thumbnailUrl\":\"https:\/\/dutchhealthstore.com\/wp-content\/uploads\/2022\/12\/product4.jpg\",\"datePublished\":\"2018-04-07T11:27:12+00:00\",\"dateModified\":\"2025-07-29T12:03:49+00:00\",\"description\":\"Der Dutch Health Store Rose Quartz Roller reduziert R\u00f6tungen, beruhigt geschwollene Haut und spendet Energie.\",\"breadcrumb\":{\"@id\":\"https:\/\/dutchhealthstore.com\/de\/product\/rose-quartz-roller\/#breadcrumb\"},\"inLanguage\":\"de\",\"potentialAction\":[{\"@type\":\"ReadAction\",\"target\":[\"https:\/\/dutchhealthstore.com\/de\/product\/rose-quartz-roller\/\"]}]},{\"@type\":\"ImageObject\",\"inLanguage\":\"de\",\"@id\":\"https:\/\/dutchhealthstore.com\/de\/product\/rose-quartz-roller\/#primaryimage\",\"url\":\"https:\/\/dutchhealthstore.com\/wp-content\/uploads\/2022\/12\/product4.jpg\",\"contentUrl\":\"https:\/\/dutchhealthstore.com\/wp-content\/uploads\/2022\/12\/product4.jpg\",\"width\":510,\"height\":510,\"caption\":\"rosequartzroller\"},{\"@type\":\"BreadcrumbList\",\"@id\":\"https:\/\/dutchhealthstore.com\/de\/product\/rose-quartz-roller\/#breadcrumb\",\"itemListElement\":[{\"@type\":\"ListItem\",\"position\":1,\"name\":\"Home\",\"item\":\"https:\/\/dutchhealthstore.com\/de\/\"},{\"@type\":\"ListItem\",\"position\":2,\"name\":\"Shop\",\"item\":\"https:\/\/dutchhealthstore.com\/de\/shop-2\/\"},{\"@type\":\"ListItem\",\"position\":3,\"name\":\"Rose Quartz Roller\"}]},{\"@type\":\"WebSite\",\"@id\":\"https:\/\/dutchhealthstore.com\/de\/#website\",\"url\":\"https:\/\/dutchhealthstore.com\/de\/\",\"name\":\"Dutch Health Store\",\"description\":\"Enhance Your Beauty with Organic &amp; Natural Skincare\",\"publisher\":{\"@id\":\"https:\/\/dutchhealthstore.com\/de\/#organization\"},\"potentialAction\":[{\"@type\":\"SearchAction\",\"target\":{\"@type\":\"EntryPoint\",\"urlTemplate\":\"https:\/\/dutchhealthstore.com\/de\/?s={search_term_string}\"},\"query-input\":{\"@type\":\"PropertyValueSpecification\",\"valueRequired\":true,\"valueName\":\"search_term_string\"}}],\"inLanguage\":\"de\"},{\"@type\":\"Organization\",\"@id\":\"https:\/\/dutchhealthstore.com\/de\/#organization\",\"name\":\"Dutch Health Store\",\"url\":\"https:\/\/dutchhealthstore.com\/de\/\",\"logo\":{\"@type\":\"ImageObject\",\"inLanguage\":\"de\",\"@id\":\"https:\/\/dutchhealthstore.com\/de\/#\/schema\/logo\/image\/\",\"url\":\"https:\/\/dutchhealthstore.com\/wp-content\/uploads\/2020\/08\/logo-dutchhealthstore-jpg-e1599484957574.jpg\",\"contentUrl\":\"https:\/\/dutchhealthstore.com\/wp-content\/uploads\/2020\/08\/logo-dutchhealthstore-jpg-e1599484957574.jpg\",\"width\":400,\"height\":62,\"caption\":\"Dutch Health Store\"},\"image\":{\"@id\":\"https:\/\/dutchhealthstore.com\/de\/#\/schema\/logo\/image\/\"},\"sameAs\":[\"https:\/\/www.instagram.com\/dutchhealthstore\/\",\"https:\/\/www.facebook.com\/dutchhealthstore\"]}]}<\/script>\n<meta property=\"product:brand\" content=\"Dutch Health Store\" \/>\n<meta property=\"product:price:amount\" content=\"42.50\" \/>\n<meta property=\"product:price:currency\" content=\"EUR\" \/>\n<meta property=\"og:availability\" content=\"instock\" \/>\n<meta property=\"product:availability\" content=\"instock\" \/>\n<meta property=\"product:condition\" content=\"new\" \/>\n<!-- \/ Yoast SEO Premium plugin. -->","yoast_head_json":{"title":"Rose Quartz Roller Dutch Health Store","description":"Der Dutch Health Store Rose Quartz Roller reduziert R\u00f6tungen, beruhigt geschwollene Haut und spendet Energie.","robots":{"index":"index","follow":"follow","max-snippet":"max-snippet:-1","max-image-preview":"max-image-preview:large","max-video-preview":"max-video-preview:-1"},"canonical":"https:\/\/dutchhealthstore.com\/de\/product\/rose-quartz-roller\/","og_locale":"de_DE","og_type":"article","og_title":"Rose Quartz Roller - Dutch Health Store","og_description":"Der Dutch Health Store Rose Quartz Roller reduziert R\u00f6tungen, beruhigt geschwollene Haut und spendet Energie.","og_url":"https:\/\/dutchhealthstore.com\/de\/product\/rose-quartz-roller\/","og_site_name":"Dutch Health Store","article_publisher":"https:\/\/www.instagram.com\/dutchhealthstore\/","article_modified_time":"2025-07-29T12:03:49+00:00","og_image":[{"width":510,"height":510,"url":"https:\/\/dutchhealthstore.com\/wp-content\/uploads\/2022\/12\/product4.jpg","type":"image\/jpeg"}],"twitter_card":"summary_large_image","twitter_misc":{"Preis":"&euro;42,50","Verf\u00fcgbarkeit":"Auf Lager"},"schema":{"@context":"https:\/\/schema.org","@graph":[{"@type":"WebPage","@id":"https:\/\/dutchhealthstore.com\/de\/product\/rose-quartz-roller\/","url":"https:\/\/dutchhealthstore.com\/de\/product\/rose-quartz-roller\/","name":"Rose Quartz Roller Dutch Health Store","isPartOf":{"@id":"https:\/\/dutchhealthstore.com\/de\/#website"},"primaryImageOfPage":{"@id":"https:\/\/dutchhealthstore.com\/de\/product\/rose-quartz-roller\/#primaryimage"},"image":{"@id":"https:\/\/dutchhealthstore.com\/de\/product\/rose-quartz-roller\/#primaryimage"},"thumbnailUrl":"https:\/\/dutchhealthstore.com\/wp-content\/uploads\/2022\/12\/product4.jpg","datePublished":"2018-04-07T11:27:12+00:00","dateModified":"2025-07-29T12:03:49+00:00","description":"Der Dutch Health Store Rose Quartz Roller reduziert R\u00f6tungen, beruhigt geschwollene Haut und spendet Energie.","breadcrumb":{"@id":"https:\/\/dutchhealthstore.com\/de\/product\/rose-quartz-roller\/#breadcrumb"},"inLanguage":"de","potentialAction":[{"@type":"ReadAction","target":["https:\/\/dutchhealthstore.com\/de\/product\/rose-quartz-roller\/"]}]},{"@type":"ImageObject","inLanguage":"de","@id":"https:\/\/dutchhealthstore.com\/de\/product\/rose-quartz-roller\/#primaryimage","url":"https:\/\/dutchhealthstore.com\/wp-content\/uploads\/2022\/12\/product4.jpg","contentUrl":"https:\/\/dutchhealthstore.com\/wp-content\/uploads\/2022\/12\/product4.jpg","width":510,"height":510,"caption":"rosequartzroller"},{"@type":"BreadcrumbList","@id":"https:\/\/dutchhealthstore.com\/de\/product\/rose-quartz-roller\/#breadcrumb","itemListElement":[{"@type":"ListItem","position":1,"name":"Home","item":"https:\/\/dutchhealthstore.com\/de\/"},{"@type":"ListItem","position":2,"name":"Shop","item":"https:\/\/dutchhealthstore.com\/de\/shop-2\/"},{"@type":"ListItem","position":3,"name":"Rose Quartz Roller"}]},{"@type":"WebSite","@id":"https:\/\/dutchhealthstore.com\/de\/#website","url":"https:\/\/dutchhealthstore.com\/de\/","name":"Dutch Health Store","description":"Enhance Your Beauty with Organic &amp; Natural Skincare","publisher":{"@id":"https:\/\/dutchhealthstore.com\/de\/#organization"},"potentialAction":[{"@type":"SearchAction","target":{"@type":"EntryPoint","urlTemplate":"https:\/\/dutchhealthstore.com\/de\/?s={search_term_string}"},"query-input":{"@type":"PropertyValueSpecification","valueRequired":true,"valueName":"search_term_string"}}],"inLanguage":"de"},{"@type":"Organization","@id":"https:\/\/dutchhealthstore.com\/de\/#organization","name":"Dutch Health Store","url":"https:\/\/dutchhealthstore.com\/de\/","logo":{"@type":"ImageObject","inLanguage":"de","@id":"https:\/\/dutchhealthstore.com\/de\/#\/schema\/logo\/image\/","url":"https:\/\/dutchhealthstore.com\/wp-content\/uploads\/2020\/08\/logo-dutchhealthstore-jpg-e1599484957574.jpg","contentUrl":"https:\/\/dutchhealthstore.com\/wp-content\/uploads\/2020\/08\/logo-dutchhealthstore-jpg-e1599484957574.jpg","width":400,"height":62,"caption":"Dutch Health Store"},"image":{"@id":"https:\/\/dutchhealthstore.com\/de\/#\/schema\/logo\/image\/"},"sameAs":["https:\/\/www.instagram.com\/dutchhealthstore\/","https:\/\/www.facebook.com\/dutchhealthstore"]}]},"product_brand":"Dutch Health Store","product_price_amount":"42.50","product_price_currency":"EUR","og_availability":"instock","product_availability":"instock","product_condition":"new"},"_links":{"self":[{"href":"https:\/\/dutchhealthstore.com\/de\/wp-json\/wp\/v2\/product\/108232","targetHints":{"allow":["GET"]}}],"collection":[{"href":"https:\/\/dutchhealthstore.com\/de\/wp-json\/wp\/v2\/product"}],"about":[{"href":"https:\/\/dutchhealthstore.com\/de\/wp-json\/wp\/v2\/types\/product"}],"replies":[{"embeddable":true,"href":"https:\/\/dutchhealthstore.com\/de\/wp-json\/wp\/v2\/comments?post=108232"}],"wp:featuredmedia":[{"embeddable":true,"href":"https:\/\/dutchhealthstore.com\/de\/wp-json\/wp\/v2\/media\/227450"}],"wp:attachment":[{"href":"https:\/\/dutchhealthstore.com\/de\/wp-json\/wp\/v2\/media?parent=108232"}],"wp:term":[{"taxonomy":"product_brand","embeddable":true,"href":"https:\/\/dutchhealthstore.com\/de\/wp-json\/wp\/v2\/product_brand?post=108232"},{"taxonomy":"product_cat","embeddable":true,"href":"https:\/\/dutchhealthstore.com\/de\/wp-json\/wp\/v2\/product_cat?post=108232"},{"taxonomy":"product_tag","embeddable":true,"href":"https:\/\/dutchhealthstore.com\/de\/wp-json\/wp\/v2\/product_tag?post=108232"}],"curies":[{"name":"wp","href":"https:\/\/api.w.org\/{rel}","templated":true}]}}