{"id":108018,"date":"2018-02-10T19:20:05","date_gmt":"2018-02-10T18:20:05","guid":{"rendered":"https:\/\/dutchhealthstore.com\/product\/open-sky-eye-serum\/"},"modified":"2026-03-30T13:02:37","modified_gmt":"2026-03-30T11:02:37","slug":"open-sky-eye-serum","status":"publish","type":"product","link":"https:\/\/dutchhealthstore.com\/de\/product\/open-sky-eye-serum\/","title":{"rendered":"Open Sky Eye Serum"},"content":{"rendered":"<p><strong><img decoding=\"async\" class=\"size-full wp-image-37041 alignright\" src=\"https:\/\/dutchhealthstore.com\/wp-content\/uploads\/2018\/04\/Living_Libations-1.png\" alt=\"Organic &amp; Natural Beautyproducts - Living Libations\" width=\"175\" height=\"82\"><\/strong><\/p>\n<p>Beruhigen Sie die Fenster Ihrer Seele mit Fr\u00f6hlichkeit und Geheimnissen, w\u00e4hrend Sie in das botanische Universum unseres<strong>Open Sky Eye Serum<\/strong> eintauchen. Jetzt mit einem Rosenquarz-Roller in unseren 5ml und 10ml Roll-On-Applikatoren! Abgesehen davon, dass dieser Edelstein die Kirsche auf dem Sahneh\u00e4ubchen einer bereits erstaunlichen Libation ist, ist der Rosenquarz ein wundersch\u00f6ner, ausgleichender rosa Quarzstein, der mit dem Herzchakra in Resonanz steht.<\/p>\n<p>Vergessen Sie feine Linien, geschwollene Augen, dunkle Ringe und schlaffe Haut. Beleben Sie das zarte Gewebe um Ihre verf\u00fchrerischen Augenh\u00f6hlen mit <strong>Open Sky Eye Serum<\/strong>. Der hingebungsvolle Blick dieses k\u00fchlenden, verj\u00fcngenden Taus beruhigt die Augenpartie, die Brauen und die Zirbeldr\u00fcse. Segnen Sie das empfindliche Augengewebe mit der wahrhaft blauen Kraft von <strong>Open Sky Eye Serum<\/strong>. \u00d6ffne dich weit f\u00fcr das Wunder und die Freude des Lebens und lass deine wundersch\u00f6nen Augen leuchten!<\/p>\n<h3>Instruktion<\/h3>\n<p>Verwenden Sie die Pipette, um einen k\u00f6stlichen Tropfen auf Ihre Handfl\u00e4che aufzutragen. Tupfen Sie das Serum mit den Fingerspitzen sanft auf die Augenpartie. Super f\u00fcr die alleinige Anwendung oder zusammen mit der intensiv feuchtigkeitsspendenden All Seeing Eye Cream. Auf Gesicht und Hals auftragen, um die k\u00fchlende Wirkung der Pflanzenwirkstoffe zu nutzen. Ausgezeichnet unter Make-up.<\/p>\n<h3 class=\"yikes-custom-woo-tab-title yikes-custom-woo-tab-title-natural-organic-ingredients\">Nat\u00fcrliche\/Organische Inhaltsstoffe<\/h3>\n<p><strong>Jojoba<\/strong><em>(Simmondsia chinensis<\/em>) &#8211; Das herrliche, goldene Jojoba n\u00e4hrt und pflegt durstige Haut. Jojoba hat die unvergleichliche F\u00e4higkeit, die Haut mit Feuchtigkeit zu versorgen, die \u00d6lproduktion auszugleichen, die Poren gr\u00fcndlich zu reinigen und eine lang anhaltende Pflegewirkung zu erzielen, die die Haut so weich wie perfekte Seide macht. Es ist vollgepackt mit Peptiden und Lipiden und enth\u00e4lt den h\u00f6chsten Gehalt an phenolischen Verbindungen, die in der Natur vorkommen, sowie N\u00e4hrstoffe und alle l\u00f6slichen Formen von Vitamin E!<\/p>\n<p><strong>Natives Kokosnuss\u00f6l<\/strong><strong> <\/strong><em>(Cocos nucifera)<\/em> \u2013 Natives Kokosnuss\u00f6l l\u00e4sst die Feuchtigkeit in der Haut schmelzen, mindert das Erscheinungsbild von Falten und feinen Linien und f\u00f6rdert die Elastizit\u00e4t der Haut. Kokosnuss\u00f6l wird zum Schutz der Haut vor sch\u00e4dlichen Umwelteinfl\u00fcssen verwendet.<\/p>\n<p><strong>Weihrauch<\/strong><strong> <\/strong><em>(Boswellia carterii)<\/em><em> <\/em>\u2013 Der heilige Weihrauch ist das Pi\u00e8ce de r\u00e9sistance der Hautpflege! Sie mildert R\u00f6tungen, strafft die Haut, mildert feine Linien und versorgt die Haut mit reichlich Feuchtigkeit. Es eignet sich auch hervorragend, um das Auftreten von Altersflecken zu reduzieren.<\/p>\n<p><strong>Rose Otto<\/strong> <em>(Rosa Damascena)<\/em><em> <\/em>\u2013 Unsere hinrei\u00dfende Rose Otto verleiht der zarten Haut unter den Augen Spannkraft und Elastizit\u00e4t.<\/p>\n<p><strong>Pfefferminz<\/strong><strong><em>(Mentha piperita)<\/em><strong><\/strong><\/strong><strong> <\/strong>&#8211; Mit ihrer minzigen Frische und ihren starken Eigenschaften gegen Schwellungen beruhigt und k\u00fchlt die Pfefferminze die Haut und die Sinne. Dieses \u00d6l hilft wirklich, die Augen am Morgen zu wecken.<\/p>\n<p><strong>Blauer Rainfarn<\/strong><strong> <\/strong><em>(Tanacetum annuum)<\/em> &#8211; Dieses tiefblaue \u00d6l, das reich an k\u00fchlendem Azulen ist, f\u00f6rdert die Entspannung, w\u00e4hrend es Tr\u00e4nens\u00e4cke beseitigt. Es beruhigt auch empfindliche Haut. Blue Tansy ist ein charismatischer Cousin der beruhigenden Kamille und bekannt f\u00fcr sein wohltuendes Aroma. Es hellt das Erscheinungsbild dunkler Augenringe auf und verbessert sie.<\/p>\n<p><strong>Kapkamille<\/strong><strong> <\/strong><em>(Eriocephalus punctulatus) <\/em>\u2013 Die Kapkamille ist eine unserer beliebtesten und beliebtesten Libationen! Es belebt und erfrischt die Haut. Der blaue Farbton ist ein k\u00fchlender Cocktail, der R\u00f6tungen lindert und sowohl die Haut als auch den Geist beruhigt. Dieses aufmunternde \u00e4therische \u00d6l verstr\u00f6mt einen sch\u00f6nen, feinen fruchtig-blumigen Duft, der zu meinen Lieblingsaromen geh\u00f6rt.<\/p>\n<p><strong>Deutsche Kamille<\/strong><strong> <\/strong><em>(Matricaria chamomilla)<\/em> &#8211;<strong> <\/strong> Die Deutsche Kamille ist eine beliebte blaue Kamille-Essenz, die aus Bl\u00fcten destilliert wird, die in den fr\u00fchen Morgenstunden geerntet werden, um den st\u00e4rksten Extrakt zu erhalten. Mit seinem tiefblauen Farbton enth\u00e4lt es gro\u00dfe Mengen an Chamazulen, die diesem Destillat eine tief ozeanisch-blaue Farbe und \u00fcberzeugende k\u00fchlende und beruhigende Eigenschaften verleihen.<\/p>\n<p><strong>Lavendel<\/strong><strong> <\/strong><em>(Lavandula angustifolia) \u2013 <\/em><strong> <\/strong> Der liebliche Lavendel ist ein sanftes und doch kraftvolles Hauttonikum, das erholsam und beruhigend ist. Es lindert R\u00f6tungen und k\u00fchlt Hitze. Lavendel kann verwendet werden, um das Erscheinungsbild von Narben zu verbessern, den Hautton auszugleichen, zu Akne neigende Haut zu reinigen und den Talgspiegel der Haut auszugleichen.<\/p>\n<p><strong>S\u00fc\u00dfer Thymian<\/strong><strong> <\/strong><em>(Thymus linalool)<\/em><em> <\/em> <strong><em>\u2013<\/em><\/strong><strong> <\/strong> Thymian ist ebenso stark wie sanft! Es enth\u00e4lt alle st\u00e4rkenden und tonisierenden Eigenschaften der anderen \u00d6le, ohne die Poren zu reizen, da es sie reinigt. S\u00fc\u00dfer Thymian ist reich an Linalool, was ihn zu einem gesch\u00e4tzten Inhaltsstoff in unseren sublimen Hautpflegeseren macht.<\/p>\n<p><img fetchpriority=\"high\" decoding=\"async\" class=\"size-full wp-image-31577 aligncenter\" src=\"https:\/\/dutchhealthstore.com\/wp-content\/uploads\/2018\/03\/organic_big.png\" alt=\"Organic and Natural - Living Libations\" width=\"623\" height=\"103\" srcset=\"https:\/\/dutchhealthstore.com\/wp-content\/uploads\/2018\/03\/organic_big.png 623w, https:\/\/dutchhealthstore.com\/wp-content\/uploads\/2018\/03\/organic_big-510x84.png 510w, https:\/\/dutchhealthstore.com\/wp-content\/uploads\/2018\/03\/organic_big-600x99.png 600w, https:\/\/dutchhealthstore.com\/wp-content\/uploads\/2018\/03\/organic_big-350x58.png 350w\" sizes=\"(max-width: 623px) 100vw, 623px\" \/><\/p>\n","protected":false},"excerpt":{"rendered":"<p>Schreit Ihre Augenpartie nach einer schnellen TLC? Ganz gleich, ob Sie zu sp\u00e4t zu einem k\u00f6stlichen Date gekommen sind, fr\u00fchmorgens zum Appell antreten m\u00fcssen oder vor Ihrem n\u00e4chsten Instagram-Auftritt einen beruhigenden Aufguss brauchen &#8211; diese straffende, tonisierende und belebende Mischung wird Ihre Augen wieder zum Strahlen bringen!<\/p>\n<p><strong>Open Sky Eye Serum<\/strong> ist ein verj\u00fcngendes Serum f\u00fcr m\u00fcde Augen, geschwollene Haut, dunkle Augenringe und feine Linien. Dieser treue Freund st\u00e4rkt, erfrischt und strafft die zarte Haut unter den Augen mit dem k\u00fchlen, blauen, straffenden Fluid aus rein pflanzlichen Wirkstoffen und sorgt f\u00fcr eine super S\u00e4ttigung mit organischer Hydratation.<\/p>\n","protected":false},"featured_media":120138,"comment_status":"open","ping_status":"closed","template":"","meta":[],"product_brand":[],"product_cat":[5898,5929,1958,14735,1032,1493,1515,1210,1048,511],"product_tag":[9925,9604,6037,9717],"class_list":{"0":"post-108018","1":"product","2":"type-product","3":"status-publish","4":"has-post-thumbnail","6":"product_cat-eye-lip-care","7":"product_cat-eye-care-de-3","8":"product_cat-gesicht","9":"product_cat-hautpflege","10":"product_cat-kategorien","11":"product_cat-living-libations-deutschland","12":"product_cat-mannerpflege-living-libations","13":"product_cat-marken","14":"product_cat-kollektion","15":"product_cat-produkte","16":"product_tag-eye-de","17":"product_tag-hydrating-de","18":"product_tag-serum-de","19":"product_tag-soothing-de","20":"pa_bestsellers-goed-de","21":"pa_bestsellers-uitstekend-de","22":"pa_brand-livinglibations-de","23":"pa_gtin-7439657335327-de","24":"pa_size-10-ml-de","25":"pa_size-30-ml-de","26":"pa_size-5-ml-de","27":"pa_size-60-ml-refill-de","28":"pa_skincare-type-lips-eye-care-de","30":"first","31":"instock","32":"taxable","33":"shipping-taxable","34":"purchasable","35":"product-type-variable"},"bundled_by":[],"bundle_stock_status":"instock","bundle_stock_quantity":null,"bundle_virtual":false,"bundle_layout":"","bundle_add_to_cart_form_location":"","bundle_editable_in_cart":false,"bundle_sold_individually_context":"","bundle_item_grouping":"","bundle_min_size":"","bundle_max_size":"","bundle_price":[],"bundled_items":[],"bundle_sell_ids":[108232],"atum_controlled":true,"out_stock_date":null,"out_stock_threshold":null,"inheritable":true,"stock_on_hold":3,"sold_today":0,"sales_last_days":1,"out_stock_days":0,"lost_sales":0,"update_date":"2026-04-13T07:21:21","atum_locations":[],"atum_stock_status":"instock","restock_status":false,"low_stock_amount":"","sales_update_date":"2026-04-13T07:21:21","calc_backorders":null,"group_of_quantity":0,"min_quantity":0,"max_quantity":"","exclude_order_quantity_value_rules":"no","exclude_category_quantity_rules":"no","combine_variations":"no","yoast_head":"<!-- This site is optimized with the Yoast SEO Premium plugin v26.5 (Yoast SEO v26.5) - https:\/\/yoast.com\/wordpress\/plugins\/seo\/ -->\n<title>Open Sky Eye Serum | Living Libations<\/title>\n<meta name=\"description\" content=\"Open Sky Eye Serum ist ein verj\u00fcngendes Serum f\u00fcr m\u00fcde Augen, geschwollene Haut, dunkle Augenringe und feine Linien.\" \/>\n<meta name=\"robots\" content=\"index, follow, max-snippet:-1, max-image-preview:large, max-video-preview:-1\" \/>\n<link rel=\"canonical\" href=\"https:\/\/dutchhealthstore.com\/de\/product\/open-sky-eye-serum\/\" \/>\n<meta property=\"og:locale\" content=\"de_DE\" \/>\n<meta property=\"og:type\" content=\"article\" \/>\n<meta property=\"og:title\" content=\"Open Sky Eye Serum - Dutch Health Store\" \/>\n<meta property=\"og:description\" content=\"Open Sky Eye Serum ist ein verj\u00fcngendes Serum f\u00fcr m\u00fcde Augen, geschwollene Haut, dunkle Augenringe und feine Linien.\" \/>\n<meta property=\"og:url\" content=\"https:\/\/dutchhealthstore.com\/de\/product\/open-sky-eye-serum\/\" \/>\n<meta property=\"og:site_name\" content=\"Dutch Health Store\" \/>\n<meta property=\"article:publisher\" content=\"https:\/\/www.instagram.com\/dutchhealthstore\/\" \/>\n<meta property=\"article:modified_time\" content=\"2026-03-30T11:02:37+00:00\" \/>\n<meta property=\"og:image\" content=\"https:\/\/dutchhealthstore.com\/wp-content\/uploads\/2018\/02\/Open-Sky-Eye-Serum-Living-Libations-e1597927407754.jpg\" \/>\n\t<meta property=\"og:image:width\" content=\"500\" \/>\n\t<meta property=\"og:image:height\" content=\"500\" \/>\n\t<meta property=\"og:image:type\" content=\"image\/jpeg\" \/>\n<meta name=\"twitter:card\" content=\"summary_large_image\" \/>\n<meta name=\"twitter:label1\" content=\"Verf\u00fcgbarkeit\" \/>\n\t<meta name=\"twitter:data1\" content=\"Auf Lager\" \/>\n<script type=\"application\/ld+json\" class=\"yoast-schema-graph\">{\"@context\":\"https:\/\/schema.org\",\"@graph\":[{\"@type\":\"WebPage\",\"@id\":\"https:\/\/dutchhealthstore.com\/de\/product\/open-sky-eye-serum\/\",\"url\":\"https:\/\/dutchhealthstore.com\/de\/product\/open-sky-eye-serum\/\",\"name\":\"Open Sky Eye Serum | Living Libations\",\"isPartOf\":{\"@id\":\"https:\/\/dutchhealthstore.com\/de\/#website\"},\"primaryImageOfPage\":{\"@id\":\"https:\/\/dutchhealthstore.com\/de\/product\/open-sky-eye-serum\/#primaryimage\"},\"image\":{\"@id\":\"https:\/\/dutchhealthstore.com\/de\/product\/open-sky-eye-serum\/#primaryimage\"},\"thumbnailUrl\":\"https:\/\/dutchhealthstore.com\/wp-content\/uploads\/2018\/02\/Open-Sky-Eye-Serum-Living-Libations-e1597927407754.jpg\",\"datePublished\":\"2018-02-10T18:20:05+00:00\",\"dateModified\":\"2026-03-30T11:02:37+00:00\",\"description\":\"Open Sky Eye Serum ist ein verj\u00fcngendes Serum f\u00fcr m\u00fcde Augen, geschwollene Haut, dunkle Augenringe und feine Linien.\",\"breadcrumb\":{\"@id\":\"https:\/\/dutchhealthstore.com\/de\/product\/open-sky-eye-serum\/#breadcrumb\"},\"inLanguage\":\"de\",\"potentialAction\":[{\"@type\":\"ReadAction\",\"target\":[\"https:\/\/dutchhealthstore.com\/de\/product\/open-sky-eye-serum\/\"]}]},{\"@type\":\"ImageObject\",\"inLanguage\":\"de\",\"@id\":\"https:\/\/dutchhealthstore.com\/de\/product\/open-sky-eye-serum\/#primaryimage\",\"url\":\"https:\/\/dutchhealthstore.com\/wp-content\/uploads\/2018\/02\/Open-Sky-Eye-Serum-Living-Libations-e1597927407754.jpg\",\"contentUrl\":\"https:\/\/dutchhealthstore.com\/wp-content\/uploads\/2018\/02\/Open-Sky-Eye-Serum-Living-Libations-e1597927407754.jpg\",\"width\":500,\"height\":500,\"caption\":\"Open Sky Eye Serum Living Libations\"},{\"@type\":\"BreadcrumbList\",\"@id\":\"https:\/\/dutchhealthstore.com\/de\/product\/open-sky-eye-serum\/#breadcrumb\",\"itemListElement\":[{\"@type\":\"ListItem\",\"position\":1,\"name\":\"Home\",\"item\":\"https:\/\/dutchhealthstore.com\/de\/\"},{\"@type\":\"ListItem\",\"position\":2,\"name\":\"Shop\",\"item\":\"https:\/\/dutchhealthstore.com\/de\/shop-2\/\"},{\"@type\":\"ListItem\",\"position\":3,\"name\":\"Open Sky Eye Serum\"}]},{\"@type\":\"WebSite\",\"@id\":\"https:\/\/dutchhealthstore.com\/de\/#website\",\"url\":\"https:\/\/dutchhealthstore.com\/de\/\",\"name\":\"Dutch Health Store\",\"description\":\"Enhance Your Beauty with Organic &amp; Natural Skincare\",\"publisher\":{\"@id\":\"https:\/\/dutchhealthstore.com\/de\/#organization\"},\"potentialAction\":[{\"@type\":\"SearchAction\",\"target\":{\"@type\":\"EntryPoint\",\"urlTemplate\":\"https:\/\/dutchhealthstore.com\/de\/?s={search_term_string}\"},\"query-input\":{\"@type\":\"PropertyValueSpecification\",\"valueRequired\":true,\"valueName\":\"search_term_string\"}}],\"inLanguage\":\"de\"},{\"@type\":\"Organization\",\"@id\":\"https:\/\/dutchhealthstore.com\/de\/#organization\",\"name\":\"Dutch Health Store\",\"url\":\"https:\/\/dutchhealthstore.com\/de\/\",\"logo\":{\"@type\":\"ImageObject\",\"inLanguage\":\"de\",\"@id\":\"https:\/\/dutchhealthstore.com\/de\/#\/schema\/logo\/image\/\",\"url\":\"https:\/\/dutchhealthstore.com\/wp-content\/uploads\/2020\/08\/logo-dutchhealthstore-jpg-e1599484957574.jpg\",\"contentUrl\":\"https:\/\/dutchhealthstore.com\/wp-content\/uploads\/2020\/08\/logo-dutchhealthstore-jpg-e1599484957574.jpg\",\"width\":400,\"height\":62,\"caption\":\"Dutch Health Store\"},\"image\":{\"@id\":\"https:\/\/dutchhealthstore.com\/de\/#\/schema\/logo\/image\/\"},\"sameAs\":[\"https:\/\/www.instagram.com\/dutchhealthstore\/\",\"https:\/\/www.facebook.com\/dutchhealthstore\"]}]}<\/script>\n<meta property=\"product:brand\" content=\"Living Libations\" \/>\n<meta property=\"og:availability\" content=\"instock\" \/>\n<meta property=\"product:availability\" content=\"instock\" \/>\n<meta property=\"product:condition\" content=\"new\" \/>\n<!-- \/ Yoast SEO Premium plugin. -->","yoast_head_json":{"title":"Open Sky Eye Serum | Living Libations","description":"Open Sky Eye Serum ist ein verj\u00fcngendes Serum f\u00fcr m\u00fcde Augen, geschwollene Haut, dunkle Augenringe und feine Linien.","robots":{"index":"index","follow":"follow","max-snippet":"max-snippet:-1","max-image-preview":"max-image-preview:large","max-video-preview":"max-video-preview:-1"},"canonical":"https:\/\/dutchhealthstore.com\/de\/product\/open-sky-eye-serum\/","og_locale":"de_DE","og_type":"article","og_title":"Open Sky Eye Serum - Dutch Health Store","og_description":"Open Sky Eye Serum ist ein verj\u00fcngendes Serum f\u00fcr m\u00fcde Augen, geschwollene Haut, dunkle Augenringe und feine Linien.","og_url":"https:\/\/dutchhealthstore.com\/de\/product\/open-sky-eye-serum\/","og_site_name":"Dutch Health Store","article_publisher":"https:\/\/www.instagram.com\/dutchhealthstore\/","article_modified_time":"2026-03-30T11:02:37+00:00","og_image":[{"width":500,"height":500,"url":"https:\/\/dutchhealthstore.com\/wp-content\/uploads\/2018\/02\/Open-Sky-Eye-Serum-Living-Libations-e1597927407754.jpg","type":"image\/jpeg"}],"twitter_card":"summary_large_image","twitter_misc":{"Verf\u00fcgbarkeit":"Auf Lager"},"schema":{"@context":"https:\/\/schema.org","@graph":[{"@type":"WebPage","@id":"https:\/\/dutchhealthstore.com\/de\/product\/open-sky-eye-serum\/","url":"https:\/\/dutchhealthstore.com\/de\/product\/open-sky-eye-serum\/","name":"Open Sky Eye Serum | Living Libations","isPartOf":{"@id":"https:\/\/dutchhealthstore.com\/de\/#website"},"primaryImageOfPage":{"@id":"https:\/\/dutchhealthstore.com\/de\/product\/open-sky-eye-serum\/#primaryimage"},"image":{"@id":"https:\/\/dutchhealthstore.com\/de\/product\/open-sky-eye-serum\/#primaryimage"},"thumbnailUrl":"https:\/\/dutchhealthstore.com\/wp-content\/uploads\/2018\/02\/Open-Sky-Eye-Serum-Living-Libations-e1597927407754.jpg","datePublished":"2018-02-10T18:20:05+00:00","dateModified":"2026-03-30T11:02:37+00:00","description":"Open Sky Eye Serum ist ein verj\u00fcngendes Serum f\u00fcr m\u00fcde Augen, geschwollene Haut, dunkle Augenringe und feine Linien.","breadcrumb":{"@id":"https:\/\/dutchhealthstore.com\/de\/product\/open-sky-eye-serum\/#breadcrumb"},"inLanguage":"de","potentialAction":[{"@type":"ReadAction","target":["https:\/\/dutchhealthstore.com\/de\/product\/open-sky-eye-serum\/"]}]},{"@type":"ImageObject","inLanguage":"de","@id":"https:\/\/dutchhealthstore.com\/de\/product\/open-sky-eye-serum\/#primaryimage","url":"https:\/\/dutchhealthstore.com\/wp-content\/uploads\/2018\/02\/Open-Sky-Eye-Serum-Living-Libations-e1597927407754.jpg","contentUrl":"https:\/\/dutchhealthstore.com\/wp-content\/uploads\/2018\/02\/Open-Sky-Eye-Serum-Living-Libations-e1597927407754.jpg","width":500,"height":500,"caption":"Open Sky Eye Serum Living Libations"},{"@type":"BreadcrumbList","@id":"https:\/\/dutchhealthstore.com\/de\/product\/open-sky-eye-serum\/#breadcrumb","itemListElement":[{"@type":"ListItem","position":1,"name":"Home","item":"https:\/\/dutchhealthstore.com\/de\/"},{"@type":"ListItem","position":2,"name":"Shop","item":"https:\/\/dutchhealthstore.com\/de\/shop-2\/"},{"@type":"ListItem","position":3,"name":"Open Sky Eye Serum"}]},{"@type":"WebSite","@id":"https:\/\/dutchhealthstore.com\/de\/#website","url":"https:\/\/dutchhealthstore.com\/de\/","name":"Dutch Health Store","description":"Enhance Your Beauty with Organic &amp; Natural Skincare","publisher":{"@id":"https:\/\/dutchhealthstore.com\/de\/#organization"},"potentialAction":[{"@type":"SearchAction","target":{"@type":"EntryPoint","urlTemplate":"https:\/\/dutchhealthstore.com\/de\/?s={search_term_string}"},"query-input":{"@type":"PropertyValueSpecification","valueRequired":true,"valueName":"search_term_string"}}],"inLanguage":"de"},{"@type":"Organization","@id":"https:\/\/dutchhealthstore.com\/de\/#organization","name":"Dutch Health Store","url":"https:\/\/dutchhealthstore.com\/de\/","logo":{"@type":"ImageObject","inLanguage":"de","@id":"https:\/\/dutchhealthstore.com\/de\/#\/schema\/logo\/image\/","url":"https:\/\/dutchhealthstore.com\/wp-content\/uploads\/2020\/08\/logo-dutchhealthstore-jpg-e1599484957574.jpg","contentUrl":"https:\/\/dutchhealthstore.com\/wp-content\/uploads\/2020\/08\/logo-dutchhealthstore-jpg-e1599484957574.jpg","width":400,"height":62,"caption":"Dutch Health Store"},"image":{"@id":"https:\/\/dutchhealthstore.com\/de\/#\/schema\/logo\/image\/"},"sameAs":["https:\/\/www.instagram.com\/dutchhealthstore\/","https:\/\/www.facebook.com\/dutchhealthstore"]}]},"product_brand":"Living Libations","og_availability":"instock","product_availability":"instock","product_condition":"new"},"_links":{"self":[{"href":"https:\/\/dutchhealthstore.com\/de\/wp-json\/wp\/v2\/product\/108018","targetHints":{"allow":["GET"]}}],"collection":[{"href":"https:\/\/dutchhealthstore.com\/de\/wp-json\/wp\/v2\/product"}],"about":[{"href":"https:\/\/dutchhealthstore.com\/de\/wp-json\/wp\/v2\/types\/product"}],"replies":[{"embeddable":true,"href":"https:\/\/dutchhealthstore.com\/de\/wp-json\/wp\/v2\/comments?post=108018"}],"wp:featuredmedia":[{"embeddable":true,"href":"https:\/\/dutchhealthstore.com\/de\/wp-json\/wp\/v2\/media\/120138"}],"wp:attachment":[{"href":"https:\/\/dutchhealthstore.com\/de\/wp-json\/wp\/v2\/media?parent=108018"}],"wp:term":[{"taxonomy":"product_brand","embeddable":true,"href":"https:\/\/dutchhealthstore.com\/de\/wp-json\/wp\/v2\/product_brand?post=108018"},{"taxonomy":"product_cat","embeddable":true,"href":"https:\/\/dutchhealthstore.com\/de\/wp-json\/wp\/v2\/product_cat?post=108018"},{"taxonomy":"product_tag","embeddable":true,"href":"https:\/\/dutchhealthstore.com\/de\/wp-json\/wp\/v2\/product_tag?post=108018"}],"curies":[{"name":"wp","href":"https:\/\/api.w.org\/{rel}","templated":true}]}}