{"id":108010,"date":"2018-02-10T19:47:44","date_gmt":"2018-02-10T18:47:44","guid":{"rendered":"https:\/\/dutchhealthstore.com\/product\/frankincense-honey-mask\/"},"modified":"2026-03-05T10:47:42","modified_gmt":"2026-03-05T09:47:42","slug":"frankincense-honey-mask","status":"publish","type":"product","link":"https:\/\/dutchhealthstore.com\/de\/product\/frankincense-honey-mask\/","title":{"rendered":"Frankincense Honey Mask"},"content":{"rendered":"<p><img decoding=\"async\" class=\"size-full wp-image-69549 alignright\" src=\"https:\/\/dutchhealthstore.com\/wp-content\/uploads\/2019\/08\/NEW-Living-Libations-Logo.jpg\" alt=\"NEW - Living Libations - Logo\" width=\"175\" height=\"82\">Wenn der feuchtigkeitsspendende Honig mit dem st\u00e4rkenden Weihrauch, der beruhigenden Kap-Kamille und der regenerierenden Strohblume kombiniert wird, erhalten Sie einen Honig-Traum von perfekt glatter Haut. Lassen Sie sich von unserer <strong>Frankincense<\/strong> <strong>Honey<\/strong> <strong>Mask<\/strong> zu einer anmutigen Erneuerung Ihres Gesichts inspirieren.<\/p>\n<h3>Instruktion<\/h3>\n<p>Tragen Sie die n\u00e4hrende Maske sanft auf Gesicht und Hals auf und lassen Sie sie 5 bis 15 Minuten einwirken, bevor Sie die Haut absp\u00fclen. Kombinieren Sie es mit unserem Perfect Pearl Powder oder Rosemary Reset f\u00fcr eine noch st\u00e4rkere St\u00e4rkung und Peeling-Kraft.<\/p>\n<h3 class=\"yikes-custom-woo-tab-title yikes-custom-woo-tab-title-natural-organic-ingredients\">Nat\u00fcrliche\/Organische Inhaltsstoffe<\/h3>\n<p><strong>Wildbl\u00fctenhonig<\/strong> &#8211; Naturbelassener Wildbl\u00fctenhonig ist das Nonplusultra f\u00fcr die Hautpflege! Reinigender Honig ist ein k\u00f6stlicher Segen, der durch den gro\u00dfartigen Plan der pr\u00e4chtigen Honigbienen geschaffen wurde. Sie ist ber\u00fchmt f\u00fcr ihren s\u00fc\u00dfen Nektar und ein zeitloser Schatz mit wertvollen Vitaminen, Mineralien, Enzymen und Glukoseoxidase. Alte Kulturen verwendeten es als beruhigendes, sch\u00fctzendes Mittel f\u00fcr die Haut. Au\u00dferdem ist es ein starkes Feuchthaltemittel, das Feuchtigkeit aus der Luft aufnimmt und in die Haut einschleust.<\/p>\n<p><strong>Weihrauch<\/strong> <em>(Boswellia carterii)<\/em> &#8211; Weihrauch ist das Prunkst\u00fcck der Hautpflege! Es wird aus dem frischen, stark duftenden \u00d6l-Gummiharz des Lebensbaums hydrodestilliert. Dieses n\u00e4hrende \u00d6l wird seit der Antike wegen seiner feuchtigkeitsspendenden, faltengl\u00e4ttenden, narbenverbessernden und beruhigenden Wirkung auf die Haut verehrt.<\/p>\n<p><strong>Kapkamille<\/strong> <em>(Eriocephalus punctulatus)<\/em> &#8211; Die bezaubernde Kapkamille verstr\u00f6mt einen sch\u00f6nen, feinen fruchtig-blumigen Duft, der zu meinen Lieblingsaromen geh\u00f6rt. Die Kapkamille hat einen hohen Gehalt an seltenen, n\u00e4hrenden Ester- und Azulenverbindungen, die ihr einen blauen Farbton verleihen, der alle Arten von Hautungleichgewichten beruhigt. Diese verj\u00fcngende Essenz reguliert den Talg und mildert das Erscheinungsbild von Narben und Flecken.<\/p>\n<p><strong>Strohblume<\/strong> <em>(Helichrysum italicum)<\/em> &#8211; Die unverg\u00e4ngliche Strohblume ist hervorragend geeignet f\u00fcr alle Arten von Hautpflegeprodukten. Dieses duftende, blumige \u00d6l wird auf der Insel Korsika wild geerntet, wo die Blumen unter der Meeresbrise und der Sonne gedeihen. Die Blumen wachsen in einer H\u00f6he von 4.000 Fu\u00df auf den felsigen Klippen der Landschaft. Die Immortelle hilft, das Erscheinungsbild von Narben, Flecken, Melasma, R\u00f6tungen und F\u00e4ltchen zu mildern. Dieses facettenreiche \u00d6l ist auch emotional sehr anregend.<\/p>\n<p><img fetchpriority=\"high\" decoding=\"async\" class=\"size-full wp-image-31577 aligncenter\" src=\"https:\/\/dutchhealthstore.com\/wp-content\/uploads\/2018\/03\/organic_big.png\" alt=\"Organic and Natural - Living Libations\" width=\"623\" height=\"103\" srcset=\"https:\/\/dutchhealthstore.com\/wp-content\/uploads\/2018\/03\/organic_big.png 623w, https:\/\/dutchhealthstore.com\/wp-content\/uploads\/2018\/03\/organic_big-510x84.png 510w, https:\/\/dutchhealthstore.com\/wp-content\/uploads\/2018\/03\/organic_big-600x99.png 600w, https:\/\/dutchhealthstore.com\/wp-content\/uploads\/2018\/03\/organic_big-350x58.png 350w\" sizes=\"(max-width: 623px) 100vw, 623px\" \/><\/p>\n","protected":false},"excerpt":{"rendered":"<p><strong>Es lebe die reinigende Kraft des wilden, wundersamen Honigs!<\/strong><br \/>\nDer Wildbl\u00fctenhonig in unserer <strong>Frankincense<\/strong> <strong>Honey<\/strong> <strong>Mask<\/strong> wird aus dem Nektar gl\u00fccklicher Honigbienen gewonnen und versorgt die Haut mit Feuchtigkeit, macht sie geschmeidig und lindert R\u00f6tungen.<br \/>\nTauchen Sie das Gesicht in unseren Frankincense Honey zur Reinigung, lassen Sie ihn als Maske einwirken oder kombinieren Sie ihn mit unserem Perfect Pearl Powder oder der Rosmarin Reset Maske f\u00fcr ein noch \u00fcppigeres Peeling.<\/p>\n","protected":false},"featured_media":107444,"comment_status":"open","ping_status":"closed","template":"","meta":[],"product_brand":[],"product_cat":[14735,1227,5633,1958,1032,1493,1210,1119,5635,5638,4029,5101,5631,5634],"product_tag":[21361,9604,4659,9780],"class_list":{"0":"post-108010","1":"product","2":"type-product","3":"status-publish","4":"has-post-thumbnail","6":"product_cat-hautpflege","7":"product_cat-sensitive-skin-redness-de","8":"product_cat-sensitive-skin-redness-de-2","9":"product_cat-gesicht","10":"product_cat-kategorien","11":"product_cat-living-libations-deutschland","12":"product_cat-marken","13":"product_cat-masks-scrubs-exfoliators-de-5","14":"product_cat-masks-scrubs-exfoliators-de-6","15":"product_cat-masks-scrubs-exfoliators-de-4","16":"product_cat-masken","17":"product_cat-by-skin-type-de-4","18":"product_cat-dry-mature-ageing-skin-de","19":"product_cat-dry-mature-ageing-skin-de-2","20":"product_tag-face-care-de","21":"product_tag-hydrating-de","22":"product_tag-mask-de","23":"product_tag-revitalizing-de","24":"pa_brand-livinglibations-de","25":"pa_size-30-ml-de","26":"pa_size-50-ml-de","27":"pa_skincare-type-masks-scrubs-exfoliators-de","28":"pa_skintype-sensitive-skin-redness-de","29":"pa_skintype-dry-mature-ageing-skin-de","31":"first","32":"outofstock","33":"taxable","34":"shipping-taxable","35":"purchasable","36":"product-type-variable"},"bundled_by":[],"bundle_stock_status":"outofstock","bundle_stock_quantity":null,"bundle_virtual":false,"bundle_layout":"","bundle_add_to_cart_form_location":"","bundle_editable_in_cart":false,"bundle_sold_individually_context":"","bundle_item_grouping":"","bundle_min_size":"","bundle_max_size":"","bundle_price":[],"bundled_items":[],"bundle_sell_ids":[129708],"atum_controlled":true,"out_stock_date":null,"out_stock_threshold":null,"inheritable":true,"stock_on_hold":0,"sold_today":0,"sales_last_days":0,"out_stock_days":0,"lost_sales":0,"update_date":"2026-04-08T01:47:48","atum_locations":[],"atum_stock_status":"outofstock","restock_status":false,"low_stock_amount":"","sales_update_date":"2026-04-08T01:47:48","calc_backorders":null,"group_of_quantity":0,"min_quantity":0,"max_quantity":"","exclude_order_quantity_value_rules":"no","exclude_category_quantity_rules":"no","combine_variations":"no","yoast_head":"<!-- This site is optimized with the Yoast SEO Premium plugin v26.5 (Yoast SEO v26.5) - https:\/\/yoast.com\/wordpress\/plugins\/seo\/ -->\n<title>Frankincense Honey Mask | Living Libations<\/title>\n<meta name=\"description\" content=\"Der Wildblumenhonig in unserer Frankincense Honey Mask wird aus dem Nektar gl\u00fccklicher Honigbienen gewonnen und versorgt die Haut mit Feuchtigkeit und macht sie wunderbar geschmeidig.\" \/>\n<meta name=\"robots\" content=\"index, follow, max-snippet:-1, max-image-preview:large, max-video-preview:-1\" \/>\n<link rel=\"canonical\" href=\"https:\/\/dutchhealthstore.com\/de\/product\/frankincense-honey-mask\/\" \/>\n<meta property=\"og:locale\" content=\"de_DE\" \/>\n<meta property=\"og:type\" content=\"article\" \/>\n<meta property=\"og:title\" content=\"Frankincense Honey Mask - Dutch Health Store\" \/>\n<meta property=\"og:description\" content=\"Der Wildblumenhonig in unserer Frankincense Honey Mask wird aus dem Nektar gl\u00fccklicher Honigbienen gewonnen und versorgt die Haut mit Feuchtigkeit und macht sie wunderbar geschmeidig.\" \/>\n<meta property=\"og:url\" content=\"https:\/\/dutchhealthstore.com\/de\/product\/frankincense-honey-mask\/\" \/>\n<meta property=\"og:site_name\" content=\"Dutch Health Store\" \/>\n<meta property=\"article:publisher\" content=\"https:\/\/www.instagram.com\/dutchhealthstore\/\" \/>\n<meta property=\"article:modified_time\" content=\"2026-03-05T09:47:42+00:00\" \/>\n<meta property=\"og:image\" content=\"https:\/\/dutchhealthstore.com\/wp-content\/uploads\/2018\/02\/Living-libations-frankincense-honey-mask-e1592315810770.jpg\" \/>\n\t<meta property=\"og:image:width\" content=\"500\" \/>\n\t<meta property=\"og:image:height\" content=\"500\" \/>\n\t<meta property=\"og:image:type\" content=\"image\/jpeg\" \/>\n<meta name=\"twitter:card\" content=\"summary_large_image\" \/>\n<meta name=\"twitter:label1\" content=\"Verf\u00fcgbarkeit\" \/>\n\t<meta name=\"twitter:data1\" content=\"ausverkauft\" \/>\n<script type=\"application\/ld+json\" class=\"yoast-schema-graph\">{\"@context\":\"https:\/\/schema.org\",\"@graph\":[{\"@type\":\"WebPage\",\"@id\":\"https:\/\/dutchhealthstore.com\/de\/product\/frankincense-honey-mask\/\",\"url\":\"https:\/\/dutchhealthstore.com\/de\/product\/frankincense-honey-mask\/\",\"name\":\"Frankincense Honey Mask | Living Libations\",\"isPartOf\":{\"@id\":\"https:\/\/dutchhealthstore.com\/de\/#website\"},\"primaryImageOfPage\":{\"@id\":\"https:\/\/dutchhealthstore.com\/de\/product\/frankincense-honey-mask\/#primaryimage\"},\"image\":{\"@id\":\"https:\/\/dutchhealthstore.com\/de\/product\/frankincense-honey-mask\/#primaryimage\"},\"thumbnailUrl\":\"https:\/\/dutchhealthstore.com\/wp-content\/uploads\/2018\/02\/Living-libations-frankincense-honey-mask-e1592315810770.jpg\",\"datePublished\":\"2018-02-10T18:47:44+00:00\",\"dateModified\":\"2026-03-05T09:47:42+00:00\",\"description\":\"Der Wildblumenhonig in unserer Frankincense Honey Mask wird aus dem Nektar gl\u00fccklicher Honigbienen gewonnen und versorgt die Haut mit Feuchtigkeit und macht sie wunderbar geschmeidig.\",\"breadcrumb\":{\"@id\":\"https:\/\/dutchhealthstore.com\/de\/product\/frankincense-honey-mask\/#breadcrumb\"},\"inLanguage\":\"de\",\"potentialAction\":[{\"@type\":\"ReadAction\",\"target\":[\"https:\/\/dutchhealthstore.com\/de\/product\/frankincense-honey-mask\/\"]}]},{\"@type\":\"ImageObject\",\"inLanguage\":\"de\",\"@id\":\"https:\/\/dutchhealthstore.com\/de\/product\/frankincense-honey-mask\/#primaryimage\",\"url\":\"https:\/\/dutchhealthstore.com\/wp-content\/uploads\/2018\/02\/Living-libations-frankincense-honey-mask-e1592315810770.jpg\",\"contentUrl\":\"https:\/\/dutchhealthstore.com\/wp-content\/uploads\/2018\/02\/Living-libations-frankincense-honey-mask-e1592315810770.jpg\",\"width\":500,\"height\":500,\"caption\":\"Living libations frankincense honey mask\"},{\"@type\":\"BreadcrumbList\",\"@id\":\"https:\/\/dutchhealthstore.com\/de\/product\/frankincense-honey-mask\/#breadcrumb\",\"itemListElement\":[{\"@type\":\"ListItem\",\"position\":1,\"name\":\"Home\",\"item\":\"https:\/\/dutchhealthstore.com\/de\/\"},{\"@type\":\"ListItem\",\"position\":2,\"name\":\"Shop\",\"item\":\"https:\/\/dutchhealthstore.com\/de\/shop-2\/\"},{\"@type\":\"ListItem\",\"position\":3,\"name\":\"Frankincense Honey Mask\"}]},{\"@type\":\"WebSite\",\"@id\":\"https:\/\/dutchhealthstore.com\/de\/#website\",\"url\":\"https:\/\/dutchhealthstore.com\/de\/\",\"name\":\"Dutch Health Store\",\"description\":\"Enhance Your Beauty with Organic &amp; Natural Skincare\",\"publisher\":{\"@id\":\"https:\/\/dutchhealthstore.com\/de\/#organization\"},\"potentialAction\":[{\"@type\":\"SearchAction\",\"target\":{\"@type\":\"EntryPoint\",\"urlTemplate\":\"https:\/\/dutchhealthstore.com\/de\/?s={search_term_string}\"},\"query-input\":{\"@type\":\"PropertyValueSpecification\",\"valueRequired\":true,\"valueName\":\"search_term_string\"}}],\"inLanguage\":\"de\"},{\"@type\":\"Organization\",\"@id\":\"https:\/\/dutchhealthstore.com\/de\/#organization\",\"name\":\"Dutch Health Store\",\"url\":\"https:\/\/dutchhealthstore.com\/de\/\",\"logo\":{\"@type\":\"ImageObject\",\"inLanguage\":\"de\",\"@id\":\"https:\/\/dutchhealthstore.com\/de\/#\/schema\/logo\/image\/\",\"url\":\"https:\/\/dutchhealthstore.com\/wp-content\/uploads\/2020\/08\/logo-dutchhealthstore-jpg-e1599484957574.jpg\",\"contentUrl\":\"https:\/\/dutchhealthstore.com\/wp-content\/uploads\/2020\/08\/logo-dutchhealthstore-jpg-e1599484957574.jpg\",\"width\":400,\"height\":62,\"caption\":\"Dutch Health Store\"},\"image\":{\"@id\":\"https:\/\/dutchhealthstore.com\/de\/#\/schema\/logo\/image\/\"},\"sameAs\":[\"https:\/\/www.instagram.com\/dutchhealthstore\/\",\"https:\/\/www.facebook.com\/dutchhealthstore\"]}]}<\/script>\n<meta property=\"product:brand\" content=\"Living Libations\" \/>\n<meta property=\"og:availability\" content=\"out of stock\" \/>\n<meta property=\"product:availability\" content=\"out of stock\" \/>\n<meta property=\"product:condition\" content=\"new\" \/>\n<!-- \/ Yoast SEO Premium plugin. -->","yoast_head_json":{"title":"Frankincense Honey Mask | Living Libations","description":"Der Wildblumenhonig in unserer Frankincense Honey Mask wird aus dem Nektar gl\u00fccklicher Honigbienen gewonnen und versorgt die Haut mit Feuchtigkeit und macht sie wunderbar geschmeidig.","robots":{"index":"index","follow":"follow","max-snippet":"max-snippet:-1","max-image-preview":"max-image-preview:large","max-video-preview":"max-video-preview:-1"},"canonical":"https:\/\/dutchhealthstore.com\/de\/product\/frankincense-honey-mask\/","og_locale":"de_DE","og_type":"article","og_title":"Frankincense Honey Mask - Dutch Health Store","og_description":"Der Wildblumenhonig in unserer Frankincense Honey Mask wird aus dem Nektar gl\u00fccklicher Honigbienen gewonnen und versorgt die Haut mit Feuchtigkeit und macht sie wunderbar geschmeidig.","og_url":"https:\/\/dutchhealthstore.com\/de\/product\/frankincense-honey-mask\/","og_site_name":"Dutch Health Store","article_publisher":"https:\/\/www.instagram.com\/dutchhealthstore\/","article_modified_time":"2026-03-05T09:47:42+00:00","og_image":[{"width":500,"height":500,"url":"https:\/\/dutchhealthstore.com\/wp-content\/uploads\/2018\/02\/Living-libations-frankincense-honey-mask-e1592315810770.jpg","type":"image\/jpeg"}],"twitter_card":"summary_large_image","twitter_misc":{"Verf\u00fcgbarkeit":"ausverkauft"},"schema":{"@context":"https:\/\/schema.org","@graph":[{"@type":"WebPage","@id":"https:\/\/dutchhealthstore.com\/de\/product\/frankincense-honey-mask\/","url":"https:\/\/dutchhealthstore.com\/de\/product\/frankincense-honey-mask\/","name":"Frankincense Honey Mask | Living Libations","isPartOf":{"@id":"https:\/\/dutchhealthstore.com\/de\/#website"},"primaryImageOfPage":{"@id":"https:\/\/dutchhealthstore.com\/de\/product\/frankincense-honey-mask\/#primaryimage"},"image":{"@id":"https:\/\/dutchhealthstore.com\/de\/product\/frankincense-honey-mask\/#primaryimage"},"thumbnailUrl":"https:\/\/dutchhealthstore.com\/wp-content\/uploads\/2018\/02\/Living-libations-frankincense-honey-mask-e1592315810770.jpg","datePublished":"2018-02-10T18:47:44+00:00","dateModified":"2026-03-05T09:47:42+00:00","description":"Der Wildblumenhonig in unserer Frankincense Honey Mask wird aus dem Nektar gl\u00fccklicher Honigbienen gewonnen und versorgt die Haut mit Feuchtigkeit und macht sie wunderbar geschmeidig.","breadcrumb":{"@id":"https:\/\/dutchhealthstore.com\/de\/product\/frankincense-honey-mask\/#breadcrumb"},"inLanguage":"de","potentialAction":[{"@type":"ReadAction","target":["https:\/\/dutchhealthstore.com\/de\/product\/frankincense-honey-mask\/"]}]},{"@type":"ImageObject","inLanguage":"de","@id":"https:\/\/dutchhealthstore.com\/de\/product\/frankincense-honey-mask\/#primaryimage","url":"https:\/\/dutchhealthstore.com\/wp-content\/uploads\/2018\/02\/Living-libations-frankincense-honey-mask-e1592315810770.jpg","contentUrl":"https:\/\/dutchhealthstore.com\/wp-content\/uploads\/2018\/02\/Living-libations-frankincense-honey-mask-e1592315810770.jpg","width":500,"height":500,"caption":"Living libations frankincense honey mask"},{"@type":"BreadcrumbList","@id":"https:\/\/dutchhealthstore.com\/de\/product\/frankincense-honey-mask\/#breadcrumb","itemListElement":[{"@type":"ListItem","position":1,"name":"Home","item":"https:\/\/dutchhealthstore.com\/de\/"},{"@type":"ListItem","position":2,"name":"Shop","item":"https:\/\/dutchhealthstore.com\/de\/shop-2\/"},{"@type":"ListItem","position":3,"name":"Frankincense Honey Mask"}]},{"@type":"WebSite","@id":"https:\/\/dutchhealthstore.com\/de\/#website","url":"https:\/\/dutchhealthstore.com\/de\/","name":"Dutch Health Store","description":"Enhance Your Beauty with Organic &amp; Natural Skincare","publisher":{"@id":"https:\/\/dutchhealthstore.com\/de\/#organization"},"potentialAction":[{"@type":"SearchAction","target":{"@type":"EntryPoint","urlTemplate":"https:\/\/dutchhealthstore.com\/de\/?s={search_term_string}"},"query-input":{"@type":"PropertyValueSpecification","valueRequired":true,"valueName":"search_term_string"}}],"inLanguage":"de"},{"@type":"Organization","@id":"https:\/\/dutchhealthstore.com\/de\/#organization","name":"Dutch Health Store","url":"https:\/\/dutchhealthstore.com\/de\/","logo":{"@type":"ImageObject","inLanguage":"de","@id":"https:\/\/dutchhealthstore.com\/de\/#\/schema\/logo\/image\/","url":"https:\/\/dutchhealthstore.com\/wp-content\/uploads\/2020\/08\/logo-dutchhealthstore-jpg-e1599484957574.jpg","contentUrl":"https:\/\/dutchhealthstore.com\/wp-content\/uploads\/2020\/08\/logo-dutchhealthstore-jpg-e1599484957574.jpg","width":400,"height":62,"caption":"Dutch Health Store"},"image":{"@id":"https:\/\/dutchhealthstore.com\/de\/#\/schema\/logo\/image\/"},"sameAs":["https:\/\/www.instagram.com\/dutchhealthstore\/","https:\/\/www.facebook.com\/dutchhealthstore"]}]},"product_brand":"Living Libations","og_availability":"out of stock","product_availability":"out of stock","product_condition":"new"},"_links":{"self":[{"href":"https:\/\/dutchhealthstore.com\/de\/wp-json\/wp\/v2\/product\/108010","targetHints":{"allow":["GET"]}}],"collection":[{"href":"https:\/\/dutchhealthstore.com\/de\/wp-json\/wp\/v2\/product"}],"about":[{"href":"https:\/\/dutchhealthstore.com\/de\/wp-json\/wp\/v2\/types\/product"}],"replies":[{"embeddable":true,"href":"https:\/\/dutchhealthstore.com\/de\/wp-json\/wp\/v2\/comments?post=108010"}],"wp:featuredmedia":[{"embeddable":true,"href":"https:\/\/dutchhealthstore.com\/de\/wp-json\/wp\/v2\/media\/107444"}],"wp:attachment":[{"href":"https:\/\/dutchhealthstore.com\/de\/wp-json\/wp\/v2\/media?parent=108010"}],"wp:term":[{"taxonomy":"product_brand","embeddable":true,"href":"https:\/\/dutchhealthstore.com\/de\/wp-json\/wp\/v2\/product_brand?post=108010"},{"taxonomy":"product_cat","embeddable":true,"href":"https:\/\/dutchhealthstore.com\/de\/wp-json\/wp\/v2\/product_cat?post=108010"},{"taxonomy":"product_tag","embeddable":true,"href":"https:\/\/dutchhealthstore.com\/de\/wp-json\/wp\/v2\/product_tag?post=108010"}],"curies":[{"name":"wp","href":"https:\/\/api.w.org\/{rel}","templated":true}]}}